{"id":18158,"date":"2021-11-26T16:03:23","date_gmt":"2021-11-26T16:03:28","guid":{"rendered":"https:\/\/chemitool.com\/?post_type=product&#038;p=18158"},"modified":"2023-03-01T17:42:42","modified_gmt":"2023-03-01T17:42:42","slug":"mosquetao-de-aluminio","status":"publish","type":"product","link":"https:\/\/chemitool.com\/pt-pt\/products\/safety\/protecao-anti-queda\/mosquetao-de-aluminio\/","title":{"rendered":"MOSQUET\u00c3O DE ALUMINIO"},"content":{"rendered":"<ul>\n<li>For\u00e7a de rotura m\u00ednima: 23 kN<\/li>\n<li>Di\u00e2metro de abertura: 19 mm<\/li>\n<\/ul>\n<p><img class=\"alignnone size-full wp-image-31290\" src=\"https:\/\/chemitool.com\/wp-content\/uploads\/2023\/02\/Prancheta-183.png\" alt=\"\" width=\"106\" height=\"122\" \/><\/p>\n","protected":false},"excerpt":{"rendered":"<p><b class=\"sap-label\">SAP:<\/b> <span class=\"codesap-label\">CHS09030104<\/span><\/p>\n<p><em>Mosquet\u00e3o de Alum\u00ednio CHEMITOOL<\/em> em forma de p\u00eara com sistema de<br \/>desbloqueio autom\u00e1tico ideal para manipula\u00e7\u00f5es frequentes. Desbloqueio<br \/>r\u00e1pido em 2 etapas: empurrar e girar a bucha de seguran\u00e7a.<\/p>\n","protected":false},"featured_media":18161,"template":"","meta":[],"product_cat":[1453,3499],"product_tag":[],"yoast_head":"<!-- This site is optimized with the Yoast SEO plugin v17.4 - https:\/\/yoast.com\/wordpress\/plugins\/seo\/ -->\n<title>MOSQUET\u00c3O DE ALUMINIO &ndash; Chemitool<\/title>\n<meta name=\"description\" content=\"SAP: CHS09030104Mosquet\u00e3o de Alum\u00ednio CHEMITOOL em forma de p\u00eara com sistema dedesbloqueio autom\u00e1tico ideal para manipula\u00e7\u00f5es frequentes. Desbloqueior\u00e1pido em 2 etapas: empurrar e girar a bucha de seguran\u00e7a.\" \/>\n<meta name=\"robots\" content=\"index, follow, max-snippet:-1, max-image-preview:large, max-video-preview:-1\" \/>\n<link rel=\"canonical\" href=\"https:\/\/chemitool.com\/pt-pt\/products\/safety\/protecao-anti-queda\/mosquetao-de-aluminio\/\" \/>\n<meta property=\"og:locale\" content=\"pt_PT\" \/>\n<meta property=\"og:type\" content=\"article\" \/>\n<meta property=\"og:title\" content=\"MOSQUET\u00c3O DE ALUMINIO &ndash; Chemitool\" \/>\n<meta property=\"og:description\" content=\"SAP: CHS09030104Mosquet\u00e3o de Alum\u00ednio CHEMITOOL em forma de p\u00eara com sistema dedesbloqueio autom\u00e1tico ideal para manipula\u00e7\u00f5es frequentes. Desbloqueior\u00e1pido em 2 etapas: empurrar e girar a bucha de seguran\u00e7a.\" \/>\n<meta property=\"og:url\" content=\"https:\/\/chemitool.com\/pt-pt\/products\/safety\/protecao-anti-queda\/mosquetao-de-aluminio\/\" \/>\n<meta property=\"og:site_name\" content=\"Chemitool\" \/>\n<meta property=\"article:publisher\" content=\"https:\/\/www.facebook.com\/chemitool\" \/>\n<meta property=\"article:modified_time\" content=\"2023-03-01T17:42:42+00:00\" \/>\n<meta property=\"og:image\" content=\"https:\/\/chemitool.com\/wp-content\/uploads\/2021\/11\/CHS09030104.png\" \/>\n\t<meta property=\"og:image:width\" content=\"800\" \/>\n\t<meta property=\"og:image:height\" content=\"800\" \/>\n<meta name=\"twitter:card\" content=\"summary_large_image\" \/>\n<meta name=\"twitter:label1\" content=\"Tempo estimado de leitura\" \/>\n\t<meta name=\"twitter:data1\" content=\"1 minuto\" \/>\n<script type=\"application\/ld+json\" class=\"yoast-schema-graph\">{\"@context\":\"https:\/\/schema.org\",\"@graph\":[{\"@type\":\"Organization\",\"@id\":\"https:\/\/chemitool.com\/#organization\",\"name\":\"Chemitool\",\"url\":\"https:\/\/chemitool.com\/\",\"sameAs\":[\"https:\/\/www.facebook.com\/chemitool\",\"https:\/\/www.instagram.com\/chemitool\/\"],\"logo\":{\"@type\":\"ImageObject\",\"@id\":\"https:\/\/chemitool.com\/#logo\",\"inLanguage\":\"pt-PT\",\"url\":\"https:\/\/chemitool.com\/wp-content\/uploads\/2020\/10\/logo_chemitool.png\",\"contentUrl\":\"https:\/\/chemitool.com\/wp-content\/uploads\/2020\/10\/logo_chemitool.png\",\"width\":400,\"height\":400,\"caption\":\"Chemitool\"},\"image\":{\"@id\":\"https:\/\/chemitool.com\/#logo\"}},{\"@type\":\"WebSite\",\"@id\":\"https:\/\/chemitool.com\/#website\",\"url\":\"https:\/\/chemitool.com\/\",\"name\":\"Chemitool\",\"description\":\"Chemitool - hardware and tools\",\"publisher\":{\"@id\":\"https:\/\/chemitool.com\/#organization\"},\"potentialAction\":[{\"@type\":\"SearchAction\",\"target\":{\"@type\":\"EntryPoint\",\"urlTemplate\":\"https:\/\/chemitool.com\/?s={search_term_string}\"},\"query-input\":\"required name=search_term_string\"}],\"inLanguage\":\"pt-PT\"},{\"@type\":\"ImageObject\",\"@id\":\"https:\/\/chemitool.com\/pt-pt\/products\/safety\/protecao-anti-queda\/mosquetao-de-aluminio\/#primaryimage\",\"inLanguage\":\"pt-PT\",\"url\":\"https:\/\/chemitool.com\/wp-content\/uploads\/2021\/11\/CHS09030104.png\",\"contentUrl\":\"https:\/\/chemitool.com\/wp-content\/uploads\/2021\/11\/CHS09030104.png\",\"width\":800,\"height\":800},{\"@type\":\"WebPage\",\"@id\":\"https:\/\/chemitool.com\/pt-pt\/products\/safety\/protecao-anti-queda\/mosquetao-de-aluminio\/#webpage\",\"url\":\"https:\/\/chemitool.com\/pt-pt\/products\/safety\/protecao-anti-queda\/mosquetao-de-aluminio\/\",\"name\":\"MOSQUET\\u00c3O DE ALUMINIO &ndash; Chemitool\",\"isPartOf\":{\"@id\":\"https:\/\/chemitool.com\/#website\"},\"primaryImageOfPage\":{\"@id\":\"https:\/\/chemitool.com\/pt-pt\/products\/safety\/protecao-anti-queda\/mosquetao-de-aluminio\/#primaryimage\"},\"datePublished\":\"2021-11-26T16:03:28+00:00\",\"dateModified\":\"2023-03-01T17:42:42+00:00\",\"description\":\"SAP: CHS09030104Mosquet\\u00e3o de Alum\\u00ednio CHEMITOOL em forma de p\\u00eara com sistema dedesbloqueio autom\\u00e1tico ideal para manipula\\u00e7\\u00f5es frequentes. Desbloqueior\\u00e1pido em 2 etapas: empurrar e girar a bucha de seguran\\u00e7a.\",\"breadcrumb\":{\"@id\":\"https:\/\/chemitool.com\/pt-pt\/products\/safety\/protecao-anti-queda\/mosquetao-de-aluminio\/#breadcrumb\"},\"inLanguage\":\"pt-PT\",\"potentialAction\":[{\"@type\":\"ReadAction\",\"target\":[\"https:\/\/chemitool.com\/pt-pt\/products\/safety\/protecao-anti-queda\/mosquetao-de-aluminio\/\"]}]},{\"@type\":\"BreadcrumbList\",\"@id\":\"https:\/\/chemitool.com\/pt-pt\/products\/safety\/protecao-anti-queda\/mosquetao-de-aluminio\/#breadcrumb\",\"itemListElement\":[{\"@type\":\"ListItem\",\"position\":1,\"name\":\"Home\",\"item\":\"https:\/\/chemitool.com\/pt-pt\/\"},{\"@type\":\"ListItem\",\"position\":2,\"name\":\"Produtos\",\"item\":\"https:\/\/chemitool.com\/pt-pt\/produtos\/\"},{\"@type\":\"ListItem\",\"position\":3,\"name\":\"Safety\",\"item\":\"https:\/\/chemitool.com\/pt-pt\/categoria-produto\/safety\/\"},{\"@type\":\"ListItem\",\"position\":4,\"name\":\"Prote\\u00e7\\u00e3o Antiqueda\",\"item\":\"https:\/\/chemitool.com\/pt-pt\/categoria-produto\/safety\/protecao-anti-queda\/\"},{\"@type\":\"ListItem\",\"position\":5,\"name\":\"MOSQUET\\u00c3O DE ALUMINIO\"}]}]}<\/script>\n<!-- \/ Yoast SEO plugin. -->","yoast_head_json":{"title":"MOSQUET\u00c3O DE ALUMINIO &ndash; Chemitool","description":"SAP: CHS09030104Mosquet\u00e3o de Alum\u00ednio CHEMITOOL em forma de p\u00eara com sistema dedesbloqueio autom\u00e1tico ideal para manipula\u00e7\u00f5es frequentes. Desbloqueior\u00e1pido em 2 etapas: empurrar e girar a bucha de seguran\u00e7a.","robots":{"index":"index","follow":"follow","max-snippet":"max-snippet:-1","max-image-preview":"max-image-preview:large","max-video-preview":"max-video-preview:-1"},"canonical":"https:\/\/chemitool.com\/pt-pt\/products\/safety\/protecao-anti-queda\/mosquetao-de-aluminio\/","og_locale":"pt_PT","og_type":"article","og_title":"MOSQUET\u00c3O DE ALUMINIO &ndash; Chemitool","og_description":"SAP: CHS09030104Mosquet\u00e3o de Alum\u00ednio CHEMITOOL em forma de p\u00eara com sistema dedesbloqueio autom\u00e1tico ideal para manipula\u00e7\u00f5es frequentes. Desbloqueior\u00e1pido em 2 etapas: empurrar e girar a bucha de seguran\u00e7a.","og_url":"https:\/\/chemitool.com\/pt-pt\/products\/safety\/protecao-anti-queda\/mosquetao-de-aluminio\/","og_site_name":"Chemitool","article_publisher":"https:\/\/www.facebook.com\/chemitool","article_modified_time":"2023-03-01T17:42:42+00:00","og_image":[{"width":800,"height":800,"url":"https:\/\/chemitool.com\/wp-content\/uploads\/2021\/11\/CHS09030104.png","type":"image\/png"}],"twitter_card":"summary_large_image","twitter_misc":{"Tempo estimado de leitura":"1 minuto"},"schema":{"@context":"https:\/\/schema.org","@graph":[{"@type":"Organization","@id":"https:\/\/chemitool.com\/#organization","name":"Chemitool","url":"https:\/\/chemitool.com\/","sameAs":["https:\/\/www.facebook.com\/chemitool","https:\/\/www.instagram.com\/chemitool\/"],"logo":{"@type":"ImageObject","@id":"https:\/\/chemitool.com\/#logo","inLanguage":"pt-PT","url":"https:\/\/chemitool.com\/wp-content\/uploads\/2020\/10\/logo_chemitool.png","contentUrl":"https:\/\/chemitool.com\/wp-content\/uploads\/2020\/10\/logo_chemitool.png","width":400,"height":400,"caption":"Chemitool"},"image":{"@id":"https:\/\/chemitool.com\/#logo"}},{"@type":"WebSite","@id":"https:\/\/chemitool.com\/#website","url":"https:\/\/chemitool.com\/","name":"Chemitool","description":"Chemitool - hardware and tools","publisher":{"@id":"https:\/\/chemitool.com\/#organization"},"potentialAction":[{"@type":"SearchAction","target":{"@type":"EntryPoint","urlTemplate":"https:\/\/chemitool.com\/?s={search_term_string}"},"query-input":"required name=search_term_string"}],"inLanguage":"pt-PT"},{"@type":"ImageObject","@id":"https:\/\/chemitool.com\/pt-pt\/products\/safety\/protecao-anti-queda\/mosquetao-de-aluminio\/#primaryimage","inLanguage":"pt-PT","url":"https:\/\/chemitool.com\/wp-content\/uploads\/2021\/11\/CHS09030104.png","contentUrl":"https:\/\/chemitool.com\/wp-content\/uploads\/2021\/11\/CHS09030104.png","width":800,"height":800},{"@type":"WebPage","@id":"https:\/\/chemitool.com\/pt-pt\/products\/safety\/protecao-anti-queda\/mosquetao-de-aluminio\/#webpage","url":"https:\/\/chemitool.com\/pt-pt\/products\/safety\/protecao-anti-queda\/mosquetao-de-aluminio\/","name":"MOSQUET\u00c3O DE ALUMINIO &ndash; Chemitool","isPartOf":{"@id":"https:\/\/chemitool.com\/#website"},"primaryImageOfPage":{"@id":"https:\/\/chemitool.com\/pt-pt\/products\/safety\/protecao-anti-queda\/mosquetao-de-aluminio\/#primaryimage"},"datePublished":"2021-11-26T16:03:28+00:00","dateModified":"2023-03-01T17:42:42+00:00","description":"SAP: CHS09030104Mosquet\u00e3o de Alum\u00ednio CHEMITOOL em forma de p\u00eara com sistema dedesbloqueio autom\u00e1tico ideal para manipula\u00e7\u00f5es frequentes. Desbloqueior\u00e1pido em 2 etapas: empurrar e girar a bucha de seguran\u00e7a.","breadcrumb":{"@id":"https:\/\/chemitool.com\/pt-pt\/products\/safety\/protecao-anti-queda\/mosquetao-de-aluminio\/#breadcrumb"},"inLanguage":"pt-PT","potentialAction":[{"@type":"ReadAction","target":["https:\/\/chemitool.com\/pt-pt\/products\/safety\/protecao-anti-queda\/mosquetao-de-aluminio\/"]}]},{"@type":"BreadcrumbList","@id":"https:\/\/chemitool.com\/pt-pt\/products\/safety\/protecao-anti-queda\/mosquetao-de-aluminio\/#breadcrumb","itemListElement":[{"@type":"ListItem","position":1,"name":"Home","item":"https:\/\/chemitool.com\/pt-pt\/"},{"@type":"ListItem","position":2,"name":"Produtos","item":"https:\/\/chemitool.com\/pt-pt\/produtos\/"},{"@type":"ListItem","position":3,"name":"Safety","item":"https:\/\/chemitool.com\/pt-pt\/categoria-produto\/safety\/"},{"@type":"ListItem","position":4,"name":"Prote\u00e7\u00e3o Antiqueda","item":"https:\/\/chemitool.com\/pt-pt\/categoria-produto\/safety\/protecao-anti-queda\/"},{"@type":"ListItem","position":5,"name":"MOSQUET\u00c3O DE ALUMINIO"}]}]}},"_links":{"self":[{"href":"https:\/\/chemitool.com\/pt-pt\/wp-json\/wp\/v2\/product\/18158"}],"collection":[{"href":"https:\/\/chemitool.com\/pt-pt\/wp-json\/wp\/v2\/product"}],"about":[{"href":"https:\/\/chemitool.com\/pt-pt\/wp-json\/wp\/v2\/types\/product"}],"wp:featuredmedia":[{"embeddable":true,"href":"https:\/\/chemitool.com\/pt-pt\/wp-json\/wp\/v2\/media\/18161"}],"wp:attachment":[{"href":"https:\/\/chemitool.com\/pt-pt\/wp-json\/wp\/v2\/media?parent=18158"}],"wp:term":[{"taxonomy":"product_cat","embeddable":true,"href":"https:\/\/chemitool.com\/pt-pt\/wp-json\/wp\/v2\/product_cat?post=18158"},{"taxonomy":"product_tag","embeddable":true,"href":"https:\/\/chemitool.com\/pt-pt\/wp-json\/wp\/v2\/product_tag?post=18158"}],"curies":[{"name":"wp","href":"https:\/\/api.w.org\/{rel}","templated":true}]}}