{"id":18119,"date":"2021-11-26T14:24:26","date_gmt":"2021-11-26T14:24:32","guid":{"rendered":"https:\/\/chemitool.com\/?post_type=product&#038;p=18119"},"modified":"2023-03-01T17:48:42","modified_gmt":"2023-03-01T17:48:42","slug":"mosquetao-em-aco","status":"publish","type":"product","link":"https:\/\/chemitool.com\/pt-pt\/products\/safety\/protecao-anti-queda\/mosquetao-em-aco\/","title":{"rendered":"MOSQUET\u00c3O EM A\u00c7O"},"content":{"rendered":"<ul>\n<li>For\u00e7a de rotura m\u00ednima: 25 kN<\/li>\n<li>Di\u00e2metro de abertura: 16 mm<\/li>\n<\/ul>\n<p><img class=\"alignnone size-full wp-image-31290\" src=\"https:\/\/chemitool.com\/wp-content\/uploads\/2023\/02\/Prancheta-183.png\" alt=\"\" width=\"106\" height=\"122\" \/><\/p>\n","protected":false},"excerpt":{"rendered":"<p><b class=\"sap-label\">SAP:<\/b> <span class=\"codesap-label\">CHS09030103<\/span><\/p>\n<p><em>Mosquet\u00e3o em a\u00e7o CHEMITOOL <\/em>com fecho autom\u00e1tico por a\u00e7\u00e3o da mola interna e travamento manual atrav\u00e9s de uma porca cil\u00edndrica. Com este sistema evita-se totalmente o desbloqueio involunt\u00e1rio ou acidental do mosquet\u00e3o. Todos os componentes do mosquet\u00e3o, corpo, pe\u00e7a de fecho, porca, mola, linguetas e pinos, s\u00e3o de a\u00e7o com excelentes propriedades mec\u00e2nicas. Adequado para uso em atmosferas potencialmente explosivas (ATEX).<\/p>\n","protected":false},"featured_media":22280,"template":"","meta":[],"product_cat":[1453,3499],"product_tag":[],"yoast_head":"<!-- This site is optimized with the Yoast SEO plugin v17.4 - https:\/\/yoast.com\/wordpress\/plugins\/seo\/ -->\n<title>MOSQUET\u00c3O EM A\u00c7O &ndash; Chemitool<\/title>\n<meta name=\"description\" content=\"SAP: CHS09030103  Mosquet\u00e3o em a\u00e7o CHEMITOOL com fecho autom\u00e1tico por a\u00e7\u00e3o da mola interna e travamento manual atrav\u00e9s de uma porca cil\u00edndrica. Com este sistema evita-se totalmente o desbloqueio involunt\u00e1rio ou acidental do mosquet\u00e3o. Todos os componentes do mosquet\u00e3o, corpo, pe\u00e7a de fecho, porca, mola, linguetas e pinos, s\u00e3o de a\u00e7o com excelentes propriedades mec\u00e2nicas. Adequado para uso em atmosferas potencialmente explosivas (ATEX).\" \/>\n<meta name=\"robots\" content=\"index, follow, max-snippet:-1, max-image-preview:large, max-video-preview:-1\" \/>\n<link rel=\"canonical\" href=\"https:\/\/chemitool.com\/pt-pt\/products\/safety\/protecao-anti-queda\/mosquetao-em-aco\/\" \/>\n<meta property=\"og:locale\" content=\"pt_PT\" \/>\n<meta property=\"og:type\" content=\"article\" \/>\n<meta property=\"og:title\" content=\"MOSQUET\u00c3O EM A\u00c7O &ndash; Chemitool\" \/>\n<meta property=\"og:description\" content=\"SAP: CHS09030103  Mosquet\u00e3o em a\u00e7o CHEMITOOL com fecho autom\u00e1tico por a\u00e7\u00e3o da mola interna e travamento manual atrav\u00e9s de uma porca cil\u00edndrica. Com este sistema evita-se totalmente o desbloqueio involunt\u00e1rio ou acidental do mosquet\u00e3o. Todos os componentes do mosquet\u00e3o, corpo, pe\u00e7a de fecho, porca, mola, linguetas e pinos, s\u00e3o de a\u00e7o com excelentes propriedades mec\u00e2nicas. Adequado para uso em atmosferas potencialmente explosivas (ATEX).\" \/>\n<meta property=\"og:url\" content=\"https:\/\/chemitool.com\/pt-pt\/products\/safety\/protecao-anti-queda\/mosquetao-em-aco\/\" \/>\n<meta property=\"og:site_name\" content=\"Chemitool\" \/>\n<meta property=\"article:publisher\" content=\"https:\/\/www.facebook.com\/chemitool\" \/>\n<meta property=\"article:modified_time\" content=\"2023-03-01T17:48:42+00:00\" \/>\n<meta property=\"og:image\" content=\"https:\/\/chemitool.com\/wp-content\/uploads\/2021\/11\/CHS09030103-1.png\" \/>\n\t<meta property=\"og:image:width\" content=\"800\" \/>\n\t<meta property=\"og:image:height\" content=\"800\" \/>\n<meta name=\"twitter:card\" content=\"summary_large_image\" \/>\n<meta name=\"twitter:label1\" content=\"Tempo estimado de leitura\" \/>\n\t<meta name=\"twitter:data1\" content=\"1 minuto\" \/>\n<script type=\"application\/ld+json\" class=\"yoast-schema-graph\">{\"@context\":\"https:\/\/schema.org\",\"@graph\":[{\"@type\":\"Organization\",\"@id\":\"https:\/\/chemitool.com\/#organization\",\"name\":\"Chemitool\",\"url\":\"https:\/\/chemitool.com\/\",\"sameAs\":[\"https:\/\/www.facebook.com\/chemitool\",\"https:\/\/www.instagram.com\/chemitool\/\"],\"logo\":{\"@type\":\"ImageObject\",\"@id\":\"https:\/\/chemitool.com\/#logo\",\"inLanguage\":\"pt-PT\",\"url\":\"https:\/\/chemitool.com\/wp-content\/uploads\/2020\/10\/logo_chemitool.png\",\"contentUrl\":\"https:\/\/chemitool.com\/wp-content\/uploads\/2020\/10\/logo_chemitool.png\",\"width\":400,\"height\":400,\"caption\":\"Chemitool\"},\"image\":{\"@id\":\"https:\/\/chemitool.com\/#logo\"}},{\"@type\":\"WebSite\",\"@id\":\"https:\/\/chemitool.com\/#website\",\"url\":\"https:\/\/chemitool.com\/\",\"name\":\"Chemitool\",\"description\":\"Chemitool - hardware and tools\",\"publisher\":{\"@id\":\"https:\/\/chemitool.com\/#organization\"},\"potentialAction\":[{\"@type\":\"SearchAction\",\"target\":{\"@type\":\"EntryPoint\",\"urlTemplate\":\"https:\/\/chemitool.com\/?s={search_term_string}\"},\"query-input\":\"required name=search_term_string\"}],\"inLanguage\":\"pt-PT\"},{\"@type\":\"ImageObject\",\"@id\":\"https:\/\/chemitool.com\/pt-pt\/products\/safety\/protecao-anti-queda\/mosquetao-em-aco\/#primaryimage\",\"inLanguage\":\"pt-PT\",\"url\":\"https:\/\/chemitool.com\/wp-content\/uploads\/2021\/11\/CHS09030103-1.png\",\"contentUrl\":\"https:\/\/chemitool.com\/wp-content\/uploads\/2021\/11\/CHS09030103-1.png\",\"width\":800,\"height\":800},{\"@type\":\"WebPage\",\"@id\":\"https:\/\/chemitool.com\/pt-pt\/products\/safety\/protecao-anti-queda\/mosquetao-em-aco\/#webpage\",\"url\":\"https:\/\/chemitool.com\/pt-pt\/products\/safety\/protecao-anti-queda\/mosquetao-em-aco\/\",\"name\":\"MOSQUET\\u00c3O EM A\\u00c7O &ndash; Chemitool\",\"isPartOf\":{\"@id\":\"https:\/\/chemitool.com\/#website\"},\"primaryImageOfPage\":{\"@id\":\"https:\/\/chemitool.com\/pt-pt\/products\/safety\/protecao-anti-queda\/mosquetao-em-aco\/#primaryimage\"},\"datePublished\":\"2021-11-26T14:24:32+00:00\",\"dateModified\":\"2023-03-01T17:48:42+00:00\",\"description\":\"SAP: CHS09030103 Mosquet\\u00e3o em a\\u00e7o CHEMITOOL com fecho autom\\u00e1tico por a\\u00e7\\u00e3o da mola interna e travamento manual atrav\\u00e9s de uma porca cil\\u00edndrica. Com este sistema evita-se totalmente o desbloqueio involunt\\u00e1rio ou acidental do mosquet\\u00e3o. Todos os componentes do mosquet\\u00e3o, corpo, pe\\u00e7a de fecho, porca, mola, linguetas e pinos, s\\u00e3o de a\\u00e7o com excelentes propriedades mec\\u00e2nicas. Adequado para uso em atmosferas potencialmente explosivas (ATEX).\",\"breadcrumb\":{\"@id\":\"https:\/\/chemitool.com\/pt-pt\/products\/safety\/protecao-anti-queda\/mosquetao-em-aco\/#breadcrumb\"},\"inLanguage\":\"pt-PT\",\"potentialAction\":[{\"@type\":\"ReadAction\",\"target\":[\"https:\/\/chemitool.com\/pt-pt\/products\/safety\/protecao-anti-queda\/mosquetao-em-aco\/\"]}]},{\"@type\":\"BreadcrumbList\",\"@id\":\"https:\/\/chemitool.com\/pt-pt\/products\/safety\/protecao-anti-queda\/mosquetao-em-aco\/#breadcrumb\",\"itemListElement\":[{\"@type\":\"ListItem\",\"position\":1,\"name\":\"Home\",\"item\":\"https:\/\/chemitool.com\/pt-pt\/\"},{\"@type\":\"ListItem\",\"position\":2,\"name\":\"Produtos\",\"item\":\"https:\/\/chemitool.com\/pt-pt\/produtos\/\"},{\"@type\":\"ListItem\",\"position\":3,\"name\":\"Safety\",\"item\":\"https:\/\/chemitool.com\/pt-pt\/categoria-produto\/safety\/\"},{\"@type\":\"ListItem\",\"position\":4,\"name\":\"Prote\\u00e7\\u00e3o Antiqueda\",\"item\":\"https:\/\/chemitool.com\/pt-pt\/categoria-produto\/safety\/protecao-anti-queda\/\"},{\"@type\":\"ListItem\",\"position\":5,\"name\":\"MOSQUET\\u00c3O EM A\\u00c7O\"}]}]}<\/script>\n<!-- \/ Yoast SEO plugin. -->","yoast_head_json":{"title":"MOSQUET\u00c3O EM A\u00c7O &ndash; Chemitool","description":"SAP: CHS09030103  Mosquet\u00e3o em a\u00e7o CHEMITOOL com fecho autom\u00e1tico por a\u00e7\u00e3o da mola interna e travamento manual atrav\u00e9s de uma porca cil\u00edndrica. Com este sistema evita-se totalmente o desbloqueio involunt\u00e1rio ou acidental do mosquet\u00e3o. Todos os componentes do mosquet\u00e3o, corpo, pe\u00e7a de fecho, porca, mola, linguetas e pinos, s\u00e3o de a\u00e7o com excelentes propriedades mec\u00e2nicas. Adequado para uso em atmosferas potencialmente explosivas (ATEX).","robots":{"index":"index","follow":"follow","max-snippet":"max-snippet:-1","max-image-preview":"max-image-preview:large","max-video-preview":"max-video-preview:-1"},"canonical":"https:\/\/chemitool.com\/pt-pt\/products\/safety\/protecao-anti-queda\/mosquetao-em-aco\/","og_locale":"pt_PT","og_type":"article","og_title":"MOSQUET\u00c3O EM A\u00c7O &ndash; Chemitool","og_description":"SAP: CHS09030103  Mosquet\u00e3o em a\u00e7o CHEMITOOL com fecho autom\u00e1tico por a\u00e7\u00e3o da mola interna e travamento manual atrav\u00e9s de uma porca cil\u00edndrica. Com este sistema evita-se totalmente o desbloqueio involunt\u00e1rio ou acidental do mosquet\u00e3o. Todos os componentes do mosquet\u00e3o, corpo, pe\u00e7a de fecho, porca, mola, linguetas e pinos, s\u00e3o de a\u00e7o com excelentes propriedades mec\u00e2nicas. Adequado para uso em atmosferas potencialmente explosivas (ATEX).","og_url":"https:\/\/chemitool.com\/pt-pt\/products\/safety\/protecao-anti-queda\/mosquetao-em-aco\/","og_site_name":"Chemitool","article_publisher":"https:\/\/www.facebook.com\/chemitool","article_modified_time":"2023-03-01T17:48:42+00:00","og_image":[{"width":800,"height":800,"url":"https:\/\/chemitool.com\/wp-content\/uploads\/2021\/11\/CHS09030103-1.png","type":"image\/png"}],"twitter_card":"summary_large_image","twitter_misc":{"Tempo estimado de leitura":"1 minuto"},"schema":{"@context":"https:\/\/schema.org","@graph":[{"@type":"Organization","@id":"https:\/\/chemitool.com\/#organization","name":"Chemitool","url":"https:\/\/chemitool.com\/","sameAs":["https:\/\/www.facebook.com\/chemitool","https:\/\/www.instagram.com\/chemitool\/"],"logo":{"@type":"ImageObject","@id":"https:\/\/chemitool.com\/#logo","inLanguage":"pt-PT","url":"https:\/\/chemitool.com\/wp-content\/uploads\/2020\/10\/logo_chemitool.png","contentUrl":"https:\/\/chemitool.com\/wp-content\/uploads\/2020\/10\/logo_chemitool.png","width":400,"height":400,"caption":"Chemitool"},"image":{"@id":"https:\/\/chemitool.com\/#logo"}},{"@type":"WebSite","@id":"https:\/\/chemitool.com\/#website","url":"https:\/\/chemitool.com\/","name":"Chemitool","description":"Chemitool - hardware and tools","publisher":{"@id":"https:\/\/chemitool.com\/#organization"},"potentialAction":[{"@type":"SearchAction","target":{"@type":"EntryPoint","urlTemplate":"https:\/\/chemitool.com\/?s={search_term_string}"},"query-input":"required name=search_term_string"}],"inLanguage":"pt-PT"},{"@type":"ImageObject","@id":"https:\/\/chemitool.com\/pt-pt\/products\/safety\/protecao-anti-queda\/mosquetao-em-aco\/#primaryimage","inLanguage":"pt-PT","url":"https:\/\/chemitool.com\/wp-content\/uploads\/2021\/11\/CHS09030103-1.png","contentUrl":"https:\/\/chemitool.com\/wp-content\/uploads\/2021\/11\/CHS09030103-1.png","width":800,"height":800},{"@type":"WebPage","@id":"https:\/\/chemitool.com\/pt-pt\/products\/safety\/protecao-anti-queda\/mosquetao-em-aco\/#webpage","url":"https:\/\/chemitool.com\/pt-pt\/products\/safety\/protecao-anti-queda\/mosquetao-em-aco\/","name":"MOSQUET\u00c3O EM A\u00c7O &ndash; Chemitool","isPartOf":{"@id":"https:\/\/chemitool.com\/#website"},"primaryImageOfPage":{"@id":"https:\/\/chemitool.com\/pt-pt\/products\/safety\/protecao-anti-queda\/mosquetao-em-aco\/#primaryimage"},"datePublished":"2021-11-26T14:24:32+00:00","dateModified":"2023-03-01T17:48:42+00:00","description":"SAP: CHS09030103 Mosquet\u00e3o em a\u00e7o CHEMITOOL com fecho autom\u00e1tico por a\u00e7\u00e3o da mola interna e travamento manual atrav\u00e9s de uma porca cil\u00edndrica. Com este sistema evita-se totalmente o desbloqueio involunt\u00e1rio ou acidental do mosquet\u00e3o. Todos os componentes do mosquet\u00e3o, corpo, pe\u00e7a de fecho, porca, mola, linguetas e pinos, s\u00e3o de a\u00e7o com excelentes propriedades mec\u00e2nicas. Adequado para uso em atmosferas potencialmente explosivas (ATEX).","breadcrumb":{"@id":"https:\/\/chemitool.com\/pt-pt\/products\/safety\/protecao-anti-queda\/mosquetao-em-aco\/#breadcrumb"},"inLanguage":"pt-PT","potentialAction":[{"@type":"ReadAction","target":["https:\/\/chemitool.com\/pt-pt\/products\/safety\/protecao-anti-queda\/mosquetao-em-aco\/"]}]},{"@type":"BreadcrumbList","@id":"https:\/\/chemitool.com\/pt-pt\/products\/safety\/protecao-anti-queda\/mosquetao-em-aco\/#breadcrumb","itemListElement":[{"@type":"ListItem","position":1,"name":"Home","item":"https:\/\/chemitool.com\/pt-pt\/"},{"@type":"ListItem","position":2,"name":"Produtos","item":"https:\/\/chemitool.com\/pt-pt\/produtos\/"},{"@type":"ListItem","position":3,"name":"Safety","item":"https:\/\/chemitool.com\/pt-pt\/categoria-produto\/safety\/"},{"@type":"ListItem","position":4,"name":"Prote\u00e7\u00e3o Antiqueda","item":"https:\/\/chemitool.com\/pt-pt\/categoria-produto\/safety\/protecao-anti-queda\/"},{"@type":"ListItem","position":5,"name":"MOSQUET\u00c3O EM A\u00c7O"}]}]}},"_links":{"self":[{"href":"https:\/\/chemitool.com\/pt-pt\/wp-json\/wp\/v2\/product\/18119"}],"collection":[{"href":"https:\/\/chemitool.com\/pt-pt\/wp-json\/wp\/v2\/product"}],"about":[{"href":"https:\/\/chemitool.com\/pt-pt\/wp-json\/wp\/v2\/types\/product"}],"wp:featuredmedia":[{"embeddable":true,"href":"https:\/\/chemitool.com\/pt-pt\/wp-json\/wp\/v2\/media\/22280"}],"wp:attachment":[{"href":"https:\/\/chemitool.com\/pt-pt\/wp-json\/wp\/v2\/media?parent=18119"}],"wp:term":[{"taxonomy":"product_cat","embeddable":true,"href":"https:\/\/chemitool.com\/pt-pt\/wp-json\/wp\/v2\/product_cat?post=18119"},{"taxonomy":"product_tag","embeddable":true,"href":"https:\/\/chemitool.com\/pt-pt\/wp-json\/wp\/v2\/product_tag?post=18119"}],"curies":[{"name":"wp","href":"https:\/\/api.w.org\/{rel}","templated":true}]}}