{"id":18000,"date":"2021-11-25T17:40:42","date_gmt":"2021-11-25T17:40:43","guid":{"rendered":"https:\/\/chemitool.com\/?post_type=product&#038;p=18000"},"modified":"2025-02-06T10:21:11","modified_gmt":"2025-02-06T10:21:11","slug":"arnes-maxipro-com-2-pontos-de-fixacao","status":"publish","type":"product","link":"https:\/\/chemitool.com\/pt-pt\/products\/safety\/protecao-anti-queda\/arnes-maxipro-com-2-pontos-de-fixacao\/","title":{"rendered":"ARN\u00caS MAXIPRO COM 2 PONTOS DE FIXA\u00c7\u00c3O"},"content":{"rendered":"<ul>\n<li>Fivelas ajust\u00e1veis nas al\u00e7as das pernas<\/li>\n<li>Ponto de encaixe dorsal e frontal<\/li>\n<li>Cinto de posicionamento de trabalho<\/li>\n<li>Faixa posterior 45 mm de alta resist\u00eancia, acolchoada<\/li>\n<li>2 fivelas de posicionamento lateral<\/li>\n<li>Carga nominal m\u00e1xima: 140kg<\/li>\n<\/ul>\n<p><img class=\"alignnone size-full wp-image-31287\" src=\"https:\/\/chemitool.com\/wp-content\/uploads\/2023\/02\/Prancheta-181.png\" alt=\"\" width=\"106\" height=\"122\" \/>\u00a0<img class=\"alignnone size-medium wp-image-31325\" src=\"https:\/\/chemitool.com\/wp-content\/uploads\/2021\/11\/Prancheta-197.png\" alt=\"\" width=\"105\" height=\"120\" \/><\/p>\n","protected":false},"excerpt":{"rendered":"<p><b class=\"sap-label\">SAP:<\/b> <span class=\"codesap-label\">CHS09010102<\/span><\/p>\n<p><em>Arn\u00eas MAXIPRO com 2 Pontos de Fixa\u00e7\u00e3o CHEMITOOL<\/em> \u00e9 um equipamento de prote\u00e7\u00e3o individual indicado para trabalhos com risco de queda. Com 2 pontos de ancoragem de antiqueda: atr\u00e1s e \u00e0 frente, 2 fivelas de posicionamento lateral e cinto de posicionamento. A vida \u00fatil te\u00f3rica do equipamento \u00e9 de 10 anos a partir da data de fabrica\u00e7\u00e3o e 5 anos a partir do primeiro uso.<\/p>\n","protected":false},"featured_media":18020,"template":"","meta":[],"product_cat":[1453,3499],"product_tag":[],"yoast_head":"<!-- This site is optimized with the Yoast SEO plugin v17.4 - https:\/\/yoast.com\/wordpress\/plugins\/seo\/ -->\n<title>ARN\u00caS MAXIPRO COM 2 PONTOS DE FIXA\u00c7\u00c3O &ndash; Chemitool<\/title>\n<meta name=\"description\" content=\"SAP: CHS09010102  Arn\u00eas MAXIPRO com 2 Pontos de Fixa\u00e7\u00e3o CHEMITOOL \u00e9 um equipamento de prote\u00e7\u00e3o individual indicado para trabalhos com risco de queda. Com 2 pontos de ancoragem de antiqueda: atr\u00e1s e \u00e0 frente, 2 fivelas de posicionamento lateral e cinto de posicionamento. A vida \u00fatil te\u00f3rica do equipamento \u00e9 de 10 anos a partir da data de fabrica\u00e7\u00e3o e 5 anos a partir do primeiro uso.\" \/>\n<meta name=\"robots\" content=\"index, follow, max-snippet:-1, max-image-preview:large, max-video-preview:-1\" \/>\n<link rel=\"canonical\" href=\"https:\/\/chemitool.com\/pt-pt\/products\/safety\/protecao-anti-queda\/arnes-maxipro-com-2-pontos-de-fixacao\/\" \/>\n<meta property=\"og:locale\" content=\"pt_PT\" \/>\n<meta property=\"og:type\" content=\"article\" \/>\n<meta property=\"og:title\" content=\"ARN\u00caS MAXIPRO COM 2 PONTOS DE FIXA\u00c7\u00c3O &ndash; Chemitool\" \/>\n<meta property=\"og:description\" content=\"SAP: CHS09010102  Arn\u00eas MAXIPRO com 2 Pontos de Fixa\u00e7\u00e3o CHEMITOOL \u00e9 um equipamento de prote\u00e7\u00e3o individual indicado para trabalhos com risco de queda. Com 2 pontos de ancoragem de antiqueda: atr\u00e1s e \u00e0 frente, 2 fivelas de posicionamento lateral e cinto de posicionamento. A vida \u00fatil te\u00f3rica do equipamento \u00e9 de 10 anos a partir da data de fabrica\u00e7\u00e3o e 5 anos a partir do primeiro uso.\" \/>\n<meta property=\"og:url\" content=\"https:\/\/chemitool.com\/pt-pt\/products\/safety\/protecao-anti-queda\/arnes-maxipro-com-2-pontos-de-fixacao\/\" \/>\n<meta property=\"og:site_name\" content=\"Chemitool\" \/>\n<meta property=\"article:publisher\" content=\"https:\/\/www.facebook.com\/chemitool\" \/>\n<meta property=\"article:modified_time\" content=\"2025-02-06T10:21:11+00:00\" \/>\n<meta property=\"og:image\" content=\"https:\/\/chemitool.com\/wp-content\/uploads\/2021\/11\/CHS09010102.png\" \/>\n\t<meta property=\"og:image:width\" content=\"800\" \/>\n\t<meta property=\"og:image:height\" content=\"800\" \/>\n<meta name=\"twitter:card\" content=\"summary_large_image\" \/>\n<script type=\"application\/ld+json\" class=\"yoast-schema-graph\">{\"@context\":\"https:\/\/schema.org\",\"@graph\":[{\"@type\":\"Organization\",\"@id\":\"https:\/\/chemitool.com\/#organization\",\"name\":\"Chemitool\",\"url\":\"https:\/\/chemitool.com\/\",\"sameAs\":[\"https:\/\/www.facebook.com\/chemitool\",\"https:\/\/www.instagram.com\/chemitool\/\"],\"logo\":{\"@type\":\"ImageObject\",\"@id\":\"https:\/\/chemitool.com\/#logo\",\"inLanguage\":\"pt-PT\",\"url\":\"https:\/\/chemitool.com\/wp-content\/uploads\/2020\/10\/logo_chemitool.png\",\"contentUrl\":\"https:\/\/chemitool.com\/wp-content\/uploads\/2020\/10\/logo_chemitool.png\",\"width\":400,\"height\":400,\"caption\":\"Chemitool\"},\"image\":{\"@id\":\"https:\/\/chemitool.com\/#logo\"}},{\"@type\":\"WebSite\",\"@id\":\"https:\/\/chemitool.com\/#website\",\"url\":\"https:\/\/chemitool.com\/\",\"name\":\"Chemitool\",\"description\":\"Chemitool - hardware and tools\",\"publisher\":{\"@id\":\"https:\/\/chemitool.com\/#organization\"},\"potentialAction\":[{\"@type\":\"SearchAction\",\"target\":{\"@type\":\"EntryPoint\",\"urlTemplate\":\"https:\/\/chemitool.com\/?s={search_term_string}\"},\"query-input\":\"required name=search_term_string\"}],\"inLanguage\":\"pt-PT\"},{\"@type\":\"ImageObject\",\"@id\":\"https:\/\/chemitool.com\/pt-pt\/products\/safety\/protecao-anti-queda\/arnes-maxipro-com-2-pontos-de-fixacao\/#primaryimage\",\"inLanguage\":\"pt-PT\",\"url\":\"https:\/\/chemitool.com\/wp-content\/uploads\/2021\/11\/CHS09010102.png\",\"contentUrl\":\"https:\/\/chemitool.com\/wp-content\/uploads\/2021\/11\/CHS09010102.png\",\"width\":800,\"height\":800},{\"@type\":\"WebPage\",\"@id\":\"https:\/\/chemitool.com\/pt-pt\/products\/safety\/protecao-anti-queda\/arnes-maxipro-com-2-pontos-de-fixacao\/#webpage\",\"url\":\"https:\/\/chemitool.com\/pt-pt\/products\/safety\/protecao-anti-queda\/arnes-maxipro-com-2-pontos-de-fixacao\/\",\"name\":\"ARN\\u00caS MAXIPRO COM 2 PONTOS DE FIXA\\u00c7\\u00c3O &ndash; Chemitool\",\"isPartOf\":{\"@id\":\"https:\/\/chemitool.com\/#website\"},\"primaryImageOfPage\":{\"@id\":\"https:\/\/chemitool.com\/pt-pt\/products\/safety\/protecao-anti-queda\/arnes-maxipro-com-2-pontos-de-fixacao\/#primaryimage\"},\"datePublished\":\"2021-11-25T17:40:43+00:00\",\"dateModified\":\"2025-02-06T10:21:11+00:00\",\"description\":\"SAP: CHS09010102 Arn\\u00eas MAXIPRO com 2 Pontos de Fixa\\u00e7\\u00e3o CHEMITOOL \\u00e9 um equipamento de prote\\u00e7\\u00e3o individual indicado para trabalhos com risco de queda. Com 2 pontos de ancoragem de antiqueda: atr\\u00e1s e \\u00e0 frente, 2 fivelas de posicionamento lateral e cinto de posicionamento. A vida \\u00fatil te\\u00f3rica do equipamento \\u00e9 de 10 anos a partir da data de fabrica\\u00e7\\u00e3o e 5 anos a partir do primeiro uso.\",\"breadcrumb\":{\"@id\":\"https:\/\/chemitool.com\/pt-pt\/products\/safety\/protecao-anti-queda\/arnes-maxipro-com-2-pontos-de-fixacao\/#breadcrumb\"},\"inLanguage\":\"pt-PT\",\"potentialAction\":[{\"@type\":\"ReadAction\",\"target\":[\"https:\/\/chemitool.com\/pt-pt\/products\/safety\/protecao-anti-queda\/arnes-maxipro-com-2-pontos-de-fixacao\/\"]}]},{\"@type\":\"BreadcrumbList\",\"@id\":\"https:\/\/chemitool.com\/pt-pt\/products\/safety\/protecao-anti-queda\/arnes-maxipro-com-2-pontos-de-fixacao\/#breadcrumb\",\"itemListElement\":[{\"@type\":\"ListItem\",\"position\":1,\"name\":\"Home\",\"item\":\"https:\/\/chemitool.com\/pt-pt\/\"},{\"@type\":\"ListItem\",\"position\":2,\"name\":\"Produtos\",\"item\":\"https:\/\/chemitool.com\/pt-pt\/produtos\/\"},{\"@type\":\"ListItem\",\"position\":3,\"name\":\"Safety\",\"item\":\"https:\/\/chemitool.com\/pt-pt\/categoria-produto\/safety\/\"},{\"@type\":\"ListItem\",\"position\":4,\"name\":\"Prote\\u00e7\\u00e3o Antiqueda\",\"item\":\"https:\/\/chemitool.com\/pt-pt\/categoria-produto\/safety\/protecao-anti-queda\/\"},{\"@type\":\"ListItem\",\"position\":5,\"name\":\"ARN\\u00caS MAXIPRO COM 2 PONTOS DE FIXA\\u00c7\\u00c3O\"}]}]}<\/script>\n<!-- \/ Yoast SEO plugin. -->","yoast_head_json":{"title":"ARN\u00caS MAXIPRO COM 2 PONTOS DE FIXA\u00c7\u00c3O &ndash; Chemitool","description":"SAP: CHS09010102  Arn\u00eas MAXIPRO com 2 Pontos de Fixa\u00e7\u00e3o CHEMITOOL \u00e9 um equipamento de prote\u00e7\u00e3o individual indicado para trabalhos com risco de queda. Com 2 pontos de ancoragem de antiqueda: atr\u00e1s e \u00e0 frente, 2 fivelas de posicionamento lateral e cinto de posicionamento. A vida \u00fatil te\u00f3rica do equipamento \u00e9 de 10 anos a partir da data de fabrica\u00e7\u00e3o e 5 anos a partir do primeiro uso.","robots":{"index":"index","follow":"follow","max-snippet":"max-snippet:-1","max-image-preview":"max-image-preview:large","max-video-preview":"max-video-preview:-1"},"canonical":"https:\/\/chemitool.com\/pt-pt\/products\/safety\/protecao-anti-queda\/arnes-maxipro-com-2-pontos-de-fixacao\/","og_locale":"pt_PT","og_type":"article","og_title":"ARN\u00caS MAXIPRO COM 2 PONTOS DE FIXA\u00c7\u00c3O &ndash; Chemitool","og_description":"SAP: CHS09010102  Arn\u00eas MAXIPRO com 2 Pontos de Fixa\u00e7\u00e3o CHEMITOOL \u00e9 um equipamento de prote\u00e7\u00e3o individual indicado para trabalhos com risco de queda. Com 2 pontos de ancoragem de antiqueda: atr\u00e1s e \u00e0 frente, 2 fivelas de posicionamento lateral e cinto de posicionamento. A vida \u00fatil te\u00f3rica do equipamento \u00e9 de 10 anos a partir da data de fabrica\u00e7\u00e3o e 5 anos a partir do primeiro uso.","og_url":"https:\/\/chemitool.com\/pt-pt\/products\/safety\/protecao-anti-queda\/arnes-maxipro-com-2-pontos-de-fixacao\/","og_site_name":"Chemitool","article_publisher":"https:\/\/www.facebook.com\/chemitool","article_modified_time":"2025-02-06T10:21:11+00:00","og_image":[{"width":800,"height":800,"url":"https:\/\/chemitool.com\/wp-content\/uploads\/2021\/11\/CHS09010102.png","type":"image\/png"}],"twitter_card":"summary_large_image","schema":{"@context":"https:\/\/schema.org","@graph":[{"@type":"Organization","@id":"https:\/\/chemitool.com\/#organization","name":"Chemitool","url":"https:\/\/chemitool.com\/","sameAs":["https:\/\/www.facebook.com\/chemitool","https:\/\/www.instagram.com\/chemitool\/"],"logo":{"@type":"ImageObject","@id":"https:\/\/chemitool.com\/#logo","inLanguage":"pt-PT","url":"https:\/\/chemitool.com\/wp-content\/uploads\/2020\/10\/logo_chemitool.png","contentUrl":"https:\/\/chemitool.com\/wp-content\/uploads\/2020\/10\/logo_chemitool.png","width":400,"height":400,"caption":"Chemitool"},"image":{"@id":"https:\/\/chemitool.com\/#logo"}},{"@type":"WebSite","@id":"https:\/\/chemitool.com\/#website","url":"https:\/\/chemitool.com\/","name":"Chemitool","description":"Chemitool - hardware and tools","publisher":{"@id":"https:\/\/chemitool.com\/#organization"},"potentialAction":[{"@type":"SearchAction","target":{"@type":"EntryPoint","urlTemplate":"https:\/\/chemitool.com\/?s={search_term_string}"},"query-input":"required name=search_term_string"}],"inLanguage":"pt-PT"},{"@type":"ImageObject","@id":"https:\/\/chemitool.com\/pt-pt\/products\/safety\/protecao-anti-queda\/arnes-maxipro-com-2-pontos-de-fixacao\/#primaryimage","inLanguage":"pt-PT","url":"https:\/\/chemitool.com\/wp-content\/uploads\/2021\/11\/CHS09010102.png","contentUrl":"https:\/\/chemitool.com\/wp-content\/uploads\/2021\/11\/CHS09010102.png","width":800,"height":800},{"@type":"WebPage","@id":"https:\/\/chemitool.com\/pt-pt\/products\/safety\/protecao-anti-queda\/arnes-maxipro-com-2-pontos-de-fixacao\/#webpage","url":"https:\/\/chemitool.com\/pt-pt\/products\/safety\/protecao-anti-queda\/arnes-maxipro-com-2-pontos-de-fixacao\/","name":"ARN\u00caS MAXIPRO COM 2 PONTOS DE FIXA\u00c7\u00c3O &ndash; Chemitool","isPartOf":{"@id":"https:\/\/chemitool.com\/#website"},"primaryImageOfPage":{"@id":"https:\/\/chemitool.com\/pt-pt\/products\/safety\/protecao-anti-queda\/arnes-maxipro-com-2-pontos-de-fixacao\/#primaryimage"},"datePublished":"2021-11-25T17:40:43+00:00","dateModified":"2025-02-06T10:21:11+00:00","description":"SAP: CHS09010102 Arn\u00eas MAXIPRO com 2 Pontos de Fixa\u00e7\u00e3o CHEMITOOL \u00e9 um equipamento de prote\u00e7\u00e3o individual indicado para trabalhos com risco de queda. Com 2 pontos de ancoragem de antiqueda: atr\u00e1s e \u00e0 frente, 2 fivelas de posicionamento lateral e cinto de posicionamento. A vida \u00fatil te\u00f3rica do equipamento \u00e9 de 10 anos a partir da data de fabrica\u00e7\u00e3o e 5 anos a partir do primeiro uso.","breadcrumb":{"@id":"https:\/\/chemitool.com\/pt-pt\/products\/safety\/protecao-anti-queda\/arnes-maxipro-com-2-pontos-de-fixacao\/#breadcrumb"},"inLanguage":"pt-PT","potentialAction":[{"@type":"ReadAction","target":["https:\/\/chemitool.com\/pt-pt\/products\/safety\/protecao-anti-queda\/arnes-maxipro-com-2-pontos-de-fixacao\/"]}]},{"@type":"BreadcrumbList","@id":"https:\/\/chemitool.com\/pt-pt\/products\/safety\/protecao-anti-queda\/arnes-maxipro-com-2-pontos-de-fixacao\/#breadcrumb","itemListElement":[{"@type":"ListItem","position":1,"name":"Home","item":"https:\/\/chemitool.com\/pt-pt\/"},{"@type":"ListItem","position":2,"name":"Produtos","item":"https:\/\/chemitool.com\/pt-pt\/produtos\/"},{"@type":"ListItem","position":3,"name":"Safety","item":"https:\/\/chemitool.com\/pt-pt\/categoria-produto\/safety\/"},{"@type":"ListItem","position":4,"name":"Prote\u00e7\u00e3o Antiqueda","item":"https:\/\/chemitool.com\/pt-pt\/categoria-produto\/safety\/protecao-anti-queda\/"},{"@type":"ListItem","position":5,"name":"ARN\u00caS MAXIPRO COM 2 PONTOS DE FIXA\u00c7\u00c3O"}]}]}},"_links":{"self":[{"href":"https:\/\/chemitool.com\/pt-pt\/wp-json\/wp\/v2\/product\/18000"}],"collection":[{"href":"https:\/\/chemitool.com\/pt-pt\/wp-json\/wp\/v2\/product"}],"about":[{"href":"https:\/\/chemitool.com\/pt-pt\/wp-json\/wp\/v2\/types\/product"}],"wp:featuredmedia":[{"embeddable":true,"href":"https:\/\/chemitool.com\/pt-pt\/wp-json\/wp\/v2\/media\/18020"}],"wp:attachment":[{"href":"https:\/\/chemitool.com\/pt-pt\/wp-json\/wp\/v2\/media?parent=18000"}],"wp:term":[{"taxonomy":"product_cat","embeddable":true,"href":"https:\/\/chemitool.com\/pt-pt\/wp-json\/wp\/v2\/product_cat?post=18000"},{"taxonomy":"product_tag","embeddable":true,"href":"https:\/\/chemitool.com\/pt-pt\/wp-json\/wp\/v2\/product_tag?post=18000"}],"curies":[{"name":"wp","href":"https:\/\/api.w.org\/{rel}","templated":true}]}}