{"id":15796,"date":"2021-09-21T15:00:10","date_gmt":"2021-09-21T15:00:11","guid":{"rendered":"https:\/\/chemitool.com\/?post_type=product&#038;p=15796"},"modified":"2023-01-26T17:40:13","modified_gmt":"2023-01-26T17:40:13","slug":"fato-macaco-cover","status":"publish","type":"product","link":"https:\/\/chemitool.com\/pt-pt\/products\/safety\/vestuario-de-trabalho\/fato-macaco-cover\/","title":{"rendered":"FATO MACACO COVER"},"content":{"rendered":"<ul>\n<li>100% algod\u00e3o<\/li>\n<li>Fecho de duplo cursor<\/li>\n<li>El\u00e1stico nos punhos e na cintura<\/li>\n<li>Costuras duplas entre as pernas<\/li>\n<\/ul>\n<p><img class=\"alignnone size-full wp-image-15379\" src=\"https:\/\/chemitool.com\/wp-content\/uploads\/2021\/09\/MAN.png\" alt=\"\" width=\"85\" height=\"97\" \/><img class=\"alignnone size-full wp-image-15338\" src=\"https:\/\/chemitool.com\/wp-content\/uploads\/2021\/09\/REGULAR-FIT-3.png\" alt=\"\" width=\"85\" height=\"97\" \/><\/p>\n","protected":false},"excerpt":{"rendered":"<p><em>Fato Macaco COVER CHEMITOOL<\/em> com fecho de correr central de duplo cursor, el\u00e1stico nos punhos e dentro da cintura, na parte de tr\u00e1s. Dois bolsos abertos, dois bolsos no peito, um dos quais para telem\u00f3vel, porta-identifica\u00e7\u00e3o, caneta e aba de fecho com velcro, bolso para fita m\u00e9trica. Costuras duplas entre as pernas.<\/p>\n","protected":false},"featured_media":16034,"template":"","meta":[],"product_cat":[1453,3463],"product_tag":[],"yoast_head":"<!-- This site is optimized with the Yoast SEO plugin v17.4 - https:\/\/yoast.com\/wordpress\/plugins\/seo\/ -->\n<title>FATO MACACO COVER &ndash; Chemitool<\/title>\n<meta name=\"description\" content=\"Fato Macaco COVER CHEMITOOL com fecho de correr central de duplo cursor, el\u00e1stico nos punhos e dentro da cintura, na parte de tr\u00e1s. Dois bolsos abertos, dois bolsos no peito, um dos quais para telem\u00f3vel, porta-identifica\u00e7\u00e3o, caneta e aba de fecho com velcro, bolso para fita m\u00e9trica. Costuras duplas entre as pernas.\" \/>\n<meta name=\"robots\" content=\"index, follow, max-snippet:-1, max-image-preview:large, max-video-preview:-1\" \/>\n<link rel=\"canonical\" href=\"https:\/\/chemitool.com\/pt-pt\/products\/safety\/vestuario-de-trabalho\/fato-macaco-cover\/\" \/>\n<meta property=\"og:locale\" content=\"pt_PT\" \/>\n<meta property=\"og:type\" content=\"article\" \/>\n<meta property=\"og:title\" content=\"FATO MACACO COVER &ndash; Chemitool\" \/>\n<meta property=\"og:description\" content=\"Fato Macaco COVER CHEMITOOL com fecho de correr central de duplo cursor, el\u00e1stico nos punhos e dentro da cintura, na parte de tr\u00e1s. Dois bolsos abertos, dois bolsos no peito, um dos quais para telem\u00f3vel, porta-identifica\u00e7\u00e3o, caneta e aba de fecho com velcro, bolso para fita m\u00e9trica. Costuras duplas entre as pernas.\" \/>\n<meta property=\"og:url\" content=\"https:\/\/chemitool.com\/pt-pt\/products\/safety\/vestuario-de-trabalho\/fato-macaco-cover\/\" \/>\n<meta property=\"og:site_name\" content=\"Chemitool\" \/>\n<meta property=\"article:publisher\" content=\"https:\/\/www.facebook.com\/chemitool\" \/>\n<meta property=\"article:modified_time\" content=\"2023-01-26T17:40:13+00:00\" \/>\n<meta property=\"og:image\" content=\"https:\/\/chemitool.com\/wp-content\/uploads\/2021\/09\/P1262033_frente.png\" \/>\n\t<meta property=\"og:image:width\" content=\"800\" \/>\n\t<meta property=\"og:image:height\" content=\"800\" \/>\n<meta name=\"twitter:card\" content=\"summary_large_image\" \/>\n<meta name=\"twitter:label1\" content=\"Tempo estimado de leitura\" \/>\n\t<meta name=\"twitter:data1\" content=\"1 minuto\" \/>\n<script type=\"application\/ld+json\" class=\"yoast-schema-graph\">{\"@context\":\"https:\/\/schema.org\",\"@graph\":[{\"@type\":\"Organization\",\"@id\":\"https:\/\/chemitool.com\/#organization\",\"name\":\"Chemitool\",\"url\":\"https:\/\/chemitool.com\/\",\"sameAs\":[\"https:\/\/www.facebook.com\/chemitool\",\"https:\/\/www.instagram.com\/chemitool\/\"],\"logo\":{\"@type\":\"ImageObject\",\"@id\":\"https:\/\/chemitool.com\/#logo\",\"inLanguage\":\"pt-PT\",\"url\":\"https:\/\/chemitool.com\/wp-content\/uploads\/2020\/10\/logo_chemitool.png\",\"contentUrl\":\"https:\/\/chemitool.com\/wp-content\/uploads\/2020\/10\/logo_chemitool.png\",\"width\":400,\"height\":400,\"caption\":\"Chemitool\"},\"image\":{\"@id\":\"https:\/\/chemitool.com\/#logo\"}},{\"@type\":\"WebSite\",\"@id\":\"https:\/\/chemitool.com\/#website\",\"url\":\"https:\/\/chemitool.com\/\",\"name\":\"Chemitool\",\"description\":\"Chemitool - hardware and tools\",\"publisher\":{\"@id\":\"https:\/\/chemitool.com\/#organization\"},\"potentialAction\":[{\"@type\":\"SearchAction\",\"target\":{\"@type\":\"EntryPoint\",\"urlTemplate\":\"https:\/\/chemitool.com\/?s={search_term_string}\"},\"query-input\":\"required name=search_term_string\"}],\"inLanguage\":\"pt-PT\"},{\"@type\":\"ImageObject\",\"@id\":\"https:\/\/chemitool.com\/pt-pt\/products\/safety\/vestuario-de-trabalho\/fato-macaco-cover\/#primaryimage\",\"inLanguage\":\"pt-PT\",\"url\":\"https:\/\/chemitool.com\/wp-content\/uploads\/2021\/09\/P1262033_frente.png\",\"contentUrl\":\"https:\/\/chemitool.com\/wp-content\/uploads\/2021\/09\/P1262033_frente.png\",\"width\":800,\"height\":800},{\"@type\":\"WebPage\",\"@id\":\"https:\/\/chemitool.com\/pt-pt\/products\/safety\/vestuario-de-trabalho\/fato-macaco-cover\/#webpage\",\"url\":\"https:\/\/chemitool.com\/pt-pt\/products\/safety\/vestuario-de-trabalho\/fato-macaco-cover\/\",\"name\":\"FATO MACACO COVER &ndash; Chemitool\",\"isPartOf\":{\"@id\":\"https:\/\/chemitool.com\/#website\"},\"primaryImageOfPage\":{\"@id\":\"https:\/\/chemitool.com\/pt-pt\/products\/safety\/vestuario-de-trabalho\/fato-macaco-cover\/#primaryimage\"},\"datePublished\":\"2021-09-21T15:00:11+00:00\",\"dateModified\":\"2023-01-26T17:40:13+00:00\",\"description\":\"Fato Macaco COVER CHEMITOOL com fecho de correr central de duplo cursor, el\\u00e1stico nos punhos e dentro da cintura, na parte de tr\\u00e1s. Dois bolsos abertos, dois bolsos no peito, um dos quais para telem\\u00f3vel, porta-identifica\\u00e7\\u00e3o, caneta e aba de fecho com velcro, bolso para fita m\\u00e9trica. Costuras duplas entre as pernas.\",\"breadcrumb\":{\"@id\":\"https:\/\/chemitool.com\/pt-pt\/products\/safety\/vestuario-de-trabalho\/fato-macaco-cover\/#breadcrumb\"},\"inLanguage\":\"pt-PT\",\"potentialAction\":[{\"@type\":\"ReadAction\",\"target\":[\"https:\/\/chemitool.com\/pt-pt\/products\/safety\/vestuario-de-trabalho\/fato-macaco-cover\/\"]}]},{\"@type\":\"BreadcrumbList\",\"@id\":\"https:\/\/chemitool.com\/pt-pt\/products\/safety\/vestuario-de-trabalho\/fato-macaco-cover\/#breadcrumb\",\"itemListElement\":[{\"@type\":\"ListItem\",\"position\":1,\"name\":\"Home\",\"item\":\"https:\/\/chemitool.com\/pt-pt\/\"},{\"@type\":\"ListItem\",\"position\":2,\"name\":\"Produtos\",\"item\":\"https:\/\/chemitool.com\/pt-pt\/produtos\/\"},{\"@type\":\"ListItem\",\"position\":3,\"name\":\"Safety\",\"item\":\"https:\/\/chemitool.com\/pt-pt\/categoria-produto\/safety\/\"},{\"@type\":\"ListItem\",\"position\":4,\"name\":\"Vestu\\u00e1rio de Trabalho\",\"item\":\"https:\/\/chemitool.com\/pt-pt\/categoria-produto\/safety\/vestuario-de-trabalho\/\"},{\"@type\":\"ListItem\",\"position\":5,\"name\":\"FATO MACACO COVER\"}]}]}<\/script>\n<!-- \/ Yoast SEO plugin. -->","yoast_head_json":{"title":"FATO MACACO COVER &ndash; Chemitool","description":"Fato Macaco COVER CHEMITOOL com fecho de correr central de duplo cursor, el\u00e1stico nos punhos e dentro da cintura, na parte de tr\u00e1s. Dois bolsos abertos, dois bolsos no peito, um dos quais para telem\u00f3vel, porta-identifica\u00e7\u00e3o, caneta e aba de fecho com velcro, bolso para fita m\u00e9trica. Costuras duplas entre as pernas.","robots":{"index":"index","follow":"follow","max-snippet":"max-snippet:-1","max-image-preview":"max-image-preview:large","max-video-preview":"max-video-preview:-1"},"canonical":"https:\/\/chemitool.com\/pt-pt\/products\/safety\/vestuario-de-trabalho\/fato-macaco-cover\/","og_locale":"pt_PT","og_type":"article","og_title":"FATO MACACO COVER &ndash; Chemitool","og_description":"Fato Macaco COVER CHEMITOOL com fecho de correr central de duplo cursor, el\u00e1stico nos punhos e dentro da cintura, na parte de tr\u00e1s. Dois bolsos abertos, dois bolsos no peito, um dos quais para telem\u00f3vel, porta-identifica\u00e7\u00e3o, caneta e aba de fecho com velcro, bolso para fita m\u00e9trica. Costuras duplas entre as pernas.","og_url":"https:\/\/chemitool.com\/pt-pt\/products\/safety\/vestuario-de-trabalho\/fato-macaco-cover\/","og_site_name":"Chemitool","article_publisher":"https:\/\/www.facebook.com\/chemitool","article_modified_time":"2023-01-26T17:40:13+00:00","og_image":[{"width":800,"height":800,"url":"https:\/\/chemitool.com\/wp-content\/uploads\/2021\/09\/P1262033_frente.png","type":"image\/png"}],"twitter_card":"summary_large_image","twitter_misc":{"Tempo estimado de leitura":"1 minuto"},"schema":{"@context":"https:\/\/schema.org","@graph":[{"@type":"Organization","@id":"https:\/\/chemitool.com\/#organization","name":"Chemitool","url":"https:\/\/chemitool.com\/","sameAs":["https:\/\/www.facebook.com\/chemitool","https:\/\/www.instagram.com\/chemitool\/"],"logo":{"@type":"ImageObject","@id":"https:\/\/chemitool.com\/#logo","inLanguage":"pt-PT","url":"https:\/\/chemitool.com\/wp-content\/uploads\/2020\/10\/logo_chemitool.png","contentUrl":"https:\/\/chemitool.com\/wp-content\/uploads\/2020\/10\/logo_chemitool.png","width":400,"height":400,"caption":"Chemitool"},"image":{"@id":"https:\/\/chemitool.com\/#logo"}},{"@type":"WebSite","@id":"https:\/\/chemitool.com\/#website","url":"https:\/\/chemitool.com\/","name":"Chemitool","description":"Chemitool - hardware and tools","publisher":{"@id":"https:\/\/chemitool.com\/#organization"},"potentialAction":[{"@type":"SearchAction","target":{"@type":"EntryPoint","urlTemplate":"https:\/\/chemitool.com\/?s={search_term_string}"},"query-input":"required name=search_term_string"}],"inLanguage":"pt-PT"},{"@type":"ImageObject","@id":"https:\/\/chemitool.com\/pt-pt\/products\/safety\/vestuario-de-trabalho\/fato-macaco-cover\/#primaryimage","inLanguage":"pt-PT","url":"https:\/\/chemitool.com\/wp-content\/uploads\/2021\/09\/P1262033_frente.png","contentUrl":"https:\/\/chemitool.com\/wp-content\/uploads\/2021\/09\/P1262033_frente.png","width":800,"height":800},{"@type":"WebPage","@id":"https:\/\/chemitool.com\/pt-pt\/products\/safety\/vestuario-de-trabalho\/fato-macaco-cover\/#webpage","url":"https:\/\/chemitool.com\/pt-pt\/products\/safety\/vestuario-de-trabalho\/fato-macaco-cover\/","name":"FATO MACACO COVER &ndash; Chemitool","isPartOf":{"@id":"https:\/\/chemitool.com\/#website"},"primaryImageOfPage":{"@id":"https:\/\/chemitool.com\/pt-pt\/products\/safety\/vestuario-de-trabalho\/fato-macaco-cover\/#primaryimage"},"datePublished":"2021-09-21T15:00:11+00:00","dateModified":"2023-01-26T17:40:13+00:00","description":"Fato Macaco COVER CHEMITOOL com fecho de correr central de duplo cursor, el\u00e1stico nos punhos e dentro da cintura, na parte de tr\u00e1s. Dois bolsos abertos, dois bolsos no peito, um dos quais para telem\u00f3vel, porta-identifica\u00e7\u00e3o, caneta e aba de fecho com velcro, bolso para fita m\u00e9trica. Costuras duplas entre as pernas.","breadcrumb":{"@id":"https:\/\/chemitool.com\/pt-pt\/products\/safety\/vestuario-de-trabalho\/fato-macaco-cover\/#breadcrumb"},"inLanguage":"pt-PT","potentialAction":[{"@type":"ReadAction","target":["https:\/\/chemitool.com\/pt-pt\/products\/safety\/vestuario-de-trabalho\/fato-macaco-cover\/"]}]},{"@type":"BreadcrumbList","@id":"https:\/\/chemitool.com\/pt-pt\/products\/safety\/vestuario-de-trabalho\/fato-macaco-cover\/#breadcrumb","itemListElement":[{"@type":"ListItem","position":1,"name":"Home","item":"https:\/\/chemitool.com\/pt-pt\/"},{"@type":"ListItem","position":2,"name":"Produtos","item":"https:\/\/chemitool.com\/pt-pt\/produtos\/"},{"@type":"ListItem","position":3,"name":"Safety","item":"https:\/\/chemitool.com\/pt-pt\/categoria-produto\/safety\/"},{"@type":"ListItem","position":4,"name":"Vestu\u00e1rio de Trabalho","item":"https:\/\/chemitool.com\/pt-pt\/categoria-produto\/safety\/vestuario-de-trabalho\/"},{"@type":"ListItem","position":5,"name":"FATO MACACO COVER"}]}]}},"_links":{"self":[{"href":"https:\/\/chemitool.com\/pt-pt\/wp-json\/wp\/v2\/product\/15796"}],"collection":[{"href":"https:\/\/chemitool.com\/pt-pt\/wp-json\/wp\/v2\/product"}],"about":[{"href":"https:\/\/chemitool.com\/pt-pt\/wp-json\/wp\/v2\/types\/product"}],"wp:featuredmedia":[{"embeddable":true,"href":"https:\/\/chemitool.com\/pt-pt\/wp-json\/wp\/v2\/media\/16034"}],"wp:attachment":[{"href":"https:\/\/chemitool.com\/pt-pt\/wp-json\/wp\/v2\/media?parent=15796"}],"wp:term":[{"taxonomy":"product_cat","embeddable":true,"href":"https:\/\/chemitool.com\/pt-pt\/wp-json\/wp\/v2\/product_cat?post=15796"},{"taxonomy":"product_tag","embeddable":true,"href":"https:\/\/chemitool.com\/pt-pt\/wp-json\/wp\/v2\/product_tag?post=15796"}],"curies":[{"name":"wp","href":"https:\/\/api.w.org\/{rel}","templated":true}]}}