{"id":15763,"date":"2021-09-21T14:26:42","date_gmt":"2021-09-21T14:26:47","guid":{"rendered":"https:\/\/chemitool.com\/?post_type=product&#038;p=15763"},"modified":"2021-09-24T08:05:51","modified_gmt":"2021-09-24T08:05:51","slug":"fato-de-protecao-descartavel-tipo-5-6","status":"publish","type":"product","link":"https:\/\/chemitool.com\/pt-pt\/products\/safety\/vestuario-tecnico\/descartavel\/fato-de-protecao-descartavel-tipo-5-6\/","title":{"rendered":"FATO DE PROTE\u00c7\u00c3O DESCART\u00c1VEL TIPO 5\/6"},"content":{"rendered":"<ul>\n<li>Capuz com el\u00e1stico para ajustar<\/li>\n<li>Fecho ZIP coberto com uma aba autoadesiva<\/li>\n<li>El\u00e1stico na cintura, nos punhos e nos tornozelos<\/li>\n<li>Prote\u00e7\u00e3o de categoria III<\/li>\n<li>N\u00e3o pode ser reutilizado<\/li>\n<\/ul>\n","protected":false},"excerpt":{"rendered":"<p><em>Fato de Prote\u00e7\u00e3o Descart\u00e1vel Tipo 5\/6 CHEMITOOL<\/em> fornece uma boa barreira qu\u00edmica, contra part\u00edculas perigosas. Indicado para prote\u00e7\u00e3o do corpo contra part\u00edculas s\u00f3lidas, salpicos de qu\u00edmicos, part\u00edculas radioativas e agentes infeciosos.<\/p>\n","protected":false},"featured_media":15792,"template":"","meta":[],"product_cat":[1453,3454,3467],"product_tag":[],"yoast_head":"<!-- This site is optimized with the Yoast SEO plugin v17.4 - https:\/\/yoast.com\/wordpress\/plugins\/seo\/ -->\n<title>FATO DE PROTE\u00c7\u00c3O DESCART\u00c1VEL TIPO 5\/6 &ndash; Chemitool<\/title>\n<meta name=\"description\" content=\"Fato de Prote\u00e7\u00e3o Descart\u00e1vel Tipo 5\/6 CHEMITOOL fornece uma boa barreira qu\u00edmica, contra part\u00edculas perigosas. Indicado para prote\u00e7\u00e3o do corpo contra part\u00edculas s\u00f3lidas, salpicos de qu\u00edmicos, part\u00edculas radioativas e agentes infeciosos.\" \/>\n<meta name=\"robots\" content=\"index, follow, max-snippet:-1, max-image-preview:large, max-video-preview:-1\" \/>\n<link rel=\"canonical\" href=\"https:\/\/chemitool.com\/pt-pt\/products\/safety\/vestuario-tecnico\/descartavel\/fato-de-protecao-descartavel-tipo-5-6\/\" \/>\n<meta property=\"og:locale\" content=\"pt_PT\" \/>\n<meta property=\"og:type\" content=\"article\" \/>\n<meta property=\"og:title\" content=\"FATO DE PROTE\u00c7\u00c3O DESCART\u00c1VEL TIPO 5\/6 &ndash; Chemitool\" \/>\n<meta property=\"og:description\" content=\"Fato de Prote\u00e7\u00e3o Descart\u00e1vel Tipo 5\/6 CHEMITOOL fornece uma boa barreira qu\u00edmica, contra part\u00edculas perigosas. Indicado para prote\u00e7\u00e3o do corpo contra part\u00edculas s\u00f3lidas, salpicos de qu\u00edmicos, part\u00edculas radioativas e agentes infeciosos.\" \/>\n<meta property=\"og:url\" content=\"https:\/\/chemitool.com\/pt-pt\/products\/safety\/vestuario-tecnico\/descartavel\/fato-de-protecao-descartavel-tipo-5-6\/\" \/>\n<meta property=\"og:site_name\" content=\"Chemitool\" \/>\n<meta property=\"article:publisher\" content=\"https:\/\/www.facebook.com\/chemitool\" \/>\n<meta property=\"article:modified_time\" content=\"2021-09-24T08:05:51+00:00\" \/>\n<meta property=\"og:image\" content=\"https:\/\/chemitool.com\/wp-content\/uploads\/2021\/09\/CHS10010101.png\" \/>\n\t<meta property=\"og:image:width\" content=\"800\" \/>\n\t<meta property=\"og:image:height\" content=\"800\" \/>\n<meta name=\"twitter:card\" content=\"summary_large_image\" \/>\n<script type=\"application\/ld+json\" class=\"yoast-schema-graph\">{\"@context\":\"https:\/\/schema.org\",\"@graph\":[{\"@type\":\"Organization\",\"@id\":\"https:\/\/chemitool.com\/#organization\",\"name\":\"Chemitool\",\"url\":\"https:\/\/chemitool.com\/\",\"sameAs\":[\"https:\/\/www.facebook.com\/chemitool\",\"https:\/\/www.instagram.com\/chemitool\/\"],\"logo\":{\"@type\":\"ImageObject\",\"@id\":\"https:\/\/chemitool.com\/#logo\",\"inLanguage\":\"pt-PT\",\"url\":\"https:\/\/chemitool.com\/wp-content\/uploads\/2020\/10\/logo_chemitool.png\",\"contentUrl\":\"https:\/\/chemitool.com\/wp-content\/uploads\/2020\/10\/logo_chemitool.png\",\"width\":400,\"height\":400,\"caption\":\"Chemitool\"},\"image\":{\"@id\":\"https:\/\/chemitool.com\/#logo\"}},{\"@type\":\"WebSite\",\"@id\":\"https:\/\/chemitool.com\/#website\",\"url\":\"https:\/\/chemitool.com\/\",\"name\":\"Chemitool\",\"description\":\"Chemitool - hardware and tools\",\"publisher\":{\"@id\":\"https:\/\/chemitool.com\/#organization\"},\"potentialAction\":[{\"@type\":\"SearchAction\",\"target\":{\"@type\":\"EntryPoint\",\"urlTemplate\":\"https:\/\/chemitool.com\/?s={search_term_string}\"},\"query-input\":\"required name=search_term_string\"}],\"inLanguage\":\"pt-PT\"},{\"@type\":\"ImageObject\",\"@id\":\"https:\/\/chemitool.com\/pt-pt\/products\/safety\/vestuario-tecnico\/descartavel\/fato-de-protecao-descartavel-tipo-5-6\/#primaryimage\",\"inLanguage\":\"pt-PT\",\"url\":\"https:\/\/chemitool.com\/wp-content\/uploads\/2021\/09\/CHS10010101.png\",\"contentUrl\":\"https:\/\/chemitool.com\/wp-content\/uploads\/2021\/09\/CHS10010101.png\",\"width\":800,\"height\":800},{\"@type\":\"WebPage\",\"@id\":\"https:\/\/chemitool.com\/pt-pt\/products\/safety\/vestuario-tecnico\/descartavel\/fato-de-protecao-descartavel-tipo-5-6\/#webpage\",\"url\":\"https:\/\/chemitool.com\/pt-pt\/products\/safety\/vestuario-tecnico\/descartavel\/fato-de-protecao-descartavel-tipo-5-6\/\",\"name\":\"FATO DE PROTE\\u00c7\\u00c3O DESCART\\u00c1VEL TIPO 5\/6 &ndash; Chemitool\",\"isPartOf\":{\"@id\":\"https:\/\/chemitool.com\/#website\"},\"primaryImageOfPage\":{\"@id\":\"https:\/\/chemitool.com\/pt-pt\/products\/safety\/vestuario-tecnico\/descartavel\/fato-de-protecao-descartavel-tipo-5-6\/#primaryimage\"},\"datePublished\":\"2021-09-21T14:26:47+00:00\",\"dateModified\":\"2021-09-24T08:05:51+00:00\",\"description\":\"Fato de Prote\\u00e7\\u00e3o Descart\\u00e1vel Tipo 5\/6 CHEMITOOL fornece uma boa barreira qu\\u00edmica, contra part\\u00edculas perigosas. Indicado para prote\\u00e7\\u00e3o do corpo contra part\\u00edculas s\\u00f3lidas, salpicos de qu\\u00edmicos, part\\u00edculas radioativas e agentes infeciosos.\",\"breadcrumb\":{\"@id\":\"https:\/\/chemitool.com\/pt-pt\/products\/safety\/vestuario-tecnico\/descartavel\/fato-de-protecao-descartavel-tipo-5-6\/#breadcrumb\"},\"inLanguage\":\"pt-PT\",\"potentialAction\":[{\"@type\":\"ReadAction\",\"target\":[\"https:\/\/chemitool.com\/pt-pt\/products\/safety\/vestuario-tecnico\/descartavel\/fato-de-protecao-descartavel-tipo-5-6\/\"]}]},{\"@type\":\"BreadcrumbList\",\"@id\":\"https:\/\/chemitool.com\/pt-pt\/products\/safety\/vestuario-tecnico\/descartavel\/fato-de-protecao-descartavel-tipo-5-6\/#breadcrumb\",\"itemListElement\":[{\"@type\":\"ListItem\",\"position\":1,\"name\":\"Home\",\"item\":\"https:\/\/chemitool.com\/pt-pt\/\"},{\"@type\":\"ListItem\",\"position\":2,\"name\":\"Produtos\",\"item\":\"https:\/\/chemitool.com\/pt-pt\/produtos\/\"},{\"@type\":\"ListItem\",\"position\":3,\"name\":\"Safety\",\"item\":\"https:\/\/chemitool.com\/pt-pt\/categoria-produto\/safety\/\"},{\"@type\":\"ListItem\",\"position\":4,\"name\":\"Vestu\\u00e1rio T\\u00e9cnico\",\"item\":\"https:\/\/chemitool.com\/pt-pt\/categoria-produto\/safety\/vestuario-tecnico\/\"},{\"@type\":\"ListItem\",\"position\":5,\"name\":\"Descart\\u00e1vel\",\"item\":\"https:\/\/chemitool.com\/pt-pt\/categoria-produto\/safety\/vestuario-tecnico\/descartavel\/\"},{\"@type\":\"ListItem\",\"position\":6,\"name\":\"FATO DE PROTE\\u00c7\\u00c3O DESCART\\u00c1VEL TIPO 5\/6\"}]}]}<\/script>\n<!-- \/ Yoast SEO plugin. -->","yoast_head_json":{"title":"FATO DE PROTE\u00c7\u00c3O DESCART\u00c1VEL TIPO 5\/6 &ndash; Chemitool","description":"Fato de Prote\u00e7\u00e3o Descart\u00e1vel Tipo 5\/6 CHEMITOOL fornece uma boa barreira qu\u00edmica, contra part\u00edculas perigosas. Indicado para prote\u00e7\u00e3o do corpo contra part\u00edculas s\u00f3lidas, salpicos de qu\u00edmicos, part\u00edculas radioativas e agentes infeciosos.","robots":{"index":"index","follow":"follow","max-snippet":"max-snippet:-1","max-image-preview":"max-image-preview:large","max-video-preview":"max-video-preview:-1"},"canonical":"https:\/\/chemitool.com\/pt-pt\/products\/safety\/vestuario-tecnico\/descartavel\/fato-de-protecao-descartavel-tipo-5-6\/","og_locale":"pt_PT","og_type":"article","og_title":"FATO DE PROTE\u00c7\u00c3O DESCART\u00c1VEL TIPO 5\/6 &ndash; Chemitool","og_description":"Fato de Prote\u00e7\u00e3o Descart\u00e1vel Tipo 5\/6 CHEMITOOL fornece uma boa barreira qu\u00edmica, contra part\u00edculas perigosas. Indicado para prote\u00e7\u00e3o do corpo contra part\u00edculas s\u00f3lidas, salpicos de qu\u00edmicos, part\u00edculas radioativas e agentes infeciosos.","og_url":"https:\/\/chemitool.com\/pt-pt\/products\/safety\/vestuario-tecnico\/descartavel\/fato-de-protecao-descartavel-tipo-5-6\/","og_site_name":"Chemitool","article_publisher":"https:\/\/www.facebook.com\/chemitool","article_modified_time":"2021-09-24T08:05:51+00:00","og_image":[{"width":800,"height":800,"url":"https:\/\/chemitool.com\/wp-content\/uploads\/2021\/09\/CHS10010101.png","type":"image\/png"}],"twitter_card":"summary_large_image","schema":{"@context":"https:\/\/schema.org","@graph":[{"@type":"Organization","@id":"https:\/\/chemitool.com\/#organization","name":"Chemitool","url":"https:\/\/chemitool.com\/","sameAs":["https:\/\/www.facebook.com\/chemitool","https:\/\/www.instagram.com\/chemitool\/"],"logo":{"@type":"ImageObject","@id":"https:\/\/chemitool.com\/#logo","inLanguage":"pt-PT","url":"https:\/\/chemitool.com\/wp-content\/uploads\/2020\/10\/logo_chemitool.png","contentUrl":"https:\/\/chemitool.com\/wp-content\/uploads\/2020\/10\/logo_chemitool.png","width":400,"height":400,"caption":"Chemitool"},"image":{"@id":"https:\/\/chemitool.com\/#logo"}},{"@type":"WebSite","@id":"https:\/\/chemitool.com\/#website","url":"https:\/\/chemitool.com\/","name":"Chemitool","description":"Chemitool - hardware and tools","publisher":{"@id":"https:\/\/chemitool.com\/#organization"},"potentialAction":[{"@type":"SearchAction","target":{"@type":"EntryPoint","urlTemplate":"https:\/\/chemitool.com\/?s={search_term_string}"},"query-input":"required name=search_term_string"}],"inLanguage":"pt-PT"},{"@type":"ImageObject","@id":"https:\/\/chemitool.com\/pt-pt\/products\/safety\/vestuario-tecnico\/descartavel\/fato-de-protecao-descartavel-tipo-5-6\/#primaryimage","inLanguage":"pt-PT","url":"https:\/\/chemitool.com\/wp-content\/uploads\/2021\/09\/CHS10010101.png","contentUrl":"https:\/\/chemitool.com\/wp-content\/uploads\/2021\/09\/CHS10010101.png","width":800,"height":800},{"@type":"WebPage","@id":"https:\/\/chemitool.com\/pt-pt\/products\/safety\/vestuario-tecnico\/descartavel\/fato-de-protecao-descartavel-tipo-5-6\/#webpage","url":"https:\/\/chemitool.com\/pt-pt\/products\/safety\/vestuario-tecnico\/descartavel\/fato-de-protecao-descartavel-tipo-5-6\/","name":"FATO DE PROTE\u00c7\u00c3O DESCART\u00c1VEL TIPO 5\/6 &ndash; Chemitool","isPartOf":{"@id":"https:\/\/chemitool.com\/#website"},"primaryImageOfPage":{"@id":"https:\/\/chemitool.com\/pt-pt\/products\/safety\/vestuario-tecnico\/descartavel\/fato-de-protecao-descartavel-tipo-5-6\/#primaryimage"},"datePublished":"2021-09-21T14:26:47+00:00","dateModified":"2021-09-24T08:05:51+00:00","description":"Fato de Prote\u00e7\u00e3o Descart\u00e1vel Tipo 5\/6 CHEMITOOL fornece uma boa barreira qu\u00edmica, contra part\u00edculas perigosas. Indicado para prote\u00e7\u00e3o do corpo contra part\u00edculas s\u00f3lidas, salpicos de qu\u00edmicos, part\u00edculas radioativas e agentes infeciosos.","breadcrumb":{"@id":"https:\/\/chemitool.com\/pt-pt\/products\/safety\/vestuario-tecnico\/descartavel\/fato-de-protecao-descartavel-tipo-5-6\/#breadcrumb"},"inLanguage":"pt-PT","potentialAction":[{"@type":"ReadAction","target":["https:\/\/chemitool.com\/pt-pt\/products\/safety\/vestuario-tecnico\/descartavel\/fato-de-protecao-descartavel-tipo-5-6\/"]}]},{"@type":"BreadcrumbList","@id":"https:\/\/chemitool.com\/pt-pt\/products\/safety\/vestuario-tecnico\/descartavel\/fato-de-protecao-descartavel-tipo-5-6\/#breadcrumb","itemListElement":[{"@type":"ListItem","position":1,"name":"Home","item":"https:\/\/chemitool.com\/pt-pt\/"},{"@type":"ListItem","position":2,"name":"Produtos","item":"https:\/\/chemitool.com\/pt-pt\/produtos\/"},{"@type":"ListItem","position":3,"name":"Safety","item":"https:\/\/chemitool.com\/pt-pt\/categoria-produto\/safety\/"},{"@type":"ListItem","position":4,"name":"Vestu\u00e1rio T\u00e9cnico","item":"https:\/\/chemitool.com\/pt-pt\/categoria-produto\/safety\/vestuario-tecnico\/"},{"@type":"ListItem","position":5,"name":"Descart\u00e1vel","item":"https:\/\/chemitool.com\/pt-pt\/categoria-produto\/safety\/vestuario-tecnico\/descartavel\/"},{"@type":"ListItem","position":6,"name":"FATO DE PROTE\u00c7\u00c3O DESCART\u00c1VEL TIPO 5\/6"}]}]}},"_links":{"self":[{"href":"https:\/\/chemitool.com\/pt-pt\/wp-json\/wp\/v2\/product\/15763"}],"collection":[{"href":"https:\/\/chemitool.com\/pt-pt\/wp-json\/wp\/v2\/product"}],"about":[{"href":"https:\/\/chemitool.com\/pt-pt\/wp-json\/wp\/v2\/types\/product"}],"wp:featuredmedia":[{"embeddable":true,"href":"https:\/\/chemitool.com\/pt-pt\/wp-json\/wp\/v2\/media\/15792"}],"wp:attachment":[{"href":"https:\/\/chemitool.com\/pt-pt\/wp-json\/wp\/v2\/media?parent=15763"}],"wp:term":[{"taxonomy":"product_cat","embeddable":true,"href":"https:\/\/chemitool.com\/pt-pt\/wp-json\/wp\/v2\/product_cat?post=15763"},{"taxonomy":"product_tag","embeddable":true,"href":"https:\/\/chemitool.com\/pt-pt\/wp-json\/wp\/v2\/product_tag?post=15763"}],"curies":[{"name":"wp","href":"https:\/\/api.w.org\/{rel}","templated":true}]}}