{"id":15745,"date":"2021-09-21T10:29:18","date_gmt":"2021-09-21T10:29:23","guid":{"rendered":"https:\/\/chemitool.com\/?post_type=product&#038;p=15745"},"modified":"2022-10-28T13:47:50","modified_gmt":"2022-10-28T13:47:50","slug":"colete-tucson","status":"publish","type":"product","link":"https:\/\/chemitool.com\/pt-pt\/products\/safety\/vestuario-de-trabalho\/colete-tucson\/","title":{"rendered":"COLETE TUCSON"},"content":{"rendered":"<ul>\n<li>100% algod\u00e3o<\/li>\n<li>Cintura ajust\u00e1vel com bot\u00e3o<\/li>\n<li>Suporte para crach\u00e1<\/li>\n<li>Fitas refletoras nos ombros<\/li>\n<\/ul>\n","protected":false},"excerpt":{"rendered":"<p><em>Colete TUCSON CHEMITOOL<\/em> fecho dianteiro de correr pl\u00e1stico, fecho de bot\u00e3o na cintura, tr\u00eas bolsos dianteiros com <em>LOCK SYSTEM,<\/em> dois bolsos canguru com aba e bot\u00e3o met\u00e1lico, suporte de crach\u00e1 destac\u00e1vel, rebat\u00edvel, bolso de lapela multifun\u00e7\u00f5es. Fitas refletoras nos ombros. Modelo de ajuste aos estilo de cal\u00e7as de ganga. Forro t\u00e9cnico a seco em cor contrastante, abertura para facilitar a estampagem e a aplica\u00e7\u00e3o de bordados.<\/p>\n","protected":false},"featured_media":16024,"template":"","meta":[],"product_cat":[1453,3463],"product_tag":[],"yoast_head":"<!-- This site is optimized with the Yoast SEO plugin v17.4 - https:\/\/yoast.com\/wordpress\/plugins\/seo\/ -->\n<title>COLETE TUCSON &ndash; Chemitool<\/title>\n<meta name=\"description\" content=\"Colete TUCSON CHEMITOOL fecho dianteiro de correr pl\u00e1stico, fecho de bot\u00e3o na cintura, tr\u00eas bolsos dianteiros com LOCK SYSTEM, dois bolsos canguru com aba e bot\u00e3o met\u00e1lico, suporte de crach\u00e1 destac\u00e1vel, rebat\u00edvel, bolso de lapela multifun\u00e7\u00f5es. Fitas refletoras nos ombros. Modelo de ajuste aos estilo de cal\u00e7as de ganga. Forro t\u00e9cnico a seco em cor contrastante, abertura para facilitar a estampagem e a aplica\u00e7\u00e3o de bordados.\" \/>\n<meta name=\"robots\" content=\"index, follow, max-snippet:-1, max-image-preview:large, max-video-preview:-1\" \/>\n<link rel=\"canonical\" href=\"https:\/\/chemitool.com\/pt-pt\/products\/safety\/vestuario-de-trabalho\/colete-tucson\/\" \/>\n<meta property=\"og:locale\" content=\"pt_PT\" \/>\n<meta property=\"og:type\" content=\"article\" \/>\n<meta property=\"og:title\" content=\"COLETE TUCSON &ndash; Chemitool\" \/>\n<meta property=\"og:description\" content=\"Colete TUCSON CHEMITOOL fecho dianteiro de correr pl\u00e1stico, fecho de bot\u00e3o na cintura, tr\u00eas bolsos dianteiros com LOCK SYSTEM, dois bolsos canguru com aba e bot\u00e3o met\u00e1lico, suporte de crach\u00e1 destac\u00e1vel, rebat\u00edvel, bolso de lapela multifun\u00e7\u00f5es. Fitas refletoras nos ombros. Modelo de ajuste aos estilo de cal\u00e7as de ganga. Forro t\u00e9cnico a seco em cor contrastante, abertura para facilitar a estampagem e a aplica\u00e7\u00e3o de bordados.\" \/>\n<meta property=\"og:url\" content=\"https:\/\/chemitool.com\/pt-pt\/products\/safety\/vestuario-de-trabalho\/colete-tucson\/\" \/>\n<meta property=\"og:site_name\" content=\"Chemitool\" \/>\n<meta property=\"article:publisher\" content=\"https:\/\/www.facebook.com\/chemitool\" \/>\n<meta property=\"article:modified_time\" content=\"2022-10-28T13:47:50+00:00\" \/>\n<meta property=\"og:image\" content=\"https:\/\/chemitool.com\/wp-content\/uploads\/2021\/09\/P03170064_frente_cinza.png\" \/>\n\t<meta property=\"og:image:width\" content=\"800\" \/>\n\t<meta property=\"og:image:height\" content=\"800\" \/>\n<meta name=\"twitter:card\" content=\"summary_large_image\" \/>\n<script type=\"application\/ld+json\" class=\"yoast-schema-graph\">{\"@context\":\"https:\/\/schema.org\",\"@graph\":[{\"@type\":\"Organization\",\"@id\":\"https:\/\/chemitool.com\/#organization\",\"name\":\"Chemitool\",\"url\":\"https:\/\/chemitool.com\/\",\"sameAs\":[\"https:\/\/www.facebook.com\/chemitool\",\"https:\/\/www.instagram.com\/chemitool\/\"],\"logo\":{\"@type\":\"ImageObject\",\"@id\":\"https:\/\/chemitool.com\/#logo\",\"inLanguage\":\"pt-PT\",\"url\":\"https:\/\/chemitool.com\/wp-content\/uploads\/2020\/10\/logo_chemitool.png\",\"contentUrl\":\"https:\/\/chemitool.com\/wp-content\/uploads\/2020\/10\/logo_chemitool.png\",\"width\":400,\"height\":400,\"caption\":\"Chemitool\"},\"image\":{\"@id\":\"https:\/\/chemitool.com\/#logo\"}},{\"@type\":\"WebSite\",\"@id\":\"https:\/\/chemitool.com\/#website\",\"url\":\"https:\/\/chemitool.com\/\",\"name\":\"Chemitool\",\"description\":\"Chemitool - hardware and tools\",\"publisher\":{\"@id\":\"https:\/\/chemitool.com\/#organization\"},\"potentialAction\":[{\"@type\":\"SearchAction\",\"target\":{\"@type\":\"EntryPoint\",\"urlTemplate\":\"https:\/\/chemitool.com\/?s={search_term_string}\"},\"query-input\":\"required name=search_term_string\"}],\"inLanguage\":\"pt-PT\"},{\"@type\":\"ImageObject\",\"@id\":\"https:\/\/chemitool.com\/pt-pt\/products\/safety\/vestuario-de-trabalho\/colete-tucson\/#primaryimage\",\"inLanguage\":\"pt-PT\",\"url\":\"https:\/\/chemitool.com\/wp-content\/uploads\/2021\/09\/P03170064_frente_cinza.png\",\"contentUrl\":\"https:\/\/chemitool.com\/wp-content\/uploads\/2021\/09\/P03170064_frente_cinza.png\",\"width\":800,\"height\":800},{\"@type\":\"WebPage\",\"@id\":\"https:\/\/chemitool.com\/pt-pt\/products\/safety\/vestuario-de-trabalho\/colete-tucson\/#webpage\",\"url\":\"https:\/\/chemitool.com\/pt-pt\/products\/safety\/vestuario-de-trabalho\/colete-tucson\/\",\"name\":\"COLETE TUCSON &ndash; Chemitool\",\"isPartOf\":{\"@id\":\"https:\/\/chemitool.com\/#website\"},\"primaryImageOfPage\":{\"@id\":\"https:\/\/chemitool.com\/pt-pt\/products\/safety\/vestuario-de-trabalho\/colete-tucson\/#primaryimage\"},\"datePublished\":\"2021-09-21T10:29:23+00:00\",\"dateModified\":\"2022-10-28T13:47:50+00:00\",\"description\":\"Colete TUCSON CHEMITOOL fecho dianteiro de correr pl\\u00e1stico, fecho de bot\\u00e3o na cintura, tr\\u00eas bolsos dianteiros com LOCK SYSTEM, dois bolsos canguru com aba e bot\\u00e3o met\\u00e1lico, suporte de crach\\u00e1 destac\\u00e1vel, rebat\\u00edvel, bolso de lapela multifun\\u00e7\\u00f5es. Fitas refletoras nos ombros. Modelo de ajuste aos estilo de cal\\u00e7as de ganga. Forro t\\u00e9cnico a seco em cor contrastante, abertura para facilitar a estampagem e a aplica\\u00e7\\u00e3o de bordados.\",\"breadcrumb\":{\"@id\":\"https:\/\/chemitool.com\/pt-pt\/products\/safety\/vestuario-de-trabalho\/colete-tucson\/#breadcrumb\"},\"inLanguage\":\"pt-PT\",\"potentialAction\":[{\"@type\":\"ReadAction\",\"target\":[\"https:\/\/chemitool.com\/pt-pt\/products\/safety\/vestuario-de-trabalho\/colete-tucson\/\"]}]},{\"@type\":\"BreadcrumbList\",\"@id\":\"https:\/\/chemitool.com\/pt-pt\/products\/safety\/vestuario-de-trabalho\/colete-tucson\/#breadcrumb\",\"itemListElement\":[{\"@type\":\"ListItem\",\"position\":1,\"name\":\"Home\",\"item\":\"https:\/\/chemitool.com\/pt-pt\/\"},{\"@type\":\"ListItem\",\"position\":2,\"name\":\"Produtos\",\"item\":\"https:\/\/chemitool.com\/pt-pt\/produtos\/\"},{\"@type\":\"ListItem\",\"position\":3,\"name\":\"Safety\",\"item\":\"https:\/\/chemitool.com\/pt-pt\/categoria-produto\/safety\/\"},{\"@type\":\"ListItem\",\"position\":4,\"name\":\"Vestu\\u00e1rio de Trabalho\",\"item\":\"https:\/\/chemitool.com\/pt-pt\/categoria-produto\/safety\/vestuario-de-trabalho\/\"},{\"@type\":\"ListItem\",\"position\":5,\"name\":\"COLETE TUCSON\"}]}]}<\/script>\n<!-- \/ Yoast SEO plugin. -->","yoast_head_json":{"title":"COLETE TUCSON &ndash; Chemitool","description":"Colete TUCSON CHEMITOOL fecho dianteiro de correr pl\u00e1stico, fecho de bot\u00e3o na cintura, tr\u00eas bolsos dianteiros com LOCK SYSTEM, dois bolsos canguru com aba e bot\u00e3o met\u00e1lico, suporte de crach\u00e1 destac\u00e1vel, rebat\u00edvel, bolso de lapela multifun\u00e7\u00f5es. Fitas refletoras nos ombros. Modelo de ajuste aos estilo de cal\u00e7as de ganga. Forro t\u00e9cnico a seco em cor contrastante, abertura para facilitar a estampagem e a aplica\u00e7\u00e3o de bordados.","robots":{"index":"index","follow":"follow","max-snippet":"max-snippet:-1","max-image-preview":"max-image-preview:large","max-video-preview":"max-video-preview:-1"},"canonical":"https:\/\/chemitool.com\/pt-pt\/products\/safety\/vestuario-de-trabalho\/colete-tucson\/","og_locale":"pt_PT","og_type":"article","og_title":"COLETE TUCSON &ndash; Chemitool","og_description":"Colete TUCSON CHEMITOOL fecho dianteiro de correr pl\u00e1stico, fecho de bot\u00e3o na cintura, tr\u00eas bolsos dianteiros com LOCK SYSTEM, dois bolsos canguru com aba e bot\u00e3o met\u00e1lico, suporte de crach\u00e1 destac\u00e1vel, rebat\u00edvel, bolso de lapela multifun\u00e7\u00f5es. Fitas refletoras nos ombros. Modelo de ajuste aos estilo de cal\u00e7as de ganga. Forro t\u00e9cnico a seco em cor contrastante, abertura para facilitar a estampagem e a aplica\u00e7\u00e3o de bordados.","og_url":"https:\/\/chemitool.com\/pt-pt\/products\/safety\/vestuario-de-trabalho\/colete-tucson\/","og_site_name":"Chemitool","article_publisher":"https:\/\/www.facebook.com\/chemitool","article_modified_time":"2022-10-28T13:47:50+00:00","og_image":[{"width":800,"height":800,"url":"https:\/\/chemitool.com\/wp-content\/uploads\/2021\/09\/P03170064_frente_cinza.png","type":"image\/png"}],"twitter_card":"summary_large_image","schema":{"@context":"https:\/\/schema.org","@graph":[{"@type":"Organization","@id":"https:\/\/chemitool.com\/#organization","name":"Chemitool","url":"https:\/\/chemitool.com\/","sameAs":["https:\/\/www.facebook.com\/chemitool","https:\/\/www.instagram.com\/chemitool\/"],"logo":{"@type":"ImageObject","@id":"https:\/\/chemitool.com\/#logo","inLanguage":"pt-PT","url":"https:\/\/chemitool.com\/wp-content\/uploads\/2020\/10\/logo_chemitool.png","contentUrl":"https:\/\/chemitool.com\/wp-content\/uploads\/2020\/10\/logo_chemitool.png","width":400,"height":400,"caption":"Chemitool"},"image":{"@id":"https:\/\/chemitool.com\/#logo"}},{"@type":"WebSite","@id":"https:\/\/chemitool.com\/#website","url":"https:\/\/chemitool.com\/","name":"Chemitool","description":"Chemitool - hardware and tools","publisher":{"@id":"https:\/\/chemitool.com\/#organization"},"potentialAction":[{"@type":"SearchAction","target":{"@type":"EntryPoint","urlTemplate":"https:\/\/chemitool.com\/?s={search_term_string}"},"query-input":"required name=search_term_string"}],"inLanguage":"pt-PT"},{"@type":"ImageObject","@id":"https:\/\/chemitool.com\/pt-pt\/products\/safety\/vestuario-de-trabalho\/colete-tucson\/#primaryimage","inLanguage":"pt-PT","url":"https:\/\/chemitool.com\/wp-content\/uploads\/2021\/09\/P03170064_frente_cinza.png","contentUrl":"https:\/\/chemitool.com\/wp-content\/uploads\/2021\/09\/P03170064_frente_cinza.png","width":800,"height":800},{"@type":"WebPage","@id":"https:\/\/chemitool.com\/pt-pt\/products\/safety\/vestuario-de-trabalho\/colete-tucson\/#webpage","url":"https:\/\/chemitool.com\/pt-pt\/products\/safety\/vestuario-de-trabalho\/colete-tucson\/","name":"COLETE TUCSON &ndash; Chemitool","isPartOf":{"@id":"https:\/\/chemitool.com\/#website"},"primaryImageOfPage":{"@id":"https:\/\/chemitool.com\/pt-pt\/products\/safety\/vestuario-de-trabalho\/colete-tucson\/#primaryimage"},"datePublished":"2021-09-21T10:29:23+00:00","dateModified":"2022-10-28T13:47:50+00:00","description":"Colete TUCSON CHEMITOOL fecho dianteiro de correr pl\u00e1stico, fecho de bot\u00e3o na cintura, tr\u00eas bolsos dianteiros com LOCK SYSTEM, dois bolsos canguru com aba e bot\u00e3o met\u00e1lico, suporte de crach\u00e1 destac\u00e1vel, rebat\u00edvel, bolso de lapela multifun\u00e7\u00f5es. Fitas refletoras nos ombros. Modelo de ajuste aos estilo de cal\u00e7as de ganga. Forro t\u00e9cnico a seco em cor contrastante, abertura para facilitar a estampagem e a aplica\u00e7\u00e3o de bordados.","breadcrumb":{"@id":"https:\/\/chemitool.com\/pt-pt\/products\/safety\/vestuario-de-trabalho\/colete-tucson\/#breadcrumb"},"inLanguage":"pt-PT","potentialAction":[{"@type":"ReadAction","target":["https:\/\/chemitool.com\/pt-pt\/products\/safety\/vestuario-de-trabalho\/colete-tucson\/"]}]},{"@type":"BreadcrumbList","@id":"https:\/\/chemitool.com\/pt-pt\/products\/safety\/vestuario-de-trabalho\/colete-tucson\/#breadcrumb","itemListElement":[{"@type":"ListItem","position":1,"name":"Home","item":"https:\/\/chemitool.com\/pt-pt\/"},{"@type":"ListItem","position":2,"name":"Produtos","item":"https:\/\/chemitool.com\/pt-pt\/produtos\/"},{"@type":"ListItem","position":3,"name":"Safety","item":"https:\/\/chemitool.com\/pt-pt\/categoria-produto\/safety\/"},{"@type":"ListItem","position":4,"name":"Vestu\u00e1rio de Trabalho","item":"https:\/\/chemitool.com\/pt-pt\/categoria-produto\/safety\/vestuario-de-trabalho\/"},{"@type":"ListItem","position":5,"name":"COLETE TUCSON"}]}]}},"_links":{"self":[{"href":"https:\/\/chemitool.com\/pt-pt\/wp-json\/wp\/v2\/product\/15745"}],"collection":[{"href":"https:\/\/chemitool.com\/pt-pt\/wp-json\/wp\/v2\/product"}],"about":[{"href":"https:\/\/chemitool.com\/pt-pt\/wp-json\/wp\/v2\/types\/product"}],"wp:featuredmedia":[{"embeddable":true,"href":"https:\/\/chemitool.com\/pt-pt\/wp-json\/wp\/v2\/media\/16024"}],"wp:attachment":[{"href":"https:\/\/chemitool.com\/pt-pt\/wp-json\/wp\/v2\/media?parent=15745"}],"wp:term":[{"taxonomy":"product_cat","embeddable":true,"href":"https:\/\/chemitool.com\/pt-pt\/wp-json\/wp\/v2\/product_cat?post=15745"},{"taxonomy":"product_tag","embeddable":true,"href":"https:\/\/chemitool.com\/pt-pt\/wp-json\/wp\/v2\/product_tag?post=15745"}],"curies":[{"name":"wp","href":"https:\/\/api.w.org\/{rel}","templated":true}]}}