{"id":15731,"date":"2021-09-21T10:00:50","date_gmt":"2021-09-21T10:00:51","guid":{"rendered":"https:\/\/chemitool.com\/?post_type=product&#038;p=15731"},"modified":"2022-10-28T16:24:21","modified_gmt":"2022-10-28T16:24:21","slug":"colete-pocket","status":"publish","type":"product","link":"https:\/\/chemitool.com\/pt-pt\/products\/safety\/vestuario-de-trabalho\/colete-pocket\/","title":{"rendered":"COLETE POCKET"},"content":{"rendered":"<ul>\n<li>M\u00faltiplos bolsos<\/li>\n<li>Forro \u00e0 prova de \u00e1gua &#8211; <em>Drytech<\/em><\/li>\n<li>Fecho de correr<\/li>\n<li>Fitas refletoras no peito e costas<\/li>\n<\/ul>\n<p><img class=\"alignnone size-full wp-image-15379\" src=\"https:\/\/chemitool.com\/wp-content\/uploads\/2021\/09\/MAN.png\" alt=\"\" width=\"85\" height=\"97\" \/><img class=\"alignnone size-full wp-image-15329\" src=\"https:\/\/chemitool.com\/wp-content\/uploads\/2021\/09\/COMFORT-FIT.png\" alt=\"\" width=\"85\" height=\"97\" \/><img class=\"alignnone size-full wp-image-15326\" src=\"https:\/\/chemitool.com\/wp-content\/uploads\/2021\/09\/BREATHABLE.png\" alt=\"\" width=\"85\" height=\"97\" \/><\/p>\n","protected":false},"excerpt":{"rendered":"<p><em>Colete POCKET CHEMITOOL<\/em> \u00e9 um colete de ver\u00e3o, fecho de correr, sistema de m\u00faltiplos bolsos dianteiros com porta-identifica\u00e7\u00e3o revers\u00edvel, fitas refletoras no peito e nas costas, bolso traseiro espa\u00e7oso. Interior: forro com membrana \u00e0 prova de \u00e1gua <i>Drytech<\/i> em cor contrastante, aberto para facilitar a estampagem ou a aplica\u00e7\u00e3o de bordados.<\/p>\n","protected":false},"featured_media":16009,"template":"","meta":[],"product_cat":[1453,3463],"product_tag":[],"yoast_head":"<!-- This site is optimized with the Yoast SEO plugin v17.4 - https:\/\/yoast.com\/wordpress\/plugins\/seo\/ -->\n<title>COLETE POCKET &ndash; Chemitool<\/title>\n<meta name=\"description\" content=\"Colete POCKET CHEMITOOL \u00e9 um colete de ver\u00e3o, fecho de correr, sistema de m\u00faltiplos bolsos dianteiros com porta-identifica\u00e7\u00e3o revers\u00edvel, fitas refletoras no peito e nas costas, bolso traseiro espa\u00e7oso. Interior: forro com membrana \u00e0 prova de \u00e1gua Drytech em cor contrastante, aberto para facilitar a estampagem ou a aplica\u00e7\u00e3o de bordados.\" \/>\n<meta name=\"robots\" content=\"index, follow, max-snippet:-1, max-image-preview:large, max-video-preview:-1\" \/>\n<link rel=\"canonical\" href=\"https:\/\/chemitool.com\/pt-pt\/products\/safety\/vestuario-de-trabalho\/colete-pocket\/\" \/>\n<meta property=\"og:locale\" content=\"pt_PT\" \/>\n<meta property=\"og:type\" content=\"article\" \/>\n<meta property=\"og:title\" content=\"COLETE POCKET &ndash; Chemitool\" \/>\n<meta property=\"og:description\" content=\"Colete POCKET CHEMITOOL \u00e9 um colete de ver\u00e3o, fecho de correr, sistema de m\u00faltiplos bolsos dianteiros com porta-identifica\u00e7\u00e3o revers\u00edvel, fitas refletoras no peito e nas costas, bolso traseiro espa\u00e7oso. Interior: forro com membrana \u00e0 prova de \u00e1gua Drytech em cor contrastante, aberto para facilitar a estampagem ou a aplica\u00e7\u00e3o de bordados.\" \/>\n<meta property=\"og:url\" content=\"https:\/\/chemitool.com\/pt-pt\/products\/safety\/vestuario-de-trabalho\/colete-pocket\/\" \/>\n<meta property=\"og:site_name\" content=\"Chemitool\" \/>\n<meta property=\"article:publisher\" content=\"https:\/\/www.facebook.com\/chemitool\" \/>\n<meta property=\"article:modified_time\" content=\"2022-10-28T16:24:21+00:00\" \/>\n<meta property=\"og:image\" content=\"https:\/\/chemitool.com\/wp-content\/uploads\/2021\/09\/P01870054_caqui.png\" \/>\n\t<meta property=\"og:image:width\" content=\"800\" \/>\n\t<meta property=\"og:image:height\" content=\"800\" \/>\n<meta name=\"twitter:card\" content=\"summary_large_image\" \/>\n<script type=\"application\/ld+json\" class=\"yoast-schema-graph\">{\"@context\":\"https:\/\/schema.org\",\"@graph\":[{\"@type\":\"Organization\",\"@id\":\"https:\/\/chemitool.com\/#organization\",\"name\":\"Chemitool\",\"url\":\"https:\/\/chemitool.com\/\",\"sameAs\":[\"https:\/\/www.facebook.com\/chemitool\",\"https:\/\/www.instagram.com\/chemitool\/\"],\"logo\":{\"@type\":\"ImageObject\",\"@id\":\"https:\/\/chemitool.com\/#logo\",\"inLanguage\":\"pt-PT\",\"url\":\"https:\/\/chemitool.com\/wp-content\/uploads\/2020\/10\/logo_chemitool.png\",\"contentUrl\":\"https:\/\/chemitool.com\/wp-content\/uploads\/2020\/10\/logo_chemitool.png\",\"width\":400,\"height\":400,\"caption\":\"Chemitool\"},\"image\":{\"@id\":\"https:\/\/chemitool.com\/#logo\"}},{\"@type\":\"WebSite\",\"@id\":\"https:\/\/chemitool.com\/#website\",\"url\":\"https:\/\/chemitool.com\/\",\"name\":\"Chemitool\",\"description\":\"Chemitool - hardware and tools\",\"publisher\":{\"@id\":\"https:\/\/chemitool.com\/#organization\"},\"potentialAction\":[{\"@type\":\"SearchAction\",\"target\":{\"@type\":\"EntryPoint\",\"urlTemplate\":\"https:\/\/chemitool.com\/?s={search_term_string}\"},\"query-input\":\"required name=search_term_string\"}],\"inLanguage\":\"pt-PT\"},{\"@type\":\"ImageObject\",\"@id\":\"https:\/\/chemitool.com\/pt-pt\/products\/safety\/vestuario-de-trabalho\/colete-pocket\/#primaryimage\",\"inLanguage\":\"pt-PT\",\"url\":\"https:\/\/chemitool.com\/wp-content\/uploads\/2021\/09\/P01870054_caqui.png\",\"contentUrl\":\"https:\/\/chemitool.com\/wp-content\/uploads\/2021\/09\/P01870054_caqui.png\",\"width\":800,\"height\":800},{\"@type\":\"WebPage\",\"@id\":\"https:\/\/chemitool.com\/pt-pt\/products\/safety\/vestuario-de-trabalho\/colete-pocket\/#webpage\",\"url\":\"https:\/\/chemitool.com\/pt-pt\/products\/safety\/vestuario-de-trabalho\/colete-pocket\/\",\"name\":\"COLETE POCKET &ndash; Chemitool\",\"isPartOf\":{\"@id\":\"https:\/\/chemitool.com\/#website\"},\"primaryImageOfPage\":{\"@id\":\"https:\/\/chemitool.com\/pt-pt\/products\/safety\/vestuario-de-trabalho\/colete-pocket\/#primaryimage\"},\"datePublished\":\"2021-09-21T10:00:51+00:00\",\"dateModified\":\"2022-10-28T16:24:21+00:00\",\"description\":\"Colete POCKET CHEMITOOL \\u00e9 um colete de ver\\u00e3o, fecho de correr, sistema de m\\u00faltiplos bolsos dianteiros com porta-identifica\\u00e7\\u00e3o revers\\u00edvel, fitas refletoras no peito e nas costas, bolso traseiro espa\\u00e7oso. Interior: forro com membrana \\u00e0 prova de \\u00e1gua Drytech em cor contrastante, aberto para facilitar a estampagem ou a aplica\\u00e7\\u00e3o de bordados.\",\"breadcrumb\":{\"@id\":\"https:\/\/chemitool.com\/pt-pt\/products\/safety\/vestuario-de-trabalho\/colete-pocket\/#breadcrumb\"},\"inLanguage\":\"pt-PT\",\"potentialAction\":[{\"@type\":\"ReadAction\",\"target\":[\"https:\/\/chemitool.com\/pt-pt\/products\/safety\/vestuario-de-trabalho\/colete-pocket\/\"]}]},{\"@type\":\"BreadcrumbList\",\"@id\":\"https:\/\/chemitool.com\/pt-pt\/products\/safety\/vestuario-de-trabalho\/colete-pocket\/#breadcrumb\",\"itemListElement\":[{\"@type\":\"ListItem\",\"position\":1,\"name\":\"Home\",\"item\":\"https:\/\/chemitool.com\/pt-pt\/\"},{\"@type\":\"ListItem\",\"position\":2,\"name\":\"Produtos\",\"item\":\"https:\/\/chemitool.com\/pt-pt\/produtos\/\"},{\"@type\":\"ListItem\",\"position\":3,\"name\":\"Safety\",\"item\":\"https:\/\/chemitool.com\/pt-pt\/categoria-produto\/safety\/\"},{\"@type\":\"ListItem\",\"position\":4,\"name\":\"Vestu\\u00e1rio de Trabalho\",\"item\":\"https:\/\/chemitool.com\/pt-pt\/categoria-produto\/safety\/vestuario-de-trabalho\/\"},{\"@type\":\"ListItem\",\"position\":5,\"name\":\"COLETE POCKET\"}]}]}<\/script>\n<!-- \/ Yoast SEO plugin. -->","yoast_head_json":{"title":"COLETE POCKET &ndash; Chemitool","description":"Colete POCKET CHEMITOOL \u00e9 um colete de ver\u00e3o, fecho de correr, sistema de m\u00faltiplos bolsos dianteiros com porta-identifica\u00e7\u00e3o revers\u00edvel, fitas refletoras no peito e nas costas, bolso traseiro espa\u00e7oso. Interior: forro com membrana \u00e0 prova de \u00e1gua Drytech em cor contrastante, aberto para facilitar a estampagem ou a aplica\u00e7\u00e3o de bordados.","robots":{"index":"index","follow":"follow","max-snippet":"max-snippet:-1","max-image-preview":"max-image-preview:large","max-video-preview":"max-video-preview:-1"},"canonical":"https:\/\/chemitool.com\/pt-pt\/products\/safety\/vestuario-de-trabalho\/colete-pocket\/","og_locale":"pt_PT","og_type":"article","og_title":"COLETE POCKET &ndash; Chemitool","og_description":"Colete POCKET CHEMITOOL \u00e9 um colete de ver\u00e3o, fecho de correr, sistema de m\u00faltiplos bolsos dianteiros com porta-identifica\u00e7\u00e3o revers\u00edvel, fitas refletoras no peito e nas costas, bolso traseiro espa\u00e7oso. Interior: forro com membrana \u00e0 prova de \u00e1gua Drytech em cor contrastante, aberto para facilitar a estampagem ou a aplica\u00e7\u00e3o de bordados.","og_url":"https:\/\/chemitool.com\/pt-pt\/products\/safety\/vestuario-de-trabalho\/colete-pocket\/","og_site_name":"Chemitool","article_publisher":"https:\/\/www.facebook.com\/chemitool","article_modified_time":"2022-10-28T16:24:21+00:00","og_image":[{"width":800,"height":800,"url":"https:\/\/chemitool.com\/wp-content\/uploads\/2021\/09\/P01870054_caqui.png","type":"image\/png"}],"twitter_card":"summary_large_image","schema":{"@context":"https:\/\/schema.org","@graph":[{"@type":"Organization","@id":"https:\/\/chemitool.com\/#organization","name":"Chemitool","url":"https:\/\/chemitool.com\/","sameAs":["https:\/\/www.facebook.com\/chemitool","https:\/\/www.instagram.com\/chemitool\/"],"logo":{"@type":"ImageObject","@id":"https:\/\/chemitool.com\/#logo","inLanguage":"pt-PT","url":"https:\/\/chemitool.com\/wp-content\/uploads\/2020\/10\/logo_chemitool.png","contentUrl":"https:\/\/chemitool.com\/wp-content\/uploads\/2020\/10\/logo_chemitool.png","width":400,"height":400,"caption":"Chemitool"},"image":{"@id":"https:\/\/chemitool.com\/#logo"}},{"@type":"WebSite","@id":"https:\/\/chemitool.com\/#website","url":"https:\/\/chemitool.com\/","name":"Chemitool","description":"Chemitool - hardware and tools","publisher":{"@id":"https:\/\/chemitool.com\/#organization"},"potentialAction":[{"@type":"SearchAction","target":{"@type":"EntryPoint","urlTemplate":"https:\/\/chemitool.com\/?s={search_term_string}"},"query-input":"required name=search_term_string"}],"inLanguage":"pt-PT"},{"@type":"ImageObject","@id":"https:\/\/chemitool.com\/pt-pt\/products\/safety\/vestuario-de-trabalho\/colete-pocket\/#primaryimage","inLanguage":"pt-PT","url":"https:\/\/chemitool.com\/wp-content\/uploads\/2021\/09\/P01870054_caqui.png","contentUrl":"https:\/\/chemitool.com\/wp-content\/uploads\/2021\/09\/P01870054_caqui.png","width":800,"height":800},{"@type":"WebPage","@id":"https:\/\/chemitool.com\/pt-pt\/products\/safety\/vestuario-de-trabalho\/colete-pocket\/#webpage","url":"https:\/\/chemitool.com\/pt-pt\/products\/safety\/vestuario-de-trabalho\/colete-pocket\/","name":"COLETE POCKET &ndash; Chemitool","isPartOf":{"@id":"https:\/\/chemitool.com\/#website"},"primaryImageOfPage":{"@id":"https:\/\/chemitool.com\/pt-pt\/products\/safety\/vestuario-de-trabalho\/colete-pocket\/#primaryimage"},"datePublished":"2021-09-21T10:00:51+00:00","dateModified":"2022-10-28T16:24:21+00:00","description":"Colete POCKET CHEMITOOL \u00e9 um colete de ver\u00e3o, fecho de correr, sistema de m\u00faltiplos bolsos dianteiros com porta-identifica\u00e7\u00e3o revers\u00edvel, fitas refletoras no peito e nas costas, bolso traseiro espa\u00e7oso. Interior: forro com membrana \u00e0 prova de \u00e1gua Drytech em cor contrastante, aberto para facilitar a estampagem ou a aplica\u00e7\u00e3o de bordados.","breadcrumb":{"@id":"https:\/\/chemitool.com\/pt-pt\/products\/safety\/vestuario-de-trabalho\/colete-pocket\/#breadcrumb"},"inLanguage":"pt-PT","potentialAction":[{"@type":"ReadAction","target":["https:\/\/chemitool.com\/pt-pt\/products\/safety\/vestuario-de-trabalho\/colete-pocket\/"]}]},{"@type":"BreadcrumbList","@id":"https:\/\/chemitool.com\/pt-pt\/products\/safety\/vestuario-de-trabalho\/colete-pocket\/#breadcrumb","itemListElement":[{"@type":"ListItem","position":1,"name":"Home","item":"https:\/\/chemitool.com\/pt-pt\/"},{"@type":"ListItem","position":2,"name":"Produtos","item":"https:\/\/chemitool.com\/pt-pt\/produtos\/"},{"@type":"ListItem","position":3,"name":"Safety","item":"https:\/\/chemitool.com\/pt-pt\/categoria-produto\/safety\/"},{"@type":"ListItem","position":4,"name":"Vestu\u00e1rio de Trabalho","item":"https:\/\/chemitool.com\/pt-pt\/categoria-produto\/safety\/vestuario-de-trabalho\/"},{"@type":"ListItem","position":5,"name":"COLETE POCKET"}]}]}},"_links":{"self":[{"href":"https:\/\/chemitool.com\/pt-pt\/wp-json\/wp\/v2\/product\/15731"}],"collection":[{"href":"https:\/\/chemitool.com\/pt-pt\/wp-json\/wp\/v2\/product"}],"about":[{"href":"https:\/\/chemitool.com\/pt-pt\/wp-json\/wp\/v2\/types\/product"}],"wp:featuredmedia":[{"embeddable":true,"href":"https:\/\/chemitool.com\/pt-pt\/wp-json\/wp\/v2\/media\/16009"}],"wp:attachment":[{"href":"https:\/\/chemitool.com\/pt-pt\/wp-json\/wp\/v2\/media?parent=15731"}],"wp:term":[{"taxonomy":"product_cat","embeddable":true,"href":"https:\/\/chemitool.com\/pt-pt\/wp-json\/wp\/v2\/product_cat?post=15731"},{"taxonomy":"product_tag","embeddable":true,"href":"https:\/\/chemitool.com\/pt-pt\/wp-json\/wp\/v2\/product_tag?post=15731"}],"curies":[{"name":"wp","href":"https:\/\/api.w.org\/{rel}","templated":true}]}}