{"id":15727,"date":"2021-09-21T09:28:17","date_gmt":"2021-09-21T09:28:18","guid":{"rendered":"https:\/\/chemitool.com\/?post_type=product&#038;p=15727"},"modified":"2022-11-21T11:32:00","modified_gmt":"2022-11-21T11:32:00","slug":"parka-dockyard","status":"publish","type":"product","link":"https:\/\/chemitool.com\/pt-pt\/products\/safety\/vestuario-tecnico\/impermeavel\/parka-dockyard\/","title":{"rendered":"PARKA DOCKYARD"},"content":{"rendered":"<ul>\n<li>3 em 1: parka exterior + blus\u00e3o interior + colete<\/li>\n<li>Mangas destac\u00e1veis do blus\u00e3o interior<\/li>\n<li>Alta visibilidade<\/li>\n<li>Fitas refletoras<\/li>\n<\/ul>\n<p><img class=\"alignnone size-full wp-image-15379\" src=\"https:\/\/chemitool.com\/wp-content\/uploads\/2021\/09\/MAN.png\" alt=\"\" width=\"85\" height=\"97\" \/><img class=\"alignnone size-full wp-image-15205\" src=\"https:\/\/chemitool.com\/wp-content\/uploads\/2021\/09\/REGULAR-FIT-1.png\" alt=\"\" width=\"85\" height=\"97\" \/><img class=\"alignnone size-full wp-image-15278\" src=\"https:\/\/chemitool.com\/wp-content\/uploads\/2021\/09\/WINDPROOF.png\" alt=\"\" width=\"85\" height=\"97\" \/><\/p>\n","protected":false},"excerpt":{"rendered":"<p><em>Parka DOCKYARD CHEMITOOL<\/em> 3 em 1 bicolor de alta visibilidade composto por: casaco exterior sem forro, fecho de correr inteiro coberto, capuz desdobr\u00e1vel na gola, dois bolsos frontais com aba, porta telem\u00f3vel e anilha para prender um porta-identifica\u00e7\u00e3o, um bolso interno com velcro. Interior destac\u00e1vel: blus\u00e3o acolchoado, mangas destac\u00e1veis com punhos em canelado el\u00e1stico, costuras seladas termicamente, dois bolsos frontais com fecho de correr, um bolso interior com fecho de correr, costuras seladas termicamente.<\/p>\n","protected":false},"featured_media":16002,"template":"","meta":[],"product_cat":[1453,3454,3461,3460],"product_tag":[],"yoast_head":"<!-- This site is optimized with the Yoast SEO plugin v17.4 - https:\/\/yoast.com\/wordpress\/plugins\/seo\/ -->\n<title>PARKA DOCKYARD &ndash; Chemitool<\/title>\n<meta name=\"description\" content=\"Parka DOCKYARD CHEMITOOL 3 em 1 bicolor de alta visibilidade composto por: casaco exterior sem forro, fecho de correr inteiro coberto, capuz desdobr\u00e1vel na gola, dois bolsos frontais com aba, porta telem\u00f3vel e anilha para prender um porta-identifica\u00e7\u00e3o, um bolso interno com velcro. Interior destac\u00e1vel: blus\u00e3o acolchoado, mangas destac\u00e1veis com punhos em canelado el\u00e1stico, costuras seladas termicamente, dois bolsos frontais com fecho de correr, um bolso interior com fecho de correr, costuras seladas termicamente.\" \/>\n<meta name=\"robots\" content=\"index, follow, max-snippet:-1, max-image-preview:large, max-video-preview:-1\" \/>\n<link rel=\"canonical\" href=\"https:\/\/chemitool.com\/pt-pt\/products\/safety\/vestuario-tecnico\/impermeavel\/parka-dockyard\/\" \/>\n<meta property=\"og:locale\" content=\"pt_PT\" \/>\n<meta property=\"og:type\" content=\"article\" \/>\n<meta property=\"og:title\" content=\"PARKA DOCKYARD &ndash; Chemitool\" \/>\n<meta property=\"og:description\" content=\"Parka DOCKYARD CHEMITOOL 3 em 1 bicolor de alta visibilidade composto por: casaco exterior sem forro, fecho de correr inteiro coberto, capuz desdobr\u00e1vel na gola, dois bolsos frontais com aba, porta telem\u00f3vel e anilha para prender um porta-identifica\u00e7\u00e3o, um bolso interno com velcro. Interior destac\u00e1vel: blus\u00e3o acolchoado, mangas destac\u00e1veis com punhos em canelado el\u00e1stico, costuras seladas termicamente, dois bolsos frontais com fecho de correr, um bolso interior com fecho de correr, costuras seladas termicamente.\" \/>\n<meta property=\"og:url\" content=\"https:\/\/chemitool.com\/pt-pt\/products\/safety\/vestuario-tecnico\/impermeavel\/parka-dockyard\/\" \/>\n<meta property=\"og:site_name\" content=\"Chemitool\" \/>\n<meta property=\"article:publisher\" content=\"https:\/\/www.facebook.com\/chemitool\" \/>\n<meta property=\"article:modified_time\" content=\"2022-11-21T11:32:00+00:00\" \/>\n<meta property=\"og:image\" content=\"https:\/\/chemitool.com\/wp-content\/uploads\/2021\/09\/P1220037901014_frente_2.png\" \/>\n\t<meta property=\"og:image:width\" content=\"800\" \/>\n\t<meta property=\"og:image:height\" content=\"800\" \/>\n<meta name=\"twitter:card\" content=\"summary_large_image\" \/>\n<meta name=\"twitter:label1\" content=\"Tempo estimado de leitura\" \/>\n\t<meta name=\"twitter:data1\" content=\"1 minuto\" \/>\n<script type=\"application\/ld+json\" class=\"yoast-schema-graph\">{\"@context\":\"https:\/\/schema.org\",\"@graph\":[{\"@type\":\"Organization\",\"@id\":\"https:\/\/chemitool.com\/#organization\",\"name\":\"Chemitool\",\"url\":\"https:\/\/chemitool.com\/\",\"sameAs\":[\"https:\/\/www.facebook.com\/chemitool\",\"https:\/\/www.instagram.com\/chemitool\/\"],\"logo\":{\"@type\":\"ImageObject\",\"@id\":\"https:\/\/chemitool.com\/#logo\",\"inLanguage\":\"pt-PT\",\"url\":\"https:\/\/chemitool.com\/wp-content\/uploads\/2020\/10\/logo_chemitool.png\",\"contentUrl\":\"https:\/\/chemitool.com\/wp-content\/uploads\/2020\/10\/logo_chemitool.png\",\"width\":400,\"height\":400,\"caption\":\"Chemitool\"},\"image\":{\"@id\":\"https:\/\/chemitool.com\/#logo\"}},{\"@type\":\"WebSite\",\"@id\":\"https:\/\/chemitool.com\/#website\",\"url\":\"https:\/\/chemitool.com\/\",\"name\":\"Chemitool\",\"description\":\"Chemitool - hardware and tools\",\"publisher\":{\"@id\":\"https:\/\/chemitool.com\/#organization\"},\"potentialAction\":[{\"@type\":\"SearchAction\",\"target\":{\"@type\":\"EntryPoint\",\"urlTemplate\":\"https:\/\/chemitool.com\/?s={search_term_string}\"},\"query-input\":\"required name=search_term_string\"}],\"inLanguage\":\"pt-PT\"},{\"@type\":\"ImageObject\",\"@id\":\"https:\/\/chemitool.com\/pt-pt\/products\/safety\/vestuario-tecnico\/impermeavel\/parka-dockyard\/#primaryimage\",\"inLanguage\":\"pt-PT\",\"url\":\"https:\/\/chemitool.com\/wp-content\/uploads\/2021\/09\/P1220037901014_frente_2.png\",\"contentUrl\":\"https:\/\/chemitool.com\/wp-content\/uploads\/2021\/09\/P1220037901014_frente_2.png\",\"width\":800,\"height\":800},{\"@type\":\"WebPage\",\"@id\":\"https:\/\/chemitool.com\/pt-pt\/products\/safety\/vestuario-tecnico\/impermeavel\/parka-dockyard\/#webpage\",\"url\":\"https:\/\/chemitool.com\/pt-pt\/products\/safety\/vestuario-tecnico\/impermeavel\/parka-dockyard\/\",\"name\":\"PARKA DOCKYARD &ndash; Chemitool\",\"isPartOf\":{\"@id\":\"https:\/\/chemitool.com\/#website\"},\"primaryImageOfPage\":{\"@id\":\"https:\/\/chemitool.com\/pt-pt\/products\/safety\/vestuario-tecnico\/impermeavel\/parka-dockyard\/#primaryimage\"},\"datePublished\":\"2021-09-21T09:28:18+00:00\",\"dateModified\":\"2022-11-21T11:32:00+00:00\",\"description\":\"Parka DOCKYARD CHEMITOOL 3 em 1 bicolor de alta visibilidade composto por: casaco exterior sem forro, fecho de correr inteiro coberto, capuz desdobr\\u00e1vel na gola, dois bolsos frontais com aba, porta telem\\u00f3vel e anilha para prender um porta-identifica\\u00e7\\u00e3o, um bolso interno com velcro. Interior destac\\u00e1vel: blus\\u00e3o acolchoado, mangas destac\\u00e1veis com punhos em canelado el\\u00e1stico, costuras seladas termicamente, dois bolsos frontais com fecho de correr, um bolso interior com fecho de correr, costuras seladas termicamente.\",\"breadcrumb\":{\"@id\":\"https:\/\/chemitool.com\/pt-pt\/products\/safety\/vestuario-tecnico\/impermeavel\/parka-dockyard\/#breadcrumb\"},\"inLanguage\":\"pt-PT\",\"potentialAction\":[{\"@type\":\"ReadAction\",\"target\":[\"https:\/\/chemitool.com\/pt-pt\/products\/safety\/vestuario-tecnico\/impermeavel\/parka-dockyard\/\"]}]},{\"@type\":\"BreadcrumbList\",\"@id\":\"https:\/\/chemitool.com\/pt-pt\/products\/safety\/vestuario-tecnico\/impermeavel\/parka-dockyard\/#breadcrumb\",\"itemListElement\":[{\"@type\":\"ListItem\",\"position\":1,\"name\":\"Home\",\"item\":\"https:\/\/chemitool.com\/pt-pt\/\"},{\"@type\":\"ListItem\",\"position\":2,\"name\":\"Produtos\",\"item\":\"https:\/\/chemitool.com\/pt-pt\/produtos\/\"},{\"@type\":\"ListItem\",\"position\":3,\"name\":\"Safety\",\"item\":\"https:\/\/chemitool.com\/pt-pt\/categoria-produto\/safety\/\"},{\"@type\":\"ListItem\",\"position\":4,\"name\":\"Vestu\\u00e1rio T\\u00e9cnico\",\"item\":\"https:\/\/chemitool.com\/pt-pt\/categoria-produto\/safety\/vestuario-tecnico\/\"},{\"@type\":\"ListItem\",\"position\":5,\"name\":\"Alta Visibilidade\",\"item\":\"https:\/\/chemitool.com\/pt-pt\/categoria-produto\/safety\/vestuario-tecnico\/alta-visibilidade\/\"},{\"@type\":\"ListItem\",\"position\":6,\"name\":\"PARKA DOCKYARD\"}]}]}<\/script>\n<!-- \/ Yoast SEO plugin. -->","yoast_head_json":{"title":"PARKA DOCKYARD &ndash; Chemitool","description":"Parka DOCKYARD CHEMITOOL 3 em 1 bicolor de alta visibilidade composto por: casaco exterior sem forro, fecho de correr inteiro coberto, capuz desdobr\u00e1vel na gola, dois bolsos frontais com aba, porta telem\u00f3vel e anilha para prender um porta-identifica\u00e7\u00e3o, um bolso interno com velcro. Interior destac\u00e1vel: blus\u00e3o acolchoado, mangas destac\u00e1veis com punhos em canelado el\u00e1stico, costuras seladas termicamente, dois bolsos frontais com fecho de correr, um bolso interior com fecho de correr, costuras seladas termicamente.","robots":{"index":"index","follow":"follow","max-snippet":"max-snippet:-1","max-image-preview":"max-image-preview:large","max-video-preview":"max-video-preview:-1"},"canonical":"https:\/\/chemitool.com\/pt-pt\/products\/safety\/vestuario-tecnico\/impermeavel\/parka-dockyard\/","og_locale":"pt_PT","og_type":"article","og_title":"PARKA DOCKYARD &ndash; Chemitool","og_description":"Parka DOCKYARD CHEMITOOL 3 em 1 bicolor de alta visibilidade composto por: casaco exterior sem forro, fecho de correr inteiro coberto, capuz desdobr\u00e1vel na gola, dois bolsos frontais com aba, porta telem\u00f3vel e anilha para prender um porta-identifica\u00e7\u00e3o, um bolso interno com velcro. Interior destac\u00e1vel: blus\u00e3o acolchoado, mangas destac\u00e1veis com punhos em canelado el\u00e1stico, costuras seladas termicamente, dois bolsos frontais com fecho de correr, um bolso interior com fecho de correr, costuras seladas termicamente.","og_url":"https:\/\/chemitool.com\/pt-pt\/products\/safety\/vestuario-tecnico\/impermeavel\/parka-dockyard\/","og_site_name":"Chemitool","article_publisher":"https:\/\/www.facebook.com\/chemitool","article_modified_time":"2022-11-21T11:32:00+00:00","og_image":[{"width":800,"height":800,"url":"https:\/\/chemitool.com\/wp-content\/uploads\/2021\/09\/P1220037901014_frente_2.png","type":"image\/png"}],"twitter_card":"summary_large_image","twitter_misc":{"Tempo estimado de leitura":"1 minuto"},"schema":{"@context":"https:\/\/schema.org","@graph":[{"@type":"Organization","@id":"https:\/\/chemitool.com\/#organization","name":"Chemitool","url":"https:\/\/chemitool.com\/","sameAs":["https:\/\/www.facebook.com\/chemitool","https:\/\/www.instagram.com\/chemitool\/"],"logo":{"@type":"ImageObject","@id":"https:\/\/chemitool.com\/#logo","inLanguage":"pt-PT","url":"https:\/\/chemitool.com\/wp-content\/uploads\/2020\/10\/logo_chemitool.png","contentUrl":"https:\/\/chemitool.com\/wp-content\/uploads\/2020\/10\/logo_chemitool.png","width":400,"height":400,"caption":"Chemitool"},"image":{"@id":"https:\/\/chemitool.com\/#logo"}},{"@type":"WebSite","@id":"https:\/\/chemitool.com\/#website","url":"https:\/\/chemitool.com\/","name":"Chemitool","description":"Chemitool - hardware and tools","publisher":{"@id":"https:\/\/chemitool.com\/#organization"},"potentialAction":[{"@type":"SearchAction","target":{"@type":"EntryPoint","urlTemplate":"https:\/\/chemitool.com\/?s={search_term_string}"},"query-input":"required name=search_term_string"}],"inLanguage":"pt-PT"},{"@type":"ImageObject","@id":"https:\/\/chemitool.com\/pt-pt\/products\/safety\/vestuario-tecnico\/impermeavel\/parka-dockyard\/#primaryimage","inLanguage":"pt-PT","url":"https:\/\/chemitool.com\/wp-content\/uploads\/2021\/09\/P1220037901014_frente_2.png","contentUrl":"https:\/\/chemitool.com\/wp-content\/uploads\/2021\/09\/P1220037901014_frente_2.png","width":800,"height":800},{"@type":"WebPage","@id":"https:\/\/chemitool.com\/pt-pt\/products\/safety\/vestuario-tecnico\/impermeavel\/parka-dockyard\/#webpage","url":"https:\/\/chemitool.com\/pt-pt\/products\/safety\/vestuario-tecnico\/impermeavel\/parka-dockyard\/","name":"PARKA DOCKYARD &ndash; Chemitool","isPartOf":{"@id":"https:\/\/chemitool.com\/#website"},"primaryImageOfPage":{"@id":"https:\/\/chemitool.com\/pt-pt\/products\/safety\/vestuario-tecnico\/impermeavel\/parka-dockyard\/#primaryimage"},"datePublished":"2021-09-21T09:28:18+00:00","dateModified":"2022-11-21T11:32:00+00:00","description":"Parka DOCKYARD CHEMITOOL 3 em 1 bicolor de alta visibilidade composto por: casaco exterior sem forro, fecho de correr inteiro coberto, capuz desdobr\u00e1vel na gola, dois bolsos frontais com aba, porta telem\u00f3vel e anilha para prender um porta-identifica\u00e7\u00e3o, um bolso interno com velcro. Interior destac\u00e1vel: blus\u00e3o acolchoado, mangas destac\u00e1veis com punhos em canelado el\u00e1stico, costuras seladas termicamente, dois bolsos frontais com fecho de correr, um bolso interior com fecho de correr, costuras seladas termicamente.","breadcrumb":{"@id":"https:\/\/chemitool.com\/pt-pt\/products\/safety\/vestuario-tecnico\/impermeavel\/parka-dockyard\/#breadcrumb"},"inLanguage":"pt-PT","potentialAction":[{"@type":"ReadAction","target":["https:\/\/chemitool.com\/pt-pt\/products\/safety\/vestuario-tecnico\/impermeavel\/parka-dockyard\/"]}]},{"@type":"BreadcrumbList","@id":"https:\/\/chemitool.com\/pt-pt\/products\/safety\/vestuario-tecnico\/impermeavel\/parka-dockyard\/#breadcrumb","itemListElement":[{"@type":"ListItem","position":1,"name":"Home","item":"https:\/\/chemitool.com\/pt-pt\/"},{"@type":"ListItem","position":2,"name":"Produtos","item":"https:\/\/chemitool.com\/pt-pt\/produtos\/"},{"@type":"ListItem","position":3,"name":"Safety","item":"https:\/\/chemitool.com\/pt-pt\/categoria-produto\/safety\/"},{"@type":"ListItem","position":4,"name":"Vestu\u00e1rio T\u00e9cnico","item":"https:\/\/chemitool.com\/pt-pt\/categoria-produto\/safety\/vestuario-tecnico\/"},{"@type":"ListItem","position":5,"name":"Alta Visibilidade","item":"https:\/\/chemitool.com\/pt-pt\/categoria-produto\/safety\/vestuario-tecnico\/alta-visibilidade\/"},{"@type":"ListItem","position":6,"name":"PARKA DOCKYARD"}]}]}},"_links":{"self":[{"href":"https:\/\/chemitool.com\/pt-pt\/wp-json\/wp\/v2\/product\/15727"}],"collection":[{"href":"https:\/\/chemitool.com\/pt-pt\/wp-json\/wp\/v2\/product"}],"about":[{"href":"https:\/\/chemitool.com\/pt-pt\/wp-json\/wp\/v2\/types\/product"}],"wp:featuredmedia":[{"embeddable":true,"href":"https:\/\/chemitool.com\/pt-pt\/wp-json\/wp\/v2\/media\/16002"}],"wp:attachment":[{"href":"https:\/\/chemitool.com\/pt-pt\/wp-json\/wp\/v2\/media?parent=15727"}],"wp:term":[{"taxonomy":"product_cat","embeddable":true,"href":"https:\/\/chemitool.com\/pt-pt\/wp-json\/wp\/v2\/product_cat?post=15727"},{"taxonomy":"product_tag","embeddable":true,"href":"https:\/\/chemitool.com\/pt-pt\/wp-json\/wp\/v2\/product_tag?post=15727"}],"curies":[{"name":"wp","href":"https:\/\/api.w.org\/{rel}","templated":true}]}}