{"id":15710,"date":"2021-09-21T09:08:46","date_gmt":"2021-09-21T09:08:48","guid":{"rendered":"https:\/\/chemitool.com\/?post_type=product&#038;p=15710"},"modified":"2021-09-29T11:17:43","modified_gmt":"2021-09-29T11:17:43","slug":"casaco-lins","status":"publish","type":"product","link":"https:\/\/chemitool.com\/pt-pt\/products\/safety\/vestuario-tecnico\/alta-visibilidade\/casaco-lins\/","title":{"rendered":"CASACO LINS"},"content":{"rendered":"<ul>\n<li>Alta visibilidade<\/li>\n<li>Fitas refletoras 50 mm<\/li>\n<li>Bolsos exteriores refor\u00e7ados<\/li>\n<\/ul>\n","protected":false},"excerpt":{"rendered":"<p><em>Casaco LINS CHEMITOOL<\/em> para todas as esta\u00e7\u00f5es, de alta visibilidade, com fitas refletoras de 50 mm. Aperto frontal e mangas com bot\u00f5es de press\u00e3o. Mangas raglan. Bolso interno e 2 bolsos exteriores refor\u00e7ados.<\/p>\n","protected":false},"featured_media":16064,"template":"","meta":[],"product_cat":[1453,3454,3461],"product_tag":[],"yoast_head":"<!-- This site is optimized with the Yoast SEO plugin v17.4 - https:\/\/yoast.com\/wordpress\/plugins\/seo\/ -->\n<title>CASACO LINS &ndash; Chemitool<\/title>\n<meta name=\"description\" content=\"Casaco LINS CHEMITOOL para todas as esta\u00e7\u00f5es, de alta visibilidade, com fitas refletoras de 50 mm. Aperto frontal e mangas com bot\u00f5es de press\u00e3o. Mangas raglan. Bolso interno e 2 bolsos exteriores refor\u00e7ados.\" \/>\n<meta name=\"robots\" content=\"index, follow, max-snippet:-1, max-image-preview:large, max-video-preview:-1\" \/>\n<link rel=\"canonical\" href=\"https:\/\/chemitool.com\/pt-pt\/products\/safety\/vestuario-tecnico\/alta-visibilidade\/casaco-lins\/\" \/>\n<meta property=\"og:locale\" content=\"pt_PT\" \/>\n<meta property=\"og:type\" content=\"article\" \/>\n<meta property=\"og:title\" content=\"CASACO LINS &ndash; Chemitool\" \/>\n<meta property=\"og:description\" content=\"Casaco LINS CHEMITOOL para todas as esta\u00e7\u00f5es, de alta visibilidade, com fitas refletoras de 50 mm. Aperto frontal e mangas com bot\u00f5es de press\u00e3o. Mangas raglan. Bolso interno e 2 bolsos exteriores refor\u00e7ados.\" \/>\n<meta property=\"og:url\" content=\"https:\/\/chemitool.com\/pt-pt\/products\/safety\/vestuario-tecnico\/alta-visibilidade\/casaco-lins\/\" \/>\n<meta property=\"og:site_name\" content=\"Chemitool\" \/>\n<meta property=\"article:publisher\" content=\"https:\/\/www.facebook.com\/chemitool\" \/>\n<meta property=\"article:modified_time\" content=\"2021-09-29T11:17:43+00:00\" \/>\n<meta property=\"og:image\" content=\"https:\/\/chemitool.com\/wp-content\/uploads\/2021\/09\/CHS0104396986A_frente.png\" \/>\n\t<meta property=\"og:image:width\" content=\"800\" \/>\n\t<meta property=\"og:image:height\" content=\"800\" \/>\n<meta name=\"twitter:card\" content=\"summary_large_image\" \/>\n<script type=\"application\/ld+json\" class=\"yoast-schema-graph\">{\"@context\":\"https:\/\/schema.org\",\"@graph\":[{\"@type\":\"Organization\",\"@id\":\"https:\/\/chemitool.com\/#organization\",\"name\":\"Chemitool\",\"url\":\"https:\/\/chemitool.com\/\",\"sameAs\":[\"https:\/\/www.facebook.com\/chemitool\",\"https:\/\/www.instagram.com\/chemitool\/\"],\"logo\":{\"@type\":\"ImageObject\",\"@id\":\"https:\/\/chemitool.com\/#logo\",\"inLanguage\":\"pt-PT\",\"url\":\"https:\/\/chemitool.com\/wp-content\/uploads\/2020\/10\/logo_chemitool.png\",\"contentUrl\":\"https:\/\/chemitool.com\/wp-content\/uploads\/2020\/10\/logo_chemitool.png\",\"width\":400,\"height\":400,\"caption\":\"Chemitool\"},\"image\":{\"@id\":\"https:\/\/chemitool.com\/#logo\"}},{\"@type\":\"WebSite\",\"@id\":\"https:\/\/chemitool.com\/#website\",\"url\":\"https:\/\/chemitool.com\/\",\"name\":\"Chemitool\",\"description\":\"Chemitool - hardware and tools\",\"publisher\":{\"@id\":\"https:\/\/chemitool.com\/#organization\"},\"potentialAction\":[{\"@type\":\"SearchAction\",\"target\":{\"@type\":\"EntryPoint\",\"urlTemplate\":\"https:\/\/chemitool.com\/?s={search_term_string}\"},\"query-input\":\"required name=search_term_string\"}],\"inLanguage\":\"pt-PT\"},{\"@type\":\"ImageObject\",\"@id\":\"https:\/\/chemitool.com\/pt-pt\/products\/safety\/vestuario-tecnico\/alta-visibilidade\/casaco-lins\/#primaryimage\",\"inLanguage\":\"pt-PT\",\"url\":\"https:\/\/chemitool.com\/wp-content\/uploads\/2021\/09\/CHS0104396986A_frente.png\",\"contentUrl\":\"https:\/\/chemitool.com\/wp-content\/uploads\/2021\/09\/CHS0104396986A_frente.png\",\"width\":800,\"height\":800},{\"@type\":\"WebPage\",\"@id\":\"https:\/\/chemitool.com\/pt-pt\/products\/safety\/vestuario-tecnico\/alta-visibilidade\/casaco-lins\/#webpage\",\"url\":\"https:\/\/chemitool.com\/pt-pt\/products\/safety\/vestuario-tecnico\/alta-visibilidade\/casaco-lins\/\",\"name\":\"CASACO LINS &ndash; Chemitool\",\"isPartOf\":{\"@id\":\"https:\/\/chemitool.com\/#website\"},\"primaryImageOfPage\":{\"@id\":\"https:\/\/chemitool.com\/pt-pt\/products\/safety\/vestuario-tecnico\/alta-visibilidade\/casaco-lins\/#primaryimage\"},\"datePublished\":\"2021-09-21T09:08:48+00:00\",\"dateModified\":\"2021-09-29T11:17:43+00:00\",\"description\":\"Casaco LINS CHEMITOOL para todas as esta\\u00e7\\u00f5es, de alta visibilidade, com fitas refletoras de 50 mm. Aperto frontal e mangas com bot\\u00f5es de press\\u00e3o. Mangas raglan. Bolso interno e 2 bolsos exteriores refor\\u00e7ados.\",\"breadcrumb\":{\"@id\":\"https:\/\/chemitool.com\/pt-pt\/products\/safety\/vestuario-tecnico\/alta-visibilidade\/casaco-lins\/#breadcrumb\"},\"inLanguage\":\"pt-PT\",\"potentialAction\":[{\"@type\":\"ReadAction\",\"target\":[\"https:\/\/chemitool.com\/pt-pt\/products\/safety\/vestuario-tecnico\/alta-visibilidade\/casaco-lins\/\"]}]},{\"@type\":\"BreadcrumbList\",\"@id\":\"https:\/\/chemitool.com\/pt-pt\/products\/safety\/vestuario-tecnico\/alta-visibilidade\/casaco-lins\/#breadcrumb\",\"itemListElement\":[{\"@type\":\"ListItem\",\"position\":1,\"name\":\"Home\",\"item\":\"https:\/\/chemitool.com\/pt-pt\/\"},{\"@type\":\"ListItem\",\"position\":2,\"name\":\"Produtos\",\"item\":\"https:\/\/chemitool.com\/pt-pt\/produtos\/\"},{\"@type\":\"ListItem\",\"position\":3,\"name\":\"Safety\",\"item\":\"https:\/\/chemitool.com\/pt-pt\/categoria-produto\/safety\/\"},{\"@type\":\"ListItem\",\"position\":4,\"name\":\"Vestu\\u00e1rio T\\u00e9cnico\",\"item\":\"https:\/\/chemitool.com\/pt-pt\/categoria-produto\/safety\/vestuario-tecnico\/\"},{\"@type\":\"ListItem\",\"position\":5,\"name\":\"Alta Visibilidade\",\"item\":\"https:\/\/chemitool.com\/pt-pt\/categoria-produto\/safety\/vestuario-tecnico\/alta-visibilidade\/\"},{\"@type\":\"ListItem\",\"position\":6,\"name\":\"CASACO LINS\"}]}]}<\/script>\n<!-- \/ Yoast SEO plugin. -->","yoast_head_json":{"title":"CASACO LINS &ndash; Chemitool","description":"Casaco LINS CHEMITOOL para todas as esta\u00e7\u00f5es, de alta visibilidade, com fitas refletoras de 50 mm. Aperto frontal e mangas com bot\u00f5es de press\u00e3o. Mangas raglan. Bolso interno e 2 bolsos exteriores refor\u00e7ados.","robots":{"index":"index","follow":"follow","max-snippet":"max-snippet:-1","max-image-preview":"max-image-preview:large","max-video-preview":"max-video-preview:-1"},"canonical":"https:\/\/chemitool.com\/pt-pt\/products\/safety\/vestuario-tecnico\/alta-visibilidade\/casaco-lins\/","og_locale":"pt_PT","og_type":"article","og_title":"CASACO LINS &ndash; Chemitool","og_description":"Casaco LINS CHEMITOOL para todas as esta\u00e7\u00f5es, de alta visibilidade, com fitas refletoras de 50 mm. Aperto frontal e mangas com bot\u00f5es de press\u00e3o. Mangas raglan. Bolso interno e 2 bolsos exteriores refor\u00e7ados.","og_url":"https:\/\/chemitool.com\/pt-pt\/products\/safety\/vestuario-tecnico\/alta-visibilidade\/casaco-lins\/","og_site_name":"Chemitool","article_publisher":"https:\/\/www.facebook.com\/chemitool","article_modified_time":"2021-09-29T11:17:43+00:00","og_image":[{"width":800,"height":800,"url":"https:\/\/chemitool.com\/wp-content\/uploads\/2021\/09\/CHS0104396986A_frente.png","type":"image\/png"}],"twitter_card":"summary_large_image","schema":{"@context":"https:\/\/schema.org","@graph":[{"@type":"Organization","@id":"https:\/\/chemitool.com\/#organization","name":"Chemitool","url":"https:\/\/chemitool.com\/","sameAs":["https:\/\/www.facebook.com\/chemitool","https:\/\/www.instagram.com\/chemitool\/"],"logo":{"@type":"ImageObject","@id":"https:\/\/chemitool.com\/#logo","inLanguage":"pt-PT","url":"https:\/\/chemitool.com\/wp-content\/uploads\/2020\/10\/logo_chemitool.png","contentUrl":"https:\/\/chemitool.com\/wp-content\/uploads\/2020\/10\/logo_chemitool.png","width":400,"height":400,"caption":"Chemitool"},"image":{"@id":"https:\/\/chemitool.com\/#logo"}},{"@type":"WebSite","@id":"https:\/\/chemitool.com\/#website","url":"https:\/\/chemitool.com\/","name":"Chemitool","description":"Chemitool - hardware and tools","publisher":{"@id":"https:\/\/chemitool.com\/#organization"},"potentialAction":[{"@type":"SearchAction","target":{"@type":"EntryPoint","urlTemplate":"https:\/\/chemitool.com\/?s={search_term_string}"},"query-input":"required name=search_term_string"}],"inLanguage":"pt-PT"},{"@type":"ImageObject","@id":"https:\/\/chemitool.com\/pt-pt\/products\/safety\/vestuario-tecnico\/alta-visibilidade\/casaco-lins\/#primaryimage","inLanguage":"pt-PT","url":"https:\/\/chemitool.com\/wp-content\/uploads\/2021\/09\/CHS0104396986A_frente.png","contentUrl":"https:\/\/chemitool.com\/wp-content\/uploads\/2021\/09\/CHS0104396986A_frente.png","width":800,"height":800},{"@type":"WebPage","@id":"https:\/\/chemitool.com\/pt-pt\/products\/safety\/vestuario-tecnico\/alta-visibilidade\/casaco-lins\/#webpage","url":"https:\/\/chemitool.com\/pt-pt\/products\/safety\/vestuario-tecnico\/alta-visibilidade\/casaco-lins\/","name":"CASACO LINS &ndash; Chemitool","isPartOf":{"@id":"https:\/\/chemitool.com\/#website"},"primaryImageOfPage":{"@id":"https:\/\/chemitool.com\/pt-pt\/products\/safety\/vestuario-tecnico\/alta-visibilidade\/casaco-lins\/#primaryimage"},"datePublished":"2021-09-21T09:08:48+00:00","dateModified":"2021-09-29T11:17:43+00:00","description":"Casaco LINS CHEMITOOL para todas as esta\u00e7\u00f5es, de alta visibilidade, com fitas refletoras de 50 mm. Aperto frontal e mangas com bot\u00f5es de press\u00e3o. Mangas raglan. Bolso interno e 2 bolsos exteriores refor\u00e7ados.","breadcrumb":{"@id":"https:\/\/chemitool.com\/pt-pt\/products\/safety\/vestuario-tecnico\/alta-visibilidade\/casaco-lins\/#breadcrumb"},"inLanguage":"pt-PT","potentialAction":[{"@type":"ReadAction","target":["https:\/\/chemitool.com\/pt-pt\/products\/safety\/vestuario-tecnico\/alta-visibilidade\/casaco-lins\/"]}]},{"@type":"BreadcrumbList","@id":"https:\/\/chemitool.com\/pt-pt\/products\/safety\/vestuario-tecnico\/alta-visibilidade\/casaco-lins\/#breadcrumb","itemListElement":[{"@type":"ListItem","position":1,"name":"Home","item":"https:\/\/chemitool.com\/pt-pt\/"},{"@type":"ListItem","position":2,"name":"Produtos","item":"https:\/\/chemitool.com\/pt-pt\/produtos\/"},{"@type":"ListItem","position":3,"name":"Safety","item":"https:\/\/chemitool.com\/pt-pt\/categoria-produto\/safety\/"},{"@type":"ListItem","position":4,"name":"Vestu\u00e1rio T\u00e9cnico","item":"https:\/\/chemitool.com\/pt-pt\/categoria-produto\/safety\/vestuario-tecnico\/"},{"@type":"ListItem","position":5,"name":"Alta Visibilidade","item":"https:\/\/chemitool.com\/pt-pt\/categoria-produto\/safety\/vestuario-tecnico\/alta-visibilidade\/"},{"@type":"ListItem","position":6,"name":"CASACO LINS"}]}]}},"_links":{"self":[{"href":"https:\/\/chemitool.com\/pt-pt\/wp-json\/wp\/v2\/product\/15710"}],"collection":[{"href":"https:\/\/chemitool.com\/pt-pt\/wp-json\/wp\/v2\/product"}],"about":[{"href":"https:\/\/chemitool.com\/pt-pt\/wp-json\/wp\/v2\/types\/product"}],"wp:featuredmedia":[{"embeddable":true,"href":"https:\/\/chemitool.com\/pt-pt\/wp-json\/wp\/v2\/media\/16064"}],"wp:attachment":[{"href":"https:\/\/chemitool.com\/pt-pt\/wp-json\/wp\/v2\/media?parent=15710"}],"wp:term":[{"taxonomy":"product_cat","embeddable":true,"href":"https:\/\/chemitool.com\/pt-pt\/wp-json\/wp\/v2\/product_cat?post=15710"},{"taxonomy":"product_tag","embeddable":true,"href":"https:\/\/chemitool.com\/pt-pt\/wp-json\/wp\/v2\/product_tag?post=15710"}],"curies":[{"name":"wp","href":"https:\/\/api.w.org\/{rel}","templated":true}]}}