{"id":15689,"date":"2021-09-21T08:27:06","date_gmt":"2021-09-21T08:27:07","guid":{"rendered":"https:\/\/chemitool.com\/?post_type=product&#038;p=15689"},"modified":"2023-01-26T17:40:02","modified_gmt":"2023-01-26T17:40:02","slug":"casaco-safe","status":"publish","type":"product","link":"https:\/\/chemitool.com\/pt-pt\/products\/safety\/vestuario-de-trabalho\/casaco-safe\/","title":{"rendered":"CASACO SAFE"},"content":{"rendered":"<ul>\n<li>100% algod\u00e3o<\/li>\n<li>Cintura ajust\u00e1vel com velcro<\/li>\n<li>Bolso para telem\u00f3vel<\/li>\n<li>Suporte para caneta<\/li>\n<li>Fitas refletoras nos ombros e costas<\/li>\n<\/ul>\n<p><img class=\"alignnone size-full wp-image-15379\" src=\"https:\/\/chemitool.com\/wp-content\/uploads\/2021\/09\/MAN.png\" alt=\"\" width=\"85\" height=\"97\" \/><img class=\"alignnone size-full wp-image-15338\" src=\"https:\/\/chemitool.com\/wp-content\/uploads\/2021\/09\/REGULAR-FIT-3.png\" alt=\"\" width=\"85\" height=\"97\" \/><\/p>\n","protected":false},"excerpt":{"rendered":"<p><em>Casaco SAFE CHEMITOOL<\/em> \u00e9 indicado para todas as esta\u00e7\u00f5es, leve, unissexo, fecho dianteiro com bot\u00f5es de pl\u00e1stico e aba, punhos de bot\u00e3o, cintura ajust\u00e1vel com Velcro. Costuras contrastantes, bolso para telem\u00f3vel, suporte de crach\u00e1 destac\u00e1vel e suporte de caneta no bolso da lapela, com aba e Velcro. Fitas refletoras nos ombros e costas, modelo de ajuste ao estilo de blus\u00e3o de ganga.<\/p>\n","protected":false},"featured_media":15953,"template":"","meta":[],"product_cat":[1453,3463],"product_tag":[],"yoast_head":"<!-- This site is optimized with the Yoast SEO plugin v17.4 - https:\/\/yoast.com\/wordpress\/plugins\/seo\/ -->\n<title>CASACO SAFE &ndash; Chemitool<\/title>\n<meta name=\"description\" content=\"Casaco SAFE CHEMITOOL \u00e9 indicado para todas as esta\u00e7\u00f5es, leve, unissexo, fecho dianteiro com bot\u00f5es de pl\u00e1stico e aba, punhos de bot\u00e3o, cintura ajust\u00e1vel com Velcro. Costuras contrastantes, bolso para telem\u00f3vel, suporte de crach\u00e1 destac\u00e1vel e suporte de caneta no bolso da lapela, com aba e Velcro. Fitas refletoras nos ombros e costas, modelo de ajuste ao estilo de blus\u00e3o de ganga.\" \/>\n<meta name=\"robots\" content=\"index, follow, max-snippet:-1, max-image-preview:large, max-video-preview:-1\" \/>\n<link rel=\"canonical\" href=\"https:\/\/chemitool.com\/pt-pt\/products\/safety\/vestuario-de-trabalho\/casaco-safe\/\" \/>\n<meta property=\"og:locale\" content=\"pt_PT\" \/>\n<meta property=\"og:type\" content=\"article\" \/>\n<meta property=\"og:title\" content=\"CASACO SAFE &ndash; Chemitool\" \/>\n<meta property=\"og:description\" content=\"Casaco SAFE CHEMITOOL \u00e9 indicado para todas as esta\u00e7\u00f5es, leve, unissexo, fecho dianteiro com bot\u00f5es de pl\u00e1stico e aba, punhos de bot\u00e3o, cintura ajust\u00e1vel com Velcro. Costuras contrastantes, bolso para telem\u00f3vel, suporte de crach\u00e1 destac\u00e1vel e suporte de caneta no bolso da lapela, com aba e Velcro. Fitas refletoras nos ombros e costas, modelo de ajuste ao estilo de blus\u00e3o de ganga.\" \/>\n<meta property=\"og:url\" content=\"https:\/\/chemitool.com\/pt-pt\/products\/safety\/vestuario-de-trabalho\/casaco-safe\/\" \/>\n<meta property=\"og:site_name\" content=\"Chemitool\" \/>\n<meta property=\"article:publisher\" content=\"https:\/\/www.facebook.com\/chemitool\" \/>\n<meta property=\"article:modified_time\" content=\"2023-01-26T17:40:02+00:00\" \/>\n<meta property=\"og:image\" content=\"https:\/\/chemitool.com\/wp-content\/uploads\/2021\/09\/P09290331_frente_azul_1.png\" \/>\n\t<meta property=\"og:image:width\" content=\"800\" \/>\n\t<meta property=\"og:image:height\" content=\"800\" \/>\n<meta name=\"twitter:card\" content=\"summary_large_image\" \/>\n<script type=\"application\/ld+json\" class=\"yoast-schema-graph\">{\"@context\":\"https:\/\/schema.org\",\"@graph\":[{\"@type\":\"Organization\",\"@id\":\"https:\/\/chemitool.com\/#organization\",\"name\":\"Chemitool\",\"url\":\"https:\/\/chemitool.com\/\",\"sameAs\":[\"https:\/\/www.facebook.com\/chemitool\",\"https:\/\/www.instagram.com\/chemitool\/\"],\"logo\":{\"@type\":\"ImageObject\",\"@id\":\"https:\/\/chemitool.com\/#logo\",\"inLanguage\":\"pt-PT\",\"url\":\"https:\/\/chemitool.com\/wp-content\/uploads\/2020\/10\/logo_chemitool.png\",\"contentUrl\":\"https:\/\/chemitool.com\/wp-content\/uploads\/2020\/10\/logo_chemitool.png\",\"width\":400,\"height\":400,\"caption\":\"Chemitool\"},\"image\":{\"@id\":\"https:\/\/chemitool.com\/#logo\"}},{\"@type\":\"WebSite\",\"@id\":\"https:\/\/chemitool.com\/#website\",\"url\":\"https:\/\/chemitool.com\/\",\"name\":\"Chemitool\",\"description\":\"Chemitool - hardware and tools\",\"publisher\":{\"@id\":\"https:\/\/chemitool.com\/#organization\"},\"potentialAction\":[{\"@type\":\"SearchAction\",\"target\":{\"@type\":\"EntryPoint\",\"urlTemplate\":\"https:\/\/chemitool.com\/?s={search_term_string}\"},\"query-input\":\"required name=search_term_string\"}],\"inLanguage\":\"pt-PT\"},{\"@type\":\"ImageObject\",\"@id\":\"https:\/\/chemitool.com\/pt-pt\/products\/safety\/vestuario-de-trabalho\/casaco-safe\/#primaryimage\",\"inLanguage\":\"pt-PT\",\"url\":\"https:\/\/chemitool.com\/wp-content\/uploads\/2021\/09\/P09290331_frente_azul_1.png\",\"contentUrl\":\"https:\/\/chemitool.com\/wp-content\/uploads\/2021\/09\/P09290331_frente_azul_1.png\",\"width\":800,\"height\":800},{\"@type\":\"WebPage\",\"@id\":\"https:\/\/chemitool.com\/pt-pt\/products\/safety\/vestuario-de-trabalho\/casaco-safe\/#webpage\",\"url\":\"https:\/\/chemitool.com\/pt-pt\/products\/safety\/vestuario-de-trabalho\/casaco-safe\/\",\"name\":\"CASACO SAFE &ndash; Chemitool\",\"isPartOf\":{\"@id\":\"https:\/\/chemitool.com\/#website\"},\"primaryImageOfPage\":{\"@id\":\"https:\/\/chemitool.com\/pt-pt\/products\/safety\/vestuario-de-trabalho\/casaco-safe\/#primaryimage\"},\"datePublished\":\"2021-09-21T08:27:07+00:00\",\"dateModified\":\"2023-01-26T17:40:02+00:00\",\"description\":\"Casaco SAFE CHEMITOOL \\u00e9 indicado para todas as esta\\u00e7\\u00f5es, leve, unissexo, fecho dianteiro com bot\\u00f5es de pl\\u00e1stico e aba, punhos de bot\\u00e3o, cintura ajust\\u00e1vel com Velcro. Costuras contrastantes, bolso para telem\\u00f3vel, suporte de crach\\u00e1 destac\\u00e1vel e suporte de caneta no bolso da lapela, com aba e Velcro. Fitas refletoras nos ombros e costas, modelo de ajuste ao estilo de blus\\u00e3o de ganga.\",\"breadcrumb\":{\"@id\":\"https:\/\/chemitool.com\/pt-pt\/products\/safety\/vestuario-de-trabalho\/casaco-safe\/#breadcrumb\"},\"inLanguage\":\"pt-PT\",\"potentialAction\":[{\"@type\":\"ReadAction\",\"target\":[\"https:\/\/chemitool.com\/pt-pt\/products\/safety\/vestuario-de-trabalho\/casaco-safe\/\"]}]},{\"@type\":\"BreadcrumbList\",\"@id\":\"https:\/\/chemitool.com\/pt-pt\/products\/safety\/vestuario-de-trabalho\/casaco-safe\/#breadcrumb\",\"itemListElement\":[{\"@type\":\"ListItem\",\"position\":1,\"name\":\"Home\",\"item\":\"https:\/\/chemitool.com\/pt-pt\/\"},{\"@type\":\"ListItem\",\"position\":2,\"name\":\"Produtos\",\"item\":\"https:\/\/chemitool.com\/pt-pt\/produtos\/\"},{\"@type\":\"ListItem\",\"position\":3,\"name\":\"Safety\",\"item\":\"https:\/\/chemitool.com\/pt-pt\/categoria-produto\/safety\/\"},{\"@type\":\"ListItem\",\"position\":4,\"name\":\"Vestu\\u00e1rio de Trabalho\",\"item\":\"https:\/\/chemitool.com\/pt-pt\/categoria-produto\/safety\/vestuario-de-trabalho\/\"},{\"@type\":\"ListItem\",\"position\":5,\"name\":\"CASACO SAFE\"}]}]}<\/script>\n<!-- \/ Yoast SEO plugin. -->","yoast_head_json":{"title":"CASACO SAFE &ndash; Chemitool","description":"Casaco SAFE CHEMITOOL \u00e9 indicado para todas as esta\u00e7\u00f5es, leve, unissexo, fecho dianteiro com bot\u00f5es de pl\u00e1stico e aba, punhos de bot\u00e3o, cintura ajust\u00e1vel com Velcro. Costuras contrastantes, bolso para telem\u00f3vel, suporte de crach\u00e1 destac\u00e1vel e suporte de caneta no bolso da lapela, com aba e Velcro. Fitas refletoras nos ombros e costas, modelo de ajuste ao estilo de blus\u00e3o de ganga.","robots":{"index":"index","follow":"follow","max-snippet":"max-snippet:-1","max-image-preview":"max-image-preview:large","max-video-preview":"max-video-preview:-1"},"canonical":"https:\/\/chemitool.com\/pt-pt\/products\/safety\/vestuario-de-trabalho\/casaco-safe\/","og_locale":"pt_PT","og_type":"article","og_title":"CASACO SAFE &ndash; Chemitool","og_description":"Casaco SAFE CHEMITOOL \u00e9 indicado para todas as esta\u00e7\u00f5es, leve, unissexo, fecho dianteiro com bot\u00f5es de pl\u00e1stico e aba, punhos de bot\u00e3o, cintura ajust\u00e1vel com Velcro. Costuras contrastantes, bolso para telem\u00f3vel, suporte de crach\u00e1 destac\u00e1vel e suporte de caneta no bolso da lapela, com aba e Velcro. Fitas refletoras nos ombros e costas, modelo de ajuste ao estilo de blus\u00e3o de ganga.","og_url":"https:\/\/chemitool.com\/pt-pt\/products\/safety\/vestuario-de-trabalho\/casaco-safe\/","og_site_name":"Chemitool","article_publisher":"https:\/\/www.facebook.com\/chemitool","article_modified_time":"2023-01-26T17:40:02+00:00","og_image":[{"width":800,"height":800,"url":"https:\/\/chemitool.com\/wp-content\/uploads\/2021\/09\/P09290331_frente_azul_1.png","type":"image\/png"}],"twitter_card":"summary_large_image","schema":{"@context":"https:\/\/schema.org","@graph":[{"@type":"Organization","@id":"https:\/\/chemitool.com\/#organization","name":"Chemitool","url":"https:\/\/chemitool.com\/","sameAs":["https:\/\/www.facebook.com\/chemitool","https:\/\/www.instagram.com\/chemitool\/"],"logo":{"@type":"ImageObject","@id":"https:\/\/chemitool.com\/#logo","inLanguage":"pt-PT","url":"https:\/\/chemitool.com\/wp-content\/uploads\/2020\/10\/logo_chemitool.png","contentUrl":"https:\/\/chemitool.com\/wp-content\/uploads\/2020\/10\/logo_chemitool.png","width":400,"height":400,"caption":"Chemitool"},"image":{"@id":"https:\/\/chemitool.com\/#logo"}},{"@type":"WebSite","@id":"https:\/\/chemitool.com\/#website","url":"https:\/\/chemitool.com\/","name":"Chemitool","description":"Chemitool - hardware and tools","publisher":{"@id":"https:\/\/chemitool.com\/#organization"},"potentialAction":[{"@type":"SearchAction","target":{"@type":"EntryPoint","urlTemplate":"https:\/\/chemitool.com\/?s={search_term_string}"},"query-input":"required name=search_term_string"}],"inLanguage":"pt-PT"},{"@type":"ImageObject","@id":"https:\/\/chemitool.com\/pt-pt\/products\/safety\/vestuario-de-trabalho\/casaco-safe\/#primaryimage","inLanguage":"pt-PT","url":"https:\/\/chemitool.com\/wp-content\/uploads\/2021\/09\/P09290331_frente_azul_1.png","contentUrl":"https:\/\/chemitool.com\/wp-content\/uploads\/2021\/09\/P09290331_frente_azul_1.png","width":800,"height":800},{"@type":"WebPage","@id":"https:\/\/chemitool.com\/pt-pt\/products\/safety\/vestuario-de-trabalho\/casaco-safe\/#webpage","url":"https:\/\/chemitool.com\/pt-pt\/products\/safety\/vestuario-de-trabalho\/casaco-safe\/","name":"CASACO SAFE &ndash; Chemitool","isPartOf":{"@id":"https:\/\/chemitool.com\/#website"},"primaryImageOfPage":{"@id":"https:\/\/chemitool.com\/pt-pt\/products\/safety\/vestuario-de-trabalho\/casaco-safe\/#primaryimage"},"datePublished":"2021-09-21T08:27:07+00:00","dateModified":"2023-01-26T17:40:02+00:00","description":"Casaco SAFE CHEMITOOL \u00e9 indicado para todas as esta\u00e7\u00f5es, leve, unissexo, fecho dianteiro com bot\u00f5es de pl\u00e1stico e aba, punhos de bot\u00e3o, cintura ajust\u00e1vel com Velcro. Costuras contrastantes, bolso para telem\u00f3vel, suporte de crach\u00e1 destac\u00e1vel e suporte de caneta no bolso da lapela, com aba e Velcro. Fitas refletoras nos ombros e costas, modelo de ajuste ao estilo de blus\u00e3o de ganga.","breadcrumb":{"@id":"https:\/\/chemitool.com\/pt-pt\/products\/safety\/vestuario-de-trabalho\/casaco-safe\/#breadcrumb"},"inLanguage":"pt-PT","potentialAction":[{"@type":"ReadAction","target":["https:\/\/chemitool.com\/pt-pt\/products\/safety\/vestuario-de-trabalho\/casaco-safe\/"]}]},{"@type":"BreadcrumbList","@id":"https:\/\/chemitool.com\/pt-pt\/products\/safety\/vestuario-de-trabalho\/casaco-safe\/#breadcrumb","itemListElement":[{"@type":"ListItem","position":1,"name":"Home","item":"https:\/\/chemitool.com\/pt-pt\/"},{"@type":"ListItem","position":2,"name":"Produtos","item":"https:\/\/chemitool.com\/pt-pt\/produtos\/"},{"@type":"ListItem","position":3,"name":"Safety","item":"https:\/\/chemitool.com\/pt-pt\/categoria-produto\/safety\/"},{"@type":"ListItem","position":4,"name":"Vestu\u00e1rio de Trabalho","item":"https:\/\/chemitool.com\/pt-pt\/categoria-produto\/safety\/vestuario-de-trabalho\/"},{"@type":"ListItem","position":5,"name":"CASACO SAFE"}]}]}},"_links":{"self":[{"href":"https:\/\/chemitool.com\/pt-pt\/wp-json\/wp\/v2\/product\/15689"}],"collection":[{"href":"https:\/\/chemitool.com\/pt-pt\/wp-json\/wp\/v2\/product"}],"about":[{"href":"https:\/\/chemitool.com\/pt-pt\/wp-json\/wp\/v2\/types\/product"}],"wp:featuredmedia":[{"embeddable":true,"href":"https:\/\/chemitool.com\/pt-pt\/wp-json\/wp\/v2\/media\/15953"}],"wp:attachment":[{"href":"https:\/\/chemitool.com\/pt-pt\/wp-json\/wp\/v2\/media?parent=15689"}],"wp:term":[{"taxonomy":"product_cat","embeddable":true,"href":"https:\/\/chemitool.com\/pt-pt\/wp-json\/wp\/v2\/product_cat?post=15689"},{"taxonomy":"product_tag","embeddable":true,"href":"https:\/\/chemitool.com\/pt-pt\/wp-json\/wp\/v2\/product_tag?post=15689"}],"curies":[{"name":"wp","href":"https:\/\/api.w.org\/{rel}","templated":true}]}}