{"id":15167,"date":"2021-09-17T13:53:01","date_gmt":"2021-09-17T13:53:06","guid":{"rendered":"https:\/\/chemitool.com\/?post_type=product&#038;p=15167"},"modified":"2023-05-10T15:15:54","modified_gmt":"2023-05-10T15:15:54","slug":"calcas-charter","status":"publish","type":"product","link":"https:\/\/chemitool.com\/pt-pt\/products\/safety\/vestuario-tecnico\/alta-visibilidade\/calcas-charter\/","title":{"rendered":"CAL\u00c7AS CHARTER"},"content":{"rendered":"<ul>\n<li>Fitas refletoras<\/li>\n<li>Alta visibilidade<\/li>\n<li>Costuras triplas<\/li>\n<li>Bolso para fita m\u00e9trica<\/li>\n<li>Bolso lateral com fecho <em>LOCK SYSTEM<\/em><\/li>\n<\/ul>\n<p><img class=\"alignnone size-medium wp-image-15214\" src=\"https:\/\/chemitool.com\/wp-content\/uploads\/2021\/09\/MATCH-MAN-LADY-1.png\" alt=\"\" width=\"85\" height=\"97\" \/><img class=\"alignnone size-full wp-image-15205\" src=\"https:\/\/chemitool.com\/wp-content\/uploads\/2021\/09\/REGULAR-FIT-1.png\" alt=\"\" width=\"85\" height=\"97\" \/><img class=\"alignnone size-medium wp-image-15211\" src=\"https:\/\/chemitool.com\/wp-content\/uploads\/2021\/09\/LOCK-SYSTEM-1.png\" alt=\"\" width=\"85\" height=\"97\" \/><img class=\"alignnone size-medium wp-image-15208\" src=\"https:\/\/chemitool.com\/wp-content\/uploads\/2021\/09\/THREE-NEEDLE-STITCHING-1.png\" alt=\"\" width=\"85\" height=\"97\" \/><img class=\"alignnone size-medium wp-image-15217\" src=\"https:\/\/chemitool.com\/wp-content\/uploads\/2021\/09\/MODELLO-COMUNITARIO-REGISTRATO-1.png\" alt=\"\" width=\"85\" height=\"97\" \/><\/p>\n","protected":false},"excerpt":{"rendered":"<p><em>Cal\u00e7as CHARTER CHEMITOOL<\/em> s\u00e3o indicadas para todas as esta\u00e7\u00f5es em dois tons, de alta visibilidade, com fitas refletoras, c\u00f3s com presilhas e el\u00e1stico lateral. Fecho de correr com bot\u00e3o de pl\u00e1stico, dois bolsos dianteiros cl\u00e1ssicos, um bolso lateral com fecho <i>LOCK SYSTEM<\/i>, um bolso para fita m\u00e9trica, dois bolsos traseiros, um aberto e outro com aba e Velcro. Costura contrastante, e costura tripla entrepernas e parte interior da perna.<\/p>\n","protected":false},"featured_media":15822,"template":"","meta":[],"product_cat":[1453,3454,3461],"product_tag":[],"yoast_head":"<!-- This site is optimized with the Yoast SEO plugin v17.4 - https:\/\/yoast.com\/wordpress\/plugins\/seo\/ -->\n<title>CAL\u00c7AS CHARTER &ndash; Chemitool<\/title>\n<meta name=\"description\" content=\"Cal\u00e7as CHARTER CHEMITOOL s\u00e3o indicadas para todas as esta\u00e7\u00f5es em dois tons, de alta visibilidade, com fitas refletoras, c\u00f3s com presilhas e el\u00e1stico lateral. Fecho de correr com bot\u00e3o de pl\u00e1stico, dois bolsos dianteiros cl\u00e1ssicos, um bolso lateral com fecho LOCK SYSTEM, um bolso para fita m\u00e9trica, dois bolsos traseiros, um aberto e outro com aba e Velcro. Costura contrastante, e costura tripla entrepernas e parte interior da perna.\" \/>\n<meta name=\"robots\" content=\"index, follow, max-snippet:-1, max-image-preview:large, max-video-preview:-1\" \/>\n<link rel=\"canonical\" href=\"https:\/\/chemitool.com\/pt-pt\/products\/safety\/vestuario-tecnico\/alta-visibilidade\/calcas-charter\/\" \/>\n<meta property=\"og:locale\" content=\"pt_PT\" \/>\n<meta property=\"og:type\" content=\"article\" \/>\n<meta property=\"og:title\" content=\"CAL\u00c7AS CHARTER &ndash; Chemitool\" \/>\n<meta property=\"og:description\" content=\"Cal\u00e7as CHARTER CHEMITOOL s\u00e3o indicadas para todas as esta\u00e7\u00f5es em dois tons, de alta visibilidade, com fitas refletoras, c\u00f3s com presilhas e el\u00e1stico lateral. Fecho de correr com bot\u00e3o de pl\u00e1stico, dois bolsos dianteiros cl\u00e1ssicos, um bolso lateral com fecho LOCK SYSTEM, um bolso para fita m\u00e9trica, dois bolsos traseiros, um aberto e outro com aba e Velcro. Costura contrastante, e costura tripla entrepernas e parte interior da perna.\" \/>\n<meta property=\"og:url\" content=\"https:\/\/chemitool.com\/pt-pt\/products\/safety\/vestuario-tecnico\/alta-visibilidade\/calcas-charter\/\" \/>\n<meta property=\"og:site_name\" content=\"Chemitool\" \/>\n<meta property=\"article:publisher\" content=\"https:\/\/www.facebook.com\/chemitool\" \/>\n<meta property=\"article:modified_time\" content=\"2023-05-10T15:15:54+00:00\" \/>\n<meta property=\"og:image\" content=\"https:\/\/chemitool.com\/wp-content\/uploads\/2021\/09\/P0946033601006_frente.png\" \/>\n\t<meta property=\"og:image:width\" content=\"800\" \/>\n\t<meta property=\"og:image:height\" content=\"800\" \/>\n<meta name=\"twitter:card\" content=\"summary_large_image\" \/>\n<script type=\"application\/ld+json\" class=\"yoast-schema-graph\">{\"@context\":\"https:\/\/schema.org\",\"@graph\":[{\"@type\":\"Organization\",\"@id\":\"https:\/\/chemitool.com\/#organization\",\"name\":\"Chemitool\",\"url\":\"https:\/\/chemitool.com\/\",\"sameAs\":[\"https:\/\/www.facebook.com\/chemitool\",\"https:\/\/www.instagram.com\/chemitool\/\"],\"logo\":{\"@type\":\"ImageObject\",\"@id\":\"https:\/\/chemitool.com\/#logo\",\"inLanguage\":\"pt-PT\",\"url\":\"https:\/\/chemitool.com\/wp-content\/uploads\/2020\/10\/logo_chemitool.png\",\"contentUrl\":\"https:\/\/chemitool.com\/wp-content\/uploads\/2020\/10\/logo_chemitool.png\",\"width\":400,\"height\":400,\"caption\":\"Chemitool\"},\"image\":{\"@id\":\"https:\/\/chemitool.com\/#logo\"}},{\"@type\":\"WebSite\",\"@id\":\"https:\/\/chemitool.com\/#website\",\"url\":\"https:\/\/chemitool.com\/\",\"name\":\"Chemitool\",\"description\":\"Chemitool - hardware and tools\",\"publisher\":{\"@id\":\"https:\/\/chemitool.com\/#organization\"},\"potentialAction\":[{\"@type\":\"SearchAction\",\"target\":{\"@type\":\"EntryPoint\",\"urlTemplate\":\"https:\/\/chemitool.com\/?s={search_term_string}\"},\"query-input\":\"required name=search_term_string\"}],\"inLanguage\":\"pt-PT\"},{\"@type\":\"ImageObject\",\"@id\":\"https:\/\/chemitool.com\/pt-pt\/products\/safety\/vestuario-tecnico\/alta-visibilidade\/calcas-charter\/#primaryimage\",\"inLanguage\":\"pt-PT\",\"url\":\"https:\/\/chemitool.com\/wp-content\/uploads\/2021\/09\/P0946033601006_frente.png\",\"contentUrl\":\"https:\/\/chemitool.com\/wp-content\/uploads\/2021\/09\/P0946033601006_frente.png\",\"width\":800,\"height\":800},{\"@type\":\"WebPage\",\"@id\":\"https:\/\/chemitool.com\/pt-pt\/products\/safety\/vestuario-tecnico\/alta-visibilidade\/calcas-charter\/#webpage\",\"url\":\"https:\/\/chemitool.com\/pt-pt\/products\/safety\/vestuario-tecnico\/alta-visibilidade\/calcas-charter\/\",\"name\":\"CAL\\u00c7AS CHARTER &ndash; Chemitool\",\"isPartOf\":{\"@id\":\"https:\/\/chemitool.com\/#website\"},\"primaryImageOfPage\":{\"@id\":\"https:\/\/chemitool.com\/pt-pt\/products\/safety\/vestuario-tecnico\/alta-visibilidade\/calcas-charter\/#primaryimage\"},\"datePublished\":\"2021-09-17T13:53:06+00:00\",\"dateModified\":\"2023-05-10T15:15:54+00:00\",\"description\":\"Cal\\u00e7as CHARTER CHEMITOOL s\\u00e3o indicadas para todas as esta\\u00e7\\u00f5es em dois tons, de alta visibilidade, com fitas refletoras, c\\u00f3s com presilhas e el\\u00e1stico lateral. Fecho de correr com bot\\u00e3o de pl\\u00e1stico, dois bolsos dianteiros cl\\u00e1ssicos, um bolso lateral com fecho LOCK SYSTEM, um bolso para fita m\\u00e9trica, dois bolsos traseiros, um aberto e outro com aba e Velcro. Costura contrastante, e costura tripla entrepernas e parte interior da perna.\",\"breadcrumb\":{\"@id\":\"https:\/\/chemitool.com\/pt-pt\/products\/safety\/vestuario-tecnico\/alta-visibilidade\/calcas-charter\/#breadcrumb\"},\"inLanguage\":\"pt-PT\",\"potentialAction\":[{\"@type\":\"ReadAction\",\"target\":[\"https:\/\/chemitool.com\/pt-pt\/products\/safety\/vestuario-tecnico\/alta-visibilidade\/calcas-charter\/\"]}]},{\"@type\":\"BreadcrumbList\",\"@id\":\"https:\/\/chemitool.com\/pt-pt\/products\/safety\/vestuario-tecnico\/alta-visibilidade\/calcas-charter\/#breadcrumb\",\"itemListElement\":[{\"@type\":\"ListItem\",\"position\":1,\"name\":\"Home\",\"item\":\"https:\/\/chemitool.com\/pt-pt\/\"},{\"@type\":\"ListItem\",\"position\":2,\"name\":\"Produtos\",\"item\":\"https:\/\/chemitool.com\/pt-pt\/produtos\/\"},{\"@type\":\"ListItem\",\"position\":3,\"name\":\"Safety\",\"item\":\"https:\/\/chemitool.com\/pt-pt\/categoria-produto\/safety\/\"},{\"@type\":\"ListItem\",\"position\":4,\"name\":\"Vestu\\u00e1rio T\\u00e9cnico\",\"item\":\"https:\/\/chemitool.com\/pt-pt\/categoria-produto\/safety\/vestuario-tecnico\/\"},{\"@type\":\"ListItem\",\"position\":5,\"name\":\"Alta Visibilidade\",\"item\":\"https:\/\/chemitool.com\/pt-pt\/categoria-produto\/safety\/vestuario-tecnico\/alta-visibilidade\/\"},{\"@type\":\"ListItem\",\"position\":6,\"name\":\"CAL\\u00c7AS CHARTER\"}]}]}<\/script>\n<!-- \/ Yoast SEO plugin. -->","yoast_head_json":{"title":"CAL\u00c7AS CHARTER &ndash; Chemitool","description":"Cal\u00e7as CHARTER CHEMITOOL s\u00e3o indicadas para todas as esta\u00e7\u00f5es em dois tons, de alta visibilidade, com fitas refletoras, c\u00f3s com presilhas e el\u00e1stico lateral. Fecho de correr com bot\u00e3o de pl\u00e1stico, dois bolsos dianteiros cl\u00e1ssicos, um bolso lateral com fecho LOCK SYSTEM, um bolso para fita m\u00e9trica, dois bolsos traseiros, um aberto e outro com aba e Velcro. Costura contrastante, e costura tripla entrepernas e parte interior da perna.","robots":{"index":"index","follow":"follow","max-snippet":"max-snippet:-1","max-image-preview":"max-image-preview:large","max-video-preview":"max-video-preview:-1"},"canonical":"https:\/\/chemitool.com\/pt-pt\/products\/safety\/vestuario-tecnico\/alta-visibilidade\/calcas-charter\/","og_locale":"pt_PT","og_type":"article","og_title":"CAL\u00c7AS CHARTER &ndash; Chemitool","og_description":"Cal\u00e7as CHARTER CHEMITOOL s\u00e3o indicadas para todas as esta\u00e7\u00f5es em dois tons, de alta visibilidade, com fitas refletoras, c\u00f3s com presilhas e el\u00e1stico lateral. Fecho de correr com bot\u00e3o de pl\u00e1stico, dois bolsos dianteiros cl\u00e1ssicos, um bolso lateral com fecho LOCK SYSTEM, um bolso para fita m\u00e9trica, dois bolsos traseiros, um aberto e outro com aba e Velcro. Costura contrastante, e costura tripla entrepernas e parte interior da perna.","og_url":"https:\/\/chemitool.com\/pt-pt\/products\/safety\/vestuario-tecnico\/alta-visibilidade\/calcas-charter\/","og_site_name":"Chemitool","article_publisher":"https:\/\/www.facebook.com\/chemitool","article_modified_time":"2023-05-10T15:15:54+00:00","og_image":[{"width":800,"height":800,"url":"https:\/\/chemitool.com\/wp-content\/uploads\/2021\/09\/P0946033601006_frente.png","type":"image\/png"}],"twitter_card":"summary_large_image","schema":{"@context":"https:\/\/schema.org","@graph":[{"@type":"Organization","@id":"https:\/\/chemitool.com\/#organization","name":"Chemitool","url":"https:\/\/chemitool.com\/","sameAs":["https:\/\/www.facebook.com\/chemitool","https:\/\/www.instagram.com\/chemitool\/"],"logo":{"@type":"ImageObject","@id":"https:\/\/chemitool.com\/#logo","inLanguage":"pt-PT","url":"https:\/\/chemitool.com\/wp-content\/uploads\/2020\/10\/logo_chemitool.png","contentUrl":"https:\/\/chemitool.com\/wp-content\/uploads\/2020\/10\/logo_chemitool.png","width":400,"height":400,"caption":"Chemitool"},"image":{"@id":"https:\/\/chemitool.com\/#logo"}},{"@type":"WebSite","@id":"https:\/\/chemitool.com\/#website","url":"https:\/\/chemitool.com\/","name":"Chemitool","description":"Chemitool - hardware and tools","publisher":{"@id":"https:\/\/chemitool.com\/#organization"},"potentialAction":[{"@type":"SearchAction","target":{"@type":"EntryPoint","urlTemplate":"https:\/\/chemitool.com\/?s={search_term_string}"},"query-input":"required name=search_term_string"}],"inLanguage":"pt-PT"},{"@type":"ImageObject","@id":"https:\/\/chemitool.com\/pt-pt\/products\/safety\/vestuario-tecnico\/alta-visibilidade\/calcas-charter\/#primaryimage","inLanguage":"pt-PT","url":"https:\/\/chemitool.com\/wp-content\/uploads\/2021\/09\/P0946033601006_frente.png","contentUrl":"https:\/\/chemitool.com\/wp-content\/uploads\/2021\/09\/P0946033601006_frente.png","width":800,"height":800},{"@type":"WebPage","@id":"https:\/\/chemitool.com\/pt-pt\/products\/safety\/vestuario-tecnico\/alta-visibilidade\/calcas-charter\/#webpage","url":"https:\/\/chemitool.com\/pt-pt\/products\/safety\/vestuario-tecnico\/alta-visibilidade\/calcas-charter\/","name":"CAL\u00c7AS CHARTER &ndash; Chemitool","isPartOf":{"@id":"https:\/\/chemitool.com\/#website"},"primaryImageOfPage":{"@id":"https:\/\/chemitool.com\/pt-pt\/products\/safety\/vestuario-tecnico\/alta-visibilidade\/calcas-charter\/#primaryimage"},"datePublished":"2021-09-17T13:53:06+00:00","dateModified":"2023-05-10T15:15:54+00:00","description":"Cal\u00e7as CHARTER CHEMITOOL s\u00e3o indicadas para todas as esta\u00e7\u00f5es em dois tons, de alta visibilidade, com fitas refletoras, c\u00f3s com presilhas e el\u00e1stico lateral. Fecho de correr com bot\u00e3o de pl\u00e1stico, dois bolsos dianteiros cl\u00e1ssicos, um bolso lateral com fecho LOCK SYSTEM, um bolso para fita m\u00e9trica, dois bolsos traseiros, um aberto e outro com aba e Velcro. Costura contrastante, e costura tripla entrepernas e parte interior da perna.","breadcrumb":{"@id":"https:\/\/chemitool.com\/pt-pt\/products\/safety\/vestuario-tecnico\/alta-visibilidade\/calcas-charter\/#breadcrumb"},"inLanguage":"pt-PT","potentialAction":[{"@type":"ReadAction","target":["https:\/\/chemitool.com\/pt-pt\/products\/safety\/vestuario-tecnico\/alta-visibilidade\/calcas-charter\/"]}]},{"@type":"BreadcrumbList","@id":"https:\/\/chemitool.com\/pt-pt\/products\/safety\/vestuario-tecnico\/alta-visibilidade\/calcas-charter\/#breadcrumb","itemListElement":[{"@type":"ListItem","position":1,"name":"Home","item":"https:\/\/chemitool.com\/pt-pt\/"},{"@type":"ListItem","position":2,"name":"Produtos","item":"https:\/\/chemitool.com\/pt-pt\/produtos\/"},{"@type":"ListItem","position":3,"name":"Safety","item":"https:\/\/chemitool.com\/pt-pt\/categoria-produto\/safety\/"},{"@type":"ListItem","position":4,"name":"Vestu\u00e1rio T\u00e9cnico","item":"https:\/\/chemitool.com\/pt-pt\/categoria-produto\/safety\/vestuario-tecnico\/"},{"@type":"ListItem","position":5,"name":"Alta Visibilidade","item":"https:\/\/chemitool.com\/pt-pt\/categoria-produto\/safety\/vestuario-tecnico\/alta-visibilidade\/"},{"@type":"ListItem","position":6,"name":"CAL\u00c7AS CHARTER"}]}]}},"_links":{"self":[{"href":"https:\/\/chemitool.com\/pt-pt\/wp-json\/wp\/v2\/product\/15167"}],"collection":[{"href":"https:\/\/chemitool.com\/pt-pt\/wp-json\/wp\/v2\/product"}],"about":[{"href":"https:\/\/chemitool.com\/pt-pt\/wp-json\/wp\/v2\/types\/product"}],"wp:featuredmedia":[{"embeddable":true,"href":"https:\/\/chemitool.com\/pt-pt\/wp-json\/wp\/v2\/media\/15822"}],"wp:attachment":[{"href":"https:\/\/chemitool.com\/pt-pt\/wp-json\/wp\/v2\/media?parent=15167"}],"wp:term":[{"taxonomy":"product_cat","embeddable":true,"href":"https:\/\/chemitool.com\/pt-pt\/wp-json\/wp\/v2\/product_cat?post=15167"},{"taxonomy":"product_tag","embeddable":true,"href":"https:\/\/chemitool.com\/pt-pt\/wp-json\/wp\/v2\/product_tag?post=15167"}],"curies":[{"name":"wp","href":"https:\/\/api.w.org\/{rel}","templated":true}]}}