{"id":15005,"date":"2021-09-13T14:36:11","date_gmt":"2021-09-13T14:36:16","guid":{"rendered":"https:\/\/chemitool.com\/?post_type=product&#038;p=15005"},"modified":"2022-11-18T16:35:36","modified_gmt":"2022-11-18T16:35:36","slug":"limpeza-de-travoes-chemisol","status":"publish","type":"product","link":"https:\/\/chemitool.com\/pt-pt\/products\/chemicals\/sprays-pt\/auto\/limpeza-de-travoes-chemisol\/","title":{"rendered":"LIMPEZA DE TRAV\u00d5ES CHEMISOL"},"content":{"rendered":"<p><strong>VANTAGENS<\/strong><\/p>\n<ul>\n<li>Poderosa limpeza e desengordurante<\/li>\n<li>N\u00e3o deixa res\u00edduos<\/li>\n<li>N\u00e3o condutor<\/li>\n<li>N\u00e3o corrosivo<\/li>\n<li>O \u00e1lcool isoprop\u00edlico da f\u00f3rmula melhora o desempenho de limpeza<\/li>\n<li>Evapora\u00e7\u00e3o \u00e9 r\u00e1pida devido ao baixo ponto de ebuli\u00e7\u00e3o do solvente<\/li>\n<\/ul>\n<p><strong>APLICA\u00c7\u00d5ES<\/strong><\/p>\n<ul>\n<li>Recomendado para trav\u00f5es de tambor, trav\u00f5es de disco, freios, pin\u00e7as, cal\u00e7os de trav\u00f5es e calibrador de trav\u00f5es.<\/li>\n<li>Limpeza e desengordurante de metais como por exemplo, pe\u00e7as das engrenagens\/motor.<\/li>\n<li>Proporciona uma \u00f3tima fric\u00e7\u00e3o entre os elementos dos trav\u00f5es e da embraiagem, melhorando o efeito de travagem.<\/li>\n<\/ul>\n","protected":false},"excerpt":{"rendered":"<p><em>Limpeza de Trav\u00f5es CHEMISOL<\/em> \u00e9 um produto de alta qualidade com excelentes propriedades dissolventes de trav\u00f5es e metais. Remove \u00f3leo, gordura, l\u00edquido dos trav\u00f5es e sujidade dos trav\u00f5es sem deixar res\u00edduos.<\/p>\n","protected":false},"featured_media":15008,"template":"","meta":[],"product_cat":[109,1217,1238],"product_tag":[145],"yoast_head":"<!-- This site is optimized with the Yoast SEO plugin v17.4 - https:\/\/yoast.com\/wordpress\/plugins\/seo\/ -->\n<title>LIMPEZA DE TRAV\u00d5ES CHEMISOL &ndash; Chemitool<\/title>\n<meta name=\"description\" content=\"Limpeza de Trav\u00f5es CHEMISOL \u00e9 um produto de alta qualidade com excelentes propriedades dissolventes de trav\u00f5es e metais. Remove \u00f3leo, gordura, l\u00edquido dos trav\u00f5es e sujidade dos trav\u00f5es sem deixar res\u00edduos.\" \/>\n<meta name=\"robots\" content=\"index, follow, max-snippet:-1, max-image-preview:large, max-video-preview:-1\" \/>\n<link rel=\"canonical\" href=\"https:\/\/chemitool.com\/pt-pt\/products\/chemicals\/sprays-pt\/auto\/limpeza-de-travoes-chemisol\/\" \/>\n<meta property=\"og:locale\" content=\"pt_PT\" \/>\n<meta property=\"og:type\" content=\"article\" \/>\n<meta property=\"og:title\" content=\"LIMPEZA DE TRAV\u00d5ES CHEMISOL &ndash; Chemitool\" \/>\n<meta property=\"og:description\" content=\"Limpeza de Trav\u00f5es CHEMISOL \u00e9 um produto de alta qualidade com excelentes propriedades dissolventes de trav\u00f5es e metais. Remove \u00f3leo, gordura, l\u00edquido dos trav\u00f5es e sujidade dos trav\u00f5es sem deixar res\u00edduos.\" \/>\n<meta property=\"og:url\" content=\"https:\/\/chemitool.com\/pt-pt\/products\/chemicals\/sprays-pt\/auto\/limpeza-de-travoes-chemisol\/\" \/>\n<meta property=\"og:site_name\" content=\"Chemitool\" \/>\n<meta property=\"article:publisher\" content=\"https:\/\/www.facebook.com\/chemitool\" \/>\n<meta property=\"article:modified_time\" content=\"2022-11-18T16:35:36+00:00\" \/>\n<meta property=\"og:image\" content=\"https:\/\/chemitool.com\/wp-content\/uploads\/2021\/09\/CHEMISOL.png\" \/>\n\t<meta property=\"og:image:width\" content=\"800\" \/>\n\t<meta property=\"og:image:height\" content=\"800\" \/>\n<meta name=\"twitter:card\" content=\"summary_large_image\" \/>\n<script type=\"application\/ld+json\" class=\"yoast-schema-graph\">{\"@context\":\"https:\/\/schema.org\",\"@graph\":[{\"@type\":\"Organization\",\"@id\":\"https:\/\/chemitool.com\/#organization\",\"name\":\"Chemitool\",\"url\":\"https:\/\/chemitool.com\/\",\"sameAs\":[\"https:\/\/www.facebook.com\/chemitool\",\"https:\/\/www.instagram.com\/chemitool\/\"],\"logo\":{\"@type\":\"ImageObject\",\"@id\":\"https:\/\/chemitool.com\/#logo\",\"inLanguage\":\"pt-PT\",\"url\":\"https:\/\/chemitool.com\/wp-content\/uploads\/2020\/10\/logo_chemitool.png\",\"contentUrl\":\"https:\/\/chemitool.com\/wp-content\/uploads\/2020\/10\/logo_chemitool.png\",\"width\":400,\"height\":400,\"caption\":\"Chemitool\"},\"image\":{\"@id\":\"https:\/\/chemitool.com\/#logo\"}},{\"@type\":\"WebSite\",\"@id\":\"https:\/\/chemitool.com\/#website\",\"url\":\"https:\/\/chemitool.com\/\",\"name\":\"Chemitool\",\"description\":\"Chemitool - hardware and tools\",\"publisher\":{\"@id\":\"https:\/\/chemitool.com\/#organization\"},\"potentialAction\":[{\"@type\":\"SearchAction\",\"target\":{\"@type\":\"EntryPoint\",\"urlTemplate\":\"https:\/\/chemitool.com\/?s={search_term_string}\"},\"query-input\":\"required name=search_term_string\"}],\"inLanguage\":\"pt-PT\"},{\"@type\":\"ImageObject\",\"@id\":\"https:\/\/chemitool.com\/pt-pt\/products\/chemicals\/sprays-pt\/auto\/limpeza-de-travoes-chemisol\/#primaryimage\",\"inLanguage\":\"pt-PT\",\"url\":\"https:\/\/chemitool.com\/wp-content\/uploads\/2021\/09\/CHEMISOL.png\",\"contentUrl\":\"https:\/\/chemitool.com\/wp-content\/uploads\/2021\/09\/CHEMISOL.png\",\"width\":800,\"height\":800},{\"@type\":\"WebPage\",\"@id\":\"https:\/\/chemitool.com\/pt-pt\/products\/chemicals\/sprays-pt\/auto\/limpeza-de-travoes-chemisol\/#webpage\",\"url\":\"https:\/\/chemitool.com\/pt-pt\/products\/chemicals\/sprays-pt\/auto\/limpeza-de-travoes-chemisol\/\",\"name\":\"LIMPEZA DE TRAV\\u00d5ES CHEMISOL &ndash; Chemitool\",\"isPartOf\":{\"@id\":\"https:\/\/chemitool.com\/#website\"},\"primaryImageOfPage\":{\"@id\":\"https:\/\/chemitool.com\/pt-pt\/products\/chemicals\/sprays-pt\/auto\/limpeza-de-travoes-chemisol\/#primaryimage\"},\"datePublished\":\"2021-09-13T14:36:16+00:00\",\"dateModified\":\"2022-11-18T16:35:36+00:00\",\"description\":\"Limpeza de Trav\\u00f5es CHEMISOL \\u00e9 um produto de alta qualidade com excelentes propriedades dissolventes de trav\\u00f5es e metais. Remove \\u00f3leo, gordura, l\\u00edquido dos trav\\u00f5es e sujidade dos trav\\u00f5es sem deixar res\\u00edduos.\",\"breadcrumb\":{\"@id\":\"https:\/\/chemitool.com\/pt-pt\/products\/chemicals\/sprays-pt\/auto\/limpeza-de-travoes-chemisol\/#breadcrumb\"},\"inLanguage\":\"pt-PT\",\"potentialAction\":[{\"@type\":\"ReadAction\",\"target\":[\"https:\/\/chemitool.com\/pt-pt\/products\/chemicals\/sprays-pt\/auto\/limpeza-de-travoes-chemisol\/\"]}]},{\"@type\":\"BreadcrumbList\",\"@id\":\"https:\/\/chemitool.com\/pt-pt\/products\/chemicals\/sprays-pt\/auto\/limpeza-de-travoes-chemisol\/#breadcrumb\",\"itemListElement\":[{\"@type\":\"ListItem\",\"position\":1,\"name\":\"Home\",\"item\":\"https:\/\/chemitool.com\/pt-pt\/\"},{\"@type\":\"ListItem\",\"position\":2,\"name\":\"Produtos\",\"item\":\"https:\/\/chemitool.com\/pt-pt\/produtos\/\"},{\"@type\":\"ListItem\",\"position\":3,\"name\":\"Chemicals\",\"item\":\"https:\/\/chemitool.com\/pt-pt\/categoria-produto\/chemicals\/\"},{\"@type\":\"ListItem\",\"position\":4,\"name\":\"Sprays\",\"item\":\"https:\/\/chemitool.com\/pt-pt\/categoria-produto\/chemicals\/sprays-pt\/\"},{\"@type\":\"ListItem\",\"position\":5,\"name\":\"Auto\",\"item\":\"https:\/\/chemitool.com\/pt-pt\/categoria-produto\/chemicals\/sprays-pt\/auto\/\"},{\"@type\":\"ListItem\",\"position\":6,\"name\":\"LIMPEZA DE TRAV\\u00d5ES CHEMISOL\"}]}]}<\/script>\n<!-- \/ Yoast SEO plugin. -->","yoast_head_json":{"title":"LIMPEZA DE TRAV\u00d5ES CHEMISOL &ndash; Chemitool","description":"Limpeza de Trav\u00f5es CHEMISOL \u00e9 um produto de alta qualidade com excelentes propriedades dissolventes de trav\u00f5es e metais. Remove \u00f3leo, gordura, l\u00edquido dos trav\u00f5es e sujidade dos trav\u00f5es sem deixar res\u00edduos.","robots":{"index":"index","follow":"follow","max-snippet":"max-snippet:-1","max-image-preview":"max-image-preview:large","max-video-preview":"max-video-preview:-1"},"canonical":"https:\/\/chemitool.com\/pt-pt\/products\/chemicals\/sprays-pt\/auto\/limpeza-de-travoes-chemisol\/","og_locale":"pt_PT","og_type":"article","og_title":"LIMPEZA DE TRAV\u00d5ES CHEMISOL &ndash; Chemitool","og_description":"Limpeza de Trav\u00f5es CHEMISOL \u00e9 um produto de alta qualidade com excelentes propriedades dissolventes de trav\u00f5es e metais. Remove \u00f3leo, gordura, l\u00edquido dos trav\u00f5es e sujidade dos trav\u00f5es sem deixar res\u00edduos.","og_url":"https:\/\/chemitool.com\/pt-pt\/products\/chemicals\/sprays-pt\/auto\/limpeza-de-travoes-chemisol\/","og_site_name":"Chemitool","article_publisher":"https:\/\/www.facebook.com\/chemitool","article_modified_time":"2022-11-18T16:35:36+00:00","og_image":[{"width":800,"height":800,"url":"https:\/\/chemitool.com\/wp-content\/uploads\/2021\/09\/CHEMISOL.png","type":"image\/png"}],"twitter_card":"summary_large_image","schema":{"@context":"https:\/\/schema.org","@graph":[{"@type":"Organization","@id":"https:\/\/chemitool.com\/#organization","name":"Chemitool","url":"https:\/\/chemitool.com\/","sameAs":["https:\/\/www.facebook.com\/chemitool","https:\/\/www.instagram.com\/chemitool\/"],"logo":{"@type":"ImageObject","@id":"https:\/\/chemitool.com\/#logo","inLanguage":"pt-PT","url":"https:\/\/chemitool.com\/wp-content\/uploads\/2020\/10\/logo_chemitool.png","contentUrl":"https:\/\/chemitool.com\/wp-content\/uploads\/2020\/10\/logo_chemitool.png","width":400,"height":400,"caption":"Chemitool"},"image":{"@id":"https:\/\/chemitool.com\/#logo"}},{"@type":"WebSite","@id":"https:\/\/chemitool.com\/#website","url":"https:\/\/chemitool.com\/","name":"Chemitool","description":"Chemitool - hardware and tools","publisher":{"@id":"https:\/\/chemitool.com\/#organization"},"potentialAction":[{"@type":"SearchAction","target":{"@type":"EntryPoint","urlTemplate":"https:\/\/chemitool.com\/?s={search_term_string}"},"query-input":"required name=search_term_string"}],"inLanguage":"pt-PT"},{"@type":"ImageObject","@id":"https:\/\/chemitool.com\/pt-pt\/products\/chemicals\/sprays-pt\/auto\/limpeza-de-travoes-chemisol\/#primaryimage","inLanguage":"pt-PT","url":"https:\/\/chemitool.com\/wp-content\/uploads\/2021\/09\/CHEMISOL.png","contentUrl":"https:\/\/chemitool.com\/wp-content\/uploads\/2021\/09\/CHEMISOL.png","width":800,"height":800},{"@type":"WebPage","@id":"https:\/\/chemitool.com\/pt-pt\/products\/chemicals\/sprays-pt\/auto\/limpeza-de-travoes-chemisol\/#webpage","url":"https:\/\/chemitool.com\/pt-pt\/products\/chemicals\/sprays-pt\/auto\/limpeza-de-travoes-chemisol\/","name":"LIMPEZA DE TRAV\u00d5ES CHEMISOL &ndash; Chemitool","isPartOf":{"@id":"https:\/\/chemitool.com\/#website"},"primaryImageOfPage":{"@id":"https:\/\/chemitool.com\/pt-pt\/products\/chemicals\/sprays-pt\/auto\/limpeza-de-travoes-chemisol\/#primaryimage"},"datePublished":"2021-09-13T14:36:16+00:00","dateModified":"2022-11-18T16:35:36+00:00","description":"Limpeza de Trav\u00f5es CHEMISOL \u00e9 um produto de alta qualidade com excelentes propriedades dissolventes de trav\u00f5es e metais. Remove \u00f3leo, gordura, l\u00edquido dos trav\u00f5es e sujidade dos trav\u00f5es sem deixar res\u00edduos.","breadcrumb":{"@id":"https:\/\/chemitool.com\/pt-pt\/products\/chemicals\/sprays-pt\/auto\/limpeza-de-travoes-chemisol\/#breadcrumb"},"inLanguage":"pt-PT","potentialAction":[{"@type":"ReadAction","target":["https:\/\/chemitool.com\/pt-pt\/products\/chemicals\/sprays-pt\/auto\/limpeza-de-travoes-chemisol\/"]}]},{"@type":"BreadcrumbList","@id":"https:\/\/chemitool.com\/pt-pt\/products\/chemicals\/sprays-pt\/auto\/limpeza-de-travoes-chemisol\/#breadcrumb","itemListElement":[{"@type":"ListItem","position":1,"name":"Home","item":"https:\/\/chemitool.com\/pt-pt\/"},{"@type":"ListItem","position":2,"name":"Produtos","item":"https:\/\/chemitool.com\/pt-pt\/produtos\/"},{"@type":"ListItem","position":3,"name":"Chemicals","item":"https:\/\/chemitool.com\/pt-pt\/categoria-produto\/chemicals\/"},{"@type":"ListItem","position":4,"name":"Sprays","item":"https:\/\/chemitool.com\/pt-pt\/categoria-produto\/chemicals\/sprays-pt\/"},{"@type":"ListItem","position":5,"name":"Auto","item":"https:\/\/chemitool.com\/pt-pt\/categoria-produto\/chemicals\/sprays-pt\/auto\/"},{"@type":"ListItem","position":6,"name":"LIMPEZA DE TRAV\u00d5ES CHEMISOL"}]}]}},"_links":{"self":[{"href":"https:\/\/chemitool.com\/pt-pt\/wp-json\/wp\/v2\/product\/15005"}],"collection":[{"href":"https:\/\/chemitool.com\/pt-pt\/wp-json\/wp\/v2\/product"}],"about":[{"href":"https:\/\/chemitool.com\/pt-pt\/wp-json\/wp\/v2\/types\/product"}],"wp:featuredmedia":[{"embeddable":true,"href":"https:\/\/chemitool.com\/pt-pt\/wp-json\/wp\/v2\/media\/15008"}],"wp:attachment":[{"href":"https:\/\/chemitool.com\/pt-pt\/wp-json\/wp\/v2\/media?parent=15005"}],"wp:term":[{"taxonomy":"product_cat","embeddable":true,"href":"https:\/\/chemitool.com\/pt-pt\/wp-json\/wp\/v2\/product_cat?post=15005"},{"taxonomy":"product_tag","embeddable":true,"href":"https:\/\/chemitool.com\/pt-pt\/wp-json\/wp\/v2\/product_tag?post=15005"}],"curies":[{"name":"wp","href":"https:\/\/api.w.org\/{rel}","templated":true}]}}