{"id":14339,"date":"2021-08-27T14:58:43","date_gmt":"2021-08-27T14:58:48","guid":{"rendered":"https:\/\/chemitool.com\/?post_type=product&#038;p=14339"},"modified":"2022-04-26T10:18:43","modified_gmt":"2022-04-26T10:18:43","slug":"luva-de-soldador-croute-27cm","status":"publish","type":"product","link":"https:\/\/chemitool.com\/pt-pt\/products\/safety\/luvas-de-seguranca\/luvas-de-soldador\/luva-de-soldador-croute-27cm\/","title":{"rendered":"LUVA DE SOLDADOR CROUTE 27CM"},"content":{"rendered":"<ul>\n<li>Pele croute de vaca<\/li>\n<li>Manguito 7 cm em croute<\/li>\n<li>Prote\u00e7\u00e3o arterial<\/li>\n<li>Costuras duplas<\/li>\n<li>Excelentes propriedades f\u00edsicas e boa destreza<\/li>\n<li>Excelente resist\u00eancia \u00e0 abras\u00e3o<\/li>\n<\/ul>\n<p><img class=\"alignnone size-full wp-image-14896\" src=\"https:\/\/chemitool.com\/wp-content\/uploads\/2021\/09\/CE_CAT2.png\" alt=\"\" width=\"104\" height=\"119\" \/>\u00a0<img class=\"alignnone size-full wp-image-14920\" src=\"https:\/\/chemitool.com\/wp-content\/uploads\/2021\/09\/EN420.png\" alt=\"\" width=\"104\" height=\"119\" \/><br \/>\n<img class=\"alignnone size-full wp-image-14911\" src=\"https:\/\/chemitool.com\/wp-content\/uploads\/2021\/09\/EN388_4.1.4.4.X.png\" alt=\"\" width=\"104\" height=\"119\" \/>\u00a0<img class=\"alignnone size-full wp-image-14914\" src=\"https:\/\/chemitool.com\/wp-content\/uploads\/2021\/09\/EN407_4.1.2.X.4.X.png\" alt=\"\" width=\"104\" height=\"119\" \/> <img class=\"alignnone size-full wp-image-15084\" src=\"https:\/\/chemitool.com\/wp-content\/uploads\/2021\/08\/EN12477_TipoA.png\" alt=\"\" width=\"105\" height=\"119\" \/><\/p>\n","protected":false},"excerpt":{"rendered":"<p><b class=\"sap-label\">SAP:<\/b> <span class=\"codesap-label\">CHS05020210<\/span><\/p>\n<p><em>Luva de Soldador em croute de 27 cm CHEMITOOL<\/em> tem um pequeno manguito de 7 cm e costuras duplas refor\u00e7adas. Ideal para soldaduras TIG. Recomendada para soldadura pouco agressiva e ind\u00fastria metal\u00fargica. Montagens diversas. Fabrico e manipula\u00e7\u00e3o de produtos met\u00e1licos. Constru\u00e7\u00f5es, serralharia, opera\u00e7\u00f5es de carga e descarga. Constru\u00e7\u00e3o autom\u00f3vel e naval.<\/p>\n","protected":false},"featured_media":14328,"template":"","meta":[],"product_cat":[1453,3101,3140],"product_tag":[3765],"yoast_head":"<!-- This site is optimized with the Yoast SEO plugin v17.4 - https:\/\/yoast.com\/wordpress\/plugins\/seo\/ -->\n<title>LUVA DE SOLDADOR CROUTE 27CM &ndash; Chemitool<\/title>\n<meta name=\"description\" content=\"SAP: CHS05020210  Luva de Soldador em croute de 27 cm CHEMITOOL tem um pequeno manguito de 7 cm e costuras duplas refor\u00e7adas. Ideal para soldaduras TIG. Recomendada para soldadura pouco agressiva e ind\u00fastria metal\u00fargica. Montagens diversas. Fabrico e manipula\u00e7\u00e3o de produtos met\u00e1licos. Constru\u00e7\u00f5es, serralharia, opera\u00e7\u00f5es de carga e descarga. Constru\u00e7\u00e3o autom\u00f3vel e naval.\" \/>\n<meta name=\"robots\" content=\"index, follow, max-snippet:-1, max-image-preview:large, max-video-preview:-1\" \/>\n<link rel=\"canonical\" href=\"https:\/\/chemitool.com\/pt-pt\/products\/safety\/luvas-de-seguranca\/luvas-de-soldador\/luva-de-soldador-croute-27cm\/\" \/>\n<meta property=\"og:locale\" content=\"pt_PT\" \/>\n<meta property=\"og:type\" content=\"article\" \/>\n<meta property=\"og:title\" content=\"LUVA DE SOLDADOR CROUTE 27CM &ndash; Chemitool\" \/>\n<meta property=\"og:description\" content=\"SAP: CHS05020210  Luva de Soldador em croute de 27 cm CHEMITOOL tem um pequeno manguito de 7 cm e costuras duplas refor\u00e7adas. Ideal para soldaduras TIG. Recomendada para soldadura pouco agressiva e ind\u00fastria metal\u00fargica. Montagens diversas. Fabrico e manipula\u00e7\u00e3o de produtos met\u00e1licos. Constru\u00e7\u00f5es, serralharia, opera\u00e7\u00f5es de carga e descarga. Constru\u00e7\u00e3o autom\u00f3vel e naval.\" \/>\n<meta property=\"og:url\" content=\"https:\/\/chemitool.com\/pt-pt\/products\/safety\/luvas-de-seguranca\/luvas-de-soldador\/luva-de-soldador-croute-27cm\/\" \/>\n<meta property=\"og:site_name\" content=\"Chemitool\" \/>\n<meta property=\"article:publisher\" content=\"https:\/\/www.facebook.com\/chemitool\" \/>\n<meta property=\"article:modified_time\" content=\"2022-04-26T10:18:43+00:00\" \/>\n<meta property=\"og:image\" content=\"https:\/\/chemitool.com\/wp-content\/uploads\/2021\/08\/chemitool-safety_chs02070210.png\" \/>\n\t<meta property=\"og:image:width\" content=\"800\" \/>\n\t<meta property=\"og:image:height\" content=\"800\" \/>\n<meta name=\"twitter:card\" content=\"summary_large_image\" \/>\n<meta name=\"twitter:label1\" content=\"Tempo estimado de leitura\" \/>\n\t<meta name=\"twitter:data1\" content=\"2 minutos\" \/>\n<script type=\"application\/ld+json\" class=\"yoast-schema-graph\">{\"@context\":\"https:\/\/schema.org\",\"@graph\":[{\"@type\":\"Organization\",\"@id\":\"https:\/\/chemitool.com\/#organization\",\"name\":\"Chemitool\",\"url\":\"https:\/\/chemitool.com\/\",\"sameAs\":[\"https:\/\/www.facebook.com\/chemitool\",\"https:\/\/www.instagram.com\/chemitool\/\"],\"logo\":{\"@type\":\"ImageObject\",\"@id\":\"https:\/\/chemitool.com\/#logo\",\"inLanguage\":\"pt-PT\",\"url\":\"https:\/\/chemitool.com\/wp-content\/uploads\/2020\/10\/logo_chemitool.png\",\"contentUrl\":\"https:\/\/chemitool.com\/wp-content\/uploads\/2020\/10\/logo_chemitool.png\",\"width\":400,\"height\":400,\"caption\":\"Chemitool\"},\"image\":{\"@id\":\"https:\/\/chemitool.com\/#logo\"}},{\"@type\":\"WebSite\",\"@id\":\"https:\/\/chemitool.com\/#website\",\"url\":\"https:\/\/chemitool.com\/\",\"name\":\"Chemitool\",\"description\":\"Chemitool - hardware and tools\",\"publisher\":{\"@id\":\"https:\/\/chemitool.com\/#organization\"},\"potentialAction\":[{\"@type\":\"SearchAction\",\"target\":{\"@type\":\"EntryPoint\",\"urlTemplate\":\"https:\/\/chemitool.com\/?s={search_term_string}\"},\"query-input\":\"required name=search_term_string\"}],\"inLanguage\":\"pt-PT\"},{\"@type\":\"ImageObject\",\"@id\":\"https:\/\/chemitool.com\/pt-pt\/products\/safety\/luvas-de-seguranca\/luvas-de-soldador\/luva-de-soldador-croute-27cm\/#primaryimage\",\"inLanguage\":\"pt-PT\",\"url\":\"https:\/\/chemitool.com\/wp-content\/uploads\/2021\/08\/chemitool-safety_chs02070210.png\",\"contentUrl\":\"https:\/\/chemitool.com\/wp-content\/uploads\/2021\/08\/chemitool-safety_chs02070210.png\",\"width\":800,\"height\":800},{\"@type\":\"WebPage\",\"@id\":\"https:\/\/chemitool.com\/pt-pt\/products\/safety\/luvas-de-seguranca\/luvas-de-soldador\/luva-de-soldador-croute-27cm\/#webpage\",\"url\":\"https:\/\/chemitool.com\/pt-pt\/products\/safety\/luvas-de-seguranca\/luvas-de-soldador\/luva-de-soldador-croute-27cm\/\",\"name\":\"LUVA DE SOLDADOR CROUTE 27CM &ndash; Chemitool\",\"isPartOf\":{\"@id\":\"https:\/\/chemitool.com\/#website\"},\"primaryImageOfPage\":{\"@id\":\"https:\/\/chemitool.com\/pt-pt\/products\/safety\/luvas-de-seguranca\/luvas-de-soldador\/luva-de-soldador-croute-27cm\/#primaryimage\"},\"datePublished\":\"2021-08-27T14:58:48+00:00\",\"dateModified\":\"2022-04-26T10:18:43+00:00\",\"description\":\"SAP: CHS05020210 Luva de Soldador em croute de 27 cm CHEMITOOL tem um pequeno manguito de 7 cm e costuras duplas refor\\u00e7adas. Ideal para soldaduras TIG. Recomendada para soldadura pouco agressiva e ind\\u00fastria metal\\u00fargica. Montagens diversas. Fabrico e manipula\\u00e7\\u00e3o de produtos met\\u00e1licos. Constru\\u00e7\\u00f5es, serralharia, opera\\u00e7\\u00f5es de carga e descarga. Constru\\u00e7\\u00e3o autom\\u00f3vel e naval.\",\"breadcrumb\":{\"@id\":\"https:\/\/chemitool.com\/pt-pt\/products\/safety\/luvas-de-seguranca\/luvas-de-soldador\/luva-de-soldador-croute-27cm\/#breadcrumb\"},\"inLanguage\":\"pt-PT\",\"potentialAction\":[{\"@type\":\"ReadAction\",\"target\":[\"https:\/\/chemitool.com\/pt-pt\/products\/safety\/luvas-de-seguranca\/luvas-de-soldador\/luva-de-soldador-croute-27cm\/\"]}]},{\"@type\":\"BreadcrumbList\",\"@id\":\"https:\/\/chemitool.com\/pt-pt\/products\/safety\/luvas-de-seguranca\/luvas-de-soldador\/luva-de-soldador-croute-27cm\/#breadcrumb\",\"itemListElement\":[{\"@type\":\"ListItem\",\"position\":1,\"name\":\"Home\",\"item\":\"https:\/\/chemitool.com\/pt-pt\/\"},{\"@type\":\"ListItem\",\"position\":2,\"name\":\"Produtos\",\"item\":\"https:\/\/chemitool.com\/pt-pt\/produtos\/\"},{\"@type\":\"ListItem\",\"position\":3,\"name\":\"Safety\",\"item\":\"https:\/\/chemitool.com\/pt-pt\/categoria-produto\/safety\/\"},{\"@type\":\"ListItem\",\"position\":4,\"name\":\"Luvas de seguran\\u00e7a\",\"item\":\"https:\/\/chemitool.com\/pt-pt\/categoria-produto\/safety\/luvas-de-seguranca\/\"},{\"@type\":\"ListItem\",\"position\":5,\"name\":\"Luvas de Soldador\",\"item\":\"https:\/\/chemitool.com\/pt-pt\/categoria-produto\/safety\/luvas-de-seguranca\/luvas-de-soldador\/\"},{\"@type\":\"ListItem\",\"position\":6,\"name\":\"LUVA DE SOLDADOR CROUTE 27CM\"}]}]}<\/script>\n<!-- \/ Yoast SEO plugin. -->","yoast_head_json":{"title":"LUVA DE SOLDADOR CROUTE 27CM &ndash; Chemitool","description":"SAP: CHS05020210  Luva de Soldador em croute de 27 cm CHEMITOOL tem um pequeno manguito de 7 cm e costuras duplas refor\u00e7adas. Ideal para soldaduras TIG. Recomendada para soldadura pouco agressiva e ind\u00fastria metal\u00fargica. Montagens diversas. Fabrico e manipula\u00e7\u00e3o de produtos met\u00e1licos. Constru\u00e7\u00f5es, serralharia, opera\u00e7\u00f5es de carga e descarga. Constru\u00e7\u00e3o autom\u00f3vel e naval.","robots":{"index":"index","follow":"follow","max-snippet":"max-snippet:-1","max-image-preview":"max-image-preview:large","max-video-preview":"max-video-preview:-1"},"canonical":"https:\/\/chemitool.com\/pt-pt\/products\/safety\/luvas-de-seguranca\/luvas-de-soldador\/luva-de-soldador-croute-27cm\/","og_locale":"pt_PT","og_type":"article","og_title":"LUVA DE SOLDADOR CROUTE 27CM &ndash; Chemitool","og_description":"SAP: CHS05020210  Luva de Soldador em croute de 27 cm CHEMITOOL tem um pequeno manguito de 7 cm e costuras duplas refor\u00e7adas. Ideal para soldaduras TIG. Recomendada para soldadura pouco agressiva e ind\u00fastria metal\u00fargica. Montagens diversas. Fabrico e manipula\u00e7\u00e3o de produtos met\u00e1licos. Constru\u00e7\u00f5es, serralharia, opera\u00e7\u00f5es de carga e descarga. Constru\u00e7\u00e3o autom\u00f3vel e naval.","og_url":"https:\/\/chemitool.com\/pt-pt\/products\/safety\/luvas-de-seguranca\/luvas-de-soldador\/luva-de-soldador-croute-27cm\/","og_site_name":"Chemitool","article_publisher":"https:\/\/www.facebook.com\/chemitool","article_modified_time":"2022-04-26T10:18:43+00:00","og_image":[{"width":800,"height":800,"url":"https:\/\/chemitool.com\/wp-content\/uploads\/2021\/08\/chemitool-safety_chs02070210.png","type":"image\/png"}],"twitter_card":"summary_large_image","twitter_misc":{"Tempo estimado de leitura":"2 minutos"},"schema":{"@context":"https:\/\/schema.org","@graph":[{"@type":"Organization","@id":"https:\/\/chemitool.com\/#organization","name":"Chemitool","url":"https:\/\/chemitool.com\/","sameAs":["https:\/\/www.facebook.com\/chemitool","https:\/\/www.instagram.com\/chemitool\/"],"logo":{"@type":"ImageObject","@id":"https:\/\/chemitool.com\/#logo","inLanguage":"pt-PT","url":"https:\/\/chemitool.com\/wp-content\/uploads\/2020\/10\/logo_chemitool.png","contentUrl":"https:\/\/chemitool.com\/wp-content\/uploads\/2020\/10\/logo_chemitool.png","width":400,"height":400,"caption":"Chemitool"},"image":{"@id":"https:\/\/chemitool.com\/#logo"}},{"@type":"WebSite","@id":"https:\/\/chemitool.com\/#website","url":"https:\/\/chemitool.com\/","name":"Chemitool","description":"Chemitool - hardware and tools","publisher":{"@id":"https:\/\/chemitool.com\/#organization"},"potentialAction":[{"@type":"SearchAction","target":{"@type":"EntryPoint","urlTemplate":"https:\/\/chemitool.com\/?s={search_term_string}"},"query-input":"required name=search_term_string"}],"inLanguage":"pt-PT"},{"@type":"ImageObject","@id":"https:\/\/chemitool.com\/pt-pt\/products\/safety\/luvas-de-seguranca\/luvas-de-soldador\/luva-de-soldador-croute-27cm\/#primaryimage","inLanguage":"pt-PT","url":"https:\/\/chemitool.com\/wp-content\/uploads\/2021\/08\/chemitool-safety_chs02070210.png","contentUrl":"https:\/\/chemitool.com\/wp-content\/uploads\/2021\/08\/chemitool-safety_chs02070210.png","width":800,"height":800},{"@type":"WebPage","@id":"https:\/\/chemitool.com\/pt-pt\/products\/safety\/luvas-de-seguranca\/luvas-de-soldador\/luva-de-soldador-croute-27cm\/#webpage","url":"https:\/\/chemitool.com\/pt-pt\/products\/safety\/luvas-de-seguranca\/luvas-de-soldador\/luva-de-soldador-croute-27cm\/","name":"LUVA DE SOLDADOR CROUTE 27CM &ndash; Chemitool","isPartOf":{"@id":"https:\/\/chemitool.com\/#website"},"primaryImageOfPage":{"@id":"https:\/\/chemitool.com\/pt-pt\/products\/safety\/luvas-de-seguranca\/luvas-de-soldador\/luva-de-soldador-croute-27cm\/#primaryimage"},"datePublished":"2021-08-27T14:58:48+00:00","dateModified":"2022-04-26T10:18:43+00:00","description":"SAP: CHS05020210 Luva de Soldador em croute de 27 cm CHEMITOOL tem um pequeno manguito de 7 cm e costuras duplas refor\u00e7adas. Ideal para soldaduras TIG. Recomendada para soldadura pouco agressiva e ind\u00fastria metal\u00fargica. Montagens diversas. Fabrico e manipula\u00e7\u00e3o de produtos met\u00e1licos. Constru\u00e7\u00f5es, serralharia, opera\u00e7\u00f5es de carga e descarga. Constru\u00e7\u00e3o autom\u00f3vel e naval.","breadcrumb":{"@id":"https:\/\/chemitool.com\/pt-pt\/products\/safety\/luvas-de-seguranca\/luvas-de-soldador\/luva-de-soldador-croute-27cm\/#breadcrumb"},"inLanguage":"pt-PT","potentialAction":[{"@type":"ReadAction","target":["https:\/\/chemitool.com\/pt-pt\/products\/safety\/luvas-de-seguranca\/luvas-de-soldador\/luva-de-soldador-croute-27cm\/"]}]},{"@type":"BreadcrumbList","@id":"https:\/\/chemitool.com\/pt-pt\/products\/safety\/luvas-de-seguranca\/luvas-de-soldador\/luva-de-soldador-croute-27cm\/#breadcrumb","itemListElement":[{"@type":"ListItem","position":1,"name":"Home","item":"https:\/\/chemitool.com\/pt-pt\/"},{"@type":"ListItem","position":2,"name":"Produtos","item":"https:\/\/chemitool.com\/pt-pt\/produtos\/"},{"@type":"ListItem","position":3,"name":"Safety","item":"https:\/\/chemitool.com\/pt-pt\/categoria-produto\/safety\/"},{"@type":"ListItem","position":4,"name":"Luvas de seguran\u00e7a","item":"https:\/\/chemitool.com\/pt-pt\/categoria-produto\/safety\/luvas-de-seguranca\/"},{"@type":"ListItem","position":5,"name":"Luvas de Soldador","item":"https:\/\/chemitool.com\/pt-pt\/categoria-produto\/safety\/luvas-de-seguranca\/luvas-de-soldador\/"},{"@type":"ListItem","position":6,"name":"LUVA DE SOLDADOR CROUTE 27CM"}]}]}},"_links":{"self":[{"href":"https:\/\/chemitool.com\/pt-pt\/wp-json\/wp\/v2\/product\/14339"}],"collection":[{"href":"https:\/\/chemitool.com\/pt-pt\/wp-json\/wp\/v2\/product"}],"about":[{"href":"https:\/\/chemitool.com\/pt-pt\/wp-json\/wp\/v2\/types\/product"}],"wp:featuredmedia":[{"embeddable":true,"href":"https:\/\/chemitool.com\/pt-pt\/wp-json\/wp\/v2\/media\/14328"}],"wp:attachment":[{"href":"https:\/\/chemitool.com\/pt-pt\/wp-json\/wp\/v2\/media?parent=14339"}],"wp:term":[{"taxonomy":"product_cat","embeddable":true,"href":"https:\/\/chemitool.com\/pt-pt\/wp-json\/wp\/v2\/product_cat?post=14339"},{"taxonomy":"product_tag","embeddable":true,"href":"https:\/\/chemitool.com\/pt-pt\/wp-json\/wp\/v2\/product_tag?post=14339"}],"curies":[{"name":"wp","href":"https:\/\/api.w.org\/{rel}","templated":true}]}}