{"id":14248,"date":"2021-08-27T09:37:20","date_gmt":"2021-08-27T09:37:21","guid":{"rendered":"https:\/\/chemitool.com\/?post_type=product&#038;p=14248"},"modified":"2021-11-16T15:24:22","modified_gmt":"2021-11-16T15:24:22","slug":"luva-tipo-chefe-em-pele","status":"publish","type":"product","link":"https:\/\/chemitool.com\/pt-pt\/products\/safety\/luvas-de-seguranca\/luvas-de-pele-luvas-de-seguranca\/luva-tipo-chefe-em-pele\/","title":{"rendered":"LUVA TIPO CHEFE EM PELE"},"content":{"rendered":"<ul>\n<li>Pele de vaca<\/li>\n<li>El\u00e1stico no dorso<\/li>\n<li>Confort\u00e1vel e flex\u00edvel<\/li>\n<li>Boa resist\u00eancia<\/li>\n<li>Flexibilidade e destreza<\/li>\n<\/ul>\n<p><img class=\"alignnone size-full wp-image-14896\" src=\"https:\/\/chemitool.com\/wp-content\/uploads\/2021\/09\/CE_CAT2.png\" alt=\"\" width=\"104\" height=\"119\" \/><img class=\"alignnone size-full wp-image-14920\" src=\"https:\/\/chemitool.com\/wp-content\/uploads\/2021\/09\/EN420.png\" alt=\"\" width=\"104\" height=\"119\" \/><br \/>\n<img class=\"alignnone size-full wp-image-14899\" src=\"https:\/\/chemitool.com\/wp-content\/uploads\/2021\/09\/EN388_2.1.2.3.X.png\" alt=\"\" width=\"104\" height=\"119\" \/><\/p>\n","protected":false},"excerpt":{"rendered":"<p><em>Luva tipo Chefe em Pele<\/em> CHEMITOOL para uso geral, fabricada em pele flor de vaca natural. Com el\u00e1stico no dorso e punho com fita de refor\u00e7o. Recomendada para constru\u00e7\u00e3o civil, ind\u00fastria metal\u00fargica, transporte e manuseio de materiais e montagem de pe\u00e7as.<\/p>\n","protected":false},"featured_media":14232,"template":"","meta":[],"product_cat":[1453,3101,3138],"product_tag":[],"yoast_head":"<!-- This site is optimized with the Yoast SEO plugin v17.4 - https:\/\/yoast.com\/wordpress\/plugins\/seo\/ -->\n<title>LUVA TIPO CHEFE EM PELE &ndash; Chemitool<\/title>\n<meta name=\"description\" content=\"Luva tipo Chefe em Pele CHEMITOOL para uso geral, fabricada em pele flor de vaca natural. Com el\u00e1stico no dorso e punho com fita de refor\u00e7o. Recomendada para constru\u00e7\u00e3o civil, ind\u00fastria metal\u00fargica, transporte e manuseio de materiais e montagem de pe\u00e7as.\" \/>\n<meta name=\"robots\" content=\"index, follow, max-snippet:-1, max-image-preview:large, max-video-preview:-1\" \/>\n<link rel=\"canonical\" href=\"https:\/\/chemitool.com\/pt-pt\/products\/safety\/luvas-de-seguranca\/luvas-de-pele-luvas-de-seguranca\/luva-tipo-chefe-em-pele\/\" \/>\n<meta property=\"og:locale\" content=\"pt_PT\" \/>\n<meta property=\"og:type\" content=\"article\" \/>\n<meta property=\"og:title\" content=\"LUVA TIPO CHEFE EM PELE &ndash; Chemitool\" \/>\n<meta property=\"og:description\" content=\"Luva tipo Chefe em Pele CHEMITOOL para uso geral, fabricada em pele flor de vaca natural. Com el\u00e1stico no dorso e punho com fita de refor\u00e7o. Recomendada para constru\u00e7\u00e3o civil, ind\u00fastria metal\u00fargica, transporte e manuseio de materiais e montagem de pe\u00e7as.\" \/>\n<meta property=\"og:url\" content=\"https:\/\/chemitool.com\/pt-pt\/products\/safety\/luvas-de-seguranca\/luvas-de-pele-luvas-de-seguranca\/luva-tipo-chefe-em-pele\/\" \/>\n<meta property=\"og:site_name\" content=\"Chemitool\" \/>\n<meta property=\"article:publisher\" content=\"https:\/\/www.facebook.com\/chemitool\" \/>\n<meta property=\"article:modified_time\" content=\"2021-11-16T15:24:22+00:00\" \/>\n<meta property=\"og:image\" content=\"https:\/\/chemitool.com\/wp-content\/uploads\/2021\/08\/chemitool-safety_chs02060107-11.png\" \/>\n\t<meta property=\"og:image:width\" content=\"800\" \/>\n\t<meta property=\"og:image:height\" content=\"800\" \/>\n<meta name=\"twitter:card\" content=\"summary_large_image\" \/>\n<script type=\"application\/ld+json\" class=\"yoast-schema-graph\">{\"@context\":\"https:\/\/schema.org\",\"@graph\":[{\"@type\":\"Organization\",\"@id\":\"https:\/\/chemitool.com\/#organization\",\"name\":\"Chemitool\",\"url\":\"https:\/\/chemitool.com\/\",\"sameAs\":[\"https:\/\/www.facebook.com\/chemitool\",\"https:\/\/www.instagram.com\/chemitool\/\"],\"logo\":{\"@type\":\"ImageObject\",\"@id\":\"https:\/\/chemitool.com\/#logo\",\"inLanguage\":\"pt-PT\",\"url\":\"https:\/\/chemitool.com\/wp-content\/uploads\/2020\/10\/logo_chemitool.png\",\"contentUrl\":\"https:\/\/chemitool.com\/wp-content\/uploads\/2020\/10\/logo_chemitool.png\",\"width\":400,\"height\":400,\"caption\":\"Chemitool\"},\"image\":{\"@id\":\"https:\/\/chemitool.com\/#logo\"}},{\"@type\":\"WebSite\",\"@id\":\"https:\/\/chemitool.com\/#website\",\"url\":\"https:\/\/chemitool.com\/\",\"name\":\"Chemitool\",\"description\":\"Chemitool - hardware and tools\",\"publisher\":{\"@id\":\"https:\/\/chemitool.com\/#organization\"},\"potentialAction\":[{\"@type\":\"SearchAction\",\"target\":{\"@type\":\"EntryPoint\",\"urlTemplate\":\"https:\/\/chemitool.com\/?s={search_term_string}\"},\"query-input\":\"required name=search_term_string\"}],\"inLanguage\":\"pt-PT\"},{\"@type\":\"ImageObject\",\"@id\":\"https:\/\/chemitool.com\/pt-pt\/products\/safety\/luvas-de-seguranca\/luvas-de-pele-luvas-de-seguranca\/luva-tipo-chefe-em-pele\/#primaryimage\",\"inLanguage\":\"pt-PT\",\"url\":\"https:\/\/chemitool.com\/wp-content\/uploads\/2021\/08\/chemitool-safety_chs02060107-11.png\",\"contentUrl\":\"https:\/\/chemitool.com\/wp-content\/uploads\/2021\/08\/chemitool-safety_chs02060107-11.png\",\"width\":800,\"height\":800},{\"@type\":\"WebPage\",\"@id\":\"https:\/\/chemitool.com\/pt-pt\/products\/safety\/luvas-de-seguranca\/luvas-de-pele-luvas-de-seguranca\/luva-tipo-chefe-em-pele\/#webpage\",\"url\":\"https:\/\/chemitool.com\/pt-pt\/products\/safety\/luvas-de-seguranca\/luvas-de-pele-luvas-de-seguranca\/luva-tipo-chefe-em-pele\/\",\"name\":\"LUVA TIPO CHEFE EM PELE &ndash; Chemitool\",\"isPartOf\":{\"@id\":\"https:\/\/chemitool.com\/#website\"},\"primaryImageOfPage\":{\"@id\":\"https:\/\/chemitool.com\/pt-pt\/products\/safety\/luvas-de-seguranca\/luvas-de-pele-luvas-de-seguranca\/luva-tipo-chefe-em-pele\/#primaryimage\"},\"datePublished\":\"2021-08-27T09:37:21+00:00\",\"dateModified\":\"2021-11-16T15:24:22+00:00\",\"description\":\"Luva tipo Chefe em Pele CHEMITOOL para uso geral, fabricada em pele flor de vaca natural. Com el\\u00e1stico no dorso e punho com fita de refor\\u00e7o. Recomendada para constru\\u00e7\\u00e3o civil, ind\\u00fastria metal\\u00fargica, transporte e manuseio de materiais e montagem de pe\\u00e7as.\",\"breadcrumb\":{\"@id\":\"https:\/\/chemitool.com\/pt-pt\/products\/safety\/luvas-de-seguranca\/luvas-de-pele-luvas-de-seguranca\/luva-tipo-chefe-em-pele\/#breadcrumb\"},\"inLanguage\":\"pt-PT\",\"potentialAction\":[{\"@type\":\"ReadAction\",\"target\":[\"https:\/\/chemitool.com\/pt-pt\/products\/safety\/luvas-de-seguranca\/luvas-de-pele-luvas-de-seguranca\/luva-tipo-chefe-em-pele\/\"]}]},{\"@type\":\"BreadcrumbList\",\"@id\":\"https:\/\/chemitool.com\/pt-pt\/products\/safety\/luvas-de-seguranca\/luvas-de-pele-luvas-de-seguranca\/luva-tipo-chefe-em-pele\/#breadcrumb\",\"itemListElement\":[{\"@type\":\"ListItem\",\"position\":1,\"name\":\"Home\",\"item\":\"https:\/\/chemitool.com\/pt-pt\/\"},{\"@type\":\"ListItem\",\"position\":2,\"name\":\"Produtos\",\"item\":\"https:\/\/chemitool.com\/pt-pt\/produtos\/\"},{\"@type\":\"ListItem\",\"position\":3,\"name\":\"Safety\",\"item\":\"https:\/\/chemitool.com\/pt-pt\/categoria-produto\/safety\/\"},{\"@type\":\"ListItem\",\"position\":4,\"name\":\"Luvas de seguran\\u00e7a\",\"item\":\"https:\/\/chemitool.com\/pt-pt\/categoria-produto\/safety\/luvas-de-seguranca\/\"},{\"@type\":\"ListItem\",\"position\":5,\"name\":\"Luvas de pele\",\"item\":\"https:\/\/chemitool.com\/pt-pt\/categoria-produto\/safety\/luvas-de-seguranca\/luvas-de-pele-luvas-de-seguranca\/\"},{\"@type\":\"ListItem\",\"position\":6,\"name\":\"LUVA TIPO CHEFE EM PELE\"}]}]}<\/script>\n<!-- \/ Yoast SEO plugin. -->","yoast_head_json":{"title":"LUVA TIPO CHEFE EM PELE &ndash; Chemitool","description":"Luva tipo Chefe em Pele CHEMITOOL para uso geral, fabricada em pele flor de vaca natural. Com el\u00e1stico no dorso e punho com fita de refor\u00e7o. Recomendada para constru\u00e7\u00e3o civil, ind\u00fastria metal\u00fargica, transporte e manuseio de materiais e montagem de pe\u00e7as.","robots":{"index":"index","follow":"follow","max-snippet":"max-snippet:-1","max-image-preview":"max-image-preview:large","max-video-preview":"max-video-preview:-1"},"canonical":"https:\/\/chemitool.com\/pt-pt\/products\/safety\/luvas-de-seguranca\/luvas-de-pele-luvas-de-seguranca\/luva-tipo-chefe-em-pele\/","og_locale":"pt_PT","og_type":"article","og_title":"LUVA TIPO CHEFE EM PELE &ndash; Chemitool","og_description":"Luva tipo Chefe em Pele CHEMITOOL para uso geral, fabricada em pele flor de vaca natural. Com el\u00e1stico no dorso e punho com fita de refor\u00e7o. Recomendada para constru\u00e7\u00e3o civil, ind\u00fastria metal\u00fargica, transporte e manuseio de materiais e montagem de pe\u00e7as.","og_url":"https:\/\/chemitool.com\/pt-pt\/products\/safety\/luvas-de-seguranca\/luvas-de-pele-luvas-de-seguranca\/luva-tipo-chefe-em-pele\/","og_site_name":"Chemitool","article_publisher":"https:\/\/www.facebook.com\/chemitool","article_modified_time":"2021-11-16T15:24:22+00:00","og_image":[{"width":800,"height":800,"url":"https:\/\/chemitool.com\/wp-content\/uploads\/2021\/08\/chemitool-safety_chs02060107-11.png","type":"image\/png"}],"twitter_card":"summary_large_image","schema":{"@context":"https:\/\/schema.org","@graph":[{"@type":"Organization","@id":"https:\/\/chemitool.com\/#organization","name":"Chemitool","url":"https:\/\/chemitool.com\/","sameAs":["https:\/\/www.facebook.com\/chemitool","https:\/\/www.instagram.com\/chemitool\/"],"logo":{"@type":"ImageObject","@id":"https:\/\/chemitool.com\/#logo","inLanguage":"pt-PT","url":"https:\/\/chemitool.com\/wp-content\/uploads\/2020\/10\/logo_chemitool.png","contentUrl":"https:\/\/chemitool.com\/wp-content\/uploads\/2020\/10\/logo_chemitool.png","width":400,"height":400,"caption":"Chemitool"},"image":{"@id":"https:\/\/chemitool.com\/#logo"}},{"@type":"WebSite","@id":"https:\/\/chemitool.com\/#website","url":"https:\/\/chemitool.com\/","name":"Chemitool","description":"Chemitool - hardware and tools","publisher":{"@id":"https:\/\/chemitool.com\/#organization"},"potentialAction":[{"@type":"SearchAction","target":{"@type":"EntryPoint","urlTemplate":"https:\/\/chemitool.com\/?s={search_term_string}"},"query-input":"required name=search_term_string"}],"inLanguage":"pt-PT"},{"@type":"ImageObject","@id":"https:\/\/chemitool.com\/pt-pt\/products\/safety\/luvas-de-seguranca\/luvas-de-pele-luvas-de-seguranca\/luva-tipo-chefe-em-pele\/#primaryimage","inLanguage":"pt-PT","url":"https:\/\/chemitool.com\/wp-content\/uploads\/2021\/08\/chemitool-safety_chs02060107-11.png","contentUrl":"https:\/\/chemitool.com\/wp-content\/uploads\/2021\/08\/chemitool-safety_chs02060107-11.png","width":800,"height":800},{"@type":"WebPage","@id":"https:\/\/chemitool.com\/pt-pt\/products\/safety\/luvas-de-seguranca\/luvas-de-pele-luvas-de-seguranca\/luva-tipo-chefe-em-pele\/#webpage","url":"https:\/\/chemitool.com\/pt-pt\/products\/safety\/luvas-de-seguranca\/luvas-de-pele-luvas-de-seguranca\/luva-tipo-chefe-em-pele\/","name":"LUVA TIPO CHEFE EM PELE &ndash; Chemitool","isPartOf":{"@id":"https:\/\/chemitool.com\/#website"},"primaryImageOfPage":{"@id":"https:\/\/chemitool.com\/pt-pt\/products\/safety\/luvas-de-seguranca\/luvas-de-pele-luvas-de-seguranca\/luva-tipo-chefe-em-pele\/#primaryimage"},"datePublished":"2021-08-27T09:37:21+00:00","dateModified":"2021-11-16T15:24:22+00:00","description":"Luva tipo Chefe em Pele CHEMITOOL para uso geral, fabricada em pele flor de vaca natural. Com el\u00e1stico no dorso e punho com fita de refor\u00e7o. Recomendada para constru\u00e7\u00e3o civil, ind\u00fastria metal\u00fargica, transporte e manuseio de materiais e montagem de pe\u00e7as.","breadcrumb":{"@id":"https:\/\/chemitool.com\/pt-pt\/products\/safety\/luvas-de-seguranca\/luvas-de-pele-luvas-de-seguranca\/luva-tipo-chefe-em-pele\/#breadcrumb"},"inLanguage":"pt-PT","potentialAction":[{"@type":"ReadAction","target":["https:\/\/chemitool.com\/pt-pt\/products\/safety\/luvas-de-seguranca\/luvas-de-pele-luvas-de-seguranca\/luva-tipo-chefe-em-pele\/"]}]},{"@type":"BreadcrumbList","@id":"https:\/\/chemitool.com\/pt-pt\/products\/safety\/luvas-de-seguranca\/luvas-de-pele-luvas-de-seguranca\/luva-tipo-chefe-em-pele\/#breadcrumb","itemListElement":[{"@type":"ListItem","position":1,"name":"Home","item":"https:\/\/chemitool.com\/pt-pt\/"},{"@type":"ListItem","position":2,"name":"Produtos","item":"https:\/\/chemitool.com\/pt-pt\/produtos\/"},{"@type":"ListItem","position":3,"name":"Safety","item":"https:\/\/chemitool.com\/pt-pt\/categoria-produto\/safety\/"},{"@type":"ListItem","position":4,"name":"Luvas de seguran\u00e7a","item":"https:\/\/chemitool.com\/pt-pt\/categoria-produto\/safety\/luvas-de-seguranca\/"},{"@type":"ListItem","position":5,"name":"Luvas de pele","item":"https:\/\/chemitool.com\/pt-pt\/categoria-produto\/safety\/luvas-de-seguranca\/luvas-de-pele-luvas-de-seguranca\/"},{"@type":"ListItem","position":6,"name":"LUVA TIPO CHEFE EM PELE"}]}]}},"_links":{"self":[{"href":"https:\/\/chemitool.com\/pt-pt\/wp-json\/wp\/v2\/product\/14248"}],"collection":[{"href":"https:\/\/chemitool.com\/pt-pt\/wp-json\/wp\/v2\/product"}],"about":[{"href":"https:\/\/chemitool.com\/pt-pt\/wp-json\/wp\/v2\/types\/product"}],"wp:featuredmedia":[{"embeddable":true,"href":"https:\/\/chemitool.com\/pt-pt\/wp-json\/wp\/v2\/media\/14232"}],"wp:attachment":[{"href":"https:\/\/chemitool.com\/pt-pt\/wp-json\/wp\/v2\/media?parent=14248"}],"wp:term":[{"taxonomy":"product_cat","embeddable":true,"href":"https:\/\/chemitool.com\/pt-pt\/wp-json\/wp\/v2\/product_cat?post=14248"},{"taxonomy":"product_tag","embeddable":true,"href":"https:\/\/chemitool.com\/pt-pt\/wp-json\/wp\/v2\/product_tag?post=14248"}],"curies":[{"name":"wp","href":"https:\/\/api.w.org\/{rel}","templated":true}]}}