{"id":14022,"date":"2021-08-24T14:48:55","date_gmt":"2021-08-24T14:48:56","guid":{"rendered":"https:\/\/chemitool.com\/?post_type=product&#038;p=14022"},"modified":"2021-09-06T10:34:50","modified_gmt":"2021-09-06T10:34:50","slug":"galocha-megara-ob-sra","status":"publish","type":"product","link":"https:\/\/chemitool.com\/pt-pt\/products\/safety\/calcado-de-seguranca\/galochas\/galocha-megara-ob-sra\/","title":{"rendered":"GALOCHA MEGARA OB SRA"},"content":{"rendered":"<ul>\n<li>Adequado para amplos usos no setor agr\u00edcola e industrial<\/li>\n<li>Forro em Jersey antibacteriano, resistente \u00e0 abras\u00e3o<\/li>\n<li>Sola antiderrapante e com absor\u00e7\u00e3o de choque na zona do calcanhar<\/li>\n<\/ul>\n","protected":false},"excerpt":{"rendered":"<p><em>Galocha MEGARA OB SRA CHEMITOOL<\/em> \u00e9 uma galocha de uso geral com cano e sola em PVC desenvolvida para ser resistente e confort\u00e1vel. Indicada para diversos tipos de trabalho na Ind\u00fastria e no setor Agr\u00edcola pelas suas excelentes caracter\u00edsticas: confort\u00e1vel, elevada resist\u00eancia ao desgaste, sola antiderrapante e absor\u00e7\u00e3o de choque no calcanhar.<\/p>\n<p>&nbsp;<\/p>\n","protected":false},"featured_media":14102,"template":"","meta":[],"product_cat":[1453,3035,3037],"product_tag":[],"yoast_head":"<!-- This site is optimized with the Yoast SEO plugin v17.4 - https:\/\/yoast.com\/wordpress\/plugins\/seo\/ -->\n<title>GALOCHA MEGARA OB SRA &ndash; Chemitool<\/title>\n<meta name=\"description\" content=\"Galocha MEGARA OB SRA CHEMITOOL \u00e9 uma galocha de uso geral com cano e sola em PVC desenvolvida para ser resistente e confort\u00e1vel. Indicada para diversos tipos de trabalho na Ind\u00fastria e no setor Agr\u00edcola pelas suas excelentes caracter\u00edsticas: confort\u00e1vel, elevada resist\u00eancia ao desgaste, sola antiderrapante e absor\u00e7\u00e3o de choque no calcanhar.  &nbsp;\" \/>\n<meta name=\"robots\" content=\"index, follow, max-snippet:-1, max-image-preview:large, max-video-preview:-1\" \/>\n<link rel=\"canonical\" href=\"https:\/\/chemitool.com\/pt-pt\/products\/safety\/calcado-de-seguranca\/galochas\/galocha-megara-ob-sra\/\" \/>\n<meta property=\"og:locale\" content=\"pt_PT\" \/>\n<meta property=\"og:type\" content=\"article\" \/>\n<meta property=\"og:title\" content=\"GALOCHA MEGARA OB SRA &ndash; Chemitool\" \/>\n<meta property=\"og:description\" content=\"Galocha MEGARA OB SRA CHEMITOOL \u00e9 uma galocha de uso geral com cano e sola em PVC desenvolvida para ser resistente e confort\u00e1vel. Indicada para diversos tipos de trabalho na Ind\u00fastria e no setor Agr\u00edcola pelas suas excelentes caracter\u00edsticas: confort\u00e1vel, elevada resist\u00eancia ao desgaste, sola antiderrapante e absor\u00e7\u00e3o de choque no calcanhar.  &nbsp;\" \/>\n<meta property=\"og:url\" content=\"https:\/\/chemitool.com\/pt-pt\/products\/safety\/calcado-de-seguranca\/galochas\/galocha-megara-ob-sra\/\" \/>\n<meta property=\"og:site_name\" content=\"Chemitool\" \/>\n<meta property=\"article:publisher\" content=\"https:\/\/www.facebook.com\/chemitool\" \/>\n<meta property=\"article:modified_time\" content=\"2021-09-06T10:34:50+00:00\" \/>\n<meta property=\"og:image\" content=\"https:\/\/chemitool.com\/wp-content\/uploads\/2021\/08\/MEGARA_icones.png\" \/>\n\t<meta property=\"og:image:width\" content=\"800\" \/>\n\t<meta property=\"og:image:height\" content=\"800\" \/>\n<meta name=\"twitter:card\" content=\"summary_large_image\" \/>\n<script type=\"application\/ld+json\" class=\"yoast-schema-graph\">{\"@context\":\"https:\/\/schema.org\",\"@graph\":[{\"@type\":\"Organization\",\"@id\":\"https:\/\/chemitool.com\/#organization\",\"name\":\"Chemitool\",\"url\":\"https:\/\/chemitool.com\/\",\"sameAs\":[\"https:\/\/www.facebook.com\/chemitool\",\"https:\/\/www.instagram.com\/chemitool\/\"],\"logo\":{\"@type\":\"ImageObject\",\"@id\":\"https:\/\/chemitool.com\/#logo\",\"inLanguage\":\"pt-PT\",\"url\":\"https:\/\/chemitool.com\/wp-content\/uploads\/2020\/10\/logo_chemitool.png\",\"contentUrl\":\"https:\/\/chemitool.com\/wp-content\/uploads\/2020\/10\/logo_chemitool.png\",\"width\":400,\"height\":400,\"caption\":\"Chemitool\"},\"image\":{\"@id\":\"https:\/\/chemitool.com\/#logo\"}},{\"@type\":\"WebSite\",\"@id\":\"https:\/\/chemitool.com\/#website\",\"url\":\"https:\/\/chemitool.com\/\",\"name\":\"Chemitool\",\"description\":\"Chemitool - hardware and tools\",\"publisher\":{\"@id\":\"https:\/\/chemitool.com\/#organization\"},\"potentialAction\":[{\"@type\":\"SearchAction\",\"target\":{\"@type\":\"EntryPoint\",\"urlTemplate\":\"https:\/\/chemitool.com\/?s={search_term_string}\"},\"query-input\":\"required name=search_term_string\"}],\"inLanguage\":\"pt-PT\"},{\"@type\":\"ImageObject\",\"@id\":\"https:\/\/chemitool.com\/pt-pt\/products\/safety\/calcado-de-seguranca\/galochas\/galocha-megara-ob-sra\/#primaryimage\",\"inLanguage\":\"pt-PT\",\"url\":\"https:\/\/chemitool.com\/wp-content\/uploads\/2021\/08\/MEGARA_icones.png\",\"contentUrl\":\"https:\/\/chemitool.com\/wp-content\/uploads\/2021\/08\/MEGARA_icones.png\",\"width\":800,\"height\":800},{\"@type\":\"WebPage\",\"@id\":\"https:\/\/chemitool.com\/pt-pt\/products\/safety\/calcado-de-seguranca\/galochas\/galocha-megara-ob-sra\/#webpage\",\"url\":\"https:\/\/chemitool.com\/pt-pt\/products\/safety\/calcado-de-seguranca\/galochas\/galocha-megara-ob-sra\/\",\"name\":\"GALOCHA MEGARA OB SRA &ndash; Chemitool\",\"isPartOf\":{\"@id\":\"https:\/\/chemitool.com\/#website\"},\"primaryImageOfPage\":{\"@id\":\"https:\/\/chemitool.com\/pt-pt\/products\/safety\/calcado-de-seguranca\/galochas\/galocha-megara-ob-sra\/#primaryimage\"},\"datePublished\":\"2021-08-24T14:48:56+00:00\",\"dateModified\":\"2021-09-06T10:34:50+00:00\",\"description\":\"Galocha MEGARA OB SRA CHEMITOOL \\u00e9 uma galocha de uso geral com cano e sola em PVC desenvolvida para ser resistente e confort\\u00e1vel. Indicada para diversos tipos de trabalho na Ind\\u00fastria e no setor Agr\\u00edcola pelas suas excelentes caracter\\u00edsticas: confort\\u00e1vel, elevada resist\\u00eancia ao desgaste, sola antiderrapante e absor\\u00e7\\u00e3o de choque no calcanhar. &nbsp;\",\"breadcrumb\":{\"@id\":\"https:\/\/chemitool.com\/pt-pt\/products\/safety\/calcado-de-seguranca\/galochas\/galocha-megara-ob-sra\/#breadcrumb\"},\"inLanguage\":\"pt-PT\",\"potentialAction\":[{\"@type\":\"ReadAction\",\"target\":[\"https:\/\/chemitool.com\/pt-pt\/products\/safety\/calcado-de-seguranca\/galochas\/galocha-megara-ob-sra\/\"]}]},{\"@type\":\"BreadcrumbList\",\"@id\":\"https:\/\/chemitool.com\/pt-pt\/products\/safety\/calcado-de-seguranca\/galochas\/galocha-megara-ob-sra\/#breadcrumb\",\"itemListElement\":[{\"@type\":\"ListItem\",\"position\":1,\"name\":\"Home\",\"item\":\"https:\/\/chemitool.com\/pt-pt\/\"},{\"@type\":\"ListItem\",\"position\":2,\"name\":\"Produtos\",\"item\":\"https:\/\/chemitool.com\/pt-pt\/produtos\/\"},{\"@type\":\"ListItem\",\"position\":3,\"name\":\"Safety\",\"item\":\"https:\/\/chemitool.com\/pt-pt\/categoria-produto\/safety\/\"},{\"@type\":\"ListItem\",\"position\":4,\"name\":\"Cal\\u00e7ado de Seguran\\u00e7a\",\"item\":\"https:\/\/chemitool.com\/pt-pt\/categoria-produto\/safety\/calcado-de-seguranca\/\"},{\"@type\":\"ListItem\",\"position\":5,\"name\":\"Galochas\",\"item\":\"https:\/\/chemitool.com\/pt-pt\/categoria-produto\/safety\/calcado-de-seguranca\/galochas\/\"},{\"@type\":\"ListItem\",\"position\":6,\"name\":\"GALOCHA MEGARA OB SRA\"}]}]}<\/script>\n<!-- \/ Yoast SEO plugin. -->","yoast_head_json":{"title":"GALOCHA MEGARA OB SRA &ndash; Chemitool","description":"Galocha MEGARA OB SRA CHEMITOOL \u00e9 uma galocha de uso geral com cano e sola em PVC desenvolvida para ser resistente e confort\u00e1vel. Indicada para diversos tipos de trabalho na Ind\u00fastria e no setor Agr\u00edcola pelas suas excelentes caracter\u00edsticas: confort\u00e1vel, elevada resist\u00eancia ao desgaste, sola antiderrapante e absor\u00e7\u00e3o de choque no calcanhar.  &nbsp;","robots":{"index":"index","follow":"follow","max-snippet":"max-snippet:-1","max-image-preview":"max-image-preview:large","max-video-preview":"max-video-preview:-1"},"canonical":"https:\/\/chemitool.com\/pt-pt\/products\/safety\/calcado-de-seguranca\/galochas\/galocha-megara-ob-sra\/","og_locale":"pt_PT","og_type":"article","og_title":"GALOCHA MEGARA OB SRA &ndash; Chemitool","og_description":"Galocha MEGARA OB SRA CHEMITOOL \u00e9 uma galocha de uso geral com cano e sola em PVC desenvolvida para ser resistente e confort\u00e1vel. Indicada para diversos tipos de trabalho na Ind\u00fastria e no setor Agr\u00edcola pelas suas excelentes caracter\u00edsticas: confort\u00e1vel, elevada resist\u00eancia ao desgaste, sola antiderrapante e absor\u00e7\u00e3o de choque no calcanhar.  &nbsp;","og_url":"https:\/\/chemitool.com\/pt-pt\/products\/safety\/calcado-de-seguranca\/galochas\/galocha-megara-ob-sra\/","og_site_name":"Chemitool","article_publisher":"https:\/\/www.facebook.com\/chemitool","article_modified_time":"2021-09-06T10:34:50+00:00","og_image":[{"width":800,"height":800,"url":"https:\/\/chemitool.com\/wp-content\/uploads\/2021\/08\/MEGARA_icones.png","type":"image\/png"}],"twitter_card":"summary_large_image","schema":{"@context":"https:\/\/schema.org","@graph":[{"@type":"Organization","@id":"https:\/\/chemitool.com\/#organization","name":"Chemitool","url":"https:\/\/chemitool.com\/","sameAs":["https:\/\/www.facebook.com\/chemitool","https:\/\/www.instagram.com\/chemitool\/"],"logo":{"@type":"ImageObject","@id":"https:\/\/chemitool.com\/#logo","inLanguage":"pt-PT","url":"https:\/\/chemitool.com\/wp-content\/uploads\/2020\/10\/logo_chemitool.png","contentUrl":"https:\/\/chemitool.com\/wp-content\/uploads\/2020\/10\/logo_chemitool.png","width":400,"height":400,"caption":"Chemitool"},"image":{"@id":"https:\/\/chemitool.com\/#logo"}},{"@type":"WebSite","@id":"https:\/\/chemitool.com\/#website","url":"https:\/\/chemitool.com\/","name":"Chemitool","description":"Chemitool - hardware and tools","publisher":{"@id":"https:\/\/chemitool.com\/#organization"},"potentialAction":[{"@type":"SearchAction","target":{"@type":"EntryPoint","urlTemplate":"https:\/\/chemitool.com\/?s={search_term_string}"},"query-input":"required name=search_term_string"}],"inLanguage":"pt-PT"},{"@type":"ImageObject","@id":"https:\/\/chemitool.com\/pt-pt\/products\/safety\/calcado-de-seguranca\/galochas\/galocha-megara-ob-sra\/#primaryimage","inLanguage":"pt-PT","url":"https:\/\/chemitool.com\/wp-content\/uploads\/2021\/08\/MEGARA_icones.png","contentUrl":"https:\/\/chemitool.com\/wp-content\/uploads\/2021\/08\/MEGARA_icones.png","width":800,"height":800},{"@type":"WebPage","@id":"https:\/\/chemitool.com\/pt-pt\/products\/safety\/calcado-de-seguranca\/galochas\/galocha-megara-ob-sra\/#webpage","url":"https:\/\/chemitool.com\/pt-pt\/products\/safety\/calcado-de-seguranca\/galochas\/galocha-megara-ob-sra\/","name":"GALOCHA MEGARA OB SRA &ndash; Chemitool","isPartOf":{"@id":"https:\/\/chemitool.com\/#website"},"primaryImageOfPage":{"@id":"https:\/\/chemitool.com\/pt-pt\/products\/safety\/calcado-de-seguranca\/galochas\/galocha-megara-ob-sra\/#primaryimage"},"datePublished":"2021-08-24T14:48:56+00:00","dateModified":"2021-09-06T10:34:50+00:00","description":"Galocha MEGARA OB SRA CHEMITOOL \u00e9 uma galocha de uso geral com cano e sola em PVC desenvolvida para ser resistente e confort\u00e1vel. Indicada para diversos tipos de trabalho na Ind\u00fastria e no setor Agr\u00edcola pelas suas excelentes caracter\u00edsticas: confort\u00e1vel, elevada resist\u00eancia ao desgaste, sola antiderrapante e absor\u00e7\u00e3o de choque no calcanhar. &nbsp;","breadcrumb":{"@id":"https:\/\/chemitool.com\/pt-pt\/products\/safety\/calcado-de-seguranca\/galochas\/galocha-megara-ob-sra\/#breadcrumb"},"inLanguage":"pt-PT","potentialAction":[{"@type":"ReadAction","target":["https:\/\/chemitool.com\/pt-pt\/products\/safety\/calcado-de-seguranca\/galochas\/galocha-megara-ob-sra\/"]}]},{"@type":"BreadcrumbList","@id":"https:\/\/chemitool.com\/pt-pt\/products\/safety\/calcado-de-seguranca\/galochas\/galocha-megara-ob-sra\/#breadcrumb","itemListElement":[{"@type":"ListItem","position":1,"name":"Home","item":"https:\/\/chemitool.com\/pt-pt\/"},{"@type":"ListItem","position":2,"name":"Produtos","item":"https:\/\/chemitool.com\/pt-pt\/produtos\/"},{"@type":"ListItem","position":3,"name":"Safety","item":"https:\/\/chemitool.com\/pt-pt\/categoria-produto\/safety\/"},{"@type":"ListItem","position":4,"name":"Cal\u00e7ado de Seguran\u00e7a","item":"https:\/\/chemitool.com\/pt-pt\/categoria-produto\/safety\/calcado-de-seguranca\/"},{"@type":"ListItem","position":5,"name":"Galochas","item":"https:\/\/chemitool.com\/pt-pt\/categoria-produto\/safety\/calcado-de-seguranca\/galochas\/"},{"@type":"ListItem","position":6,"name":"GALOCHA MEGARA OB SRA"}]}]}},"_links":{"self":[{"href":"https:\/\/chemitool.com\/pt-pt\/wp-json\/wp\/v2\/product\/14022"}],"collection":[{"href":"https:\/\/chemitool.com\/pt-pt\/wp-json\/wp\/v2\/product"}],"about":[{"href":"https:\/\/chemitool.com\/pt-pt\/wp-json\/wp\/v2\/types\/product"}],"wp:featuredmedia":[{"embeddable":true,"href":"https:\/\/chemitool.com\/pt-pt\/wp-json\/wp\/v2\/media\/14102"}],"wp:attachment":[{"href":"https:\/\/chemitool.com\/pt-pt\/wp-json\/wp\/v2\/media?parent=14022"}],"wp:term":[{"taxonomy":"product_cat","embeddable":true,"href":"https:\/\/chemitool.com\/pt-pt\/wp-json\/wp\/v2\/product_cat?post=14022"},{"taxonomy":"product_tag","embeddable":true,"href":"https:\/\/chemitool.com\/pt-pt\/wp-json\/wp\/v2\/product_tag?post=14022"}],"curies":[{"name":"wp","href":"https:\/\/api.w.org\/{rel}","templated":true}]}}