{"id":13921,"date":"2021-08-24T10:25:14","date_gmt":"2021-08-24T10:25:16","guid":{"rendered":"https:\/\/chemitool.com\/?post_type=product&#038;p=13921"},"modified":"2023-09-22T11:03:35","modified_gmt":"2023-09-22T11:03:35","slug":"sapatilha-de-seguranca-mugello-s1p-src-hro-vermelho","status":"publish","type":"product","link":"https:\/\/chemitool.com\/pt-pt\/products\/safety\/calcado-de-seguranca\/sapatilhas\/mugello-pt-pt\/sapatilha-de-seguranca-mugello-s1p-src-hro-vermelho\/","title":{"rendered":"SAPATILHA DE SEGURAN\u00c7A MUGELLO S1P SRC HRO &#8211; Vermelho"},"content":{"rendered":"<ul>\n<li>Biqueira de comp\u00f3sito<\/li>\n<li>Palmilha anti perfura\u00e7\u00e3o n\u00e3o met\u00e1lica<\/li>\n<li>Palmilha Hi-Poly absor\u00e7\u00e3o de choque e antibacteriana<\/li>\n<li>Sola antiest\u00e1tica com absor\u00e7\u00e3o de impacto no calcanhar<\/li>\n<li>Sola resistente a \u00f3leos e hidrocarbonetos<\/li>\n<li>Sola HRO \u2013 resistente ao calor por contacto at\u00e9 300\u00baC<\/li>\n<li>Modelo dispon\u00edvel em 3 cores : vermelho, azul e cinzento<\/li>\n<\/ul>\n<p><img class=\"alignnone wp-image-19895\" src=\"https:\/\/chemitool.com\/wp-content\/uploads\/2022\/03\/EN-ISO-20345-300x300.png\" alt=\"\" width=\"80\" height=\"80\" srcset=\"https:\/\/chemitool.com\/wp-content\/uploads\/2022\/03\/EN-ISO-20345-300x300.png 300w, https:\/\/chemitool.com\/wp-content\/uploads\/2022\/03\/EN-ISO-20345-150x150.png 150w, https:\/\/chemitool.com\/wp-content\/uploads\/2022\/03\/EN-ISO-20345-600x600.png 600w, https:\/\/chemitool.com\/wp-content\/uploads\/2022\/03\/EN-ISO-20345-100x100.png 100w, https:\/\/chemitool.com\/wp-content\/uploads\/2022\/03\/EN-ISO-20345.png 640w\" sizes=\"(max-width: 80px) 100vw, 80px\" \/><\/p>\n","protected":false},"excerpt":{"rendered":"<p><em>Sapatilha de Seguran\u00e7a MUGELLO S1P SRC HRO CHEMITOOL <\/em>em malha, com design moderno e muito confort\u00e1vel. Possui uma presilha na parte traseira para facilitar o cal\u00e7ar. A sua biqueira de comp\u00f3sito torna a sapatilha mais leve, n\u00e3o conduz eletricidade e permite proteger os seus p\u00e9s de impactos, compress\u00f5es, objetos pesados e perfura\u00e7\u00f5es.<\/p>\n","protected":false},"featured_media":14178,"template":"","meta":[],"product_cat":[1453,3035,4286,4884],"product_tag":[],"yoast_head":"<!-- This site is optimized with the Yoast SEO plugin v17.4 - https:\/\/yoast.com\/wordpress\/plugins\/seo\/ -->\n<title>SAPATILHA DE SEGURAN\u00c7A MUGELLO S1P SRC HRO - Vermelho &ndash; Chemitool<\/title>\n<meta name=\"description\" content=\"Sapatilha de Seguran\u00e7a MUGELLO S1P SRC HRO CHEMITOOL em malha, com design moderno e muito confort\u00e1vel. Possui uma presilha na parte traseira para facilitar o cal\u00e7ar. A sua biqueira de comp\u00f3sito torna a sapatilha mais leve, n\u00e3o conduz eletricidade e permite proteger os seus p\u00e9s de impactos, compress\u00f5es, objetos pesados e perfura\u00e7\u00f5es.\" \/>\n<meta name=\"robots\" content=\"index, follow, max-snippet:-1, max-image-preview:large, max-video-preview:-1\" \/>\n<link rel=\"canonical\" href=\"https:\/\/chemitool.com\/pt-pt\/products\/safety\/calcado-de-seguranca\/sapatilhas\/mugello-pt-pt\/sapatilha-de-seguranca-mugello-s1p-src-hro-vermelho\/\" \/>\n<meta property=\"og:locale\" content=\"pt_PT\" \/>\n<meta property=\"og:type\" content=\"article\" \/>\n<meta property=\"og:title\" content=\"SAPATILHA DE SEGURAN\u00c7A MUGELLO S1P SRC HRO - Vermelho &ndash; Chemitool\" \/>\n<meta property=\"og:description\" content=\"Sapatilha de Seguran\u00e7a MUGELLO S1P SRC HRO CHEMITOOL em malha, com design moderno e muito confort\u00e1vel. Possui uma presilha na parte traseira para facilitar o cal\u00e7ar. A sua biqueira de comp\u00f3sito torna a sapatilha mais leve, n\u00e3o conduz eletricidade e permite proteger os seus p\u00e9s de impactos, compress\u00f5es, objetos pesados e perfura\u00e7\u00f5es.\" \/>\n<meta property=\"og:url\" content=\"https:\/\/chemitool.com\/pt-pt\/products\/safety\/calcado-de-seguranca\/sapatilhas\/mugello-pt-pt\/sapatilha-de-seguranca-mugello-s1p-src-hro-vermelho\/\" \/>\n<meta property=\"og:site_name\" content=\"Chemitool\" \/>\n<meta property=\"article:publisher\" content=\"https:\/\/www.facebook.com\/chemitool\" \/>\n<meta property=\"article:modified_time\" content=\"2023-09-22T11:03:35+00:00\" \/>\n<meta property=\"og:image\" content=\"https:\/\/chemitool.com\/wp-content\/uploads\/2021\/08\/MUGELLO_icones-1.png\" \/>\n\t<meta property=\"og:image:width\" content=\"800\" \/>\n\t<meta property=\"og:image:height\" content=\"800\" \/>\n<meta name=\"twitter:card\" content=\"summary_large_image\" \/>\n<script type=\"application\/ld+json\" class=\"yoast-schema-graph\">{\"@context\":\"https:\/\/schema.org\",\"@graph\":[{\"@type\":\"Organization\",\"@id\":\"https:\/\/chemitool.com\/#organization\",\"name\":\"Chemitool\",\"url\":\"https:\/\/chemitool.com\/\",\"sameAs\":[\"https:\/\/www.facebook.com\/chemitool\",\"https:\/\/www.instagram.com\/chemitool\/\"],\"logo\":{\"@type\":\"ImageObject\",\"@id\":\"https:\/\/chemitool.com\/#logo\",\"inLanguage\":\"pt-PT\",\"url\":\"https:\/\/chemitool.com\/wp-content\/uploads\/2020\/10\/logo_chemitool.png\",\"contentUrl\":\"https:\/\/chemitool.com\/wp-content\/uploads\/2020\/10\/logo_chemitool.png\",\"width\":400,\"height\":400,\"caption\":\"Chemitool\"},\"image\":{\"@id\":\"https:\/\/chemitool.com\/#logo\"}},{\"@type\":\"WebSite\",\"@id\":\"https:\/\/chemitool.com\/#website\",\"url\":\"https:\/\/chemitool.com\/\",\"name\":\"Chemitool\",\"description\":\"Chemitool - hardware and tools\",\"publisher\":{\"@id\":\"https:\/\/chemitool.com\/#organization\"},\"potentialAction\":[{\"@type\":\"SearchAction\",\"target\":{\"@type\":\"EntryPoint\",\"urlTemplate\":\"https:\/\/chemitool.com\/?s={search_term_string}\"},\"query-input\":\"required name=search_term_string\"}],\"inLanguage\":\"pt-PT\"},{\"@type\":\"ImageObject\",\"@id\":\"https:\/\/chemitool.com\/pt-pt\/products\/safety\/calcado-de-seguranca\/sapatilhas\/mugello-pt-pt\/sapatilha-de-seguranca-mugello-s1p-src-hro-vermelho\/#primaryimage\",\"inLanguage\":\"pt-PT\",\"url\":\"https:\/\/chemitool.com\/wp-content\/uploads\/2021\/08\/MUGELLO_icones-1.png\",\"contentUrl\":\"https:\/\/chemitool.com\/wp-content\/uploads\/2021\/08\/MUGELLO_icones-1.png\",\"width\":800,\"height\":800},{\"@type\":\"WebPage\",\"@id\":\"https:\/\/chemitool.com\/pt-pt\/products\/safety\/calcado-de-seguranca\/sapatilhas\/mugello-pt-pt\/sapatilha-de-seguranca-mugello-s1p-src-hro-vermelho\/#webpage\",\"url\":\"https:\/\/chemitool.com\/pt-pt\/products\/safety\/calcado-de-seguranca\/sapatilhas\/mugello-pt-pt\/sapatilha-de-seguranca-mugello-s1p-src-hro-vermelho\/\",\"name\":\"SAPATILHA DE SEGURAN\\u00c7A MUGELLO S1P SRC HRO - Vermelho &ndash; Chemitool\",\"isPartOf\":{\"@id\":\"https:\/\/chemitool.com\/#website\"},\"primaryImageOfPage\":{\"@id\":\"https:\/\/chemitool.com\/pt-pt\/products\/safety\/calcado-de-seguranca\/sapatilhas\/mugello-pt-pt\/sapatilha-de-seguranca-mugello-s1p-src-hro-vermelho\/#primaryimage\"},\"datePublished\":\"2021-08-24T10:25:16+00:00\",\"dateModified\":\"2023-09-22T11:03:35+00:00\",\"description\":\"Sapatilha de Seguran\\u00e7a MUGELLO S1P SRC HRO CHEMITOOL em malha, com design moderno e muito confort\\u00e1vel. Possui uma presilha na parte traseira para facilitar o cal\\u00e7ar. A sua biqueira de comp\\u00f3sito torna a sapatilha mais leve, n\\u00e3o conduz eletricidade e permite proteger os seus p\\u00e9s de impactos, compress\\u00f5es, objetos pesados e perfura\\u00e7\\u00f5es.\",\"breadcrumb\":{\"@id\":\"https:\/\/chemitool.com\/pt-pt\/products\/safety\/calcado-de-seguranca\/sapatilhas\/mugello-pt-pt\/sapatilha-de-seguranca-mugello-s1p-src-hro-vermelho\/#breadcrumb\"},\"inLanguage\":\"pt-PT\",\"potentialAction\":[{\"@type\":\"ReadAction\",\"target\":[\"https:\/\/chemitool.com\/pt-pt\/products\/safety\/calcado-de-seguranca\/sapatilhas\/mugello-pt-pt\/sapatilha-de-seguranca-mugello-s1p-src-hro-vermelho\/\"]}]},{\"@type\":\"BreadcrumbList\",\"@id\":\"https:\/\/chemitool.com\/pt-pt\/products\/safety\/calcado-de-seguranca\/sapatilhas\/mugello-pt-pt\/sapatilha-de-seguranca-mugello-s1p-src-hro-vermelho\/#breadcrumb\",\"itemListElement\":[{\"@type\":\"ListItem\",\"position\":1,\"name\":\"Home\",\"item\":\"https:\/\/chemitool.com\/pt-pt\/\"},{\"@type\":\"ListItem\",\"position\":2,\"name\":\"Produtos\",\"item\":\"https:\/\/chemitool.com\/pt-pt\/produtos\/\"},{\"@type\":\"ListItem\",\"position\":3,\"name\":\"Safety\",\"item\":\"https:\/\/chemitool.com\/pt-pt\/categoria-produto\/safety\/\"},{\"@type\":\"ListItem\",\"position\":4,\"name\":\"Cal\\u00e7ado de Seguran\\u00e7a\",\"item\":\"https:\/\/chemitool.com\/pt-pt\/categoria-produto\/safety\/calcado-de-seguranca\/\"},{\"@type\":\"ListItem\",\"position\":5,\"name\":\"Sapatilhas\",\"item\":\"https:\/\/chemitool.com\/pt-pt\/categoria-produto\/safety\/calcado-de-seguranca\/sapatilhas\/\"},{\"@type\":\"ListItem\",\"position\":6,\"name\":\"MUGELLO\",\"item\":\"https:\/\/chemitool.com\/pt-pt\/categoria-produto\/safety\/calcado-de-seguranca\/sapatilhas\/mugello-pt-pt\/\"},{\"@type\":\"ListItem\",\"position\":7,\"name\":\"SAPATILHA DE SEGURAN\\u00c7A MUGELLO S1P SRC HRO &#8211; Vermelho\"}]}]}<\/script>\n<!-- \/ Yoast SEO plugin. -->","yoast_head_json":{"title":"SAPATILHA DE SEGURAN\u00c7A MUGELLO S1P SRC HRO - Vermelho &ndash; Chemitool","description":"Sapatilha de Seguran\u00e7a MUGELLO S1P SRC HRO CHEMITOOL em malha, com design moderno e muito confort\u00e1vel. Possui uma presilha na parte traseira para facilitar o cal\u00e7ar. A sua biqueira de comp\u00f3sito torna a sapatilha mais leve, n\u00e3o conduz eletricidade e permite proteger os seus p\u00e9s de impactos, compress\u00f5es, objetos pesados e perfura\u00e7\u00f5es.","robots":{"index":"index","follow":"follow","max-snippet":"max-snippet:-1","max-image-preview":"max-image-preview:large","max-video-preview":"max-video-preview:-1"},"canonical":"https:\/\/chemitool.com\/pt-pt\/products\/safety\/calcado-de-seguranca\/sapatilhas\/mugello-pt-pt\/sapatilha-de-seguranca-mugello-s1p-src-hro-vermelho\/","og_locale":"pt_PT","og_type":"article","og_title":"SAPATILHA DE SEGURAN\u00c7A MUGELLO S1P SRC HRO - Vermelho &ndash; Chemitool","og_description":"Sapatilha de Seguran\u00e7a MUGELLO S1P SRC HRO CHEMITOOL em malha, com design moderno e muito confort\u00e1vel. Possui uma presilha na parte traseira para facilitar o cal\u00e7ar. A sua biqueira de comp\u00f3sito torna a sapatilha mais leve, n\u00e3o conduz eletricidade e permite proteger os seus p\u00e9s de impactos, compress\u00f5es, objetos pesados e perfura\u00e7\u00f5es.","og_url":"https:\/\/chemitool.com\/pt-pt\/products\/safety\/calcado-de-seguranca\/sapatilhas\/mugello-pt-pt\/sapatilha-de-seguranca-mugello-s1p-src-hro-vermelho\/","og_site_name":"Chemitool","article_publisher":"https:\/\/www.facebook.com\/chemitool","article_modified_time":"2023-09-22T11:03:35+00:00","og_image":[{"width":800,"height":800,"url":"https:\/\/chemitool.com\/wp-content\/uploads\/2021\/08\/MUGELLO_icones-1.png","type":"image\/png"}],"twitter_card":"summary_large_image","schema":{"@context":"https:\/\/schema.org","@graph":[{"@type":"Organization","@id":"https:\/\/chemitool.com\/#organization","name":"Chemitool","url":"https:\/\/chemitool.com\/","sameAs":["https:\/\/www.facebook.com\/chemitool","https:\/\/www.instagram.com\/chemitool\/"],"logo":{"@type":"ImageObject","@id":"https:\/\/chemitool.com\/#logo","inLanguage":"pt-PT","url":"https:\/\/chemitool.com\/wp-content\/uploads\/2020\/10\/logo_chemitool.png","contentUrl":"https:\/\/chemitool.com\/wp-content\/uploads\/2020\/10\/logo_chemitool.png","width":400,"height":400,"caption":"Chemitool"},"image":{"@id":"https:\/\/chemitool.com\/#logo"}},{"@type":"WebSite","@id":"https:\/\/chemitool.com\/#website","url":"https:\/\/chemitool.com\/","name":"Chemitool","description":"Chemitool - hardware and tools","publisher":{"@id":"https:\/\/chemitool.com\/#organization"},"potentialAction":[{"@type":"SearchAction","target":{"@type":"EntryPoint","urlTemplate":"https:\/\/chemitool.com\/?s={search_term_string}"},"query-input":"required name=search_term_string"}],"inLanguage":"pt-PT"},{"@type":"ImageObject","@id":"https:\/\/chemitool.com\/pt-pt\/products\/safety\/calcado-de-seguranca\/sapatilhas\/mugello-pt-pt\/sapatilha-de-seguranca-mugello-s1p-src-hro-vermelho\/#primaryimage","inLanguage":"pt-PT","url":"https:\/\/chemitool.com\/wp-content\/uploads\/2021\/08\/MUGELLO_icones-1.png","contentUrl":"https:\/\/chemitool.com\/wp-content\/uploads\/2021\/08\/MUGELLO_icones-1.png","width":800,"height":800},{"@type":"WebPage","@id":"https:\/\/chemitool.com\/pt-pt\/products\/safety\/calcado-de-seguranca\/sapatilhas\/mugello-pt-pt\/sapatilha-de-seguranca-mugello-s1p-src-hro-vermelho\/#webpage","url":"https:\/\/chemitool.com\/pt-pt\/products\/safety\/calcado-de-seguranca\/sapatilhas\/mugello-pt-pt\/sapatilha-de-seguranca-mugello-s1p-src-hro-vermelho\/","name":"SAPATILHA DE SEGURAN\u00c7A MUGELLO S1P SRC HRO - Vermelho &ndash; Chemitool","isPartOf":{"@id":"https:\/\/chemitool.com\/#website"},"primaryImageOfPage":{"@id":"https:\/\/chemitool.com\/pt-pt\/products\/safety\/calcado-de-seguranca\/sapatilhas\/mugello-pt-pt\/sapatilha-de-seguranca-mugello-s1p-src-hro-vermelho\/#primaryimage"},"datePublished":"2021-08-24T10:25:16+00:00","dateModified":"2023-09-22T11:03:35+00:00","description":"Sapatilha de Seguran\u00e7a MUGELLO S1P SRC HRO CHEMITOOL em malha, com design moderno e muito confort\u00e1vel. Possui uma presilha na parte traseira para facilitar o cal\u00e7ar. A sua biqueira de comp\u00f3sito torna a sapatilha mais leve, n\u00e3o conduz eletricidade e permite proteger os seus p\u00e9s de impactos, compress\u00f5es, objetos pesados e perfura\u00e7\u00f5es.","breadcrumb":{"@id":"https:\/\/chemitool.com\/pt-pt\/products\/safety\/calcado-de-seguranca\/sapatilhas\/mugello-pt-pt\/sapatilha-de-seguranca-mugello-s1p-src-hro-vermelho\/#breadcrumb"},"inLanguage":"pt-PT","potentialAction":[{"@type":"ReadAction","target":["https:\/\/chemitool.com\/pt-pt\/products\/safety\/calcado-de-seguranca\/sapatilhas\/mugello-pt-pt\/sapatilha-de-seguranca-mugello-s1p-src-hro-vermelho\/"]}]},{"@type":"BreadcrumbList","@id":"https:\/\/chemitool.com\/pt-pt\/products\/safety\/calcado-de-seguranca\/sapatilhas\/mugello-pt-pt\/sapatilha-de-seguranca-mugello-s1p-src-hro-vermelho\/#breadcrumb","itemListElement":[{"@type":"ListItem","position":1,"name":"Home","item":"https:\/\/chemitool.com\/pt-pt\/"},{"@type":"ListItem","position":2,"name":"Produtos","item":"https:\/\/chemitool.com\/pt-pt\/produtos\/"},{"@type":"ListItem","position":3,"name":"Safety","item":"https:\/\/chemitool.com\/pt-pt\/categoria-produto\/safety\/"},{"@type":"ListItem","position":4,"name":"Cal\u00e7ado de Seguran\u00e7a","item":"https:\/\/chemitool.com\/pt-pt\/categoria-produto\/safety\/calcado-de-seguranca\/"},{"@type":"ListItem","position":5,"name":"Sapatilhas","item":"https:\/\/chemitool.com\/pt-pt\/categoria-produto\/safety\/calcado-de-seguranca\/sapatilhas\/"},{"@type":"ListItem","position":6,"name":"MUGELLO","item":"https:\/\/chemitool.com\/pt-pt\/categoria-produto\/safety\/calcado-de-seguranca\/sapatilhas\/mugello-pt-pt\/"},{"@type":"ListItem","position":7,"name":"SAPATILHA DE SEGURAN\u00c7A MUGELLO S1P SRC HRO &#8211; Vermelho"}]}]}},"_links":{"self":[{"href":"https:\/\/chemitool.com\/pt-pt\/wp-json\/wp\/v2\/product\/13921"}],"collection":[{"href":"https:\/\/chemitool.com\/pt-pt\/wp-json\/wp\/v2\/product"}],"about":[{"href":"https:\/\/chemitool.com\/pt-pt\/wp-json\/wp\/v2\/types\/product"}],"wp:featuredmedia":[{"embeddable":true,"href":"https:\/\/chemitool.com\/pt-pt\/wp-json\/wp\/v2\/media\/14178"}],"wp:attachment":[{"href":"https:\/\/chemitool.com\/pt-pt\/wp-json\/wp\/v2\/media?parent=13921"}],"wp:term":[{"taxonomy":"product_cat","embeddable":true,"href":"https:\/\/chemitool.com\/pt-pt\/wp-json\/wp\/v2\/product_cat?post=13921"},{"taxonomy":"product_tag","embeddable":true,"href":"https:\/\/chemitool.com\/pt-pt\/wp-json\/wp\/v2\/product_tag?post=13921"}],"curies":[{"name":"wp","href":"https:\/\/api.w.org\/{rel}","templated":true}]}}