{"id":13820,"date":"2021-08-23T16:12:38","date_gmt":"2021-08-23T16:13:04","guid":{"rendered":"https:\/\/chemitool.com\/?post_type=product&#038;p=13820"},"modified":"2022-07-13T10:49:11","modified_gmt":"2022-07-13T10:49:11","slug":"bota-de-seguranca-de-soldador-sochi-s3-src","status":"publish","type":"product","link":"https:\/\/chemitool.com\/pt-pt\/products\/safety\/calcado-de-seguranca\/botas-de-soldador\/bota-de-seguranca-de-soldador-sochi-s3-src\/","title":{"rendered":"BOTA DE SEGURAN\u00c7A DE SOLDADOR SOCHI S3 SRC"},"content":{"rendered":"<ul>\n<li>Biqueira de a\u00e7o<\/li>\n<li>Ilh\u00f3s met\u00e1licos<\/li>\n<li>Com atacadores<\/li>\n<li>Sola antiest\u00e1tica com absor\u00e7\u00e3o de impacto no calcanhar<\/li>\n<li>Sola resistente a \u00f3leos e hidrocarbonetos<\/li>\n<li>Sola em PU dupla densidade e anti deslizante SRC<\/li>\n<li>Palmilha anti perfura\u00e7\u00e3o em a\u00e7o inox<\/li>\n<li>WRU &#8211; resistente \u00e0 penetra\u00e7\u00e3o de \u00e1gua pela g\u00e1spea<\/li>\n<li>Isento de Cr\u00f3mio<\/li>\n<\/ul>\n","protected":false},"excerpt":{"rendered":"<p><em>Bota de Seguran\u00e7a de Soldador SOCHI S3 SRC CHEMITOOL <\/em>\u00e9 indicada para soldadores, forrada em tecido de cor cinza e coberta com pele de vaca de alta qualidade de cor preta. A sua biqueira de a\u00e7o permite proteger os seus p\u00e9s de impactos, compress\u00f5es, objetos pesados e perfura\u00e7\u00f5es.<\/p>\n","protected":false},"featured_media":24954,"template":"","meta":[],"product_cat":[1453,3035,3649],"product_tag":[4296],"yoast_head":"<!-- This site is optimized with the Yoast SEO plugin v17.4 - https:\/\/yoast.com\/wordpress\/plugins\/seo\/ -->\n<title>BOTA DE SEGURAN\u00c7A DE SOLDADOR SOCHI S3 SRC &ndash; Chemitool<\/title>\n<meta name=\"description\" content=\"Bota de Seguran\u00e7a de Soldador SOCHI S3 SRC CHEMITOOL \u00e9 indicada para soldadores, forrada em tecido de cor cinza e coberta com pele de vaca de alta qualidade de cor preta. A sua biqueira de a\u00e7o permite proteger os seus p\u00e9s de impactos, compress\u00f5es, objetos pesados e perfura\u00e7\u00f5es.\" \/>\n<meta name=\"robots\" content=\"index, follow, max-snippet:-1, max-image-preview:large, max-video-preview:-1\" \/>\n<link rel=\"canonical\" href=\"https:\/\/chemitool.com\/pt-pt\/products\/safety\/calcado-de-seguranca\/botas-de-soldador\/bota-de-seguranca-de-soldador-sochi-s3-src\/\" \/>\n<meta property=\"og:locale\" content=\"pt_PT\" \/>\n<meta property=\"og:type\" content=\"article\" \/>\n<meta property=\"og:title\" content=\"BOTA DE SEGURAN\u00c7A DE SOLDADOR SOCHI S3 SRC &ndash; Chemitool\" \/>\n<meta property=\"og:description\" content=\"Bota de Seguran\u00e7a de Soldador SOCHI S3 SRC CHEMITOOL \u00e9 indicada para soldadores, forrada em tecido de cor cinza e coberta com pele de vaca de alta qualidade de cor preta. A sua biqueira de a\u00e7o permite proteger os seus p\u00e9s de impactos, compress\u00f5es, objetos pesados e perfura\u00e7\u00f5es.\" \/>\n<meta property=\"og:url\" content=\"https:\/\/chemitool.com\/pt-pt\/products\/safety\/calcado-de-seguranca\/botas-de-soldador\/bota-de-seguranca-de-soldador-sochi-s3-src\/\" \/>\n<meta property=\"og:site_name\" content=\"Chemitool\" \/>\n<meta property=\"article:publisher\" content=\"https:\/\/www.facebook.com\/chemitool\" \/>\n<meta property=\"article:modified_time\" content=\"2022-07-13T10:49:11+00:00\" \/>\n<meta property=\"og:image\" content=\"https:\/\/chemitool.com\/wp-content\/uploads\/2021\/08\/CHS010103_perspective_SITE.png\" \/>\n\t<meta property=\"og:image:width\" content=\"800\" \/>\n\t<meta property=\"og:image:height\" content=\"800\" \/>\n<meta name=\"twitter:card\" content=\"summary_large_image\" \/>\n<script type=\"application\/ld+json\" class=\"yoast-schema-graph\">{\"@context\":\"https:\/\/schema.org\",\"@graph\":[{\"@type\":\"Organization\",\"@id\":\"https:\/\/chemitool.com\/#organization\",\"name\":\"Chemitool\",\"url\":\"https:\/\/chemitool.com\/\",\"sameAs\":[\"https:\/\/www.facebook.com\/chemitool\",\"https:\/\/www.instagram.com\/chemitool\/\"],\"logo\":{\"@type\":\"ImageObject\",\"@id\":\"https:\/\/chemitool.com\/#logo\",\"inLanguage\":\"pt-PT\",\"url\":\"https:\/\/chemitool.com\/wp-content\/uploads\/2020\/10\/logo_chemitool.png\",\"contentUrl\":\"https:\/\/chemitool.com\/wp-content\/uploads\/2020\/10\/logo_chemitool.png\",\"width\":400,\"height\":400,\"caption\":\"Chemitool\"},\"image\":{\"@id\":\"https:\/\/chemitool.com\/#logo\"}},{\"@type\":\"WebSite\",\"@id\":\"https:\/\/chemitool.com\/#website\",\"url\":\"https:\/\/chemitool.com\/\",\"name\":\"Chemitool\",\"description\":\"Chemitool - hardware and tools\",\"publisher\":{\"@id\":\"https:\/\/chemitool.com\/#organization\"},\"potentialAction\":[{\"@type\":\"SearchAction\",\"target\":{\"@type\":\"EntryPoint\",\"urlTemplate\":\"https:\/\/chemitool.com\/?s={search_term_string}\"},\"query-input\":\"required name=search_term_string\"}],\"inLanguage\":\"pt-PT\"},{\"@type\":\"ImageObject\",\"@id\":\"https:\/\/chemitool.com\/pt-pt\/products\/safety\/calcado-de-seguranca\/botas-de-soldador\/bota-de-seguranca-de-soldador-sochi-s3-src\/#primaryimage\",\"inLanguage\":\"pt-PT\",\"url\":\"https:\/\/chemitool.com\/wp-content\/uploads\/2021\/08\/CHS010103_perspective_SITE.png\",\"contentUrl\":\"https:\/\/chemitool.com\/wp-content\/uploads\/2021\/08\/CHS010103_perspective_SITE.png\",\"width\":800,\"height\":800},{\"@type\":\"WebPage\",\"@id\":\"https:\/\/chemitool.com\/pt-pt\/products\/safety\/calcado-de-seguranca\/botas-de-soldador\/bota-de-seguranca-de-soldador-sochi-s3-src\/#webpage\",\"url\":\"https:\/\/chemitool.com\/pt-pt\/products\/safety\/calcado-de-seguranca\/botas-de-soldador\/bota-de-seguranca-de-soldador-sochi-s3-src\/\",\"name\":\"BOTA DE SEGURAN\\u00c7A DE SOLDADOR SOCHI S3 SRC &ndash; Chemitool\",\"isPartOf\":{\"@id\":\"https:\/\/chemitool.com\/#website\"},\"primaryImageOfPage\":{\"@id\":\"https:\/\/chemitool.com\/pt-pt\/products\/safety\/calcado-de-seguranca\/botas-de-soldador\/bota-de-seguranca-de-soldador-sochi-s3-src\/#primaryimage\"},\"datePublished\":\"2021-08-23T16:13:04+00:00\",\"dateModified\":\"2022-07-13T10:49:11+00:00\",\"description\":\"Bota de Seguran\\u00e7a de Soldador SOCHI S3 SRC CHEMITOOL \\u00e9 indicada para soldadores, forrada em tecido de cor cinza e coberta com pele de vaca de alta qualidade de cor preta. A sua biqueira de a\\u00e7o permite proteger os seus p\\u00e9s de impactos, compress\\u00f5es, objetos pesados e perfura\\u00e7\\u00f5es.\",\"breadcrumb\":{\"@id\":\"https:\/\/chemitool.com\/pt-pt\/products\/safety\/calcado-de-seguranca\/botas-de-soldador\/bota-de-seguranca-de-soldador-sochi-s3-src\/#breadcrumb\"},\"inLanguage\":\"pt-PT\",\"potentialAction\":[{\"@type\":\"ReadAction\",\"target\":[\"https:\/\/chemitool.com\/pt-pt\/products\/safety\/calcado-de-seguranca\/botas-de-soldador\/bota-de-seguranca-de-soldador-sochi-s3-src\/\"]}]},{\"@type\":\"BreadcrumbList\",\"@id\":\"https:\/\/chemitool.com\/pt-pt\/products\/safety\/calcado-de-seguranca\/botas-de-soldador\/bota-de-seguranca-de-soldador-sochi-s3-src\/#breadcrumb\",\"itemListElement\":[{\"@type\":\"ListItem\",\"position\":1,\"name\":\"Home\",\"item\":\"https:\/\/chemitool.com\/pt-pt\/\"},{\"@type\":\"ListItem\",\"position\":2,\"name\":\"Produtos\",\"item\":\"https:\/\/chemitool.com\/pt-pt\/produtos\/\"},{\"@type\":\"ListItem\",\"position\":3,\"name\":\"Safety\",\"item\":\"https:\/\/chemitool.com\/pt-pt\/categoria-produto\/safety\/\"},{\"@type\":\"ListItem\",\"position\":4,\"name\":\"Cal\\u00e7ado de Seguran\\u00e7a\",\"item\":\"https:\/\/chemitool.com\/pt-pt\/categoria-produto\/safety\/calcado-de-seguranca\/\"},{\"@type\":\"ListItem\",\"position\":5,\"name\":\"Botas de Soldador\",\"item\":\"https:\/\/chemitool.com\/pt-pt\/categoria-produto\/safety\/calcado-de-seguranca\/botas-de-soldador\/\"},{\"@type\":\"ListItem\",\"position\":6,\"name\":\"BOTA DE SEGURAN\\u00c7A DE SOLDADOR SOCHI S3 SRC\"}]}]}<\/script>\n<!-- \/ Yoast SEO plugin. -->","yoast_head_json":{"title":"BOTA DE SEGURAN\u00c7A DE SOLDADOR SOCHI S3 SRC &ndash; Chemitool","description":"Bota de Seguran\u00e7a de Soldador SOCHI S3 SRC CHEMITOOL \u00e9 indicada para soldadores, forrada em tecido de cor cinza e coberta com pele de vaca de alta qualidade de cor preta. A sua biqueira de a\u00e7o permite proteger os seus p\u00e9s de impactos, compress\u00f5es, objetos pesados e perfura\u00e7\u00f5es.","robots":{"index":"index","follow":"follow","max-snippet":"max-snippet:-1","max-image-preview":"max-image-preview:large","max-video-preview":"max-video-preview:-1"},"canonical":"https:\/\/chemitool.com\/pt-pt\/products\/safety\/calcado-de-seguranca\/botas-de-soldador\/bota-de-seguranca-de-soldador-sochi-s3-src\/","og_locale":"pt_PT","og_type":"article","og_title":"BOTA DE SEGURAN\u00c7A DE SOLDADOR SOCHI S3 SRC &ndash; Chemitool","og_description":"Bota de Seguran\u00e7a de Soldador SOCHI S3 SRC CHEMITOOL \u00e9 indicada para soldadores, forrada em tecido de cor cinza e coberta com pele de vaca de alta qualidade de cor preta. A sua biqueira de a\u00e7o permite proteger os seus p\u00e9s de impactos, compress\u00f5es, objetos pesados e perfura\u00e7\u00f5es.","og_url":"https:\/\/chemitool.com\/pt-pt\/products\/safety\/calcado-de-seguranca\/botas-de-soldador\/bota-de-seguranca-de-soldador-sochi-s3-src\/","og_site_name":"Chemitool","article_publisher":"https:\/\/www.facebook.com\/chemitool","article_modified_time":"2022-07-13T10:49:11+00:00","og_image":[{"width":800,"height":800,"url":"https:\/\/chemitool.com\/wp-content\/uploads\/2021\/08\/CHS010103_perspective_SITE.png","type":"image\/png"}],"twitter_card":"summary_large_image","schema":{"@context":"https:\/\/schema.org","@graph":[{"@type":"Organization","@id":"https:\/\/chemitool.com\/#organization","name":"Chemitool","url":"https:\/\/chemitool.com\/","sameAs":["https:\/\/www.facebook.com\/chemitool","https:\/\/www.instagram.com\/chemitool\/"],"logo":{"@type":"ImageObject","@id":"https:\/\/chemitool.com\/#logo","inLanguage":"pt-PT","url":"https:\/\/chemitool.com\/wp-content\/uploads\/2020\/10\/logo_chemitool.png","contentUrl":"https:\/\/chemitool.com\/wp-content\/uploads\/2020\/10\/logo_chemitool.png","width":400,"height":400,"caption":"Chemitool"},"image":{"@id":"https:\/\/chemitool.com\/#logo"}},{"@type":"WebSite","@id":"https:\/\/chemitool.com\/#website","url":"https:\/\/chemitool.com\/","name":"Chemitool","description":"Chemitool - hardware and tools","publisher":{"@id":"https:\/\/chemitool.com\/#organization"},"potentialAction":[{"@type":"SearchAction","target":{"@type":"EntryPoint","urlTemplate":"https:\/\/chemitool.com\/?s={search_term_string}"},"query-input":"required name=search_term_string"}],"inLanguage":"pt-PT"},{"@type":"ImageObject","@id":"https:\/\/chemitool.com\/pt-pt\/products\/safety\/calcado-de-seguranca\/botas-de-soldador\/bota-de-seguranca-de-soldador-sochi-s3-src\/#primaryimage","inLanguage":"pt-PT","url":"https:\/\/chemitool.com\/wp-content\/uploads\/2021\/08\/CHS010103_perspective_SITE.png","contentUrl":"https:\/\/chemitool.com\/wp-content\/uploads\/2021\/08\/CHS010103_perspective_SITE.png","width":800,"height":800},{"@type":"WebPage","@id":"https:\/\/chemitool.com\/pt-pt\/products\/safety\/calcado-de-seguranca\/botas-de-soldador\/bota-de-seguranca-de-soldador-sochi-s3-src\/#webpage","url":"https:\/\/chemitool.com\/pt-pt\/products\/safety\/calcado-de-seguranca\/botas-de-soldador\/bota-de-seguranca-de-soldador-sochi-s3-src\/","name":"BOTA DE SEGURAN\u00c7A DE SOLDADOR SOCHI S3 SRC &ndash; Chemitool","isPartOf":{"@id":"https:\/\/chemitool.com\/#website"},"primaryImageOfPage":{"@id":"https:\/\/chemitool.com\/pt-pt\/products\/safety\/calcado-de-seguranca\/botas-de-soldador\/bota-de-seguranca-de-soldador-sochi-s3-src\/#primaryimage"},"datePublished":"2021-08-23T16:13:04+00:00","dateModified":"2022-07-13T10:49:11+00:00","description":"Bota de Seguran\u00e7a de Soldador SOCHI S3 SRC CHEMITOOL \u00e9 indicada para soldadores, forrada em tecido de cor cinza e coberta com pele de vaca de alta qualidade de cor preta. A sua biqueira de a\u00e7o permite proteger os seus p\u00e9s de impactos, compress\u00f5es, objetos pesados e perfura\u00e7\u00f5es.","breadcrumb":{"@id":"https:\/\/chemitool.com\/pt-pt\/products\/safety\/calcado-de-seguranca\/botas-de-soldador\/bota-de-seguranca-de-soldador-sochi-s3-src\/#breadcrumb"},"inLanguage":"pt-PT","potentialAction":[{"@type":"ReadAction","target":["https:\/\/chemitool.com\/pt-pt\/products\/safety\/calcado-de-seguranca\/botas-de-soldador\/bota-de-seguranca-de-soldador-sochi-s3-src\/"]}]},{"@type":"BreadcrumbList","@id":"https:\/\/chemitool.com\/pt-pt\/products\/safety\/calcado-de-seguranca\/botas-de-soldador\/bota-de-seguranca-de-soldador-sochi-s3-src\/#breadcrumb","itemListElement":[{"@type":"ListItem","position":1,"name":"Home","item":"https:\/\/chemitool.com\/pt-pt\/"},{"@type":"ListItem","position":2,"name":"Produtos","item":"https:\/\/chemitool.com\/pt-pt\/produtos\/"},{"@type":"ListItem","position":3,"name":"Safety","item":"https:\/\/chemitool.com\/pt-pt\/categoria-produto\/safety\/"},{"@type":"ListItem","position":4,"name":"Cal\u00e7ado de Seguran\u00e7a","item":"https:\/\/chemitool.com\/pt-pt\/categoria-produto\/safety\/calcado-de-seguranca\/"},{"@type":"ListItem","position":5,"name":"Botas de Soldador","item":"https:\/\/chemitool.com\/pt-pt\/categoria-produto\/safety\/calcado-de-seguranca\/botas-de-soldador\/"},{"@type":"ListItem","position":6,"name":"BOTA DE SEGURAN\u00c7A DE SOLDADOR SOCHI S3 SRC"}]}]}},"_links":{"self":[{"href":"https:\/\/chemitool.com\/pt-pt\/wp-json\/wp\/v2\/product\/13820"}],"collection":[{"href":"https:\/\/chemitool.com\/pt-pt\/wp-json\/wp\/v2\/product"}],"about":[{"href":"https:\/\/chemitool.com\/pt-pt\/wp-json\/wp\/v2\/types\/product"}],"wp:featuredmedia":[{"embeddable":true,"href":"https:\/\/chemitool.com\/pt-pt\/wp-json\/wp\/v2\/media\/24954"}],"wp:attachment":[{"href":"https:\/\/chemitool.com\/pt-pt\/wp-json\/wp\/v2\/media?parent=13820"}],"wp:term":[{"taxonomy":"product_cat","embeddable":true,"href":"https:\/\/chemitool.com\/pt-pt\/wp-json\/wp\/v2\/product_cat?post=13820"},{"taxonomy":"product_tag","embeddable":true,"href":"https:\/\/chemitool.com\/pt-pt\/wp-json\/wp\/v2\/product_tag?post=13820"}],"curies":[{"name":"wp","href":"https:\/\/api.w.org\/{rel}","templated":true}]}}