{"id":13300,"date":"2021-06-08T13:27:46","date_gmt":"2021-06-08T13:27:50","guid":{"rendered":"https:\/\/chemitool.com\/?post_type=product&#038;p=13300"},"modified":"2021-11-08T16:36:50","modified_gmt":"2021-11-08T16:36:50","slug":"refrigerador-de-agua-wrc-300a","status":"publish","type":"product","link":"https:\/\/chemitool.com\/pt-pt\/products\/welding\/acessorios\/refrigerador-de-agua-wrc-300a\/","title":{"rendered":"REFRIGERADOR DE \u00c1GUA WRC-300A"},"content":{"rendered":"<p><strong>VANTAGENS<\/strong><\/p>\n<ul>\n<li>Resistente \u00e0 corros\u00e3o<\/li>\n<li>N\u00e3o necessita de prepara\u00e7\u00e3o<\/li>\n<li>R\u00e1pido enchimento e drenagem<\/li>\n<li>Pouca manuten\u00e7\u00e3o<\/li>\n<li>Mangueira inclu\u00edda<\/li>\n<\/ul>\n","protected":false},"excerpt":{"rendered":"<p><b class=\"sap-label\">SAP:<\/b> <span class=\"codesap-label\">CHWMWC01<\/span><\/p>\n<p><em>Refrigerador de \u00c1gua CHEMITOOL<\/em> \u00e9 ideal para o arrefecimento de tochas e aparelhos de soldadura atrav\u00e9s de recircula\u00e7\u00e3o de \u00e1gua com sistemas fechados.<\/p>\n","protected":false},"featured_media":13303,"template":"","meta":[],"product_cat":[1461,1705],"product_tag":[2943,2918],"yoast_head":"<!-- This site is optimized with the Yoast SEO plugin v17.4 - https:\/\/yoast.com\/wordpress\/plugins\/seo\/ -->\n<title>REFRIGERADOR DE \u00c1GUA WRC-300A &ndash; Chemitool<\/title>\n<meta name=\"description\" content=\"SAP: CHWMWC01  Refrigerador de \u00c1gua CHEMITOOL \u00e9 ideal para o arrefecimento de tochas e aparelhos de soldadura atrav\u00e9s de recircula\u00e7\u00e3o de \u00e1gua com sistemas fechados.\" \/>\n<meta name=\"robots\" content=\"index, follow, max-snippet:-1, max-image-preview:large, max-video-preview:-1\" \/>\n<link rel=\"canonical\" href=\"https:\/\/chemitool.com\/pt-pt\/products\/welding\/acessorios\/refrigerador-de-agua-wrc-300a\/\" \/>\n<meta property=\"og:locale\" content=\"pt_PT\" \/>\n<meta property=\"og:type\" content=\"article\" \/>\n<meta property=\"og:title\" content=\"REFRIGERADOR DE \u00c1GUA WRC-300A &ndash; Chemitool\" \/>\n<meta property=\"og:description\" content=\"SAP: CHWMWC01  Refrigerador de \u00c1gua CHEMITOOL \u00e9 ideal para o arrefecimento de tochas e aparelhos de soldadura atrav\u00e9s de recircula\u00e7\u00e3o de \u00e1gua com sistemas fechados.\" \/>\n<meta property=\"og:url\" content=\"https:\/\/chemitool.com\/pt-pt\/products\/welding\/acessorios\/refrigerador-de-agua-wrc-300a\/\" \/>\n<meta property=\"og:site_name\" content=\"Chemitool\" \/>\n<meta property=\"article:publisher\" content=\"https:\/\/www.facebook.com\/chemitool\" \/>\n<meta property=\"article:modified_time\" content=\"2021-11-08T16:36:50+00:00\" \/>\n<meta property=\"og:image\" content=\"https:\/\/chemitool.com\/wp-content\/uploads\/2021\/06\/CHWMWC01.png\" \/>\n\t<meta property=\"og:image:width\" content=\"800\" \/>\n\t<meta property=\"og:image:height\" content=\"800\" \/>\n<meta name=\"twitter:card\" content=\"summary_large_image\" \/>\n<meta name=\"twitter:label1\" content=\"Tempo estimado de leitura\" \/>\n\t<meta name=\"twitter:data1\" content=\"2 minutos\" \/>\n<script type=\"application\/ld+json\" class=\"yoast-schema-graph\">{\"@context\":\"https:\/\/schema.org\",\"@graph\":[{\"@type\":\"Organization\",\"@id\":\"https:\/\/chemitool.com\/#organization\",\"name\":\"Chemitool\",\"url\":\"https:\/\/chemitool.com\/\",\"sameAs\":[\"https:\/\/www.facebook.com\/chemitool\",\"https:\/\/www.instagram.com\/chemitool\/\"],\"logo\":{\"@type\":\"ImageObject\",\"@id\":\"https:\/\/chemitool.com\/#logo\",\"inLanguage\":\"pt-PT\",\"url\":\"https:\/\/chemitool.com\/wp-content\/uploads\/2020\/10\/logo_chemitool.png\",\"contentUrl\":\"https:\/\/chemitool.com\/wp-content\/uploads\/2020\/10\/logo_chemitool.png\",\"width\":400,\"height\":400,\"caption\":\"Chemitool\"},\"image\":{\"@id\":\"https:\/\/chemitool.com\/#logo\"}},{\"@type\":\"WebSite\",\"@id\":\"https:\/\/chemitool.com\/#website\",\"url\":\"https:\/\/chemitool.com\/\",\"name\":\"Chemitool\",\"description\":\"Chemitool - hardware and tools\",\"publisher\":{\"@id\":\"https:\/\/chemitool.com\/#organization\"},\"potentialAction\":[{\"@type\":\"SearchAction\",\"target\":{\"@type\":\"EntryPoint\",\"urlTemplate\":\"https:\/\/chemitool.com\/?s={search_term_string}\"},\"query-input\":\"required name=search_term_string\"}],\"inLanguage\":\"pt-PT\"},{\"@type\":\"ImageObject\",\"@id\":\"https:\/\/chemitool.com\/pt-pt\/products\/welding\/acessorios\/refrigerador-de-agua-wrc-300a\/#primaryimage\",\"inLanguage\":\"pt-PT\",\"url\":\"https:\/\/chemitool.com\/wp-content\/uploads\/2021\/06\/CHWMWC01.png\",\"contentUrl\":\"https:\/\/chemitool.com\/wp-content\/uploads\/2021\/06\/CHWMWC01.png\",\"width\":800,\"height\":800},{\"@type\":\"WebPage\",\"@id\":\"https:\/\/chemitool.com\/pt-pt\/products\/welding\/acessorios\/refrigerador-de-agua-wrc-300a\/#webpage\",\"url\":\"https:\/\/chemitool.com\/pt-pt\/products\/welding\/acessorios\/refrigerador-de-agua-wrc-300a\/\",\"name\":\"REFRIGERADOR DE \\u00c1GUA WRC-300A &ndash; Chemitool\",\"isPartOf\":{\"@id\":\"https:\/\/chemitool.com\/#website\"},\"primaryImageOfPage\":{\"@id\":\"https:\/\/chemitool.com\/pt-pt\/products\/welding\/acessorios\/refrigerador-de-agua-wrc-300a\/#primaryimage\"},\"datePublished\":\"2021-06-08T13:27:50+00:00\",\"dateModified\":\"2021-11-08T16:36:50+00:00\",\"description\":\"SAP: CHWMWC01 Refrigerador de \\u00c1gua CHEMITOOL \\u00e9 ideal para o arrefecimento de tochas e aparelhos de soldadura atrav\\u00e9s de recircula\\u00e7\\u00e3o de \\u00e1gua com sistemas fechados.\",\"breadcrumb\":{\"@id\":\"https:\/\/chemitool.com\/pt-pt\/products\/welding\/acessorios\/refrigerador-de-agua-wrc-300a\/#breadcrumb\"},\"inLanguage\":\"pt-PT\",\"potentialAction\":[{\"@type\":\"ReadAction\",\"target\":[\"https:\/\/chemitool.com\/pt-pt\/products\/welding\/acessorios\/refrigerador-de-agua-wrc-300a\/\"]}]},{\"@type\":\"BreadcrumbList\",\"@id\":\"https:\/\/chemitool.com\/pt-pt\/products\/welding\/acessorios\/refrigerador-de-agua-wrc-300a\/#breadcrumb\",\"itemListElement\":[{\"@type\":\"ListItem\",\"position\":1,\"name\":\"Home\",\"item\":\"https:\/\/chemitool.com\/pt-pt\/\"},{\"@type\":\"ListItem\",\"position\":2,\"name\":\"Produtos\",\"item\":\"https:\/\/chemitool.com\/pt-pt\/produtos\/\"},{\"@type\":\"ListItem\",\"position\":3,\"name\":\"Welding\",\"item\":\"https:\/\/chemitool.com\/pt-pt\/categoria-produto\/welding\/\"},{\"@type\":\"ListItem\",\"position\":4,\"name\":\"Acess\\u00f3rios\",\"item\":\"https:\/\/chemitool.com\/pt-pt\/categoria-produto\/welding\/acessorios\/\"},{\"@type\":\"ListItem\",\"position\":5,\"name\":\"REFRIGERADOR DE \\u00c1GUA WRC-300A\"}]}]}<\/script>\n<!-- \/ Yoast SEO plugin. -->","yoast_head_json":{"title":"REFRIGERADOR DE \u00c1GUA WRC-300A &ndash; Chemitool","description":"SAP: CHWMWC01  Refrigerador de \u00c1gua CHEMITOOL \u00e9 ideal para o arrefecimento de tochas e aparelhos de soldadura atrav\u00e9s de recircula\u00e7\u00e3o de \u00e1gua com sistemas fechados.","robots":{"index":"index","follow":"follow","max-snippet":"max-snippet:-1","max-image-preview":"max-image-preview:large","max-video-preview":"max-video-preview:-1"},"canonical":"https:\/\/chemitool.com\/pt-pt\/products\/welding\/acessorios\/refrigerador-de-agua-wrc-300a\/","og_locale":"pt_PT","og_type":"article","og_title":"REFRIGERADOR DE \u00c1GUA WRC-300A &ndash; Chemitool","og_description":"SAP: CHWMWC01  Refrigerador de \u00c1gua CHEMITOOL \u00e9 ideal para o arrefecimento de tochas e aparelhos de soldadura atrav\u00e9s de recircula\u00e7\u00e3o de \u00e1gua com sistemas fechados.","og_url":"https:\/\/chemitool.com\/pt-pt\/products\/welding\/acessorios\/refrigerador-de-agua-wrc-300a\/","og_site_name":"Chemitool","article_publisher":"https:\/\/www.facebook.com\/chemitool","article_modified_time":"2021-11-08T16:36:50+00:00","og_image":[{"width":800,"height":800,"url":"https:\/\/chemitool.com\/wp-content\/uploads\/2021\/06\/CHWMWC01.png","type":"image\/png"}],"twitter_card":"summary_large_image","twitter_misc":{"Tempo estimado de leitura":"2 minutos"},"schema":{"@context":"https:\/\/schema.org","@graph":[{"@type":"Organization","@id":"https:\/\/chemitool.com\/#organization","name":"Chemitool","url":"https:\/\/chemitool.com\/","sameAs":["https:\/\/www.facebook.com\/chemitool","https:\/\/www.instagram.com\/chemitool\/"],"logo":{"@type":"ImageObject","@id":"https:\/\/chemitool.com\/#logo","inLanguage":"pt-PT","url":"https:\/\/chemitool.com\/wp-content\/uploads\/2020\/10\/logo_chemitool.png","contentUrl":"https:\/\/chemitool.com\/wp-content\/uploads\/2020\/10\/logo_chemitool.png","width":400,"height":400,"caption":"Chemitool"},"image":{"@id":"https:\/\/chemitool.com\/#logo"}},{"@type":"WebSite","@id":"https:\/\/chemitool.com\/#website","url":"https:\/\/chemitool.com\/","name":"Chemitool","description":"Chemitool - hardware and tools","publisher":{"@id":"https:\/\/chemitool.com\/#organization"},"potentialAction":[{"@type":"SearchAction","target":{"@type":"EntryPoint","urlTemplate":"https:\/\/chemitool.com\/?s={search_term_string}"},"query-input":"required name=search_term_string"}],"inLanguage":"pt-PT"},{"@type":"ImageObject","@id":"https:\/\/chemitool.com\/pt-pt\/products\/welding\/acessorios\/refrigerador-de-agua-wrc-300a\/#primaryimage","inLanguage":"pt-PT","url":"https:\/\/chemitool.com\/wp-content\/uploads\/2021\/06\/CHWMWC01.png","contentUrl":"https:\/\/chemitool.com\/wp-content\/uploads\/2021\/06\/CHWMWC01.png","width":800,"height":800},{"@type":"WebPage","@id":"https:\/\/chemitool.com\/pt-pt\/products\/welding\/acessorios\/refrigerador-de-agua-wrc-300a\/#webpage","url":"https:\/\/chemitool.com\/pt-pt\/products\/welding\/acessorios\/refrigerador-de-agua-wrc-300a\/","name":"REFRIGERADOR DE \u00c1GUA WRC-300A &ndash; Chemitool","isPartOf":{"@id":"https:\/\/chemitool.com\/#website"},"primaryImageOfPage":{"@id":"https:\/\/chemitool.com\/pt-pt\/products\/welding\/acessorios\/refrigerador-de-agua-wrc-300a\/#primaryimage"},"datePublished":"2021-06-08T13:27:50+00:00","dateModified":"2021-11-08T16:36:50+00:00","description":"SAP: CHWMWC01 Refrigerador de \u00c1gua CHEMITOOL \u00e9 ideal para o arrefecimento de tochas e aparelhos de soldadura atrav\u00e9s de recircula\u00e7\u00e3o de \u00e1gua com sistemas fechados.","breadcrumb":{"@id":"https:\/\/chemitool.com\/pt-pt\/products\/welding\/acessorios\/refrigerador-de-agua-wrc-300a\/#breadcrumb"},"inLanguage":"pt-PT","potentialAction":[{"@type":"ReadAction","target":["https:\/\/chemitool.com\/pt-pt\/products\/welding\/acessorios\/refrigerador-de-agua-wrc-300a\/"]}]},{"@type":"BreadcrumbList","@id":"https:\/\/chemitool.com\/pt-pt\/products\/welding\/acessorios\/refrigerador-de-agua-wrc-300a\/#breadcrumb","itemListElement":[{"@type":"ListItem","position":1,"name":"Home","item":"https:\/\/chemitool.com\/pt-pt\/"},{"@type":"ListItem","position":2,"name":"Produtos","item":"https:\/\/chemitool.com\/pt-pt\/produtos\/"},{"@type":"ListItem","position":3,"name":"Welding","item":"https:\/\/chemitool.com\/pt-pt\/categoria-produto\/welding\/"},{"@type":"ListItem","position":4,"name":"Acess\u00f3rios","item":"https:\/\/chemitool.com\/pt-pt\/categoria-produto\/welding\/acessorios\/"},{"@type":"ListItem","position":5,"name":"REFRIGERADOR DE \u00c1GUA WRC-300A"}]}]}},"_links":{"self":[{"href":"https:\/\/chemitool.com\/pt-pt\/wp-json\/wp\/v2\/product\/13300"}],"collection":[{"href":"https:\/\/chemitool.com\/pt-pt\/wp-json\/wp\/v2\/product"}],"about":[{"href":"https:\/\/chemitool.com\/pt-pt\/wp-json\/wp\/v2\/types\/product"}],"wp:featuredmedia":[{"embeddable":true,"href":"https:\/\/chemitool.com\/pt-pt\/wp-json\/wp\/v2\/media\/13303"}],"wp:attachment":[{"href":"https:\/\/chemitool.com\/pt-pt\/wp-json\/wp\/v2\/media?parent=13300"}],"wp:term":[{"taxonomy":"product_cat","embeddable":true,"href":"https:\/\/chemitool.com\/pt-pt\/wp-json\/wp\/v2\/product_cat?post=13300"},{"taxonomy":"product_tag","embeddable":true,"href":"https:\/\/chemitool.com\/pt-pt\/wp-json\/wp\/v2\/product_tag?post=13300"}],"curies":[{"name":"wp","href":"https:\/\/api.w.org\/{rel}","templated":true}]}}