{"id":12957,"date":"2021-05-28T08:02:34","date_gmt":"2021-05-28T08:02:40","guid":{"rendered":"https:\/\/chemitool.com\/?post_type=product&#038;p=12957"},"modified":"2021-05-28T08:28:46","modified_gmt":"2021-05-28T08:28:46","slug":"rust-ice-40-chemisol","status":"publish","type":"product","link":"https:\/\/chemitool.com\/pt-pt\/products\/chemicals\/lubrificacao-pt-pt\/sprays-de-lubrificacao\/rust-ice-40-chemisol\/","title":{"rendered":"RUST ICE 40 CHEMISOL"},"content":{"rendered":"<p><strong>VANTAGENS<\/strong><\/p>\n<ul>\n<li>Remove ferrugem persistente<\/li>\n<li>Alto poder de penetra\u00e7\u00e3o e lubrifica\u00e7\u00e3o<\/li>\n<li>Atinge -40\u00baC de temperatura<\/li>\n<\/ul>\n<p><strong>INDICA\u00c7\u00d5ES<\/strong><\/p>\n<p>Armazenar o produto num local seco a uma temperatura entre 0\u00baC e 45\u00baC.<br \/>\nAp\u00f3s o primeiro uso, deve ser conservado num local fresco e seco, longe de fontes de calor.<br \/>\nN\u00e3o aplique em equipamentos sob tens\u00e3o. N\u00e3o aplique em materiais sobreaquecidos.<\/p>\n","protected":false},"excerpt":{"rendered":"<p><b class=\"sap-label\">SAP:<\/b> <span class=\"codesap-label\">CHC080101<\/span><\/p>\n<p><em>Spray Desbloqueante a Frio CHEMISOL<\/em> remove a ferrugem profunda e ao mesmo tempo lubrifica a superf\u00edcie a uma temperatura de -40\u00baC.<\/p>\n","protected":false},"featured_media":12960,"template":"","meta":[],"product_cat":[109,3984,4308,1217,1246],"product_tag":[2864,2866,2865],"yoast_head":"<!-- This site is optimized with the Yoast SEO plugin v17.4 - https:\/\/yoast.com\/wordpress\/plugins\/seo\/ -->\n<title>RUST ICE 40 CHEMISOL &ndash; Chemitool<\/title>\n<meta name=\"description\" content=\"SAP: CHC080101  Spray Desbloqueante a Frio CHEMISOL remove a ferrugem profunda e ao mesmo tempo lubrifica a superf\u00edcie a uma temperatura de -40\u00baC.\" \/>\n<meta name=\"robots\" content=\"index, follow, max-snippet:-1, max-image-preview:large, max-video-preview:-1\" \/>\n<link rel=\"canonical\" href=\"https:\/\/chemitool.com\/pt-pt\/products\/chemicals\/lubrificacao-pt-pt\/sprays-de-lubrificacao\/rust-ice-40-chemisol\/\" \/>\n<meta property=\"og:locale\" content=\"pt_PT\" \/>\n<meta property=\"og:type\" content=\"article\" \/>\n<meta property=\"og:title\" content=\"RUST ICE 40 CHEMISOL &ndash; Chemitool\" \/>\n<meta property=\"og:description\" content=\"SAP: CHC080101  Spray Desbloqueante a Frio CHEMISOL remove a ferrugem profunda e ao mesmo tempo lubrifica a superf\u00edcie a uma temperatura de -40\u00baC.\" \/>\n<meta property=\"og:url\" content=\"https:\/\/chemitool.com\/pt-pt\/products\/chemicals\/lubrificacao-pt-pt\/sprays-de-lubrificacao\/rust-ice-40-chemisol\/\" \/>\n<meta property=\"og:site_name\" content=\"Chemitool\" \/>\n<meta property=\"article:publisher\" content=\"https:\/\/www.facebook.com\/chemitool\" \/>\n<meta property=\"article:modified_time\" content=\"2021-05-28T08:28:46+00:00\" \/>\n<meta property=\"og:image\" content=\"https:\/\/chemitool.com\/wp-content\/uploads\/2021\/05\/chc080101.png\" \/>\n\t<meta property=\"og:image:width\" content=\"800\" \/>\n\t<meta property=\"og:image:height\" content=\"800\" \/>\n<meta name=\"twitter:card\" content=\"summary_large_image\" \/>\n<script type=\"application\/ld+json\" class=\"yoast-schema-graph\">{\"@context\":\"https:\/\/schema.org\",\"@graph\":[{\"@type\":\"Organization\",\"@id\":\"https:\/\/chemitool.com\/#organization\",\"name\":\"Chemitool\",\"url\":\"https:\/\/chemitool.com\/\",\"sameAs\":[\"https:\/\/www.facebook.com\/chemitool\",\"https:\/\/www.instagram.com\/chemitool\/\"],\"logo\":{\"@type\":\"ImageObject\",\"@id\":\"https:\/\/chemitool.com\/#logo\",\"inLanguage\":\"pt-PT\",\"url\":\"https:\/\/chemitool.com\/wp-content\/uploads\/2020\/10\/logo_chemitool.png\",\"contentUrl\":\"https:\/\/chemitool.com\/wp-content\/uploads\/2020\/10\/logo_chemitool.png\",\"width\":400,\"height\":400,\"caption\":\"Chemitool\"},\"image\":{\"@id\":\"https:\/\/chemitool.com\/#logo\"}},{\"@type\":\"WebSite\",\"@id\":\"https:\/\/chemitool.com\/#website\",\"url\":\"https:\/\/chemitool.com\/\",\"name\":\"Chemitool\",\"description\":\"Chemitool - hardware and tools\",\"publisher\":{\"@id\":\"https:\/\/chemitool.com\/#organization\"},\"potentialAction\":[{\"@type\":\"SearchAction\",\"target\":{\"@type\":\"EntryPoint\",\"urlTemplate\":\"https:\/\/chemitool.com\/?s={search_term_string}\"},\"query-input\":\"required name=search_term_string\"}],\"inLanguage\":\"pt-PT\"},{\"@type\":\"ImageObject\",\"@id\":\"https:\/\/chemitool.com\/pt-pt\/products\/chemicals\/lubrificacao-pt-pt\/sprays-de-lubrificacao\/rust-ice-40-chemisol\/#primaryimage\",\"inLanguage\":\"pt-PT\",\"url\":\"https:\/\/chemitool.com\/wp-content\/uploads\/2021\/05\/chc080101.png\",\"contentUrl\":\"https:\/\/chemitool.com\/wp-content\/uploads\/2021\/05\/chc080101.png\",\"width\":800,\"height\":800},{\"@type\":\"WebPage\",\"@id\":\"https:\/\/chemitool.com\/pt-pt\/products\/chemicals\/lubrificacao-pt-pt\/sprays-de-lubrificacao\/rust-ice-40-chemisol\/#webpage\",\"url\":\"https:\/\/chemitool.com\/pt-pt\/products\/chemicals\/lubrificacao-pt-pt\/sprays-de-lubrificacao\/rust-ice-40-chemisol\/\",\"name\":\"RUST ICE 40 CHEMISOL &ndash; Chemitool\",\"isPartOf\":{\"@id\":\"https:\/\/chemitool.com\/#website\"},\"primaryImageOfPage\":{\"@id\":\"https:\/\/chemitool.com\/pt-pt\/products\/chemicals\/lubrificacao-pt-pt\/sprays-de-lubrificacao\/rust-ice-40-chemisol\/#primaryimage\"},\"datePublished\":\"2021-05-28T08:02:40+00:00\",\"dateModified\":\"2021-05-28T08:28:46+00:00\",\"description\":\"SAP: CHC080101 Spray Desbloqueante a Frio CHEMISOL remove a ferrugem profunda e ao mesmo tempo lubrifica a superf\\u00edcie a uma temperatura de -40\\u00baC.\",\"breadcrumb\":{\"@id\":\"https:\/\/chemitool.com\/pt-pt\/products\/chemicals\/lubrificacao-pt-pt\/sprays-de-lubrificacao\/rust-ice-40-chemisol\/#breadcrumb\"},\"inLanguage\":\"pt-PT\",\"potentialAction\":[{\"@type\":\"ReadAction\",\"target\":[\"https:\/\/chemitool.com\/pt-pt\/products\/chemicals\/lubrificacao-pt-pt\/sprays-de-lubrificacao\/rust-ice-40-chemisol\/\"]}]},{\"@type\":\"BreadcrumbList\",\"@id\":\"https:\/\/chemitool.com\/pt-pt\/products\/chemicals\/lubrificacao-pt-pt\/sprays-de-lubrificacao\/rust-ice-40-chemisol\/#breadcrumb\",\"itemListElement\":[{\"@type\":\"ListItem\",\"position\":1,\"name\":\"Home\",\"item\":\"https:\/\/chemitool.com\/pt-pt\/\"},{\"@type\":\"ListItem\",\"position\":2,\"name\":\"Produtos\",\"item\":\"https:\/\/chemitool.com\/pt-pt\/produtos\/\"},{\"@type\":\"ListItem\",\"position\":3,\"name\":\"Chemicals\",\"item\":\"https:\/\/chemitool.com\/pt-pt\/categoria-produto\/chemicals\/\"},{\"@type\":\"ListItem\",\"position\":4,\"name\":\"Lubrifica\\u00e7\\u00e3o\",\"item\":\"https:\/\/chemitool.com\/pt-pt\/categoria-produto\/chemicals\/lubrificacao-pt-pt\/\"},{\"@type\":\"ListItem\",\"position\":5,\"name\":\"Sprays de Lubrifica\\u00e7\\u00e3o\",\"item\":\"https:\/\/chemitool.com\/pt-pt\/categoria-produto\/chemicals\/lubrificacao-pt-pt\/sprays-de-lubrificacao\/\"},{\"@type\":\"ListItem\",\"position\":6,\"name\":\"RUST ICE 40 CHEMISOL\"}]}]}<\/script>\n<!-- \/ Yoast SEO plugin. -->","yoast_head_json":{"title":"RUST ICE 40 CHEMISOL &ndash; Chemitool","description":"SAP: CHC080101  Spray Desbloqueante a Frio CHEMISOL remove a ferrugem profunda e ao mesmo tempo lubrifica a superf\u00edcie a uma temperatura de -40\u00baC.","robots":{"index":"index","follow":"follow","max-snippet":"max-snippet:-1","max-image-preview":"max-image-preview:large","max-video-preview":"max-video-preview:-1"},"canonical":"https:\/\/chemitool.com\/pt-pt\/products\/chemicals\/lubrificacao-pt-pt\/sprays-de-lubrificacao\/rust-ice-40-chemisol\/","og_locale":"pt_PT","og_type":"article","og_title":"RUST ICE 40 CHEMISOL &ndash; Chemitool","og_description":"SAP: CHC080101  Spray Desbloqueante a Frio CHEMISOL remove a ferrugem profunda e ao mesmo tempo lubrifica a superf\u00edcie a uma temperatura de -40\u00baC.","og_url":"https:\/\/chemitool.com\/pt-pt\/products\/chemicals\/lubrificacao-pt-pt\/sprays-de-lubrificacao\/rust-ice-40-chemisol\/","og_site_name":"Chemitool","article_publisher":"https:\/\/www.facebook.com\/chemitool","article_modified_time":"2021-05-28T08:28:46+00:00","og_image":[{"width":800,"height":800,"url":"https:\/\/chemitool.com\/wp-content\/uploads\/2021\/05\/chc080101.png","type":"image\/png"}],"twitter_card":"summary_large_image","schema":{"@context":"https:\/\/schema.org","@graph":[{"@type":"Organization","@id":"https:\/\/chemitool.com\/#organization","name":"Chemitool","url":"https:\/\/chemitool.com\/","sameAs":["https:\/\/www.facebook.com\/chemitool","https:\/\/www.instagram.com\/chemitool\/"],"logo":{"@type":"ImageObject","@id":"https:\/\/chemitool.com\/#logo","inLanguage":"pt-PT","url":"https:\/\/chemitool.com\/wp-content\/uploads\/2020\/10\/logo_chemitool.png","contentUrl":"https:\/\/chemitool.com\/wp-content\/uploads\/2020\/10\/logo_chemitool.png","width":400,"height":400,"caption":"Chemitool"},"image":{"@id":"https:\/\/chemitool.com\/#logo"}},{"@type":"WebSite","@id":"https:\/\/chemitool.com\/#website","url":"https:\/\/chemitool.com\/","name":"Chemitool","description":"Chemitool - hardware and tools","publisher":{"@id":"https:\/\/chemitool.com\/#organization"},"potentialAction":[{"@type":"SearchAction","target":{"@type":"EntryPoint","urlTemplate":"https:\/\/chemitool.com\/?s={search_term_string}"},"query-input":"required name=search_term_string"}],"inLanguage":"pt-PT"},{"@type":"ImageObject","@id":"https:\/\/chemitool.com\/pt-pt\/products\/chemicals\/lubrificacao-pt-pt\/sprays-de-lubrificacao\/rust-ice-40-chemisol\/#primaryimage","inLanguage":"pt-PT","url":"https:\/\/chemitool.com\/wp-content\/uploads\/2021\/05\/chc080101.png","contentUrl":"https:\/\/chemitool.com\/wp-content\/uploads\/2021\/05\/chc080101.png","width":800,"height":800},{"@type":"WebPage","@id":"https:\/\/chemitool.com\/pt-pt\/products\/chemicals\/lubrificacao-pt-pt\/sprays-de-lubrificacao\/rust-ice-40-chemisol\/#webpage","url":"https:\/\/chemitool.com\/pt-pt\/products\/chemicals\/lubrificacao-pt-pt\/sprays-de-lubrificacao\/rust-ice-40-chemisol\/","name":"RUST ICE 40 CHEMISOL &ndash; Chemitool","isPartOf":{"@id":"https:\/\/chemitool.com\/#website"},"primaryImageOfPage":{"@id":"https:\/\/chemitool.com\/pt-pt\/products\/chemicals\/lubrificacao-pt-pt\/sprays-de-lubrificacao\/rust-ice-40-chemisol\/#primaryimage"},"datePublished":"2021-05-28T08:02:40+00:00","dateModified":"2021-05-28T08:28:46+00:00","description":"SAP: CHC080101 Spray Desbloqueante a Frio CHEMISOL remove a ferrugem profunda e ao mesmo tempo lubrifica a superf\u00edcie a uma temperatura de -40\u00baC.","breadcrumb":{"@id":"https:\/\/chemitool.com\/pt-pt\/products\/chemicals\/lubrificacao-pt-pt\/sprays-de-lubrificacao\/rust-ice-40-chemisol\/#breadcrumb"},"inLanguage":"pt-PT","potentialAction":[{"@type":"ReadAction","target":["https:\/\/chemitool.com\/pt-pt\/products\/chemicals\/lubrificacao-pt-pt\/sprays-de-lubrificacao\/rust-ice-40-chemisol\/"]}]},{"@type":"BreadcrumbList","@id":"https:\/\/chemitool.com\/pt-pt\/products\/chemicals\/lubrificacao-pt-pt\/sprays-de-lubrificacao\/rust-ice-40-chemisol\/#breadcrumb","itemListElement":[{"@type":"ListItem","position":1,"name":"Home","item":"https:\/\/chemitool.com\/pt-pt\/"},{"@type":"ListItem","position":2,"name":"Produtos","item":"https:\/\/chemitool.com\/pt-pt\/produtos\/"},{"@type":"ListItem","position":3,"name":"Chemicals","item":"https:\/\/chemitool.com\/pt-pt\/categoria-produto\/chemicals\/"},{"@type":"ListItem","position":4,"name":"Lubrifica\u00e7\u00e3o","item":"https:\/\/chemitool.com\/pt-pt\/categoria-produto\/chemicals\/lubrificacao-pt-pt\/"},{"@type":"ListItem","position":5,"name":"Sprays de Lubrifica\u00e7\u00e3o","item":"https:\/\/chemitool.com\/pt-pt\/categoria-produto\/chemicals\/lubrificacao-pt-pt\/sprays-de-lubrificacao\/"},{"@type":"ListItem","position":6,"name":"RUST ICE 40 CHEMISOL"}]}]}},"_links":{"self":[{"href":"https:\/\/chemitool.com\/pt-pt\/wp-json\/wp\/v2\/product\/12957"}],"collection":[{"href":"https:\/\/chemitool.com\/pt-pt\/wp-json\/wp\/v2\/product"}],"about":[{"href":"https:\/\/chemitool.com\/pt-pt\/wp-json\/wp\/v2\/types\/product"}],"wp:featuredmedia":[{"embeddable":true,"href":"https:\/\/chemitool.com\/pt-pt\/wp-json\/wp\/v2\/media\/12960"}],"wp:attachment":[{"href":"https:\/\/chemitool.com\/pt-pt\/wp-json\/wp\/v2\/media?parent=12957"}],"wp:term":[{"taxonomy":"product_cat","embeddable":true,"href":"https:\/\/chemitool.com\/pt-pt\/wp-json\/wp\/v2\/product_cat?post=12957"},{"taxonomy":"product_tag","embeddable":true,"href":"https:\/\/chemitool.com\/pt-pt\/wp-json\/wp\/v2\/product_tag?post=12957"}],"curies":[{"name":"wp","href":"https:\/\/api.w.org\/{rel}","templated":true}]}}