{"id":12147,"date":"2021-04-30T10:04:29","date_gmt":"2021-04-30T10:04:31","guid":{"rendered":"https:\/\/chemitool.com\/?post_type=product&#038;p=12147"},"modified":"2021-06-18T14:53:47","modified_gmt":"2021-06-18T14:53:47","slug":"compressor-de-pistao-com-correia-270l-4hp","status":"publish","type":"product","link":"https:\/\/chemitool.com\/pt-pt\/products\/tools\/compressores\/compressores-com-correia\/compressor-de-pistao-com-correia-270l-4hp\/","title":{"rendered":"COMPRESSOR DE PIST\u00c3O COM CORREIA 270L 4HP"},"content":{"rendered":"<p><strong>VANTAGENS<\/strong><\/p>\n<ul>\n<li>Elevado rendimento volum\u00e9trico<\/li>\n<li>Alta ventila\u00e7\u00e3o para prote\u00e7\u00e3o total da transmiss\u00e3o<\/li>\n<li>V\u00e1lvulas especiais em a\u00e7o inoxid\u00e1vel<\/li>\n<li>Maior ventila\u00e7\u00e3o para \u00e1reas de alta temperatura<\/li>\n<\/ul>\n","protected":false},"excerpt":{"rendered":"<p><b class=\"sap-label\">SAP:<\/b> <span class=\"codesap-label\">CH9001300040T<\/span><\/p>\n<p><em>Compressor de Pist\u00e3o com Correia CHEMITOOL<\/em> \u00e9 indicado para uma variedade de aplica\u00e7\u00f5es na ind\u00fastria, em trabalhos de oficinas, manuten\u00e7\u00e3o e produ\u00e7\u00e3o. O seu cilindro \u00e9 em alum\u00ednio com o interior revestido a ferro fundido, para maior durabilidade. A cabe\u00e7a, cilindro e coletores s\u00e3o refrigerados e t\u00eam uma grande superf\u00edcie para garantir um maior arrefecimento.<\/p>\n","protected":false},"featured_media":12149,"template":"","meta":[],"product_cat":[1455,2644,3628],"product_tag":[],"yoast_head":"<!-- This site is optimized with the Yoast SEO plugin v17.4 - https:\/\/yoast.com\/wordpress\/plugins\/seo\/ -->\n<title>COMPRESSOR DE PIST\u00c3O COM CORREIA 270L 4HP &ndash; Chemitool<\/title>\n<meta name=\"description\" content=\"SAP: CH9001300040T  Compressor de Pist\u00e3o com Correia CHEMITOOL \u00e9 indicado para uma variedade de aplica\u00e7\u00f5es na ind\u00fastria, em trabalhos de oficinas, manuten\u00e7\u00e3o e produ\u00e7\u00e3o. O seu cilindro \u00e9 em alum\u00ednio com o interior revestido a ferro fundido, para maior durabilidade. A cabe\u00e7a, cilindro e coletores s\u00e3o refrigerados e t\u00eam uma grande superf\u00edcie para garantir um maior arrefecimento.\" \/>\n<meta name=\"robots\" content=\"index, follow, max-snippet:-1, max-image-preview:large, max-video-preview:-1\" \/>\n<link rel=\"canonical\" href=\"https:\/\/chemitool.com\/pt-pt\/products\/tools\/compressores\/compressores-com-correia\/compressor-de-pistao-com-correia-270l-4hp\/\" \/>\n<meta property=\"og:locale\" content=\"pt_PT\" \/>\n<meta property=\"og:type\" content=\"article\" \/>\n<meta property=\"og:title\" content=\"COMPRESSOR DE PIST\u00c3O COM CORREIA 270L 4HP &ndash; Chemitool\" \/>\n<meta property=\"og:description\" content=\"SAP: CH9001300040T  Compressor de Pist\u00e3o com Correia CHEMITOOL \u00e9 indicado para uma variedade de aplica\u00e7\u00f5es na ind\u00fastria, em trabalhos de oficinas, manuten\u00e7\u00e3o e produ\u00e7\u00e3o. O seu cilindro \u00e9 em alum\u00ednio com o interior revestido a ferro fundido, para maior durabilidade. A cabe\u00e7a, cilindro e coletores s\u00e3o refrigerados e t\u00eam uma grande superf\u00edcie para garantir um maior arrefecimento.\" \/>\n<meta property=\"og:url\" content=\"https:\/\/chemitool.com\/pt-pt\/products\/tools\/compressores\/compressores-com-correia\/compressor-de-pistao-com-correia-270l-4hp\/\" \/>\n<meta property=\"og:site_name\" content=\"Chemitool\" \/>\n<meta property=\"article:publisher\" content=\"https:\/\/www.facebook.com\/chemitool\" \/>\n<meta property=\"article:modified_time\" content=\"2021-06-18T14:53:47+00:00\" \/>\n<meta property=\"og:image\" content=\"https:\/\/chemitool.com\/wp-content\/uploads\/2021\/04\/CH9001300040T-1.png\" \/>\n\t<meta property=\"og:image:width\" content=\"800\" \/>\n\t<meta property=\"og:image:height\" content=\"800\" \/>\n<meta name=\"twitter:card\" content=\"summary_large_image\" \/>\n<script type=\"application\/ld+json\" class=\"yoast-schema-graph\">{\"@context\":\"https:\/\/schema.org\",\"@graph\":[{\"@type\":\"Organization\",\"@id\":\"https:\/\/chemitool.com\/#organization\",\"name\":\"Chemitool\",\"url\":\"https:\/\/chemitool.com\/\",\"sameAs\":[\"https:\/\/www.facebook.com\/chemitool\",\"https:\/\/www.instagram.com\/chemitool\/\"],\"logo\":{\"@type\":\"ImageObject\",\"@id\":\"https:\/\/chemitool.com\/#logo\",\"inLanguage\":\"pt-PT\",\"url\":\"https:\/\/chemitool.com\/wp-content\/uploads\/2020\/10\/logo_chemitool.png\",\"contentUrl\":\"https:\/\/chemitool.com\/wp-content\/uploads\/2020\/10\/logo_chemitool.png\",\"width\":400,\"height\":400,\"caption\":\"Chemitool\"},\"image\":{\"@id\":\"https:\/\/chemitool.com\/#logo\"}},{\"@type\":\"WebSite\",\"@id\":\"https:\/\/chemitool.com\/#website\",\"url\":\"https:\/\/chemitool.com\/\",\"name\":\"Chemitool\",\"description\":\"Chemitool - hardware and tools\",\"publisher\":{\"@id\":\"https:\/\/chemitool.com\/#organization\"},\"potentialAction\":[{\"@type\":\"SearchAction\",\"target\":{\"@type\":\"EntryPoint\",\"urlTemplate\":\"https:\/\/chemitool.com\/?s={search_term_string}\"},\"query-input\":\"required name=search_term_string\"}],\"inLanguage\":\"pt-PT\"},{\"@type\":\"ImageObject\",\"@id\":\"https:\/\/chemitool.com\/pt-pt\/products\/tools\/compressores\/compressores-com-correia\/compressor-de-pistao-com-correia-270l-4hp\/#primaryimage\",\"inLanguage\":\"pt-PT\",\"url\":\"https:\/\/chemitool.com\/wp-content\/uploads\/2021\/04\/CH9001300040T-1.png\",\"contentUrl\":\"https:\/\/chemitool.com\/wp-content\/uploads\/2021\/04\/CH9001300040T-1.png\",\"width\":800,\"height\":800},{\"@type\":\"WebPage\",\"@id\":\"https:\/\/chemitool.com\/pt-pt\/products\/tools\/compressores\/compressores-com-correia\/compressor-de-pistao-com-correia-270l-4hp\/#webpage\",\"url\":\"https:\/\/chemitool.com\/pt-pt\/products\/tools\/compressores\/compressores-com-correia\/compressor-de-pistao-com-correia-270l-4hp\/\",\"name\":\"COMPRESSOR DE PIST\\u00c3O COM CORREIA 270L 4HP &ndash; Chemitool\",\"isPartOf\":{\"@id\":\"https:\/\/chemitool.com\/#website\"},\"primaryImageOfPage\":{\"@id\":\"https:\/\/chemitool.com\/pt-pt\/products\/tools\/compressores\/compressores-com-correia\/compressor-de-pistao-com-correia-270l-4hp\/#primaryimage\"},\"datePublished\":\"2021-04-30T10:04:31+00:00\",\"dateModified\":\"2021-06-18T14:53:47+00:00\",\"description\":\"SAP: CH9001300040T Compressor de Pist\\u00e3o com Correia CHEMITOOL \\u00e9 indicado para uma variedade de aplica\\u00e7\\u00f5es na ind\\u00fastria, em trabalhos de oficinas, manuten\\u00e7\\u00e3o e produ\\u00e7\\u00e3o. O seu cilindro \\u00e9 em alum\\u00ednio com o interior revestido a ferro fundido, para maior durabilidade. A cabe\\u00e7a, cilindro e coletores s\\u00e3o refrigerados e t\\u00eam uma grande superf\\u00edcie para garantir um maior arrefecimento.\",\"breadcrumb\":{\"@id\":\"https:\/\/chemitool.com\/pt-pt\/products\/tools\/compressores\/compressores-com-correia\/compressor-de-pistao-com-correia-270l-4hp\/#breadcrumb\"},\"inLanguage\":\"pt-PT\",\"potentialAction\":[{\"@type\":\"ReadAction\",\"target\":[\"https:\/\/chemitool.com\/pt-pt\/products\/tools\/compressores\/compressores-com-correia\/compressor-de-pistao-com-correia-270l-4hp\/\"]}]},{\"@type\":\"BreadcrumbList\",\"@id\":\"https:\/\/chemitool.com\/pt-pt\/products\/tools\/compressores\/compressores-com-correia\/compressor-de-pistao-com-correia-270l-4hp\/#breadcrumb\",\"itemListElement\":[{\"@type\":\"ListItem\",\"position\":1,\"name\":\"Home\",\"item\":\"https:\/\/chemitool.com\/pt-pt\/\"},{\"@type\":\"ListItem\",\"position\":2,\"name\":\"Produtos\",\"item\":\"https:\/\/chemitool.com\/pt-pt\/produtos\/\"},{\"@type\":\"ListItem\",\"position\":3,\"name\":\"Tools\",\"item\":\"https:\/\/chemitool.com\/pt-pt\/categoria-produto\/tools\/\"},{\"@type\":\"ListItem\",\"position\":4,\"name\":\"Compressores\",\"item\":\"https:\/\/chemitool.com\/pt-pt\/categoria-produto\/tools\/compressores\/\"},{\"@type\":\"ListItem\",\"position\":5,\"name\":\"Compressores com Correia\",\"item\":\"https:\/\/chemitool.com\/pt-pt\/categoria-produto\/tools\/compressores\/compressores-com-correia\/\"},{\"@type\":\"ListItem\",\"position\":6,\"name\":\"COMPRESSOR DE PIST\\u00c3O COM CORREIA 270L 4HP\"}]}]}<\/script>\n<!-- \/ Yoast SEO plugin. -->","yoast_head_json":{"title":"COMPRESSOR DE PIST\u00c3O COM CORREIA 270L 4HP &ndash; Chemitool","description":"SAP: CH9001300040T  Compressor de Pist\u00e3o com Correia CHEMITOOL \u00e9 indicado para uma variedade de aplica\u00e7\u00f5es na ind\u00fastria, em trabalhos de oficinas, manuten\u00e7\u00e3o e produ\u00e7\u00e3o. O seu cilindro \u00e9 em alum\u00ednio com o interior revestido a ferro fundido, para maior durabilidade. A cabe\u00e7a, cilindro e coletores s\u00e3o refrigerados e t\u00eam uma grande superf\u00edcie para garantir um maior arrefecimento.","robots":{"index":"index","follow":"follow","max-snippet":"max-snippet:-1","max-image-preview":"max-image-preview:large","max-video-preview":"max-video-preview:-1"},"canonical":"https:\/\/chemitool.com\/pt-pt\/products\/tools\/compressores\/compressores-com-correia\/compressor-de-pistao-com-correia-270l-4hp\/","og_locale":"pt_PT","og_type":"article","og_title":"COMPRESSOR DE PIST\u00c3O COM CORREIA 270L 4HP &ndash; Chemitool","og_description":"SAP: CH9001300040T  Compressor de Pist\u00e3o com Correia CHEMITOOL \u00e9 indicado para uma variedade de aplica\u00e7\u00f5es na ind\u00fastria, em trabalhos de oficinas, manuten\u00e7\u00e3o e produ\u00e7\u00e3o. O seu cilindro \u00e9 em alum\u00ednio com o interior revestido a ferro fundido, para maior durabilidade. A cabe\u00e7a, cilindro e coletores s\u00e3o refrigerados e t\u00eam uma grande superf\u00edcie para garantir um maior arrefecimento.","og_url":"https:\/\/chemitool.com\/pt-pt\/products\/tools\/compressores\/compressores-com-correia\/compressor-de-pistao-com-correia-270l-4hp\/","og_site_name":"Chemitool","article_publisher":"https:\/\/www.facebook.com\/chemitool","article_modified_time":"2021-06-18T14:53:47+00:00","og_image":[{"width":800,"height":800,"url":"https:\/\/chemitool.com\/wp-content\/uploads\/2021\/04\/CH9001300040T-1.png","type":"image\/png"}],"twitter_card":"summary_large_image","schema":{"@context":"https:\/\/schema.org","@graph":[{"@type":"Organization","@id":"https:\/\/chemitool.com\/#organization","name":"Chemitool","url":"https:\/\/chemitool.com\/","sameAs":["https:\/\/www.facebook.com\/chemitool","https:\/\/www.instagram.com\/chemitool\/"],"logo":{"@type":"ImageObject","@id":"https:\/\/chemitool.com\/#logo","inLanguage":"pt-PT","url":"https:\/\/chemitool.com\/wp-content\/uploads\/2020\/10\/logo_chemitool.png","contentUrl":"https:\/\/chemitool.com\/wp-content\/uploads\/2020\/10\/logo_chemitool.png","width":400,"height":400,"caption":"Chemitool"},"image":{"@id":"https:\/\/chemitool.com\/#logo"}},{"@type":"WebSite","@id":"https:\/\/chemitool.com\/#website","url":"https:\/\/chemitool.com\/","name":"Chemitool","description":"Chemitool - hardware and tools","publisher":{"@id":"https:\/\/chemitool.com\/#organization"},"potentialAction":[{"@type":"SearchAction","target":{"@type":"EntryPoint","urlTemplate":"https:\/\/chemitool.com\/?s={search_term_string}"},"query-input":"required name=search_term_string"}],"inLanguage":"pt-PT"},{"@type":"ImageObject","@id":"https:\/\/chemitool.com\/pt-pt\/products\/tools\/compressores\/compressores-com-correia\/compressor-de-pistao-com-correia-270l-4hp\/#primaryimage","inLanguage":"pt-PT","url":"https:\/\/chemitool.com\/wp-content\/uploads\/2021\/04\/CH9001300040T-1.png","contentUrl":"https:\/\/chemitool.com\/wp-content\/uploads\/2021\/04\/CH9001300040T-1.png","width":800,"height":800},{"@type":"WebPage","@id":"https:\/\/chemitool.com\/pt-pt\/products\/tools\/compressores\/compressores-com-correia\/compressor-de-pistao-com-correia-270l-4hp\/#webpage","url":"https:\/\/chemitool.com\/pt-pt\/products\/tools\/compressores\/compressores-com-correia\/compressor-de-pistao-com-correia-270l-4hp\/","name":"COMPRESSOR DE PIST\u00c3O COM CORREIA 270L 4HP &ndash; Chemitool","isPartOf":{"@id":"https:\/\/chemitool.com\/#website"},"primaryImageOfPage":{"@id":"https:\/\/chemitool.com\/pt-pt\/products\/tools\/compressores\/compressores-com-correia\/compressor-de-pistao-com-correia-270l-4hp\/#primaryimage"},"datePublished":"2021-04-30T10:04:31+00:00","dateModified":"2021-06-18T14:53:47+00:00","description":"SAP: CH9001300040T Compressor de Pist\u00e3o com Correia CHEMITOOL \u00e9 indicado para uma variedade de aplica\u00e7\u00f5es na ind\u00fastria, em trabalhos de oficinas, manuten\u00e7\u00e3o e produ\u00e7\u00e3o. O seu cilindro \u00e9 em alum\u00ednio com o interior revestido a ferro fundido, para maior durabilidade. A cabe\u00e7a, cilindro e coletores s\u00e3o refrigerados e t\u00eam uma grande superf\u00edcie para garantir um maior arrefecimento.","breadcrumb":{"@id":"https:\/\/chemitool.com\/pt-pt\/products\/tools\/compressores\/compressores-com-correia\/compressor-de-pistao-com-correia-270l-4hp\/#breadcrumb"},"inLanguage":"pt-PT","potentialAction":[{"@type":"ReadAction","target":["https:\/\/chemitool.com\/pt-pt\/products\/tools\/compressores\/compressores-com-correia\/compressor-de-pistao-com-correia-270l-4hp\/"]}]},{"@type":"BreadcrumbList","@id":"https:\/\/chemitool.com\/pt-pt\/products\/tools\/compressores\/compressores-com-correia\/compressor-de-pistao-com-correia-270l-4hp\/#breadcrumb","itemListElement":[{"@type":"ListItem","position":1,"name":"Home","item":"https:\/\/chemitool.com\/pt-pt\/"},{"@type":"ListItem","position":2,"name":"Produtos","item":"https:\/\/chemitool.com\/pt-pt\/produtos\/"},{"@type":"ListItem","position":3,"name":"Tools","item":"https:\/\/chemitool.com\/pt-pt\/categoria-produto\/tools\/"},{"@type":"ListItem","position":4,"name":"Compressores","item":"https:\/\/chemitool.com\/pt-pt\/categoria-produto\/tools\/compressores\/"},{"@type":"ListItem","position":5,"name":"Compressores com Correia","item":"https:\/\/chemitool.com\/pt-pt\/categoria-produto\/tools\/compressores\/compressores-com-correia\/"},{"@type":"ListItem","position":6,"name":"COMPRESSOR DE PIST\u00c3O COM CORREIA 270L 4HP"}]}]}},"_links":{"self":[{"href":"https:\/\/chemitool.com\/pt-pt\/wp-json\/wp\/v2\/product\/12147"}],"collection":[{"href":"https:\/\/chemitool.com\/pt-pt\/wp-json\/wp\/v2\/product"}],"about":[{"href":"https:\/\/chemitool.com\/pt-pt\/wp-json\/wp\/v2\/types\/product"}],"wp:featuredmedia":[{"embeddable":true,"href":"https:\/\/chemitool.com\/pt-pt\/wp-json\/wp\/v2\/media\/12149"}],"wp:attachment":[{"href":"https:\/\/chemitool.com\/pt-pt\/wp-json\/wp\/v2\/media?parent=12147"}],"wp:term":[{"taxonomy":"product_cat","embeddable":true,"href":"https:\/\/chemitool.com\/pt-pt\/wp-json\/wp\/v2\/product_cat?post=12147"},{"taxonomy":"product_tag","embeddable":true,"href":"https:\/\/chemitool.com\/pt-pt\/wp-json\/wp\/v2\/product_tag?post=12147"}],"curies":[{"name":"wp","href":"https:\/\/api.w.org\/{rel}","templated":true}]}}