{"id":11556,"date":"2021-04-21T13:39:25","date_gmt":"2021-04-21T13:39:29","guid":{"rendered":"https:\/\/chemitool.com\/?post_type=product&#038;p=11556"},"modified":"2021-05-13T08:34:36","modified_gmt":"2021-05-13T08:34:36","slug":"quiet-3-0","status":"publish","type":"product","link":"https:\/\/chemitool.com\/pt-pt\/products\/tools\/aspiradores\/aspiradores-de-solidos\/quiet-3-0\/","title":{"rendered":"QUIET 3.0"},"content":{"rendered":"<p><strong>VANTAGENS<\/strong><\/p>\n<ul>\n<li>Compacto<\/li>\n<li>Efici\u00eancia energ\u00e9tica A<\/li>\n<li>Luz de aviso para filtro sujo<\/li>\n<li>Filtro com HEPA BAG<\/li>\n<li>Rodas que n\u00e3o marcam<\/li>\n<li>Corpo 100% polipropileno<\/li>\n<\/ul>\n<p><img class=\"alignnone size-full wp-image-12627\" src=\"https:\/\/chemitool.com\/wp-content\/uploads\/2021\/05\/icones-aspiradores-11.png\" alt=\"\" width=\"98\" height=\"96\" \/><img class=\"alignnone size-full wp-image-12603\" src=\"https:\/\/chemitool.com\/wp-content\/uploads\/2021\/05\/icones-aspiradores-14.png\" alt=\"\" width=\"98\" height=\"96\" \/><img class=\"alignnone size-full wp-image-12702\" src=\"https:\/\/chemitool.com\/wp-content\/uploads\/2021\/05\/icones-aspiradores-125.png\" alt=\"\" width=\"98\" height=\"96\" \/><br \/>\n<img class=\"alignnone size-full wp-image-12678\" src=\"https:\/\/chemitool.com\/wp-content\/uploads\/2021\/05\/icones-aspiradores-38.png\" alt=\"\" width=\"98\" height=\"96\" \/><img class=\"alignnone size-full wp-image-12639\" src=\"https:\/\/chemitool.com\/wp-content\/uploads\/2021\/05\/icones-aspiradores-86.png\" alt=\"\" width=\"98\" height=\"96\" \/><img class=\"alignnone size-full wp-image-12666\" src=\"https:\/\/chemitool.com\/wp-content\/uploads\/2021\/05\/icones-aspiradores-113.png\" alt=\"\" width=\"98\" height=\"96\" \/><img class=\"alignnone size-full wp-image-12525\" src=\"https:\/\/chemitool.com\/wp-content\/uploads\/2021\/04\/icones-aspiradores-56.png\" alt=\"\" width=\"98\" height=\"96\" \/><\/p>\n","protected":false},"excerpt":{"rendered":"<p><b class=\"sap-label\">SAP:<\/b> <span class=\"codesap-label\">CHEQDP580<\/span><\/p>\n<p><em>QUIET 3.0 CHEMITOOL<\/em> \u00e9 um aspirador compacto, equipado com motor de duas velocidades de \u00faltima gera\u00e7\u00e3o, com grande rendimento e uma poupan\u00e7a significativa. \u00c9 ideal para solu\u00e7\u00f5es profissionais de tratamento de pisos para pequenas e m\u00e9dias \u00e1reas, como hot\u00e9is e escrit\u00f3rios, gra\u00e7as ao seu baixo n\u00edvel de ru\u00eddo.<\/p>\n","protected":false},"featured_media":11796,"template":"","meta":[],"product_cat":[1455,2505,2556],"product_tag":[],"yoast_head":"<!-- This site is optimized with the Yoast SEO plugin v17.4 - https:\/\/yoast.com\/wordpress\/plugins\/seo\/ -->\n<title>QUIET 3.0 &ndash; Chemitool<\/title>\n<meta name=\"description\" content=\"SAP: CHEQDP580  QUIET 3.0 CHEMITOOL \u00e9 um aspirador compacto, equipado com motor de duas velocidades de \u00faltima gera\u00e7\u00e3o, com grande rendimento e uma poupan\u00e7a significativa. \u00c9 ideal para solu\u00e7\u00f5es profissionais de tratamento de pisos para pequenas e m\u00e9dias \u00e1reas, como hot\u00e9is e escrit\u00f3rios, gra\u00e7as ao seu baixo n\u00edvel de ru\u00eddo.\" \/>\n<meta name=\"robots\" content=\"index, follow, max-snippet:-1, max-image-preview:large, max-video-preview:-1\" \/>\n<link rel=\"canonical\" href=\"https:\/\/chemitool.com\/pt-pt\/products\/tools\/aspiradores\/aspiradores-de-solidos\/quiet-3-0\/\" \/>\n<meta property=\"og:locale\" content=\"pt_PT\" \/>\n<meta property=\"og:type\" content=\"article\" \/>\n<meta property=\"og:title\" content=\"QUIET 3.0 &ndash; Chemitool\" \/>\n<meta property=\"og:description\" content=\"SAP: CHEQDP580  QUIET 3.0 CHEMITOOL \u00e9 um aspirador compacto, equipado com motor de duas velocidades de \u00faltima gera\u00e7\u00e3o, com grande rendimento e uma poupan\u00e7a significativa. \u00c9 ideal para solu\u00e7\u00f5es profissionais de tratamento de pisos para pequenas e m\u00e9dias \u00e1reas, como hot\u00e9is e escrit\u00f3rios, gra\u00e7as ao seu baixo n\u00edvel de ru\u00eddo.\" \/>\n<meta property=\"og:url\" content=\"https:\/\/chemitool.com\/pt-pt\/products\/tools\/aspiradores\/aspiradores-de-solidos\/quiet-3-0\/\" \/>\n<meta property=\"og:site_name\" content=\"Chemitool\" \/>\n<meta property=\"article:publisher\" content=\"https:\/\/www.facebook.com\/chemitool\" \/>\n<meta property=\"article:modified_time\" content=\"2021-05-13T08:34:36+00:00\" \/>\n<meta property=\"og:image\" content=\"https:\/\/chemitool.com\/wp-content\/uploads\/2021\/04\/quiet_geral.png\" \/>\n\t<meta property=\"og:image:width\" content=\"800\" \/>\n\t<meta property=\"og:image:height\" content=\"800\" \/>\n<meta name=\"twitter:card\" content=\"summary_large_image\" \/>\n<meta name=\"twitter:label1\" content=\"Tempo estimado de leitura\" \/>\n\t<meta name=\"twitter:data1\" content=\"1 minuto\" \/>\n<script type=\"application\/ld+json\" class=\"yoast-schema-graph\">{\"@context\":\"https:\/\/schema.org\",\"@graph\":[{\"@type\":\"Organization\",\"@id\":\"https:\/\/chemitool.com\/#organization\",\"name\":\"Chemitool\",\"url\":\"https:\/\/chemitool.com\/\",\"sameAs\":[\"https:\/\/www.facebook.com\/chemitool\",\"https:\/\/www.instagram.com\/chemitool\/\"],\"logo\":{\"@type\":\"ImageObject\",\"@id\":\"https:\/\/chemitool.com\/#logo\",\"inLanguage\":\"pt-PT\",\"url\":\"https:\/\/chemitool.com\/wp-content\/uploads\/2020\/10\/logo_chemitool.png\",\"contentUrl\":\"https:\/\/chemitool.com\/wp-content\/uploads\/2020\/10\/logo_chemitool.png\",\"width\":400,\"height\":400,\"caption\":\"Chemitool\"},\"image\":{\"@id\":\"https:\/\/chemitool.com\/#logo\"}},{\"@type\":\"WebSite\",\"@id\":\"https:\/\/chemitool.com\/#website\",\"url\":\"https:\/\/chemitool.com\/\",\"name\":\"Chemitool\",\"description\":\"Chemitool - hardware and tools\",\"publisher\":{\"@id\":\"https:\/\/chemitool.com\/#organization\"},\"potentialAction\":[{\"@type\":\"SearchAction\",\"target\":{\"@type\":\"EntryPoint\",\"urlTemplate\":\"https:\/\/chemitool.com\/?s={search_term_string}\"},\"query-input\":\"required name=search_term_string\"}],\"inLanguage\":\"pt-PT\"},{\"@type\":\"ImageObject\",\"@id\":\"https:\/\/chemitool.com\/pt-pt\/products\/tools\/aspiradores\/aspiradores-de-solidos\/quiet-3-0\/#primaryimage\",\"inLanguage\":\"pt-PT\",\"url\":\"https:\/\/chemitool.com\/wp-content\/uploads\/2021\/04\/quiet_geral.png\",\"contentUrl\":\"https:\/\/chemitool.com\/wp-content\/uploads\/2021\/04\/quiet_geral.png\",\"width\":800,\"height\":800},{\"@type\":\"WebPage\",\"@id\":\"https:\/\/chemitool.com\/pt-pt\/products\/tools\/aspiradores\/aspiradores-de-solidos\/quiet-3-0\/#webpage\",\"url\":\"https:\/\/chemitool.com\/pt-pt\/products\/tools\/aspiradores\/aspiradores-de-solidos\/quiet-3-0\/\",\"name\":\"QUIET 3.0 &ndash; Chemitool\",\"isPartOf\":{\"@id\":\"https:\/\/chemitool.com\/#website\"},\"primaryImageOfPage\":{\"@id\":\"https:\/\/chemitool.com\/pt-pt\/products\/tools\/aspiradores\/aspiradores-de-solidos\/quiet-3-0\/#primaryimage\"},\"datePublished\":\"2021-04-21T13:39:29+00:00\",\"dateModified\":\"2021-05-13T08:34:36+00:00\",\"description\":\"SAP: CHEQDP580 QUIET 3.0 CHEMITOOL \\u00e9 um aspirador compacto, equipado com motor de duas velocidades de \\u00faltima gera\\u00e7\\u00e3o, com grande rendimento e uma poupan\\u00e7a significativa. \\u00c9 ideal para solu\\u00e7\\u00f5es profissionais de tratamento de pisos para pequenas e m\\u00e9dias \\u00e1reas, como hot\\u00e9is e escrit\\u00f3rios, gra\\u00e7as ao seu baixo n\\u00edvel de ru\\u00eddo.\",\"breadcrumb\":{\"@id\":\"https:\/\/chemitool.com\/pt-pt\/products\/tools\/aspiradores\/aspiradores-de-solidos\/quiet-3-0\/#breadcrumb\"},\"inLanguage\":\"pt-PT\",\"potentialAction\":[{\"@type\":\"ReadAction\",\"target\":[\"https:\/\/chemitool.com\/pt-pt\/products\/tools\/aspiradores\/aspiradores-de-solidos\/quiet-3-0\/\"]}]},{\"@type\":\"BreadcrumbList\",\"@id\":\"https:\/\/chemitool.com\/pt-pt\/products\/tools\/aspiradores\/aspiradores-de-solidos\/quiet-3-0\/#breadcrumb\",\"itemListElement\":[{\"@type\":\"ListItem\",\"position\":1,\"name\":\"Home\",\"item\":\"https:\/\/chemitool.com\/pt-pt\/\"},{\"@type\":\"ListItem\",\"position\":2,\"name\":\"Produtos\",\"item\":\"https:\/\/chemitool.com\/pt-pt\/produtos\/\"},{\"@type\":\"ListItem\",\"position\":3,\"name\":\"Tools\",\"item\":\"https:\/\/chemitool.com\/pt-pt\/categoria-produto\/tools\/\"},{\"@type\":\"ListItem\",\"position\":4,\"name\":\"Aspiradores\",\"item\":\"https:\/\/chemitool.com\/pt-pt\/categoria-produto\/tools\/aspiradores\/\"},{\"@type\":\"ListItem\",\"position\":5,\"name\":\"Aspiradores de S\\u00f3lidos\",\"item\":\"https:\/\/chemitool.com\/pt-pt\/categoria-produto\/tools\/aspiradores\/aspiradores-de-solidos\/\"},{\"@type\":\"ListItem\",\"position\":6,\"name\":\"QUIET 3.0\"}]}]}<\/script>\n<!-- \/ Yoast SEO plugin. -->","yoast_head_json":{"title":"QUIET 3.0 &ndash; Chemitool","description":"SAP: CHEQDP580  QUIET 3.0 CHEMITOOL \u00e9 um aspirador compacto, equipado com motor de duas velocidades de \u00faltima gera\u00e7\u00e3o, com grande rendimento e uma poupan\u00e7a significativa. \u00c9 ideal para solu\u00e7\u00f5es profissionais de tratamento de pisos para pequenas e m\u00e9dias \u00e1reas, como hot\u00e9is e escrit\u00f3rios, gra\u00e7as ao seu baixo n\u00edvel de ru\u00eddo.","robots":{"index":"index","follow":"follow","max-snippet":"max-snippet:-1","max-image-preview":"max-image-preview:large","max-video-preview":"max-video-preview:-1"},"canonical":"https:\/\/chemitool.com\/pt-pt\/products\/tools\/aspiradores\/aspiradores-de-solidos\/quiet-3-0\/","og_locale":"pt_PT","og_type":"article","og_title":"QUIET 3.0 &ndash; Chemitool","og_description":"SAP: CHEQDP580  QUIET 3.0 CHEMITOOL \u00e9 um aspirador compacto, equipado com motor de duas velocidades de \u00faltima gera\u00e7\u00e3o, com grande rendimento e uma poupan\u00e7a significativa. \u00c9 ideal para solu\u00e7\u00f5es profissionais de tratamento de pisos para pequenas e m\u00e9dias \u00e1reas, como hot\u00e9is e escrit\u00f3rios, gra\u00e7as ao seu baixo n\u00edvel de ru\u00eddo.","og_url":"https:\/\/chemitool.com\/pt-pt\/products\/tools\/aspiradores\/aspiradores-de-solidos\/quiet-3-0\/","og_site_name":"Chemitool","article_publisher":"https:\/\/www.facebook.com\/chemitool","article_modified_time":"2021-05-13T08:34:36+00:00","og_image":[{"width":800,"height":800,"url":"https:\/\/chemitool.com\/wp-content\/uploads\/2021\/04\/quiet_geral.png","type":"image\/png"}],"twitter_card":"summary_large_image","twitter_misc":{"Tempo estimado de leitura":"1 minuto"},"schema":{"@context":"https:\/\/schema.org","@graph":[{"@type":"Organization","@id":"https:\/\/chemitool.com\/#organization","name":"Chemitool","url":"https:\/\/chemitool.com\/","sameAs":["https:\/\/www.facebook.com\/chemitool","https:\/\/www.instagram.com\/chemitool\/"],"logo":{"@type":"ImageObject","@id":"https:\/\/chemitool.com\/#logo","inLanguage":"pt-PT","url":"https:\/\/chemitool.com\/wp-content\/uploads\/2020\/10\/logo_chemitool.png","contentUrl":"https:\/\/chemitool.com\/wp-content\/uploads\/2020\/10\/logo_chemitool.png","width":400,"height":400,"caption":"Chemitool"},"image":{"@id":"https:\/\/chemitool.com\/#logo"}},{"@type":"WebSite","@id":"https:\/\/chemitool.com\/#website","url":"https:\/\/chemitool.com\/","name":"Chemitool","description":"Chemitool - hardware and tools","publisher":{"@id":"https:\/\/chemitool.com\/#organization"},"potentialAction":[{"@type":"SearchAction","target":{"@type":"EntryPoint","urlTemplate":"https:\/\/chemitool.com\/?s={search_term_string}"},"query-input":"required name=search_term_string"}],"inLanguage":"pt-PT"},{"@type":"ImageObject","@id":"https:\/\/chemitool.com\/pt-pt\/products\/tools\/aspiradores\/aspiradores-de-solidos\/quiet-3-0\/#primaryimage","inLanguage":"pt-PT","url":"https:\/\/chemitool.com\/wp-content\/uploads\/2021\/04\/quiet_geral.png","contentUrl":"https:\/\/chemitool.com\/wp-content\/uploads\/2021\/04\/quiet_geral.png","width":800,"height":800},{"@type":"WebPage","@id":"https:\/\/chemitool.com\/pt-pt\/products\/tools\/aspiradores\/aspiradores-de-solidos\/quiet-3-0\/#webpage","url":"https:\/\/chemitool.com\/pt-pt\/products\/tools\/aspiradores\/aspiradores-de-solidos\/quiet-3-0\/","name":"QUIET 3.0 &ndash; Chemitool","isPartOf":{"@id":"https:\/\/chemitool.com\/#website"},"primaryImageOfPage":{"@id":"https:\/\/chemitool.com\/pt-pt\/products\/tools\/aspiradores\/aspiradores-de-solidos\/quiet-3-0\/#primaryimage"},"datePublished":"2021-04-21T13:39:29+00:00","dateModified":"2021-05-13T08:34:36+00:00","description":"SAP: CHEQDP580 QUIET 3.0 CHEMITOOL \u00e9 um aspirador compacto, equipado com motor de duas velocidades de \u00faltima gera\u00e7\u00e3o, com grande rendimento e uma poupan\u00e7a significativa. \u00c9 ideal para solu\u00e7\u00f5es profissionais de tratamento de pisos para pequenas e m\u00e9dias \u00e1reas, como hot\u00e9is e escrit\u00f3rios, gra\u00e7as ao seu baixo n\u00edvel de ru\u00eddo.","breadcrumb":{"@id":"https:\/\/chemitool.com\/pt-pt\/products\/tools\/aspiradores\/aspiradores-de-solidos\/quiet-3-0\/#breadcrumb"},"inLanguage":"pt-PT","potentialAction":[{"@type":"ReadAction","target":["https:\/\/chemitool.com\/pt-pt\/products\/tools\/aspiradores\/aspiradores-de-solidos\/quiet-3-0\/"]}]},{"@type":"BreadcrumbList","@id":"https:\/\/chemitool.com\/pt-pt\/products\/tools\/aspiradores\/aspiradores-de-solidos\/quiet-3-0\/#breadcrumb","itemListElement":[{"@type":"ListItem","position":1,"name":"Home","item":"https:\/\/chemitool.com\/pt-pt\/"},{"@type":"ListItem","position":2,"name":"Produtos","item":"https:\/\/chemitool.com\/pt-pt\/produtos\/"},{"@type":"ListItem","position":3,"name":"Tools","item":"https:\/\/chemitool.com\/pt-pt\/categoria-produto\/tools\/"},{"@type":"ListItem","position":4,"name":"Aspiradores","item":"https:\/\/chemitool.com\/pt-pt\/categoria-produto\/tools\/aspiradores\/"},{"@type":"ListItem","position":5,"name":"Aspiradores de S\u00f3lidos","item":"https:\/\/chemitool.com\/pt-pt\/categoria-produto\/tools\/aspiradores\/aspiradores-de-solidos\/"},{"@type":"ListItem","position":6,"name":"QUIET 3.0"}]}]}},"_links":{"self":[{"href":"https:\/\/chemitool.com\/pt-pt\/wp-json\/wp\/v2\/product\/11556"}],"collection":[{"href":"https:\/\/chemitool.com\/pt-pt\/wp-json\/wp\/v2\/product"}],"about":[{"href":"https:\/\/chemitool.com\/pt-pt\/wp-json\/wp\/v2\/types\/product"}],"wp:featuredmedia":[{"embeddable":true,"href":"https:\/\/chemitool.com\/pt-pt\/wp-json\/wp\/v2\/media\/11796"}],"wp:attachment":[{"href":"https:\/\/chemitool.com\/pt-pt\/wp-json\/wp\/v2\/media?parent=11556"}],"wp:term":[{"taxonomy":"product_cat","embeddable":true,"href":"https:\/\/chemitool.com\/pt-pt\/wp-json\/wp\/v2\/product_cat?post=11556"},{"taxonomy":"product_tag","embeddable":true,"href":"https:\/\/chemitool.com\/pt-pt\/wp-json\/wp\/v2\/product_tag?post=11556"}],"curies":[{"name":"wp","href":"https:\/\/api.w.org\/{rel}","templated":true}]}}