{"id":11515,"date":"2021-04-20T15:11:00","date_gmt":"2021-04-20T15:11:01","guid":{"rendered":"https:\/\/chemitool.com\/?post_type=product&#038;p=11515"},"modified":"2021-11-04T11:23:48","modified_gmt":"2021-11-04T11:23:48","slug":"spray-primario-chemisol","status":"publish","type":"product","link":"https:\/\/chemitool.com\/pt-pt\/products\/chemicals\/sprays-pt\/tintas\/spray-primario-chemisol\/","title":{"rendered":"SPRAY PRIM\u00c1RIO CHEMISOL"},"content":{"rendered":"<p><strong>VANTAGENS<\/strong><\/p>\n<ul>\n<li>Aplica\u00e7\u00e3o interior e exterior<\/li>\n<li>Prote\u00e7\u00e3o contra ferrugem<\/li>\n<li>Pode ser pintado<\/li>\n<li>Resistente ao clima<\/li>\n<\/ul>\n<p><strong>INDICA\u00c7\u00d5ES<\/strong><\/p>\n<p>Armazenar o produto num local seco a uma temperatura inferior a 20\u00b0C.<br \/>\nAp\u00f3s o primeiro uso, deve ser conservado num local fresco e seco, longe de fontes de calor.<br \/>\nEvitar a exposi\u00e7\u00e3o direta \u00e0 luz solar.<\/p>\n","protected":false},"excerpt":{"rendered":"<p><em>Spray Prim\u00e1rio CHEMISOL <\/em>\u00e9 indicado para utilizar como base, garantindo a ades\u00e3o perfeita do spray em superf\u00edcies dif\u00edceis como pl\u00e1sticos e metais. Oferece \u00e0s superf\u00edcies met\u00e1licas uma prote\u00e7\u00e3o duradoura contra a ferrugem.<\/p>\n","protected":false},"featured_media":11527,"template":"","meta":[],"product_cat":[109,4001,1217,1242],"product_tag":[147,2876,2874,2875],"yoast_head":"<!-- This site is optimized with the Yoast SEO plugin v17.4 - https:\/\/yoast.com\/wordpress\/plugins\/seo\/ -->\n<title>SPRAY PRIM\u00c1RIO CHEMISOL &ndash; Chemitool<\/title>\n<meta name=\"description\" content=\"Spray Prim\u00e1rio CHEMISOL \u00e9 indicado para utilizar como base, garantindo a ades\u00e3o perfeita do spray em superf\u00edcies dif\u00edceis como pl\u00e1sticos e metais. Oferece \u00e0s superf\u00edcies met\u00e1licas uma prote\u00e7\u00e3o duradoura contra a ferrugem.\" \/>\n<meta name=\"robots\" content=\"index, follow, max-snippet:-1, max-image-preview:large, max-video-preview:-1\" \/>\n<link rel=\"canonical\" href=\"https:\/\/chemitool.com\/pt-pt\/products\/chemicals\/sprays-pt\/tintas\/spray-primario-chemisol\/\" \/>\n<meta property=\"og:locale\" content=\"pt_PT\" \/>\n<meta property=\"og:type\" content=\"article\" \/>\n<meta property=\"og:title\" content=\"SPRAY PRIM\u00c1RIO CHEMISOL &ndash; Chemitool\" \/>\n<meta property=\"og:description\" content=\"Spray Prim\u00e1rio CHEMISOL \u00e9 indicado para utilizar como base, garantindo a ades\u00e3o perfeita do spray em superf\u00edcies dif\u00edceis como pl\u00e1sticos e metais. Oferece \u00e0s superf\u00edcies met\u00e1licas uma prote\u00e7\u00e3o duradoura contra a ferrugem.\" \/>\n<meta property=\"og:url\" content=\"https:\/\/chemitool.com\/pt-pt\/products\/chemicals\/sprays-pt\/tintas\/spray-primario-chemisol\/\" \/>\n<meta property=\"og:site_name\" content=\"Chemitool\" \/>\n<meta property=\"article:publisher\" content=\"https:\/\/www.facebook.com\/chemitool\" \/>\n<meta property=\"article:modified_time\" content=\"2021-11-04T11:23:48+00:00\" \/>\n<meta property=\"og:image\" content=\"https:\/\/chemitool.com\/wp-content\/uploads\/2021\/04\/chc0203_800.png\" \/>\n\t<meta property=\"og:image:width\" content=\"800\" \/>\n\t<meta property=\"og:image:height\" content=\"800\" \/>\n<meta name=\"twitter:card\" content=\"summary_large_image\" \/>\n<script type=\"application\/ld+json\" class=\"yoast-schema-graph\">{\"@context\":\"https:\/\/schema.org\",\"@graph\":[{\"@type\":\"Organization\",\"@id\":\"https:\/\/chemitool.com\/#organization\",\"name\":\"Chemitool\",\"url\":\"https:\/\/chemitool.com\/\",\"sameAs\":[\"https:\/\/www.facebook.com\/chemitool\",\"https:\/\/www.instagram.com\/chemitool\/\"],\"logo\":{\"@type\":\"ImageObject\",\"@id\":\"https:\/\/chemitool.com\/#logo\",\"inLanguage\":\"pt-PT\",\"url\":\"https:\/\/chemitool.com\/wp-content\/uploads\/2020\/10\/logo_chemitool.png\",\"contentUrl\":\"https:\/\/chemitool.com\/wp-content\/uploads\/2020\/10\/logo_chemitool.png\",\"width\":400,\"height\":400,\"caption\":\"Chemitool\"},\"image\":{\"@id\":\"https:\/\/chemitool.com\/#logo\"}},{\"@type\":\"WebSite\",\"@id\":\"https:\/\/chemitool.com\/#website\",\"url\":\"https:\/\/chemitool.com\/\",\"name\":\"Chemitool\",\"description\":\"Chemitool - hardware and tools\",\"publisher\":{\"@id\":\"https:\/\/chemitool.com\/#organization\"},\"potentialAction\":[{\"@type\":\"SearchAction\",\"target\":{\"@type\":\"EntryPoint\",\"urlTemplate\":\"https:\/\/chemitool.com\/?s={search_term_string}\"},\"query-input\":\"required name=search_term_string\"}],\"inLanguage\":\"pt-PT\"},{\"@type\":\"ImageObject\",\"@id\":\"https:\/\/chemitool.com\/pt-pt\/products\/chemicals\/sprays-pt\/tintas\/spray-primario-chemisol\/#primaryimage\",\"inLanguage\":\"pt-PT\",\"url\":\"https:\/\/chemitool.com\/wp-content\/uploads\/2021\/04\/chc0203_800.png\",\"contentUrl\":\"https:\/\/chemitool.com\/wp-content\/uploads\/2021\/04\/chc0203_800.png\",\"width\":800,\"height\":800},{\"@type\":\"WebPage\",\"@id\":\"https:\/\/chemitool.com\/pt-pt\/products\/chemicals\/sprays-pt\/tintas\/spray-primario-chemisol\/#webpage\",\"url\":\"https:\/\/chemitool.com\/pt-pt\/products\/chemicals\/sprays-pt\/tintas\/spray-primario-chemisol\/\",\"name\":\"SPRAY PRIM\\u00c1RIO CHEMISOL &ndash; Chemitool\",\"isPartOf\":{\"@id\":\"https:\/\/chemitool.com\/#website\"},\"primaryImageOfPage\":{\"@id\":\"https:\/\/chemitool.com\/pt-pt\/products\/chemicals\/sprays-pt\/tintas\/spray-primario-chemisol\/#primaryimage\"},\"datePublished\":\"2021-04-20T15:11:01+00:00\",\"dateModified\":\"2021-11-04T11:23:48+00:00\",\"description\":\"Spray Prim\\u00e1rio CHEMISOL \\u00e9 indicado para utilizar como base, garantindo a ades\\u00e3o perfeita do spray em superf\\u00edcies dif\\u00edceis como pl\\u00e1sticos e metais. Oferece \\u00e0s superf\\u00edcies met\\u00e1licas uma prote\\u00e7\\u00e3o duradoura contra a ferrugem.\",\"breadcrumb\":{\"@id\":\"https:\/\/chemitool.com\/pt-pt\/products\/chemicals\/sprays-pt\/tintas\/spray-primario-chemisol\/#breadcrumb\"},\"inLanguage\":\"pt-PT\",\"potentialAction\":[{\"@type\":\"ReadAction\",\"target\":[\"https:\/\/chemitool.com\/pt-pt\/products\/chemicals\/sprays-pt\/tintas\/spray-primario-chemisol\/\"]}]},{\"@type\":\"BreadcrumbList\",\"@id\":\"https:\/\/chemitool.com\/pt-pt\/products\/chemicals\/sprays-pt\/tintas\/spray-primario-chemisol\/#breadcrumb\",\"itemListElement\":[{\"@type\":\"ListItem\",\"position\":1,\"name\":\"Home\",\"item\":\"https:\/\/chemitool.com\/pt-pt\/\"},{\"@type\":\"ListItem\",\"position\":2,\"name\":\"Produtos\",\"item\":\"https:\/\/chemitool.com\/pt-pt\/produtos\/\"},{\"@type\":\"ListItem\",\"position\":3,\"name\":\"Chemicals\",\"item\":\"https:\/\/chemitool.com\/pt-pt\/categoria-produto\/chemicals\/\"},{\"@type\":\"ListItem\",\"position\":4,\"name\":\"Sprays\",\"item\":\"https:\/\/chemitool.com\/pt-pt\/categoria-produto\/chemicals\/sprays-pt\/\"},{\"@type\":\"ListItem\",\"position\":5,\"name\":\"Tintas\",\"item\":\"https:\/\/chemitool.com\/pt-pt\/categoria-produto\/chemicals\/sprays-pt\/tintas\/\"},{\"@type\":\"ListItem\",\"position\":6,\"name\":\"SPRAY PRIM\\u00c1RIO CHEMISOL\"}]}]}<\/script>\n<!-- \/ Yoast SEO plugin. -->","yoast_head_json":{"title":"SPRAY PRIM\u00c1RIO CHEMISOL &ndash; Chemitool","description":"Spray Prim\u00e1rio CHEMISOL \u00e9 indicado para utilizar como base, garantindo a ades\u00e3o perfeita do spray em superf\u00edcies dif\u00edceis como pl\u00e1sticos e metais. Oferece \u00e0s superf\u00edcies met\u00e1licas uma prote\u00e7\u00e3o duradoura contra a ferrugem.","robots":{"index":"index","follow":"follow","max-snippet":"max-snippet:-1","max-image-preview":"max-image-preview:large","max-video-preview":"max-video-preview:-1"},"canonical":"https:\/\/chemitool.com\/pt-pt\/products\/chemicals\/sprays-pt\/tintas\/spray-primario-chemisol\/","og_locale":"pt_PT","og_type":"article","og_title":"SPRAY PRIM\u00c1RIO CHEMISOL &ndash; Chemitool","og_description":"Spray Prim\u00e1rio CHEMISOL \u00e9 indicado para utilizar como base, garantindo a ades\u00e3o perfeita do spray em superf\u00edcies dif\u00edceis como pl\u00e1sticos e metais. Oferece \u00e0s superf\u00edcies met\u00e1licas uma prote\u00e7\u00e3o duradoura contra a ferrugem.","og_url":"https:\/\/chemitool.com\/pt-pt\/products\/chemicals\/sprays-pt\/tintas\/spray-primario-chemisol\/","og_site_name":"Chemitool","article_publisher":"https:\/\/www.facebook.com\/chemitool","article_modified_time":"2021-11-04T11:23:48+00:00","og_image":[{"width":800,"height":800,"url":"https:\/\/chemitool.com\/wp-content\/uploads\/2021\/04\/chc0203_800.png","type":"image\/png"}],"twitter_card":"summary_large_image","schema":{"@context":"https:\/\/schema.org","@graph":[{"@type":"Organization","@id":"https:\/\/chemitool.com\/#organization","name":"Chemitool","url":"https:\/\/chemitool.com\/","sameAs":["https:\/\/www.facebook.com\/chemitool","https:\/\/www.instagram.com\/chemitool\/"],"logo":{"@type":"ImageObject","@id":"https:\/\/chemitool.com\/#logo","inLanguage":"pt-PT","url":"https:\/\/chemitool.com\/wp-content\/uploads\/2020\/10\/logo_chemitool.png","contentUrl":"https:\/\/chemitool.com\/wp-content\/uploads\/2020\/10\/logo_chemitool.png","width":400,"height":400,"caption":"Chemitool"},"image":{"@id":"https:\/\/chemitool.com\/#logo"}},{"@type":"WebSite","@id":"https:\/\/chemitool.com\/#website","url":"https:\/\/chemitool.com\/","name":"Chemitool","description":"Chemitool - hardware and tools","publisher":{"@id":"https:\/\/chemitool.com\/#organization"},"potentialAction":[{"@type":"SearchAction","target":{"@type":"EntryPoint","urlTemplate":"https:\/\/chemitool.com\/?s={search_term_string}"},"query-input":"required name=search_term_string"}],"inLanguage":"pt-PT"},{"@type":"ImageObject","@id":"https:\/\/chemitool.com\/pt-pt\/products\/chemicals\/sprays-pt\/tintas\/spray-primario-chemisol\/#primaryimage","inLanguage":"pt-PT","url":"https:\/\/chemitool.com\/wp-content\/uploads\/2021\/04\/chc0203_800.png","contentUrl":"https:\/\/chemitool.com\/wp-content\/uploads\/2021\/04\/chc0203_800.png","width":800,"height":800},{"@type":"WebPage","@id":"https:\/\/chemitool.com\/pt-pt\/products\/chemicals\/sprays-pt\/tintas\/spray-primario-chemisol\/#webpage","url":"https:\/\/chemitool.com\/pt-pt\/products\/chemicals\/sprays-pt\/tintas\/spray-primario-chemisol\/","name":"SPRAY PRIM\u00c1RIO CHEMISOL &ndash; Chemitool","isPartOf":{"@id":"https:\/\/chemitool.com\/#website"},"primaryImageOfPage":{"@id":"https:\/\/chemitool.com\/pt-pt\/products\/chemicals\/sprays-pt\/tintas\/spray-primario-chemisol\/#primaryimage"},"datePublished":"2021-04-20T15:11:01+00:00","dateModified":"2021-11-04T11:23:48+00:00","description":"Spray Prim\u00e1rio CHEMISOL \u00e9 indicado para utilizar como base, garantindo a ades\u00e3o perfeita do spray em superf\u00edcies dif\u00edceis como pl\u00e1sticos e metais. Oferece \u00e0s superf\u00edcies met\u00e1licas uma prote\u00e7\u00e3o duradoura contra a ferrugem.","breadcrumb":{"@id":"https:\/\/chemitool.com\/pt-pt\/products\/chemicals\/sprays-pt\/tintas\/spray-primario-chemisol\/#breadcrumb"},"inLanguage":"pt-PT","potentialAction":[{"@type":"ReadAction","target":["https:\/\/chemitool.com\/pt-pt\/products\/chemicals\/sprays-pt\/tintas\/spray-primario-chemisol\/"]}]},{"@type":"BreadcrumbList","@id":"https:\/\/chemitool.com\/pt-pt\/products\/chemicals\/sprays-pt\/tintas\/spray-primario-chemisol\/#breadcrumb","itemListElement":[{"@type":"ListItem","position":1,"name":"Home","item":"https:\/\/chemitool.com\/pt-pt\/"},{"@type":"ListItem","position":2,"name":"Produtos","item":"https:\/\/chemitool.com\/pt-pt\/produtos\/"},{"@type":"ListItem","position":3,"name":"Chemicals","item":"https:\/\/chemitool.com\/pt-pt\/categoria-produto\/chemicals\/"},{"@type":"ListItem","position":4,"name":"Sprays","item":"https:\/\/chemitool.com\/pt-pt\/categoria-produto\/chemicals\/sprays-pt\/"},{"@type":"ListItem","position":5,"name":"Tintas","item":"https:\/\/chemitool.com\/pt-pt\/categoria-produto\/chemicals\/sprays-pt\/tintas\/"},{"@type":"ListItem","position":6,"name":"SPRAY PRIM\u00c1RIO CHEMISOL"}]}]}},"_links":{"self":[{"href":"https:\/\/chemitool.com\/pt-pt\/wp-json\/wp\/v2\/product\/11515"}],"collection":[{"href":"https:\/\/chemitool.com\/pt-pt\/wp-json\/wp\/v2\/product"}],"about":[{"href":"https:\/\/chemitool.com\/pt-pt\/wp-json\/wp\/v2\/types\/product"}],"wp:featuredmedia":[{"embeddable":true,"href":"https:\/\/chemitool.com\/pt-pt\/wp-json\/wp\/v2\/media\/11527"}],"wp:attachment":[{"href":"https:\/\/chemitool.com\/pt-pt\/wp-json\/wp\/v2\/media?parent=11515"}],"wp:term":[{"taxonomy":"product_cat","embeddable":true,"href":"https:\/\/chemitool.com\/pt-pt\/wp-json\/wp\/v2\/product_cat?post=11515"},{"taxonomy":"product_tag","embeddable":true,"href":"https:\/\/chemitool.com\/pt-pt\/wp-json\/wp\/v2\/product_tag?post=11515"}],"curies":[{"name":"wp","href":"https:\/\/api.w.org\/{rel}","templated":true}]}}