{"id":10627,"date":"2021-03-22T16:57:49","date_gmt":"2021-03-22T16:57:50","guid":{"rendered":"https:\/\/chemitool.com\/?post_type=product&#038;p=10627"},"modified":"2023-01-30T10:14:34","modified_gmt":"2023-01-30T10:14:34","slug":"maquina-corte-plasma-cut160","status":"publish","type":"product","link":"https:\/\/chemitool.com\/pt-pt\/products\/tools\/corte-de-plasma\/corte-plasma\/maquina-corte-plasma-cut160\/","title":{"rendered":"M\u00c1QUINA CORTE PLASMA CUT160"},"content":{"rendered":"<p><strong>VANTAGENS<\/strong><\/p>\n<ul>\n<li>Equipamento de grande efici\u00eancia e alta performance<\/li>\n<li>Portabiliadade<\/li>\n<li>Sistema de ar comprimido integrado (Modelos C)<\/li>\n<\/ul>\n","protected":false},"excerpt":{"rendered":"<p><b class=\"sap-label\">SAP:<\/b> <span class=\"codesap-label\">CHCUT160<\/span><\/p>\n<p><em>M\u00e1quina Corte Plasma CHEMITOOL <\/em>indicada para todos os metais condutores de eletricidade tais como a\u00e7os macios e inoxid\u00e1veis, lat\u00e3o, cobre, alum\u00ednio. Permite o ajuste cont\u00ednuo de corrente, permitindo fazer cortes muito finos, r\u00e1pidos e de grande qualidade.<\/p>\n","protected":false},"featured_media":30166,"template":"","meta":[],"product_cat":[1455,1970,3622],"product_tag":[2917],"yoast_head":"<!-- This site is optimized with the Yoast SEO plugin v17.4 - https:\/\/yoast.com\/wordpress\/plugins\/seo\/ -->\n<title>M\u00c1QUINA CORTE PLASMA CUT160 &ndash; Chemitool<\/title>\n<meta name=\"description\" content=\"SAP: CHCUT160  M\u00e1quina Corte Plasma CHEMITOOL indicada para todos os metais condutores de eletricidade tais como a\u00e7os macios e inoxid\u00e1veis, lat\u00e3o, cobre, alum\u00ednio. Permite o ajuste cont\u00ednuo de corrente, permitindo fazer cortes muito finos, r\u00e1pidos e de grande qualidade.\" \/>\n<meta name=\"robots\" content=\"index, follow, max-snippet:-1, max-image-preview:large, max-video-preview:-1\" \/>\n<link rel=\"canonical\" href=\"https:\/\/chemitool.com\/pt-pt\/products\/tools\/corte-de-plasma\/corte-plasma\/maquina-corte-plasma-cut160\/\" \/>\n<meta property=\"og:locale\" content=\"pt_PT\" \/>\n<meta property=\"og:type\" content=\"article\" \/>\n<meta property=\"og:title\" content=\"M\u00c1QUINA CORTE PLASMA CUT160 &ndash; Chemitool\" \/>\n<meta property=\"og:description\" content=\"SAP: CHCUT160  M\u00e1quina Corte Plasma CHEMITOOL indicada para todos os metais condutores de eletricidade tais como a\u00e7os macios e inoxid\u00e1veis, lat\u00e3o, cobre, alum\u00ednio. Permite o ajuste cont\u00ednuo de corrente, permitindo fazer cortes muito finos, r\u00e1pidos e de grande qualidade.\" \/>\n<meta property=\"og:url\" content=\"https:\/\/chemitool.com\/pt-pt\/products\/tools\/corte-de-plasma\/corte-plasma\/maquina-corte-plasma-cut160\/\" \/>\n<meta property=\"og:site_name\" content=\"Chemitool\" \/>\n<meta property=\"article:publisher\" content=\"https:\/\/www.facebook.com\/chemitool\" \/>\n<meta property=\"article:modified_time\" content=\"2023-01-30T10:14:34+00:00\" \/>\n<meta property=\"og:image\" content=\"https:\/\/chemitool.com\/wp-content\/uploads\/2023\/01\/CUT160-4-2.png\" \/>\n\t<meta property=\"og:image:width\" content=\"800\" \/>\n\t<meta property=\"og:image:height\" content=\"800\" \/>\n<meta name=\"twitter:card\" content=\"summary_large_image\" \/>\n<meta name=\"twitter:label1\" content=\"Tempo estimado de leitura\" \/>\n\t<meta name=\"twitter:data1\" content=\"2 minutos\" \/>\n<script type=\"application\/ld+json\" class=\"yoast-schema-graph\">{\"@context\":\"https:\/\/schema.org\",\"@graph\":[{\"@type\":\"Organization\",\"@id\":\"https:\/\/chemitool.com\/#organization\",\"name\":\"Chemitool\",\"url\":\"https:\/\/chemitool.com\/\",\"sameAs\":[\"https:\/\/www.facebook.com\/chemitool\",\"https:\/\/www.instagram.com\/chemitool\/\"],\"logo\":{\"@type\":\"ImageObject\",\"@id\":\"https:\/\/chemitool.com\/#logo\",\"inLanguage\":\"pt-PT\",\"url\":\"https:\/\/chemitool.com\/wp-content\/uploads\/2020\/10\/logo_chemitool.png\",\"contentUrl\":\"https:\/\/chemitool.com\/wp-content\/uploads\/2020\/10\/logo_chemitool.png\",\"width\":400,\"height\":400,\"caption\":\"Chemitool\"},\"image\":{\"@id\":\"https:\/\/chemitool.com\/#logo\"}},{\"@type\":\"WebSite\",\"@id\":\"https:\/\/chemitool.com\/#website\",\"url\":\"https:\/\/chemitool.com\/\",\"name\":\"Chemitool\",\"description\":\"Chemitool - hardware and tools\",\"publisher\":{\"@id\":\"https:\/\/chemitool.com\/#organization\"},\"potentialAction\":[{\"@type\":\"SearchAction\",\"target\":{\"@type\":\"EntryPoint\",\"urlTemplate\":\"https:\/\/chemitool.com\/?s={search_term_string}\"},\"query-input\":\"required name=search_term_string\"}],\"inLanguage\":\"pt-PT\"},{\"@type\":\"ImageObject\",\"@id\":\"https:\/\/chemitool.com\/pt-pt\/products\/tools\/corte-de-plasma\/corte-plasma\/maquina-corte-plasma-cut160\/#primaryimage\",\"inLanguage\":\"pt-PT\",\"url\":\"https:\/\/chemitool.com\/wp-content\/uploads\/2023\/01\/CUT160-4-2.png\",\"contentUrl\":\"https:\/\/chemitool.com\/wp-content\/uploads\/2023\/01\/CUT160-4-2.png\",\"width\":800,\"height\":800},{\"@type\":\"WebPage\",\"@id\":\"https:\/\/chemitool.com\/pt-pt\/products\/tools\/corte-de-plasma\/corte-plasma\/maquina-corte-plasma-cut160\/#webpage\",\"url\":\"https:\/\/chemitool.com\/pt-pt\/products\/tools\/corte-de-plasma\/corte-plasma\/maquina-corte-plasma-cut160\/\",\"name\":\"M\\u00c1QUINA CORTE PLASMA CUT160 &ndash; Chemitool\",\"isPartOf\":{\"@id\":\"https:\/\/chemitool.com\/#website\"},\"primaryImageOfPage\":{\"@id\":\"https:\/\/chemitool.com\/pt-pt\/products\/tools\/corte-de-plasma\/corte-plasma\/maquina-corte-plasma-cut160\/#primaryimage\"},\"datePublished\":\"2021-03-22T16:57:50+00:00\",\"dateModified\":\"2023-01-30T10:14:34+00:00\",\"description\":\"SAP: CHCUT160 M\\u00e1quina Corte Plasma CHEMITOOL indicada para todos os metais condutores de eletricidade tais como a\\u00e7os macios e inoxid\\u00e1veis, lat\\u00e3o, cobre, alum\\u00ednio. Permite o ajuste cont\\u00ednuo de corrente, permitindo fazer cortes muito finos, r\\u00e1pidos e de grande qualidade.\",\"breadcrumb\":{\"@id\":\"https:\/\/chemitool.com\/pt-pt\/products\/tools\/corte-de-plasma\/corte-plasma\/maquina-corte-plasma-cut160\/#breadcrumb\"},\"inLanguage\":\"pt-PT\",\"potentialAction\":[{\"@type\":\"ReadAction\",\"target\":[\"https:\/\/chemitool.com\/pt-pt\/products\/tools\/corte-de-plasma\/corte-plasma\/maquina-corte-plasma-cut160\/\"]}]},{\"@type\":\"BreadcrumbList\",\"@id\":\"https:\/\/chemitool.com\/pt-pt\/products\/tools\/corte-de-plasma\/corte-plasma\/maquina-corte-plasma-cut160\/#breadcrumb\",\"itemListElement\":[{\"@type\":\"ListItem\",\"position\":1,\"name\":\"Home\",\"item\":\"https:\/\/chemitool.com\/pt-pt\/\"},{\"@type\":\"ListItem\",\"position\":2,\"name\":\"Produtos\",\"item\":\"https:\/\/chemitool.com\/pt-pt\/produtos\/\"},{\"@type\":\"ListItem\",\"position\":3,\"name\":\"Tools\",\"item\":\"https:\/\/chemitool.com\/pt-pt\/categoria-produto\/tools\/\"},{\"@type\":\"ListItem\",\"position\":4,\"name\":\"CORTE DE PLASMA\",\"item\":\"https:\/\/chemitool.com\/pt-pt\/categoria-produto\/tools\/corte-de-plasma\/\"},{\"@type\":\"ListItem\",\"position\":5,\"name\":\"Corte plasma\",\"item\":\"https:\/\/chemitool.com\/pt-pt\/categoria-produto\/tools\/corte-de-plasma\/corte-plasma\/\"},{\"@type\":\"ListItem\",\"position\":6,\"name\":\"M\\u00c1QUINA CORTE PLASMA CUT160\"}]}]}<\/script>\n<!-- \/ Yoast SEO plugin. -->","yoast_head_json":{"title":"M\u00c1QUINA CORTE PLASMA CUT160 &ndash; Chemitool","description":"SAP: CHCUT160  M\u00e1quina Corte Plasma CHEMITOOL indicada para todos os metais condutores de eletricidade tais como a\u00e7os macios e inoxid\u00e1veis, lat\u00e3o, cobre, alum\u00ednio. Permite o ajuste cont\u00ednuo de corrente, permitindo fazer cortes muito finos, r\u00e1pidos e de grande qualidade.","robots":{"index":"index","follow":"follow","max-snippet":"max-snippet:-1","max-image-preview":"max-image-preview:large","max-video-preview":"max-video-preview:-1"},"canonical":"https:\/\/chemitool.com\/pt-pt\/products\/tools\/corte-de-plasma\/corte-plasma\/maquina-corte-plasma-cut160\/","og_locale":"pt_PT","og_type":"article","og_title":"M\u00c1QUINA CORTE PLASMA CUT160 &ndash; Chemitool","og_description":"SAP: CHCUT160  M\u00e1quina Corte Plasma CHEMITOOL indicada para todos os metais condutores de eletricidade tais como a\u00e7os macios e inoxid\u00e1veis, lat\u00e3o, cobre, alum\u00ednio. Permite o ajuste cont\u00ednuo de corrente, permitindo fazer cortes muito finos, r\u00e1pidos e de grande qualidade.","og_url":"https:\/\/chemitool.com\/pt-pt\/products\/tools\/corte-de-plasma\/corte-plasma\/maquina-corte-plasma-cut160\/","og_site_name":"Chemitool","article_publisher":"https:\/\/www.facebook.com\/chemitool","article_modified_time":"2023-01-30T10:14:34+00:00","og_image":[{"width":800,"height":800,"url":"https:\/\/chemitool.com\/wp-content\/uploads\/2023\/01\/CUT160-4-2.png","type":"image\/png"}],"twitter_card":"summary_large_image","twitter_misc":{"Tempo estimado de leitura":"2 minutos"},"schema":{"@context":"https:\/\/schema.org","@graph":[{"@type":"Organization","@id":"https:\/\/chemitool.com\/#organization","name":"Chemitool","url":"https:\/\/chemitool.com\/","sameAs":["https:\/\/www.facebook.com\/chemitool","https:\/\/www.instagram.com\/chemitool\/"],"logo":{"@type":"ImageObject","@id":"https:\/\/chemitool.com\/#logo","inLanguage":"pt-PT","url":"https:\/\/chemitool.com\/wp-content\/uploads\/2020\/10\/logo_chemitool.png","contentUrl":"https:\/\/chemitool.com\/wp-content\/uploads\/2020\/10\/logo_chemitool.png","width":400,"height":400,"caption":"Chemitool"},"image":{"@id":"https:\/\/chemitool.com\/#logo"}},{"@type":"WebSite","@id":"https:\/\/chemitool.com\/#website","url":"https:\/\/chemitool.com\/","name":"Chemitool","description":"Chemitool - hardware and tools","publisher":{"@id":"https:\/\/chemitool.com\/#organization"},"potentialAction":[{"@type":"SearchAction","target":{"@type":"EntryPoint","urlTemplate":"https:\/\/chemitool.com\/?s={search_term_string}"},"query-input":"required name=search_term_string"}],"inLanguage":"pt-PT"},{"@type":"ImageObject","@id":"https:\/\/chemitool.com\/pt-pt\/products\/tools\/corte-de-plasma\/corte-plasma\/maquina-corte-plasma-cut160\/#primaryimage","inLanguage":"pt-PT","url":"https:\/\/chemitool.com\/wp-content\/uploads\/2023\/01\/CUT160-4-2.png","contentUrl":"https:\/\/chemitool.com\/wp-content\/uploads\/2023\/01\/CUT160-4-2.png","width":800,"height":800},{"@type":"WebPage","@id":"https:\/\/chemitool.com\/pt-pt\/products\/tools\/corte-de-plasma\/corte-plasma\/maquina-corte-plasma-cut160\/#webpage","url":"https:\/\/chemitool.com\/pt-pt\/products\/tools\/corte-de-plasma\/corte-plasma\/maquina-corte-plasma-cut160\/","name":"M\u00c1QUINA CORTE PLASMA CUT160 &ndash; Chemitool","isPartOf":{"@id":"https:\/\/chemitool.com\/#website"},"primaryImageOfPage":{"@id":"https:\/\/chemitool.com\/pt-pt\/products\/tools\/corte-de-plasma\/corte-plasma\/maquina-corte-plasma-cut160\/#primaryimage"},"datePublished":"2021-03-22T16:57:50+00:00","dateModified":"2023-01-30T10:14:34+00:00","description":"SAP: CHCUT160 M\u00e1quina Corte Plasma CHEMITOOL indicada para todos os metais condutores de eletricidade tais como a\u00e7os macios e inoxid\u00e1veis, lat\u00e3o, cobre, alum\u00ednio. Permite o ajuste cont\u00ednuo de corrente, permitindo fazer cortes muito finos, r\u00e1pidos e de grande qualidade.","breadcrumb":{"@id":"https:\/\/chemitool.com\/pt-pt\/products\/tools\/corte-de-plasma\/corte-plasma\/maquina-corte-plasma-cut160\/#breadcrumb"},"inLanguage":"pt-PT","potentialAction":[{"@type":"ReadAction","target":["https:\/\/chemitool.com\/pt-pt\/products\/tools\/corte-de-plasma\/corte-plasma\/maquina-corte-plasma-cut160\/"]}]},{"@type":"BreadcrumbList","@id":"https:\/\/chemitool.com\/pt-pt\/products\/tools\/corte-de-plasma\/corte-plasma\/maquina-corte-plasma-cut160\/#breadcrumb","itemListElement":[{"@type":"ListItem","position":1,"name":"Home","item":"https:\/\/chemitool.com\/pt-pt\/"},{"@type":"ListItem","position":2,"name":"Produtos","item":"https:\/\/chemitool.com\/pt-pt\/produtos\/"},{"@type":"ListItem","position":3,"name":"Tools","item":"https:\/\/chemitool.com\/pt-pt\/categoria-produto\/tools\/"},{"@type":"ListItem","position":4,"name":"CORTE DE PLASMA","item":"https:\/\/chemitool.com\/pt-pt\/categoria-produto\/tools\/corte-de-plasma\/"},{"@type":"ListItem","position":5,"name":"Corte plasma","item":"https:\/\/chemitool.com\/pt-pt\/categoria-produto\/tools\/corte-de-plasma\/corte-plasma\/"},{"@type":"ListItem","position":6,"name":"M\u00c1QUINA CORTE PLASMA CUT160"}]}]}},"_links":{"self":[{"href":"https:\/\/chemitool.com\/pt-pt\/wp-json\/wp\/v2\/product\/10627"}],"collection":[{"href":"https:\/\/chemitool.com\/pt-pt\/wp-json\/wp\/v2\/product"}],"about":[{"href":"https:\/\/chemitool.com\/pt-pt\/wp-json\/wp\/v2\/types\/product"}],"wp:featuredmedia":[{"embeddable":true,"href":"https:\/\/chemitool.com\/pt-pt\/wp-json\/wp\/v2\/media\/30166"}],"wp:attachment":[{"href":"https:\/\/chemitool.com\/pt-pt\/wp-json\/wp\/v2\/media?parent=10627"}],"wp:term":[{"taxonomy":"product_cat","embeddable":true,"href":"https:\/\/chemitool.com\/pt-pt\/wp-json\/wp\/v2\/product_cat?post=10627"},{"taxonomy":"product_tag","embeddable":true,"href":"https:\/\/chemitool.com\/pt-pt\/wp-json\/wp\/v2\/product_tag?post=10627"}],"curies":[{"name":"wp","href":"https:\/\/api.w.org\/{rel}","templated":true}]}}