{"id":10084,"date":"2021-02-12T10:01:14","date_gmt":"2021-02-12T10:01:14","guid":{"rendered":"https:\/\/chemitool.com\/products\/sem categoria\/alicate-porta-eletrodos\/"},"modified":"2021-02-12T10:01:14","modified_gmt":"2021-02-12T10:01:14","slug":"alicate-porta-eletrodos","status":"publish","type":"product","link":"https:\/\/chemitool.com\/pt-pt\/products\/welding\/acessorios\/alicate-porta-eletrodos\/","title":{"rendered":"ALICATE PORTA EL\u00c9TRODOS"},"content":{"rendered":"<ul>\n<li>Fun\u00e7\u00e3o principal de suportar o el\u00e9trodo<\/li>\n<li>Bom contacto el\u00e9trico para a passagem da corrente<\/li>\n<li>Isolamento el\u00e9trico para prote\u00e7\u00e3o do soldador<\/li>\n<\/ul>\n","protected":false},"excerpt":{"rendered":"<p>Alicate Porta El\u00e9trodos <em>CHEMITOOL<\/em> \u00e9 um acess\u00f3rio adequado para o trabalho em soldadura.<\/p>\n","protected":false},"featured_media":10086,"template":"","meta":[],"product_cat":[1461,1705],"product_tag":[],"yoast_head":"<!-- This site is optimized with the Yoast SEO plugin v17.4 - https:\/\/yoast.com\/wordpress\/plugins\/seo\/ -->\n<title>ALICATE PORTA EL\u00c9TRODOS &ndash; Chemitool<\/title>\n<meta name=\"description\" content=\"Alicate Porta El\u00e9trodos CHEMITOOL \u00e9 um acess\u00f3rio adequado para o trabalho em soldadura.\" \/>\n<meta name=\"robots\" content=\"index, follow, max-snippet:-1, max-image-preview:large, max-video-preview:-1\" \/>\n<link rel=\"canonical\" href=\"https:\/\/chemitool.com\/pt-pt\/products\/welding\/acessorios\/alicate-porta-eletrodos\/\" \/>\n<meta property=\"og:locale\" content=\"pt_PT\" \/>\n<meta property=\"og:type\" content=\"article\" \/>\n<meta property=\"og:title\" content=\"ALICATE PORTA EL\u00c9TRODOS &ndash; Chemitool\" \/>\n<meta property=\"og:description\" content=\"Alicate Porta El\u00e9trodos CHEMITOOL \u00e9 um acess\u00f3rio adequado para o trabalho em soldadura.\" \/>\n<meta property=\"og:url\" content=\"https:\/\/chemitool.com\/pt-pt\/products\/welding\/acessorios\/alicate-porta-eletrodos\/\" \/>\n<meta property=\"og:site_name\" content=\"Chemitool\" \/>\n<meta property=\"article:publisher\" content=\"https:\/\/www.facebook.com\/chemitool\" \/>\n<meta property=\"og:image\" content=\"https:\/\/chemitool.com\/wp-content\/uploads\/2020\/02\/chemitool-background.png\" \/>\n\t<meta property=\"og:image:width\" content=\"1920\" \/>\n\t<meta property=\"og:image:height\" content=\"850\" \/>\n<meta name=\"twitter:card\" content=\"summary_large_image\" \/>\n<script type=\"application\/ld+json\" class=\"yoast-schema-graph\">{\"@context\":\"https:\/\/schema.org\",\"@graph\":[{\"@type\":\"Organization\",\"@id\":\"https:\/\/chemitool.com\/#organization\",\"name\":\"Chemitool\",\"url\":\"https:\/\/chemitool.com\/\",\"sameAs\":[\"https:\/\/www.facebook.com\/chemitool\",\"https:\/\/www.instagram.com\/chemitool\/\"],\"logo\":{\"@type\":\"ImageObject\",\"@id\":\"https:\/\/chemitool.com\/#logo\",\"inLanguage\":\"pt-PT\",\"url\":\"https:\/\/chemitool.com\/wp-content\/uploads\/2020\/10\/logo_chemitool.png\",\"contentUrl\":\"https:\/\/chemitool.com\/wp-content\/uploads\/2020\/10\/logo_chemitool.png\",\"width\":400,\"height\":400,\"caption\":\"Chemitool\"},\"image\":{\"@id\":\"https:\/\/chemitool.com\/#logo\"}},{\"@type\":\"WebSite\",\"@id\":\"https:\/\/chemitool.com\/#website\",\"url\":\"https:\/\/chemitool.com\/\",\"name\":\"Chemitool\",\"description\":\"Chemitool - hardware and tools\",\"publisher\":{\"@id\":\"https:\/\/chemitool.com\/#organization\"},\"potentialAction\":[{\"@type\":\"SearchAction\",\"target\":{\"@type\":\"EntryPoint\",\"urlTemplate\":\"https:\/\/chemitool.com\/?s={search_term_string}\"},\"query-input\":\"required name=search_term_string\"}],\"inLanguage\":\"pt-PT\"},{\"@type\":\"ImageObject\",\"@id\":\"https:\/\/chemitool.com\/pt-pt\/products\/welding\/acessorios\/alicate-porta-eletrodos\/#primaryimage\",\"inLanguage\":\"pt-PT\",\"url\":\"https:\/\/chemitool.com\/wp-content\/uploads\/2021\/02\/ALICATES_PORTA_ELETRODOS_2.png\",\"contentUrl\":\"https:\/\/chemitool.com\/wp-content\/uploads\/2021\/02\/ALICATES_PORTA_ELETRODOS_2.png\",\"width\":800,\"height\":800},{\"@type\":\"WebPage\",\"@id\":\"https:\/\/chemitool.com\/pt-pt\/products\/welding\/acessorios\/alicate-porta-eletrodos\/#webpage\",\"url\":\"https:\/\/chemitool.com\/pt-pt\/products\/welding\/acessorios\/alicate-porta-eletrodos\/\",\"name\":\"ALICATE PORTA EL\\u00c9TRODOS &ndash; Chemitool\",\"isPartOf\":{\"@id\":\"https:\/\/chemitool.com\/#website\"},\"primaryImageOfPage\":{\"@id\":\"https:\/\/chemitool.com\/pt-pt\/products\/welding\/acessorios\/alicate-porta-eletrodos\/#primaryimage\"},\"datePublished\":\"2021-02-12T10:01:14+00:00\",\"dateModified\":\"2021-02-12T10:01:14+00:00\",\"description\":\"Alicate Porta El\\u00e9trodos CHEMITOOL \\u00e9 um acess\\u00f3rio adequado para o trabalho em soldadura.\",\"breadcrumb\":{\"@id\":\"https:\/\/chemitool.com\/pt-pt\/products\/welding\/acessorios\/alicate-porta-eletrodos\/#breadcrumb\"},\"inLanguage\":\"pt-PT\",\"potentialAction\":[{\"@type\":\"ReadAction\",\"target\":[\"https:\/\/chemitool.com\/pt-pt\/products\/welding\/acessorios\/alicate-porta-eletrodos\/\"]}]},{\"@type\":\"BreadcrumbList\",\"@id\":\"https:\/\/chemitool.com\/pt-pt\/products\/welding\/acessorios\/alicate-porta-eletrodos\/#breadcrumb\",\"itemListElement\":[{\"@type\":\"ListItem\",\"position\":1,\"name\":\"Home\",\"item\":\"https:\/\/chemitool.com\/pt-pt\/\"},{\"@type\":\"ListItem\",\"position\":2,\"name\":\"Produtos\",\"item\":\"https:\/\/chemitool.com\/pt-pt\/produtos\/\"},{\"@type\":\"ListItem\",\"position\":3,\"name\":\"Welding\",\"item\":\"https:\/\/chemitool.com\/pt-pt\/categoria-produto\/welding\/\"},{\"@type\":\"ListItem\",\"position\":4,\"name\":\"Acess\\u00f3rios\",\"item\":\"https:\/\/chemitool.com\/pt-pt\/categoria-produto\/welding\/acessorios\/\"},{\"@type\":\"ListItem\",\"position\":5,\"name\":\"ALICATE PORTA EL\\u00c9TRODOS\"}]}]}<\/script>\n<!-- \/ Yoast SEO plugin. -->","yoast_head_json":{"title":"ALICATE PORTA EL\u00c9TRODOS &ndash; Chemitool","description":"Alicate Porta El\u00e9trodos CHEMITOOL \u00e9 um acess\u00f3rio adequado para o trabalho em soldadura.","robots":{"index":"index","follow":"follow","max-snippet":"max-snippet:-1","max-image-preview":"max-image-preview:large","max-video-preview":"max-video-preview:-1"},"canonical":"https:\/\/chemitool.com\/pt-pt\/products\/welding\/acessorios\/alicate-porta-eletrodos\/","og_locale":"pt_PT","og_type":"article","og_title":"ALICATE PORTA EL\u00c9TRODOS &ndash; Chemitool","og_description":"Alicate Porta El\u00e9trodos CHEMITOOL \u00e9 um acess\u00f3rio adequado para o trabalho em soldadura.","og_url":"https:\/\/chemitool.com\/pt-pt\/products\/welding\/acessorios\/alicate-porta-eletrodos\/","og_site_name":"Chemitool","article_publisher":"https:\/\/www.facebook.com\/chemitool","og_image":[{"width":1920,"height":850,"url":"https:\/\/chemitool.com\/wp-content\/uploads\/2020\/02\/chemitool-background.png","type":"image\/png"}],"twitter_card":"summary_large_image","schema":{"@context":"https:\/\/schema.org","@graph":[{"@type":"Organization","@id":"https:\/\/chemitool.com\/#organization","name":"Chemitool","url":"https:\/\/chemitool.com\/","sameAs":["https:\/\/www.facebook.com\/chemitool","https:\/\/www.instagram.com\/chemitool\/"],"logo":{"@type":"ImageObject","@id":"https:\/\/chemitool.com\/#logo","inLanguage":"pt-PT","url":"https:\/\/chemitool.com\/wp-content\/uploads\/2020\/10\/logo_chemitool.png","contentUrl":"https:\/\/chemitool.com\/wp-content\/uploads\/2020\/10\/logo_chemitool.png","width":400,"height":400,"caption":"Chemitool"},"image":{"@id":"https:\/\/chemitool.com\/#logo"}},{"@type":"WebSite","@id":"https:\/\/chemitool.com\/#website","url":"https:\/\/chemitool.com\/","name":"Chemitool","description":"Chemitool - hardware and tools","publisher":{"@id":"https:\/\/chemitool.com\/#organization"},"potentialAction":[{"@type":"SearchAction","target":{"@type":"EntryPoint","urlTemplate":"https:\/\/chemitool.com\/?s={search_term_string}"},"query-input":"required name=search_term_string"}],"inLanguage":"pt-PT"},{"@type":"ImageObject","@id":"https:\/\/chemitool.com\/pt-pt\/products\/welding\/acessorios\/alicate-porta-eletrodos\/#primaryimage","inLanguage":"pt-PT","url":"https:\/\/chemitool.com\/wp-content\/uploads\/2021\/02\/ALICATES_PORTA_ELETRODOS_2.png","contentUrl":"https:\/\/chemitool.com\/wp-content\/uploads\/2021\/02\/ALICATES_PORTA_ELETRODOS_2.png","width":800,"height":800},{"@type":"WebPage","@id":"https:\/\/chemitool.com\/pt-pt\/products\/welding\/acessorios\/alicate-porta-eletrodos\/#webpage","url":"https:\/\/chemitool.com\/pt-pt\/products\/welding\/acessorios\/alicate-porta-eletrodos\/","name":"ALICATE PORTA EL\u00c9TRODOS &ndash; Chemitool","isPartOf":{"@id":"https:\/\/chemitool.com\/#website"},"primaryImageOfPage":{"@id":"https:\/\/chemitool.com\/pt-pt\/products\/welding\/acessorios\/alicate-porta-eletrodos\/#primaryimage"},"datePublished":"2021-02-12T10:01:14+00:00","dateModified":"2021-02-12T10:01:14+00:00","description":"Alicate Porta El\u00e9trodos CHEMITOOL \u00e9 um acess\u00f3rio adequado para o trabalho em soldadura.","breadcrumb":{"@id":"https:\/\/chemitool.com\/pt-pt\/products\/welding\/acessorios\/alicate-porta-eletrodos\/#breadcrumb"},"inLanguage":"pt-PT","potentialAction":[{"@type":"ReadAction","target":["https:\/\/chemitool.com\/pt-pt\/products\/welding\/acessorios\/alicate-porta-eletrodos\/"]}]},{"@type":"BreadcrumbList","@id":"https:\/\/chemitool.com\/pt-pt\/products\/welding\/acessorios\/alicate-porta-eletrodos\/#breadcrumb","itemListElement":[{"@type":"ListItem","position":1,"name":"Home","item":"https:\/\/chemitool.com\/pt-pt\/"},{"@type":"ListItem","position":2,"name":"Produtos","item":"https:\/\/chemitool.com\/pt-pt\/produtos\/"},{"@type":"ListItem","position":3,"name":"Welding","item":"https:\/\/chemitool.com\/pt-pt\/categoria-produto\/welding\/"},{"@type":"ListItem","position":4,"name":"Acess\u00f3rios","item":"https:\/\/chemitool.com\/pt-pt\/categoria-produto\/welding\/acessorios\/"},{"@type":"ListItem","position":5,"name":"ALICATE PORTA EL\u00c9TRODOS"}]}]}},"_links":{"self":[{"href":"https:\/\/chemitool.com\/pt-pt\/wp-json\/wp\/v2\/product\/10084"}],"collection":[{"href":"https:\/\/chemitool.com\/pt-pt\/wp-json\/wp\/v2\/product"}],"about":[{"href":"https:\/\/chemitool.com\/pt-pt\/wp-json\/wp\/v2\/types\/product"}],"wp:featuredmedia":[{"embeddable":true,"href":"https:\/\/chemitool.com\/pt-pt\/wp-json\/wp\/v2\/media\/10086"}],"wp:attachment":[{"href":"https:\/\/chemitool.com\/pt-pt\/wp-json\/wp\/v2\/media?parent=10084"}],"wp:term":[{"taxonomy":"product_cat","embeddable":true,"href":"https:\/\/chemitool.com\/pt-pt\/wp-json\/wp\/v2\/product_cat?post=10084"},{"taxonomy":"product_tag","embeddable":true,"href":"https:\/\/chemitool.com\/pt-pt\/wp-json\/wp\/v2\/product_tag?post=10084"}],"curies":[{"name":"wp","href":"https:\/\/api.w.org\/{rel}","templated":true}]}}