{"id":22733,"date":"2022-05-26T10:16:13","date_gmt":"2022-05-26T10:16:13","guid":{"rendered":"https:\/\/chemitool.com\/?page_id=22733"},"modified":"2023-06-14T15:27:43","modified_gmt":"2023-06-14T15:27:43","slug":"logistics","status":"publish","type":"page","link":"https:\/\/chemitool.com\/pt-pt\/categorias\/logistics\/","title":{"rendered":"Logistics"},"content":{"rendered":"<p>[vc_row disable_background_image=&#8221;&#8221; disable_animated_text=&#8221;&#8221; css=&#8221;.vc_custom_1629730699184{padding-top: 0px !important;padding-bottom: 0px !important;}&#8221;][vc_column css=&#8221;.vc_custom_1569240237669{padding-top: 0px !important;padding-bottom: 5px !important;}&#8221;]<div class=\"mkdf-elements-holder   mkdf-three-columns  mkdf-responsive-mode-768 \" ><div class=\"mkdf-eh-item    \"  data-item-class=\"mkdf-eh-custom-1320\">\n\t<div class=\"mkdf-eh-item-inner\">\n\t\t<div class=\"mkdf-eh-item-content mkdf-eh-custom-1320\" >\n\t\t\t<div class=\"mkdf-banner-holder   mkdf-visible-on-default mkdf-banner-info-default\"  style=\"background-color:#ffffff\" >\n\t\t\t\t<div class=\"mkdf-banner-foreground-image\">\n\t\t\t<img width=\"800\" height=\"800\" src=\"https:\/\/chemitool.com\/wp-content\/uploads\/2023\/06\/CHL010601250002.png\" class=\"attachment-full size-full\" alt=\"\" srcset=\"https:\/\/chemitool.com\/wp-content\/uploads\/2023\/06\/CHL010601250002.png 800w, https:\/\/chemitool.com\/wp-content\/uploads\/2023\/06\/CHL010601250002-300x300.png 300w, https:\/\/chemitool.com\/wp-content\/uploads\/2023\/06\/CHL010601250002-150x150.png 150w, https:\/\/chemitool.com\/wp-content\/uploads\/2023\/06\/CHL010601250002-768x768.png 768w, https:\/\/chemitool.com\/wp-content\/uploads\/2023\/06\/CHL010601250002-650x650.png 650w, https:\/\/chemitool.com\/wp-content\/uploads\/2023\/06\/CHL010601250002-600x600.png 600w, https:\/\/chemitool.com\/wp-content\/uploads\/2023\/06\/CHL010601250002-100x100.png 100w\" sizes=\"(max-width: 800px) 100vw, 800px\" \/>\t\t<\/div>\n\t    <div class=\"mkdf-banner-text-holder\" >\n\t    <div class=\"mkdf-banner-text-outer\">\n\t\t    <div class=\"mkdf-banner-text-inner\">\n\t\t        \t\t            <span class=\"mkdf-banner-subtitle\">\n\t\t\t            Logistics\t\t            <\/span>\n\t\t        \t\t        \t\t            <h4 class=\"mkdf-banner-title\" >\n\t\t                Carros de Armaz\u00e9m\t                <\/h4>\n\t\t        \t\t\t    \t\t\t\t    <span class=\"mkdf-banner-custom-mark\" style=\"color: #f5f5f5\">\n\t\t\t\t\t\t<span class=\"mkdf-split-character\">R<\/span> <span class=\"mkdf-split-character\">3<\/span>\t\t\t\t\t<\/span>\n\t\t\t    \t\t\t\t<a itemprop=\"url\" href=\"\/pt-pt\/categoria-produto\/logistics\/carros-de-armazem\/\" target=\"_self\"  class=\"mkdf-btn mkdf-btn-medium mkdf-btn-simple-predefined\"  >            <span class=\"mkdf-btn-predefined-line-holder\">            <span class=\"mkdf-btn-line-hidden\"><\/span>            <span class=\"mkdf-btn-text\">+ info<\/span>\t        <span class=\"mkdf-btn-line\"><\/span>            <i class=\"mkdf-btn-predefined-icon mkdf-icon-ion-icon ion-ios-play \"><\/i>        <\/span>    <\/a>\t\t\t<\/div>\n\t\t<\/div>\n\t<\/div>\n\t        <a itemprop=\"url\" class=\"mkdf-banner-link\" href=\"\/pt-pt\/categoria-produto\/logistics\/carros-de-armazem\/\" target=\"_self\"><\/a>\n    <\/div>\t\t<\/div>\n\t<\/div>\n<\/div><div class=\"mkdf-eh-item    \"  data-item-class=\"mkdf-eh-custom-3586\">\n\t<div class=\"mkdf-eh-item-inner\">\n\t\t<div class=\"mkdf-eh-item-content mkdf-eh-custom-3586\" >\n\t\t\t<div class=\"mkdf-banner-holder   mkdf-visible-on-default mkdf-banner-info-default\"  style=\"background-color:#f5f5f5\" >\n\t\t\t\t<div class=\"mkdf-banner-foreground-image\">\n\t\t\t<img width=\"800\" height=\"800\" src=\"https:\/\/chemitool.com\/wp-content\/uploads\/2023\/06\/LOGISTICS.png\" class=\"attachment-full size-full\" alt=\"\" srcset=\"https:\/\/chemitool.com\/wp-content\/uploads\/2023\/06\/LOGISTICS.png 800w, https:\/\/chemitool.com\/wp-content\/uploads\/2023\/06\/LOGISTICS-300x300.png 300w, https:\/\/chemitool.com\/wp-content\/uploads\/2023\/06\/LOGISTICS-150x150.png 150w, https:\/\/chemitool.com\/wp-content\/uploads\/2023\/06\/LOGISTICS-768x768.png 768w, https:\/\/chemitool.com\/wp-content\/uploads\/2023\/06\/LOGISTICS-650x650.png 650w, https:\/\/chemitool.com\/wp-content\/uploads\/2023\/06\/LOGISTICS-600x600.png 600w, https:\/\/chemitool.com\/wp-content\/uploads\/2023\/06\/LOGISTICS-100x100.png 100w\" sizes=\"(max-width: 800px) 100vw, 800px\" \/>\t\t<\/div>\n\t    <div class=\"mkdf-banner-text-holder\" >\n\t    <div class=\"mkdf-banner-text-outer\">\n\t\t    <div class=\"mkdf-banner-text-inner\">\n\t\t        \t\t            <span class=\"mkdf-banner-subtitle\">\n\t\t\t            Logistics\t\t            <\/span>\n\t\t        \t\t        \t\t            <h4 class=\"mkdf-banner-title\" >\n\t\t                Porta-Paletes\t                <\/h4>\n\t\t        \t\t\t    \t\t\t\t    <span class=\"mkdf-banner-custom-mark\" style=\"color: #f5f5f5\">\n\t\t\t\t\t\t<span class=\"mkdf-split-character\">R<\/span> <span class=\"mkdf-split-character\">3<\/span>\t\t\t\t\t<\/span>\n\t\t\t    \t\t\t\t<a itemprop=\"url\" href=\"\/pt-pt\/categoria-produto\/logistics\/porta-paletes\/\" target=\"_self\"  class=\"mkdf-btn mkdf-btn-medium mkdf-btn-simple-predefined\"  >            <span class=\"mkdf-btn-predefined-line-holder\">            <span class=\"mkdf-btn-line-hidden\"><\/span>            <span class=\"mkdf-btn-text\">+ info<\/span>\t        <span class=\"mkdf-btn-line\"><\/span>            <i class=\"mkdf-btn-predefined-icon mkdf-icon-ion-icon ion-ios-play \"><\/i>        <\/span>    <\/a>\t\t\t<\/div>\n\t\t<\/div>\n\t<\/div>\n\t        <a itemprop=\"url\" class=\"mkdf-banner-link\" href=\"\/pt-pt\/categoria-produto\/logistics\/porta-paletes\/\" target=\"_self\"><\/a>\n    <\/div>\t\t<\/div>\n\t<\/div>\n<\/div><div class=\"mkdf-eh-item    \"  data-item-class=\"mkdf-eh-custom-4415\">\n\t<div class=\"mkdf-eh-item-inner\">\n\t\t<div class=\"mkdf-eh-item-content mkdf-eh-custom-4415\" >\n\t\t\t\t\t<\/div>\n\t<\/div>\n<\/div><div class=\"mkdf-eh-item    \"  data-item-class=\"mkdf-eh-custom-8885\">\n\t<div class=\"mkdf-eh-item-inner\">\n\t\t<div class=\"mkdf-eh-item-content mkdf-eh-custom-8885\" >\n\t\t\t\t\t<\/div>\n\t<\/div>\n<\/div><div class=\"mkdf-eh-item    \"  data-item-class=\"mkdf-eh-custom-2185\">\n\t<div class=\"mkdf-eh-item-inner\">\n\t\t<div class=\"mkdf-eh-item-content mkdf-eh-custom-2185\" >\n\t\t\t\t\t<\/div>\n\t<\/div>\n<\/div><\/div>[\/vc_column][\/vc_row][vc_row row_content_width=&#8221;grid&#8221; disable_background_image=&#8221;1024&#8243; vertical_lines=&#8221;yes&#8221; animated_text_position=&#8221;right&#8221; disable_animated_text=&#8221;&#8221; animated_text=&#8221;Logistcs&#8221; animated_text_color=&#8221;#f5f5f5&#8243; css=&#8221;.vc_custom_1589812323305{padding-top: 130px !important;padding-bottom: 125px !important;}&#8221; animated_text_overlay_image=&#8221;2059&#8243;][vc_column css=&#8221;.vc_custom_1569240237669{padding-top: 0px !important;padding-bottom: 5px !important;}&#8221;][vc_row_inner row_content_width=&#8221;grid&#8221;][vc_column_inner css=&#8221;.vc_custom_1567499344778{padding-top: 0px !important;padding-bottom: 0px !important;}&#8221;][vc_column_text css=&#8221;.vc_custom_1653496497287{padding-top: 15px !important;}&#8221;]Encontre na <strong>CHEMITOOL LOGISTICS<\/strong> as melhores solu\u00e7\u00f5es de plataformas de eleva\u00e7\u00e3o. Descubra os porta-paletes, empilhadores e mesas elevat\u00f3rias que melhor se adequam \u00e0s suas necessidades log\u00edsticas.<\/p>\n<p>A equipa de desenvolvimento da <strong>CHEMITOOL<\/strong> trabalha de perto com fabricantes devidamente selecionados para alcan\u00e7ar um produto, com a melhor qualidade dispon\u00edvel mundialmente.[\/vc_column_text][\/vc_column_inner][\/vc_row_inner][\/vc_column][\/vc_row]<\/p>\n","protected":false},"excerpt":{"rendered":"<p>[vc_row disable_background_image=&#8221;&#8221; disable_animated_text=&#8221;&#8221; css=&#8221;.vc_custom_1629730699184{padding-top: 0px !important;padding-bottom: 0px !important;}&#8221;][vc_column css=&#8221;.vc_custom_1569240237669{padding-top: 0px !important;padding-bottom: 5px !important;}&#8221;][\/vc_column][\/vc_row][vc_row row_content_width=&#8221;grid&#8221; disable_background_image=&#8221;1024&#8243; vertical_lines=&#8221;yes&#8221; animated_text_position=&#8221;right&#8221; disable_animated_text=&#8221;&#8221; animated_text=&#8221;Logistcs&#8221; animated_text_color=&#8221;#f5f5f5&#8243; css=&#8221;.vc_custom_1589812323305{padding-top: 130px !important;padding-bottom: 125px !important;}&#8221; animated_text_overlay_image=&#8221;2059&#8243;][vc_column css=&#8221;.vc_custom_1569240237669{padding-top: 0px !important;padding-bottom: 5px !important;}&#8221;][vc_row_inner row_content_width=&#8221;grid&#8221;][vc_column_inner css=&#8221;.vc_custom_1567499344778{padding-top: 0px !important;padding-bottom: 0px !important;}&#8221;][vc_column_text css=&#8221;.vc_custom_1653496497287{padding-top: 15px !important;}&#8221;]Encontre na CHEMITOOL LOGISTICS as melhores solu\u00e7\u00f5es de plataformas de eleva\u00e7\u00e3o. Descubra [&hellip;]<\/p>\n","protected":false},"author":8,"featured_media":0,"parent":4400,"menu_order":0,"comment_status":"closed","ping_status":"closed","template":"full-width.php","meta":[],"yoast_head":"<!-- This site is optimized with the Yoast SEO plugin v17.4 - https:\/\/yoast.com\/wordpress\/plugins\/seo\/ -->\n<title>Logistics &ndash; Chemitool<\/title>\n<meta name=\"robots\" content=\"index, follow, max-snippet:-1, max-image-preview:large, max-video-preview:-1\" \/>\n<link rel=\"canonical\" href=\"https:\/\/chemitool.com\/pt-pt\/categorias\/logistics\/\" \/>\n<meta property=\"og:locale\" content=\"pt_PT\" \/>\n<meta property=\"og:type\" content=\"article\" \/>\n<meta property=\"og:title\" content=\"Logistics &ndash; Chemitool\" \/>\n<meta property=\"og:description\" content=\"[vc_row disable_background_image=&#8221;&#8221; disable_animated_text=&#8221;&#8221; css=&#8221;.vc_custom_1629730699184{padding-top: 0px !important;padding-bottom: 0px !important;}&#8221;][vc_column css=&#8221;.vc_custom_1569240237669{padding-top: 0px !important;padding-bottom: 5px !important;}&#8221;][\/vc_column][\/vc_row][vc_row row_content_width=&#8221;grid&#8221; disable_background_image=&#8221;1024&#8243; vertical_lines=&#8221;yes&#8221; animated_text_position=&#8221;right&#8221; disable_animated_text=&#8221;&#8221; animated_text=&#8221;Logistcs&#8221; animated_text_color=&#8221;#f5f5f5&#8243; css=&#8221;.vc_custom_1589812323305{padding-top: 130px !important;padding-bottom: 125px !important;}&#8221; animated_text_overlay_image=&#8221;2059&#8243;][vc_column css=&#8221;.vc_custom_1569240237669{padding-top: 0px !important;padding-bottom: 5px !important;}&#8221;][vc_row_inner row_content_width=&#8221;grid&#8221;][vc_column_inner css=&#8221;.vc_custom_1567499344778{padding-top: 0px !important;padding-bottom: 0px !important;}&#8221;][vc_column_text css=&#8221;.vc_custom_1653496497287{padding-top: 15px !important;}&#8221;]Encontre na CHEMITOOL LOGISTICS as melhores solu\u00e7\u00f5es de plataformas de eleva\u00e7\u00e3o. Descubra [&hellip;]\" \/>\n<meta property=\"og:url\" content=\"https:\/\/chemitool.com\/pt-pt\/categorias\/logistics\/\" \/>\n<meta property=\"og:site_name\" content=\"Chemitool\" \/>\n<meta property=\"article:publisher\" content=\"https:\/\/www.facebook.com\/chemitool\" \/>\n<meta property=\"article:modified_time\" content=\"2023-06-14T15:27:43+00:00\" \/>\n<meta property=\"og:image\" content=\"https:\/\/chemitool.com\/wp-content\/uploads\/2020\/02\/chemitool-background.png\" \/>\n\t<meta property=\"og:image:width\" content=\"1920\" \/>\n\t<meta property=\"og:image:height\" content=\"850\" \/>\n<meta name=\"twitter:card\" content=\"summary_large_image\" \/>\n<meta name=\"twitter:label1\" content=\"Tempo estimado de leitura\" \/>\n\t<meta name=\"twitter:data1\" content=\"1 minuto\" \/>\n<script type=\"application\/ld+json\" class=\"yoast-schema-graph\">{\"@context\":\"https:\/\/schema.org\",\"@graph\":[{\"@type\":\"Organization\",\"@id\":\"https:\/\/chemitool.com\/#organization\",\"name\":\"Chemitool\",\"url\":\"https:\/\/chemitool.com\/\",\"sameAs\":[\"https:\/\/www.facebook.com\/chemitool\",\"https:\/\/www.instagram.com\/chemitool\/\"],\"logo\":{\"@type\":\"ImageObject\",\"@id\":\"https:\/\/chemitool.com\/#logo\",\"inLanguage\":\"pt-PT\",\"url\":\"https:\/\/chemitool.com\/wp-content\/uploads\/2020\/10\/logo_chemitool.png\",\"contentUrl\":\"https:\/\/chemitool.com\/wp-content\/uploads\/2020\/10\/logo_chemitool.png\",\"width\":400,\"height\":400,\"caption\":\"Chemitool\"},\"image\":{\"@id\":\"https:\/\/chemitool.com\/#logo\"}},{\"@type\":\"WebSite\",\"@id\":\"https:\/\/chemitool.com\/#website\",\"url\":\"https:\/\/chemitool.com\/\",\"name\":\"Chemitool\",\"description\":\"Chemitool - hardware and tools\",\"publisher\":{\"@id\":\"https:\/\/chemitool.com\/#organization\"},\"potentialAction\":[{\"@type\":\"SearchAction\",\"target\":{\"@type\":\"EntryPoint\",\"urlTemplate\":\"https:\/\/chemitool.com\/?s={search_term_string}\"},\"query-input\":\"required name=search_term_string\"}],\"inLanguage\":\"pt-PT\"},{\"@type\":\"WebPage\",\"@id\":\"https:\/\/chemitool.com\/pt-pt\/categorias\/logistics\/#webpage\",\"url\":\"https:\/\/chemitool.com\/pt-pt\/categorias\/logistics\/\",\"name\":\"Logistics &ndash; Chemitool\",\"isPartOf\":{\"@id\":\"https:\/\/chemitool.com\/#website\"},\"datePublished\":\"2022-05-26T10:16:13+00:00\",\"dateModified\":\"2023-06-14T15:27:43+00:00\",\"breadcrumb\":{\"@id\":\"https:\/\/chemitool.com\/pt-pt\/categorias\/logistics\/#breadcrumb\"},\"inLanguage\":\"pt-PT\",\"potentialAction\":[{\"@type\":\"ReadAction\",\"target\":[\"https:\/\/chemitool.com\/pt-pt\/categorias\/logistics\/\"]}]},{\"@type\":\"BreadcrumbList\",\"@id\":\"https:\/\/chemitool.com\/pt-pt\/categorias\/logistics\/#breadcrumb\",\"itemListElement\":[{\"@type\":\"ListItem\",\"position\":1,\"name\":\"Home\",\"item\":\"https:\/\/chemitool.com\/pt-pt\/\"},{\"@type\":\"ListItem\",\"position\":2,\"name\":\"Categorias\",\"item\":\"https:\/\/chemitool.com\/pt-pt\/categorias\/\"},{\"@type\":\"ListItem\",\"position\":3,\"name\":\"Logistics\"}]}]}<\/script>\n<!-- \/ Yoast SEO plugin. -->","yoast_head_json":{"title":"Logistics &ndash; Chemitool","robots":{"index":"index","follow":"follow","max-snippet":"max-snippet:-1","max-image-preview":"max-image-preview:large","max-video-preview":"max-video-preview:-1"},"canonical":"https:\/\/chemitool.com\/pt-pt\/categorias\/logistics\/","og_locale":"pt_PT","og_type":"article","og_title":"Logistics &ndash; Chemitool","og_description":"[vc_row disable_background_image=&#8221;&#8221; disable_animated_text=&#8221;&#8221; css=&#8221;.vc_custom_1629730699184{padding-top: 0px !important;padding-bottom: 0px !important;}&#8221;][vc_column css=&#8221;.vc_custom_1569240237669{padding-top: 0px !important;padding-bottom: 5px !important;}&#8221;][\/vc_column][\/vc_row][vc_row row_content_width=&#8221;grid&#8221; disable_background_image=&#8221;1024&#8243; vertical_lines=&#8221;yes&#8221; animated_text_position=&#8221;right&#8221; disable_animated_text=&#8221;&#8221; animated_text=&#8221;Logistcs&#8221; animated_text_color=&#8221;#f5f5f5&#8243; css=&#8221;.vc_custom_1589812323305{padding-top: 130px !important;padding-bottom: 125px !important;}&#8221; animated_text_overlay_image=&#8221;2059&#8243;][vc_column css=&#8221;.vc_custom_1569240237669{padding-top: 0px !important;padding-bottom: 5px !important;}&#8221;][vc_row_inner row_content_width=&#8221;grid&#8221;][vc_column_inner css=&#8221;.vc_custom_1567499344778{padding-top: 0px !important;padding-bottom: 0px !important;}&#8221;][vc_column_text css=&#8221;.vc_custom_1653496497287{padding-top: 15px !important;}&#8221;]Encontre na CHEMITOOL LOGISTICS as melhores solu\u00e7\u00f5es de plataformas de eleva\u00e7\u00e3o. Descubra [&hellip;]","og_url":"https:\/\/chemitool.com\/pt-pt\/categorias\/logistics\/","og_site_name":"Chemitool","article_publisher":"https:\/\/www.facebook.com\/chemitool","article_modified_time":"2023-06-14T15:27:43+00:00","og_image":[{"width":1920,"height":850,"url":"https:\/\/chemitool.com\/wp-content\/uploads\/2020\/02\/chemitool-background.png","type":"image\/png"}],"twitter_card":"summary_large_image","twitter_misc":{"Tempo estimado de leitura":"1 minuto"},"schema":{"@context":"https:\/\/schema.org","@graph":[{"@type":"Organization","@id":"https:\/\/chemitool.com\/#organization","name":"Chemitool","url":"https:\/\/chemitool.com\/","sameAs":["https:\/\/www.facebook.com\/chemitool","https:\/\/www.instagram.com\/chemitool\/"],"logo":{"@type":"ImageObject","@id":"https:\/\/chemitool.com\/#logo","inLanguage":"pt-PT","url":"https:\/\/chemitool.com\/wp-content\/uploads\/2020\/10\/logo_chemitool.png","contentUrl":"https:\/\/chemitool.com\/wp-content\/uploads\/2020\/10\/logo_chemitool.png","width":400,"height":400,"caption":"Chemitool"},"image":{"@id":"https:\/\/chemitool.com\/#logo"}},{"@type":"WebSite","@id":"https:\/\/chemitool.com\/#website","url":"https:\/\/chemitool.com\/","name":"Chemitool","description":"Chemitool - hardware and tools","publisher":{"@id":"https:\/\/chemitool.com\/#organization"},"potentialAction":[{"@type":"SearchAction","target":{"@type":"EntryPoint","urlTemplate":"https:\/\/chemitool.com\/?s={search_term_string}"},"query-input":"required name=search_term_string"}],"inLanguage":"pt-PT"},{"@type":"WebPage","@id":"https:\/\/chemitool.com\/pt-pt\/categorias\/logistics\/#webpage","url":"https:\/\/chemitool.com\/pt-pt\/categorias\/logistics\/","name":"Logistics &ndash; Chemitool","isPartOf":{"@id":"https:\/\/chemitool.com\/#website"},"datePublished":"2022-05-26T10:16:13+00:00","dateModified":"2023-06-14T15:27:43+00:00","breadcrumb":{"@id":"https:\/\/chemitool.com\/pt-pt\/categorias\/logistics\/#breadcrumb"},"inLanguage":"pt-PT","potentialAction":[{"@type":"ReadAction","target":["https:\/\/chemitool.com\/pt-pt\/categorias\/logistics\/"]}]},{"@type":"BreadcrumbList","@id":"https:\/\/chemitool.com\/pt-pt\/categorias\/logistics\/#breadcrumb","itemListElement":[{"@type":"ListItem","position":1,"name":"Home","item":"https:\/\/chemitool.com\/pt-pt\/"},{"@type":"ListItem","position":2,"name":"Categorias","item":"https:\/\/chemitool.com\/pt-pt\/categorias\/"},{"@type":"ListItem","position":3,"name":"Logistics"}]}]}},"_links":{"self":[{"href":"https:\/\/chemitool.com\/pt-pt\/wp-json\/wp\/v2\/pages\/22733"}],"collection":[{"href":"https:\/\/chemitool.com\/pt-pt\/wp-json\/wp\/v2\/pages"}],"about":[{"href":"https:\/\/chemitool.com\/pt-pt\/wp-json\/wp\/v2\/types\/page"}],"author":[{"embeddable":true,"href":"https:\/\/chemitool.com\/pt-pt\/wp-json\/wp\/v2\/users\/8"}],"replies":[{"embeddable":true,"href":"https:\/\/chemitool.com\/pt-pt\/wp-json\/wp\/v2\/comments?post=22733"}],"version-history":[{"count":12,"href":"https:\/\/chemitool.com\/pt-pt\/wp-json\/wp\/v2\/pages\/22733\/revisions"}],"predecessor-version":[{"id":33327,"href":"https:\/\/chemitool.com\/pt-pt\/wp-json\/wp\/v2\/pages\/22733\/revisions\/33327"}],"up":[{"embeddable":true,"href":"https:\/\/chemitool.com\/pt-pt\/wp-json\/wp\/v2\/pages\/4400"}],"wp:attachment":[{"href":"https:\/\/chemitool.com\/pt-pt\/wp-json\/wp\/v2\/media?parent=22733"}],"curies":[{"name":"wp","href":"https:\/\/api.w.org\/{rel}","templated":true}]}}