{"id":9329,"date":"2021-01-27T17:12:39","date_gmt":"2021-01-27T17:12:39","guid":{"rendered":"https:\/\/chemitool.com\/?post_type=product&#038;p=9329"},"modified":"2021-05-13T14:53:28","modified_gmt":"2021-05-13T14:53:28","slug":"sellador-acrilico-arenoso-chemiacryl","status":"publish","type":"product","link":"https:\/\/chemitool.com\/es\/products\/chemicals\/selladores\/sellador-acrilico-arenoso-chemiacryl\/","title":{"rendered":"SELLADOR ACR\u00cdLICO ARENOSO CHEMIACRYL"},"content":{"rendered":"<p><strong>VENTAJAS<\/strong><\/p>\n<ul>\n<li>Aplicaci\u00f3n interior y exterior<\/li>\n<li>Para juntas con bajo movimiento<\/li>\n<li>Resistente a la luz solar, rayos ultravioletas (UV), lluvia y nieve<\/li>\n<li>Pintable<\/li>\n<li>No desprende olores<\/li>\n<li>Contiene fungicida<\/li>\n<\/ul>\n<p><strong>INDICACIONES<\/strong><\/p>\n<p>Para lograr una perfecta adhesi\u00f3n al substrato, las superficies tienen que estar limpias y libres de polvo, grasa, aceites, agua, poluci\u00f3n, \u00f3xido. Para limpiar, utilizar disolventes org\u00e1nicos (alcohol \u00f3 MEK) hasta eliminar por completo todos los contaminantes. No utilizar nunca jabones, detergentes o agua.<br \/>\nAlmacenar en un ambiente fresco, seco y bien ventilado entre 5\u00ba y 25\u00baC, lejos de fuentes de calor y humedad.<\/p>\n","protected":false},"excerpt":{"rendered":"<p><b class=\"sap-label\">SAP:<\/b> <span class=\"codesap-label\">CH14020001<\/span><\/p>\n<p><em>Sellador Acr\u00edlico Arenoso CHEMIACRYL<\/em> es indicado para uso universal para juntas con bajo movimiento.<\/p>\n","protected":false},"featured_media":9342,"template":"","meta":[],"product_cat":[1209,1533],"product_tag":[126],"yoast_head":"<!-- This site is optimized with the Yoast SEO plugin v17.4 - https:\/\/yoast.com\/wordpress\/plugins\/seo\/ -->\n<title>SELLADOR ACR\u00cdLICO ARENOSO CHEMIACRYL &ndash; Chemitool<\/title>\n<meta name=\"description\" content=\"SAP: CH14020001  Sellador Acr\u00edlico Arenoso CHEMIACRYL es indicado para uso universal para juntas con bajo movimiento.\" \/>\n<meta name=\"robots\" content=\"index, follow, max-snippet:-1, max-image-preview:large, max-video-preview:-1\" \/>\n<link rel=\"canonical\" href=\"https:\/\/chemitool.com\/es\/products\/chemicals\/selladores\/sellador-acrilico-arenoso-chemiacryl\/\" \/>\n<meta property=\"og:locale\" content=\"es_ES\" \/>\n<meta property=\"og:type\" content=\"article\" \/>\n<meta property=\"og:title\" content=\"SELLADOR ACR\u00cdLICO ARENOSO CHEMIACRYL &ndash; Chemitool\" \/>\n<meta property=\"og:description\" content=\"SAP: CH14020001  Sellador Acr\u00edlico Arenoso CHEMIACRYL es indicado para uso universal para juntas con bajo movimiento.\" \/>\n<meta property=\"og:url\" content=\"https:\/\/chemitool.com\/es\/products\/chemicals\/selladores\/sellador-acrilico-arenoso-chemiacryl\/\" \/>\n<meta property=\"og:site_name\" content=\"Chemitool\" \/>\n<meta property=\"article:publisher\" content=\"https:\/\/www.facebook.com\/chemitool\" \/>\n<meta property=\"article:modified_time\" content=\"2021-05-13T14:53:28+00:00\" \/>\n<meta property=\"og:image\" content=\"https:\/\/chemitool.com\/wp-content\/uploads\/2021\/01\/CH14020001_sandy_acrylic_sealant_chemitool.png\" \/>\n\t<meta property=\"og:image:width\" content=\"800\" \/>\n\t<meta property=\"og:image:height\" content=\"800\" \/>\n<meta name=\"twitter:card\" content=\"summary_large_image\" \/>\n<script type=\"application\/ld+json\" class=\"yoast-schema-graph\">{\"@context\":\"https:\/\/schema.org\",\"@graph\":[{\"@type\":\"Organization\",\"@id\":\"https:\/\/chemitool.com\/#organization\",\"name\":\"Chemitool\",\"url\":\"https:\/\/chemitool.com\/\",\"sameAs\":[\"https:\/\/www.facebook.com\/chemitool\",\"https:\/\/www.instagram.com\/chemitool\/\"],\"logo\":{\"@type\":\"ImageObject\",\"@id\":\"https:\/\/chemitool.com\/#logo\",\"inLanguage\":\"es\",\"url\":\"https:\/\/chemitool.com\/wp-content\/uploads\/2020\/10\/logo_chemitool.png\",\"contentUrl\":\"https:\/\/chemitool.com\/wp-content\/uploads\/2020\/10\/logo_chemitool.png\",\"width\":400,\"height\":400,\"caption\":\"Chemitool\"},\"image\":{\"@id\":\"https:\/\/chemitool.com\/#logo\"}},{\"@type\":\"WebSite\",\"@id\":\"https:\/\/chemitool.com\/#website\",\"url\":\"https:\/\/chemitool.com\/\",\"name\":\"Chemitool\",\"description\":\"Chemitool - hardware and tools\",\"publisher\":{\"@id\":\"https:\/\/chemitool.com\/#organization\"},\"potentialAction\":[{\"@type\":\"SearchAction\",\"target\":{\"@type\":\"EntryPoint\",\"urlTemplate\":\"https:\/\/chemitool.com\/?s={search_term_string}\"},\"query-input\":\"required name=search_term_string\"}],\"inLanguage\":\"es\"},{\"@type\":\"ImageObject\",\"@id\":\"https:\/\/chemitool.com\/es\/products\/chemicals\/selladores\/sellador-acrilico-arenoso-chemiacryl\/#primaryimage\",\"inLanguage\":\"es\",\"url\":\"https:\/\/chemitool.com\/wp-content\/uploads\/2021\/01\/CH14020001_sandy_acrylic_sealant_chemitool.png\",\"contentUrl\":\"https:\/\/chemitool.com\/wp-content\/uploads\/2021\/01\/CH14020001_sandy_acrylic_sealant_chemitool.png\",\"width\":800,\"height\":800},{\"@type\":\"WebPage\",\"@id\":\"https:\/\/chemitool.com\/es\/products\/chemicals\/selladores\/sellador-acrilico-arenoso-chemiacryl\/#webpage\",\"url\":\"https:\/\/chemitool.com\/es\/products\/chemicals\/selladores\/sellador-acrilico-arenoso-chemiacryl\/\",\"name\":\"SELLADOR ACR\\u00cdLICO ARENOSO CHEMIACRYL &ndash; Chemitool\",\"isPartOf\":{\"@id\":\"https:\/\/chemitool.com\/#website\"},\"primaryImageOfPage\":{\"@id\":\"https:\/\/chemitool.com\/es\/products\/chemicals\/selladores\/sellador-acrilico-arenoso-chemiacryl\/#primaryimage\"},\"datePublished\":\"2021-01-27T17:12:39+00:00\",\"dateModified\":\"2021-05-13T14:53:28+00:00\",\"description\":\"SAP: CH14020001 Sellador Acr\\u00edlico Arenoso CHEMIACRYL es indicado para uso universal para juntas con bajo movimiento.\",\"breadcrumb\":{\"@id\":\"https:\/\/chemitool.com\/es\/products\/chemicals\/selladores\/sellador-acrilico-arenoso-chemiacryl\/#breadcrumb\"},\"inLanguage\":\"es\",\"potentialAction\":[{\"@type\":\"ReadAction\",\"target\":[\"https:\/\/chemitool.com\/es\/products\/chemicals\/selladores\/sellador-acrilico-arenoso-chemiacryl\/\"]}]},{\"@type\":\"BreadcrumbList\",\"@id\":\"https:\/\/chemitool.com\/es\/products\/chemicals\/selladores\/sellador-acrilico-arenoso-chemiacryl\/#breadcrumb\",\"itemListElement\":[{\"@type\":\"ListItem\",\"position\":1,\"name\":\"Home\",\"item\":\"https:\/\/chemitool.com\/es\/\"},{\"@type\":\"ListItem\",\"position\":2,\"name\":\"Productos\",\"item\":\"https:\/\/chemitool.com\/es\/productos\/\"},{\"@type\":\"ListItem\",\"position\":3,\"name\":\"CHEMICALS\",\"item\":\"https:\/\/chemitool.com\/es\/categoria-producto\/chemicals\/\"},{\"@type\":\"ListItem\",\"position\":4,\"name\":\"SELLADOR ACR\\u00cdLICO ARENOSO CHEMIACRYL\"}]}]}<\/script>\n<!-- \/ Yoast SEO plugin. -->","yoast_head_json":{"title":"SELLADOR ACR\u00cdLICO ARENOSO CHEMIACRYL &ndash; Chemitool","description":"SAP: CH14020001  Sellador Acr\u00edlico Arenoso CHEMIACRYL es indicado para uso universal para juntas con bajo movimiento.","robots":{"index":"index","follow":"follow","max-snippet":"max-snippet:-1","max-image-preview":"max-image-preview:large","max-video-preview":"max-video-preview:-1"},"canonical":"https:\/\/chemitool.com\/es\/products\/chemicals\/selladores\/sellador-acrilico-arenoso-chemiacryl\/","og_locale":"es_ES","og_type":"article","og_title":"SELLADOR ACR\u00cdLICO ARENOSO CHEMIACRYL &ndash; Chemitool","og_description":"SAP: CH14020001  Sellador Acr\u00edlico Arenoso CHEMIACRYL es indicado para uso universal para juntas con bajo movimiento.","og_url":"https:\/\/chemitool.com\/es\/products\/chemicals\/selladores\/sellador-acrilico-arenoso-chemiacryl\/","og_site_name":"Chemitool","article_publisher":"https:\/\/www.facebook.com\/chemitool","article_modified_time":"2021-05-13T14:53:28+00:00","og_image":[{"width":800,"height":800,"url":"https:\/\/chemitool.com\/wp-content\/uploads\/2021\/01\/CH14020001_sandy_acrylic_sealant_chemitool.png","type":"image\/png"}],"twitter_card":"summary_large_image","schema":{"@context":"https:\/\/schema.org","@graph":[{"@type":"Organization","@id":"https:\/\/chemitool.com\/#organization","name":"Chemitool","url":"https:\/\/chemitool.com\/","sameAs":["https:\/\/www.facebook.com\/chemitool","https:\/\/www.instagram.com\/chemitool\/"],"logo":{"@type":"ImageObject","@id":"https:\/\/chemitool.com\/#logo","inLanguage":"es","url":"https:\/\/chemitool.com\/wp-content\/uploads\/2020\/10\/logo_chemitool.png","contentUrl":"https:\/\/chemitool.com\/wp-content\/uploads\/2020\/10\/logo_chemitool.png","width":400,"height":400,"caption":"Chemitool"},"image":{"@id":"https:\/\/chemitool.com\/#logo"}},{"@type":"WebSite","@id":"https:\/\/chemitool.com\/#website","url":"https:\/\/chemitool.com\/","name":"Chemitool","description":"Chemitool - hardware and tools","publisher":{"@id":"https:\/\/chemitool.com\/#organization"},"potentialAction":[{"@type":"SearchAction","target":{"@type":"EntryPoint","urlTemplate":"https:\/\/chemitool.com\/?s={search_term_string}"},"query-input":"required name=search_term_string"}],"inLanguage":"es"},{"@type":"ImageObject","@id":"https:\/\/chemitool.com\/es\/products\/chemicals\/selladores\/sellador-acrilico-arenoso-chemiacryl\/#primaryimage","inLanguage":"es","url":"https:\/\/chemitool.com\/wp-content\/uploads\/2021\/01\/CH14020001_sandy_acrylic_sealant_chemitool.png","contentUrl":"https:\/\/chemitool.com\/wp-content\/uploads\/2021\/01\/CH14020001_sandy_acrylic_sealant_chemitool.png","width":800,"height":800},{"@type":"WebPage","@id":"https:\/\/chemitool.com\/es\/products\/chemicals\/selladores\/sellador-acrilico-arenoso-chemiacryl\/#webpage","url":"https:\/\/chemitool.com\/es\/products\/chemicals\/selladores\/sellador-acrilico-arenoso-chemiacryl\/","name":"SELLADOR ACR\u00cdLICO ARENOSO CHEMIACRYL &ndash; Chemitool","isPartOf":{"@id":"https:\/\/chemitool.com\/#website"},"primaryImageOfPage":{"@id":"https:\/\/chemitool.com\/es\/products\/chemicals\/selladores\/sellador-acrilico-arenoso-chemiacryl\/#primaryimage"},"datePublished":"2021-01-27T17:12:39+00:00","dateModified":"2021-05-13T14:53:28+00:00","description":"SAP: CH14020001 Sellador Acr\u00edlico Arenoso CHEMIACRYL es indicado para uso universal para juntas con bajo movimiento.","breadcrumb":{"@id":"https:\/\/chemitool.com\/es\/products\/chemicals\/selladores\/sellador-acrilico-arenoso-chemiacryl\/#breadcrumb"},"inLanguage":"es","potentialAction":[{"@type":"ReadAction","target":["https:\/\/chemitool.com\/es\/products\/chemicals\/selladores\/sellador-acrilico-arenoso-chemiacryl\/"]}]},{"@type":"BreadcrumbList","@id":"https:\/\/chemitool.com\/es\/products\/chemicals\/selladores\/sellador-acrilico-arenoso-chemiacryl\/#breadcrumb","itemListElement":[{"@type":"ListItem","position":1,"name":"Home","item":"https:\/\/chemitool.com\/es\/"},{"@type":"ListItem","position":2,"name":"Productos","item":"https:\/\/chemitool.com\/es\/productos\/"},{"@type":"ListItem","position":3,"name":"CHEMICALS","item":"https:\/\/chemitool.com\/es\/categoria-producto\/chemicals\/"},{"@type":"ListItem","position":4,"name":"SELLADOR ACR\u00cdLICO ARENOSO CHEMIACRYL"}]}]}},"_links":{"self":[{"href":"https:\/\/chemitool.com\/es\/wp-json\/wp\/v2\/product\/9329"}],"collection":[{"href":"https:\/\/chemitool.com\/es\/wp-json\/wp\/v2\/product"}],"about":[{"href":"https:\/\/chemitool.com\/es\/wp-json\/wp\/v2\/types\/product"}],"wp:featuredmedia":[{"embeddable":true,"href":"https:\/\/chemitool.com\/es\/wp-json\/wp\/v2\/media\/9342"}],"wp:attachment":[{"href":"https:\/\/chemitool.com\/es\/wp-json\/wp\/v2\/media?parent=9329"}],"wp:term":[{"taxonomy":"product_cat","embeddable":true,"href":"https:\/\/chemitool.com\/es\/wp-json\/wp\/v2\/product_cat?post=9329"},{"taxonomy":"product_tag","embeddable":true,"href":"https:\/\/chemitool.com\/es\/wp-json\/wp\/v2\/product_tag?post=9329"}],"curies":[{"name":"wp","href":"https:\/\/api.w.org\/{rel}","templated":true}]}}