{"id":7929,"date":"2020-09-28T15:16:41","date_gmt":"2020-09-28T15:16:42","guid":{"rendered":"https:\/\/chemitool.com\/?post_type=product&#038;p=7929"},"modified":"2021-05-13T14:56:33","modified_gmt":"2021-05-13T14:56:33","slug":"desatascador-eco-chemiclean","status":"publish","type":"product","link":"https:\/\/chemitool.com\/es\/products\/chemicals\/limpieza-y-mantenimiento\/limpieza-domestica\/desatascador-eco-chemiclean\/","title":{"rendered":"DESATASCADOR ECO CHEMICLEAN"},"content":{"rendered":"<p><strong>VENTAJAS<\/strong><\/p>\n<ul>\n<li>Acci\u00f3n desodorante<\/li>\n<li>Elimina g\u00e9rmenes<\/li>\n<li>Para todo tipo de obstrucciones en ba\u00f1os o cocinas<\/li>\n<li>Producto en gel<\/li>\n<\/ul>\n","protected":false},"excerpt":{"rendered":"<p><b class=\"sap-label\">SAP:<\/b> <span class=\"codesap-label\">CH24000005<\/span><\/p>\n<p><em>Desatascador Eco CHEMICLEAN<\/em> es un producto desarrollado para la eliminaci\u00f3n de materia org\u00e1nica, grasa, cabello y tambi\u00e9n restos de comida en tuber\u00edas obstruidas, sin da\u00f1arlas.<\/p>\n","protected":false},"featured_media":43195,"template":"","meta":[],"product_cat":[1209,1560,4236],"product_tag":[3684,2879],"yoast_head":"<!-- This site is optimized with the Yoast SEO plugin v17.4 - https:\/\/yoast.com\/wordpress\/plugins\/seo\/ -->\n<title>DESATASCADOR ECO CHEMICLEAN &ndash; Chemitool<\/title>\n<meta name=\"description\" content=\"SAP: CH24000005  Desatascador Eco CHEMICLEAN es un producto desarrollado para la eliminaci\u00f3n de materia org\u00e1nica, grasa, cabello y tambi\u00e9n restos de comida en tuber\u00edas obstruidas, sin da\u00f1arlas.\" \/>\n<meta name=\"robots\" content=\"index, follow, max-snippet:-1, max-image-preview:large, max-video-preview:-1\" \/>\n<link rel=\"canonical\" href=\"https:\/\/chemitool.com\/es\/products\/chemical-products\/cleaning-and-maintenance\/domestic-cleaning\/desatascador-eco-chemiclean\/\" \/>\n<meta property=\"og:locale\" content=\"es_ES\" \/>\n<meta property=\"og:type\" content=\"article\" \/>\n<meta property=\"og:title\" content=\"DESATASCADOR ECO CHEMICLEAN &ndash; Chemitool\" \/>\n<meta property=\"og:description\" content=\"SAP: CH24000005  Desatascador Eco CHEMICLEAN es un producto desarrollado para la eliminaci\u00f3n de materia org\u00e1nica, grasa, cabello y tambi\u00e9n restos de comida en tuber\u00edas obstruidas, sin da\u00f1arlas.\" \/>\n<meta property=\"og:url\" content=\"https:\/\/chemitool.com\/es\/products\/chemical-products\/cleaning-and-maintenance\/domestic-cleaning\/desatascador-eco-chemiclean\/\" \/>\n<meta property=\"og:site_name\" content=\"Chemitool\" \/>\n<meta property=\"article:publisher\" content=\"https:\/\/www.facebook.com\/chemitool\" \/>\n<meta property=\"article:modified_time\" content=\"2021-05-13T14:56:33+00:00\" \/>\n<meta property=\"og:image\" content=\"https:\/\/chemitool.com\/wp-content\/uploads\/2025\/09\/CH24000005_WEB.png\" \/>\n\t<meta property=\"og:image:width\" content=\"800\" \/>\n\t<meta property=\"og:image:height\" content=\"800\" \/>\n<meta name=\"twitter:card\" content=\"summary_large_image\" \/>\n<script type=\"application\/ld+json\" class=\"yoast-schema-graph\">{\"@context\":\"https:\/\/schema.org\",\"@graph\":[{\"@type\":\"Organization\",\"@id\":\"https:\/\/chemitool.com\/#organization\",\"name\":\"Chemitool\",\"url\":\"https:\/\/chemitool.com\/\",\"sameAs\":[\"https:\/\/www.facebook.com\/chemitool\",\"https:\/\/www.instagram.com\/chemitool\/\"],\"logo\":{\"@type\":\"ImageObject\",\"@id\":\"https:\/\/chemitool.com\/#logo\",\"inLanguage\":\"es\",\"url\":\"https:\/\/chemitool.com\/wp-content\/uploads\/2020\/10\/logo_chemitool.png\",\"contentUrl\":\"https:\/\/chemitool.com\/wp-content\/uploads\/2020\/10\/logo_chemitool.png\",\"width\":400,\"height\":400,\"caption\":\"Chemitool\"},\"image\":{\"@id\":\"https:\/\/chemitool.com\/#logo\"}},{\"@type\":\"WebSite\",\"@id\":\"https:\/\/chemitool.com\/#website\",\"url\":\"https:\/\/chemitool.com\/\",\"name\":\"Chemitool\",\"description\":\"Chemitool - hardware and tools\",\"publisher\":{\"@id\":\"https:\/\/chemitool.com\/#organization\"},\"potentialAction\":[{\"@type\":\"SearchAction\",\"target\":{\"@type\":\"EntryPoint\",\"urlTemplate\":\"https:\/\/chemitool.com\/?s={search_term_string}\"},\"query-input\":\"required name=search_term_string\"}],\"inLanguage\":\"es\"},{\"@type\":\"ImageObject\",\"@id\":\"https:\/\/chemitool.com\/es\/products\/chemical-products\/cleaning-and-maintenance\/domestic-cleaning\/desatascador-eco-chemiclean\/#primaryimage\",\"inLanguage\":\"es\",\"url\":\"https:\/\/chemitool.com\/wp-content\/uploads\/2025\/09\/CH24000005_WEB.png\",\"contentUrl\":\"https:\/\/chemitool.com\/wp-content\/uploads\/2025\/09\/CH24000005_WEB.png\",\"width\":800,\"height\":800},{\"@type\":\"WebPage\",\"@id\":\"https:\/\/chemitool.com\/es\/products\/chemical-products\/cleaning-and-maintenance\/domestic-cleaning\/desatascador-eco-chemiclean\/#webpage\",\"url\":\"https:\/\/chemitool.com\/es\/products\/chemical-products\/cleaning-and-maintenance\/domestic-cleaning\/desatascador-eco-chemiclean\/\",\"name\":\"DESATASCADOR ECO CHEMICLEAN &ndash; Chemitool\",\"isPartOf\":{\"@id\":\"https:\/\/chemitool.com\/#website\"},\"primaryImageOfPage\":{\"@id\":\"https:\/\/chemitool.com\/es\/products\/chemical-products\/cleaning-and-maintenance\/domestic-cleaning\/desatascador-eco-chemiclean\/#primaryimage\"},\"datePublished\":\"2020-09-28T15:16:42+00:00\",\"dateModified\":\"2021-05-13T14:56:33+00:00\",\"description\":\"SAP: CH24000005 Desatascador Eco CHEMICLEAN es un producto desarrollado para la eliminaci\\u00f3n de materia org\\u00e1nica, grasa, cabello y tambi\\u00e9n restos de comida en tuber\\u00edas obstruidas, sin da\\u00f1arlas.\",\"breadcrumb\":{\"@id\":\"https:\/\/chemitool.com\/es\/products\/chemical-products\/cleaning-and-maintenance\/domestic-cleaning\/desatascador-eco-chemiclean\/#breadcrumb\"},\"inLanguage\":\"es\",\"potentialAction\":[{\"@type\":\"ReadAction\",\"target\":[\"https:\/\/chemitool.com\/es\/products\/chemical-products\/cleaning-and-maintenance\/domestic-cleaning\/desatascador-eco-chemiclean\/\"]}]},{\"@type\":\"BreadcrumbList\",\"@id\":\"https:\/\/chemitool.com\/es\/products\/chemical-products\/cleaning-and-maintenance\/domestic-cleaning\/desatascador-eco-chemiclean\/#breadcrumb\",\"itemListElement\":[{\"@type\":\"ListItem\",\"position\":1,\"name\":\"Home\",\"item\":\"https:\/\/chemitool.com\/es\/\"},{\"@type\":\"ListItem\",\"position\":2,\"name\":\"Productos\",\"item\":\"https:\/\/chemitool.com\/es\/productos\/\"},{\"@type\":\"ListItem\",\"position\":3,\"name\":\"Chemicals\",\"item\":\"https:\/\/chemitool.com\/product-category\/chemical-products\/\"},{\"@type\":\"ListItem\",\"position\":4,\"name\":\"DESATASCADOR ECO CHEMICLEAN\"}]}]}<\/script>\n<!-- \/ Yoast SEO plugin. -->","yoast_head_json":{"title":"DESATASCADOR ECO CHEMICLEAN &ndash; Chemitool","description":"SAP: CH24000005  Desatascador Eco CHEMICLEAN es un producto desarrollado para la eliminaci\u00f3n de materia org\u00e1nica, grasa, cabello y tambi\u00e9n restos de comida en tuber\u00edas obstruidas, sin da\u00f1arlas.","robots":{"index":"index","follow":"follow","max-snippet":"max-snippet:-1","max-image-preview":"max-image-preview:large","max-video-preview":"max-video-preview:-1"},"canonical":"https:\/\/chemitool.com\/es\/products\/chemical-products\/cleaning-and-maintenance\/domestic-cleaning\/desatascador-eco-chemiclean\/","og_locale":"es_ES","og_type":"article","og_title":"DESATASCADOR ECO CHEMICLEAN &ndash; Chemitool","og_description":"SAP: CH24000005  Desatascador Eco CHEMICLEAN es un producto desarrollado para la eliminaci\u00f3n de materia org\u00e1nica, grasa, cabello y tambi\u00e9n restos de comida en tuber\u00edas obstruidas, sin da\u00f1arlas.","og_url":"https:\/\/chemitool.com\/es\/products\/chemical-products\/cleaning-and-maintenance\/domestic-cleaning\/desatascador-eco-chemiclean\/","og_site_name":"Chemitool","article_publisher":"https:\/\/www.facebook.com\/chemitool","article_modified_time":"2021-05-13T14:56:33+00:00","og_image":[{"width":800,"height":800,"url":"https:\/\/chemitool.com\/wp-content\/uploads\/2025\/09\/CH24000005_WEB.png","type":"image\/png"}],"twitter_card":"summary_large_image","schema":{"@context":"https:\/\/schema.org","@graph":[{"@type":"Organization","@id":"https:\/\/chemitool.com\/#organization","name":"Chemitool","url":"https:\/\/chemitool.com\/","sameAs":["https:\/\/www.facebook.com\/chemitool","https:\/\/www.instagram.com\/chemitool\/"],"logo":{"@type":"ImageObject","@id":"https:\/\/chemitool.com\/#logo","inLanguage":"es","url":"https:\/\/chemitool.com\/wp-content\/uploads\/2020\/10\/logo_chemitool.png","contentUrl":"https:\/\/chemitool.com\/wp-content\/uploads\/2020\/10\/logo_chemitool.png","width":400,"height":400,"caption":"Chemitool"},"image":{"@id":"https:\/\/chemitool.com\/#logo"}},{"@type":"WebSite","@id":"https:\/\/chemitool.com\/#website","url":"https:\/\/chemitool.com\/","name":"Chemitool","description":"Chemitool - hardware and tools","publisher":{"@id":"https:\/\/chemitool.com\/#organization"},"potentialAction":[{"@type":"SearchAction","target":{"@type":"EntryPoint","urlTemplate":"https:\/\/chemitool.com\/?s={search_term_string}"},"query-input":"required name=search_term_string"}],"inLanguage":"es"},{"@type":"ImageObject","@id":"https:\/\/chemitool.com\/es\/products\/chemical-products\/cleaning-and-maintenance\/domestic-cleaning\/desatascador-eco-chemiclean\/#primaryimage","inLanguage":"es","url":"https:\/\/chemitool.com\/wp-content\/uploads\/2025\/09\/CH24000005_WEB.png","contentUrl":"https:\/\/chemitool.com\/wp-content\/uploads\/2025\/09\/CH24000005_WEB.png","width":800,"height":800},{"@type":"WebPage","@id":"https:\/\/chemitool.com\/es\/products\/chemical-products\/cleaning-and-maintenance\/domestic-cleaning\/desatascador-eco-chemiclean\/#webpage","url":"https:\/\/chemitool.com\/es\/products\/chemical-products\/cleaning-and-maintenance\/domestic-cleaning\/desatascador-eco-chemiclean\/","name":"DESATASCADOR ECO CHEMICLEAN &ndash; Chemitool","isPartOf":{"@id":"https:\/\/chemitool.com\/#website"},"primaryImageOfPage":{"@id":"https:\/\/chemitool.com\/es\/products\/chemical-products\/cleaning-and-maintenance\/domestic-cleaning\/desatascador-eco-chemiclean\/#primaryimage"},"datePublished":"2020-09-28T15:16:42+00:00","dateModified":"2021-05-13T14:56:33+00:00","description":"SAP: CH24000005 Desatascador Eco CHEMICLEAN es un producto desarrollado para la eliminaci\u00f3n de materia org\u00e1nica, grasa, cabello y tambi\u00e9n restos de comida en tuber\u00edas obstruidas, sin da\u00f1arlas.","breadcrumb":{"@id":"https:\/\/chemitool.com\/es\/products\/chemical-products\/cleaning-and-maintenance\/domestic-cleaning\/desatascador-eco-chemiclean\/#breadcrumb"},"inLanguage":"es","potentialAction":[{"@type":"ReadAction","target":["https:\/\/chemitool.com\/es\/products\/chemical-products\/cleaning-and-maintenance\/domestic-cleaning\/desatascador-eco-chemiclean\/"]}]},{"@type":"BreadcrumbList","@id":"https:\/\/chemitool.com\/es\/products\/chemical-products\/cleaning-and-maintenance\/domestic-cleaning\/desatascador-eco-chemiclean\/#breadcrumb","itemListElement":[{"@type":"ListItem","position":1,"name":"Home","item":"https:\/\/chemitool.com\/es\/"},{"@type":"ListItem","position":2,"name":"Productos","item":"https:\/\/chemitool.com\/es\/productos\/"},{"@type":"ListItem","position":3,"name":"Chemicals","item":"https:\/\/chemitool.com\/product-category\/chemical-products\/"},{"@type":"ListItem","position":4,"name":"DESATASCADOR ECO CHEMICLEAN"}]}]}},"_links":{"self":[{"href":"https:\/\/chemitool.com\/es\/wp-json\/wp\/v2\/product\/7929"}],"collection":[{"href":"https:\/\/chemitool.com\/es\/wp-json\/wp\/v2\/product"}],"about":[{"href":"https:\/\/chemitool.com\/es\/wp-json\/wp\/v2\/types\/product"}],"wp:featuredmedia":[{"embeddable":true,"href":"https:\/\/chemitool.com\/es\/wp-json\/wp\/v2\/media\/43195"}],"wp:attachment":[{"href":"https:\/\/chemitool.com\/es\/wp-json\/wp\/v2\/media?parent=7929"}],"wp:term":[{"taxonomy":"product_cat","embeddable":true,"href":"https:\/\/chemitool.com\/es\/wp-json\/wp\/v2\/product_cat?post=7929"},{"taxonomy":"product_tag","embeddable":true,"href":"https:\/\/chemitool.com\/es\/wp-json\/wp\/v2\/product_tag?post=7929"}],"curies":[{"name":"wp","href":"https:\/\/api.w.org\/{rel}","templated":true}]}}