{"id":5721,"date":"2020-09-02T14:38:02","date_gmt":"2020-09-02T14:38:02","guid":{"rendered":"https:\/\/chemitool.com\/products\/sin%20categor\u00eda\/abanico-de-vellon-com-laminas-de-tecido-de-lija\/"},"modified":"2020-11-09T11:11:35","modified_gmt":"2020-11-09T11:11:35","slug":"abanico-lijador-de-mango-mixto","status":"publish","type":"product","link":"https:\/\/chemitool.com\/es\/products\/cutting\/abrasivos-flexibles\/abanicos-de-mango\/abanico-lijador-de-mango-mixto\/","title":{"rendered":"ABANICO LIJADOR DE MANGO MIXTO"},"content":{"rendered":"<p><strong>VENTAJAS<\/strong><\/p>\n<ul>\n<li>Alta rentabilidad<\/li>\n<li>Adaptaci\u00f3n a los contornos<\/li>\n<li>Desbaste en fr\u00edo y baja carga t\u00e9rmica<\/li>\n<li>Poca vibraci\u00f3n y ruido<\/li>\n<li>Acabado satinado<\/li>\n<li>Sin dejar marcas<\/li>\n<li>Previne la obstrucci\u00f3n<\/li>\n<li>Altamente resistente<\/li>\n<li>Larga vida \u00fatil de la herramienta<\/li>\n<\/ul>\n<p>El <em>Abanico Lijador de Mango Mixto CHEMITOOL<\/em> tiene un gran efecto de lijado gracias a la uni\u00f3n de material No-Tejido (Scotch), dispuesto en capas, con material abrasivo Corind\u00f3n A. Proporciona un excelente efecto de acabado para trabajos de desbaste, limpieza y rectificado. Indicado para uso en aluminio, lat\u00f3n, cobre, n\u00edquel, acero inoxidable y superficies de titanio, cer\u00e1mica, vidrio y pl\u00e1stico. Para uso con m\u00e1quinas de eje flexible y amoladoras rectas.<\/p>\n","protected":false},"excerpt":{"rendered":"<p>El <em>Abanico Lijador de Mango Mixto CHEMITOOL<\/em> es compuesto de Corind\u00f3n A + No-Tejido (Scotch) y es adecuado para dar un acabado satinado uniforme y sin dejar marcas.<\/p>\n","protected":false},"featured_media":9117,"template":"","meta":[],"product_cat":[1426,1460,1473],"product_tag":[],"yoast_head":"<!-- This site is optimized with the Yoast SEO plugin v17.4 - https:\/\/yoast.com\/wordpress\/plugins\/seo\/ -->\n<title>ABANICO LIJADOR DE MANGO MIXTO &ndash; Chemitool<\/title>\n<meta name=\"description\" content=\"El Abanico Lijador de Mango Mixto CHEMITOOL es compuesto de Corind\u00f3n A + No-Tejido (Scotch) y es adecuado para dar un acabado satinado uniforme y sin dejar marcas.\" \/>\n<meta name=\"robots\" content=\"index, follow, max-snippet:-1, max-image-preview:large, max-video-preview:-1\" \/>\n<link rel=\"canonical\" href=\"https:\/\/chemitool.com\/es\/products\/cutting\/abrasivos-flexibles\/abanicos-de-mango\/abanico-lijador-de-mango-mixto\/\" \/>\n<meta property=\"og:locale\" content=\"es_ES\" \/>\n<meta property=\"og:type\" content=\"article\" \/>\n<meta property=\"og:title\" content=\"ABANICO LIJADOR DE MANGO MIXTO &ndash; Chemitool\" \/>\n<meta property=\"og:description\" content=\"El Abanico Lijador de Mango Mixto CHEMITOOL es compuesto de Corind\u00f3n A + No-Tejido (Scotch) y es adecuado para dar un acabado satinado uniforme y sin dejar marcas.\" \/>\n<meta property=\"og:url\" content=\"https:\/\/chemitool.com\/es\/products\/cutting\/abrasivos-flexibles\/abanicos-de-mango\/abanico-lijador-de-mango-mixto\/\" \/>\n<meta property=\"og:site_name\" content=\"Chemitool\" \/>\n<meta property=\"article:publisher\" content=\"https:\/\/www.facebook.com\/chemitool\" \/>\n<meta property=\"article:modified_time\" content=\"2020-11-09T11:11:35+00:00\" \/>\n<meta property=\"og:image\" content=\"https:\/\/chemitool.com\/wp-content\/uploads\/2020\/09\/mixed-shaft-mounted-flap-wheel-1.png\" \/>\n\t<meta property=\"og:image:width\" content=\"800\" \/>\n\t<meta property=\"og:image:height\" content=\"800\" \/>\n<meta name=\"twitter:card\" content=\"summary_large_image\" \/>\n<meta name=\"twitter:label1\" content=\"Tiempo de lectura\" \/>\n\t<meta name=\"twitter:data1\" content=\"1 minuto\" \/>\n<script type=\"application\/ld+json\" class=\"yoast-schema-graph\">{\"@context\":\"https:\/\/schema.org\",\"@graph\":[{\"@type\":\"Organization\",\"@id\":\"https:\/\/chemitool.com\/#organization\",\"name\":\"Chemitool\",\"url\":\"https:\/\/chemitool.com\/\",\"sameAs\":[\"https:\/\/www.facebook.com\/chemitool\",\"https:\/\/www.instagram.com\/chemitool\/\"],\"logo\":{\"@type\":\"ImageObject\",\"@id\":\"https:\/\/chemitool.com\/#logo\",\"inLanguage\":\"es\",\"url\":\"https:\/\/chemitool.com\/wp-content\/uploads\/2020\/10\/logo_chemitool.png\",\"contentUrl\":\"https:\/\/chemitool.com\/wp-content\/uploads\/2020\/10\/logo_chemitool.png\",\"width\":400,\"height\":400,\"caption\":\"Chemitool\"},\"image\":{\"@id\":\"https:\/\/chemitool.com\/#logo\"}},{\"@type\":\"WebSite\",\"@id\":\"https:\/\/chemitool.com\/#website\",\"url\":\"https:\/\/chemitool.com\/\",\"name\":\"Chemitool\",\"description\":\"Chemitool - hardware and tools\",\"publisher\":{\"@id\":\"https:\/\/chemitool.com\/#organization\"},\"potentialAction\":[{\"@type\":\"SearchAction\",\"target\":{\"@type\":\"EntryPoint\",\"urlTemplate\":\"https:\/\/chemitool.com\/?s={search_term_string}\"},\"query-input\":\"required name=search_term_string\"}],\"inLanguage\":\"es\"},{\"@type\":\"ImageObject\",\"@id\":\"https:\/\/chemitool.com\/es\/products\/cutting\/abrasivos-flexibles\/abanicos-de-mango\/abanico-lijador-de-mango-mixto\/#primaryimage\",\"inLanguage\":\"es\",\"url\":\"https:\/\/chemitool.com\/wp-content\/uploads\/2020\/09\/CHA10040.png\",\"contentUrl\":\"https:\/\/chemitool.com\/wp-content\/uploads\/2020\/09\/CHA10040.png\",\"width\":800,\"height\":800},{\"@type\":\"WebPage\",\"@id\":\"https:\/\/chemitool.com\/es\/products\/cutting\/abrasivos-flexibles\/abanicos-de-mango\/abanico-lijador-de-mango-mixto\/#webpage\",\"url\":\"https:\/\/chemitool.com\/es\/products\/cutting\/abrasivos-flexibles\/abanicos-de-mango\/abanico-lijador-de-mango-mixto\/\",\"name\":\"ABANICO LIJADOR DE MANGO MIXTO &ndash; Chemitool\",\"isPartOf\":{\"@id\":\"https:\/\/chemitool.com\/#website\"},\"primaryImageOfPage\":{\"@id\":\"https:\/\/chemitool.com\/es\/products\/cutting\/abrasivos-flexibles\/abanicos-de-mango\/abanico-lijador-de-mango-mixto\/#primaryimage\"},\"datePublished\":\"2020-09-02T14:38:02+00:00\",\"dateModified\":\"2020-11-09T11:11:35+00:00\",\"description\":\"El Abanico Lijador de Mango Mixto CHEMITOOL es compuesto de Corind\\u00f3n A + No-Tejido (Scotch) y es adecuado para dar un acabado satinado uniforme y sin dejar marcas.\",\"breadcrumb\":{\"@id\":\"https:\/\/chemitool.com\/es\/products\/cutting\/abrasivos-flexibles\/abanicos-de-mango\/abanico-lijador-de-mango-mixto\/#breadcrumb\"},\"inLanguage\":\"es\",\"potentialAction\":[{\"@type\":\"ReadAction\",\"target\":[\"https:\/\/chemitool.com\/es\/products\/cutting\/abrasivos-flexibles\/abanicos-de-mango\/abanico-lijador-de-mango-mixto\/\"]}]},{\"@type\":\"BreadcrumbList\",\"@id\":\"https:\/\/chemitool.com\/es\/products\/cutting\/abrasivos-flexibles\/abanicos-de-mango\/abanico-lijador-de-mango-mixto\/#breadcrumb\",\"itemListElement\":[{\"@type\":\"ListItem\",\"position\":1,\"name\":\"Home\",\"item\":\"https:\/\/chemitool.com\/es\/\"},{\"@type\":\"ListItem\",\"position\":2,\"name\":\"Productos\",\"item\":\"https:\/\/chemitool.com\/es\/productos\/\"},{\"@type\":\"ListItem\",\"position\":3,\"name\":\"Cutting\",\"item\":\"https:\/\/chemitool.com\/es\/categoria-producto\/cutting\/\"},{\"@type\":\"ListItem\",\"position\":4,\"name\":\"Abrasivos Flexibles\",\"item\":\"https:\/\/chemitool.com\/es\/categoria-producto\/cutting\/abrasivos-flexibles\/\"},{\"@type\":\"ListItem\",\"position\":5,\"name\":\"Abanicos de Mango\",\"item\":\"https:\/\/chemitool.com\/es\/categoria-producto\/cutting\/abrasivos-flexibles\/abanicos-de-mango\/\"},{\"@type\":\"ListItem\",\"position\":6,\"name\":\"ABANICO LIJADOR DE MANGO MIXTO\"}]}]}<\/script>\n<!-- \/ Yoast SEO plugin. -->","yoast_head_json":{"title":"ABANICO LIJADOR DE MANGO MIXTO &ndash; Chemitool","description":"El Abanico Lijador de Mango Mixto CHEMITOOL es compuesto de Corind\u00f3n A + No-Tejido (Scotch) y es adecuado para dar un acabado satinado uniforme y sin dejar marcas.","robots":{"index":"index","follow":"follow","max-snippet":"max-snippet:-1","max-image-preview":"max-image-preview:large","max-video-preview":"max-video-preview:-1"},"canonical":"https:\/\/chemitool.com\/es\/products\/cutting\/abrasivos-flexibles\/abanicos-de-mango\/abanico-lijador-de-mango-mixto\/","og_locale":"es_ES","og_type":"article","og_title":"ABANICO LIJADOR DE MANGO MIXTO &ndash; Chemitool","og_description":"El Abanico Lijador de Mango Mixto CHEMITOOL es compuesto de Corind\u00f3n A + No-Tejido (Scotch) y es adecuado para dar un acabado satinado uniforme y sin dejar marcas.","og_url":"https:\/\/chemitool.com\/es\/products\/cutting\/abrasivos-flexibles\/abanicos-de-mango\/abanico-lijador-de-mango-mixto\/","og_site_name":"Chemitool","article_publisher":"https:\/\/www.facebook.com\/chemitool","article_modified_time":"2020-11-09T11:11:35+00:00","og_image":[{"width":800,"height":800,"url":"https:\/\/chemitool.com\/wp-content\/uploads\/2020\/09\/mixed-shaft-mounted-flap-wheel-1.png","type":"image\/png"}],"twitter_card":"summary_large_image","twitter_misc":{"Tiempo de lectura":"1 minuto"},"schema":{"@context":"https:\/\/schema.org","@graph":[{"@type":"Organization","@id":"https:\/\/chemitool.com\/#organization","name":"Chemitool","url":"https:\/\/chemitool.com\/","sameAs":["https:\/\/www.facebook.com\/chemitool","https:\/\/www.instagram.com\/chemitool\/"],"logo":{"@type":"ImageObject","@id":"https:\/\/chemitool.com\/#logo","inLanguage":"es","url":"https:\/\/chemitool.com\/wp-content\/uploads\/2020\/10\/logo_chemitool.png","contentUrl":"https:\/\/chemitool.com\/wp-content\/uploads\/2020\/10\/logo_chemitool.png","width":400,"height":400,"caption":"Chemitool"},"image":{"@id":"https:\/\/chemitool.com\/#logo"}},{"@type":"WebSite","@id":"https:\/\/chemitool.com\/#website","url":"https:\/\/chemitool.com\/","name":"Chemitool","description":"Chemitool - hardware and tools","publisher":{"@id":"https:\/\/chemitool.com\/#organization"},"potentialAction":[{"@type":"SearchAction","target":{"@type":"EntryPoint","urlTemplate":"https:\/\/chemitool.com\/?s={search_term_string}"},"query-input":"required name=search_term_string"}],"inLanguage":"es"},{"@type":"ImageObject","@id":"https:\/\/chemitool.com\/es\/products\/cutting\/abrasivos-flexibles\/abanicos-de-mango\/abanico-lijador-de-mango-mixto\/#primaryimage","inLanguage":"es","url":"https:\/\/chemitool.com\/wp-content\/uploads\/2020\/09\/CHA10040.png","contentUrl":"https:\/\/chemitool.com\/wp-content\/uploads\/2020\/09\/CHA10040.png","width":800,"height":800},{"@type":"WebPage","@id":"https:\/\/chemitool.com\/es\/products\/cutting\/abrasivos-flexibles\/abanicos-de-mango\/abanico-lijador-de-mango-mixto\/#webpage","url":"https:\/\/chemitool.com\/es\/products\/cutting\/abrasivos-flexibles\/abanicos-de-mango\/abanico-lijador-de-mango-mixto\/","name":"ABANICO LIJADOR DE MANGO MIXTO &ndash; Chemitool","isPartOf":{"@id":"https:\/\/chemitool.com\/#website"},"primaryImageOfPage":{"@id":"https:\/\/chemitool.com\/es\/products\/cutting\/abrasivos-flexibles\/abanicos-de-mango\/abanico-lijador-de-mango-mixto\/#primaryimage"},"datePublished":"2020-09-02T14:38:02+00:00","dateModified":"2020-11-09T11:11:35+00:00","description":"El Abanico Lijador de Mango Mixto CHEMITOOL es compuesto de Corind\u00f3n A + No-Tejido (Scotch) y es adecuado para dar un acabado satinado uniforme y sin dejar marcas.","breadcrumb":{"@id":"https:\/\/chemitool.com\/es\/products\/cutting\/abrasivos-flexibles\/abanicos-de-mango\/abanico-lijador-de-mango-mixto\/#breadcrumb"},"inLanguage":"es","potentialAction":[{"@type":"ReadAction","target":["https:\/\/chemitool.com\/es\/products\/cutting\/abrasivos-flexibles\/abanicos-de-mango\/abanico-lijador-de-mango-mixto\/"]}]},{"@type":"BreadcrumbList","@id":"https:\/\/chemitool.com\/es\/products\/cutting\/abrasivos-flexibles\/abanicos-de-mango\/abanico-lijador-de-mango-mixto\/#breadcrumb","itemListElement":[{"@type":"ListItem","position":1,"name":"Home","item":"https:\/\/chemitool.com\/es\/"},{"@type":"ListItem","position":2,"name":"Productos","item":"https:\/\/chemitool.com\/es\/productos\/"},{"@type":"ListItem","position":3,"name":"Cutting","item":"https:\/\/chemitool.com\/es\/categoria-producto\/cutting\/"},{"@type":"ListItem","position":4,"name":"Abrasivos Flexibles","item":"https:\/\/chemitool.com\/es\/categoria-producto\/cutting\/abrasivos-flexibles\/"},{"@type":"ListItem","position":5,"name":"Abanicos de Mango","item":"https:\/\/chemitool.com\/es\/categoria-producto\/cutting\/abrasivos-flexibles\/abanicos-de-mango\/"},{"@type":"ListItem","position":6,"name":"ABANICO LIJADOR DE MANGO MIXTO"}]}]}},"_links":{"self":[{"href":"https:\/\/chemitool.com\/es\/wp-json\/wp\/v2\/product\/5721"}],"collection":[{"href":"https:\/\/chemitool.com\/es\/wp-json\/wp\/v2\/product"}],"about":[{"href":"https:\/\/chemitool.com\/es\/wp-json\/wp\/v2\/types\/product"}],"wp:featuredmedia":[{"embeddable":true,"href":"https:\/\/chemitool.com\/es\/wp-json\/wp\/v2\/media\/9117"}],"wp:attachment":[{"href":"https:\/\/chemitool.com\/es\/wp-json\/wp\/v2\/media?parent=5721"}],"wp:term":[{"taxonomy":"product_cat","embeddable":true,"href":"https:\/\/chemitool.com\/es\/wp-json\/wp\/v2\/product_cat?post=5721"},{"taxonomy":"product_tag","embeddable":true,"href":"https:\/\/chemitool.com\/es\/wp-json\/wp\/v2\/product_tag?post=5721"}],"curies":[{"name":"wp","href":"https:\/\/api.w.org\/{rel}","templated":true}]}}