{"id":5719,"date":"2020-09-02T14:36:59","date_gmt":"2020-09-02T14:36:59","guid":{"rendered":"https:\/\/chemitool.com\/products\/sin%20categor\u00eda\/abanico-de-corindon-de-circonio-z\/"},"modified":"2020-11-09T11:16:41","modified_gmt":"2020-11-09T11:16:41","slug":"abanico-lijador-de-mango-corindon-de-circonio-z","status":"publish","type":"product","link":"https:\/\/chemitool.com\/es\/products\/cutting\/abrasivos-flexibles\/abanicos-de-mango\/abanico-lijador-de-mango-corindon-de-circonio-z\/","title":{"rendered":"ABANICO LIJADOR DE MANGO CORIND\u00d3N DE CIRCONIO Z"},"content":{"rendered":"<p><strong>VENTAJAS<\/strong><\/p>\n<ul>\n<li>Poca vibraci\u00f3n y ruido<\/li>\n<li>Flexibilidad<\/li>\n<li>Adaptaci\u00f3n a los contornos<\/li>\n<li>Desbaste grueso<\/li>\n<li>Alta remoci\u00f3n de material<\/li>\n<li>Abrasivo agresivo<\/li>\n<li>Altamente resistente<\/li>\n<li>Larga vida \u00fatil de la herramienta<\/li>\n<\/ul>\n<p>El <em>Abanico Lijador de Mango de Corind\u00f3n de Circonio Z CHEMITOOL<\/em> es excelente para trabajar en lugares con poca accesibilidad, lo que proporciona la posibilidad de eliminar los materiales m\u00e1s dif\u00edciles. Adecuado para nivelaci\u00f3n, desbaste, trabajos de superficie, cordones de soldadura, estructuraci\u00f3n de superficies y rectificado fino paso a paso. Su flexibilidad permite una perfecta adaptaci\u00f3n a los contornos de la pieza de trabajo y, en consecuencia, una mejor precisi\u00f3n. Para un mejor rendimiento, recomendamos utilizar una velocidad de corte de 15-20 m\/s.<\/p>\n","protected":false},"excerpt":{"rendered":"<p>El <em>Abanico Lijador de Mango de Corind\u00f3n de Circonio Z CHEMITOOL <\/em>es adecuado para el desbaste grueso con una alta tasa de eliminaci\u00f3n de material y desbaste en fr\u00edo.<\/p>\n","protected":false},"featured_media":9120,"template":"","meta":[],"product_cat":[1426,1460,1473],"product_tag":[],"yoast_head":"<!-- This site is optimized with the Yoast SEO plugin v17.4 - https:\/\/yoast.com\/wordpress\/plugins\/seo\/ -->\n<title>ABANICO LIJADOR DE MANGO CORIND\u00d3N DE CIRCONIO Z &ndash; Chemitool<\/title>\n<meta name=\"description\" content=\"El Abanico Lijador de Mango de Corind\u00f3n de Circonio Z CHEMITOOL es adecuado para el desbaste grueso con una alta tasa de eliminaci\u00f3n de material y desbaste en fr\u00edo.\" \/>\n<meta name=\"robots\" content=\"index, follow, max-snippet:-1, max-image-preview:large, max-video-preview:-1\" \/>\n<link rel=\"canonical\" href=\"https:\/\/chemitool.com\/es\/products\/cutting\/abrasivos-flexibles\/abanicos-de-mango\/abanico-lijador-de-mango-corindon-de-circonio-z\/\" \/>\n<meta property=\"og:locale\" content=\"es_ES\" \/>\n<meta property=\"og:type\" content=\"article\" \/>\n<meta property=\"og:title\" content=\"ABANICO LIJADOR DE MANGO CORIND\u00d3N DE CIRCONIO Z &ndash; Chemitool\" \/>\n<meta property=\"og:description\" content=\"El Abanico Lijador de Mango de Corind\u00f3n de Circonio Z CHEMITOOL es adecuado para el desbaste grueso con una alta tasa de eliminaci\u00f3n de material y desbaste en fr\u00edo.\" \/>\n<meta property=\"og:url\" content=\"https:\/\/chemitool.com\/es\/products\/cutting\/abrasivos-flexibles\/abanicos-de-mango\/abanico-lijador-de-mango-corindon-de-circonio-z\/\" \/>\n<meta property=\"og:site_name\" content=\"Chemitool\" \/>\n<meta property=\"article:publisher\" content=\"https:\/\/www.facebook.com\/chemitool\" \/>\n<meta property=\"article:modified_time\" content=\"2020-11-09T11:16:41+00:00\" \/>\n<meta property=\"og:image\" content=\"https:\/\/chemitool.com\/wp-content\/uploads\/2020\/09\/zirconia-alumina-shaft-mounted-flap-wheel-2.png\" \/>\n\t<meta property=\"og:image:width\" content=\"800\" \/>\n\t<meta property=\"og:image:height\" content=\"800\" \/>\n<meta name=\"twitter:card\" content=\"summary_large_image\" \/>\n<meta name=\"twitter:label1\" content=\"Tiempo de lectura\" \/>\n\t<meta name=\"twitter:data1\" content=\"1 minuto\" \/>\n<script type=\"application\/ld+json\" class=\"yoast-schema-graph\">{\"@context\":\"https:\/\/schema.org\",\"@graph\":[{\"@type\":\"Organization\",\"@id\":\"https:\/\/chemitool.com\/#organization\",\"name\":\"Chemitool\",\"url\":\"https:\/\/chemitool.com\/\",\"sameAs\":[\"https:\/\/www.facebook.com\/chemitool\",\"https:\/\/www.instagram.com\/chemitool\/\"],\"logo\":{\"@type\":\"ImageObject\",\"@id\":\"https:\/\/chemitool.com\/#logo\",\"inLanguage\":\"es\",\"url\":\"https:\/\/chemitool.com\/wp-content\/uploads\/2020\/10\/logo_chemitool.png\",\"contentUrl\":\"https:\/\/chemitool.com\/wp-content\/uploads\/2020\/10\/logo_chemitool.png\",\"width\":400,\"height\":400,\"caption\":\"Chemitool\"},\"image\":{\"@id\":\"https:\/\/chemitool.com\/#logo\"}},{\"@type\":\"WebSite\",\"@id\":\"https:\/\/chemitool.com\/#website\",\"url\":\"https:\/\/chemitool.com\/\",\"name\":\"Chemitool\",\"description\":\"Chemitool - hardware and tools\",\"publisher\":{\"@id\":\"https:\/\/chemitool.com\/#organization\"},\"potentialAction\":[{\"@type\":\"SearchAction\",\"target\":{\"@type\":\"EntryPoint\",\"urlTemplate\":\"https:\/\/chemitool.com\/?s={search_term_string}\"},\"query-input\":\"required name=search_term_string\"}],\"inLanguage\":\"es\"},{\"@type\":\"ImageObject\",\"@id\":\"https:\/\/chemitool.com\/es\/products\/cutting\/abrasivos-flexibles\/abanicos-de-mango\/abanico-lijador-de-mango-corindon-de-circonio-z\/#primaryimage\",\"inLanguage\":\"es\",\"url\":\"https:\/\/chemitool.com\/wp-content\/uploads\/2020\/09\/CHA10020.png\",\"contentUrl\":\"https:\/\/chemitool.com\/wp-content\/uploads\/2020\/09\/CHA10020.png\",\"width\":800,\"height\":800},{\"@type\":\"WebPage\",\"@id\":\"https:\/\/chemitool.com\/es\/products\/cutting\/abrasivos-flexibles\/abanicos-de-mango\/abanico-lijador-de-mango-corindon-de-circonio-z\/#webpage\",\"url\":\"https:\/\/chemitool.com\/es\/products\/cutting\/abrasivos-flexibles\/abanicos-de-mango\/abanico-lijador-de-mango-corindon-de-circonio-z\/\",\"name\":\"ABANICO LIJADOR DE MANGO CORIND\\u00d3N DE CIRCONIO Z &ndash; Chemitool\",\"isPartOf\":{\"@id\":\"https:\/\/chemitool.com\/#website\"},\"primaryImageOfPage\":{\"@id\":\"https:\/\/chemitool.com\/es\/products\/cutting\/abrasivos-flexibles\/abanicos-de-mango\/abanico-lijador-de-mango-corindon-de-circonio-z\/#primaryimage\"},\"datePublished\":\"2020-09-02T14:36:59+00:00\",\"dateModified\":\"2020-11-09T11:16:41+00:00\",\"description\":\"El Abanico Lijador de Mango de Corind\\u00f3n de Circonio Z CHEMITOOL es adecuado para el desbaste grueso con una alta tasa de eliminaci\\u00f3n de material y desbaste en fr\\u00edo.\",\"breadcrumb\":{\"@id\":\"https:\/\/chemitool.com\/es\/products\/cutting\/abrasivos-flexibles\/abanicos-de-mango\/abanico-lijador-de-mango-corindon-de-circonio-z\/#breadcrumb\"},\"inLanguage\":\"es\",\"potentialAction\":[{\"@type\":\"ReadAction\",\"target\":[\"https:\/\/chemitool.com\/es\/products\/cutting\/abrasivos-flexibles\/abanicos-de-mango\/abanico-lijador-de-mango-corindon-de-circonio-z\/\"]}]},{\"@type\":\"BreadcrumbList\",\"@id\":\"https:\/\/chemitool.com\/es\/products\/cutting\/abrasivos-flexibles\/abanicos-de-mango\/abanico-lijador-de-mango-corindon-de-circonio-z\/#breadcrumb\",\"itemListElement\":[{\"@type\":\"ListItem\",\"position\":1,\"name\":\"Home\",\"item\":\"https:\/\/chemitool.com\/es\/\"},{\"@type\":\"ListItem\",\"position\":2,\"name\":\"Productos\",\"item\":\"https:\/\/chemitool.com\/es\/productos\/\"},{\"@type\":\"ListItem\",\"position\":3,\"name\":\"Cutting\",\"item\":\"https:\/\/chemitool.com\/es\/categoria-producto\/cutting\/\"},{\"@type\":\"ListItem\",\"position\":4,\"name\":\"Abrasivos Flexibles\",\"item\":\"https:\/\/chemitool.com\/es\/categoria-producto\/cutting\/abrasivos-flexibles\/\"},{\"@type\":\"ListItem\",\"position\":5,\"name\":\"Abanicos de Mango\",\"item\":\"https:\/\/chemitool.com\/es\/categoria-producto\/cutting\/abrasivos-flexibles\/abanicos-de-mango\/\"},{\"@type\":\"ListItem\",\"position\":6,\"name\":\"ABANICO LIJADOR DE MANGO CORIND\\u00d3N DE CIRCONIO Z\"}]}]}<\/script>\n<!-- \/ Yoast SEO plugin. -->","yoast_head_json":{"title":"ABANICO LIJADOR DE MANGO CORIND\u00d3N DE CIRCONIO Z &ndash; Chemitool","description":"El Abanico Lijador de Mango de Corind\u00f3n de Circonio Z CHEMITOOL es adecuado para el desbaste grueso con una alta tasa de eliminaci\u00f3n de material y desbaste en fr\u00edo.","robots":{"index":"index","follow":"follow","max-snippet":"max-snippet:-1","max-image-preview":"max-image-preview:large","max-video-preview":"max-video-preview:-1"},"canonical":"https:\/\/chemitool.com\/es\/products\/cutting\/abrasivos-flexibles\/abanicos-de-mango\/abanico-lijador-de-mango-corindon-de-circonio-z\/","og_locale":"es_ES","og_type":"article","og_title":"ABANICO LIJADOR DE MANGO CORIND\u00d3N DE CIRCONIO Z &ndash; Chemitool","og_description":"El Abanico Lijador de Mango de Corind\u00f3n de Circonio Z CHEMITOOL es adecuado para el desbaste grueso con una alta tasa de eliminaci\u00f3n de material y desbaste en fr\u00edo.","og_url":"https:\/\/chemitool.com\/es\/products\/cutting\/abrasivos-flexibles\/abanicos-de-mango\/abanico-lijador-de-mango-corindon-de-circonio-z\/","og_site_name":"Chemitool","article_publisher":"https:\/\/www.facebook.com\/chemitool","article_modified_time":"2020-11-09T11:16:41+00:00","og_image":[{"width":800,"height":800,"url":"https:\/\/chemitool.com\/wp-content\/uploads\/2020\/09\/zirconia-alumina-shaft-mounted-flap-wheel-2.png","type":"image\/png"}],"twitter_card":"summary_large_image","twitter_misc":{"Tiempo de lectura":"1 minuto"},"schema":{"@context":"https:\/\/schema.org","@graph":[{"@type":"Organization","@id":"https:\/\/chemitool.com\/#organization","name":"Chemitool","url":"https:\/\/chemitool.com\/","sameAs":["https:\/\/www.facebook.com\/chemitool","https:\/\/www.instagram.com\/chemitool\/"],"logo":{"@type":"ImageObject","@id":"https:\/\/chemitool.com\/#logo","inLanguage":"es","url":"https:\/\/chemitool.com\/wp-content\/uploads\/2020\/10\/logo_chemitool.png","contentUrl":"https:\/\/chemitool.com\/wp-content\/uploads\/2020\/10\/logo_chemitool.png","width":400,"height":400,"caption":"Chemitool"},"image":{"@id":"https:\/\/chemitool.com\/#logo"}},{"@type":"WebSite","@id":"https:\/\/chemitool.com\/#website","url":"https:\/\/chemitool.com\/","name":"Chemitool","description":"Chemitool - hardware and tools","publisher":{"@id":"https:\/\/chemitool.com\/#organization"},"potentialAction":[{"@type":"SearchAction","target":{"@type":"EntryPoint","urlTemplate":"https:\/\/chemitool.com\/?s={search_term_string}"},"query-input":"required name=search_term_string"}],"inLanguage":"es"},{"@type":"ImageObject","@id":"https:\/\/chemitool.com\/es\/products\/cutting\/abrasivos-flexibles\/abanicos-de-mango\/abanico-lijador-de-mango-corindon-de-circonio-z\/#primaryimage","inLanguage":"es","url":"https:\/\/chemitool.com\/wp-content\/uploads\/2020\/09\/CHA10020.png","contentUrl":"https:\/\/chemitool.com\/wp-content\/uploads\/2020\/09\/CHA10020.png","width":800,"height":800},{"@type":"WebPage","@id":"https:\/\/chemitool.com\/es\/products\/cutting\/abrasivos-flexibles\/abanicos-de-mango\/abanico-lijador-de-mango-corindon-de-circonio-z\/#webpage","url":"https:\/\/chemitool.com\/es\/products\/cutting\/abrasivos-flexibles\/abanicos-de-mango\/abanico-lijador-de-mango-corindon-de-circonio-z\/","name":"ABANICO LIJADOR DE MANGO CORIND\u00d3N DE CIRCONIO Z &ndash; Chemitool","isPartOf":{"@id":"https:\/\/chemitool.com\/#website"},"primaryImageOfPage":{"@id":"https:\/\/chemitool.com\/es\/products\/cutting\/abrasivos-flexibles\/abanicos-de-mango\/abanico-lijador-de-mango-corindon-de-circonio-z\/#primaryimage"},"datePublished":"2020-09-02T14:36:59+00:00","dateModified":"2020-11-09T11:16:41+00:00","description":"El Abanico Lijador de Mango de Corind\u00f3n de Circonio Z CHEMITOOL es adecuado para el desbaste grueso con una alta tasa de eliminaci\u00f3n de material y desbaste en fr\u00edo.","breadcrumb":{"@id":"https:\/\/chemitool.com\/es\/products\/cutting\/abrasivos-flexibles\/abanicos-de-mango\/abanico-lijador-de-mango-corindon-de-circonio-z\/#breadcrumb"},"inLanguage":"es","potentialAction":[{"@type":"ReadAction","target":["https:\/\/chemitool.com\/es\/products\/cutting\/abrasivos-flexibles\/abanicos-de-mango\/abanico-lijador-de-mango-corindon-de-circonio-z\/"]}]},{"@type":"BreadcrumbList","@id":"https:\/\/chemitool.com\/es\/products\/cutting\/abrasivos-flexibles\/abanicos-de-mango\/abanico-lijador-de-mango-corindon-de-circonio-z\/#breadcrumb","itemListElement":[{"@type":"ListItem","position":1,"name":"Home","item":"https:\/\/chemitool.com\/es\/"},{"@type":"ListItem","position":2,"name":"Productos","item":"https:\/\/chemitool.com\/es\/productos\/"},{"@type":"ListItem","position":3,"name":"Cutting","item":"https:\/\/chemitool.com\/es\/categoria-producto\/cutting\/"},{"@type":"ListItem","position":4,"name":"Abrasivos Flexibles","item":"https:\/\/chemitool.com\/es\/categoria-producto\/cutting\/abrasivos-flexibles\/"},{"@type":"ListItem","position":5,"name":"Abanicos de Mango","item":"https:\/\/chemitool.com\/es\/categoria-producto\/cutting\/abrasivos-flexibles\/abanicos-de-mango\/"},{"@type":"ListItem","position":6,"name":"ABANICO LIJADOR DE MANGO CORIND\u00d3N DE CIRCONIO Z"}]}]}},"_links":{"self":[{"href":"https:\/\/chemitool.com\/es\/wp-json\/wp\/v2\/product\/5719"}],"collection":[{"href":"https:\/\/chemitool.com\/es\/wp-json\/wp\/v2\/product"}],"about":[{"href":"https:\/\/chemitool.com\/es\/wp-json\/wp\/v2\/types\/product"}],"wp:featuredmedia":[{"embeddable":true,"href":"https:\/\/chemitool.com\/es\/wp-json\/wp\/v2\/media\/9120"}],"wp:attachment":[{"href":"https:\/\/chemitool.com\/es\/wp-json\/wp\/v2\/media?parent=5719"}],"wp:term":[{"taxonomy":"product_cat","embeddable":true,"href":"https:\/\/chemitool.com\/es\/wp-json\/wp\/v2\/product_cat?post=5719"},{"taxonomy":"product_tag","embeddable":true,"href":"https:\/\/chemitool.com\/es\/wp-json\/wp\/v2\/product_tag?post=5719"}],"curies":[{"name":"wp","href":"https:\/\/api.w.org\/{rel}","templated":true}]}}