{"id":5695,"date":"2020-09-02T10:08:02","date_gmt":"2020-09-02T10:08:02","guid":{"rendered":"https:\/\/chemitool.com\/products\/sin%20categor\u00eda\/disco-fibra-grano-circonio\/"},"modified":"2020-11-09T15:16:45","modified_gmt":"2020-11-09T15:16:45","slug":"disco-de-lija-corindon-de-circonio-z","status":"publish","type":"product","link":"https:\/\/chemitool.com\/es\/products\/cutting\/abrasivos-flexibles\/disco-de-lija\/disco-de-lija-corindon-de-circonio-z\/","title":{"rendered":"DISCO DE LIJA CORIND\u00d3N DE CIRC\u00d3NIO Z"},"content":{"rendered":"<p><strong>VENTAJAS<\/strong><\/p>\n<ul>\n<li>Alto rendimiento<\/li>\n<li>Acabado superficial de alta calidad<\/li>\n<li>Excelente adaptaci\u00f3n a los contornos<\/li>\n<li>Gran estabilidad y seguridad laboral<\/li>\n<li>Larga vida \u00fatil de la herramienta<\/li>\n<\/ul>\n<p>El <em>Disco de Lija Grano Corind\u00f3n de Circ\u00f3nio Z CHEMITOOL<\/em> garantiza una alta eliminaci\u00f3n de material en granos gruesos y una buena calidad de pulido de la superficie en granos m\u00e1s finos. Para un desbaste m\u00e1s estable, este disco tiene una base gruesa y vulcanizada (unida con resina sint\u00e9tica).<br \/>\nAdecuado para nivelaci\u00f3n, desbaste, trabajo sobre superficies, mecanizado de cantos, trabajo de cordones de soldadura y lijado fino y gruesso.<\/p>\n<p>Para usar con el <em><a href=\"https:\/\/chemitool.com\/es\/products\/herramientas-de-corte\/abrasivos-flexibles\/disco-de-lija\/plato-goma-disco-fibra\/\"><u>Plato de Goma de Discos de Fibra CHEMITOOL<\/u><\/a>.<\/em><\/p>\n","protected":false},"excerpt":{"rendered":"<p>El <em>Disco de Lija Grano Corind\u00f3n de Circ\u00f3nio Z CHEMITOOL<\/em> permite una eliminaci\u00f3n \u00f3ptima del material y una excelente durabilidad en el pulido en fr\u00edo.<\/p>\n","protected":false},"featured_media":9153,"template":"","meta":[],"product_cat":[1426,1460,1470],"product_tag":[1477],"yoast_head":"<!-- This site is optimized with the Yoast SEO plugin v17.4 - https:\/\/yoast.com\/wordpress\/plugins\/seo\/ -->\n<title>DISCO DE LIJA CORIND\u00d3N DE CIRC\u00d3NIO Z &ndash; Chemitool<\/title>\n<meta name=\"description\" content=\"El Disco de Lija Grano Corind\u00f3n de Circ\u00f3nio Z CHEMITOOL permite una eliminaci\u00f3n \u00f3ptima del material y una excelente durabilidad en el pulido en fr\u00edo.\" \/>\n<meta name=\"robots\" content=\"index, follow, max-snippet:-1, max-image-preview:large, max-video-preview:-1\" \/>\n<link rel=\"canonical\" href=\"https:\/\/chemitool.com\/es\/products\/cutting\/abrasivos-flexibles\/disco-de-lija\/disco-de-lija-corindon-de-circonio-z\/\" \/>\n<meta property=\"og:locale\" content=\"es_ES\" \/>\n<meta property=\"og:type\" content=\"article\" \/>\n<meta property=\"og:title\" content=\"DISCO DE LIJA CORIND\u00d3N DE CIRC\u00d3NIO Z &ndash; Chemitool\" \/>\n<meta property=\"og:description\" content=\"El Disco de Lija Grano Corind\u00f3n de Circ\u00f3nio Z CHEMITOOL permite una eliminaci\u00f3n \u00f3ptima del material y una excelente durabilidad en el pulido en fr\u00edo.\" \/>\n<meta property=\"og:url\" content=\"https:\/\/chemitool.com\/es\/products\/cutting\/abrasivos-flexibles\/disco-de-lija\/disco-de-lija-corindon-de-circonio-z\/\" \/>\n<meta property=\"og:site_name\" content=\"Chemitool\" \/>\n<meta property=\"article:publisher\" content=\"https:\/\/www.facebook.com\/chemitool\" \/>\n<meta property=\"article:modified_time\" content=\"2020-11-09T15:16:45+00:00\" \/>\n<meta property=\"og:image\" content=\"https:\/\/chemitool.com\/wp-content\/uploads\/2020\/09\/zirconia-alumina-fibre-disc-1.png\" \/>\n\t<meta property=\"og:image:width\" content=\"800\" \/>\n\t<meta property=\"og:image:height\" content=\"800\" \/>\n<meta name=\"twitter:card\" content=\"summary_large_image\" \/>\n<meta name=\"twitter:label1\" content=\"Tiempo de lectura\" \/>\n\t<meta name=\"twitter:data1\" content=\"1 minuto\" \/>\n<script type=\"application\/ld+json\" class=\"yoast-schema-graph\">{\"@context\":\"https:\/\/schema.org\",\"@graph\":[{\"@type\":\"Organization\",\"@id\":\"https:\/\/chemitool.com\/#organization\",\"name\":\"Chemitool\",\"url\":\"https:\/\/chemitool.com\/\",\"sameAs\":[\"https:\/\/www.facebook.com\/chemitool\",\"https:\/\/www.instagram.com\/chemitool\/\"],\"logo\":{\"@type\":\"ImageObject\",\"@id\":\"https:\/\/chemitool.com\/#logo\",\"inLanguage\":\"es\",\"url\":\"https:\/\/chemitool.com\/wp-content\/uploads\/2020\/10\/logo_chemitool.png\",\"contentUrl\":\"https:\/\/chemitool.com\/wp-content\/uploads\/2020\/10\/logo_chemitool.png\",\"width\":400,\"height\":400,\"caption\":\"Chemitool\"},\"image\":{\"@id\":\"https:\/\/chemitool.com\/#logo\"}},{\"@type\":\"WebSite\",\"@id\":\"https:\/\/chemitool.com\/#website\",\"url\":\"https:\/\/chemitool.com\/\",\"name\":\"Chemitool\",\"description\":\"Chemitool - hardware and tools\",\"publisher\":{\"@id\":\"https:\/\/chemitool.com\/#organization\"},\"potentialAction\":[{\"@type\":\"SearchAction\",\"target\":{\"@type\":\"EntryPoint\",\"urlTemplate\":\"https:\/\/chemitool.com\/?s={search_term_string}\"},\"query-input\":\"required name=search_term_string\"}],\"inLanguage\":\"es\"},{\"@type\":\"ImageObject\",\"@id\":\"https:\/\/chemitool.com\/es\/products\/cutting\/abrasivos-flexibles\/disco-de-lija\/disco-de-lija-corindon-de-circonio-z\/#primaryimage\",\"inLanguage\":\"es\",\"url\":\"https:\/\/chemitool.com\/wp-content\/uploads\/2020\/09\/CHA0501.png\",\"contentUrl\":\"https:\/\/chemitool.com\/wp-content\/uploads\/2020\/09\/CHA0501.png\",\"width\":800,\"height\":800},{\"@type\":\"WebPage\",\"@id\":\"https:\/\/chemitool.com\/es\/products\/cutting\/abrasivos-flexibles\/disco-de-lija\/disco-de-lija-corindon-de-circonio-z\/#webpage\",\"url\":\"https:\/\/chemitool.com\/es\/products\/cutting\/abrasivos-flexibles\/disco-de-lija\/disco-de-lija-corindon-de-circonio-z\/\",\"name\":\"DISCO DE LIJA CORIND\\u00d3N DE CIRC\\u00d3NIO Z &ndash; Chemitool\",\"isPartOf\":{\"@id\":\"https:\/\/chemitool.com\/#website\"},\"primaryImageOfPage\":{\"@id\":\"https:\/\/chemitool.com\/es\/products\/cutting\/abrasivos-flexibles\/disco-de-lija\/disco-de-lija-corindon-de-circonio-z\/#primaryimage\"},\"datePublished\":\"2020-09-02T10:08:02+00:00\",\"dateModified\":\"2020-11-09T15:16:45+00:00\",\"description\":\"El Disco de Lija Grano Corind\\u00f3n de Circ\\u00f3nio Z CHEMITOOL permite una eliminaci\\u00f3n \\u00f3ptima del material y una excelente durabilidad en el pulido en fr\\u00edo.\",\"breadcrumb\":{\"@id\":\"https:\/\/chemitool.com\/es\/products\/cutting\/abrasivos-flexibles\/disco-de-lija\/disco-de-lija-corindon-de-circonio-z\/#breadcrumb\"},\"inLanguage\":\"es\",\"potentialAction\":[{\"@type\":\"ReadAction\",\"target\":[\"https:\/\/chemitool.com\/es\/products\/cutting\/abrasivos-flexibles\/disco-de-lija\/disco-de-lija-corindon-de-circonio-z\/\"]}]},{\"@type\":\"BreadcrumbList\",\"@id\":\"https:\/\/chemitool.com\/es\/products\/cutting\/abrasivos-flexibles\/disco-de-lija\/disco-de-lija-corindon-de-circonio-z\/#breadcrumb\",\"itemListElement\":[{\"@type\":\"ListItem\",\"position\":1,\"name\":\"Home\",\"item\":\"https:\/\/chemitool.com\/es\/\"},{\"@type\":\"ListItem\",\"position\":2,\"name\":\"Productos\",\"item\":\"https:\/\/chemitool.com\/es\/productos\/\"},{\"@type\":\"ListItem\",\"position\":3,\"name\":\"Cutting\",\"item\":\"https:\/\/chemitool.com\/es\/categoria-producto\/cutting\/\"},{\"@type\":\"ListItem\",\"position\":4,\"name\":\"Abrasivos Flexibles\",\"item\":\"https:\/\/chemitool.com\/es\/categoria-producto\/cutting\/abrasivos-flexibles\/\"},{\"@type\":\"ListItem\",\"position\":5,\"name\":\"Disco de Lija\",\"item\":\"https:\/\/chemitool.com\/es\/categoria-producto\/cutting\/abrasivos-flexibles\/disco-de-lija\/\"},{\"@type\":\"ListItem\",\"position\":6,\"name\":\"DISCO DE LIJA CORIND\\u00d3N DE CIRC\\u00d3NIO Z\"}]}]}<\/script>\n<!-- \/ Yoast SEO plugin. -->","yoast_head_json":{"title":"DISCO DE LIJA CORIND\u00d3N DE CIRC\u00d3NIO Z &ndash; Chemitool","description":"El Disco de Lija Grano Corind\u00f3n de Circ\u00f3nio Z CHEMITOOL permite una eliminaci\u00f3n \u00f3ptima del material y una excelente durabilidad en el pulido en fr\u00edo.","robots":{"index":"index","follow":"follow","max-snippet":"max-snippet:-1","max-image-preview":"max-image-preview:large","max-video-preview":"max-video-preview:-1"},"canonical":"https:\/\/chemitool.com\/es\/products\/cutting\/abrasivos-flexibles\/disco-de-lija\/disco-de-lija-corindon-de-circonio-z\/","og_locale":"es_ES","og_type":"article","og_title":"DISCO DE LIJA CORIND\u00d3N DE CIRC\u00d3NIO Z &ndash; Chemitool","og_description":"El Disco de Lija Grano Corind\u00f3n de Circ\u00f3nio Z CHEMITOOL permite una eliminaci\u00f3n \u00f3ptima del material y una excelente durabilidad en el pulido en fr\u00edo.","og_url":"https:\/\/chemitool.com\/es\/products\/cutting\/abrasivos-flexibles\/disco-de-lija\/disco-de-lija-corindon-de-circonio-z\/","og_site_name":"Chemitool","article_publisher":"https:\/\/www.facebook.com\/chemitool","article_modified_time":"2020-11-09T15:16:45+00:00","og_image":[{"width":800,"height":800,"url":"https:\/\/chemitool.com\/wp-content\/uploads\/2020\/09\/zirconia-alumina-fibre-disc-1.png","type":"image\/png"}],"twitter_card":"summary_large_image","twitter_misc":{"Tiempo de lectura":"1 minuto"},"schema":{"@context":"https:\/\/schema.org","@graph":[{"@type":"Organization","@id":"https:\/\/chemitool.com\/#organization","name":"Chemitool","url":"https:\/\/chemitool.com\/","sameAs":["https:\/\/www.facebook.com\/chemitool","https:\/\/www.instagram.com\/chemitool\/"],"logo":{"@type":"ImageObject","@id":"https:\/\/chemitool.com\/#logo","inLanguage":"es","url":"https:\/\/chemitool.com\/wp-content\/uploads\/2020\/10\/logo_chemitool.png","contentUrl":"https:\/\/chemitool.com\/wp-content\/uploads\/2020\/10\/logo_chemitool.png","width":400,"height":400,"caption":"Chemitool"},"image":{"@id":"https:\/\/chemitool.com\/#logo"}},{"@type":"WebSite","@id":"https:\/\/chemitool.com\/#website","url":"https:\/\/chemitool.com\/","name":"Chemitool","description":"Chemitool - hardware and tools","publisher":{"@id":"https:\/\/chemitool.com\/#organization"},"potentialAction":[{"@type":"SearchAction","target":{"@type":"EntryPoint","urlTemplate":"https:\/\/chemitool.com\/?s={search_term_string}"},"query-input":"required name=search_term_string"}],"inLanguage":"es"},{"@type":"ImageObject","@id":"https:\/\/chemitool.com\/es\/products\/cutting\/abrasivos-flexibles\/disco-de-lija\/disco-de-lija-corindon-de-circonio-z\/#primaryimage","inLanguage":"es","url":"https:\/\/chemitool.com\/wp-content\/uploads\/2020\/09\/CHA0501.png","contentUrl":"https:\/\/chemitool.com\/wp-content\/uploads\/2020\/09\/CHA0501.png","width":800,"height":800},{"@type":"WebPage","@id":"https:\/\/chemitool.com\/es\/products\/cutting\/abrasivos-flexibles\/disco-de-lija\/disco-de-lija-corindon-de-circonio-z\/#webpage","url":"https:\/\/chemitool.com\/es\/products\/cutting\/abrasivos-flexibles\/disco-de-lija\/disco-de-lija-corindon-de-circonio-z\/","name":"DISCO DE LIJA CORIND\u00d3N DE CIRC\u00d3NIO Z &ndash; Chemitool","isPartOf":{"@id":"https:\/\/chemitool.com\/#website"},"primaryImageOfPage":{"@id":"https:\/\/chemitool.com\/es\/products\/cutting\/abrasivos-flexibles\/disco-de-lija\/disco-de-lija-corindon-de-circonio-z\/#primaryimage"},"datePublished":"2020-09-02T10:08:02+00:00","dateModified":"2020-11-09T15:16:45+00:00","description":"El Disco de Lija Grano Corind\u00f3n de Circ\u00f3nio Z CHEMITOOL permite una eliminaci\u00f3n \u00f3ptima del material y una excelente durabilidad en el pulido en fr\u00edo.","breadcrumb":{"@id":"https:\/\/chemitool.com\/es\/products\/cutting\/abrasivos-flexibles\/disco-de-lija\/disco-de-lija-corindon-de-circonio-z\/#breadcrumb"},"inLanguage":"es","potentialAction":[{"@type":"ReadAction","target":["https:\/\/chemitool.com\/es\/products\/cutting\/abrasivos-flexibles\/disco-de-lija\/disco-de-lija-corindon-de-circonio-z\/"]}]},{"@type":"BreadcrumbList","@id":"https:\/\/chemitool.com\/es\/products\/cutting\/abrasivos-flexibles\/disco-de-lija\/disco-de-lija-corindon-de-circonio-z\/#breadcrumb","itemListElement":[{"@type":"ListItem","position":1,"name":"Home","item":"https:\/\/chemitool.com\/es\/"},{"@type":"ListItem","position":2,"name":"Productos","item":"https:\/\/chemitool.com\/es\/productos\/"},{"@type":"ListItem","position":3,"name":"Cutting","item":"https:\/\/chemitool.com\/es\/categoria-producto\/cutting\/"},{"@type":"ListItem","position":4,"name":"Abrasivos Flexibles","item":"https:\/\/chemitool.com\/es\/categoria-producto\/cutting\/abrasivos-flexibles\/"},{"@type":"ListItem","position":5,"name":"Disco de Lija","item":"https:\/\/chemitool.com\/es\/categoria-producto\/cutting\/abrasivos-flexibles\/disco-de-lija\/"},{"@type":"ListItem","position":6,"name":"DISCO DE LIJA CORIND\u00d3N DE CIRC\u00d3NIO Z"}]}]}},"_links":{"self":[{"href":"https:\/\/chemitool.com\/es\/wp-json\/wp\/v2\/product\/5695"}],"collection":[{"href":"https:\/\/chemitool.com\/es\/wp-json\/wp\/v2\/product"}],"about":[{"href":"https:\/\/chemitool.com\/es\/wp-json\/wp\/v2\/types\/product"}],"wp:featuredmedia":[{"embeddable":true,"href":"https:\/\/chemitool.com\/es\/wp-json\/wp\/v2\/media\/9153"}],"wp:attachment":[{"href":"https:\/\/chemitool.com\/es\/wp-json\/wp\/v2\/media?parent=5695"}],"wp:term":[{"taxonomy":"product_cat","embeddable":true,"href":"https:\/\/chemitool.com\/es\/wp-json\/wp\/v2\/product_cat?post=5695"},{"taxonomy":"product_tag","embeddable":true,"href":"https:\/\/chemitool.com\/es\/wp-json\/wp\/v2\/product_tag?post=5695"}],"curies":[{"name":"wp","href":"https:\/\/api.w.org\/{rel}","templated":true}]}}