{"id":5602,"date":"2020-07-23T10:45:53","date_gmt":"2020-07-23T10:45:53","guid":{"rendered":"https:\/\/chemitool.com\/products\/sin%20categor\u00eda\/disco-laminas-circonio-all-round\/"},"modified":"2020-11-09T15:47:25","modified_gmt":"2020-11-09T15:47:25","slug":"disco-de-laminas-all-round-corindon-de-circonio-z","status":"publish","type":"product","link":"https:\/\/chemitool.com\/es\/products\/cutting\/discos-de-laminas\/disco-de-laminas-all-round\/disco-de-laminas-all-round-corindon-de-circonio-z\/","title":{"rendered":"DISCO DE L\u00c1MINAS ALL-ROUND CORIND\u00d3N DE CIRC\u00d3NIO Z"},"content":{"rendered":"<p><strong>VENTAJAS<\/strong><\/p>\n<ul>\n<li>Disco curvo y forma radial<\/li>\n<li>Para trabajos de geometria<\/li>\n<li>Desbaste r\u00e1pido y agressivo<\/li>\n<li>Pulido perfecto en varios \u00e1ngulos<\/li>\n<li>Gran estabilidad y seguridad laboral<\/li>\n<li>Larga vida \u00fatil de la herramienta<\/li>\n<\/ul>\n<p>El <em>Disco de L\u00e1minas ALL-ROUND Grano Corind\u00f3n de Circ\u00f3nio Z CHEMITOOL <\/em>permite alcanzar las esquinas de las piezas soldadas gracias a su dise\u00f1o <em>ALL-ROUND<\/em>. Esta innovaci\u00f3n consiste en un disco curvo con una forma radial que permite una extracci\u00f3n \u00f3ptima y precisa de los cordones de soldadura. Este formato le ofrece enormes ventajas cuando se trata de una pieza de trabajo con esquinas, ya que proporciona un pulido perfecto. Para obtener excelentes resultados, sugerimos usar una amoladora angular.<\/p>\n<p>Los discos de l\u00e1minas CHEMITOOL cumplen las normas Europeas (EN 13743).<\/p>\n","protected":false},"excerpt":{"rendered":"<p>El <em>Disco de L\u00e1minas ALL-ROUND Grano Corind\u00f3n de Circ\u00f3nio Z CHEMITOOL <\/em>es perfecto para trabajos que requieren una gran extracci\u00f3n de material. Con la innovaci\u00f3n <em>ALL-ROUND<\/em>, este disco le permite trabajar en cordones de soldadura y aprovechar al m\u00e1ximo el material abrasivo.<\/p>\n","protected":false},"featured_media":9169,"template":"","meta":[],"product_cat":[1426,1457,1495],"product_tag":[1479],"yoast_head":"<!-- This site is optimized with the Yoast SEO plugin v17.4 - https:\/\/yoast.com\/wordpress\/plugins\/seo\/ -->\n<title>DISCO DE L\u00c1MINAS ALL-ROUND CORIND\u00d3N DE CIRC\u00d3NIO Z &ndash; Chemitool<\/title>\n<meta name=\"description\" content=\"El Disco de L\u00e1minas ALL-ROUND Grano Corind\u00f3n de Circ\u00f3nio Z CHEMITOOL es perfecto para trabajos que requieren una gran extracci\u00f3n de material. Con la innovaci\u00f3n ALL-ROUND, este disco le permite trabajar en cordones de soldadura y aprovechar al m\u00e1ximo el material abrasivo.\" \/>\n<meta name=\"robots\" content=\"index, follow, max-snippet:-1, max-image-preview:large, max-video-preview:-1\" \/>\n<link rel=\"canonical\" href=\"https:\/\/chemitool.com\/es\/products\/cutting\/discos-de-laminas\/disco-de-laminas-all-round\/disco-de-laminas-all-round-corindon-de-circonio-z\/\" \/>\n<meta property=\"og:locale\" content=\"es_ES\" \/>\n<meta property=\"og:type\" content=\"article\" \/>\n<meta property=\"og:title\" content=\"DISCO DE L\u00c1MINAS ALL-ROUND CORIND\u00d3N DE CIRC\u00d3NIO Z &ndash; Chemitool\" \/>\n<meta property=\"og:description\" content=\"El Disco de L\u00e1minas ALL-ROUND Grano Corind\u00f3n de Circ\u00f3nio Z CHEMITOOL es perfecto para trabajos que requieren una gran extracci\u00f3n de material. Con la innovaci\u00f3n ALL-ROUND, este disco le permite trabajar en cordones de soldadura y aprovechar al m\u00e1ximo el material abrasivo.\" \/>\n<meta property=\"og:url\" content=\"https:\/\/chemitool.com\/es\/products\/cutting\/discos-de-laminas\/disco-de-laminas-all-round\/disco-de-laminas-all-round-corindon-de-circonio-z\/\" \/>\n<meta property=\"og:site_name\" content=\"Chemitool\" \/>\n<meta property=\"article:publisher\" content=\"https:\/\/www.facebook.com\/chemitool\" \/>\n<meta property=\"article:modified_time\" content=\"2020-11-09T15:47:25+00:00\" \/>\n<meta property=\"og:image\" content=\"https:\/\/chemitool.com\/wp-content\/uploads\/2020\/07\/allround-zirc-2.png\" \/>\n\t<meta property=\"og:image:width\" content=\"800\" \/>\n\t<meta property=\"og:image:height\" content=\"800\" \/>\n<meta name=\"twitter:card\" content=\"summary_large_image\" \/>\n<meta name=\"twitter:label1\" content=\"Tiempo de lectura\" \/>\n\t<meta name=\"twitter:data1\" content=\"1 minuto\" \/>\n<script type=\"application\/ld+json\" class=\"yoast-schema-graph\">{\"@context\":\"https:\/\/schema.org\",\"@graph\":[{\"@type\":\"Organization\",\"@id\":\"https:\/\/chemitool.com\/#organization\",\"name\":\"Chemitool\",\"url\":\"https:\/\/chemitool.com\/\",\"sameAs\":[\"https:\/\/www.facebook.com\/chemitool\",\"https:\/\/www.instagram.com\/chemitool\/\"],\"logo\":{\"@type\":\"ImageObject\",\"@id\":\"https:\/\/chemitool.com\/#logo\",\"inLanguage\":\"es\",\"url\":\"https:\/\/chemitool.com\/wp-content\/uploads\/2020\/10\/logo_chemitool.png\",\"contentUrl\":\"https:\/\/chemitool.com\/wp-content\/uploads\/2020\/10\/logo_chemitool.png\",\"width\":400,\"height\":400,\"caption\":\"Chemitool\"},\"image\":{\"@id\":\"https:\/\/chemitool.com\/#logo\"}},{\"@type\":\"WebSite\",\"@id\":\"https:\/\/chemitool.com\/#website\",\"url\":\"https:\/\/chemitool.com\/\",\"name\":\"Chemitool\",\"description\":\"Chemitool - hardware and tools\",\"publisher\":{\"@id\":\"https:\/\/chemitool.com\/#organization\"},\"potentialAction\":[{\"@type\":\"SearchAction\",\"target\":{\"@type\":\"EntryPoint\",\"urlTemplate\":\"https:\/\/chemitool.com\/?s={search_term_string}\"},\"query-input\":\"required name=search_term_string\"}],\"inLanguage\":\"es\"},{\"@type\":\"ImageObject\",\"@id\":\"https:\/\/chemitool.com\/es\/products\/cutting\/discos-de-laminas\/disco-de-laminas-all-round\/disco-de-laminas-all-round-corindon-de-circonio-z\/#primaryimage\",\"inLanguage\":\"es\",\"url\":\"https:\/\/chemitool.com\/wp-content\/uploads\/2020\/07\/CHA0205.png\",\"contentUrl\":\"https:\/\/chemitool.com\/wp-content\/uploads\/2020\/07\/CHA0205.png\",\"width\":800,\"height\":800},{\"@type\":\"WebPage\",\"@id\":\"https:\/\/chemitool.com\/es\/products\/cutting\/discos-de-laminas\/disco-de-laminas-all-round\/disco-de-laminas-all-round-corindon-de-circonio-z\/#webpage\",\"url\":\"https:\/\/chemitool.com\/es\/products\/cutting\/discos-de-laminas\/disco-de-laminas-all-round\/disco-de-laminas-all-round-corindon-de-circonio-z\/\",\"name\":\"DISCO DE L\\u00c1MINAS ALL-ROUND CORIND\\u00d3N DE CIRC\\u00d3NIO Z &ndash; Chemitool\",\"isPartOf\":{\"@id\":\"https:\/\/chemitool.com\/#website\"},\"primaryImageOfPage\":{\"@id\":\"https:\/\/chemitool.com\/es\/products\/cutting\/discos-de-laminas\/disco-de-laminas-all-round\/disco-de-laminas-all-round-corindon-de-circonio-z\/#primaryimage\"},\"datePublished\":\"2020-07-23T10:45:53+00:00\",\"dateModified\":\"2020-11-09T15:47:25+00:00\",\"description\":\"El Disco de L\\u00e1minas ALL-ROUND Grano Corind\\u00f3n de Circ\\u00f3nio Z CHEMITOOL es perfecto para trabajos que requieren una gran extracci\\u00f3n de material. Con la innovaci\\u00f3n ALL-ROUND, este disco le permite trabajar en cordones de soldadura y aprovechar al m\\u00e1ximo el material abrasivo.\",\"breadcrumb\":{\"@id\":\"https:\/\/chemitool.com\/es\/products\/cutting\/discos-de-laminas\/disco-de-laminas-all-round\/disco-de-laminas-all-round-corindon-de-circonio-z\/#breadcrumb\"},\"inLanguage\":\"es\",\"potentialAction\":[{\"@type\":\"ReadAction\",\"target\":[\"https:\/\/chemitool.com\/es\/products\/cutting\/discos-de-laminas\/disco-de-laminas-all-round\/disco-de-laminas-all-round-corindon-de-circonio-z\/\"]}]},{\"@type\":\"BreadcrumbList\",\"@id\":\"https:\/\/chemitool.com\/es\/products\/cutting\/discos-de-laminas\/disco-de-laminas-all-round\/disco-de-laminas-all-round-corindon-de-circonio-z\/#breadcrumb\",\"itemListElement\":[{\"@type\":\"ListItem\",\"position\":1,\"name\":\"Home\",\"item\":\"https:\/\/chemitool.com\/es\/\"},{\"@type\":\"ListItem\",\"position\":2,\"name\":\"Productos\",\"item\":\"https:\/\/chemitool.com\/es\/productos\/\"},{\"@type\":\"ListItem\",\"position\":3,\"name\":\"Cutting\",\"item\":\"https:\/\/chemitool.com\/es\/categoria-producto\/cutting\/\"},{\"@type\":\"ListItem\",\"position\":4,\"name\":\"DISCO DE L\\u00c1MINAS ALL-ROUND CORIND\\u00d3N DE CIRC\\u00d3NIO Z\"}]}]}<\/script>\n<!-- \/ Yoast SEO plugin. -->","yoast_head_json":{"title":"DISCO DE L\u00c1MINAS ALL-ROUND CORIND\u00d3N DE CIRC\u00d3NIO Z &ndash; Chemitool","description":"El Disco de L\u00e1minas ALL-ROUND Grano Corind\u00f3n de Circ\u00f3nio Z CHEMITOOL es perfecto para trabajos que requieren una gran extracci\u00f3n de material. Con la innovaci\u00f3n ALL-ROUND, este disco le permite trabajar en cordones de soldadura y aprovechar al m\u00e1ximo el material abrasivo.","robots":{"index":"index","follow":"follow","max-snippet":"max-snippet:-1","max-image-preview":"max-image-preview:large","max-video-preview":"max-video-preview:-1"},"canonical":"https:\/\/chemitool.com\/es\/products\/cutting\/discos-de-laminas\/disco-de-laminas-all-round\/disco-de-laminas-all-round-corindon-de-circonio-z\/","og_locale":"es_ES","og_type":"article","og_title":"DISCO DE L\u00c1MINAS ALL-ROUND CORIND\u00d3N DE CIRC\u00d3NIO Z &ndash; Chemitool","og_description":"El Disco de L\u00e1minas ALL-ROUND Grano Corind\u00f3n de Circ\u00f3nio Z CHEMITOOL es perfecto para trabajos que requieren una gran extracci\u00f3n de material. Con la innovaci\u00f3n ALL-ROUND, este disco le permite trabajar en cordones de soldadura y aprovechar al m\u00e1ximo el material abrasivo.","og_url":"https:\/\/chemitool.com\/es\/products\/cutting\/discos-de-laminas\/disco-de-laminas-all-round\/disco-de-laminas-all-round-corindon-de-circonio-z\/","og_site_name":"Chemitool","article_publisher":"https:\/\/www.facebook.com\/chemitool","article_modified_time":"2020-11-09T15:47:25+00:00","og_image":[{"width":800,"height":800,"url":"https:\/\/chemitool.com\/wp-content\/uploads\/2020\/07\/allround-zirc-2.png","type":"image\/png"}],"twitter_card":"summary_large_image","twitter_misc":{"Tiempo de lectura":"1 minuto"},"schema":{"@context":"https:\/\/schema.org","@graph":[{"@type":"Organization","@id":"https:\/\/chemitool.com\/#organization","name":"Chemitool","url":"https:\/\/chemitool.com\/","sameAs":["https:\/\/www.facebook.com\/chemitool","https:\/\/www.instagram.com\/chemitool\/"],"logo":{"@type":"ImageObject","@id":"https:\/\/chemitool.com\/#logo","inLanguage":"es","url":"https:\/\/chemitool.com\/wp-content\/uploads\/2020\/10\/logo_chemitool.png","contentUrl":"https:\/\/chemitool.com\/wp-content\/uploads\/2020\/10\/logo_chemitool.png","width":400,"height":400,"caption":"Chemitool"},"image":{"@id":"https:\/\/chemitool.com\/#logo"}},{"@type":"WebSite","@id":"https:\/\/chemitool.com\/#website","url":"https:\/\/chemitool.com\/","name":"Chemitool","description":"Chemitool - hardware and tools","publisher":{"@id":"https:\/\/chemitool.com\/#organization"},"potentialAction":[{"@type":"SearchAction","target":{"@type":"EntryPoint","urlTemplate":"https:\/\/chemitool.com\/?s={search_term_string}"},"query-input":"required name=search_term_string"}],"inLanguage":"es"},{"@type":"ImageObject","@id":"https:\/\/chemitool.com\/es\/products\/cutting\/discos-de-laminas\/disco-de-laminas-all-round\/disco-de-laminas-all-round-corindon-de-circonio-z\/#primaryimage","inLanguage":"es","url":"https:\/\/chemitool.com\/wp-content\/uploads\/2020\/07\/CHA0205.png","contentUrl":"https:\/\/chemitool.com\/wp-content\/uploads\/2020\/07\/CHA0205.png","width":800,"height":800},{"@type":"WebPage","@id":"https:\/\/chemitool.com\/es\/products\/cutting\/discos-de-laminas\/disco-de-laminas-all-round\/disco-de-laminas-all-round-corindon-de-circonio-z\/#webpage","url":"https:\/\/chemitool.com\/es\/products\/cutting\/discos-de-laminas\/disco-de-laminas-all-round\/disco-de-laminas-all-round-corindon-de-circonio-z\/","name":"DISCO DE L\u00c1MINAS ALL-ROUND CORIND\u00d3N DE CIRC\u00d3NIO Z &ndash; Chemitool","isPartOf":{"@id":"https:\/\/chemitool.com\/#website"},"primaryImageOfPage":{"@id":"https:\/\/chemitool.com\/es\/products\/cutting\/discos-de-laminas\/disco-de-laminas-all-round\/disco-de-laminas-all-round-corindon-de-circonio-z\/#primaryimage"},"datePublished":"2020-07-23T10:45:53+00:00","dateModified":"2020-11-09T15:47:25+00:00","description":"El Disco de L\u00e1minas ALL-ROUND Grano Corind\u00f3n de Circ\u00f3nio Z CHEMITOOL es perfecto para trabajos que requieren una gran extracci\u00f3n de material. Con la innovaci\u00f3n ALL-ROUND, este disco le permite trabajar en cordones de soldadura y aprovechar al m\u00e1ximo el material abrasivo.","breadcrumb":{"@id":"https:\/\/chemitool.com\/es\/products\/cutting\/discos-de-laminas\/disco-de-laminas-all-round\/disco-de-laminas-all-round-corindon-de-circonio-z\/#breadcrumb"},"inLanguage":"es","potentialAction":[{"@type":"ReadAction","target":["https:\/\/chemitool.com\/es\/products\/cutting\/discos-de-laminas\/disco-de-laminas-all-round\/disco-de-laminas-all-round-corindon-de-circonio-z\/"]}]},{"@type":"BreadcrumbList","@id":"https:\/\/chemitool.com\/es\/products\/cutting\/discos-de-laminas\/disco-de-laminas-all-round\/disco-de-laminas-all-round-corindon-de-circonio-z\/#breadcrumb","itemListElement":[{"@type":"ListItem","position":1,"name":"Home","item":"https:\/\/chemitool.com\/es\/"},{"@type":"ListItem","position":2,"name":"Productos","item":"https:\/\/chemitool.com\/es\/productos\/"},{"@type":"ListItem","position":3,"name":"Cutting","item":"https:\/\/chemitool.com\/es\/categoria-producto\/cutting\/"},{"@type":"ListItem","position":4,"name":"DISCO DE L\u00c1MINAS ALL-ROUND CORIND\u00d3N DE CIRC\u00d3NIO Z"}]}]}},"_links":{"self":[{"href":"https:\/\/chemitool.com\/es\/wp-json\/wp\/v2\/product\/5602"}],"collection":[{"href":"https:\/\/chemitool.com\/es\/wp-json\/wp\/v2\/product"}],"about":[{"href":"https:\/\/chemitool.com\/es\/wp-json\/wp\/v2\/types\/product"}],"wp:featuredmedia":[{"embeddable":true,"href":"https:\/\/chemitool.com\/es\/wp-json\/wp\/v2\/media\/9169"}],"wp:attachment":[{"href":"https:\/\/chemitool.com\/es\/wp-json\/wp\/v2\/media?parent=5602"}],"wp:term":[{"taxonomy":"product_cat","embeddable":true,"href":"https:\/\/chemitool.com\/es\/wp-json\/wp\/v2\/product_cat?post=5602"},{"taxonomy":"product_tag","embeddable":true,"href":"https:\/\/chemitool.com\/es\/wp-json\/wp\/v2\/product_tag?post=5602"}],"curies":[{"name":"wp","href":"https:\/\/api.w.org\/{rel}","templated":true}]}}