{"id":5600,"date":"2020-07-23T10:45:53","date_gmt":"2020-07-23T10:45:53","guid":{"rendered":"https:\/\/chemitool.com\/products\/sin%20categor\u00eda\/disco-laminas-de-aluminio-powerfrost\/"},"modified":"2020-11-09T15:39:54","modified_gmt":"2020-11-09T15:39:54","slug":"zirkonia-aluminium","status":"publish","type":"product","link":"https:\/\/chemitool.com\/es\/products\/cutting\/discos-de-laminas\/disco-de-laminas-powergrinding\/zirkonia-aluminium\/","title":{"rendered":"ZIRKONIA ALUMINIUM"},"content":{"rendered":"<p><strong>VENTAJAS<\/strong><\/p>\n<ul>\n<li>Tecnolog\u00eda POWERFROST<\/li>\n<li>Forma c\u00f3nica<\/li>\n<li>Desbaste agresivo<\/li>\n<li>Enfriamiento r\u00e1pido<\/li>\n<li>Gran estabilidad y seguridad laboral<\/li>\n<li>Larga vida \u00fatil de la herramienta<\/li>\n<\/ul>\n<p>El <em>Disco de L\u00e1minas de Corind\u00f3n de Circonio Z<\/em> <em>CHEMITOOL<\/em> garantiza una gran durabilidad y firmeza al pulir materiales. La mezcla de grano abrasivo en Circ\u00f3nio Aluminio Z y \u00d3xido de Aluminio A semi-friable permite una excelente eliminaci\u00f3n en aplicaciones de aluminio.<br \/>Adecuado para eliminar decoloraciones, materiales y imperfecciones en aluminio.<br \/>Gracias a su forma c\u00f3nica, el <em>Disco de L\u00e1minas de Corind\u00f3n de Circonio Z<\/em> <em>CHEMITOOL<\/em> tiene un \u00e1rea de rectificado m\u00e1s estrecha para eliminar los cordones de soldadura, el biselado y el desbarbado. Para aprovechar al m\u00e1ximo las l\u00e1minas abrasivas, debe trabajar en un \u00e1ngulo de contacto con la superficie de 10\u00b0 a 25\u00b0.<\/p>\n<p>Los discos de l\u00e1minas <em>CHEMITOOL<\/em> cumplen las normas Europeas (EN 13743).<\/p>\n","protected":false},"excerpt":{"rendered":"<p><em>El Disco de L\u00e1minas de Corind\u00f3n de Circonio Z<\/em> <em>CHEMITOOL<\/em>\u00a0es excelente para eliminar materiales acumulados en superficies de aluminio. Con tecnolog\u00eda <em>POWERFROST<\/em> para garantizar el enfriamiento r\u00e1pido del disco y de la pieza de trabajo de aluminio.<\/p>\n","protected":false},"featured_media":9166,"template":"","meta":[],"product_cat":[1426,1457,1496],"product_tag":[1479],"yoast_head":"<!-- This site is optimized with the Yoast SEO plugin v17.4 - https:\/\/yoast.com\/wordpress\/plugins\/seo\/ -->\n<title>ZIRKONIA ALUMINIUM &ndash; Chemitool<\/title>\n<meta name=\"description\" content=\"El Disco de L\u00e1minas de Corind\u00f3n de Circonio Z CHEMITOOL\u00a0es excelente para eliminar materiales acumulados en superficies de aluminio. Con tecnolog\u00eda POWERFROST para garantizar el enfriamiento r\u00e1pido del disco y de la pieza de trabajo de aluminio.\" \/>\n<meta name=\"robots\" content=\"index, follow, max-snippet:-1, max-image-preview:large, max-video-preview:-1\" \/>\n<link rel=\"canonical\" href=\"https:\/\/chemitool.com\/es\/products\/cutting\/discos-de-laminas\/disco-de-laminas-powergrinding\/zirkonia-aluminium\/\" \/>\n<meta property=\"og:locale\" content=\"es_ES\" \/>\n<meta property=\"og:type\" content=\"article\" \/>\n<meta property=\"og:title\" content=\"ZIRKONIA ALUMINIUM &ndash; Chemitool\" \/>\n<meta property=\"og:description\" content=\"El Disco de L\u00e1minas de Corind\u00f3n de Circonio Z CHEMITOOL\u00a0es excelente para eliminar materiales acumulados en superficies de aluminio. Con tecnolog\u00eda POWERFROST para garantizar el enfriamiento r\u00e1pido del disco y de la pieza de trabajo de aluminio.\" \/>\n<meta property=\"og:url\" content=\"https:\/\/chemitool.com\/es\/products\/cutting\/discos-de-laminas\/disco-de-laminas-powergrinding\/zirkonia-aluminium\/\" \/>\n<meta property=\"og:site_name\" content=\"Chemitool\" \/>\n<meta property=\"article:publisher\" content=\"https:\/\/www.facebook.com\/chemitool\" \/>\n<meta property=\"article:modified_time\" content=\"2020-11-09T15:39:54+00:00\" \/>\n<meta property=\"og:image\" content=\"https:\/\/chemitool.com\/wp-content\/uploads\/2020\/07\/powerfrost-alu-2.png\" \/>\n\t<meta property=\"og:image:width\" content=\"800\" \/>\n\t<meta property=\"og:image:height\" content=\"800\" \/>\n<meta name=\"twitter:card\" content=\"summary_large_image\" \/>\n<meta name=\"twitter:label1\" content=\"Tiempo de lectura\" \/>\n\t<meta name=\"twitter:data1\" content=\"1 minuto\" \/>\n<script type=\"application\/ld+json\" class=\"yoast-schema-graph\">{\"@context\":\"https:\/\/schema.org\",\"@graph\":[{\"@type\":\"Organization\",\"@id\":\"https:\/\/chemitool.com\/#organization\",\"name\":\"Chemitool\",\"url\":\"https:\/\/chemitool.com\/\",\"sameAs\":[\"https:\/\/www.facebook.com\/chemitool\",\"https:\/\/www.instagram.com\/chemitool\/\"],\"logo\":{\"@type\":\"ImageObject\",\"@id\":\"https:\/\/chemitool.com\/#logo\",\"inLanguage\":\"es\",\"url\":\"https:\/\/chemitool.com\/wp-content\/uploads\/2020\/10\/logo_chemitool.png\",\"contentUrl\":\"https:\/\/chemitool.com\/wp-content\/uploads\/2020\/10\/logo_chemitool.png\",\"width\":400,\"height\":400,\"caption\":\"Chemitool\"},\"image\":{\"@id\":\"https:\/\/chemitool.com\/#logo\"}},{\"@type\":\"WebSite\",\"@id\":\"https:\/\/chemitool.com\/#website\",\"url\":\"https:\/\/chemitool.com\/\",\"name\":\"Chemitool\",\"description\":\"Chemitool - hardware and tools\",\"publisher\":{\"@id\":\"https:\/\/chemitool.com\/#organization\"},\"potentialAction\":[{\"@type\":\"SearchAction\",\"target\":{\"@type\":\"EntryPoint\",\"urlTemplate\":\"https:\/\/chemitool.com\/?s={search_term_string}\"},\"query-input\":\"required name=search_term_string\"}],\"inLanguage\":\"es\"},{\"@type\":\"ImageObject\",\"@id\":\"https:\/\/chemitool.com\/es\/products\/cutting\/discos-de-laminas\/disco-de-laminas-powergrinding\/zirkonia-aluminium\/#primaryimage\",\"inLanguage\":\"es\",\"url\":\"https:\/\/chemitool.com\/wp-content\/uploads\/2020\/07\/CHA0210.png\",\"contentUrl\":\"https:\/\/chemitool.com\/wp-content\/uploads\/2020\/07\/CHA0210.png\",\"width\":800,\"height\":800},{\"@type\":\"WebPage\",\"@id\":\"https:\/\/chemitool.com\/es\/products\/cutting\/discos-de-laminas\/disco-de-laminas-powergrinding\/zirkonia-aluminium\/#webpage\",\"url\":\"https:\/\/chemitool.com\/es\/products\/cutting\/discos-de-laminas\/disco-de-laminas-powergrinding\/zirkonia-aluminium\/\",\"name\":\"ZIRKONIA ALUMINIUM &ndash; Chemitool\",\"isPartOf\":{\"@id\":\"https:\/\/chemitool.com\/#website\"},\"primaryImageOfPage\":{\"@id\":\"https:\/\/chemitool.com\/es\/products\/cutting\/discos-de-laminas\/disco-de-laminas-powergrinding\/zirkonia-aluminium\/#primaryimage\"},\"datePublished\":\"2020-07-23T10:45:53+00:00\",\"dateModified\":\"2020-11-09T15:39:54+00:00\",\"description\":\"El Disco de L\\u00e1minas de Corind\\u00f3n de Circonio Z CHEMITOOL\\u00a0es excelente para eliminar materiales acumulados en superficies de aluminio. Con tecnolog\\u00eda POWERFROST para garantizar el enfriamiento r\\u00e1pido del disco y de la pieza de trabajo de aluminio.\",\"breadcrumb\":{\"@id\":\"https:\/\/chemitool.com\/es\/products\/cutting\/discos-de-laminas\/disco-de-laminas-powergrinding\/zirkonia-aluminium\/#breadcrumb\"},\"inLanguage\":\"es\",\"potentialAction\":[{\"@type\":\"ReadAction\",\"target\":[\"https:\/\/chemitool.com\/es\/products\/cutting\/discos-de-laminas\/disco-de-laminas-powergrinding\/zirkonia-aluminium\/\"]}]},{\"@type\":\"BreadcrumbList\",\"@id\":\"https:\/\/chemitool.com\/es\/products\/cutting\/discos-de-laminas\/disco-de-laminas-powergrinding\/zirkonia-aluminium\/#breadcrumb\",\"itemListElement\":[{\"@type\":\"ListItem\",\"position\":1,\"name\":\"Home\",\"item\":\"https:\/\/chemitool.com\/es\/\"},{\"@type\":\"ListItem\",\"position\":2,\"name\":\"Productos\",\"item\":\"https:\/\/chemitool.com\/es\/productos\/\"},{\"@type\":\"ListItem\",\"position\":3,\"name\":\"Cutting\",\"item\":\"https:\/\/chemitool.com\/es\/categoria-producto\/cutting\/\"},{\"@type\":\"ListItem\",\"position\":4,\"name\":\"Discos de L\\u00e1minas\",\"item\":\"https:\/\/chemitool.com\/es\/categoria-producto\/cutting\/discos-de-laminas\/\"},{\"@type\":\"ListItem\",\"position\":5,\"name\":\"Disco de L\\u00e1minas POWERGRINDING\",\"item\":\"https:\/\/chemitool.com\/es\/categoria-producto\/cutting\/discos-de-laminas\/disco-de-laminas-powergrinding\/\"},{\"@type\":\"ListItem\",\"position\":6,\"name\":\"ZIRKONIA ALUMINIUM\"}]}]}<\/script>\n<!-- \/ Yoast SEO plugin. -->","yoast_head_json":{"title":"ZIRKONIA ALUMINIUM &ndash; Chemitool","description":"El Disco de L\u00e1minas de Corind\u00f3n de Circonio Z CHEMITOOL\u00a0es excelente para eliminar materiales acumulados en superficies de aluminio. Con tecnolog\u00eda POWERFROST para garantizar el enfriamiento r\u00e1pido del disco y de la pieza de trabajo de aluminio.","robots":{"index":"index","follow":"follow","max-snippet":"max-snippet:-1","max-image-preview":"max-image-preview:large","max-video-preview":"max-video-preview:-1"},"canonical":"https:\/\/chemitool.com\/es\/products\/cutting\/discos-de-laminas\/disco-de-laminas-powergrinding\/zirkonia-aluminium\/","og_locale":"es_ES","og_type":"article","og_title":"ZIRKONIA ALUMINIUM &ndash; Chemitool","og_description":"El Disco de L\u00e1minas de Corind\u00f3n de Circonio Z CHEMITOOL\u00a0es excelente para eliminar materiales acumulados en superficies de aluminio. Con tecnolog\u00eda POWERFROST para garantizar el enfriamiento r\u00e1pido del disco y de la pieza de trabajo de aluminio.","og_url":"https:\/\/chemitool.com\/es\/products\/cutting\/discos-de-laminas\/disco-de-laminas-powergrinding\/zirkonia-aluminium\/","og_site_name":"Chemitool","article_publisher":"https:\/\/www.facebook.com\/chemitool","article_modified_time":"2020-11-09T15:39:54+00:00","og_image":[{"width":800,"height":800,"url":"https:\/\/chemitool.com\/wp-content\/uploads\/2020\/07\/powerfrost-alu-2.png","type":"image\/png"}],"twitter_card":"summary_large_image","twitter_misc":{"Tiempo de lectura":"1 minuto"},"schema":{"@context":"https:\/\/schema.org","@graph":[{"@type":"Organization","@id":"https:\/\/chemitool.com\/#organization","name":"Chemitool","url":"https:\/\/chemitool.com\/","sameAs":["https:\/\/www.facebook.com\/chemitool","https:\/\/www.instagram.com\/chemitool\/"],"logo":{"@type":"ImageObject","@id":"https:\/\/chemitool.com\/#logo","inLanguage":"es","url":"https:\/\/chemitool.com\/wp-content\/uploads\/2020\/10\/logo_chemitool.png","contentUrl":"https:\/\/chemitool.com\/wp-content\/uploads\/2020\/10\/logo_chemitool.png","width":400,"height":400,"caption":"Chemitool"},"image":{"@id":"https:\/\/chemitool.com\/#logo"}},{"@type":"WebSite","@id":"https:\/\/chemitool.com\/#website","url":"https:\/\/chemitool.com\/","name":"Chemitool","description":"Chemitool - hardware and tools","publisher":{"@id":"https:\/\/chemitool.com\/#organization"},"potentialAction":[{"@type":"SearchAction","target":{"@type":"EntryPoint","urlTemplate":"https:\/\/chemitool.com\/?s={search_term_string}"},"query-input":"required name=search_term_string"}],"inLanguage":"es"},{"@type":"ImageObject","@id":"https:\/\/chemitool.com\/es\/products\/cutting\/discos-de-laminas\/disco-de-laminas-powergrinding\/zirkonia-aluminium\/#primaryimage","inLanguage":"es","url":"https:\/\/chemitool.com\/wp-content\/uploads\/2020\/07\/CHA0210.png","contentUrl":"https:\/\/chemitool.com\/wp-content\/uploads\/2020\/07\/CHA0210.png","width":800,"height":800},{"@type":"WebPage","@id":"https:\/\/chemitool.com\/es\/products\/cutting\/discos-de-laminas\/disco-de-laminas-powergrinding\/zirkonia-aluminium\/#webpage","url":"https:\/\/chemitool.com\/es\/products\/cutting\/discos-de-laminas\/disco-de-laminas-powergrinding\/zirkonia-aluminium\/","name":"ZIRKONIA ALUMINIUM &ndash; Chemitool","isPartOf":{"@id":"https:\/\/chemitool.com\/#website"},"primaryImageOfPage":{"@id":"https:\/\/chemitool.com\/es\/products\/cutting\/discos-de-laminas\/disco-de-laminas-powergrinding\/zirkonia-aluminium\/#primaryimage"},"datePublished":"2020-07-23T10:45:53+00:00","dateModified":"2020-11-09T15:39:54+00:00","description":"El Disco de L\u00e1minas de Corind\u00f3n de Circonio Z CHEMITOOL\u00a0es excelente para eliminar materiales acumulados en superficies de aluminio. Con tecnolog\u00eda POWERFROST para garantizar el enfriamiento r\u00e1pido del disco y de la pieza de trabajo de aluminio.","breadcrumb":{"@id":"https:\/\/chemitool.com\/es\/products\/cutting\/discos-de-laminas\/disco-de-laminas-powergrinding\/zirkonia-aluminium\/#breadcrumb"},"inLanguage":"es","potentialAction":[{"@type":"ReadAction","target":["https:\/\/chemitool.com\/es\/products\/cutting\/discos-de-laminas\/disco-de-laminas-powergrinding\/zirkonia-aluminium\/"]}]},{"@type":"BreadcrumbList","@id":"https:\/\/chemitool.com\/es\/products\/cutting\/discos-de-laminas\/disco-de-laminas-powergrinding\/zirkonia-aluminium\/#breadcrumb","itemListElement":[{"@type":"ListItem","position":1,"name":"Home","item":"https:\/\/chemitool.com\/es\/"},{"@type":"ListItem","position":2,"name":"Productos","item":"https:\/\/chemitool.com\/es\/productos\/"},{"@type":"ListItem","position":3,"name":"Cutting","item":"https:\/\/chemitool.com\/es\/categoria-producto\/cutting\/"},{"@type":"ListItem","position":4,"name":"Discos de L\u00e1minas","item":"https:\/\/chemitool.com\/es\/categoria-producto\/cutting\/discos-de-laminas\/"},{"@type":"ListItem","position":5,"name":"Disco de L\u00e1minas POWERGRINDING","item":"https:\/\/chemitool.com\/es\/categoria-producto\/cutting\/discos-de-laminas\/disco-de-laminas-powergrinding\/"},{"@type":"ListItem","position":6,"name":"ZIRKONIA ALUMINIUM"}]}]}},"_links":{"self":[{"href":"https:\/\/chemitool.com\/es\/wp-json\/wp\/v2\/product\/5600"}],"collection":[{"href":"https:\/\/chemitool.com\/es\/wp-json\/wp\/v2\/product"}],"about":[{"href":"https:\/\/chemitool.com\/es\/wp-json\/wp\/v2\/types\/product"}],"wp:featuredmedia":[{"embeddable":true,"href":"https:\/\/chemitool.com\/es\/wp-json\/wp\/v2\/media\/9166"}],"wp:attachment":[{"href":"https:\/\/chemitool.com\/es\/wp-json\/wp\/v2\/media?parent=5600"}],"wp:term":[{"taxonomy":"product_cat","embeddable":true,"href":"https:\/\/chemitool.com\/es\/wp-json\/wp\/v2\/product_cat?post=5600"},{"taxonomy":"product_tag","embeddable":true,"href":"https:\/\/chemitool.com\/es\/wp-json\/wp\/v2\/product_tag?post=5600"}],"curies":[{"name":"wp","href":"https:\/\/api.w.org\/{rel}","templated":true}]}}