{"id":5596,"date":"2020-07-23T10:45:52","date_gmt":"2020-07-23T10:45:52","guid":{"rendered":"https:\/\/chemitool.com\/products\/sin%20categor\u00eda\/disco-de-laminas-carburo-silicio\/"},"modified":"2020-11-09T16:10:07","modified_gmt":"2020-11-09T16:10:07","slug":"disco-de-laminas-carburo-silicio-sic","status":"publish","type":"product","link":"https:\/\/chemitool.com\/es\/products\/cutting\/discos-de-laminas\/disco-de-laminas-standard\/disco-de-laminas-carburo-silicio-sic\/","title":{"rendered":"DISCO DE L\u00c1MINAS CARBURO SILICIO (SiC)"},"content":{"rendered":"<p><strong>VENTAJAS<\/strong><\/p>\n<ul>\n<li>Enfriamiento r\u00e1pido<\/li>\n<li>Alto rendimiento<\/li>\n<li>Desbaste agresivo<\/li>\n<li>Poca vibraci\u00f3n<\/li>\n<li>Resistencia al desbaste, hasta el \u00faltimo grano<\/li>\n<li>Gran estabilidad y seguridad laboral<\/li>\n<li>Larga vida \u00fatil de la herramienta<\/li>\n<\/ul>\n<p>El <em>Disco de L\u00e1minas Grano Carburo Silicio (SiC) CHEMITOOL<\/em> est\u00e1 compuesto de una mezcla de granos abrasivos de Carburo Sil\u00edcio (SiC) y, por lo tanto, tiene una excelente tasa de eliminaci\u00f3n y durabilidad. Este producto est\u00e1 dise\u00f1ado para lijar minerales duros, piedra y materiales compuestos, barnices y pintura, as\u00ed como, para lijar entre capas de barniz. Tambi\u00e9n es ideal para texturizar y lijar barnices y pinturas, imprimaciones, material de relleno y pl\u00e1sticos. Tambi\u00e9n es adecuado para trabajos de precisi\u00f3n en materiales ferrosos y no ferrosos. <br \/>Su objetivo es desbastar cordones de soldadura y eliminar barnices, pinturas y imperfecciones de las superficies. Para aprovechar al m\u00e1ximo las l\u00e1minas abrasivas, debe trabajar en un \u00e1ngulo de contacto con la superficie de 10\u00b0 a 25\u00b0.<\/p>\n<p>Los discos de l\u00e1minas <em>CHEMITOOL<\/em> cumplen las normas Europeas (EN 13743).<\/p>\n","protected":false},"excerpt":{"rendered":"<p>El<em> Disco de L\u00e1minas Grano Carburo Silicio (SiC) CHEMITOOL <\/em>fue desarrollado para uso profesional en varios tipos de materiales. De forma c\u00f3nica, con desbaste agresivo y un alto nivel de eficiencia.<\/p>\n","protected":false},"featured_media":9178,"template":"","meta":[],"product_cat":[1426,1457,1497],"product_tag":[1479],"yoast_head":"<!-- This site is optimized with the Yoast SEO plugin v17.4 - https:\/\/yoast.com\/wordpress\/plugins\/seo\/ -->\n<title>DISCO DE L\u00c1MINAS CARBURO SILICIO (SiC) &ndash; Chemitool<\/title>\n<meta name=\"description\" content=\"El Disco de L\u00e1minas Grano Carburo Silicio (SiC) CHEMITOOL fue desarrollado para uso profesional en varios tipos de materiales. De forma c\u00f3nica, con desbaste agresivo y un alto nivel de eficiencia.\" \/>\n<meta name=\"robots\" content=\"index, follow, max-snippet:-1, max-image-preview:large, max-video-preview:-1\" \/>\n<link rel=\"canonical\" href=\"https:\/\/chemitool.com\/es\/products\/cutting\/discos-de-laminas\/disco-de-laminas-standard\/disco-de-laminas-carburo-silicio-sic\/\" \/>\n<meta property=\"og:locale\" content=\"es_ES\" \/>\n<meta property=\"og:type\" content=\"article\" \/>\n<meta property=\"og:title\" content=\"DISCO DE L\u00c1MINAS CARBURO SILICIO (SiC) &ndash; Chemitool\" \/>\n<meta property=\"og:description\" content=\"El Disco de L\u00e1minas Grano Carburo Silicio (SiC) CHEMITOOL fue desarrollado para uso profesional en varios tipos de materiales. De forma c\u00f3nica, con desbaste agresivo y un alto nivel de eficiencia.\" \/>\n<meta property=\"og:url\" content=\"https:\/\/chemitool.com\/es\/products\/cutting\/discos-de-laminas\/disco-de-laminas-standard\/disco-de-laminas-carburo-silicio-sic\/\" \/>\n<meta property=\"og:site_name\" content=\"Chemitool\" \/>\n<meta property=\"article:publisher\" content=\"https:\/\/www.facebook.com\/chemitool\" \/>\n<meta property=\"article:modified_time\" content=\"2020-11-09T16:10:07+00:00\" \/>\n<meta property=\"og:image\" content=\"https:\/\/chemitool.com\/wp-content\/uploads\/2020\/07\/flap-silic-2.png\" \/>\n\t<meta property=\"og:image:width\" content=\"800\" \/>\n\t<meta property=\"og:image:height\" content=\"800\" \/>\n<meta name=\"twitter:card\" content=\"summary_large_image\" \/>\n<meta name=\"twitter:label1\" content=\"Tiempo de lectura\" \/>\n\t<meta name=\"twitter:data1\" content=\"1 minuto\" \/>\n<script type=\"application\/ld+json\" class=\"yoast-schema-graph\">{\"@context\":\"https:\/\/schema.org\",\"@graph\":[{\"@type\":\"Organization\",\"@id\":\"https:\/\/chemitool.com\/#organization\",\"name\":\"Chemitool\",\"url\":\"https:\/\/chemitool.com\/\",\"sameAs\":[\"https:\/\/www.facebook.com\/chemitool\",\"https:\/\/www.instagram.com\/chemitool\/\"],\"logo\":{\"@type\":\"ImageObject\",\"@id\":\"https:\/\/chemitool.com\/#logo\",\"inLanguage\":\"es\",\"url\":\"https:\/\/chemitool.com\/wp-content\/uploads\/2020\/10\/logo_chemitool.png\",\"contentUrl\":\"https:\/\/chemitool.com\/wp-content\/uploads\/2020\/10\/logo_chemitool.png\",\"width\":400,\"height\":400,\"caption\":\"Chemitool\"},\"image\":{\"@id\":\"https:\/\/chemitool.com\/#logo\"}},{\"@type\":\"WebSite\",\"@id\":\"https:\/\/chemitool.com\/#website\",\"url\":\"https:\/\/chemitool.com\/\",\"name\":\"Chemitool\",\"description\":\"Chemitool - hardware and tools\",\"publisher\":{\"@id\":\"https:\/\/chemitool.com\/#organization\"},\"potentialAction\":[{\"@type\":\"SearchAction\",\"target\":{\"@type\":\"EntryPoint\",\"urlTemplate\":\"https:\/\/chemitool.com\/?s={search_term_string}\"},\"query-input\":\"required name=search_term_string\"}],\"inLanguage\":\"es\"},{\"@type\":\"ImageObject\",\"@id\":\"https:\/\/chemitool.com\/es\/products\/cutting\/discos-de-laminas\/disco-de-laminas-standard\/disco-de-laminas-carburo-silicio-sic\/#primaryimage\",\"inLanguage\":\"es\",\"url\":\"https:\/\/chemitool.com\/wp-content\/uploads\/2020\/07\/CHA0208.png\",\"contentUrl\":\"https:\/\/chemitool.com\/wp-content\/uploads\/2020\/07\/CHA0208.png\",\"width\":800,\"height\":800},{\"@type\":\"WebPage\",\"@id\":\"https:\/\/chemitool.com\/es\/products\/cutting\/discos-de-laminas\/disco-de-laminas-standard\/disco-de-laminas-carburo-silicio-sic\/#webpage\",\"url\":\"https:\/\/chemitool.com\/es\/products\/cutting\/discos-de-laminas\/disco-de-laminas-standard\/disco-de-laminas-carburo-silicio-sic\/\",\"name\":\"DISCO DE L\\u00c1MINAS CARBURO SILICIO (SiC) &ndash; Chemitool\",\"isPartOf\":{\"@id\":\"https:\/\/chemitool.com\/#website\"},\"primaryImageOfPage\":{\"@id\":\"https:\/\/chemitool.com\/es\/products\/cutting\/discos-de-laminas\/disco-de-laminas-standard\/disco-de-laminas-carburo-silicio-sic\/#primaryimage\"},\"datePublished\":\"2020-07-23T10:45:52+00:00\",\"dateModified\":\"2020-11-09T16:10:07+00:00\",\"description\":\"El Disco de L\\u00e1minas Grano Carburo Silicio (SiC) CHEMITOOL fue desarrollado para uso profesional en varios tipos de materiales. De forma c\\u00f3nica, con desbaste agresivo y un alto nivel de eficiencia.\",\"breadcrumb\":{\"@id\":\"https:\/\/chemitool.com\/es\/products\/cutting\/discos-de-laminas\/disco-de-laminas-standard\/disco-de-laminas-carburo-silicio-sic\/#breadcrumb\"},\"inLanguage\":\"es\",\"potentialAction\":[{\"@type\":\"ReadAction\",\"target\":[\"https:\/\/chemitool.com\/es\/products\/cutting\/discos-de-laminas\/disco-de-laminas-standard\/disco-de-laminas-carburo-silicio-sic\/\"]}]},{\"@type\":\"BreadcrumbList\",\"@id\":\"https:\/\/chemitool.com\/es\/products\/cutting\/discos-de-laminas\/disco-de-laminas-standard\/disco-de-laminas-carburo-silicio-sic\/#breadcrumb\",\"itemListElement\":[{\"@type\":\"ListItem\",\"position\":1,\"name\":\"Home\",\"item\":\"https:\/\/chemitool.com\/es\/\"},{\"@type\":\"ListItem\",\"position\":2,\"name\":\"Productos\",\"item\":\"https:\/\/chemitool.com\/es\/productos\/\"},{\"@type\":\"ListItem\",\"position\":3,\"name\":\"Cutting\",\"item\":\"https:\/\/chemitool.com\/es\/categoria-producto\/cutting\/\"},{\"@type\":\"ListItem\",\"position\":4,\"name\":\"DISCO DE L\\u00c1MINAS CARBURO SILICIO (SiC)\"}]}]}<\/script>\n<!-- \/ Yoast SEO plugin. -->","yoast_head_json":{"title":"DISCO DE L\u00c1MINAS CARBURO SILICIO (SiC) &ndash; Chemitool","description":"El Disco de L\u00e1minas Grano Carburo Silicio (SiC) CHEMITOOL fue desarrollado para uso profesional en varios tipos de materiales. De forma c\u00f3nica, con desbaste agresivo y un alto nivel de eficiencia.","robots":{"index":"index","follow":"follow","max-snippet":"max-snippet:-1","max-image-preview":"max-image-preview:large","max-video-preview":"max-video-preview:-1"},"canonical":"https:\/\/chemitool.com\/es\/products\/cutting\/discos-de-laminas\/disco-de-laminas-standard\/disco-de-laminas-carburo-silicio-sic\/","og_locale":"es_ES","og_type":"article","og_title":"DISCO DE L\u00c1MINAS CARBURO SILICIO (SiC) &ndash; Chemitool","og_description":"El Disco de L\u00e1minas Grano Carburo Silicio (SiC) CHEMITOOL fue desarrollado para uso profesional en varios tipos de materiales. De forma c\u00f3nica, con desbaste agresivo y un alto nivel de eficiencia.","og_url":"https:\/\/chemitool.com\/es\/products\/cutting\/discos-de-laminas\/disco-de-laminas-standard\/disco-de-laminas-carburo-silicio-sic\/","og_site_name":"Chemitool","article_publisher":"https:\/\/www.facebook.com\/chemitool","article_modified_time":"2020-11-09T16:10:07+00:00","og_image":[{"width":800,"height":800,"url":"https:\/\/chemitool.com\/wp-content\/uploads\/2020\/07\/flap-silic-2.png","type":"image\/png"}],"twitter_card":"summary_large_image","twitter_misc":{"Tiempo de lectura":"1 minuto"},"schema":{"@context":"https:\/\/schema.org","@graph":[{"@type":"Organization","@id":"https:\/\/chemitool.com\/#organization","name":"Chemitool","url":"https:\/\/chemitool.com\/","sameAs":["https:\/\/www.facebook.com\/chemitool","https:\/\/www.instagram.com\/chemitool\/"],"logo":{"@type":"ImageObject","@id":"https:\/\/chemitool.com\/#logo","inLanguage":"es","url":"https:\/\/chemitool.com\/wp-content\/uploads\/2020\/10\/logo_chemitool.png","contentUrl":"https:\/\/chemitool.com\/wp-content\/uploads\/2020\/10\/logo_chemitool.png","width":400,"height":400,"caption":"Chemitool"},"image":{"@id":"https:\/\/chemitool.com\/#logo"}},{"@type":"WebSite","@id":"https:\/\/chemitool.com\/#website","url":"https:\/\/chemitool.com\/","name":"Chemitool","description":"Chemitool - hardware and tools","publisher":{"@id":"https:\/\/chemitool.com\/#organization"},"potentialAction":[{"@type":"SearchAction","target":{"@type":"EntryPoint","urlTemplate":"https:\/\/chemitool.com\/?s={search_term_string}"},"query-input":"required name=search_term_string"}],"inLanguage":"es"},{"@type":"ImageObject","@id":"https:\/\/chemitool.com\/es\/products\/cutting\/discos-de-laminas\/disco-de-laminas-standard\/disco-de-laminas-carburo-silicio-sic\/#primaryimage","inLanguage":"es","url":"https:\/\/chemitool.com\/wp-content\/uploads\/2020\/07\/CHA0208.png","contentUrl":"https:\/\/chemitool.com\/wp-content\/uploads\/2020\/07\/CHA0208.png","width":800,"height":800},{"@type":"WebPage","@id":"https:\/\/chemitool.com\/es\/products\/cutting\/discos-de-laminas\/disco-de-laminas-standard\/disco-de-laminas-carburo-silicio-sic\/#webpage","url":"https:\/\/chemitool.com\/es\/products\/cutting\/discos-de-laminas\/disco-de-laminas-standard\/disco-de-laminas-carburo-silicio-sic\/","name":"DISCO DE L\u00c1MINAS CARBURO SILICIO (SiC) &ndash; Chemitool","isPartOf":{"@id":"https:\/\/chemitool.com\/#website"},"primaryImageOfPage":{"@id":"https:\/\/chemitool.com\/es\/products\/cutting\/discos-de-laminas\/disco-de-laminas-standard\/disco-de-laminas-carburo-silicio-sic\/#primaryimage"},"datePublished":"2020-07-23T10:45:52+00:00","dateModified":"2020-11-09T16:10:07+00:00","description":"El Disco de L\u00e1minas Grano Carburo Silicio (SiC) CHEMITOOL fue desarrollado para uso profesional en varios tipos de materiales. De forma c\u00f3nica, con desbaste agresivo y un alto nivel de eficiencia.","breadcrumb":{"@id":"https:\/\/chemitool.com\/es\/products\/cutting\/discos-de-laminas\/disco-de-laminas-standard\/disco-de-laminas-carburo-silicio-sic\/#breadcrumb"},"inLanguage":"es","potentialAction":[{"@type":"ReadAction","target":["https:\/\/chemitool.com\/es\/products\/cutting\/discos-de-laminas\/disco-de-laminas-standard\/disco-de-laminas-carburo-silicio-sic\/"]}]},{"@type":"BreadcrumbList","@id":"https:\/\/chemitool.com\/es\/products\/cutting\/discos-de-laminas\/disco-de-laminas-standard\/disco-de-laminas-carburo-silicio-sic\/#breadcrumb","itemListElement":[{"@type":"ListItem","position":1,"name":"Home","item":"https:\/\/chemitool.com\/es\/"},{"@type":"ListItem","position":2,"name":"Productos","item":"https:\/\/chemitool.com\/es\/productos\/"},{"@type":"ListItem","position":3,"name":"Cutting","item":"https:\/\/chemitool.com\/es\/categoria-producto\/cutting\/"},{"@type":"ListItem","position":4,"name":"DISCO DE L\u00c1MINAS CARBURO SILICIO (SiC)"}]}]}},"_links":{"self":[{"href":"https:\/\/chemitool.com\/es\/wp-json\/wp\/v2\/product\/5596"}],"collection":[{"href":"https:\/\/chemitool.com\/es\/wp-json\/wp\/v2\/product"}],"about":[{"href":"https:\/\/chemitool.com\/es\/wp-json\/wp\/v2\/types\/product"}],"wp:featuredmedia":[{"embeddable":true,"href":"https:\/\/chemitool.com\/es\/wp-json\/wp\/v2\/media\/9178"}],"wp:attachment":[{"href":"https:\/\/chemitool.com\/es\/wp-json\/wp\/v2\/media?parent=5596"}],"wp:term":[{"taxonomy":"product_cat","embeddable":true,"href":"https:\/\/chemitool.com\/es\/wp-json\/wp\/v2\/product_cat?post=5596"},{"taxonomy":"product_tag","embeddable":true,"href":"https:\/\/chemitool.com\/es\/wp-json\/wp\/v2\/product_tag?post=5596"}],"curies":[{"name":"wp","href":"https:\/\/api.w.org\/{rel}","templated":true}]}}