{"id":5592,"date":"2020-07-23T10:45:51","date_gmt":"2020-07-23T10:45:51","guid":{"rendered":"https:\/\/chemitool.com\/products\/sin%20categor\u00eda\/disco-laminas-corindon-circonio\/"},"modified":"2020-11-09T16:30:12","modified_gmt":"2020-11-09T16:30:12","slug":"disco-de-laminas-corindon-de-circonio-z","status":"publish","type":"product","link":"https:\/\/chemitool.com\/es\/products\/cutting\/discos-de-laminas\/disco-de-laminas-standard\/disco-de-laminas-corindon-de-circonio-z\/","title":{"rendered":"DISCO DE L\u00c1MINAS CORIND\u00d3N DE CIRC\u00d3NIO Z"},"content":{"rendered":"<p><strong>VENTAJAS<\/strong><\/p>\n<ul>\n<li>Enfriamiento r\u00e1pido<\/li>\n<li>2 horas de pulido<\/li>\n<li>Desbaste agresivo<\/li>\n<li>Poca vibraci\u00f3n<\/li>\n<li>Resistencia al desbaste, hasta el \u00faltimo grano<\/li>\n<li>Gran estabilidad y seguridad laboral<\/li>\n<li>Larga vida \u00fatil de la herramienta<\/li>\n<\/ul>\n<p>El <em>Disco de L\u00e1minas Grano Corind\u00f3n de Circ\u00f3nio Z CHEMITOOL<\/em> est\u00e1 compuesto de una mezcla de granos abrasivos en Corind\u00f3n de Circonio Z y Corind\u00f3n Aluminio A y, por lo tanto, tiene una excelente tasa de eliminaci\u00f3n y durabilidad. Su objetivo es desbarbar, desbaste de cordones de soldadura y eliminar barnices, pinturas e imperfecciones de las superficies. <br \/>El <em>Disco de L\u00e1minas Grano Corind\u00f3n de Circ\u00f3nio Z CHEMITOOL<\/em> de forma plana garantiza una gran \u00e1rea de desbaste para rectificar, desbarbar, biselar, trabajar en bordes y cordones de soldadura. La forma c\u00f3nica, por otro lado, tiene un \u00e1rea de rectificado m\u00e1s estrecho para eliminar cordones de soldadura, biselado y desbarbado. Para aprovechar al m\u00e1ximo las l\u00e1minas abrasivas, debe trabajar en un \u00e1ngulo de contacto con la superficie de 0\u00b0 a 15\u00b0.<\/p>\n<p>Los discos de l\u00e1minas <em>CHEMITOOL<\/em> cumplen las normas Europeas (EN 13743).<\/p>\n","protected":false},"excerpt":{"rendered":"<p>El <em>Disco de L\u00e1minas Grano Corind\u00f3n de Circ\u00f3nio Z CHEMITOOL <\/em>fue desarrollado para uso profesional en acero y acero inoxidable, asegurando una alta estabilidad durante el uso y una larga vida \u00fatil de la herramienta.<\/p>\n","protected":false},"featured_media":9184,"template":"","meta":[],"product_cat":[1426,1457,1497],"product_tag":[1479],"yoast_head":"<!-- This site is optimized with the Yoast SEO plugin v17.4 - https:\/\/yoast.com\/wordpress\/plugins\/seo\/ -->\n<title>DISCO DE L\u00c1MINAS CORIND\u00d3N DE CIRC\u00d3NIO Z &ndash; Chemitool<\/title>\n<meta name=\"description\" content=\"El Disco de L\u00e1minas Grano Corind\u00f3n de Circ\u00f3nio Z CHEMITOOL fue desarrollado para uso profesional en acero y acero inoxidable, asegurando una alta estabilidad durante el uso y una larga vida \u00fatil de la herramienta.\" \/>\n<meta name=\"robots\" content=\"index, follow, max-snippet:-1, max-image-preview:large, max-video-preview:-1\" \/>\n<link rel=\"canonical\" href=\"https:\/\/chemitool.com\/es\/products\/cutting\/discos-de-laminas\/disco-de-laminas-standard\/disco-de-laminas-corindon-de-circonio-z\/\" \/>\n<meta property=\"og:locale\" content=\"es_ES\" \/>\n<meta property=\"og:type\" content=\"article\" \/>\n<meta property=\"og:title\" content=\"DISCO DE L\u00c1MINAS CORIND\u00d3N DE CIRC\u00d3NIO Z &ndash; Chemitool\" \/>\n<meta property=\"og:description\" content=\"El Disco de L\u00e1minas Grano Corind\u00f3n de Circ\u00f3nio Z CHEMITOOL fue desarrollado para uso profesional en acero y acero inoxidable, asegurando una alta estabilidad durante el uso y una larga vida \u00fatil de la herramienta.\" \/>\n<meta property=\"og:url\" content=\"https:\/\/chemitool.com\/es\/products\/cutting\/discos-de-laminas\/disco-de-laminas-standard\/disco-de-laminas-corindon-de-circonio-z\/\" \/>\n<meta property=\"og:site_name\" content=\"Chemitool\" \/>\n<meta property=\"article:publisher\" content=\"https:\/\/www.facebook.com\/chemitool\" \/>\n<meta property=\"article:modified_time\" content=\"2020-11-09T16:30:12+00:00\" \/>\n<meta property=\"og:image\" content=\"https:\/\/chemitool.com\/wp-content\/uploads\/2020\/07\/flap-zirc-1.png\" \/>\n\t<meta property=\"og:image:width\" content=\"800\" \/>\n\t<meta property=\"og:image:height\" content=\"800\" \/>\n<meta name=\"twitter:card\" content=\"summary_large_image\" \/>\n<meta name=\"twitter:label1\" content=\"Tiempo de lectura\" \/>\n\t<meta name=\"twitter:data1\" content=\"1 minuto\" \/>\n<script type=\"application\/ld+json\" class=\"yoast-schema-graph\">{\"@context\":\"https:\/\/schema.org\",\"@graph\":[{\"@type\":\"Organization\",\"@id\":\"https:\/\/chemitool.com\/#organization\",\"name\":\"Chemitool\",\"url\":\"https:\/\/chemitool.com\/\",\"sameAs\":[\"https:\/\/www.facebook.com\/chemitool\",\"https:\/\/www.instagram.com\/chemitool\/\"],\"logo\":{\"@type\":\"ImageObject\",\"@id\":\"https:\/\/chemitool.com\/#logo\",\"inLanguage\":\"es\",\"url\":\"https:\/\/chemitool.com\/wp-content\/uploads\/2020\/10\/logo_chemitool.png\",\"contentUrl\":\"https:\/\/chemitool.com\/wp-content\/uploads\/2020\/10\/logo_chemitool.png\",\"width\":400,\"height\":400,\"caption\":\"Chemitool\"},\"image\":{\"@id\":\"https:\/\/chemitool.com\/#logo\"}},{\"@type\":\"WebSite\",\"@id\":\"https:\/\/chemitool.com\/#website\",\"url\":\"https:\/\/chemitool.com\/\",\"name\":\"Chemitool\",\"description\":\"Chemitool - hardware and tools\",\"publisher\":{\"@id\":\"https:\/\/chemitool.com\/#organization\"},\"potentialAction\":[{\"@type\":\"SearchAction\",\"target\":{\"@type\":\"EntryPoint\",\"urlTemplate\":\"https:\/\/chemitool.com\/?s={search_term_string}\"},\"query-input\":\"required name=search_term_string\"}],\"inLanguage\":\"es\"},{\"@type\":\"ImageObject\",\"@id\":\"https:\/\/chemitool.com\/es\/products\/cutting\/discos-de-laminas\/disco-de-laminas-standard\/disco-de-laminas-corindon-de-circonio-z\/#primaryimage\",\"inLanguage\":\"es\",\"url\":\"https:\/\/chemitool.com\/wp-content\/uploads\/2020\/07\/CHA0201.png\",\"contentUrl\":\"https:\/\/chemitool.com\/wp-content\/uploads\/2020\/07\/CHA0201.png\",\"width\":800,\"height\":800},{\"@type\":\"WebPage\",\"@id\":\"https:\/\/chemitool.com\/es\/products\/cutting\/discos-de-laminas\/disco-de-laminas-standard\/disco-de-laminas-corindon-de-circonio-z\/#webpage\",\"url\":\"https:\/\/chemitool.com\/es\/products\/cutting\/discos-de-laminas\/disco-de-laminas-standard\/disco-de-laminas-corindon-de-circonio-z\/\",\"name\":\"DISCO DE L\\u00c1MINAS CORIND\\u00d3N DE CIRC\\u00d3NIO Z &ndash; Chemitool\",\"isPartOf\":{\"@id\":\"https:\/\/chemitool.com\/#website\"},\"primaryImageOfPage\":{\"@id\":\"https:\/\/chemitool.com\/es\/products\/cutting\/discos-de-laminas\/disco-de-laminas-standard\/disco-de-laminas-corindon-de-circonio-z\/#primaryimage\"},\"datePublished\":\"2020-07-23T10:45:51+00:00\",\"dateModified\":\"2020-11-09T16:30:12+00:00\",\"description\":\"El Disco de L\\u00e1minas Grano Corind\\u00f3n de Circ\\u00f3nio Z CHEMITOOL fue desarrollado para uso profesional en acero y acero inoxidable, asegurando una alta estabilidad durante el uso y una larga vida \\u00fatil de la herramienta.\",\"breadcrumb\":{\"@id\":\"https:\/\/chemitool.com\/es\/products\/cutting\/discos-de-laminas\/disco-de-laminas-standard\/disco-de-laminas-corindon-de-circonio-z\/#breadcrumb\"},\"inLanguage\":\"es\",\"potentialAction\":[{\"@type\":\"ReadAction\",\"target\":[\"https:\/\/chemitool.com\/es\/products\/cutting\/discos-de-laminas\/disco-de-laminas-standard\/disco-de-laminas-corindon-de-circonio-z\/\"]}]},{\"@type\":\"BreadcrumbList\",\"@id\":\"https:\/\/chemitool.com\/es\/products\/cutting\/discos-de-laminas\/disco-de-laminas-standard\/disco-de-laminas-corindon-de-circonio-z\/#breadcrumb\",\"itemListElement\":[{\"@type\":\"ListItem\",\"position\":1,\"name\":\"Home\",\"item\":\"https:\/\/chemitool.com\/es\/\"},{\"@type\":\"ListItem\",\"position\":2,\"name\":\"Productos\",\"item\":\"https:\/\/chemitool.com\/es\/productos\/\"},{\"@type\":\"ListItem\",\"position\":3,\"name\":\"Cutting\",\"item\":\"https:\/\/chemitool.com\/es\/categoria-producto\/cutting\/\"},{\"@type\":\"ListItem\",\"position\":4,\"name\":\"Discos de L\\u00e1minas\",\"item\":\"https:\/\/chemitool.com\/es\/categoria-producto\/cutting\/discos-de-laminas\/\"},{\"@type\":\"ListItem\",\"position\":5,\"name\":\"Disco de L\\u00e1minas Standard\",\"item\":\"https:\/\/chemitool.com\/es\/categoria-producto\/cutting\/discos-de-laminas\/disco-de-laminas-standard\/\"},{\"@type\":\"ListItem\",\"position\":6,\"name\":\"DISCO DE L\\u00c1MINAS CORIND\\u00d3N DE CIRC\\u00d3NIO Z\"}]}]}<\/script>\n<!-- \/ Yoast SEO plugin. -->","yoast_head_json":{"title":"DISCO DE L\u00c1MINAS CORIND\u00d3N DE CIRC\u00d3NIO Z &ndash; Chemitool","description":"El Disco de L\u00e1minas Grano Corind\u00f3n de Circ\u00f3nio Z CHEMITOOL fue desarrollado para uso profesional en acero y acero inoxidable, asegurando una alta estabilidad durante el uso y una larga vida \u00fatil de la herramienta.","robots":{"index":"index","follow":"follow","max-snippet":"max-snippet:-1","max-image-preview":"max-image-preview:large","max-video-preview":"max-video-preview:-1"},"canonical":"https:\/\/chemitool.com\/es\/products\/cutting\/discos-de-laminas\/disco-de-laminas-standard\/disco-de-laminas-corindon-de-circonio-z\/","og_locale":"es_ES","og_type":"article","og_title":"DISCO DE L\u00c1MINAS CORIND\u00d3N DE CIRC\u00d3NIO Z &ndash; Chemitool","og_description":"El Disco de L\u00e1minas Grano Corind\u00f3n de Circ\u00f3nio Z CHEMITOOL fue desarrollado para uso profesional en acero y acero inoxidable, asegurando una alta estabilidad durante el uso y una larga vida \u00fatil de la herramienta.","og_url":"https:\/\/chemitool.com\/es\/products\/cutting\/discos-de-laminas\/disco-de-laminas-standard\/disco-de-laminas-corindon-de-circonio-z\/","og_site_name":"Chemitool","article_publisher":"https:\/\/www.facebook.com\/chemitool","article_modified_time":"2020-11-09T16:30:12+00:00","og_image":[{"width":800,"height":800,"url":"https:\/\/chemitool.com\/wp-content\/uploads\/2020\/07\/flap-zirc-1.png","type":"image\/png"}],"twitter_card":"summary_large_image","twitter_misc":{"Tiempo de lectura":"1 minuto"},"schema":{"@context":"https:\/\/schema.org","@graph":[{"@type":"Organization","@id":"https:\/\/chemitool.com\/#organization","name":"Chemitool","url":"https:\/\/chemitool.com\/","sameAs":["https:\/\/www.facebook.com\/chemitool","https:\/\/www.instagram.com\/chemitool\/"],"logo":{"@type":"ImageObject","@id":"https:\/\/chemitool.com\/#logo","inLanguage":"es","url":"https:\/\/chemitool.com\/wp-content\/uploads\/2020\/10\/logo_chemitool.png","contentUrl":"https:\/\/chemitool.com\/wp-content\/uploads\/2020\/10\/logo_chemitool.png","width":400,"height":400,"caption":"Chemitool"},"image":{"@id":"https:\/\/chemitool.com\/#logo"}},{"@type":"WebSite","@id":"https:\/\/chemitool.com\/#website","url":"https:\/\/chemitool.com\/","name":"Chemitool","description":"Chemitool - hardware and tools","publisher":{"@id":"https:\/\/chemitool.com\/#organization"},"potentialAction":[{"@type":"SearchAction","target":{"@type":"EntryPoint","urlTemplate":"https:\/\/chemitool.com\/?s={search_term_string}"},"query-input":"required name=search_term_string"}],"inLanguage":"es"},{"@type":"ImageObject","@id":"https:\/\/chemitool.com\/es\/products\/cutting\/discos-de-laminas\/disco-de-laminas-standard\/disco-de-laminas-corindon-de-circonio-z\/#primaryimage","inLanguage":"es","url":"https:\/\/chemitool.com\/wp-content\/uploads\/2020\/07\/CHA0201.png","contentUrl":"https:\/\/chemitool.com\/wp-content\/uploads\/2020\/07\/CHA0201.png","width":800,"height":800},{"@type":"WebPage","@id":"https:\/\/chemitool.com\/es\/products\/cutting\/discos-de-laminas\/disco-de-laminas-standard\/disco-de-laminas-corindon-de-circonio-z\/#webpage","url":"https:\/\/chemitool.com\/es\/products\/cutting\/discos-de-laminas\/disco-de-laminas-standard\/disco-de-laminas-corindon-de-circonio-z\/","name":"DISCO DE L\u00c1MINAS CORIND\u00d3N DE CIRC\u00d3NIO Z &ndash; Chemitool","isPartOf":{"@id":"https:\/\/chemitool.com\/#website"},"primaryImageOfPage":{"@id":"https:\/\/chemitool.com\/es\/products\/cutting\/discos-de-laminas\/disco-de-laminas-standard\/disco-de-laminas-corindon-de-circonio-z\/#primaryimage"},"datePublished":"2020-07-23T10:45:51+00:00","dateModified":"2020-11-09T16:30:12+00:00","description":"El Disco de L\u00e1minas Grano Corind\u00f3n de Circ\u00f3nio Z CHEMITOOL fue desarrollado para uso profesional en acero y acero inoxidable, asegurando una alta estabilidad durante el uso y una larga vida \u00fatil de la herramienta.","breadcrumb":{"@id":"https:\/\/chemitool.com\/es\/products\/cutting\/discos-de-laminas\/disco-de-laminas-standard\/disco-de-laminas-corindon-de-circonio-z\/#breadcrumb"},"inLanguage":"es","potentialAction":[{"@type":"ReadAction","target":["https:\/\/chemitool.com\/es\/products\/cutting\/discos-de-laminas\/disco-de-laminas-standard\/disco-de-laminas-corindon-de-circonio-z\/"]}]},{"@type":"BreadcrumbList","@id":"https:\/\/chemitool.com\/es\/products\/cutting\/discos-de-laminas\/disco-de-laminas-standard\/disco-de-laminas-corindon-de-circonio-z\/#breadcrumb","itemListElement":[{"@type":"ListItem","position":1,"name":"Home","item":"https:\/\/chemitool.com\/es\/"},{"@type":"ListItem","position":2,"name":"Productos","item":"https:\/\/chemitool.com\/es\/productos\/"},{"@type":"ListItem","position":3,"name":"Cutting","item":"https:\/\/chemitool.com\/es\/categoria-producto\/cutting\/"},{"@type":"ListItem","position":4,"name":"Discos de L\u00e1minas","item":"https:\/\/chemitool.com\/es\/categoria-producto\/cutting\/discos-de-laminas\/"},{"@type":"ListItem","position":5,"name":"Disco de L\u00e1minas Standard","item":"https:\/\/chemitool.com\/es\/categoria-producto\/cutting\/discos-de-laminas\/disco-de-laminas-standard\/"},{"@type":"ListItem","position":6,"name":"DISCO DE L\u00c1MINAS CORIND\u00d3N DE CIRC\u00d3NIO Z"}]}]}},"_links":{"self":[{"href":"https:\/\/chemitool.com\/es\/wp-json\/wp\/v2\/product\/5592"}],"collection":[{"href":"https:\/\/chemitool.com\/es\/wp-json\/wp\/v2\/product"}],"about":[{"href":"https:\/\/chemitool.com\/es\/wp-json\/wp\/v2\/types\/product"}],"wp:featuredmedia":[{"embeddable":true,"href":"https:\/\/chemitool.com\/es\/wp-json\/wp\/v2\/media\/9184"}],"wp:attachment":[{"href":"https:\/\/chemitool.com\/es\/wp-json\/wp\/v2\/media?parent=5592"}],"wp:term":[{"taxonomy":"product_cat","embeddable":true,"href":"https:\/\/chemitool.com\/es\/wp-json\/wp\/v2\/product_cat?post=5592"},{"taxonomy":"product_tag","embeddable":true,"href":"https:\/\/chemitool.com\/es\/wp-json\/wp\/v2\/product_tag?post=5592"}],"curies":[{"name":"wp","href":"https:\/\/api.w.org\/{rel}","templated":true}]}}