{"id":5588,"date":"2020-07-23T10:45:54","date_gmt":"2020-07-23T10:45:54","guid":{"rendered":"https:\/\/chemitool.com\/products\/sin%20categor\u00eda\/disco-de-limpieza\/"},"modified":"2020-11-09T15:30:39","modified_gmt":"2020-11-09T15:30:39","slug":"disco-de-limpieza","status":"publish","type":"product","link":"https:\/\/chemitool.com\/es\/products\/cutting\/discos-de-laminas\/disco-de-laminas-standard\/disco-de-limpieza\/","title":{"rendered":"DISCO DE LIMPIEZA"},"content":{"rendered":"<p><strong>VENTAJAS<\/strong><\/p>\n<ul>\n<li>Acabado superficial m\u00e1s fino<\/li>\n<li>Flexibilidad<\/li>\n<li>Adaptaci\u00f3n a los contornos<\/li>\n<li>No se atasca<\/li>\n<li>Larga vida \u00fatil de la herramienta<\/li>\n<\/ul>\n<p>El <em>Disco de Limpieza Chemitool<\/em> es hecho de tela no-tejida de estructura gruesa, desarrollada a trav\u00e9s de una combinaci\u00f3n especial de fibras sint\u00e9ticas y granos abrasivos. Adecuado para uso en desbaste hacia abajo, con una gran tasa de eliminaci\u00f3n de material y manteniendo una vida \u00fatil muy larga. Se puede utilizar para limpieza en h\u00famedo o en seco. Se recomienda su uso en amoladoras angulares y para mejores resultados, a una velocidad de 30-35 m\/s.<br \/>Los discos de l\u00e1minas <em>CHEMITOOL<\/em> cumplen las normas Europeas (EN 13743).<\/p>\n","protected":false},"excerpt":{"rendered":"<p>El <em>Disco de Limpieza Chemitool<\/em> es adecuado para trabajos de limpieza m\u00e1s gruesos, como eliminaci\u00f3n de pintura, incrustaciones, decoloraci\u00f3n por calor, \u00f3xido y residuos de pegamento.<\/p>\n","protected":false},"featured_media":9159,"template":"","meta":[],"product_cat":[1426,1457,1497],"product_tag":[1475],"yoast_head":"<!-- This site is optimized with the Yoast SEO plugin v17.4 - https:\/\/yoast.com\/wordpress\/plugins\/seo\/ -->\n<title>DISCO DE LIMPIEZA &ndash; Chemitool<\/title>\n<meta name=\"description\" content=\"El Disco de Limpieza Chemitool es adecuado para trabajos de limpieza m\u00e1s gruesos, como eliminaci\u00f3n de pintura, incrustaciones, decoloraci\u00f3n por calor, \u00f3xido y residuos de pegamento.\" \/>\n<meta name=\"robots\" content=\"index, follow, max-snippet:-1, max-image-preview:large, max-video-preview:-1\" \/>\n<link rel=\"canonical\" href=\"https:\/\/chemitool.com\/es\/products\/cutting\/discos-de-laminas\/disco-de-laminas-standard\/disco-de-limpieza\/\" \/>\n<meta property=\"og:locale\" content=\"es_ES\" \/>\n<meta property=\"og:type\" content=\"article\" \/>\n<meta property=\"og:title\" content=\"DISCO DE LIMPIEZA &ndash; Chemitool\" \/>\n<meta property=\"og:description\" content=\"El Disco de Limpieza Chemitool es adecuado para trabajos de limpieza m\u00e1s gruesos, como eliminaci\u00f3n de pintura, incrustaciones, decoloraci\u00f3n por calor, \u00f3xido y residuos de pegamento.\" \/>\n<meta property=\"og:url\" content=\"https:\/\/chemitool.com\/es\/products\/cutting\/discos-de-laminas\/disco-de-laminas-standard\/disco-de-limpieza\/\" \/>\n<meta property=\"og:site_name\" content=\"Chemitool\" \/>\n<meta property=\"article:publisher\" content=\"https:\/\/www.facebook.com\/chemitool\" \/>\n<meta property=\"article:modified_time\" content=\"2020-11-09T15:30:39+00:00\" \/>\n<meta property=\"og:image\" content=\"https:\/\/chemitool.com\/wp-content\/uploads\/2020\/07\/cleaner-3.png\" \/>\n\t<meta property=\"og:image:width\" content=\"800\" \/>\n\t<meta property=\"og:image:height\" content=\"800\" \/>\n<meta name=\"twitter:card\" content=\"summary_large_image\" \/>\n<meta name=\"twitter:label1\" content=\"Tiempo de lectura\" \/>\n\t<meta name=\"twitter:data1\" content=\"1 minuto\" \/>\n<script type=\"application\/ld+json\" class=\"yoast-schema-graph\">{\"@context\":\"https:\/\/schema.org\",\"@graph\":[{\"@type\":\"Organization\",\"@id\":\"https:\/\/chemitool.com\/#organization\",\"name\":\"Chemitool\",\"url\":\"https:\/\/chemitool.com\/\",\"sameAs\":[\"https:\/\/www.facebook.com\/chemitool\",\"https:\/\/www.instagram.com\/chemitool\/\"],\"logo\":{\"@type\":\"ImageObject\",\"@id\":\"https:\/\/chemitool.com\/#logo\",\"inLanguage\":\"es\",\"url\":\"https:\/\/chemitool.com\/wp-content\/uploads\/2020\/10\/logo_chemitool.png\",\"contentUrl\":\"https:\/\/chemitool.com\/wp-content\/uploads\/2020\/10\/logo_chemitool.png\",\"width\":400,\"height\":400,\"caption\":\"Chemitool\"},\"image\":{\"@id\":\"https:\/\/chemitool.com\/#logo\"}},{\"@type\":\"WebSite\",\"@id\":\"https:\/\/chemitool.com\/#website\",\"url\":\"https:\/\/chemitool.com\/\",\"name\":\"Chemitool\",\"description\":\"Chemitool - hardware and tools\",\"publisher\":{\"@id\":\"https:\/\/chemitool.com\/#organization\"},\"potentialAction\":[{\"@type\":\"SearchAction\",\"target\":{\"@type\":\"EntryPoint\",\"urlTemplate\":\"https:\/\/chemitool.com\/?s={search_term_string}\"},\"query-input\":\"required name=search_term_string\"}],\"inLanguage\":\"es\"},{\"@type\":\"ImageObject\",\"@id\":\"https:\/\/chemitool.com\/es\/products\/cutting\/discos-de-laminas\/disco-de-laminas-standard\/disco-de-limpieza\/#primaryimage\",\"inLanguage\":\"es\",\"url\":\"https:\/\/chemitool.com\/wp-content\/uploads\/2020\/07\/CHA0601.png\",\"contentUrl\":\"https:\/\/chemitool.com\/wp-content\/uploads\/2020\/07\/CHA0601.png\",\"width\":800,\"height\":800},{\"@type\":\"WebPage\",\"@id\":\"https:\/\/chemitool.com\/es\/products\/cutting\/discos-de-laminas\/disco-de-laminas-standard\/disco-de-limpieza\/#webpage\",\"url\":\"https:\/\/chemitool.com\/es\/products\/cutting\/discos-de-laminas\/disco-de-laminas-standard\/disco-de-limpieza\/\",\"name\":\"DISCO DE LIMPIEZA &ndash; Chemitool\",\"isPartOf\":{\"@id\":\"https:\/\/chemitool.com\/#website\"},\"primaryImageOfPage\":{\"@id\":\"https:\/\/chemitool.com\/es\/products\/cutting\/discos-de-laminas\/disco-de-laminas-standard\/disco-de-limpieza\/#primaryimage\"},\"datePublished\":\"2020-07-23T10:45:54+00:00\",\"dateModified\":\"2020-11-09T15:30:39+00:00\",\"description\":\"El Disco de Limpieza Chemitool es adecuado para trabajos de limpieza m\\u00e1s gruesos, como eliminaci\\u00f3n de pintura, incrustaciones, decoloraci\\u00f3n por calor, \\u00f3xido y residuos de pegamento.\",\"breadcrumb\":{\"@id\":\"https:\/\/chemitool.com\/es\/products\/cutting\/discos-de-laminas\/disco-de-laminas-standard\/disco-de-limpieza\/#breadcrumb\"},\"inLanguage\":\"es\",\"potentialAction\":[{\"@type\":\"ReadAction\",\"target\":[\"https:\/\/chemitool.com\/es\/products\/cutting\/discos-de-laminas\/disco-de-laminas-standard\/disco-de-limpieza\/\"]}]},{\"@type\":\"BreadcrumbList\",\"@id\":\"https:\/\/chemitool.com\/es\/products\/cutting\/discos-de-laminas\/disco-de-laminas-standard\/disco-de-limpieza\/#breadcrumb\",\"itemListElement\":[{\"@type\":\"ListItem\",\"position\":1,\"name\":\"Home\",\"item\":\"https:\/\/chemitool.com\/es\/\"},{\"@type\":\"ListItem\",\"position\":2,\"name\":\"Productos\",\"item\":\"https:\/\/chemitool.com\/es\/productos\/\"},{\"@type\":\"ListItem\",\"position\":3,\"name\":\"Cutting\",\"item\":\"https:\/\/chemitool.com\/es\/categoria-producto\/cutting\/\"},{\"@type\":\"ListItem\",\"position\":4,\"name\":\"Discos de L\\u00e1minas\",\"item\":\"https:\/\/chemitool.com\/es\/categoria-producto\/cutting\/discos-de-laminas\/\"},{\"@type\":\"ListItem\",\"position\":5,\"name\":\"Disco de L\\u00e1minas Standard\",\"item\":\"https:\/\/chemitool.com\/es\/categoria-producto\/cutting\/discos-de-laminas\/disco-de-laminas-standard\/\"},{\"@type\":\"ListItem\",\"position\":6,\"name\":\"DISCO DE LIMPIEZA\"}]}]}<\/script>\n<!-- \/ Yoast SEO plugin. -->","yoast_head_json":{"title":"DISCO DE LIMPIEZA &ndash; Chemitool","description":"El Disco de Limpieza Chemitool es adecuado para trabajos de limpieza m\u00e1s gruesos, como eliminaci\u00f3n de pintura, incrustaciones, decoloraci\u00f3n por calor, \u00f3xido y residuos de pegamento.","robots":{"index":"index","follow":"follow","max-snippet":"max-snippet:-1","max-image-preview":"max-image-preview:large","max-video-preview":"max-video-preview:-1"},"canonical":"https:\/\/chemitool.com\/es\/products\/cutting\/discos-de-laminas\/disco-de-laminas-standard\/disco-de-limpieza\/","og_locale":"es_ES","og_type":"article","og_title":"DISCO DE LIMPIEZA &ndash; Chemitool","og_description":"El Disco de Limpieza Chemitool es adecuado para trabajos de limpieza m\u00e1s gruesos, como eliminaci\u00f3n de pintura, incrustaciones, decoloraci\u00f3n por calor, \u00f3xido y residuos de pegamento.","og_url":"https:\/\/chemitool.com\/es\/products\/cutting\/discos-de-laminas\/disco-de-laminas-standard\/disco-de-limpieza\/","og_site_name":"Chemitool","article_publisher":"https:\/\/www.facebook.com\/chemitool","article_modified_time":"2020-11-09T15:30:39+00:00","og_image":[{"width":800,"height":800,"url":"https:\/\/chemitool.com\/wp-content\/uploads\/2020\/07\/cleaner-3.png","type":"image\/png"}],"twitter_card":"summary_large_image","twitter_misc":{"Tiempo de lectura":"1 minuto"},"schema":{"@context":"https:\/\/schema.org","@graph":[{"@type":"Organization","@id":"https:\/\/chemitool.com\/#organization","name":"Chemitool","url":"https:\/\/chemitool.com\/","sameAs":["https:\/\/www.facebook.com\/chemitool","https:\/\/www.instagram.com\/chemitool\/"],"logo":{"@type":"ImageObject","@id":"https:\/\/chemitool.com\/#logo","inLanguage":"es","url":"https:\/\/chemitool.com\/wp-content\/uploads\/2020\/10\/logo_chemitool.png","contentUrl":"https:\/\/chemitool.com\/wp-content\/uploads\/2020\/10\/logo_chemitool.png","width":400,"height":400,"caption":"Chemitool"},"image":{"@id":"https:\/\/chemitool.com\/#logo"}},{"@type":"WebSite","@id":"https:\/\/chemitool.com\/#website","url":"https:\/\/chemitool.com\/","name":"Chemitool","description":"Chemitool - hardware and tools","publisher":{"@id":"https:\/\/chemitool.com\/#organization"},"potentialAction":[{"@type":"SearchAction","target":{"@type":"EntryPoint","urlTemplate":"https:\/\/chemitool.com\/?s={search_term_string}"},"query-input":"required name=search_term_string"}],"inLanguage":"es"},{"@type":"ImageObject","@id":"https:\/\/chemitool.com\/es\/products\/cutting\/discos-de-laminas\/disco-de-laminas-standard\/disco-de-limpieza\/#primaryimage","inLanguage":"es","url":"https:\/\/chemitool.com\/wp-content\/uploads\/2020\/07\/CHA0601.png","contentUrl":"https:\/\/chemitool.com\/wp-content\/uploads\/2020\/07\/CHA0601.png","width":800,"height":800},{"@type":"WebPage","@id":"https:\/\/chemitool.com\/es\/products\/cutting\/discos-de-laminas\/disco-de-laminas-standard\/disco-de-limpieza\/#webpage","url":"https:\/\/chemitool.com\/es\/products\/cutting\/discos-de-laminas\/disco-de-laminas-standard\/disco-de-limpieza\/","name":"DISCO DE LIMPIEZA &ndash; Chemitool","isPartOf":{"@id":"https:\/\/chemitool.com\/#website"},"primaryImageOfPage":{"@id":"https:\/\/chemitool.com\/es\/products\/cutting\/discos-de-laminas\/disco-de-laminas-standard\/disco-de-limpieza\/#primaryimage"},"datePublished":"2020-07-23T10:45:54+00:00","dateModified":"2020-11-09T15:30:39+00:00","description":"El Disco de Limpieza Chemitool es adecuado para trabajos de limpieza m\u00e1s gruesos, como eliminaci\u00f3n de pintura, incrustaciones, decoloraci\u00f3n por calor, \u00f3xido y residuos de pegamento.","breadcrumb":{"@id":"https:\/\/chemitool.com\/es\/products\/cutting\/discos-de-laminas\/disco-de-laminas-standard\/disco-de-limpieza\/#breadcrumb"},"inLanguage":"es","potentialAction":[{"@type":"ReadAction","target":["https:\/\/chemitool.com\/es\/products\/cutting\/discos-de-laminas\/disco-de-laminas-standard\/disco-de-limpieza\/"]}]},{"@type":"BreadcrumbList","@id":"https:\/\/chemitool.com\/es\/products\/cutting\/discos-de-laminas\/disco-de-laminas-standard\/disco-de-limpieza\/#breadcrumb","itemListElement":[{"@type":"ListItem","position":1,"name":"Home","item":"https:\/\/chemitool.com\/es\/"},{"@type":"ListItem","position":2,"name":"Productos","item":"https:\/\/chemitool.com\/es\/productos\/"},{"@type":"ListItem","position":3,"name":"Cutting","item":"https:\/\/chemitool.com\/es\/categoria-producto\/cutting\/"},{"@type":"ListItem","position":4,"name":"Discos de L\u00e1minas","item":"https:\/\/chemitool.com\/es\/categoria-producto\/cutting\/discos-de-laminas\/"},{"@type":"ListItem","position":5,"name":"Disco de L\u00e1minas Standard","item":"https:\/\/chemitool.com\/es\/categoria-producto\/cutting\/discos-de-laminas\/disco-de-laminas-standard\/"},{"@type":"ListItem","position":6,"name":"DISCO DE LIMPIEZA"}]}]}},"_links":{"self":[{"href":"https:\/\/chemitool.com\/es\/wp-json\/wp\/v2\/product\/5588"}],"collection":[{"href":"https:\/\/chemitool.com\/es\/wp-json\/wp\/v2\/product"}],"about":[{"href":"https:\/\/chemitool.com\/es\/wp-json\/wp\/v2\/types\/product"}],"wp:featuredmedia":[{"embeddable":true,"href":"https:\/\/chemitool.com\/es\/wp-json\/wp\/v2\/media\/9159"}],"wp:attachment":[{"href":"https:\/\/chemitool.com\/es\/wp-json\/wp\/v2\/media?parent=5588"}],"wp:term":[{"taxonomy":"product_cat","embeddable":true,"href":"https:\/\/chemitool.com\/es\/wp-json\/wp\/v2\/product_cat?post=5588"},{"taxonomy":"product_tag","embeddable":true,"href":"https:\/\/chemitool.com\/es\/wp-json\/wp\/v2\/product_tag?post=5588"}],"curies":[{"name":"wp","href":"https:\/\/api.w.org\/{rel}","templated":true}]}}