{"id":5586,"date":"2020-07-23T10:45:51","date_gmt":"2020-07-23T10:45:51","guid":{"rendered":"https:\/\/chemitool.com\/products\/sin%20categor\u00eda\/cepillo-nucleo-corindon\/"},"modified":"2020-11-09T16:22:52","modified_gmt":"2020-11-09T16:22:52","slug":"abanico-de-nucleo-corindon-a","status":"publish","type":"product","link":"https:\/\/chemitool.com\/es\/products\/cutting\/abrasivos-flexibles\/abanicos-de-nucleo\/abanico-de-nucleo-corindon-a\/","title":{"rendered":"ABANICO DE N\u00daCLEO CORIND\u00d3N A"},"content":{"rendered":"<p><strong>VENTAJAS<\/strong><\/p>\n<ul>\n<li>Flexibilidad<\/li>\n<li>Excelente adaptaci\u00f3n a los contornos<\/li>\n<li>Muy resistente<\/li>\n<li>Larga vida \u00fatil de la herramienta<\/li>\n<\/ul>\n<p>El <em>Abanico de N\u00facleo de Corind\u00f3n A CHEMITOOL<\/em> ofrece varios tama\u00f1os de grano (A40 &#8211; A320) que permiten tener varios tipos de acabados. Si el objetivo es eliminar una gran cantidad de material, se debe utilizar un grano grueso. Para evitar el desgaste r\u00e1pido de la herramienta, debe usar un grano apropiado para el trabajo que desea realizar y no aumentar la presi\u00f3n de contacto. Gracias a su flexibilidad, las l\u00e1minas permiten una excelente adaptaci\u00f3n a los contornos de la pieza de trabajo proporcionando una calidad de superficie superior y uniforme. Adecuado para nivelar piezas, desbarbar, trabajos de superficie y cordones de soldadura.<br \/>El <em>Abanico de N\u00facleo de Corind\u00f3n A CHEMITOOL <\/em>generalmente se debe usar con las bridas de fijaci\u00f3n correspondientes. Para un mejor rendimiento, recomendamos utilizar una velocidad de corte de 15-30 m\/s. Esta velocidad proporciona un trabajo perfecto entre la tasa de eliminaci\u00f3n de material, la calidad de la superficie, la carga t\u00e9rmica en la pieza y el desgaste de la herramienta. Puede usar un aceite de desbaste adecuado para el material, lo que aumentar\u00e1 la vida \u00fatil de la herramienta y el rendimiento abrasivo.<\/p>\n","protected":false},"excerpt":{"rendered":"<p>El<em> Abanico de N\u00facleo de Corind\u00f3n A CHEMITOOL <\/em>es de aplicaci\u00f3n universal y de desbaste grueso o fino. Las l\u00e1minas est\u00e1n dispuestas radialmente alrededor del eje de la herramienta.<\/p>\n","protected":false},"featured_media":9181,"template":"","meta":[],"product_cat":[1426,1472],"product_tag":[1481],"yoast_head":"<!-- This site is optimized with the Yoast SEO plugin v17.4 - https:\/\/yoast.com\/wordpress\/plugins\/seo\/ -->\n<title>ABANICO DE N\u00daCLEO CORIND\u00d3N A &ndash; Chemitool<\/title>\n<meta name=\"description\" content=\"El Abanico de N\u00facleo de Corind\u00f3n A CHEMITOOL es de aplicaci\u00f3n universal y de desbaste grueso o fino. Las l\u00e1minas est\u00e1n dispuestas radialmente alrededor del eje de la herramienta.\" \/>\n<meta name=\"robots\" content=\"index, follow, max-snippet:-1, max-image-preview:large, max-video-preview:-1\" \/>\n<link rel=\"canonical\" href=\"https:\/\/chemitool.com\/es\/products\/cutting\/abrasivos-flexibles\/abanicos-de-nucleo\/abanico-de-nucleo-corindon-a\/\" \/>\n<meta property=\"og:locale\" content=\"es_ES\" \/>\n<meta property=\"og:type\" content=\"article\" \/>\n<meta property=\"og:title\" content=\"ABANICO DE N\u00daCLEO CORIND\u00d3N A &ndash; Chemitool\" \/>\n<meta property=\"og:description\" content=\"El Abanico de N\u00facleo de Corind\u00f3n A CHEMITOOL es de aplicaci\u00f3n universal y de desbaste grueso o fino. Las l\u00e1minas est\u00e1n dispuestas radialmente alrededor del eje de la herramienta.\" \/>\n<meta property=\"og:url\" content=\"https:\/\/chemitool.com\/es\/products\/cutting\/abrasivos-flexibles\/abanicos-de-nucleo\/abanico-de-nucleo-corindon-a\/\" \/>\n<meta property=\"og:site_name\" content=\"Chemitool\" \/>\n<meta property=\"article:publisher\" content=\"https:\/\/www.facebook.com\/chemitool\" \/>\n<meta property=\"article:modified_time\" content=\"2020-11-09T16:22:52+00:00\" \/>\n<meta property=\"og:image\" content=\"https:\/\/chemitool.com\/wp-content\/uploads\/2020\/07\/aluminium-oxide-flap-wheel-1.png\" \/>\n\t<meta property=\"og:image:width\" content=\"800\" \/>\n\t<meta property=\"og:image:height\" content=\"800\" \/>\n<meta name=\"twitter:card\" content=\"summary_large_image\" \/>\n<meta name=\"twitter:label1\" content=\"Tiempo de lectura\" \/>\n\t<meta name=\"twitter:data1\" content=\"1 minuto\" \/>\n<script type=\"application\/ld+json\" class=\"yoast-schema-graph\">{\"@context\":\"https:\/\/schema.org\",\"@graph\":[{\"@type\":\"Organization\",\"@id\":\"https:\/\/chemitool.com\/#organization\",\"name\":\"Chemitool\",\"url\":\"https:\/\/chemitool.com\/\",\"sameAs\":[\"https:\/\/www.facebook.com\/chemitool\",\"https:\/\/www.instagram.com\/chemitool\/\"],\"logo\":{\"@type\":\"ImageObject\",\"@id\":\"https:\/\/chemitool.com\/#logo\",\"inLanguage\":\"es\",\"url\":\"https:\/\/chemitool.com\/wp-content\/uploads\/2020\/10\/logo_chemitool.png\",\"contentUrl\":\"https:\/\/chemitool.com\/wp-content\/uploads\/2020\/10\/logo_chemitool.png\",\"width\":400,\"height\":400,\"caption\":\"Chemitool\"},\"image\":{\"@id\":\"https:\/\/chemitool.com\/#logo\"}},{\"@type\":\"WebSite\",\"@id\":\"https:\/\/chemitool.com\/#website\",\"url\":\"https:\/\/chemitool.com\/\",\"name\":\"Chemitool\",\"description\":\"Chemitool - hardware and tools\",\"publisher\":{\"@id\":\"https:\/\/chemitool.com\/#organization\"},\"potentialAction\":[{\"@type\":\"SearchAction\",\"target\":{\"@type\":\"EntryPoint\",\"urlTemplate\":\"https:\/\/chemitool.com\/?s={search_term_string}\"},\"query-input\":\"required name=search_term_string\"}],\"inLanguage\":\"es\"},{\"@type\":\"ImageObject\",\"@id\":\"https:\/\/chemitool.com\/es\/products\/cutting\/abrasivos-flexibles\/abanicos-de-nucleo\/abanico-de-nucleo-corindon-a\/#primaryimage\",\"inLanguage\":\"es\",\"url\":\"https:\/\/chemitool.com\/wp-content\/uploads\/2020\/07\/CHA0901.png\",\"contentUrl\":\"https:\/\/chemitool.com\/wp-content\/uploads\/2020\/07\/CHA0901.png\",\"width\":800,\"height\":800},{\"@type\":\"WebPage\",\"@id\":\"https:\/\/chemitool.com\/es\/products\/cutting\/abrasivos-flexibles\/abanicos-de-nucleo\/abanico-de-nucleo-corindon-a\/#webpage\",\"url\":\"https:\/\/chemitool.com\/es\/products\/cutting\/abrasivos-flexibles\/abanicos-de-nucleo\/abanico-de-nucleo-corindon-a\/\",\"name\":\"ABANICO DE N\\u00daCLEO CORIND\\u00d3N A &ndash; Chemitool\",\"isPartOf\":{\"@id\":\"https:\/\/chemitool.com\/#website\"},\"primaryImageOfPage\":{\"@id\":\"https:\/\/chemitool.com\/es\/products\/cutting\/abrasivos-flexibles\/abanicos-de-nucleo\/abanico-de-nucleo-corindon-a\/#primaryimage\"},\"datePublished\":\"2020-07-23T10:45:51+00:00\",\"dateModified\":\"2020-11-09T16:22:52+00:00\",\"description\":\"El Abanico de N\\u00facleo de Corind\\u00f3n A CHEMITOOL es de aplicaci\\u00f3n universal y de desbaste grueso o fino. Las l\\u00e1minas est\\u00e1n dispuestas radialmente alrededor del eje de la herramienta.\",\"breadcrumb\":{\"@id\":\"https:\/\/chemitool.com\/es\/products\/cutting\/abrasivos-flexibles\/abanicos-de-nucleo\/abanico-de-nucleo-corindon-a\/#breadcrumb\"},\"inLanguage\":\"es\",\"potentialAction\":[{\"@type\":\"ReadAction\",\"target\":[\"https:\/\/chemitool.com\/es\/products\/cutting\/abrasivos-flexibles\/abanicos-de-nucleo\/abanico-de-nucleo-corindon-a\/\"]}]},{\"@type\":\"BreadcrumbList\",\"@id\":\"https:\/\/chemitool.com\/es\/products\/cutting\/abrasivos-flexibles\/abanicos-de-nucleo\/abanico-de-nucleo-corindon-a\/#breadcrumb\",\"itemListElement\":[{\"@type\":\"ListItem\",\"position\":1,\"name\":\"Home\",\"item\":\"https:\/\/chemitool.com\/es\/\"},{\"@type\":\"ListItem\",\"position\":2,\"name\":\"Productos\",\"item\":\"https:\/\/chemitool.com\/es\/productos\/\"},{\"@type\":\"ListItem\",\"position\":3,\"name\":\"Cutting\",\"item\":\"https:\/\/chemitool.com\/es\/categoria-producto\/cutting\/\"},{\"@type\":\"ListItem\",\"position\":4,\"name\":\"ABANICO DE N\\u00daCLEO CORIND\\u00d3N A\"}]}]}<\/script>\n<!-- \/ Yoast SEO plugin. -->","yoast_head_json":{"title":"ABANICO DE N\u00daCLEO CORIND\u00d3N A &ndash; Chemitool","description":"El Abanico de N\u00facleo de Corind\u00f3n A CHEMITOOL es de aplicaci\u00f3n universal y de desbaste grueso o fino. Las l\u00e1minas est\u00e1n dispuestas radialmente alrededor del eje de la herramienta.","robots":{"index":"index","follow":"follow","max-snippet":"max-snippet:-1","max-image-preview":"max-image-preview:large","max-video-preview":"max-video-preview:-1"},"canonical":"https:\/\/chemitool.com\/es\/products\/cutting\/abrasivos-flexibles\/abanicos-de-nucleo\/abanico-de-nucleo-corindon-a\/","og_locale":"es_ES","og_type":"article","og_title":"ABANICO DE N\u00daCLEO CORIND\u00d3N A &ndash; Chemitool","og_description":"El Abanico de N\u00facleo de Corind\u00f3n A CHEMITOOL es de aplicaci\u00f3n universal y de desbaste grueso o fino. Las l\u00e1minas est\u00e1n dispuestas radialmente alrededor del eje de la herramienta.","og_url":"https:\/\/chemitool.com\/es\/products\/cutting\/abrasivos-flexibles\/abanicos-de-nucleo\/abanico-de-nucleo-corindon-a\/","og_site_name":"Chemitool","article_publisher":"https:\/\/www.facebook.com\/chemitool","article_modified_time":"2020-11-09T16:22:52+00:00","og_image":[{"width":800,"height":800,"url":"https:\/\/chemitool.com\/wp-content\/uploads\/2020\/07\/aluminium-oxide-flap-wheel-1.png","type":"image\/png"}],"twitter_card":"summary_large_image","twitter_misc":{"Tiempo de lectura":"1 minuto"},"schema":{"@context":"https:\/\/schema.org","@graph":[{"@type":"Organization","@id":"https:\/\/chemitool.com\/#organization","name":"Chemitool","url":"https:\/\/chemitool.com\/","sameAs":["https:\/\/www.facebook.com\/chemitool","https:\/\/www.instagram.com\/chemitool\/"],"logo":{"@type":"ImageObject","@id":"https:\/\/chemitool.com\/#logo","inLanguage":"es","url":"https:\/\/chemitool.com\/wp-content\/uploads\/2020\/10\/logo_chemitool.png","contentUrl":"https:\/\/chemitool.com\/wp-content\/uploads\/2020\/10\/logo_chemitool.png","width":400,"height":400,"caption":"Chemitool"},"image":{"@id":"https:\/\/chemitool.com\/#logo"}},{"@type":"WebSite","@id":"https:\/\/chemitool.com\/#website","url":"https:\/\/chemitool.com\/","name":"Chemitool","description":"Chemitool - hardware and tools","publisher":{"@id":"https:\/\/chemitool.com\/#organization"},"potentialAction":[{"@type":"SearchAction","target":{"@type":"EntryPoint","urlTemplate":"https:\/\/chemitool.com\/?s={search_term_string}"},"query-input":"required name=search_term_string"}],"inLanguage":"es"},{"@type":"ImageObject","@id":"https:\/\/chemitool.com\/es\/products\/cutting\/abrasivos-flexibles\/abanicos-de-nucleo\/abanico-de-nucleo-corindon-a\/#primaryimage","inLanguage":"es","url":"https:\/\/chemitool.com\/wp-content\/uploads\/2020\/07\/CHA0901.png","contentUrl":"https:\/\/chemitool.com\/wp-content\/uploads\/2020\/07\/CHA0901.png","width":800,"height":800},{"@type":"WebPage","@id":"https:\/\/chemitool.com\/es\/products\/cutting\/abrasivos-flexibles\/abanicos-de-nucleo\/abanico-de-nucleo-corindon-a\/#webpage","url":"https:\/\/chemitool.com\/es\/products\/cutting\/abrasivos-flexibles\/abanicos-de-nucleo\/abanico-de-nucleo-corindon-a\/","name":"ABANICO DE N\u00daCLEO CORIND\u00d3N A &ndash; Chemitool","isPartOf":{"@id":"https:\/\/chemitool.com\/#website"},"primaryImageOfPage":{"@id":"https:\/\/chemitool.com\/es\/products\/cutting\/abrasivos-flexibles\/abanicos-de-nucleo\/abanico-de-nucleo-corindon-a\/#primaryimage"},"datePublished":"2020-07-23T10:45:51+00:00","dateModified":"2020-11-09T16:22:52+00:00","description":"El Abanico de N\u00facleo de Corind\u00f3n A CHEMITOOL es de aplicaci\u00f3n universal y de desbaste grueso o fino. Las l\u00e1minas est\u00e1n dispuestas radialmente alrededor del eje de la herramienta.","breadcrumb":{"@id":"https:\/\/chemitool.com\/es\/products\/cutting\/abrasivos-flexibles\/abanicos-de-nucleo\/abanico-de-nucleo-corindon-a\/#breadcrumb"},"inLanguage":"es","potentialAction":[{"@type":"ReadAction","target":["https:\/\/chemitool.com\/es\/products\/cutting\/abrasivos-flexibles\/abanicos-de-nucleo\/abanico-de-nucleo-corindon-a\/"]}]},{"@type":"BreadcrumbList","@id":"https:\/\/chemitool.com\/es\/products\/cutting\/abrasivos-flexibles\/abanicos-de-nucleo\/abanico-de-nucleo-corindon-a\/#breadcrumb","itemListElement":[{"@type":"ListItem","position":1,"name":"Home","item":"https:\/\/chemitool.com\/es\/"},{"@type":"ListItem","position":2,"name":"Productos","item":"https:\/\/chemitool.com\/es\/productos\/"},{"@type":"ListItem","position":3,"name":"Cutting","item":"https:\/\/chemitool.com\/es\/categoria-producto\/cutting\/"},{"@type":"ListItem","position":4,"name":"ABANICO DE N\u00daCLEO CORIND\u00d3N A"}]}]}},"_links":{"self":[{"href":"https:\/\/chemitool.com\/es\/wp-json\/wp\/v2\/product\/5586"}],"collection":[{"href":"https:\/\/chemitool.com\/es\/wp-json\/wp\/v2\/product"}],"about":[{"href":"https:\/\/chemitool.com\/es\/wp-json\/wp\/v2\/types\/product"}],"wp:featuredmedia":[{"embeddable":true,"href":"https:\/\/chemitool.com\/es\/wp-json\/wp\/v2\/media\/9181"}],"wp:attachment":[{"href":"https:\/\/chemitool.com\/es\/wp-json\/wp\/v2\/media?parent=5586"}],"wp:term":[{"taxonomy":"product_cat","embeddable":true,"href":"https:\/\/chemitool.com\/es\/wp-json\/wp\/v2\/product_cat?post=5586"},{"taxonomy":"product_tag","embeddable":true,"href":"https:\/\/chemitool.com\/es\/wp-json\/wp\/v2\/product_tag?post=5586"}],"curies":[{"name":"wp","href":"https:\/\/api.w.org\/{rel}","templated":true}]}}