{"id":5584,"date":"2020-07-23T10:45:50","date_gmt":"2020-07-23T10:45:50","guid":{"rendered":"https:\/\/chemitool.com\/products\/sin%20categor\u00eda\/disco-velcro-corindon\/"},"modified":"2024-12-11T14:02:45","modified_gmt":"2024-12-11T14:02:45","slug":"discos-de-lija-autoadhesivos-progrip-red","status":"publish","type":"product","link":"https:\/\/chemitool.com\/es\/products\/cutting\/abrasivos-flexibles\/disco-de-lija-autoadhesivos-progrip\/discos-de-lija-autoadhesivos-progrip-red\/","title":{"rendered":"DISCOS DE LIJA AUTOADHESIVOS PROGRIP RED"},"content":{"rendered":"<p><strong>VENTAJAS<\/strong><\/p>\n<ul>\n<li>Excelente rendimiento abrasivo<\/li>\n<li>Flexibilidad<\/li>\n<li>Excelente adaptaci\u00f3n a los contornos<\/li>\n<li>Baja dispersi\u00f3n de polvo<\/li>\n<li>Reemplazo r\u00e1pido de disco<\/li>\n<li>Bajo embozado<\/li>\n<li>Larga vida \u00fatil de la herramienta<\/li>\n<\/ul>\n<p>Los Discos de Lija Autoadhesivos<em>\u00a0CHEMITOOL <\/em>son fabricados con grano de Corind\u00f3n A. Gracias a los orificios de succi\u00f3n en los discos y la calidad de la resina sint\u00e9tica utilizada para fijar el grano abrasivo, el polvo no se dispersa. Su flexibilidad proporciona un trabajo uniforme sin dejar marcas. Adecuado para raspado, trabajo sobre superf\u00edcies, limpieza y lijado fino. <em>CHEMITOOL <\/em>ofrece 4 tipos diferentes de discos de lija autoadhesivos: sin agujeros y con 6, 8 o 15 agujeros.<\/p>\n<p>Para usar con el <a href=\"https:\/\/chemitool.com\/es\/products\/herramientas-de-corte\/abrasivos-flexibles\/disco-de-velcro\/plato-soporte-de-discos-de-lija-autoadhesivos\/\"><em><u>Plato de Soporte de Discos de Lija Autoadhesivos CHEMITOOL<\/u>.<\/em><\/a><\/p>\n","protected":false},"excerpt":{"rendered":"<p>Los<em>\u00a0Discos de Lija Autoadhesivos CHEMITOOL <\/em>para el afinado de grandes superf\u00edcies, sobre todo tipo de metales, madera, pl\u00e1sticos, pinturas y lacas.<\/p>\n","protected":false},"featured_media":32472,"template":"","meta":[],"product_cat":[1426,1471],"product_tag":[4898],"yoast_head":"<!-- This site is optimized with the Yoast SEO plugin v17.4 - https:\/\/yoast.com\/wordpress\/plugins\/seo\/ -->\n<title>DISCOS DE LIJA AUTOADHESIVOS PROGRIP RED &ndash; Chemitool<\/title>\n<meta name=\"description\" content=\"Los\u00a0Discos de Lija Autoadhesivos CHEMITOOL para el afinado de grandes superf\u00edcies, sobre todo tipo de metales, madera, pl\u00e1sticos, pinturas y lacas.\" \/>\n<meta name=\"robots\" content=\"index, follow, max-snippet:-1, max-image-preview:large, max-video-preview:-1\" \/>\n<link rel=\"canonical\" href=\"https:\/\/chemitool.com\/es\/products\/cutting\/abrasivos-flexibles\/disco-de-lija-autoadhesivos-progrip\/discos-de-lija-autoadhesivos-progrip-red\/\" \/>\n<meta property=\"og:locale\" content=\"es_ES\" \/>\n<meta property=\"og:type\" content=\"article\" \/>\n<meta property=\"og:title\" content=\"DISCOS DE LIJA AUTOADHESIVOS PROGRIP RED &ndash; Chemitool\" \/>\n<meta property=\"og:description\" content=\"Los\u00a0Discos de Lija Autoadhesivos CHEMITOOL para el afinado de grandes superf\u00edcies, sobre todo tipo de metales, madera, pl\u00e1sticos, pinturas y lacas.\" \/>\n<meta property=\"og:url\" content=\"https:\/\/chemitool.com\/es\/products\/cutting\/abrasivos-flexibles\/disco-de-lija-autoadhesivos-progrip\/discos-de-lija-autoadhesivos-progrip-red\/\" \/>\n<meta property=\"og:site_name\" content=\"Chemitool\" \/>\n<meta property=\"article:publisher\" content=\"https:\/\/www.facebook.com\/chemitool\" \/>\n<meta property=\"article:modified_time\" content=\"2024-12-11T14:02:45+00:00\" \/>\n<meta property=\"og:image\" content=\"https:\/\/chemitool.com\/wp-content\/uploads\/2020\/07\/CHA15011-2.png\" \/>\n\t<meta property=\"og:image:width\" content=\"800\" \/>\n\t<meta property=\"og:image:height\" content=\"800\" \/>\n<meta name=\"twitter:card\" content=\"summary_large_image\" \/>\n<meta name=\"twitter:label1\" content=\"Tiempo de lectura\" \/>\n\t<meta name=\"twitter:data1\" content=\"1 minuto\" \/>\n<script type=\"application\/ld+json\" class=\"yoast-schema-graph\">{\"@context\":\"https:\/\/schema.org\",\"@graph\":[{\"@type\":\"Organization\",\"@id\":\"https:\/\/chemitool.com\/#organization\",\"name\":\"Chemitool\",\"url\":\"https:\/\/chemitool.com\/\",\"sameAs\":[\"https:\/\/www.facebook.com\/chemitool\",\"https:\/\/www.instagram.com\/chemitool\/\"],\"logo\":{\"@type\":\"ImageObject\",\"@id\":\"https:\/\/chemitool.com\/#logo\",\"inLanguage\":\"es\",\"url\":\"https:\/\/chemitool.com\/wp-content\/uploads\/2020\/10\/logo_chemitool.png\",\"contentUrl\":\"https:\/\/chemitool.com\/wp-content\/uploads\/2020\/10\/logo_chemitool.png\",\"width\":400,\"height\":400,\"caption\":\"Chemitool\"},\"image\":{\"@id\":\"https:\/\/chemitool.com\/#logo\"}},{\"@type\":\"WebSite\",\"@id\":\"https:\/\/chemitool.com\/#website\",\"url\":\"https:\/\/chemitool.com\/\",\"name\":\"Chemitool\",\"description\":\"Chemitool - hardware and tools\",\"publisher\":{\"@id\":\"https:\/\/chemitool.com\/#organization\"},\"potentialAction\":[{\"@type\":\"SearchAction\",\"target\":{\"@type\":\"EntryPoint\",\"urlTemplate\":\"https:\/\/chemitool.com\/?s={search_term_string}\"},\"query-input\":\"required name=search_term_string\"}],\"inLanguage\":\"es\"},{\"@type\":\"ImageObject\",\"@id\":\"https:\/\/chemitool.com\/es\/products\/cutting\/abrasivos-flexibles\/disco-de-lija-autoadhesivos-progrip\/discos-de-lija-autoadhesivos-progrip-red\/#primaryimage\",\"inLanguage\":\"es\",\"url\":\"https:\/\/chemitool.com\/wp-content\/uploads\/2020\/07\/CHA15011-2.png\",\"contentUrl\":\"https:\/\/chemitool.com\/wp-content\/uploads\/2020\/07\/CHA15011-2.png\",\"width\":800,\"height\":800},{\"@type\":\"WebPage\",\"@id\":\"https:\/\/chemitool.com\/es\/products\/cutting\/abrasivos-flexibles\/disco-de-lija-autoadhesivos-progrip\/discos-de-lija-autoadhesivos-progrip-red\/#webpage\",\"url\":\"https:\/\/chemitool.com\/es\/products\/cutting\/abrasivos-flexibles\/disco-de-lija-autoadhesivos-progrip\/discos-de-lija-autoadhesivos-progrip-red\/\",\"name\":\"DISCOS DE LIJA AUTOADHESIVOS PROGRIP RED &ndash; Chemitool\",\"isPartOf\":{\"@id\":\"https:\/\/chemitool.com\/#website\"},\"primaryImageOfPage\":{\"@id\":\"https:\/\/chemitool.com\/es\/products\/cutting\/abrasivos-flexibles\/disco-de-lija-autoadhesivos-progrip\/discos-de-lija-autoadhesivos-progrip-red\/#primaryimage\"},\"datePublished\":\"2020-07-23T10:45:50+00:00\",\"dateModified\":\"2024-12-11T14:02:45+00:00\",\"description\":\"Los\\u00a0Discos de Lija Autoadhesivos CHEMITOOL para el afinado de grandes superf\\u00edcies, sobre todo tipo de metales, madera, pl\\u00e1sticos, pinturas y lacas.\",\"breadcrumb\":{\"@id\":\"https:\/\/chemitool.com\/es\/products\/cutting\/abrasivos-flexibles\/disco-de-lija-autoadhesivos-progrip\/discos-de-lija-autoadhesivos-progrip-red\/#breadcrumb\"},\"inLanguage\":\"es\",\"potentialAction\":[{\"@type\":\"ReadAction\",\"target\":[\"https:\/\/chemitool.com\/es\/products\/cutting\/abrasivos-flexibles\/disco-de-lija-autoadhesivos-progrip\/discos-de-lija-autoadhesivos-progrip-red\/\"]}]},{\"@type\":\"BreadcrumbList\",\"@id\":\"https:\/\/chemitool.com\/es\/products\/cutting\/abrasivos-flexibles\/disco-de-lija-autoadhesivos-progrip\/discos-de-lija-autoadhesivos-progrip-red\/#breadcrumb\",\"itemListElement\":[{\"@type\":\"ListItem\",\"position\":1,\"name\":\"Home\",\"item\":\"https:\/\/chemitool.com\/es\/\"},{\"@type\":\"ListItem\",\"position\":2,\"name\":\"Productos\",\"item\":\"https:\/\/chemitool.com\/es\/productos\/\"},{\"@type\":\"ListItem\",\"position\":3,\"name\":\"Cutting\",\"item\":\"https:\/\/chemitool.com\/es\/categoria-producto\/cutting\/\"},{\"@type\":\"ListItem\",\"position\":4,\"name\":\"Abrasivos Flexibles\",\"item\":\"https:\/\/chemitool.com\/es\/categoria-producto\/cutting\/abrasivos-flexibles\/\"},{\"@type\":\"ListItem\",\"position\":5,\"name\":\"Disco de Lija Autoadhesivos Progrip\",\"item\":\"https:\/\/chemitool.com\/es\/categoria-producto\/cutting\/abrasivos-flexibles\/disco-de-lija-autoadhesivos-progrip\/\"},{\"@type\":\"ListItem\",\"position\":6,\"name\":\"DISCOS DE LIJA AUTOADHESIVOS PROGRIP RED\"}]}]}<\/script>\n<!-- \/ Yoast SEO plugin. -->","yoast_head_json":{"title":"DISCOS DE LIJA AUTOADHESIVOS PROGRIP RED &ndash; Chemitool","description":"Los\u00a0Discos de Lija Autoadhesivos CHEMITOOL para el afinado de grandes superf\u00edcies, sobre todo tipo de metales, madera, pl\u00e1sticos, pinturas y lacas.","robots":{"index":"index","follow":"follow","max-snippet":"max-snippet:-1","max-image-preview":"max-image-preview:large","max-video-preview":"max-video-preview:-1"},"canonical":"https:\/\/chemitool.com\/es\/products\/cutting\/abrasivos-flexibles\/disco-de-lija-autoadhesivos-progrip\/discos-de-lija-autoadhesivos-progrip-red\/","og_locale":"es_ES","og_type":"article","og_title":"DISCOS DE LIJA AUTOADHESIVOS PROGRIP RED &ndash; Chemitool","og_description":"Los\u00a0Discos de Lija Autoadhesivos CHEMITOOL para el afinado de grandes superf\u00edcies, sobre todo tipo de metales, madera, pl\u00e1sticos, pinturas y lacas.","og_url":"https:\/\/chemitool.com\/es\/products\/cutting\/abrasivos-flexibles\/disco-de-lija-autoadhesivos-progrip\/discos-de-lija-autoadhesivos-progrip-red\/","og_site_name":"Chemitool","article_publisher":"https:\/\/www.facebook.com\/chemitool","article_modified_time":"2024-12-11T14:02:45+00:00","og_image":[{"width":800,"height":800,"url":"https:\/\/chemitool.com\/wp-content\/uploads\/2020\/07\/CHA15011-2.png","type":"image\/png"}],"twitter_card":"summary_large_image","twitter_misc":{"Tiempo de lectura":"1 minuto"},"schema":{"@context":"https:\/\/schema.org","@graph":[{"@type":"Organization","@id":"https:\/\/chemitool.com\/#organization","name":"Chemitool","url":"https:\/\/chemitool.com\/","sameAs":["https:\/\/www.facebook.com\/chemitool","https:\/\/www.instagram.com\/chemitool\/"],"logo":{"@type":"ImageObject","@id":"https:\/\/chemitool.com\/#logo","inLanguage":"es","url":"https:\/\/chemitool.com\/wp-content\/uploads\/2020\/10\/logo_chemitool.png","contentUrl":"https:\/\/chemitool.com\/wp-content\/uploads\/2020\/10\/logo_chemitool.png","width":400,"height":400,"caption":"Chemitool"},"image":{"@id":"https:\/\/chemitool.com\/#logo"}},{"@type":"WebSite","@id":"https:\/\/chemitool.com\/#website","url":"https:\/\/chemitool.com\/","name":"Chemitool","description":"Chemitool - hardware and tools","publisher":{"@id":"https:\/\/chemitool.com\/#organization"},"potentialAction":[{"@type":"SearchAction","target":{"@type":"EntryPoint","urlTemplate":"https:\/\/chemitool.com\/?s={search_term_string}"},"query-input":"required name=search_term_string"}],"inLanguage":"es"},{"@type":"ImageObject","@id":"https:\/\/chemitool.com\/es\/products\/cutting\/abrasivos-flexibles\/disco-de-lija-autoadhesivos-progrip\/discos-de-lija-autoadhesivos-progrip-red\/#primaryimage","inLanguage":"es","url":"https:\/\/chemitool.com\/wp-content\/uploads\/2020\/07\/CHA15011-2.png","contentUrl":"https:\/\/chemitool.com\/wp-content\/uploads\/2020\/07\/CHA15011-2.png","width":800,"height":800},{"@type":"WebPage","@id":"https:\/\/chemitool.com\/es\/products\/cutting\/abrasivos-flexibles\/disco-de-lija-autoadhesivos-progrip\/discos-de-lija-autoadhesivos-progrip-red\/#webpage","url":"https:\/\/chemitool.com\/es\/products\/cutting\/abrasivos-flexibles\/disco-de-lija-autoadhesivos-progrip\/discos-de-lija-autoadhesivos-progrip-red\/","name":"DISCOS DE LIJA AUTOADHESIVOS PROGRIP RED &ndash; Chemitool","isPartOf":{"@id":"https:\/\/chemitool.com\/#website"},"primaryImageOfPage":{"@id":"https:\/\/chemitool.com\/es\/products\/cutting\/abrasivos-flexibles\/disco-de-lija-autoadhesivos-progrip\/discos-de-lija-autoadhesivos-progrip-red\/#primaryimage"},"datePublished":"2020-07-23T10:45:50+00:00","dateModified":"2024-12-11T14:02:45+00:00","description":"Los\u00a0Discos de Lija Autoadhesivos CHEMITOOL para el afinado de grandes superf\u00edcies, sobre todo tipo de metales, madera, pl\u00e1sticos, pinturas y lacas.","breadcrumb":{"@id":"https:\/\/chemitool.com\/es\/products\/cutting\/abrasivos-flexibles\/disco-de-lija-autoadhesivos-progrip\/discos-de-lija-autoadhesivos-progrip-red\/#breadcrumb"},"inLanguage":"es","potentialAction":[{"@type":"ReadAction","target":["https:\/\/chemitool.com\/es\/products\/cutting\/abrasivos-flexibles\/disco-de-lija-autoadhesivos-progrip\/discos-de-lija-autoadhesivos-progrip-red\/"]}]},{"@type":"BreadcrumbList","@id":"https:\/\/chemitool.com\/es\/products\/cutting\/abrasivos-flexibles\/disco-de-lija-autoadhesivos-progrip\/discos-de-lija-autoadhesivos-progrip-red\/#breadcrumb","itemListElement":[{"@type":"ListItem","position":1,"name":"Home","item":"https:\/\/chemitool.com\/es\/"},{"@type":"ListItem","position":2,"name":"Productos","item":"https:\/\/chemitool.com\/es\/productos\/"},{"@type":"ListItem","position":3,"name":"Cutting","item":"https:\/\/chemitool.com\/es\/categoria-producto\/cutting\/"},{"@type":"ListItem","position":4,"name":"Abrasivos Flexibles","item":"https:\/\/chemitool.com\/es\/categoria-producto\/cutting\/abrasivos-flexibles\/"},{"@type":"ListItem","position":5,"name":"Disco de Lija Autoadhesivos Progrip","item":"https:\/\/chemitool.com\/es\/categoria-producto\/cutting\/abrasivos-flexibles\/disco-de-lija-autoadhesivos-progrip\/"},{"@type":"ListItem","position":6,"name":"DISCOS DE LIJA AUTOADHESIVOS PROGRIP RED"}]}]}},"_links":{"self":[{"href":"https:\/\/chemitool.com\/es\/wp-json\/wp\/v2\/product\/5584"}],"collection":[{"href":"https:\/\/chemitool.com\/es\/wp-json\/wp\/v2\/product"}],"about":[{"href":"https:\/\/chemitool.com\/es\/wp-json\/wp\/v2\/types\/product"}],"wp:featuredmedia":[{"embeddable":true,"href":"https:\/\/chemitool.com\/es\/wp-json\/wp\/v2\/media\/32472"}],"wp:attachment":[{"href":"https:\/\/chemitool.com\/es\/wp-json\/wp\/v2\/media?parent=5584"}],"wp:term":[{"taxonomy":"product_cat","embeddable":true,"href":"https:\/\/chemitool.com\/es\/wp-json\/wp\/v2\/product_cat?post=5584"},{"taxonomy":"product_tag","embeddable":true,"href":"https:\/\/chemitool.com\/es\/wp-json\/wp\/v2\/product_tag?post=5584"}],"curies":[{"name":"wp","href":"https:\/\/api.w.org\/{rel}","templated":true}]}}