{"id":5582,"date":"2020-07-23T10:45:50","date_gmt":"2020-07-23T10:45:50","guid":{"rendered":"https:\/\/chemitool.com\/products\/sin%20categor\u00eda\/disco-fibra-ceramico\/"},"modified":"2020-11-09T16:41:44","modified_gmt":"2020-11-09T16:41:44","slug":"disco-de-lija-ceramico","status":"publish","type":"product","link":"https:\/\/chemitool.com\/es\/products\/cutting\/abrasivos-flexibles\/disco-de-lija\/disco-de-lija-ceramico\/","title":{"rendered":"DISCO DE LIJA CER\u00c1MICO"},"content":{"rendered":"<p><strong>VENTAJAS<\/strong><\/p>\n<ul>\n<li>Alto rendimiento<\/li>\n<li>Desbaste agresivo<\/li>\n<li>Enfriamiento r\u00e1pido<\/li>\n<li>Estabilidad durante el proceso de pulido<\/li>\n<li>Larga vida \u00fatil de la herramienta<\/li>\n<\/ul>\n<p>El <em>Disco de Lija Grano Cer\u00e1mico CHEMITOOL<\/em> es excelente para eliminar r\u00e1pidamente materiales y presenta una tecnolog\u00eda de grano cer\u00e1mico autoafilante que genera nuevos filos cortantes al lijar. Garantiza una alta eliminaci\u00f3n de material en granos m\u00e1s gruesos y una buena calidad de pulido superficial en granos m\u00e1s finos. La estabilidad durante el proceso de pulido est\u00e1 garantizada gracias al material de soporte que est\u00e1 compuesto de fibra vulcanizada (unida con resina sint\u00e9tica). Adecuado para nivelaci\u00f3n, desbaste, trabajo sobre superficies, mecanizado de cantos, trabajo de cordones de soldadura y lijado fino y gruesso.<\/p>\n<p>Para usar con el <em><a href=\"https:\/\/chemitool.com\/es\/products\/herramientas-de-corte\/abrasivos-flexibles\/disco-de-lija\/plato-goma-para-disco-de-lija\/\"><u>Plato de Goma de Discos de Lija CHEMITOOL<\/u><\/a>.<\/em><\/p>\n","protected":false},"excerpt":{"rendered":"<p>El<em> Disco de Lija Grano Cer\u00e1mico CHEMITOOL<\/em>\u00a0tiene un rectificado agresivo y, por lo tanto, garantiza una excelente eliminaci\u00f3n del material en superficies met\u00e1licas, incluido el acero inoxidable.<\/p>\n","protected":false},"featured_media":9190,"template":"","meta":[],"product_cat":[1426,1470],"product_tag":[1477],"yoast_head":"<!-- This site is optimized with the Yoast SEO plugin v17.4 - https:\/\/yoast.com\/wordpress\/plugins\/seo\/ -->\n<title>DISCO DE LIJA CER\u00c1MICO &ndash; Chemitool<\/title>\n<meta name=\"description\" content=\"El Disco de Lija Grano Cer\u00e1mico CHEMITOOL\u00a0tiene un rectificado agresivo y, por lo tanto, garantiza una excelente eliminaci\u00f3n del material en superficies met\u00e1licas, incluido el acero inoxidable.\" \/>\n<meta name=\"robots\" content=\"index, follow, max-snippet:-1, max-image-preview:large, max-video-preview:-1\" \/>\n<link rel=\"canonical\" href=\"https:\/\/chemitool.com\/es\/products\/cutting\/abrasivos-flexibles\/disco-de-lija\/disco-de-lija-ceramico\/\" \/>\n<meta property=\"og:locale\" content=\"es_ES\" \/>\n<meta property=\"og:type\" content=\"article\" \/>\n<meta property=\"og:title\" content=\"DISCO DE LIJA CER\u00c1MICO &ndash; Chemitool\" \/>\n<meta property=\"og:description\" content=\"El Disco de Lija Grano Cer\u00e1mico CHEMITOOL\u00a0tiene un rectificado agresivo y, por lo tanto, garantiza una excelente eliminaci\u00f3n del material en superficies met\u00e1licas, incluido el acero inoxidable.\" \/>\n<meta property=\"og:url\" content=\"https:\/\/chemitool.com\/es\/products\/cutting\/abrasivos-flexibles\/disco-de-lija\/disco-de-lija-ceramico\/\" \/>\n<meta property=\"og:site_name\" content=\"Chemitool\" \/>\n<meta property=\"article:publisher\" content=\"https:\/\/www.facebook.com\/chemitool\" \/>\n<meta property=\"article:modified_time\" content=\"2020-11-09T16:41:44+00:00\" \/>\n<meta property=\"og:image\" content=\"https:\/\/chemitool.com\/wp-content\/uploads\/2020\/07\/ceramic-fibre-disc-1.png\" \/>\n\t<meta property=\"og:image:width\" content=\"800\" \/>\n\t<meta property=\"og:image:height\" content=\"800\" \/>\n<meta name=\"twitter:card\" content=\"summary_large_image\" \/>\n<meta name=\"twitter:label1\" content=\"Tiempo de lectura\" \/>\n\t<meta name=\"twitter:data1\" content=\"1 minuto\" \/>\n<script type=\"application\/ld+json\" class=\"yoast-schema-graph\">{\"@context\":\"https:\/\/schema.org\",\"@graph\":[{\"@type\":\"Organization\",\"@id\":\"https:\/\/chemitool.com\/#organization\",\"name\":\"Chemitool\",\"url\":\"https:\/\/chemitool.com\/\",\"sameAs\":[\"https:\/\/www.facebook.com\/chemitool\",\"https:\/\/www.instagram.com\/chemitool\/\"],\"logo\":{\"@type\":\"ImageObject\",\"@id\":\"https:\/\/chemitool.com\/#logo\",\"inLanguage\":\"es\",\"url\":\"https:\/\/chemitool.com\/wp-content\/uploads\/2020\/10\/logo_chemitool.png\",\"contentUrl\":\"https:\/\/chemitool.com\/wp-content\/uploads\/2020\/10\/logo_chemitool.png\",\"width\":400,\"height\":400,\"caption\":\"Chemitool\"},\"image\":{\"@id\":\"https:\/\/chemitool.com\/#logo\"}},{\"@type\":\"WebSite\",\"@id\":\"https:\/\/chemitool.com\/#website\",\"url\":\"https:\/\/chemitool.com\/\",\"name\":\"Chemitool\",\"description\":\"Chemitool - hardware and tools\",\"publisher\":{\"@id\":\"https:\/\/chemitool.com\/#organization\"},\"potentialAction\":[{\"@type\":\"SearchAction\",\"target\":{\"@type\":\"EntryPoint\",\"urlTemplate\":\"https:\/\/chemitool.com\/?s={search_term_string}\"},\"query-input\":\"required name=search_term_string\"}],\"inLanguage\":\"es\"},{\"@type\":\"ImageObject\",\"@id\":\"https:\/\/chemitool.com\/es\/products\/cutting\/abrasivos-flexibles\/disco-de-lija\/disco-de-lija-ceramico\/#primaryimage\",\"inLanguage\":\"es\",\"url\":\"https:\/\/chemitool.com\/wp-content\/uploads\/2020\/07\/CHA0502.png\",\"contentUrl\":\"https:\/\/chemitool.com\/wp-content\/uploads\/2020\/07\/CHA0502.png\",\"width\":800,\"height\":800},{\"@type\":\"WebPage\",\"@id\":\"https:\/\/chemitool.com\/es\/products\/cutting\/abrasivos-flexibles\/disco-de-lija\/disco-de-lija-ceramico\/#webpage\",\"url\":\"https:\/\/chemitool.com\/es\/products\/cutting\/abrasivos-flexibles\/disco-de-lija\/disco-de-lija-ceramico\/\",\"name\":\"DISCO DE LIJA CER\\u00c1MICO &ndash; Chemitool\",\"isPartOf\":{\"@id\":\"https:\/\/chemitool.com\/#website\"},\"primaryImageOfPage\":{\"@id\":\"https:\/\/chemitool.com\/es\/products\/cutting\/abrasivos-flexibles\/disco-de-lija\/disco-de-lija-ceramico\/#primaryimage\"},\"datePublished\":\"2020-07-23T10:45:50+00:00\",\"dateModified\":\"2020-11-09T16:41:44+00:00\",\"description\":\"El Disco de Lija Grano Cer\\u00e1mico CHEMITOOL\\u00a0tiene un rectificado agresivo y, por lo tanto, garantiza una excelente eliminaci\\u00f3n del material en superficies met\\u00e1licas, incluido el acero inoxidable.\",\"breadcrumb\":{\"@id\":\"https:\/\/chemitool.com\/es\/products\/cutting\/abrasivos-flexibles\/disco-de-lija\/disco-de-lija-ceramico\/#breadcrumb\"},\"inLanguage\":\"es\",\"potentialAction\":[{\"@type\":\"ReadAction\",\"target\":[\"https:\/\/chemitool.com\/es\/products\/cutting\/abrasivos-flexibles\/disco-de-lija\/disco-de-lija-ceramico\/\"]}]},{\"@type\":\"BreadcrumbList\",\"@id\":\"https:\/\/chemitool.com\/es\/products\/cutting\/abrasivos-flexibles\/disco-de-lija\/disco-de-lija-ceramico\/#breadcrumb\",\"itemListElement\":[{\"@type\":\"ListItem\",\"position\":1,\"name\":\"Home\",\"item\":\"https:\/\/chemitool.com\/es\/\"},{\"@type\":\"ListItem\",\"position\":2,\"name\":\"Productos\",\"item\":\"https:\/\/chemitool.com\/es\/productos\/\"},{\"@type\":\"ListItem\",\"position\":3,\"name\":\"Cutting\",\"item\":\"https:\/\/chemitool.com\/es\/categoria-producto\/cutting\/\"},{\"@type\":\"ListItem\",\"position\":4,\"name\":\"Abrasivos Flexibles\",\"item\":\"https:\/\/chemitool.com\/es\/categoria-producto\/cutting\/abrasivos-flexibles\/\"},{\"@type\":\"ListItem\",\"position\":5,\"name\":\"Disco de Lija\",\"item\":\"https:\/\/chemitool.com\/es\/categoria-producto\/cutting\/abrasivos-flexibles\/disco-de-lija\/\"},{\"@type\":\"ListItem\",\"position\":6,\"name\":\"DISCO DE LIJA CER\\u00c1MICO\"}]}]}<\/script>\n<!-- \/ Yoast SEO plugin. -->","yoast_head_json":{"title":"DISCO DE LIJA CER\u00c1MICO &ndash; Chemitool","description":"El Disco de Lija Grano Cer\u00e1mico CHEMITOOL\u00a0tiene un rectificado agresivo y, por lo tanto, garantiza una excelente eliminaci\u00f3n del material en superficies met\u00e1licas, incluido el acero inoxidable.","robots":{"index":"index","follow":"follow","max-snippet":"max-snippet:-1","max-image-preview":"max-image-preview:large","max-video-preview":"max-video-preview:-1"},"canonical":"https:\/\/chemitool.com\/es\/products\/cutting\/abrasivos-flexibles\/disco-de-lija\/disco-de-lija-ceramico\/","og_locale":"es_ES","og_type":"article","og_title":"DISCO DE LIJA CER\u00c1MICO &ndash; Chemitool","og_description":"El Disco de Lija Grano Cer\u00e1mico CHEMITOOL\u00a0tiene un rectificado agresivo y, por lo tanto, garantiza una excelente eliminaci\u00f3n del material en superficies met\u00e1licas, incluido el acero inoxidable.","og_url":"https:\/\/chemitool.com\/es\/products\/cutting\/abrasivos-flexibles\/disco-de-lija\/disco-de-lija-ceramico\/","og_site_name":"Chemitool","article_publisher":"https:\/\/www.facebook.com\/chemitool","article_modified_time":"2020-11-09T16:41:44+00:00","og_image":[{"width":800,"height":800,"url":"https:\/\/chemitool.com\/wp-content\/uploads\/2020\/07\/ceramic-fibre-disc-1.png","type":"image\/png"}],"twitter_card":"summary_large_image","twitter_misc":{"Tiempo de lectura":"1 minuto"},"schema":{"@context":"https:\/\/schema.org","@graph":[{"@type":"Organization","@id":"https:\/\/chemitool.com\/#organization","name":"Chemitool","url":"https:\/\/chemitool.com\/","sameAs":["https:\/\/www.facebook.com\/chemitool","https:\/\/www.instagram.com\/chemitool\/"],"logo":{"@type":"ImageObject","@id":"https:\/\/chemitool.com\/#logo","inLanguage":"es","url":"https:\/\/chemitool.com\/wp-content\/uploads\/2020\/10\/logo_chemitool.png","contentUrl":"https:\/\/chemitool.com\/wp-content\/uploads\/2020\/10\/logo_chemitool.png","width":400,"height":400,"caption":"Chemitool"},"image":{"@id":"https:\/\/chemitool.com\/#logo"}},{"@type":"WebSite","@id":"https:\/\/chemitool.com\/#website","url":"https:\/\/chemitool.com\/","name":"Chemitool","description":"Chemitool - hardware and tools","publisher":{"@id":"https:\/\/chemitool.com\/#organization"},"potentialAction":[{"@type":"SearchAction","target":{"@type":"EntryPoint","urlTemplate":"https:\/\/chemitool.com\/?s={search_term_string}"},"query-input":"required name=search_term_string"}],"inLanguage":"es"},{"@type":"ImageObject","@id":"https:\/\/chemitool.com\/es\/products\/cutting\/abrasivos-flexibles\/disco-de-lija\/disco-de-lija-ceramico\/#primaryimage","inLanguage":"es","url":"https:\/\/chemitool.com\/wp-content\/uploads\/2020\/07\/CHA0502.png","contentUrl":"https:\/\/chemitool.com\/wp-content\/uploads\/2020\/07\/CHA0502.png","width":800,"height":800},{"@type":"WebPage","@id":"https:\/\/chemitool.com\/es\/products\/cutting\/abrasivos-flexibles\/disco-de-lija\/disco-de-lija-ceramico\/#webpage","url":"https:\/\/chemitool.com\/es\/products\/cutting\/abrasivos-flexibles\/disco-de-lija\/disco-de-lija-ceramico\/","name":"DISCO DE LIJA CER\u00c1MICO &ndash; Chemitool","isPartOf":{"@id":"https:\/\/chemitool.com\/#website"},"primaryImageOfPage":{"@id":"https:\/\/chemitool.com\/es\/products\/cutting\/abrasivos-flexibles\/disco-de-lija\/disco-de-lija-ceramico\/#primaryimage"},"datePublished":"2020-07-23T10:45:50+00:00","dateModified":"2020-11-09T16:41:44+00:00","description":"El Disco de Lija Grano Cer\u00e1mico CHEMITOOL\u00a0tiene un rectificado agresivo y, por lo tanto, garantiza una excelente eliminaci\u00f3n del material en superficies met\u00e1licas, incluido el acero inoxidable.","breadcrumb":{"@id":"https:\/\/chemitool.com\/es\/products\/cutting\/abrasivos-flexibles\/disco-de-lija\/disco-de-lija-ceramico\/#breadcrumb"},"inLanguage":"es","potentialAction":[{"@type":"ReadAction","target":["https:\/\/chemitool.com\/es\/products\/cutting\/abrasivos-flexibles\/disco-de-lija\/disco-de-lija-ceramico\/"]}]},{"@type":"BreadcrumbList","@id":"https:\/\/chemitool.com\/es\/products\/cutting\/abrasivos-flexibles\/disco-de-lija\/disco-de-lija-ceramico\/#breadcrumb","itemListElement":[{"@type":"ListItem","position":1,"name":"Home","item":"https:\/\/chemitool.com\/es\/"},{"@type":"ListItem","position":2,"name":"Productos","item":"https:\/\/chemitool.com\/es\/productos\/"},{"@type":"ListItem","position":3,"name":"Cutting","item":"https:\/\/chemitool.com\/es\/categoria-producto\/cutting\/"},{"@type":"ListItem","position":4,"name":"Abrasivos Flexibles","item":"https:\/\/chemitool.com\/es\/categoria-producto\/cutting\/abrasivos-flexibles\/"},{"@type":"ListItem","position":5,"name":"Disco de Lija","item":"https:\/\/chemitool.com\/es\/categoria-producto\/cutting\/abrasivos-flexibles\/disco-de-lija\/"},{"@type":"ListItem","position":6,"name":"DISCO DE LIJA CER\u00c1MICO"}]}]}},"_links":{"self":[{"href":"https:\/\/chemitool.com\/es\/wp-json\/wp\/v2\/product\/5582"}],"collection":[{"href":"https:\/\/chemitool.com\/es\/wp-json\/wp\/v2\/product"}],"about":[{"href":"https:\/\/chemitool.com\/es\/wp-json\/wp\/v2\/types\/product"}],"wp:featuredmedia":[{"embeddable":true,"href":"https:\/\/chemitool.com\/es\/wp-json\/wp\/v2\/media\/9190"}],"wp:attachment":[{"href":"https:\/\/chemitool.com\/es\/wp-json\/wp\/v2\/media?parent=5582"}],"wp:term":[{"taxonomy":"product_cat","embeddable":true,"href":"https:\/\/chemitool.com\/es\/wp-json\/wp\/v2\/product_cat?post=5582"},{"taxonomy":"product_tag","embeddable":true,"href":"https:\/\/chemitool.com\/es\/wp-json\/wp\/v2\/product_tag?post=5582"}],"curies":[{"name":"wp","href":"https:\/\/api.w.org\/{rel}","templated":true}]}}