{"id":4366,"date":"2020-04-28T09:01:40","date_gmt":"2020-04-28T09:01:40","guid":{"rendered":"https:\/\/chemitool.com\/products\/sin%20categor\u00eda\/vedante-ms-polimero-cristal-chemihyb\/"},"modified":"2023-05-02T10:48:15","modified_gmt":"2023-05-02T10:48:15","slug":"chemihyb-sealbond-35ms-cristal","status":"publish","type":"product","link":"https:\/\/chemitool.com\/es\/products\/chemicals\/adhesivos\/ms-polimero-es\/chemihyb-sealbond-35ms-cristal\/","title":{"rendered":"CHEMIHYB SEAL&#038;BOND 35MS CRISTAL"},"content":{"rendered":"<p><strong>VENTAJAS<\/strong><\/p>\n<ul>\n<li>Calidad Profesional<\/li>\n<li>Cristalino<\/li>\n<li>Excelente adherencia sobre diversos tipos de sustratos<\/li>\n<li>Aplicable sobre superficies h\u00famedas asegurando una correcta adherencia<\/li>\n<li>Previene la formaci\u00f3n de moho<\/li>\n<li>Gran resistencia a los rayos UV, cambios de temperatura y envejecimiento<\/li>\n<li>Curado r\u00e1pido<\/li>\n<li>Inodoro, libre de solventes e isocianatos<\/li>\n<li>Resistencia al envejecimiento<\/li>\n<li>Uso interior y exterior<\/li>\n<li>Elasticidad permanente<\/li>\n<li>Permanece estable a las condiciones atmosf\u00e9ricas, sin envejecer<\/li>\n<\/ul>\n<p><strong>INDICACIONES<\/strong><\/p>\n<p>Se recomienda realizar pruebas de adhesi\u00f3n sobre cualquier material.<br \/>\nAlmacenar en un ambiente fresco, seco y bien ventilado entre +5\u00b0C y +40\u00b0C, lejos de fuentes de calor y humedad. Vida \u00fatil 24 meses si se almacena en las condiciones recomendadas, ya que puede acortar el plazo.<\/p>\n","protected":false},"excerpt":{"rendered":"<p><b class=\"sap-label\">SAP:<\/b> <span class=\"codesap-label\">CH03510000<\/span><br \/>\n<em>CHEMIHYB SEAL&amp;BOND 35MS CRISTAL<\/em> es un adhesivo el\u00e1stico transparente a base de Pol\u00edmeros MS de alta calidad, para hacer invisibles las juntas entre diferentes materiales y adherirse a la mayor\u00eda de los sustratos utilizados en la construcci\u00f3n, la industria automotriz, la industria naval, etc.<\/p>\n","protected":false},"featured_media":32517,"template":"","meta":[],"product_cat":[1209,1222,3632],"product_tag":[121],"yoast_head":"<!-- This site is optimized with the Yoast SEO plugin v17.4 - https:\/\/yoast.com\/wordpress\/plugins\/seo\/ -->\n<title>CHEMIHYB SEAL&amp;BOND 35MS CRISTAL &ndash; Chemitool<\/title>\n<meta name=\"description\" content=\"SAP: CH03510000 CHEMIHYB SEAL&amp;BOND 35MS CRISTAL es un adhesivo el\u00e1stico transparente a base de Pol\u00edmeros MS de alta calidad, para hacer invisibles las juntas entre diferentes materiales y adherirse a la mayor\u00eda de los sustratos utilizados en la construcci\u00f3n, la industria automotriz, la industria naval, etc.\" \/>\n<meta name=\"robots\" content=\"index, follow, max-snippet:-1, max-image-preview:large, max-video-preview:-1\" \/>\n<link rel=\"canonical\" href=\"https:\/\/chemitool.com\/es\/products\/chemicals\/adhesivos\/ms-polimero-es\/chemihyb-sealbond-35ms-cristal\/\" \/>\n<meta property=\"og:locale\" content=\"es_ES\" \/>\n<meta property=\"og:type\" content=\"article\" \/>\n<meta property=\"og:title\" content=\"CHEMIHYB SEAL&amp;BOND 35MS CRISTAL &ndash; Chemitool\" \/>\n<meta property=\"og:description\" content=\"SAP: CH03510000 CHEMIHYB SEAL&amp;BOND 35MS CRISTAL es un adhesivo el\u00e1stico transparente a base de Pol\u00edmeros MS de alta calidad, para hacer invisibles las juntas entre diferentes materiales y adherirse a la mayor\u00eda de los sustratos utilizados en la construcci\u00f3n, la industria automotriz, la industria naval, etc.\" \/>\n<meta property=\"og:url\" content=\"https:\/\/chemitool.com\/es\/products\/chemicals\/adhesivos\/ms-polimero-es\/chemihyb-sealbond-35ms-cristal\/\" \/>\n<meta property=\"og:site_name\" content=\"Chemitool\" \/>\n<meta property=\"article:publisher\" content=\"https:\/\/www.facebook.com\/chemitool\" \/>\n<meta property=\"article:modified_time\" content=\"2023-05-02T10:48:15+00:00\" \/>\n<meta property=\"og:image\" content=\"https:\/\/chemitool.com\/wp-content\/uploads\/2020\/04\/CH030-1.png\" \/>\n\t<meta property=\"og:image:width\" content=\"800\" \/>\n\t<meta property=\"og:image:height\" content=\"800\" \/>\n<meta name=\"twitter:card\" content=\"summary_large_image\" \/>\n<meta name=\"twitter:label1\" content=\"Tiempo de lectura\" \/>\n\t<meta name=\"twitter:data1\" content=\"1 minuto\" \/>\n<script type=\"application\/ld+json\" class=\"yoast-schema-graph\">{\"@context\":\"https:\/\/schema.org\",\"@graph\":[{\"@type\":\"Organization\",\"@id\":\"https:\/\/chemitool.com\/#organization\",\"name\":\"Chemitool\",\"url\":\"https:\/\/chemitool.com\/\",\"sameAs\":[\"https:\/\/www.facebook.com\/chemitool\",\"https:\/\/www.instagram.com\/chemitool\/\"],\"logo\":{\"@type\":\"ImageObject\",\"@id\":\"https:\/\/chemitool.com\/#logo\",\"inLanguage\":\"es\",\"url\":\"https:\/\/chemitool.com\/wp-content\/uploads\/2020\/10\/logo_chemitool.png\",\"contentUrl\":\"https:\/\/chemitool.com\/wp-content\/uploads\/2020\/10\/logo_chemitool.png\",\"width\":400,\"height\":400,\"caption\":\"Chemitool\"},\"image\":{\"@id\":\"https:\/\/chemitool.com\/#logo\"}},{\"@type\":\"WebSite\",\"@id\":\"https:\/\/chemitool.com\/#website\",\"url\":\"https:\/\/chemitool.com\/\",\"name\":\"Chemitool\",\"description\":\"Chemitool - hardware and tools\",\"publisher\":{\"@id\":\"https:\/\/chemitool.com\/#organization\"},\"potentialAction\":[{\"@type\":\"SearchAction\",\"target\":{\"@type\":\"EntryPoint\",\"urlTemplate\":\"https:\/\/chemitool.com\/?s={search_term_string}\"},\"query-input\":\"required name=search_term_string\"}],\"inLanguage\":\"es\"},{\"@type\":\"ImageObject\",\"@id\":\"https:\/\/chemitool.com\/es\/products\/chemicals\/adhesivos\/ms-polimero-es\/chemihyb-sealbond-35ms-cristal\/#primaryimage\",\"inLanguage\":\"es\",\"url\":\"https:\/\/chemitool.com\/wp-content\/uploads\/2020\/04\/CH030-1.png\",\"contentUrl\":\"https:\/\/chemitool.com\/wp-content\/uploads\/2020\/04\/CH030-1.png\",\"width\":800,\"height\":800},{\"@type\":\"WebPage\",\"@id\":\"https:\/\/chemitool.com\/es\/products\/chemicals\/adhesivos\/ms-polimero-es\/chemihyb-sealbond-35ms-cristal\/#webpage\",\"url\":\"https:\/\/chemitool.com\/es\/products\/chemicals\/adhesivos\/ms-polimero-es\/chemihyb-sealbond-35ms-cristal\/\",\"name\":\"CHEMIHYB SEAL&BOND 35MS CRISTAL &ndash; Chemitool\",\"isPartOf\":{\"@id\":\"https:\/\/chemitool.com\/#website\"},\"primaryImageOfPage\":{\"@id\":\"https:\/\/chemitool.com\/es\/products\/chemicals\/adhesivos\/ms-polimero-es\/chemihyb-sealbond-35ms-cristal\/#primaryimage\"},\"datePublished\":\"2020-04-28T09:01:40+00:00\",\"dateModified\":\"2023-05-02T10:48:15+00:00\",\"description\":\"SAP: CH03510000 CHEMIHYB SEAL&amp;BOND 35MS CRISTAL es un adhesivo el\\u00e1stico transparente a base de Pol\\u00edmeros MS de alta calidad, para hacer invisibles las juntas entre diferentes materiales y adherirse a la mayor\\u00eda de los sustratos utilizados en la construcci\\u00f3n, la industria automotriz, la industria naval, etc.\",\"breadcrumb\":{\"@id\":\"https:\/\/chemitool.com\/es\/products\/chemicals\/adhesivos\/ms-polimero-es\/chemihyb-sealbond-35ms-cristal\/#breadcrumb\"},\"inLanguage\":\"es\",\"potentialAction\":[{\"@type\":\"ReadAction\",\"target\":[\"https:\/\/chemitool.com\/es\/products\/chemicals\/adhesivos\/ms-polimero-es\/chemihyb-sealbond-35ms-cristal\/\"]}]},{\"@type\":\"BreadcrumbList\",\"@id\":\"https:\/\/chemitool.com\/es\/products\/chemicals\/adhesivos\/ms-polimero-es\/chemihyb-sealbond-35ms-cristal\/#breadcrumb\",\"itemListElement\":[{\"@type\":\"ListItem\",\"position\":1,\"name\":\"Home\",\"item\":\"https:\/\/chemitool.com\/es\/\"},{\"@type\":\"ListItem\",\"position\":2,\"name\":\"Productos\",\"item\":\"https:\/\/chemitool.com\/es\/productos\/\"},{\"@type\":\"ListItem\",\"position\":3,\"name\":\"CHEMICALS\",\"item\":\"https:\/\/chemitool.com\/es\/categoria-producto\/chemicals\/\"},{\"@type\":\"ListItem\",\"position\":4,\"name\":\"CHEMIHYB SEAL&#038;BOND 35MS CRISTAL\"}]}]}<\/script>\n<!-- \/ Yoast SEO plugin. -->","yoast_head_json":{"title":"CHEMIHYB SEAL&BOND 35MS CRISTAL &ndash; Chemitool","description":"SAP: CH03510000 CHEMIHYB SEAL&amp;BOND 35MS CRISTAL es un adhesivo el\u00e1stico transparente a base de Pol\u00edmeros MS de alta calidad, para hacer invisibles las juntas entre diferentes materiales y adherirse a la mayor\u00eda de los sustratos utilizados en la construcci\u00f3n, la industria automotriz, la industria naval, etc.","robots":{"index":"index","follow":"follow","max-snippet":"max-snippet:-1","max-image-preview":"max-image-preview:large","max-video-preview":"max-video-preview:-1"},"canonical":"https:\/\/chemitool.com\/es\/products\/chemicals\/adhesivos\/ms-polimero-es\/chemihyb-sealbond-35ms-cristal\/","og_locale":"es_ES","og_type":"article","og_title":"CHEMIHYB SEAL&BOND 35MS CRISTAL &ndash; Chemitool","og_description":"SAP: CH03510000 CHEMIHYB SEAL&amp;BOND 35MS CRISTAL es un adhesivo el\u00e1stico transparente a base de Pol\u00edmeros MS de alta calidad, para hacer invisibles las juntas entre diferentes materiales y adherirse a la mayor\u00eda de los sustratos utilizados en la construcci\u00f3n, la industria automotriz, la industria naval, etc.","og_url":"https:\/\/chemitool.com\/es\/products\/chemicals\/adhesivos\/ms-polimero-es\/chemihyb-sealbond-35ms-cristal\/","og_site_name":"Chemitool","article_publisher":"https:\/\/www.facebook.com\/chemitool","article_modified_time":"2023-05-02T10:48:15+00:00","og_image":[{"width":800,"height":800,"url":"https:\/\/chemitool.com\/wp-content\/uploads\/2020\/04\/CH030-1.png","type":"image\/png"}],"twitter_card":"summary_large_image","twitter_misc":{"Tiempo de lectura":"1 minuto"},"schema":{"@context":"https:\/\/schema.org","@graph":[{"@type":"Organization","@id":"https:\/\/chemitool.com\/#organization","name":"Chemitool","url":"https:\/\/chemitool.com\/","sameAs":["https:\/\/www.facebook.com\/chemitool","https:\/\/www.instagram.com\/chemitool\/"],"logo":{"@type":"ImageObject","@id":"https:\/\/chemitool.com\/#logo","inLanguage":"es","url":"https:\/\/chemitool.com\/wp-content\/uploads\/2020\/10\/logo_chemitool.png","contentUrl":"https:\/\/chemitool.com\/wp-content\/uploads\/2020\/10\/logo_chemitool.png","width":400,"height":400,"caption":"Chemitool"},"image":{"@id":"https:\/\/chemitool.com\/#logo"}},{"@type":"WebSite","@id":"https:\/\/chemitool.com\/#website","url":"https:\/\/chemitool.com\/","name":"Chemitool","description":"Chemitool - hardware and tools","publisher":{"@id":"https:\/\/chemitool.com\/#organization"},"potentialAction":[{"@type":"SearchAction","target":{"@type":"EntryPoint","urlTemplate":"https:\/\/chemitool.com\/?s={search_term_string}"},"query-input":"required name=search_term_string"}],"inLanguage":"es"},{"@type":"ImageObject","@id":"https:\/\/chemitool.com\/es\/products\/chemicals\/adhesivos\/ms-polimero-es\/chemihyb-sealbond-35ms-cristal\/#primaryimage","inLanguage":"es","url":"https:\/\/chemitool.com\/wp-content\/uploads\/2020\/04\/CH030-1.png","contentUrl":"https:\/\/chemitool.com\/wp-content\/uploads\/2020\/04\/CH030-1.png","width":800,"height":800},{"@type":"WebPage","@id":"https:\/\/chemitool.com\/es\/products\/chemicals\/adhesivos\/ms-polimero-es\/chemihyb-sealbond-35ms-cristal\/#webpage","url":"https:\/\/chemitool.com\/es\/products\/chemicals\/adhesivos\/ms-polimero-es\/chemihyb-sealbond-35ms-cristal\/","name":"CHEMIHYB SEAL&BOND 35MS CRISTAL &ndash; Chemitool","isPartOf":{"@id":"https:\/\/chemitool.com\/#website"},"primaryImageOfPage":{"@id":"https:\/\/chemitool.com\/es\/products\/chemicals\/adhesivos\/ms-polimero-es\/chemihyb-sealbond-35ms-cristal\/#primaryimage"},"datePublished":"2020-04-28T09:01:40+00:00","dateModified":"2023-05-02T10:48:15+00:00","description":"SAP: CH03510000 CHEMIHYB SEAL&amp;BOND 35MS CRISTAL es un adhesivo el\u00e1stico transparente a base de Pol\u00edmeros MS de alta calidad, para hacer invisibles las juntas entre diferentes materiales y adherirse a la mayor\u00eda de los sustratos utilizados en la construcci\u00f3n, la industria automotriz, la industria naval, etc.","breadcrumb":{"@id":"https:\/\/chemitool.com\/es\/products\/chemicals\/adhesivos\/ms-polimero-es\/chemihyb-sealbond-35ms-cristal\/#breadcrumb"},"inLanguage":"es","potentialAction":[{"@type":"ReadAction","target":["https:\/\/chemitool.com\/es\/products\/chemicals\/adhesivos\/ms-polimero-es\/chemihyb-sealbond-35ms-cristal\/"]}]},{"@type":"BreadcrumbList","@id":"https:\/\/chemitool.com\/es\/products\/chemicals\/adhesivos\/ms-polimero-es\/chemihyb-sealbond-35ms-cristal\/#breadcrumb","itemListElement":[{"@type":"ListItem","position":1,"name":"Home","item":"https:\/\/chemitool.com\/es\/"},{"@type":"ListItem","position":2,"name":"Productos","item":"https:\/\/chemitool.com\/es\/productos\/"},{"@type":"ListItem","position":3,"name":"CHEMICALS","item":"https:\/\/chemitool.com\/es\/categoria-producto\/chemicals\/"},{"@type":"ListItem","position":4,"name":"CHEMIHYB SEAL&#038;BOND 35MS CRISTAL"}]}]}},"_links":{"self":[{"href":"https:\/\/chemitool.com\/es\/wp-json\/wp\/v2\/product\/4366"}],"collection":[{"href":"https:\/\/chemitool.com\/es\/wp-json\/wp\/v2\/product"}],"about":[{"href":"https:\/\/chemitool.com\/es\/wp-json\/wp\/v2\/types\/product"}],"wp:featuredmedia":[{"embeddable":true,"href":"https:\/\/chemitool.com\/es\/wp-json\/wp\/v2\/media\/32517"}],"wp:attachment":[{"href":"https:\/\/chemitool.com\/es\/wp-json\/wp\/v2\/media?parent=4366"}],"wp:term":[{"taxonomy":"product_cat","embeddable":true,"href":"https:\/\/chemitool.com\/es\/wp-json\/wp\/v2\/product_cat?post=4366"},{"taxonomy":"product_tag","embeddable":true,"href":"https:\/\/chemitool.com\/es\/wp-json\/wp\/v2\/product_tag?post=4366"}],"curies":[{"name":"wp","href":"https:\/\/api.w.org\/{rel}","templated":true}]}}