{"id":43423,"date":"2025-09-22T11:18:44","date_gmt":"2025-09-22T11:18:45","guid":{"rendered":"https:\/\/chemitool.com\/?post_type=product&#038;p=43423"},"modified":"2025-10-09T09:23:12","modified_gmt":"2025-10-09T09:23:12","slug":"espuma-poliuretano-b3-combi-chemifoam","status":"publish","type":"product","link":"https:\/\/chemitool.com\/es\/products\/chemicals\/espumas-de-poliuretano\/espuma-poliuretano-b3-combi-chemifoam\/","title":{"rendered":"ESPUMA POLIURETANO B3 COMBI CHEMIFOAM"},"content":{"rendered":"<p><strong>Ventajas<\/strong><\/p>\n<ul>\n<li>Cualificaci\u00f3n profesional<\/li>\n<li>F\u00e1cil aplicaci\u00f3n y reutilizaci\u00f3n<\/li>\n<li>No contiene gases nocivos para la capa de ozono<\/li>\n<li>Excelente tasa de expansi\u00f3n, adherencia y capacidad de relleno<\/li>\n<li>Alto aislamiento t\u00e9rmico y ac\u00fastico<\/li>\n<li>Consumo econ\u00f3mico gracias a una aplicaci\u00f3n precisa<\/li>\n<li>Alto rendimiento hasta 45 litros dependiendo de la temperatura y humedad<\/li>\n<li>Cumple con la clase de fuego B3 seg\u00fan DIN 4102-1<\/li>\n<li>Curado r\u00e1pido<\/li>\n<li>No se encoge<\/li>\n<li>Pintable<\/li>\n<li>V\u00e1lvula especial que permite la aplicaci\u00f3n manual o con pistola.<\/li>\n<\/ul>\n<p><strong>Aplicaciones<\/strong><\/p>\n<p>ESPUMA POLIURETANO B3 COMBI CHEMIFOAM fue desarrollado para la fijaci\u00f3n y aislamiento de marcos de puertas, ventanas y cajas de persianas, relleno y sellado de grietas, juntas y cavidades, relleno de pasos en paredes, techos y edificios prefabricados, aislamiento de enchufes el\u00e9ctricos y tuber\u00edas de agua, etc.<br \/>\nAplicable en casi todos los sustratos como hormig\u00f3n, yeso, madera pl\u00e1stica. Aislamiento y fijaci\u00f3n de diversos materiales en la construcci\u00f3n y reconstrucci\u00f3n.<\/p>\n","protected":false},"excerpt":{"rendered":"<p><b class=\"sap-label\">SAP:<\/b> <span class=\"codesap-label\"> CH06000009<\/span><\/p>\n<p><em>Espuma Poliuretano B3 Combi CHEMIFOAM <\/em> es una espuma de poliuretano monocomponente, autoexpandible, que cura en contacto con el agua y la humedad del aire. Dispone de una doble v\u00e1lvula que permite la aplicaci\u00f3n tanto con c\u00e1nula manual como con pistola, ofreciendo un mayor rendimiento.<br \/>\nDe alta calidad, presenta una excelente adherencia, gran capacidad de relleno y un elevado aislamiento t\u00e9rmico y ac\u00fastico.<\/p>\n","protected":false},"featured_media":43964,"template":"","meta":[],"product_cat":[1209,1224],"product_tag":[],"yoast_head":"<!-- This site is optimized with the Yoast SEO plugin v17.4 - https:\/\/yoast.com\/wordpress\/plugins\/seo\/ -->\n<title>ESPUMA POLIURETANO B3 COMBI CHEMIFOAM &ndash; Chemitool<\/title>\n<meta name=\"description\" content=\"SAP: CH06000009  Espuma Poliuretano B3 Combi CHEMIFOAM es una espuma de poliuretano monocomponente, autoexpandible, que cura en contacto con el agua y la humedad del aire. Dispone de una doble v\u00e1lvula que permite la aplicaci\u00f3n tanto con c\u00e1nula manual como con pistola, ofreciendo un mayor rendimiento. De alta calidad, presenta una excelente adherencia, gran capacidad de relleno y un elevado aislamiento t\u00e9rmico y ac\u00fastico.\" \/>\n<meta name=\"robots\" content=\"index, follow, max-snippet:-1, max-image-preview:large, max-video-preview:-1\" \/>\n<link rel=\"canonical\" href=\"https:\/\/chemitool.com\/es\/products\/chemical-products\/polyurethane-foam\/chemifoam-polyurethane-foam-b3-combi\/\" \/>\n<meta property=\"og:locale\" content=\"es_ES\" \/>\n<meta property=\"og:type\" content=\"article\" \/>\n<meta property=\"og:title\" content=\"ESPUMA POLIURETANO B3 COMBI CHEMIFOAM &ndash; Chemitool\" \/>\n<meta property=\"og:description\" content=\"SAP: CH06000009  Espuma Poliuretano B3 Combi CHEMIFOAM es una espuma de poliuretano monocomponente, autoexpandible, que cura en contacto con el agua y la humedad del aire. Dispone de una doble v\u00e1lvula que permite la aplicaci\u00f3n tanto con c\u00e1nula manual como con pistola, ofreciendo un mayor rendimiento. De alta calidad, presenta una excelente adherencia, gran capacidad de relleno y un elevado aislamiento t\u00e9rmico y ac\u00fastico.\" \/>\n<meta property=\"og:url\" content=\"https:\/\/chemitool.com\/products\/chemical-products\/polyurethane-foam\/chemifoam-polyurethane-foam-b3-combi\/\" \/>\n<meta property=\"og:site_name\" content=\"Chemitool\" \/>\n<meta property=\"article:publisher\" content=\"https:\/\/www.facebook.com\/chemitool\" \/>\n<meta property=\"article:modified_time\" content=\"2025-10-09T09:23:12+00:00\" \/>\n<meta property=\"og:image\" content=\"https:\/\/chemitool.com\/wp-content\/uploads\/2025\/10\/CH06000009_WEB.png\" \/>\n\t<meta property=\"og:image:width\" content=\"800\" \/>\n\t<meta property=\"og:image:height\" content=\"800\" \/>\n<meta name=\"twitter:card\" content=\"summary_large_image\" \/>\n<meta name=\"twitter:label1\" content=\"Tiempo de lectura\" \/>\n\t<meta name=\"twitter:data1\" content=\"1 minuto\" \/>\n<script type=\"application\/ld+json\" class=\"yoast-schema-graph\">{\"@context\":\"https:\/\/schema.org\",\"@graph\":[{\"@type\":\"Organization\",\"@id\":\"https:\/\/chemitool.com\/#organization\",\"name\":\"Chemitool\",\"url\":\"https:\/\/chemitool.com\/\",\"sameAs\":[\"https:\/\/www.facebook.com\/chemitool\",\"https:\/\/www.instagram.com\/chemitool\/\"],\"logo\":{\"@type\":\"ImageObject\",\"@id\":\"https:\/\/chemitool.com\/#logo\",\"inLanguage\":\"es\",\"url\":\"https:\/\/chemitool.com\/wp-content\/uploads\/2020\/10\/logo_chemitool.png\",\"contentUrl\":\"https:\/\/chemitool.com\/wp-content\/uploads\/2020\/10\/logo_chemitool.png\",\"width\":400,\"height\":400,\"caption\":\"Chemitool\"},\"image\":{\"@id\":\"https:\/\/chemitool.com\/#logo\"}},{\"@type\":\"WebSite\",\"@id\":\"https:\/\/chemitool.com\/#website\",\"url\":\"https:\/\/chemitool.com\/\",\"name\":\"Chemitool\",\"description\":\"Chemitool - hardware and tools\",\"publisher\":{\"@id\":\"https:\/\/chemitool.com\/#organization\"},\"potentialAction\":[{\"@type\":\"SearchAction\",\"target\":{\"@type\":\"EntryPoint\",\"urlTemplate\":\"https:\/\/chemitool.com\/?s={search_term_string}\"},\"query-input\":\"required name=search_term_string\"}],\"inLanguage\":\"es\"},{\"@type\":\"ImageObject\",\"@id\":\"https:\/\/chemitool.com\/products\/chemical-products\/polyurethane-foam\/chemifoam-polyurethane-foam-b3-combi\/#primaryimage\",\"inLanguage\":\"es\",\"url\":\"https:\/\/chemitool.com\/wp-content\/uploads\/2025\/10\/CH06000009_WEB.png\",\"contentUrl\":\"https:\/\/chemitool.com\/wp-content\/uploads\/2025\/10\/CH06000009_WEB.png\",\"width\":800,\"height\":800},{\"@type\":\"WebPage\",\"@id\":\"https:\/\/chemitool.com\/products\/chemical-products\/polyurethane-foam\/chemifoam-polyurethane-foam-b3-combi\/#webpage\",\"url\":\"https:\/\/chemitool.com\/products\/chemical-products\/polyurethane-foam\/chemifoam-polyurethane-foam-b3-combi\/\",\"name\":\"ESPUMA POLIURETANO B3 COMBI CHEMIFOAM &ndash; Chemitool\",\"isPartOf\":{\"@id\":\"https:\/\/chemitool.com\/#website\"},\"primaryImageOfPage\":{\"@id\":\"https:\/\/chemitool.com\/products\/chemical-products\/polyurethane-foam\/chemifoam-polyurethane-foam-b3-combi\/#primaryimage\"},\"datePublished\":\"2025-09-22T11:18:45+00:00\",\"dateModified\":\"2025-10-09T09:23:12+00:00\",\"description\":\"SAP: CH06000009 Espuma Poliuretano B3 Combi CHEMIFOAM es una espuma de poliuretano monocomponente, autoexpandible, que cura en contacto con el agua y la humedad del aire. Dispone de una doble v\\u00e1lvula que permite la aplicaci\\u00f3n tanto con c\\u00e1nula manual como con pistola, ofreciendo un mayor rendimiento. De alta calidad, presenta una excelente adherencia, gran capacidad de relleno y un elevado aislamiento t\\u00e9rmico y ac\\u00fastico.\",\"breadcrumb\":{\"@id\":\"https:\/\/chemitool.com\/products\/chemical-products\/polyurethane-foam\/chemifoam-polyurethane-foam-b3-combi\/#breadcrumb\"},\"inLanguage\":\"es\",\"potentialAction\":[{\"@type\":\"ReadAction\",\"target\":[\"https:\/\/chemitool.com\/products\/chemical-products\/polyurethane-foam\/chemifoam-polyurethane-foam-b3-combi\/\"]}]},{\"@type\":\"BreadcrumbList\",\"@id\":\"https:\/\/chemitool.com\/products\/chemical-products\/polyurethane-foam\/chemifoam-polyurethane-foam-b3-combi\/#breadcrumb\",\"itemListElement\":[{\"@type\":\"ListItem\",\"position\":1,\"name\":\"Home\",\"item\":\"https:\/\/chemitool.com\/es\/\"},{\"@type\":\"ListItem\",\"position\":2,\"name\":\"Productos\",\"item\":\"https:\/\/chemitool.com\/es\/productos\/\"},{\"@type\":\"ListItem\",\"position\":3,\"name\":\"Chemicals\",\"item\":\"https:\/\/chemitool.com\/product-category\/chemical-products\/\"},{\"@type\":\"ListItem\",\"position\":4,\"name\":\"ESPUMA POLIURETANO B3 COMBI CHEMIFOAM\"}]}]}<\/script>\n<!-- \/ Yoast SEO plugin. -->","yoast_head_json":{"title":"ESPUMA POLIURETANO B3 COMBI CHEMIFOAM &ndash; Chemitool","description":"SAP: CH06000009  Espuma Poliuretano B3 Combi CHEMIFOAM es una espuma de poliuretano monocomponente, autoexpandible, que cura en contacto con el agua y la humedad del aire. Dispone de una doble v\u00e1lvula que permite la aplicaci\u00f3n tanto con c\u00e1nula manual como con pistola, ofreciendo un mayor rendimiento. De alta calidad, presenta una excelente adherencia, gran capacidad de relleno y un elevado aislamiento t\u00e9rmico y ac\u00fastico.","robots":{"index":"index","follow":"follow","max-snippet":"max-snippet:-1","max-image-preview":"max-image-preview:large","max-video-preview":"max-video-preview:-1"},"canonical":"https:\/\/chemitool.com\/es\/products\/chemical-products\/polyurethane-foam\/chemifoam-polyurethane-foam-b3-combi\/","og_locale":"es_ES","og_type":"article","og_title":"ESPUMA POLIURETANO B3 COMBI CHEMIFOAM &ndash; Chemitool","og_description":"SAP: CH06000009  Espuma Poliuretano B3 Combi CHEMIFOAM es una espuma de poliuretano monocomponente, autoexpandible, que cura en contacto con el agua y la humedad del aire. Dispone de una doble v\u00e1lvula que permite la aplicaci\u00f3n tanto con c\u00e1nula manual como con pistola, ofreciendo un mayor rendimiento. De alta calidad, presenta una excelente adherencia, gran capacidad de relleno y un elevado aislamiento t\u00e9rmico y ac\u00fastico.","og_url":"https:\/\/chemitool.com\/products\/chemical-products\/polyurethane-foam\/chemifoam-polyurethane-foam-b3-combi\/","og_site_name":"Chemitool","article_publisher":"https:\/\/www.facebook.com\/chemitool","article_modified_time":"2025-10-09T09:23:12+00:00","og_image":[{"width":800,"height":800,"url":"https:\/\/chemitool.com\/wp-content\/uploads\/2025\/10\/CH06000009_WEB.png","type":"image\/png"}],"twitter_card":"summary_large_image","twitter_misc":{"Tiempo de lectura":"1 minuto"},"schema":{"@context":"https:\/\/schema.org","@graph":[{"@type":"Organization","@id":"https:\/\/chemitool.com\/#organization","name":"Chemitool","url":"https:\/\/chemitool.com\/","sameAs":["https:\/\/www.facebook.com\/chemitool","https:\/\/www.instagram.com\/chemitool\/"],"logo":{"@type":"ImageObject","@id":"https:\/\/chemitool.com\/#logo","inLanguage":"es","url":"https:\/\/chemitool.com\/wp-content\/uploads\/2020\/10\/logo_chemitool.png","contentUrl":"https:\/\/chemitool.com\/wp-content\/uploads\/2020\/10\/logo_chemitool.png","width":400,"height":400,"caption":"Chemitool"},"image":{"@id":"https:\/\/chemitool.com\/#logo"}},{"@type":"WebSite","@id":"https:\/\/chemitool.com\/#website","url":"https:\/\/chemitool.com\/","name":"Chemitool","description":"Chemitool - hardware and tools","publisher":{"@id":"https:\/\/chemitool.com\/#organization"},"potentialAction":[{"@type":"SearchAction","target":{"@type":"EntryPoint","urlTemplate":"https:\/\/chemitool.com\/?s={search_term_string}"},"query-input":"required name=search_term_string"}],"inLanguage":"es"},{"@type":"ImageObject","@id":"https:\/\/chemitool.com\/products\/chemical-products\/polyurethane-foam\/chemifoam-polyurethane-foam-b3-combi\/#primaryimage","inLanguage":"es","url":"https:\/\/chemitool.com\/wp-content\/uploads\/2025\/10\/CH06000009_WEB.png","contentUrl":"https:\/\/chemitool.com\/wp-content\/uploads\/2025\/10\/CH06000009_WEB.png","width":800,"height":800},{"@type":"WebPage","@id":"https:\/\/chemitool.com\/products\/chemical-products\/polyurethane-foam\/chemifoam-polyurethane-foam-b3-combi\/#webpage","url":"https:\/\/chemitool.com\/products\/chemical-products\/polyurethane-foam\/chemifoam-polyurethane-foam-b3-combi\/","name":"ESPUMA POLIURETANO B3 COMBI CHEMIFOAM &ndash; Chemitool","isPartOf":{"@id":"https:\/\/chemitool.com\/#website"},"primaryImageOfPage":{"@id":"https:\/\/chemitool.com\/products\/chemical-products\/polyurethane-foam\/chemifoam-polyurethane-foam-b3-combi\/#primaryimage"},"datePublished":"2025-09-22T11:18:45+00:00","dateModified":"2025-10-09T09:23:12+00:00","description":"SAP: CH06000009 Espuma Poliuretano B3 Combi CHEMIFOAM es una espuma de poliuretano monocomponente, autoexpandible, que cura en contacto con el agua y la humedad del aire. Dispone de una doble v\u00e1lvula que permite la aplicaci\u00f3n tanto con c\u00e1nula manual como con pistola, ofreciendo un mayor rendimiento. De alta calidad, presenta una excelente adherencia, gran capacidad de relleno y un elevado aislamiento t\u00e9rmico y ac\u00fastico.","breadcrumb":{"@id":"https:\/\/chemitool.com\/products\/chemical-products\/polyurethane-foam\/chemifoam-polyurethane-foam-b3-combi\/#breadcrumb"},"inLanguage":"es","potentialAction":[{"@type":"ReadAction","target":["https:\/\/chemitool.com\/products\/chemical-products\/polyurethane-foam\/chemifoam-polyurethane-foam-b3-combi\/"]}]},{"@type":"BreadcrumbList","@id":"https:\/\/chemitool.com\/products\/chemical-products\/polyurethane-foam\/chemifoam-polyurethane-foam-b3-combi\/#breadcrumb","itemListElement":[{"@type":"ListItem","position":1,"name":"Home","item":"https:\/\/chemitool.com\/es\/"},{"@type":"ListItem","position":2,"name":"Productos","item":"https:\/\/chemitool.com\/es\/productos\/"},{"@type":"ListItem","position":3,"name":"Chemicals","item":"https:\/\/chemitool.com\/product-category\/chemical-products\/"},{"@type":"ListItem","position":4,"name":"ESPUMA POLIURETANO B3 COMBI CHEMIFOAM"}]}]}},"_links":{"self":[{"href":"https:\/\/chemitool.com\/es\/wp-json\/wp\/v2\/product\/43423"}],"collection":[{"href":"https:\/\/chemitool.com\/es\/wp-json\/wp\/v2\/product"}],"about":[{"href":"https:\/\/chemitool.com\/es\/wp-json\/wp\/v2\/types\/product"}],"wp:featuredmedia":[{"embeddable":true,"href":"https:\/\/chemitool.com\/es\/wp-json\/wp\/v2\/media\/43964"}],"wp:attachment":[{"href":"https:\/\/chemitool.com\/es\/wp-json\/wp\/v2\/media?parent=43423"}],"wp:term":[{"taxonomy":"product_cat","embeddable":true,"href":"https:\/\/chemitool.com\/es\/wp-json\/wp\/v2\/product_cat?post=43423"},{"taxonomy":"product_tag","embeddable":true,"href":"https:\/\/chemitool.com\/es\/wp-json\/wp\/v2\/product_tag?post=43423"}],"curies":[{"name":"wp","href":"https:\/\/api.w.org\/{rel}","templated":true}]}}