{"id":42930,"date":"2025-07-31T13:35:13","date_gmt":"2025-07-31T13:35:15","guid":{"rendered":"https:\/\/chemitool.com\/?post_type=product&#038;p=42930"},"modified":"2025-07-31T14:38:53","modified_gmt":"2025-07-31T14:38:53","slug":"barboquejo-con-mentonera","status":"publish","type":"product","link":"https:\/\/chemitool.com\/es\/products\/safety\/proteccion-cabeza\/barboquejo-con-mentonera\/","title":{"rendered":"BARBOQUEJO CON MENTONERA"},"content":{"rendered":"<p>&nbsp;<\/p>\n<p>&nbsp;<\/p>\n","protected":false},"excerpt":{"rendered":"<p><em>Barboquejo con Mentonera CHEMITOOL <\/em>es apto para cascos de seguridad, proporcionando una sujeci\u00f3n total sin riesgo de que el casco se caiga. Se adapta perfectamente a la barbilla. Est\u00e1 fabricado en polietileno, con enganches de pl\u00e1stico en cada extremo de la goma el\u00e1stica de poli\u00e9ster, con una anchura de 14 mm.<\/p>\n","protected":false},"featured_media":42936,"template":"","meta":[],"product_cat":[1454,3851],"product_tag":[],"yoast_head":"<!-- This site is optimized with the Yoast SEO plugin v17.4 - https:\/\/yoast.com\/wordpress\/plugins\/seo\/ -->\n<title>BARBOQUEJO CON MENTONERA &ndash; Chemitool<\/title>\n<meta name=\"description\" content=\"Barboquejo con Mentonera CHEMITOOL es apto para cascos de seguridad, proporcionando una sujeci\u00f3n total sin riesgo de que el casco se caiga. Se adapta perfectamente a la barbilla. Est\u00e1 fabricado en polietileno, con enganches de pl\u00e1stico en cada extremo de la goma el\u00e1stica de poli\u00e9ster, con una anchura de 14 mm.\" \/>\n<meta name=\"robots\" content=\"index, follow, max-snippet:-1, max-image-preview:large, max-video-preview:-1\" \/>\n<link rel=\"canonical\" href=\"https:\/\/chemitool.com\/es\/products\/safety\/head-protection\/chin-strap-with-chin-rest\/\" \/>\n<meta property=\"og:locale\" content=\"es_ES\" \/>\n<meta property=\"og:type\" content=\"article\" \/>\n<meta property=\"og:title\" content=\"BARBOQUEJO CON MENTONERA &ndash; Chemitool\" \/>\n<meta property=\"og:description\" content=\"Barboquejo con Mentonera CHEMITOOL es apto para cascos de seguridad, proporcionando una sujeci\u00f3n total sin riesgo de que el casco se caiga. Se adapta perfectamente a la barbilla. Est\u00e1 fabricado en polietileno, con enganches de pl\u00e1stico en cada extremo de la goma el\u00e1stica de poli\u00e9ster, con una anchura de 14 mm.\" \/>\n<meta property=\"og:url\" content=\"https:\/\/chemitool.com\/products\/safety\/head-protection\/chin-strap-with-chin-rest\/\" \/>\n<meta property=\"og:site_name\" content=\"Chemitool\" \/>\n<meta property=\"article:publisher\" content=\"https:\/\/www.facebook.com\/chemitool\" \/>\n<meta property=\"article:modified_time\" content=\"2025-07-31T14:38:53+00:00\" \/>\n<meta property=\"og:image\" content=\"https:\/\/chemitool.com\/wp-content\/uploads\/2025\/07\/FRANCALETE.png\" \/>\n\t<meta property=\"og:image:width\" content=\"800\" \/>\n\t<meta property=\"og:image:height\" content=\"800\" \/>\n<meta name=\"twitter:card\" content=\"summary_large_image\" \/>\n<script type=\"application\/ld+json\" class=\"yoast-schema-graph\">{\"@context\":\"https:\/\/schema.org\",\"@graph\":[{\"@type\":\"Organization\",\"@id\":\"https:\/\/chemitool.com\/#organization\",\"name\":\"Chemitool\",\"url\":\"https:\/\/chemitool.com\/\",\"sameAs\":[\"https:\/\/www.facebook.com\/chemitool\",\"https:\/\/www.instagram.com\/chemitool\/\"],\"logo\":{\"@type\":\"ImageObject\",\"@id\":\"https:\/\/chemitool.com\/#logo\",\"inLanguage\":\"es\",\"url\":\"https:\/\/chemitool.com\/wp-content\/uploads\/2020\/10\/logo_chemitool.png\",\"contentUrl\":\"https:\/\/chemitool.com\/wp-content\/uploads\/2020\/10\/logo_chemitool.png\",\"width\":400,\"height\":400,\"caption\":\"Chemitool\"},\"image\":{\"@id\":\"https:\/\/chemitool.com\/#logo\"}},{\"@type\":\"WebSite\",\"@id\":\"https:\/\/chemitool.com\/#website\",\"url\":\"https:\/\/chemitool.com\/\",\"name\":\"Chemitool\",\"description\":\"Chemitool - hardware and tools\",\"publisher\":{\"@id\":\"https:\/\/chemitool.com\/#organization\"},\"potentialAction\":[{\"@type\":\"SearchAction\",\"target\":{\"@type\":\"EntryPoint\",\"urlTemplate\":\"https:\/\/chemitool.com\/?s={search_term_string}\"},\"query-input\":\"required name=search_term_string\"}],\"inLanguage\":\"es\"},{\"@type\":\"ImageObject\",\"@id\":\"https:\/\/chemitool.com\/products\/safety\/head-protection\/chin-strap-with-chin-rest\/#primaryimage\",\"inLanguage\":\"es\",\"url\":\"https:\/\/chemitool.com\/wp-content\/uploads\/2025\/07\/FRANCALETE.png\",\"contentUrl\":\"https:\/\/chemitool.com\/wp-content\/uploads\/2025\/07\/FRANCALETE.png\",\"width\":800,\"height\":800},{\"@type\":\"WebPage\",\"@id\":\"https:\/\/chemitool.com\/products\/safety\/head-protection\/chin-strap-with-chin-rest\/#webpage\",\"url\":\"https:\/\/chemitool.com\/products\/safety\/head-protection\/chin-strap-with-chin-rest\/\",\"name\":\"BARBOQUEJO CON MENTONERA &ndash; Chemitool\",\"isPartOf\":{\"@id\":\"https:\/\/chemitool.com\/#website\"},\"primaryImageOfPage\":{\"@id\":\"https:\/\/chemitool.com\/products\/safety\/head-protection\/chin-strap-with-chin-rest\/#primaryimage\"},\"datePublished\":\"2025-07-31T13:35:15+00:00\",\"dateModified\":\"2025-07-31T14:38:53+00:00\",\"description\":\"Barboquejo con Mentonera CHEMITOOL es apto para cascos de seguridad, proporcionando una sujeci\\u00f3n total sin riesgo de que el casco se caiga. Se adapta perfectamente a la barbilla. Est\\u00e1 fabricado en polietileno, con enganches de pl\\u00e1stico en cada extremo de la goma el\\u00e1stica de poli\\u00e9ster, con una anchura de 14 mm.\",\"breadcrumb\":{\"@id\":\"https:\/\/chemitool.com\/products\/safety\/head-protection\/chin-strap-with-chin-rest\/#breadcrumb\"},\"inLanguage\":\"es\",\"potentialAction\":[{\"@type\":\"ReadAction\",\"target\":[\"https:\/\/chemitool.com\/products\/safety\/head-protection\/chin-strap-with-chin-rest\/\"]}]},{\"@type\":\"BreadcrumbList\",\"@id\":\"https:\/\/chemitool.com\/products\/safety\/head-protection\/chin-strap-with-chin-rest\/#breadcrumb\",\"itemListElement\":[{\"@type\":\"ListItem\",\"position\":1,\"name\":\"Home\",\"item\":\"https:\/\/chemitool.com\/es\/\"},{\"@type\":\"ListItem\",\"position\":2,\"name\":\"Productos\",\"item\":\"https:\/\/chemitool.com\/es\/productos\/\"},{\"@type\":\"ListItem\",\"position\":3,\"name\":\"Safety\",\"item\":\"https:\/\/chemitool.com\/product-category\/safety\/\"},{\"@type\":\"ListItem\",\"position\":4,\"name\":\"BARBOQUEJO CON MENTONERA\"}]}]}<\/script>\n<!-- \/ Yoast SEO plugin. -->","yoast_head_json":{"title":"BARBOQUEJO CON MENTONERA &ndash; Chemitool","description":"Barboquejo con Mentonera CHEMITOOL es apto para cascos de seguridad, proporcionando una sujeci\u00f3n total sin riesgo de que el casco se caiga. Se adapta perfectamente a la barbilla. Est\u00e1 fabricado en polietileno, con enganches de pl\u00e1stico en cada extremo de la goma el\u00e1stica de poli\u00e9ster, con una anchura de 14 mm.","robots":{"index":"index","follow":"follow","max-snippet":"max-snippet:-1","max-image-preview":"max-image-preview:large","max-video-preview":"max-video-preview:-1"},"canonical":"https:\/\/chemitool.com\/es\/products\/safety\/head-protection\/chin-strap-with-chin-rest\/","og_locale":"es_ES","og_type":"article","og_title":"BARBOQUEJO CON MENTONERA &ndash; Chemitool","og_description":"Barboquejo con Mentonera CHEMITOOL es apto para cascos de seguridad, proporcionando una sujeci\u00f3n total sin riesgo de que el casco se caiga. Se adapta perfectamente a la barbilla. Est\u00e1 fabricado en polietileno, con enganches de pl\u00e1stico en cada extremo de la goma el\u00e1stica de poli\u00e9ster, con una anchura de 14 mm.","og_url":"https:\/\/chemitool.com\/products\/safety\/head-protection\/chin-strap-with-chin-rest\/","og_site_name":"Chemitool","article_publisher":"https:\/\/www.facebook.com\/chemitool","article_modified_time":"2025-07-31T14:38:53+00:00","og_image":[{"width":800,"height":800,"url":"https:\/\/chemitool.com\/wp-content\/uploads\/2025\/07\/FRANCALETE.png","type":"image\/png"}],"twitter_card":"summary_large_image","schema":{"@context":"https:\/\/schema.org","@graph":[{"@type":"Organization","@id":"https:\/\/chemitool.com\/#organization","name":"Chemitool","url":"https:\/\/chemitool.com\/","sameAs":["https:\/\/www.facebook.com\/chemitool","https:\/\/www.instagram.com\/chemitool\/"],"logo":{"@type":"ImageObject","@id":"https:\/\/chemitool.com\/#logo","inLanguage":"es","url":"https:\/\/chemitool.com\/wp-content\/uploads\/2020\/10\/logo_chemitool.png","contentUrl":"https:\/\/chemitool.com\/wp-content\/uploads\/2020\/10\/logo_chemitool.png","width":400,"height":400,"caption":"Chemitool"},"image":{"@id":"https:\/\/chemitool.com\/#logo"}},{"@type":"WebSite","@id":"https:\/\/chemitool.com\/#website","url":"https:\/\/chemitool.com\/","name":"Chemitool","description":"Chemitool - hardware and tools","publisher":{"@id":"https:\/\/chemitool.com\/#organization"},"potentialAction":[{"@type":"SearchAction","target":{"@type":"EntryPoint","urlTemplate":"https:\/\/chemitool.com\/?s={search_term_string}"},"query-input":"required name=search_term_string"}],"inLanguage":"es"},{"@type":"ImageObject","@id":"https:\/\/chemitool.com\/products\/safety\/head-protection\/chin-strap-with-chin-rest\/#primaryimage","inLanguage":"es","url":"https:\/\/chemitool.com\/wp-content\/uploads\/2025\/07\/FRANCALETE.png","contentUrl":"https:\/\/chemitool.com\/wp-content\/uploads\/2025\/07\/FRANCALETE.png","width":800,"height":800},{"@type":"WebPage","@id":"https:\/\/chemitool.com\/products\/safety\/head-protection\/chin-strap-with-chin-rest\/#webpage","url":"https:\/\/chemitool.com\/products\/safety\/head-protection\/chin-strap-with-chin-rest\/","name":"BARBOQUEJO CON MENTONERA &ndash; Chemitool","isPartOf":{"@id":"https:\/\/chemitool.com\/#website"},"primaryImageOfPage":{"@id":"https:\/\/chemitool.com\/products\/safety\/head-protection\/chin-strap-with-chin-rest\/#primaryimage"},"datePublished":"2025-07-31T13:35:15+00:00","dateModified":"2025-07-31T14:38:53+00:00","description":"Barboquejo con Mentonera CHEMITOOL es apto para cascos de seguridad, proporcionando una sujeci\u00f3n total sin riesgo de que el casco se caiga. Se adapta perfectamente a la barbilla. Est\u00e1 fabricado en polietileno, con enganches de pl\u00e1stico en cada extremo de la goma el\u00e1stica de poli\u00e9ster, con una anchura de 14 mm.","breadcrumb":{"@id":"https:\/\/chemitool.com\/products\/safety\/head-protection\/chin-strap-with-chin-rest\/#breadcrumb"},"inLanguage":"es","potentialAction":[{"@type":"ReadAction","target":["https:\/\/chemitool.com\/products\/safety\/head-protection\/chin-strap-with-chin-rest\/"]}]},{"@type":"BreadcrumbList","@id":"https:\/\/chemitool.com\/products\/safety\/head-protection\/chin-strap-with-chin-rest\/#breadcrumb","itemListElement":[{"@type":"ListItem","position":1,"name":"Home","item":"https:\/\/chemitool.com\/es\/"},{"@type":"ListItem","position":2,"name":"Productos","item":"https:\/\/chemitool.com\/es\/productos\/"},{"@type":"ListItem","position":3,"name":"Safety","item":"https:\/\/chemitool.com\/product-category\/safety\/"},{"@type":"ListItem","position":4,"name":"BARBOQUEJO CON MENTONERA"}]}]}},"_links":{"self":[{"href":"https:\/\/chemitool.com\/es\/wp-json\/wp\/v2\/product\/42930"}],"collection":[{"href":"https:\/\/chemitool.com\/es\/wp-json\/wp\/v2\/product"}],"about":[{"href":"https:\/\/chemitool.com\/es\/wp-json\/wp\/v2\/types\/product"}],"wp:featuredmedia":[{"embeddable":true,"href":"https:\/\/chemitool.com\/es\/wp-json\/wp\/v2\/media\/42936"}],"wp:attachment":[{"href":"https:\/\/chemitool.com\/es\/wp-json\/wp\/v2\/media?parent=42930"}],"wp:term":[{"taxonomy":"product_cat","embeddable":true,"href":"https:\/\/chemitool.com\/es\/wp-json\/wp\/v2\/product_cat?post=42930"},{"taxonomy":"product_tag","embeddable":true,"href":"https:\/\/chemitool.com\/es\/wp-json\/wp\/v2\/product_tag?post=42930"}],"curies":[{"name":"wp","href":"https:\/\/api.w.org\/{rel}","templated":true}]}}