{"id":42523,"date":"2025-07-02T16:38:59","date_gmt":"2025-07-02T16:38:59","guid":{"rendered":"https:\/\/chemitool.com\/?post_type=product&#038;p=42523"},"modified":"2025-07-02T17:05:01","modified_gmt":"2025-07-02T17:05:01","slug":"zapatilla-de-seguridad-sebring-s1ps-sr-fo-hro-esd-negro-gris","status":"publish","type":"product","link":"https:\/\/chemitool.com\/es\/products\/safety\/zapatos-de-seguridad\/zapatilhas\/sebring-es\/zapatilla-de-seguridad-sebring-s1ps-sr-fo-hro-esd-negro-gris\/","title":{"rendered":"ZAPATILLA DE SEGURIDAD SEBRING S1PS SR FO HRO ESD &#8211; NEGRO\/GRIS"},"content":{"rendered":"<ul>\n<li>Puntera en fibra de vidrio<\/li>\n<li>Plantilla antiperforaci\u00f3n no met\u00e1lica<\/li>\n<li>Suela antiest\u00e1tica con absorci\u00f3n de impactos en el tal\u00f3n<\/li>\n<li>Suela resistente al aceites y hidrocarburos<\/li>\n<li>Suela HRO &#8211; resistente al calor por contacto hasta 300\u00baC<\/li>\n<\/ul>\n<p><img class=\"alignnone wp-image-42360\" src=\"https:\/\/chemitool.com\/wp-content\/uploads\/2025\/07\/Artboard-1-copy-73.png\" alt=\"\" width=\"110\" height=\"124\" \/><\/p>\n","protected":false},"excerpt":{"rendered":"<p>La <em>Zapatilla de Seguridad SEBRING S1PS SR FO HRO ESD CHEMITOOL<\/em> es una de las m\u00e1s ligeros del mercado, ideal para jornadas largas. La puntera de fibra de vidrio y la plantilla antiperforaci\u00f3n ultraligera garantizan la m\u00e1xima seguridad contra perforaciones de objetos con un di\u00e1metro igual o superior a 3 mm. La parte superior est\u00e1 fabricada con tejido transpirable con refuerzos en TPU, lo que ofrece mayor flexibilidad y ventilaci\u00f3n continua. La plantilla ergon\u00f3mica proporciona soporte para el metatarso y el arco longitudinal, aliviando la presi\u00f3n y reduciendo la fatiga, mientras absorbe la transpiraci\u00f3n y mantiene los pies secos. La suela de EVA y goma asegura una excelente adherencia y absorci\u00f3n de impactos.<\/p>\n<p>&nbsp;<\/p>\n<p>&nbsp;<\/p>\n","protected":false},"featured_media":42478,"template":"","meta":[],"product_cat":[5335,1454,3036,4287],"product_tag":[],"yoast_head":"<!-- This site is optimized with the Yoast SEO plugin v17.4 - https:\/\/yoast.com\/wordpress\/plugins\/seo\/ -->\n<title>ZAPATILLA DE SEGURIDAD SEBRING S1PS SR FO HRO ESD - NEGRO\/GRIS &ndash; Chemitool<\/title>\n<meta name=\"description\" content=\"La Zapatilla de Seguridad SEBRING S1PS SR FO HRO ESD CHEMITOOL es una de las m\u00e1s ligeros del mercado, ideal para jornadas largas. La puntera de fibra de vidrio y la plantilla antiperforaci\u00f3n ultraligera garantizan la m\u00e1xima seguridad contra perforaciones de objetos con un di\u00e1metro igual o superior a 3 mm. La parte superior est\u00e1 fabricada con tejido transpirable con refuerzos en TPU, lo que ofrece mayor flexibilidad y ventilaci\u00f3n continua. La plantilla ergon\u00f3mica proporciona soporte para el metatarso y el arco longitudinal, aliviando la presi\u00f3n y reduciendo la fatiga, mientras absorbe la transpiraci\u00f3n y mantiene los pies secos. La suela de EVA y goma asegura una excelente adherencia y absorci\u00f3n de impactos.  &nbsp;  &nbsp;\" \/>\n<meta name=\"robots\" content=\"index, follow, max-snippet:-1, max-image-preview:large, max-video-preview:-1\" \/>\n<link rel=\"canonical\" href=\"https:\/\/chemitool.com\/es\/products\/safety\/zapatos-de-seguridad\/zapatilhas\/sebring-es\/zapatilla-de-seguridad-sebring-s1ps-sr-fo-hro-esd-negro-gris\/\" \/>\n<meta property=\"og:locale\" content=\"es_ES\" \/>\n<meta property=\"og:type\" content=\"article\" \/>\n<meta property=\"og:title\" content=\"ZAPATILLA DE SEGURIDAD SEBRING S1PS SR FO HRO ESD - NEGRO\/GRIS &ndash; Chemitool\" \/>\n<meta property=\"og:description\" content=\"La Zapatilla de Seguridad SEBRING S1PS SR FO HRO ESD CHEMITOOL es una de las m\u00e1s ligeros del mercado, ideal para jornadas largas. La puntera de fibra de vidrio y la plantilla antiperforaci\u00f3n ultraligera garantizan la m\u00e1xima seguridad contra perforaciones de objetos con un di\u00e1metro igual o superior a 3 mm. La parte superior est\u00e1 fabricada con tejido transpirable con refuerzos en TPU, lo que ofrece mayor flexibilidad y ventilaci\u00f3n continua. La plantilla ergon\u00f3mica proporciona soporte para el metatarso y el arco longitudinal, aliviando la presi\u00f3n y reduciendo la fatiga, mientras absorbe la transpiraci\u00f3n y mantiene los pies secos. La suela de EVA y goma asegura una excelente adherencia y absorci\u00f3n de impactos.  &nbsp;  &nbsp;\" \/>\n<meta property=\"og:url\" content=\"https:\/\/chemitool.com\/es\/products\/safety\/zapatos-de-seguridad\/zapatilhas\/sebring-es\/zapatilla-de-seguridad-sebring-s1ps-sr-fo-hro-esd-negro-gris\/\" \/>\n<meta property=\"og:site_name\" content=\"Chemitool\" \/>\n<meta property=\"article:publisher\" content=\"https:\/\/www.facebook.com\/chemitool\" \/>\n<meta property=\"article:modified_time\" content=\"2025-07-02T17:05:01+00:00\" \/>\n<meta property=\"og:image\" content=\"https:\/\/chemitool.com\/wp-content\/uploads\/2025\/07\/CHS01060700_1_WEB.png\" \/>\n\t<meta property=\"og:image:width\" content=\"800\" \/>\n\t<meta property=\"og:image:height\" content=\"800\" \/>\n<meta name=\"twitter:card\" content=\"summary_large_image\" \/>\n<script type=\"application\/ld+json\" class=\"yoast-schema-graph\">{\"@context\":\"https:\/\/schema.org\",\"@graph\":[{\"@type\":\"Organization\",\"@id\":\"https:\/\/chemitool.com\/#organization\",\"name\":\"Chemitool\",\"url\":\"https:\/\/chemitool.com\/\",\"sameAs\":[\"https:\/\/www.facebook.com\/chemitool\",\"https:\/\/www.instagram.com\/chemitool\/\"],\"logo\":{\"@type\":\"ImageObject\",\"@id\":\"https:\/\/chemitool.com\/#logo\",\"inLanguage\":\"es\",\"url\":\"https:\/\/chemitool.com\/wp-content\/uploads\/2020\/10\/logo_chemitool.png\",\"contentUrl\":\"https:\/\/chemitool.com\/wp-content\/uploads\/2020\/10\/logo_chemitool.png\",\"width\":400,\"height\":400,\"caption\":\"Chemitool\"},\"image\":{\"@id\":\"https:\/\/chemitool.com\/#logo\"}},{\"@type\":\"WebSite\",\"@id\":\"https:\/\/chemitool.com\/#website\",\"url\":\"https:\/\/chemitool.com\/\",\"name\":\"Chemitool\",\"description\":\"Chemitool - hardware and tools\",\"publisher\":{\"@id\":\"https:\/\/chemitool.com\/#organization\"},\"potentialAction\":[{\"@type\":\"SearchAction\",\"target\":{\"@type\":\"EntryPoint\",\"urlTemplate\":\"https:\/\/chemitool.com\/?s={search_term_string}\"},\"query-input\":\"required name=search_term_string\"}],\"inLanguage\":\"es\"},{\"@type\":\"ImageObject\",\"@id\":\"https:\/\/chemitool.com\/es\/products\/safety\/zapatos-de-seguridad\/zapatilhas\/sebring-es\/zapatilla-de-seguridad-sebring-s1ps-sr-fo-hro-esd-negro-gris\/#primaryimage\",\"inLanguage\":\"es\",\"url\":\"https:\/\/chemitool.com\/wp-content\/uploads\/2025\/07\/CHS01060700_1_WEB.png\",\"contentUrl\":\"https:\/\/chemitool.com\/wp-content\/uploads\/2025\/07\/CHS01060700_1_WEB.png\",\"width\":800,\"height\":800},{\"@type\":\"WebPage\",\"@id\":\"https:\/\/chemitool.com\/es\/products\/safety\/zapatos-de-seguridad\/zapatilhas\/sebring-es\/zapatilla-de-seguridad-sebring-s1ps-sr-fo-hro-esd-negro-gris\/#webpage\",\"url\":\"https:\/\/chemitool.com\/es\/products\/safety\/zapatos-de-seguridad\/zapatilhas\/sebring-es\/zapatilla-de-seguridad-sebring-s1ps-sr-fo-hro-esd-negro-gris\/\",\"name\":\"ZAPATILLA DE SEGURIDAD SEBRING S1PS SR FO HRO ESD - NEGRO\/GRIS &ndash; Chemitool\",\"isPartOf\":{\"@id\":\"https:\/\/chemitool.com\/#website\"},\"primaryImageOfPage\":{\"@id\":\"https:\/\/chemitool.com\/es\/products\/safety\/zapatos-de-seguridad\/zapatilhas\/sebring-es\/zapatilla-de-seguridad-sebring-s1ps-sr-fo-hro-esd-negro-gris\/#primaryimage\"},\"datePublished\":\"2025-07-02T16:38:59+00:00\",\"dateModified\":\"2025-07-02T17:05:01+00:00\",\"description\":\"La Zapatilla de Seguridad SEBRING S1PS SR FO HRO ESD CHEMITOOL es una de las m\\u00e1s ligeros del mercado, ideal para jornadas largas. La puntera de fibra de vidrio y la plantilla antiperforaci\\u00f3n ultraligera garantizan la m\\u00e1xima seguridad contra perforaciones de objetos con un di\\u00e1metro igual o superior a 3 mm. La parte superior est\\u00e1 fabricada con tejido transpirable con refuerzos en TPU, lo que ofrece mayor flexibilidad y ventilaci\\u00f3n continua. La plantilla ergon\\u00f3mica proporciona soporte para el metatarso y el arco longitudinal, aliviando la presi\\u00f3n y reduciendo la fatiga, mientras absorbe la transpiraci\\u00f3n y mantiene los pies secos. La suela de EVA y goma asegura una excelente adherencia y absorci\\u00f3n de impactos. &nbsp; &nbsp;\",\"breadcrumb\":{\"@id\":\"https:\/\/chemitool.com\/es\/products\/safety\/zapatos-de-seguridad\/zapatilhas\/sebring-es\/zapatilla-de-seguridad-sebring-s1ps-sr-fo-hro-esd-negro-gris\/#breadcrumb\"},\"inLanguage\":\"es\",\"potentialAction\":[{\"@type\":\"ReadAction\",\"target\":[\"https:\/\/chemitool.com\/es\/products\/safety\/zapatos-de-seguridad\/zapatilhas\/sebring-es\/zapatilla-de-seguridad-sebring-s1ps-sr-fo-hro-esd-negro-gris\/\"]}]},{\"@type\":\"BreadcrumbList\",\"@id\":\"https:\/\/chemitool.com\/es\/products\/safety\/zapatos-de-seguridad\/zapatilhas\/sebring-es\/zapatilla-de-seguridad-sebring-s1ps-sr-fo-hro-esd-negro-gris\/#breadcrumb\",\"itemListElement\":[{\"@type\":\"ListItem\",\"position\":1,\"name\":\"Home\",\"item\":\"https:\/\/chemitool.com\/es\/\"},{\"@type\":\"ListItem\",\"position\":2,\"name\":\"Productos\",\"item\":\"https:\/\/chemitool.com\/es\/productos\/\"},{\"@type\":\"ListItem\",\"position\":3,\"name\":\"Safety\",\"item\":\"https:\/\/chemitool.com\/product-category\/safety\/\"},{\"@type\":\"ListItem\",\"position\":4,\"name\":\"ZAPATILLA DE SEGURIDAD SEBRING S1PS SR FO HRO ESD &#8211; NEGRO\/GRIS\"}]}]}<\/script>\n<!-- \/ Yoast SEO plugin. -->","yoast_head_json":{"title":"ZAPATILLA DE SEGURIDAD SEBRING S1PS SR FO HRO ESD - NEGRO\/GRIS &ndash; Chemitool","description":"La Zapatilla de Seguridad SEBRING S1PS SR FO HRO ESD CHEMITOOL es una de las m\u00e1s ligeros del mercado, ideal para jornadas largas. La puntera de fibra de vidrio y la plantilla antiperforaci\u00f3n ultraligera garantizan la m\u00e1xima seguridad contra perforaciones de objetos con un di\u00e1metro igual o superior a 3 mm. La parte superior est\u00e1 fabricada con tejido transpirable con refuerzos en TPU, lo que ofrece mayor flexibilidad y ventilaci\u00f3n continua. La plantilla ergon\u00f3mica proporciona soporte para el metatarso y el arco longitudinal, aliviando la presi\u00f3n y reduciendo la fatiga, mientras absorbe la transpiraci\u00f3n y mantiene los pies secos. La suela de EVA y goma asegura una excelente adherencia y absorci\u00f3n de impactos.  &nbsp;  &nbsp;","robots":{"index":"index","follow":"follow","max-snippet":"max-snippet:-1","max-image-preview":"max-image-preview:large","max-video-preview":"max-video-preview:-1"},"canonical":"https:\/\/chemitool.com\/es\/products\/safety\/zapatos-de-seguridad\/zapatilhas\/sebring-es\/zapatilla-de-seguridad-sebring-s1ps-sr-fo-hro-esd-negro-gris\/","og_locale":"es_ES","og_type":"article","og_title":"ZAPATILLA DE SEGURIDAD SEBRING S1PS SR FO HRO ESD - NEGRO\/GRIS &ndash; Chemitool","og_description":"La Zapatilla de Seguridad SEBRING S1PS SR FO HRO ESD CHEMITOOL es una de las m\u00e1s ligeros del mercado, ideal para jornadas largas. La puntera de fibra de vidrio y la plantilla antiperforaci\u00f3n ultraligera garantizan la m\u00e1xima seguridad contra perforaciones de objetos con un di\u00e1metro igual o superior a 3 mm. La parte superior est\u00e1 fabricada con tejido transpirable con refuerzos en TPU, lo que ofrece mayor flexibilidad y ventilaci\u00f3n continua. La plantilla ergon\u00f3mica proporciona soporte para el metatarso y el arco longitudinal, aliviando la presi\u00f3n y reduciendo la fatiga, mientras absorbe la transpiraci\u00f3n y mantiene los pies secos. La suela de EVA y goma asegura una excelente adherencia y absorci\u00f3n de impactos.  &nbsp;  &nbsp;","og_url":"https:\/\/chemitool.com\/es\/products\/safety\/zapatos-de-seguridad\/zapatilhas\/sebring-es\/zapatilla-de-seguridad-sebring-s1ps-sr-fo-hro-esd-negro-gris\/","og_site_name":"Chemitool","article_publisher":"https:\/\/www.facebook.com\/chemitool","article_modified_time":"2025-07-02T17:05:01+00:00","og_image":[{"width":800,"height":800,"url":"https:\/\/chemitool.com\/wp-content\/uploads\/2025\/07\/CHS01060700_1_WEB.png","type":"image\/png"}],"twitter_card":"summary_large_image","schema":{"@context":"https:\/\/schema.org","@graph":[{"@type":"Organization","@id":"https:\/\/chemitool.com\/#organization","name":"Chemitool","url":"https:\/\/chemitool.com\/","sameAs":["https:\/\/www.facebook.com\/chemitool","https:\/\/www.instagram.com\/chemitool\/"],"logo":{"@type":"ImageObject","@id":"https:\/\/chemitool.com\/#logo","inLanguage":"es","url":"https:\/\/chemitool.com\/wp-content\/uploads\/2020\/10\/logo_chemitool.png","contentUrl":"https:\/\/chemitool.com\/wp-content\/uploads\/2020\/10\/logo_chemitool.png","width":400,"height":400,"caption":"Chemitool"},"image":{"@id":"https:\/\/chemitool.com\/#logo"}},{"@type":"WebSite","@id":"https:\/\/chemitool.com\/#website","url":"https:\/\/chemitool.com\/","name":"Chemitool","description":"Chemitool - hardware and tools","publisher":{"@id":"https:\/\/chemitool.com\/#organization"},"potentialAction":[{"@type":"SearchAction","target":{"@type":"EntryPoint","urlTemplate":"https:\/\/chemitool.com\/?s={search_term_string}"},"query-input":"required name=search_term_string"}],"inLanguage":"es"},{"@type":"ImageObject","@id":"https:\/\/chemitool.com\/es\/products\/safety\/zapatos-de-seguridad\/zapatilhas\/sebring-es\/zapatilla-de-seguridad-sebring-s1ps-sr-fo-hro-esd-negro-gris\/#primaryimage","inLanguage":"es","url":"https:\/\/chemitool.com\/wp-content\/uploads\/2025\/07\/CHS01060700_1_WEB.png","contentUrl":"https:\/\/chemitool.com\/wp-content\/uploads\/2025\/07\/CHS01060700_1_WEB.png","width":800,"height":800},{"@type":"WebPage","@id":"https:\/\/chemitool.com\/es\/products\/safety\/zapatos-de-seguridad\/zapatilhas\/sebring-es\/zapatilla-de-seguridad-sebring-s1ps-sr-fo-hro-esd-negro-gris\/#webpage","url":"https:\/\/chemitool.com\/es\/products\/safety\/zapatos-de-seguridad\/zapatilhas\/sebring-es\/zapatilla-de-seguridad-sebring-s1ps-sr-fo-hro-esd-negro-gris\/","name":"ZAPATILLA DE SEGURIDAD SEBRING S1PS SR FO HRO ESD - NEGRO\/GRIS &ndash; Chemitool","isPartOf":{"@id":"https:\/\/chemitool.com\/#website"},"primaryImageOfPage":{"@id":"https:\/\/chemitool.com\/es\/products\/safety\/zapatos-de-seguridad\/zapatilhas\/sebring-es\/zapatilla-de-seguridad-sebring-s1ps-sr-fo-hro-esd-negro-gris\/#primaryimage"},"datePublished":"2025-07-02T16:38:59+00:00","dateModified":"2025-07-02T17:05:01+00:00","description":"La Zapatilla de Seguridad SEBRING S1PS SR FO HRO ESD CHEMITOOL es una de las m\u00e1s ligeros del mercado, ideal para jornadas largas. La puntera de fibra de vidrio y la plantilla antiperforaci\u00f3n ultraligera garantizan la m\u00e1xima seguridad contra perforaciones de objetos con un di\u00e1metro igual o superior a 3 mm. La parte superior est\u00e1 fabricada con tejido transpirable con refuerzos en TPU, lo que ofrece mayor flexibilidad y ventilaci\u00f3n continua. La plantilla ergon\u00f3mica proporciona soporte para el metatarso y el arco longitudinal, aliviando la presi\u00f3n y reduciendo la fatiga, mientras absorbe la transpiraci\u00f3n y mantiene los pies secos. La suela de EVA y goma asegura una excelente adherencia y absorci\u00f3n de impactos. &nbsp; &nbsp;","breadcrumb":{"@id":"https:\/\/chemitool.com\/es\/products\/safety\/zapatos-de-seguridad\/zapatilhas\/sebring-es\/zapatilla-de-seguridad-sebring-s1ps-sr-fo-hro-esd-negro-gris\/#breadcrumb"},"inLanguage":"es","potentialAction":[{"@type":"ReadAction","target":["https:\/\/chemitool.com\/es\/products\/safety\/zapatos-de-seguridad\/zapatilhas\/sebring-es\/zapatilla-de-seguridad-sebring-s1ps-sr-fo-hro-esd-negro-gris\/"]}]},{"@type":"BreadcrumbList","@id":"https:\/\/chemitool.com\/es\/products\/safety\/zapatos-de-seguridad\/zapatilhas\/sebring-es\/zapatilla-de-seguridad-sebring-s1ps-sr-fo-hro-esd-negro-gris\/#breadcrumb","itemListElement":[{"@type":"ListItem","position":1,"name":"Home","item":"https:\/\/chemitool.com\/es\/"},{"@type":"ListItem","position":2,"name":"Productos","item":"https:\/\/chemitool.com\/es\/productos\/"},{"@type":"ListItem","position":3,"name":"Safety","item":"https:\/\/chemitool.com\/product-category\/safety\/"},{"@type":"ListItem","position":4,"name":"ZAPATILLA DE SEGURIDAD SEBRING S1PS SR FO HRO ESD &#8211; NEGRO\/GRIS"}]}]}},"_links":{"self":[{"href":"https:\/\/chemitool.com\/es\/wp-json\/wp\/v2\/product\/42523"}],"collection":[{"href":"https:\/\/chemitool.com\/es\/wp-json\/wp\/v2\/product"}],"about":[{"href":"https:\/\/chemitool.com\/es\/wp-json\/wp\/v2\/types\/product"}],"wp:featuredmedia":[{"embeddable":true,"href":"https:\/\/chemitool.com\/es\/wp-json\/wp\/v2\/media\/42478"}],"wp:attachment":[{"href":"https:\/\/chemitool.com\/es\/wp-json\/wp\/v2\/media?parent=42523"}],"wp:term":[{"taxonomy":"product_cat","embeddable":true,"href":"https:\/\/chemitool.com\/es\/wp-json\/wp\/v2\/product_cat?post=42523"},{"taxonomy":"product_tag","embeddable":true,"href":"https:\/\/chemitool.com\/es\/wp-json\/wp\/v2\/product_tag?post=42523"}],"curies":[{"name":"wp","href":"https:\/\/api.w.org\/{rel}","templated":true}]}}