{"id":42434,"date":"2025-07-02T11:05:41","date_gmt":"2025-07-02T11:05:44","guid":{"rendered":"https:\/\/chemitool.com\/?post_type=product&#038;p=42434"},"modified":"2025-07-02T16:11:00","modified_gmt":"2025-07-02T16:11:00","slug":"zapatilla-de-seguridad-pikes-peak-s1pl-sr-fo-gris","status":"publish","type":"product","link":"https:\/\/chemitool.com\/es\/products\/safety\/zapatos-de-seguridad\/zapatilhas\/pikes-peak-es\/zapatilla-de-seguridad-pikes-peak-s1pl-sr-fo-gris\/","title":{"rendered":"ZAPATILLA DE SEGURIDAD PIKES PEAK S1PL SR FO &#8211; GRIS"},"content":{"rendered":"<ul>\n<li>Puntera de composite<\/li>\n<li>Plantilla antiperforaci\u00f3n en Kevlar<\/li>\n<li>Plantilla Hi-Poly amortiguadora y antibacteriana<\/li>\n<li>Suela antiest\u00e1tica con absorci\u00f3n de impactos en el tal\u00f3n<\/li>\n<li>Suela resistente al aceites y hidrocarburos<\/li>\n<\/ul>\n<p><img class=\"alignnone wp-image-42360\" src=\"https:\/\/chemitool.com\/wp-content\/uploads\/2025\/07\/Artboard-1-copy-73.png\" alt=\"\" width=\"110\" height=\"124\" \/><\/p>\n","protected":false},"excerpt":{"rendered":"<p>La <em>Zapatilla de Seguridad PIKES PEAK S1PL SR FO CHEMITOOL<\/em> est\u00e1 fabricada en piel de ante microperforada y cuenta con un forro de malla transpirable que maximiza la ventilaci\u00f3n, manteniendo los pies frescos. Completamente no met\u00e1lica, garantiza una protecci\u00f3n ligera y resistente. La plantilla de confort en hi-poly no solo absorbe el sudor, sino que tambi\u00e9n tiene propiedades antimoho y antihongos, promoviendo un entorno saludable para los pies. La suela de PU de doble densidad est\u00e1 dise\u00f1ada para ofrecer una durabilidad superior y un excelente agarre en superficies dif\u00edciles, mientras que el detalle reflectante lateral mejora la visibilidad en condiciones de poca luz.<\/p>\n<p>&nbsp;<\/p>\n<p>&nbsp;<\/p>\n","protected":false},"featured_media":42451,"template":"","meta":[],"product_cat":[5330,1454,3036,4287],"product_tag":[],"yoast_head":"<!-- This site is optimized with the Yoast SEO plugin v17.4 - https:\/\/yoast.com\/wordpress\/plugins\/seo\/ -->\n<title>ZAPATILLA DE SEGURIDAD PIKES PEAK S1PL SR FO - GRIS &ndash; Chemitool<\/title>\n<meta name=\"description\" content=\"La Zapatilla de Seguridad PIKES PEAK S1PL SR FO CHEMITOOL est\u00e1 fabricada en piel de ante microperforada y cuenta con un forro de malla transpirable que maximiza la ventilaci\u00f3n, manteniendo los pies frescos. Completamente no met\u00e1lica, garantiza una protecci\u00f3n ligera y resistente. La plantilla de confort en hi-poly no solo absorbe el sudor, sino que tambi\u00e9n tiene propiedades antimoho y antihongos, promoviendo un entorno saludable para los pies. La suela de PU de doble densidad est\u00e1 dise\u00f1ada para ofrecer una durabilidad superior y un excelente agarre en superficies dif\u00edciles, mientras que el detalle reflectante lateral mejora la visibilidad en condiciones de poca luz.  &nbsp;  &nbsp;\" \/>\n<meta name=\"robots\" content=\"index, follow, max-snippet:-1, max-image-preview:large, max-video-preview:-1\" \/>\n<link rel=\"canonical\" href=\"https:\/\/chemitool.com\/es\/products\/safety\/zapatos-de-seguridad\/zapatilhas\/pikes-peak-es\/zapatilla-de-seguridad-pikes-peak-s1pl-sr-fo-gris\/\" \/>\n<meta property=\"og:locale\" content=\"es_ES\" \/>\n<meta property=\"og:type\" content=\"article\" \/>\n<meta property=\"og:title\" content=\"ZAPATILLA DE SEGURIDAD PIKES PEAK S1PL SR FO - GRIS &ndash; Chemitool\" \/>\n<meta property=\"og:description\" content=\"La Zapatilla de Seguridad PIKES PEAK S1PL SR FO CHEMITOOL est\u00e1 fabricada en piel de ante microperforada y cuenta con un forro de malla transpirable que maximiza la ventilaci\u00f3n, manteniendo los pies frescos. Completamente no met\u00e1lica, garantiza una protecci\u00f3n ligera y resistente. La plantilla de confort en hi-poly no solo absorbe el sudor, sino que tambi\u00e9n tiene propiedades antimoho y antihongos, promoviendo un entorno saludable para los pies. La suela de PU de doble densidad est\u00e1 dise\u00f1ada para ofrecer una durabilidad superior y un excelente agarre en superficies dif\u00edciles, mientras que el detalle reflectante lateral mejora la visibilidad en condiciones de poca luz.  &nbsp;  &nbsp;\" \/>\n<meta property=\"og:url\" content=\"https:\/\/chemitool.com\/es\/products\/safety\/zapatos-de-seguridad\/zapatilhas\/pikes-peak-es\/zapatilla-de-seguridad-pikes-peak-s1pl-sr-fo-gris\/\" \/>\n<meta property=\"og:site_name\" content=\"Chemitool\" \/>\n<meta property=\"article:publisher\" content=\"https:\/\/www.facebook.com\/chemitool\" \/>\n<meta property=\"article:modified_time\" content=\"2025-07-02T16:11:00+00:00\" \/>\n<meta property=\"og:image\" content=\"https:\/\/chemitool.com\/wp-content\/uploads\/2025\/07\/CHS010209_1_WEB.png\" \/>\n\t<meta property=\"og:image:width\" content=\"800\" \/>\n\t<meta property=\"og:image:height\" content=\"800\" \/>\n<meta name=\"twitter:card\" content=\"summary_large_image\" \/>\n<script type=\"application\/ld+json\" class=\"yoast-schema-graph\">{\"@context\":\"https:\/\/schema.org\",\"@graph\":[{\"@type\":\"Organization\",\"@id\":\"https:\/\/chemitool.com\/#organization\",\"name\":\"Chemitool\",\"url\":\"https:\/\/chemitool.com\/\",\"sameAs\":[\"https:\/\/www.facebook.com\/chemitool\",\"https:\/\/www.instagram.com\/chemitool\/\"],\"logo\":{\"@type\":\"ImageObject\",\"@id\":\"https:\/\/chemitool.com\/#logo\",\"inLanguage\":\"es\",\"url\":\"https:\/\/chemitool.com\/wp-content\/uploads\/2020\/10\/logo_chemitool.png\",\"contentUrl\":\"https:\/\/chemitool.com\/wp-content\/uploads\/2020\/10\/logo_chemitool.png\",\"width\":400,\"height\":400,\"caption\":\"Chemitool\"},\"image\":{\"@id\":\"https:\/\/chemitool.com\/#logo\"}},{\"@type\":\"WebSite\",\"@id\":\"https:\/\/chemitool.com\/#website\",\"url\":\"https:\/\/chemitool.com\/\",\"name\":\"Chemitool\",\"description\":\"Chemitool - hardware and tools\",\"publisher\":{\"@id\":\"https:\/\/chemitool.com\/#organization\"},\"potentialAction\":[{\"@type\":\"SearchAction\",\"target\":{\"@type\":\"EntryPoint\",\"urlTemplate\":\"https:\/\/chemitool.com\/?s={search_term_string}\"},\"query-input\":\"required name=search_term_string\"}],\"inLanguage\":\"es\"},{\"@type\":\"ImageObject\",\"@id\":\"https:\/\/chemitool.com\/es\/products\/safety\/zapatos-de-seguridad\/zapatilhas\/pikes-peak-es\/zapatilla-de-seguridad-pikes-peak-s1pl-sr-fo-gris\/#primaryimage\",\"inLanguage\":\"es\",\"url\":\"https:\/\/chemitool.com\/wp-content\/uploads\/2025\/07\/CHS010209_1_WEB.png\",\"contentUrl\":\"https:\/\/chemitool.com\/wp-content\/uploads\/2025\/07\/CHS010209_1_WEB.png\",\"width\":800,\"height\":800},{\"@type\":\"WebPage\",\"@id\":\"https:\/\/chemitool.com\/es\/products\/safety\/zapatos-de-seguridad\/zapatilhas\/pikes-peak-es\/zapatilla-de-seguridad-pikes-peak-s1pl-sr-fo-gris\/#webpage\",\"url\":\"https:\/\/chemitool.com\/es\/products\/safety\/zapatos-de-seguridad\/zapatilhas\/pikes-peak-es\/zapatilla-de-seguridad-pikes-peak-s1pl-sr-fo-gris\/\",\"name\":\"ZAPATILLA DE SEGURIDAD PIKES PEAK S1PL SR FO - GRIS &ndash; Chemitool\",\"isPartOf\":{\"@id\":\"https:\/\/chemitool.com\/#website\"},\"primaryImageOfPage\":{\"@id\":\"https:\/\/chemitool.com\/es\/products\/safety\/zapatos-de-seguridad\/zapatilhas\/pikes-peak-es\/zapatilla-de-seguridad-pikes-peak-s1pl-sr-fo-gris\/#primaryimage\"},\"datePublished\":\"2025-07-02T11:05:44+00:00\",\"dateModified\":\"2025-07-02T16:11:00+00:00\",\"description\":\"La Zapatilla de Seguridad PIKES PEAK S1PL SR FO CHEMITOOL est\\u00e1 fabricada en piel de ante microperforada y cuenta con un forro de malla transpirable que maximiza la ventilaci\\u00f3n, manteniendo los pies frescos. Completamente no met\\u00e1lica, garantiza una protecci\\u00f3n ligera y resistente. La plantilla de confort en hi-poly no solo absorbe el sudor, sino que tambi\\u00e9n tiene propiedades antimoho y antihongos, promoviendo un entorno saludable para los pies. La suela de PU de doble densidad est\\u00e1 dise\\u00f1ada para ofrecer una durabilidad superior y un excelente agarre en superficies dif\\u00edciles, mientras que el detalle reflectante lateral mejora la visibilidad en condiciones de poca luz. &nbsp; &nbsp;\",\"breadcrumb\":{\"@id\":\"https:\/\/chemitool.com\/es\/products\/safety\/zapatos-de-seguridad\/zapatilhas\/pikes-peak-es\/zapatilla-de-seguridad-pikes-peak-s1pl-sr-fo-gris\/#breadcrumb\"},\"inLanguage\":\"es\",\"potentialAction\":[{\"@type\":\"ReadAction\",\"target\":[\"https:\/\/chemitool.com\/es\/products\/safety\/zapatos-de-seguridad\/zapatilhas\/pikes-peak-es\/zapatilla-de-seguridad-pikes-peak-s1pl-sr-fo-gris\/\"]}]},{\"@type\":\"BreadcrumbList\",\"@id\":\"https:\/\/chemitool.com\/es\/products\/safety\/zapatos-de-seguridad\/zapatilhas\/pikes-peak-es\/zapatilla-de-seguridad-pikes-peak-s1pl-sr-fo-gris\/#breadcrumb\",\"itemListElement\":[{\"@type\":\"ListItem\",\"position\":1,\"name\":\"Home\",\"item\":\"https:\/\/chemitool.com\/es\/\"},{\"@type\":\"ListItem\",\"position\":2,\"name\":\"Productos\",\"item\":\"https:\/\/chemitool.com\/es\/productos\/\"},{\"@type\":\"ListItem\",\"position\":3,\"name\":\"Safety\",\"item\":\"https:\/\/chemitool.com\/product-category\/safety\/\"},{\"@type\":\"ListItem\",\"position\":4,\"name\":\"ZAPATILLA DE SEGURIDAD PIKES PEAK S1PL SR FO &#8211; GRIS\"}]}]}<\/script>\n<!-- \/ Yoast SEO plugin. -->","yoast_head_json":{"title":"ZAPATILLA DE SEGURIDAD PIKES PEAK S1PL SR FO - GRIS &ndash; Chemitool","description":"La Zapatilla de Seguridad PIKES PEAK S1PL SR FO CHEMITOOL est\u00e1 fabricada en piel de ante microperforada y cuenta con un forro de malla transpirable que maximiza la ventilaci\u00f3n, manteniendo los pies frescos. Completamente no met\u00e1lica, garantiza una protecci\u00f3n ligera y resistente. La plantilla de confort en hi-poly no solo absorbe el sudor, sino que tambi\u00e9n tiene propiedades antimoho y antihongos, promoviendo un entorno saludable para los pies. La suela de PU de doble densidad est\u00e1 dise\u00f1ada para ofrecer una durabilidad superior y un excelente agarre en superficies dif\u00edciles, mientras que el detalle reflectante lateral mejora la visibilidad en condiciones de poca luz.  &nbsp;  &nbsp;","robots":{"index":"index","follow":"follow","max-snippet":"max-snippet:-1","max-image-preview":"max-image-preview:large","max-video-preview":"max-video-preview:-1"},"canonical":"https:\/\/chemitool.com\/es\/products\/safety\/zapatos-de-seguridad\/zapatilhas\/pikes-peak-es\/zapatilla-de-seguridad-pikes-peak-s1pl-sr-fo-gris\/","og_locale":"es_ES","og_type":"article","og_title":"ZAPATILLA DE SEGURIDAD PIKES PEAK S1PL SR FO - GRIS &ndash; Chemitool","og_description":"La Zapatilla de Seguridad PIKES PEAK S1PL SR FO CHEMITOOL est\u00e1 fabricada en piel de ante microperforada y cuenta con un forro de malla transpirable que maximiza la ventilaci\u00f3n, manteniendo los pies frescos. Completamente no met\u00e1lica, garantiza una protecci\u00f3n ligera y resistente. La plantilla de confort en hi-poly no solo absorbe el sudor, sino que tambi\u00e9n tiene propiedades antimoho y antihongos, promoviendo un entorno saludable para los pies. La suela de PU de doble densidad est\u00e1 dise\u00f1ada para ofrecer una durabilidad superior y un excelente agarre en superficies dif\u00edciles, mientras que el detalle reflectante lateral mejora la visibilidad en condiciones de poca luz.  &nbsp;  &nbsp;","og_url":"https:\/\/chemitool.com\/es\/products\/safety\/zapatos-de-seguridad\/zapatilhas\/pikes-peak-es\/zapatilla-de-seguridad-pikes-peak-s1pl-sr-fo-gris\/","og_site_name":"Chemitool","article_publisher":"https:\/\/www.facebook.com\/chemitool","article_modified_time":"2025-07-02T16:11:00+00:00","og_image":[{"width":800,"height":800,"url":"https:\/\/chemitool.com\/wp-content\/uploads\/2025\/07\/CHS010209_1_WEB.png","type":"image\/png"}],"twitter_card":"summary_large_image","schema":{"@context":"https:\/\/schema.org","@graph":[{"@type":"Organization","@id":"https:\/\/chemitool.com\/#organization","name":"Chemitool","url":"https:\/\/chemitool.com\/","sameAs":["https:\/\/www.facebook.com\/chemitool","https:\/\/www.instagram.com\/chemitool\/"],"logo":{"@type":"ImageObject","@id":"https:\/\/chemitool.com\/#logo","inLanguage":"es","url":"https:\/\/chemitool.com\/wp-content\/uploads\/2020\/10\/logo_chemitool.png","contentUrl":"https:\/\/chemitool.com\/wp-content\/uploads\/2020\/10\/logo_chemitool.png","width":400,"height":400,"caption":"Chemitool"},"image":{"@id":"https:\/\/chemitool.com\/#logo"}},{"@type":"WebSite","@id":"https:\/\/chemitool.com\/#website","url":"https:\/\/chemitool.com\/","name":"Chemitool","description":"Chemitool - hardware and tools","publisher":{"@id":"https:\/\/chemitool.com\/#organization"},"potentialAction":[{"@type":"SearchAction","target":{"@type":"EntryPoint","urlTemplate":"https:\/\/chemitool.com\/?s={search_term_string}"},"query-input":"required name=search_term_string"}],"inLanguage":"es"},{"@type":"ImageObject","@id":"https:\/\/chemitool.com\/es\/products\/safety\/zapatos-de-seguridad\/zapatilhas\/pikes-peak-es\/zapatilla-de-seguridad-pikes-peak-s1pl-sr-fo-gris\/#primaryimage","inLanguage":"es","url":"https:\/\/chemitool.com\/wp-content\/uploads\/2025\/07\/CHS010209_1_WEB.png","contentUrl":"https:\/\/chemitool.com\/wp-content\/uploads\/2025\/07\/CHS010209_1_WEB.png","width":800,"height":800},{"@type":"WebPage","@id":"https:\/\/chemitool.com\/es\/products\/safety\/zapatos-de-seguridad\/zapatilhas\/pikes-peak-es\/zapatilla-de-seguridad-pikes-peak-s1pl-sr-fo-gris\/#webpage","url":"https:\/\/chemitool.com\/es\/products\/safety\/zapatos-de-seguridad\/zapatilhas\/pikes-peak-es\/zapatilla-de-seguridad-pikes-peak-s1pl-sr-fo-gris\/","name":"ZAPATILLA DE SEGURIDAD PIKES PEAK S1PL SR FO - GRIS &ndash; Chemitool","isPartOf":{"@id":"https:\/\/chemitool.com\/#website"},"primaryImageOfPage":{"@id":"https:\/\/chemitool.com\/es\/products\/safety\/zapatos-de-seguridad\/zapatilhas\/pikes-peak-es\/zapatilla-de-seguridad-pikes-peak-s1pl-sr-fo-gris\/#primaryimage"},"datePublished":"2025-07-02T11:05:44+00:00","dateModified":"2025-07-02T16:11:00+00:00","description":"La Zapatilla de Seguridad PIKES PEAK S1PL SR FO CHEMITOOL est\u00e1 fabricada en piel de ante microperforada y cuenta con un forro de malla transpirable que maximiza la ventilaci\u00f3n, manteniendo los pies frescos. Completamente no met\u00e1lica, garantiza una protecci\u00f3n ligera y resistente. La plantilla de confort en hi-poly no solo absorbe el sudor, sino que tambi\u00e9n tiene propiedades antimoho y antihongos, promoviendo un entorno saludable para los pies. La suela de PU de doble densidad est\u00e1 dise\u00f1ada para ofrecer una durabilidad superior y un excelente agarre en superficies dif\u00edciles, mientras que el detalle reflectante lateral mejora la visibilidad en condiciones de poca luz. &nbsp; &nbsp;","breadcrumb":{"@id":"https:\/\/chemitool.com\/es\/products\/safety\/zapatos-de-seguridad\/zapatilhas\/pikes-peak-es\/zapatilla-de-seguridad-pikes-peak-s1pl-sr-fo-gris\/#breadcrumb"},"inLanguage":"es","potentialAction":[{"@type":"ReadAction","target":["https:\/\/chemitool.com\/es\/products\/safety\/zapatos-de-seguridad\/zapatilhas\/pikes-peak-es\/zapatilla-de-seguridad-pikes-peak-s1pl-sr-fo-gris\/"]}]},{"@type":"BreadcrumbList","@id":"https:\/\/chemitool.com\/es\/products\/safety\/zapatos-de-seguridad\/zapatilhas\/pikes-peak-es\/zapatilla-de-seguridad-pikes-peak-s1pl-sr-fo-gris\/#breadcrumb","itemListElement":[{"@type":"ListItem","position":1,"name":"Home","item":"https:\/\/chemitool.com\/es\/"},{"@type":"ListItem","position":2,"name":"Productos","item":"https:\/\/chemitool.com\/es\/productos\/"},{"@type":"ListItem","position":3,"name":"Safety","item":"https:\/\/chemitool.com\/product-category\/safety\/"},{"@type":"ListItem","position":4,"name":"ZAPATILLA DE SEGURIDAD PIKES PEAK S1PL SR FO &#8211; GRIS"}]}]}},"_links":{"self":[{"href":"https:\/\/chemitool.com\/es\/wp-json\/wp\/v2\/product\/42434"}],"collection":[{"href":"https:\/\/chemitool.com\/es\/wp-json\/wp\/v2\/product"}],"about":[{"href":"https:\/\/chemitool.com\/es\/wp-json\/wp\/v2\/types\/product"}],"wp:featuredmedia":[{"embeddable":true,"href":"https:\/\/chemitool.com\/es\/wp-json\/wp\/v2\/media\/42451"}],"wp:attachment":[{"href":"https:\/\/chemitool.com\/es\/wp-json\/wp\/v2\/media?parent=42434"}],"wp:term":[{"taxonomy":"product_cat","embeddable":true,"href":"https:\/\/chemitool.com\/es\/wp-json\/wp\/v2\/product_cat?post=42434"},{"taxonomy":"product_tag","embeddable":true,"href":"https:\/\/chemitool.com\/es\/wp-json\/wp\/v2\/product_tag?post=42434"}],"curies":[{"name":"wp","href":"https:\/\/api.w.org\/{rel}","templated":true}]}}