{"id":42399,"date":"2025-07-01T10:15:17","date_gmt":"2025-07-01T10:15:17","guid":{"rendered":"https:\/\/chemitool.com\/?post_type=product&#038;p=42399"},"modified":"2025-07-23T11:31:50","modified_gmt":"2025-07-23T11:31:50","slug":"zapatilla-de-seguridad-mugello-ii-s1ps-sr-fo-hro-esd-negro-gris","status":"publish","type":"product","link":"https:\/\/chemitool.com\/es\/products\/safety\/zapatos-de-seguridad\/zapatilhas\/mugello-ii-es\/zapatilla-de-seguridad-mugello-ii-s1ps-sr-fo-hro-esd-negro-gris\/","title":{"rendered":"ZAPATILLA DE SEGURIDAD MUGELLO II S1PS SR FO HRO ESD &#8211; NEGRO\/GRIS"},"content":{"rendered":"<ul>\n<li>Puntera de composite<\/li>\n<li>Plantilla antiperforaci\u00f3n no met\u00e1lica<\/li>\n<li>Plantilla Hi-Poly amortiguadora y antibacteriana<\/li>\n<li>Suela antiest\u00e1tica con absorci\u00f3n de impactos en el tal\u00f3n<\/li>\n<li>Suela resistente al aceite y a los hidrocarburos<\/li>\n<li>Suela HRO \u2013 resistente al calor por contacto hasta 300\u00baC<\/li>\n<\/ul>\n<p><img class=\"alignnone  wp-image-42360\" src=\"https:\/\/chemitool.com\/wp-content\/uploads\/2025\/07\/Artboard-1-copy-73.png\" alt=\"\" width=\"110\" height=\"124\" \/><\/p>\n","protected":false},"excerpt":{"rendered":"<p><em>Zapatilla de seguridad MUGELLO II S1PS SR FO HRO ESD CHEMITOOL<\/em>, fabricada en malla flyknit transpirable con refuerzos de TPU, combina ligereza y durabilidad. Dispone de puntera de composite y plantilla antiperforaci\u00f3n no met\u00e1lica, que ofrece seguridad frente a objetos punzantes a partir de 3 mm. La plantilla de alta densidad de hi-poly proporciona no solo comodidad, sino tambi\u00e9n una protecci\u00f3n extra contra bacterias y moho, y su capacidad para absorber la transpiraci\u00f3n mantiene los pies secos durante m\u00e1s tiempo. La suela de EVA y caucho garantiza una amortiguaci\u00f3n superior, un excelente agarre y durabilidad en superficies dif\u00edciles.<\/p>\n","protected":false},"featured_media":42426,"template":"","meta":[],"product_cat":[5327,1454,3036,4287],"product_tag":[],"yoast_head":"<!-- This site is optimized with the Yoast SEO plugin v17.4 - https:\/\/yoast.com\/wordpress\/plugins\/seo\/ -->\n<title>ZAPATILLA DE SEGURIDAD MUGELLO II S1PS SR FO HRO ESD - NEGRO\/GRIS &ndash; Chemitool<\/title>\n<meta name=\"description\" content=\"Zapatilla de seguridad MUGELLO II S1PS SR FO HRO ESD CHEMITOOL, fabricada en malla flyknit transpirable con refuerzos de TPU, combina ligereza y durabilidad. Dispone de puntera de composite y plantilla antiperforaci\u00f3n no met\u00e1lica, que ofrece seguridad frente a objetos punzantes a partir de 3 mm. La plantilla de alta densidad de hi-poly proporciona no solo comodidad, sino tambi\u00e9n una protecci\u00f3n extra contra bacterias y moho, y su capacidad para absorber la transpiraci\u00f3n mantiene los pies secos durante m\u00e1s tiempo. La suela de EVA y caucho garantiza una amortiguaci\u00f3n superior, un excelente agarre y durabilidad en superficies dif\u00edciles.\" \/>\n<meta name=\"robots\" content=\"index, follow, max-snippet:-1, max-image-preview:large, max-video-preview:-1\" \/>\n<link rel=\"canonical\" href=\"https:\/\/chemitool.com\/es\/products\/safety\/safety-shoes\/sneakers\/mugello-ii\/mugello-ii-s1ps-sr-fo-hro-esd-safety-sneaker-black-grey\/\" \/>\n<meta property=\"og:locale\" content=\"es_ES\" \/>\n<meta property=\"og:type\" content=\"article\" \/>\n<meta property=\"og:title\" content=\"ZAPATILLA DE SEGURIDAD MUGELLO II S1PS SR FO HRO ESD - NEGRO\/GRIS &ndash; Chemitool\" \/>\n<meta property=\"og:description\" content=\"Zapatilla de seguridad MUGELLO II S1PS SR FO HRO ESD CHEMITOOL, fabricada en malla flyknit transpirable con refuerzos de TPU, combina ligereza y durabilidad. Dispone de puntera de composite y plantilla antiperforaci\u00f3n no met\u00e1lica, que ofrece seguridad frente a objetos punzantes a partir de 3 mm. La plantilla de alta densidad de hi-poly proporciona no solo comodidad, sino tambi\u00e9n una protecci\u00f3n extra contra bacterias y moho, y su capacidad para absorber la transpiraci\u00f3n mantiene los pies secos durante m\u00e1s tiempo. La suela de EVA y caucho garantiza una amortiguaci\u00f3n superior, un excelente agarre y durabilidad en superficies dif\u00edciles.\" \/>\n<meta property=\"og:url\" content=\"https:\/\/chemitool.com\/products\/safety\/safety-shoes\/sneakers\/mugello-ii\/mugello-ii-s1ps-sr-fo-hro-esd-safety-sneaker-black-grey\/\" \/>\n<meta property=\"og:site_name\" content=\"Chemitool\" \/>\n<meta property=\"article:publisher\" content=\"https:\/\/www.facebook.com\/chemitool\" \/>\n<meta property=\"article:modified_time\" content=\"2025-07-23T11:31:50+00:00\" \/>\n<meta property=\"og:image\" content=\"https:\/\/chemitool.com\/wp-content\/uploads\/2025\/07\/CHS01060400_1_WEB-1.png\" \/>\n\t<meta property=\"og:image:width\" content=\"800\" \/>\n\t<meta property=\"og:image:height\" content=\"800\" \/>\n<meta name=\"twitter:card\" content=\"summary_large_image\" \/>\n<script type=\"application\/ld+json\" class=\"yoast-schema-graph\">{\"@context\":\"https:\/\/schema.org\",\"@graph\":[{\"@type\":\"Organization\",\"@id\":\"https:\/\/chemitool.com\/#organization\",\"name\":\"Chemitool\",\"url\":\"https:\/\/chemitool.com\/\",\"sameAs\":[\"https:\/\/www.facebook.com\/chemitool\",\"https:\/\/www.instagram.com\/chemitool\/\"],\"logo\":{\"@type\":\"ImageObject\",\"@id\":\"https:\/\/chemitool.com\/#logo\",\"inLanguage\":\"es\",\"url\":\"https:\/\/chemitool.com\/wp-content\/uploads\/2020\/10\/logo_chemitool.png\",\"contentUrl\":\"https:\/\/chemitool.com\/wp-content\/uploads\/2020\/10\/logo_chemitool.png\",\"width\":400,\"height\":400,\"caption\":\"Chemitool\"},\"image\":{\"@id\":\"https:\/\/chemitool.com\/#logo\"}},{\"@type\":\"WebSite\",\"@id\":\"https:\/\/chemitool.com\/#website\",\"url\":\"https:\/\/chemitool.com\/\",\"name\":\"Chemitool\",\"description\":\"Chemitool - hardware and tools\",\"publisher\":{\"@id\":\"https:\/\/chemitool.com\/#organization\"},\"potentialAction\":[{\"@type\":\"SearchAction\",\"target\":{\"@type\":\"EntryPoint\",\"urlTemplate\":\"https:\/\/chemitool.com\/?s={search_term_string}\"},\"query-input\":\"required name=search_term_string\"}],\"inLanguage\":\"es\"},{\"@type\":\"ImageObject\",\"@id\":\"https:\/\/chemitool.com\/products\/safety\/safety-shoes\/sneakers\/mugello-ii\/mugello-ii-s1ps-sr-fo-hro-esd-safety-sneaker-black-grey\/#primaryimage\",\"inLanguage\":\"es\",\"url\":\"https:\/\/chemitool.com\/wp-content\/uploads\/2025\/07\/CHS01060400_1_WEB-1.png\",\"contentUrl\":\"https:\/\/chemitool.com\/wp-content\/uploads\/2025\/07\/CHS01060400_1_WEB-1.png\",\"width\":800,\"height\":800},{\"@type\":\"WebPage\",\"@id\":\"https:\/\/chemitool.com\/products\/safety\/safety-shoes\/sneakers\/mugello-ii\/mugello-ii-s1ps-sr-fo-hro-esd-safety-sneaker-black-grey\/#webpage\",\"url\":\"https:\/\/chemitool.com\/products\/safety\/safety-shoes\/sneakers\/mugello-ii\/mugello-ii-s1ps-sr-fo-hro-esd-safety-sneaker-black-grey\/\",\"name\":\"ZAPATILLA DE SEGURIDAD MUGELLO II S1PS SR FO HRO ESD - NEGRO\/GRIS &ndash; Chemitool\",\"isPartOf\":{\"@id\":\"https:\/\/chemitool.com\/#website\"},\"primaryImageOfPage\":{\"@id\":\"https:\/\/chemitool.com\/products\/safety\/safety-shoes\/sneakers\/mugello-ii\/mugello-ii-s1ps-sr-fo-hro-esd-safety-sneaker-black-grey\/#primaryimage\"},\"datePublished\":\"2025-07-01T10:15:17+00:00\",\"dateModified\":\"2025-07-23T11:31:50+00:00\",\"description\":\"Zapatilla de seguridad MUGELLO II S1PS SR FO HRO ESD CHEMITOOL, fabricada en malla flyknit transpirable con refuerzos de TPU, combina ligereza y durabilidad. Dispone de puntera de composite y plantilla antiperforaci\\u00f3n no met\\u00e1lica, que ofrece seguridad frente a objetos punzantes a partir de 3 mm. La plantilla de alta densidad de hi-poly proporciona no solo comodidad, sino tambi\\u00e9n una protecci\\u00f3n extra contra bacterias y moho, y su capacidad para absorber la transpiraci\\u00f3n mantiene los pies secos durante m\\u00e1s tiempo. La suela de EVA y caucho garantiza una amortiguaci\\u00f3n superior, un excelente agarre y durabilidad en superficies dif\\u00edciles.\",\"breadcrumb\":{\"@id\":\"https:\/\/chemitool.com\/products\/safety\/safety-shoes\/sneakers\/mugello-ii\/mugello-ii-s1ps-sr-fo-hro-esd-safety-sneaker-black-grey\/#breadcrumb\"},\"inLanguage\":\"es\",\"potentialAction\":[{\"@type\":\"ReadAction\",\"target\":[\"https:\/\/chemitool.com\/products\/safety\/safety-shoes\/sneakers\/mugello-ii\/mugello-ii-s1ps-sr-fo-hro-esd-safety-sneaker-black-grey\/\"]}]},{\"@type\":\"BreadcrumbList\",\"@id\":\"https:\/\/chemitool.com\/products\/safety\/safety-shoes\/sneakers\/mugello-ii\/mugello-ii-s1ps-sr-fo-hro-esd-safety-sneaker-black-grey\/#breadcrumb\",\"itemListElement\":[{\"@type\":\"ListItem\",\"position\":1,\"name\":\"Home\",\"item\":\"https:\/\/chemitool.com\/es\/\"},{\"@type\":\"ListItem\",\"position\":2,\"name\":\"Productos\",\"item\":\"https:\/\/chemitool.com\/es\/productos\/\"},{\"@type\":\"ListItem\",\"position\":3,\"name\":\"Safety\",\"item\":\"https:\/\/chemitool.com\/product-category\/safety\/\"},{\"@type\":\"ListItem\",\"position\":4,\"name\":\"ZAPATILLA DE SEGURIDAD MUGELLO II S1PS SR FO HRO ESD &#8211; NEGRO\/GRIS\"}]}]}<\/script>\n<!-- \/ Yoast SEO plugin. -->","yoast_head_json":{"title":"ZAPATILLA DE SEGURIDAD MUGELLO II S1PS SR FO HRO ESD - NEGRO\/GRIS &ndash; Chemitool","description":"Zapatilla de seguridad MUGELLO II S1PS SR FO HRO ESD CHEMITOOL, fabricada en malla flyknit transpirable con refuerzos de TPU, combina ligereza y durabilidad. Dispone de puntera de composite y plantilla antiperforaci\u00f3n no met\u00e1lica, que ofrece seguridad frente a objetos punzantes a partir de 3 mm. La plantilla de alta densidad de hi-poly proporciona no solo comodidad, sino tambi\u00e9n una protecci\u00f3n extra contra bacterias y moho, y su capacidad para absorber la transpiraci\u00f3n mantiene los pies secos durante m\u00e1s tiempo. La suela de EVA y caucho garantiza una amortiguaci\u00f3n superior, un excelente agarre y durabilidad en superficies dif\u00edciles.","robots":{"index":"index","follow":"follow","max-snippet":"max-snippet:-1","max-image-preview":"max-image-preview:large","max-video-preview":"max-video-preview:-1"},"canonical":"https:\/\/chemitool.com\/es\/products\/safety\/safety-shoes\/sneakers\/mugello-ii\/mugello-ii-s1ps-sr-fo-hro-esd-safety-sneaker-black-grey\/","og_locale":"es_ES","og_type":"article","og_title":"ZAPATILLA DE SEGURIDAD MUGELLO II S1PS SR FO HRO ESD - NEGRO\/GRIS &ndash; Chemitool","og_description":"Zapatilla de seguridad MUGELLO II S1PS SR FO HRO ESD CHEMITOOL, fabricada en malla flyknit transpirable con refuerzos de TPU, combina ligereza y durabilidad. Dispone de puntera de composite y plantilla antiperforaci\u00f3n no met\u00e1lica, que ofrece seguridad frente a objetos punzantes a partir de 3 mm. La plantilla de alta densidad de hi-poly proporciona no solo comodidad, sino tambi\u00e9n una protecci\u00f3n extra contra bacterias y moho, y su capacidad para absorber la transpiraci\u00f3n mantiene los pies secos durante m\u00e1s tiempo. La suela de EVA y caucho garantiza una amortiguaci\u00f3n superior, un excelente agarre y durabilidad en superficies dif\u00edciles.","og_url":"https:\/\/chemitool.com\/products\/safety\/safety-shoes\/sneakers\/mugello-ii\/mugello-ii-s1ps-sr-fo-hro-esd-safety-sneaker-black-grey\/","og_site_name":"Chemitool","article_publisher":"https:\/\/www.facebook.com\/chemitool","article_modified_time":"2025-07-23T11:31:50+00:00","og_image":[{"width":800,"height":800,"url":"https:\/\/chemitool.com\/wp-content\/uploads\/2025\/07\/CHS01060400_1_WEB-1.png","type":"image\/png"}],"twitter_card":"summary_large_image","schema":{"@context":"https:\/\/schema.org","@graph":[{"@type":"Organization","@id":"https:\/\/chemitool.com\/#organization","name":"Chemitool","url":"https:\/\/chemitool.com\/","sameAs":["https:\/\/www.facebook.com\/chemitool","https:\/\/www.instagram.com\/chemitool\/"],"logo":{"@type":"ImageObject","@id":"https:\/\/chemitool.com\/#logo","inLanguage":"es","url":"https:\/\/chemitool.com\/wp-content\/uploads\/2020\/10\/logo_chemitool.png","contentUrl":"https:\/\/chemitool.com\/wp-content\/uploads\/2020\/10\/logo_chemitool.png","width":400,"height":400,"caption":"Chemitool"},"image":{"@id":"https:\/\/chemitool.com\/#logo"}},{"@type":"WebSite","@id":"https:\/\/chemitool.com\/#website","url":"https:\/\/chemitool.com\/","name":"Chemitool","description":"Chemitool - hardware and tools","publisher":{"@id":"https:\/\/chemitool.com\/#organization"},"potentialAction":[{"@type":"SearchAction","target":{"@type":"EntryPoint","urlTemplate":"https:\/\/chemitool.com\/?s={search_term_string}"},"query-input":"required name=search_term_string"}],"inLanguage":"es"},{"@type":"ImageObject","@id":"https:\/\/chemitool.com\/products\/safety\/safety-shoes\/sneakers\/mugello-ii\/mugello-ii-s1ps-sr-fo-hro-esd-safety-sneaker-black-grey\/#primaryimage","inLanguage":"es","url":"https:\/\/chemitool.com\/wp-content\/uploads\/2025\/07\/CHS01060400_1_WEB-1.png","contentUrl":"https:\/\/chemitool.com\/wp-content\/uploads\/2025\/07\/CHS01060400_1_WEB-1.png","width":800,"height":800},{"@type":"WebPage","@id":"https:\/\/chemitool.com\/products\/safety\/safety-shoes\/sneakers\/mugello-ii\/mugello-ii-s1ps-sr-fo-hro-esd-safety-sneaker-black-grey\/#webpage","url":"https:\/\/chemitool.com\/products\/safety\/safety-shoes\/sneakers\/mugello-ii\/mugello-ii-s1ps-sr-fo-hro-esd-safety-sneaker-black-grey\/","name":"ZAPATILLA DE SEGURIDAD MUGELLO II S1PS SR FO HRO ESD - NEGRO\/GRIS &ndash; Chemitool","isPartOf":{"@id":"https:\/\/chemitool.com\/#website"},"primaryImageOfPage":{"@id":"https:\/\/chemitool.com\/products\/safety\/safety-shoes\/sneakers\/mugello-ii\/mugello-ii-s1ps-sr-fo-hro-esd-safety-sneaker-black-grey\/#primaryimage"},"datePublished":"2025-07-01T10:15:17+00:00","dateModified":"2025-07-23T11:31:50+00:00","description":"Zapatilla de seguridad MUGELLO II S1PS SR FO HRO ESD CHEMITOOL, fabricada en malla flyknit transpirable con refuerzos de TPU, combina ligereza y durabilidad. Dispone de puntera de composite y plantilla antiperforaci\u00f3n no met\u00e1lica, que ofrece seguridad frente a objetos punzantes a partir de 3 mm. La plantilla de alta densidad de hi-poly proporciona no solo comodidad, sino tambi\u00e9n una protecci\u00f3n extra contra bacterias y moho, y su capacidad para absorber la transpiraci\u00f3n mantiene los pies secos durante m\u00e1s tiempo. La suela de EVA y caucho garantiza una amortiguaci\u00f3n superior, un excelente agarre y durabilidad en superficies dif\u00edciles.","breadcrumb":{"@id":"https:\/\/chemitool.com\/products\/safety\/safety-shoes\/sneakers\/mugello-ii\/mugello-ii-s1ps-sr-fo-hro-esd-safety-sneaker-black-grey\/#breadcrumb"},"inLanguage":"es","potentialAction":[{"@type":"ReadAction","target":["https:\/\/chemitool.com\/products\/safety\/safety-shoes\/sneakers\/mugello-ii\/mugello-ii-s1ps-sr-fo-hro-esd-safety-sneaker-black-grey\/"]}]},{"@type":"BreadcrumbList","@id":"https:\/\/chemitool.com\/products\/safety\/safety-shoes\/sneakers\/mugello-ii\/mugello-ii-s1ps-sr-fo-hro-esd-safety-sneaker-black-grey\/#breadcrumb","itemListElement":[{"@type":"ListItem","position":1,"name":"Home","item":"https:\/\/chemitool.com\/es\/"},{"@type":"ListItem","position":2,"name":"Productos","item":"https:\/\/chemitool.com\/es\/productos\/"},{"@type":"ListItem","position":3,"name":"Safety","item":"https:\/\/chemitool.com\/product-category\/safety\/"},{"@type":"ListItem","position":4,"name":"ZAPATILLA DE SEGURIDAD MUGELLO II S1PS SR FO HRO ESD &#8211; NEGRO\/GRIS"}]}]}},"_links":{"self":[{"href":"https:\/\/chemitool.com\/es\/wp-json\/wp\/v2\/product\/42399"}],"collection":[{"href":"https:\/\/chemitool.com\/es\/wp-json\/wp\/v2\/product"}],"about":[{"href":"https:\/\/chemitool.com\/es\/wp-json\/wp\/v2\/types\/product"}],"wp:featuredmedia":[{"embeddable":true,"href":"https:\/\/chemitool.com\/es\/wp-json\/wp\/v2\/media\/42426"}],"wp:attachment":[{"href":"https:\/\/chemitool.com\/es\/wp-json\/wp\/v2\/media?parent=42399"}],"wp:term":[{"taxonomy":"product_cat","embeddable":true,"href":"https:\/\/chemitool.com\/es\/wp-json\/wp\/v2\/product_cat?post=42399"},{"taxonomy":"product_tag","embeddable":true,"href":"https:\/\/chemitool.com\/es\/wp-json\/wp\/v2\/product_tag?post=42399"}],"curies":[{"name":"wp","href":"https:\/\/api.w.org\/{rel}","templated":true}]}}