{"id":41507,"date":"2025-02-13T17:07:02","date_gmt":"2025-02-13T17:07:02","guid":{"rendered":"https:\/\/chemitool.com\/?post_type=product&#038;p=41507"},"modified":"2025-02-14T09:52:34","modified_gmt":"2025-02-14T09:52:34","slug":"silicona-neutra-ultimate-ays-chemisil","status":"publish","type":"product","link":"https:\/\/chemitool.com\/es\/products\/chemicals\/siliconas\/silicona-neutra-ultimate-ays-chemisil\/","title":{"rendered":"SILICONA NEUTRA ULTIMATE AYS CHEMISIL"},"content":{"rendered":"<p><strong>VENTAJAS<\/strong><\/p>\n<ul>\n<li>Elasticidad permanente y excelente adherencia a todos los materiales de construcci\u00f3n.<\/li>\n<li>Excelentes propiedades mec\u00e1nicas.<\/li>\n<li>Resistente a los efectos atmosf\u00e9ricos, U.V. y envejecimiento.<\/li>\n<li>Resistente a diversos productos qu\u00edmicos.<\/li>\n<li>No provoca corrosi\u00f3n.<\/li>\n<li>No corre en juntas verticales.<\/li>\n<li>Previene la formaci\u00f3n de moho en la silicona debido a la mezcla especial.<\/li>\n<li>Cumple con la norma ISO 11 600.<\/li>\n<li>Con propiedades fungicidas.<\/li>\n<\/ul>\n<p><strong>APLICACIONES<\/strong><\/p>\n<p>Se utiliza para aislar y sellar juntas de construcci\u00f3n, juntas de cocina y sanitarios, juntas estancas, juntas aislantes para instalar vidrio en marcos de madera, aluminio o PVC, para acristalamiento, para sellar c\u00fapulas de techos livianos, juntas finales entre marcos de ventanas, alf\u00e9izares y paredes, contraventanas marcos y claraboyas y para sellar juntas de dilataci\u00f3n.<\/p>\n<p>Adecuado para aplicaciones sanitarias en entornos con alta humedad, como ba\u00f1os, duchas, cocinas y c\u00e1maras frigor\u00edficas, ya que impide la formaci\u00f3n de moho.<\/p>\n","protected":false},"excerpt":{"rendered":"<p><em>Silicona Neutra Ultimate AYS CHEMISIL<\/em> es un sellador monocomponente de silicona neutra, a base de alcoxi, que cura en contacto con la humedad atmosf\u00e9rica, apto para aplicaciones sanitarias.<\/p>\n","protected":false},"featured_media":41505,"template":"","meta":[],"product_cat":[1209,1220],"product_tag":[112],"yoast_head":"<!-- This site is optimized with the Yoast SEO plugin v17.4 - https:\/\/yoast.com\/wordpress\/plugins\/seo\/ -->\n<title>SILICONA NEUTRA ULTIMATE AYS CHEMISIL &ndash; Chemitool<\/title>\n<meta name=\"description\" content=\"Silicona Neutra Ultimate AYS CHEMISIL es un sellador monocomponente de silicona neutra, a base de alcoxi, que cura en contacto con la humedad atmosf\u00e9rica, apto para aplicaciones sanitarias.\" \/>\n<meta name=\"robots\" content=\"index, follow, max-snippet:-1, max-image-preview:large, max-video-preview:-1\" \/>\n<link rel=\"canonical\" href=\"https:\/\/chemitool.com\/es\/products\/chemical-products\/silicones\/chemisil-neutral-ultimate-ays-silicone\/\" \/>\n<meta property=\"og:locale\" content=\"es_ES\" \/>\n<meta property=\"og:type\" content=\"article\" \/>\n<meta property=\"og:title\" content=\"SILICONA NEUTRA ULTIMATE AYS CHEMISIL &ndash; Chemitool\" \/>\n<meta property=\"og:description\" content=\"Silicona Neutra Ultimate AYS CHEMISIL es un sellador monocomponente de silicona neutra, a base de alcoxi, que cura en contacto con la humedad atmosf\u00e9rica, apto para aplicaciones sanitarias.\" \/>\n<meta property=\"og:url\" content=\"https:\/\/chemitool.com\/products\/chemical-products\/silicones\/chemisil-neutral-ultimate-ays-silicone\/\" \/>\n<meta property=\"og:site_name\" content=\"Chemitool\" \/>\n<meta property=\"article:publisher\" content=\"https:\/\/www.facebook.com\/chemitool\" \/>\n<meta property=\"article:modified_time\" content=\"2025-02-14T09:52:34+00:00\" \/>\n<meta property=\"og:image\" content=\"https:\/\/chemitool.com\/wp-content\/uploads\/2025\/02\/AYS.png\" \/>\n\t<meta property=\"og:image:width\" content=\"800\" \/>\n\t<meta property=\"og:image:height\" content=\"800\" \/>\n<meta name=\"twitter:card\" content=\"summary_large_image\" \/>\n<meta name=\"twitter:label1\" content=\"Tiempo de lectura\" \/>\n\t<meta name=\"twitter:data1\" content=\"1 minuto\" \/>\n<script type=\"application\/ld+json\" class=\"yoast-schema-graph\">{\"@context\":\"https:\/\/schema.org\",\"@graph\":[{\"@type\":\"Organization\",\"@id\":\"https:\/\/chemitool.com\/#organization\",\"name\":\"Chemitool\",\"url\":\"https:\/\/chemitool.com\/\",\"sameAs\":[\"https:\/\/www.facebook.com\/chemitool\",\"https:\/\/www.instagram.com\/chemitool\/\"],\"logo\":{\"@type\":\"ImageObject\",\"@id\":\"https:\/\/chemitool.com\/#logo\",\"inLanguage\":\"es\",\"url\":\"https:\/\/chemitool.com\/wp-content\/uploads\/2020\/10\/logo_chemitool.png\",\"contentUrl\":\"https:\/\/chemitool.com\/wp-content\/uploads\/2020\/10\/logo_chemitool.png\",\"width\":400,\"height\":400,\"caption\":\"Chemitool\"},\"image\":{\"@id\":\"https:\/\/chemitool.com\/#logo\"}},{\"@type\":\"WebSite\",\"@id\":\"https:\/\/chemitool.com\/#website\",\"url\":\"https:\/\/chemitool.com\/\",\"name\":\"Chemitool\",\"description\":\"Chemitool - hardware and tools\",\"publisher\":{\"@id\":\"https:\/\/chemitool.com\/#organization\"},\"potentialAction\":[{\"@type\":\"SearchAction\",\"target\":{\"@type\":\"EntryPoint\",\"urlTemplate\":\"https:\/\/chemitool.com\/?s={search_term_string}\"},\"query-input\":\"required name=search_term_string\"}],\"inLanguage\":\"es\"},{\"@type\":\"ImageObject\",\"@id\":\"https:\/\/chemitool.com\/products\/chemical-products\/silicones\/chemisil-neutral-ultimate-ays-silicone\/#primaryimage\",\"inLanguage\":\"es\",\"url\":\"https:\/\/chemitool.com\/wp-content\/uploads\/2025\/02\/AYS.png\",\"contentUrl\":\"https:\/\/chemitool.com\/wp-content\/uploads\/2025\/02\/AYS.png\",\"width\":800,\"height\":800},{\"@type\":\"WebPage\",\"@id\":\"https:\/\/chemitool.com\/products\/chemical-products\/silicones\/chemisil-neutral-ultimate-ays-silicone\/#webpage\",\"url\":\"https:\/\/chemitool.com\/products\/chemical-products\/silicones\/chemisil-neutral-ultimate-ays-silicone\/\",\"name\":\"SILICONA NEUTRA ULTIMATE AYS CHEMISIL &ndash; Chemitool\",\"isPartOf\":{\"@id\":\"https:\/\/chemitool.com\/#website\"},\"primaryImageOfPage\":{\"@id\":\"https:\/\/chemitool.com\/products\/chemical-products\/silicones\/chemisil-neutral-ultimate-ays-silicone\/#primaryimage\"},\"datePublished\":\"2025-02-13T17:07:02+00:00\",\"dateModified\":\"2025-02-14T09:52:34+00:00\",\"description\":\"Silicona Neutra Ultimate AYS CHEMISIL es un sellador monocomponente de silicona neutra, a base de alcoxi, que cura en contacto con la humedad atmosf\\u00e9rica, apto para aplicaciones sanitarias.\",\"breadcrumb\":{\"@id\":\"https:\/\/chemitool.com\/products\/chemical-products\/silicones\/chemisil-neutral-ultimate-ays-silicone\/#breadcrumb\"},\"inLanguage\":\"es\",\"potentialAction\":[{\"@type\":\"ReadAction\",\"target\":[\"https:\/\/chemitool.com\/products\/chemical-products\/silicones\/chemisil-neutral-ultimate-ays-silicone\/\"]}]},{\"@type\":\"BreadcrumbList\",\"@id\":\"https:\/\/chemitool.com\/products\/chemical-products\/silicones\/chemisil-neutral-ultimate-ays-silicone\/#breadcrumb\",\"itemListElement\":[{\"@type\":\"ListItem\",\"position\":1,\"name\":\"Home\",\"item\":\"https:\/\/chemitool.com\/es\/\"},{\"@type\":\"ListItem\",\"position\":2,\"name\":\"Productos\",\"item\":\"https:\/\/chemitool.com\/es\/productos\/\"},{\"@type\":\"ListItem\",\"position\":3,\"name\":\"CHEMICALS\",\"item\":\"https:\/\/chemitool.com\/es\/categoria-producto\/chemicals\/\"},{\"@type\":\"ListItem\",\"position\":4,\"name\":\"SILICONA NEUTRA ULTIMATE AYS CHEMISIL\"}]}]}<\/script>\n<!-- \/ Yoast SEO plugin. -->","yoast_head_json":{"title":"SILICONA NEUTRA ULTIMATE AYS CHEMISIL &ndash; Chemitool","description":"Silicona Neutra Ultimate AYS CHEMISIL es un sellador monocomponente de silicona neutra, a base de alcoxi, que cura en contacto con la humedad atmosf\u00e9rica, apto para aplicaciones sanitarias.","robots":{"index":"index","follow":"follow","max-snippet":"max-snippet:-1","max-image-preview":"max-image-preview:large","max-video-preview":"max-video-preview:-1"},"canonical":"https:\/\/chemitool.com\/es\/products\/chemical-products\/silicones\/chemisil-neutral-ultimate-ays-silicone\/","og_locale":"es_ES","og_type":"article","og_title":"SILICONA NEUTRA ULTIMATE AYS CHEMISIL &ndash; Chemitool","og_description":"Silicona Neutra Ultimate AYS CHEMISIL es un sellador monocomponente de silicona neutra, a base de alcoxi, que cura en contacto con la humedad atmosf\u00e9rica, apto para aplicaciones sanitarias.","og_url":"https:\/\/chemitool.com\/products\/chemical-products\/silicones\/chemisil-neutral-ultimate-ays-silicone\/","og_site_name":"Chemitool","article_publisher":"https:\/\/www.facebook.com\/chemitool","article_modified_time":"2025-02-14T09:52:34+00:00","og_image":[{"width":800,"height":800,"url":"https:\/\/chemitool.com\/wp-content\/uploads\/2025\/02\/AYS.png","type":"image\/png"}],"twitter_card":"summary_large_image","twitter_misc":{"Tiempo de lectura":"1 minuto"},"schema":{"@context":"https:\/\/schema.org","@graph":[{"@type":"Organization","@id":"https:\/\/chemitool.com\/#organization","name":"Chemitool","url":"https:\/\/chemitool.com\/","sameAs":["https:\/\/www.facebook.com\/chemitool","https:\/\/www.instagram.com\/chemitool\/"],"logo":{"@type":"ImageObject","@id":"https:\/\/chemitool.com\/#logo","inLanguage":"es","url":"https:\/\/chemitool.com\/wp-content\/uploads\/2020\/10\/logo_chemitool.png","contentUrl":"https:\/\/chemitool.com\/wp-content\/uploads\/2020\/10\/logo_chemitool.png","width":400,"height":400,"caption":"Chemitool"},"image":{"@id":"https:\/\/chemitool.com\/#logo"}},{"@type":"WebSite","@id":"https:\/\/chemitool.com\/#website","url":"https:\/\/chemitool.com\/","name":"Chemitool","description":"Chemitool - hardware and tools","publisher":{"@id":"https:\/\/chemitool.com\/#organization"},"potentialAction":[{"@type":"SearchAction","target":{"@type":"EntryPoint","urlTemplate":"https:\/\/chemitool.com\/?s={search_term_string}"},"query-input":"required name=search_term_string"}],"inLanguage":"es"},{"@type":"ImageObject","@id":"https:\/\/chemitool.com\/products\/chemical-products\/silicones\/chemisil-neutral-ultimate-ays-silicone\/#primaryimage","inLanguage":"es","url":"https:\/\/chemitool.com\/wp-content\/uploads\/2025\/02\/AYS.png","contentUrl":"https:\/\/chemitool.com\/wp-content\/uploads\/2025\/02\/AYS.png","width":800,"height":800},{"@type":"WebPage","@id":"https:\/\/chemitool.com\/products\/chemical-products\/silicones\/chemisil-neutral-ultimate-ays-silicone\/#webpage","url":"https:\/\/chemitool.com\/products\/chemical-products\/silicones\/chemisil-neutral-ultimate-ays-silicone\/","name":"SILICONA NEUTRA ULTIMATE AYS CHEMISIL &ndash; Chemitool","isPartOf":{"@id":"https:\/\/chemitool.com\/#website"},"primaryImageOfPage":{"@id":"https:\/\/chemitool.com\/products\/chemical-products\/silicones\/chemisil-neutral-ultimate-ays-silicone\/#primaryimage"},"datePublished":"2025-02-13T17:07:02+00:00","dateModified":"2025-02-14T09:52:34+00:00","description":"Silicona Neutra Ultimate AYS CHEMISIL es un sellador monocomponente de silicona neutra, a base de alcoxi, que cura en contacto con la humedad atmosf\u00e9rica, apto para aplicaciones sanitarias.","breadcrumb":{"@id":"https:\/\/chemitool.com\/products\/chemical-products\/silicones\/chemisil-neutral-ultimate-ays-silicone\/#breadcrumb"},"inLanguage":"es","potentialAction":[{"@type":"ReadAction","target":["https:\/\/chemitool.com\/products\/chemical-products\/silicones\/chemisil-neutral-ultimate-ays-silicone\/"]}]},{"@type":"BreadcrumbList","@id":"https:\/\/chemitool.com\/products\/chemical-products\/silicones\/chemisil-neutral-ultimate-ays-silicone\/#breadcrumb","itemListElement":[{"@type":"ListItem","position":1,"name":"Home","item":"https:\/\/chemitool.com\/es\/"},{"@type":"ListItem","position":2,"name":"Productos","item":"https:\/\/chemitool.com\/es\/productos\/"},{"@type":"ListItem","position":3,"name":"CHEMICALS","item":"https:\/\/chemitool.com\/es\/categoria-producto\/chemicals\/"},{"@type":"ListItem","position":4,"name":"SILICONA NEUTRA ULTIMATE AYS CHEMISIL"}]}]}},"_links":{"self":[{"href":"https:\/\/chemitool.com\/es\/wp-json\/wp\/v2\/product\/41507"}],"collection":[{"href":"https:\/\/chemitool.com\/es\/wp-json\/wp\/v2\/product"}],"about":[{"href":"https:\/\/chemitool.com\/es\/wp-json\/wp\/v2\/types\/product"}],"wp:featuredmedia":[{"embeddable":true,"href":"https:\/\/chemitool.com\/es\/wp-json\/wp\/v2\/media\/41505"}],"wp:attachment":[{"href":"https:\/\/chemitool.com\/es\/wp-json\/wp\/v2\/media?parent=41507"}],"wp:term":[{"taxonomy":"product_cat","embeddable":true,"href":"https:\/\/chemitool.com\/es\/wp-json\/wp\/v2\/product_cat?post=41507"},{"taxonomy":"product_tag","embeddable":true,"href":"https:\/\/chemitool.com\/es\/wp-json\/wp\/v2\/product_tag?post=41507"}],"curies":[{"name":"wp","href":"https:\/\/api.w.org\/{rel}","templated":true}]}}