{"id":41429,"date":"2025-02-05T16:06:35","date_gmt":"2025-02-05T16:06:36","guid":{"rendered":"https:\/\/chemitool.com\/?post_type=product&#038;p=41429"},"modified":"2025-02-05T17:15:37","modified_gmt":"2025-02-05T17:15:37","slug":"absorbedor-de-energia-31-a-sin-conectores","status":"publish","type":"product","link":"https:\/\/chemitool.com\/es\/products\/safety\/proteccion-anti-caidas\/absorbedor-de-energia-31-a-sin-conectores\/","title":{"rendered":"ABSORBEDOR DE ENERG\u00cdA 31-A SIN CONECTORES"},"content":{"rendered":"<p>La vida \u00fatil te\u00f3rica del equipo es de 15 a\u00f1os a partir de la fecha de fabricaci\u00f3n.<\/p>\n<p>*Los conectores se venden por separado.<\/p>\n<p><img class=\"alignnone size-full wp-image-31279\" src=\"https:\/\/chemitool.com\/wp-content\/uploads\/2023\/02\/Prancheta-179.png\" alt=\"\" width=\"106\" height=\"122\" \/><\/p>\n","protected":false},"excerpt":{"rendered":"<p><b class=\"sap-label\">SAP:<\/b> <span class=\"codesap-label\">CHS09040100<\/span><br \/>\n<em>Absorbedor de Energ\u00eda 31-A sin Conectores CHEMITOOL<\/em> es un componente indispensable para formar un sistema antica\u00eddas seguro capaz de soportar las situaciones de trabajo m\u00e1s exigentes. Est\u00e1 dise\u00f1ado para conectarse a un arn\u00e9s antica\u00eddas mediante un conector adecuado, sin necesidad de utilizar eslingas.<\/p>\n","protected":false},"featured_media":41427,"template":"","meta":[],"product_cat":[1454,3500],"product_tag":[],"yoast_head":"<!-- This site is optimized with the Yoast SEO plugin v17.4 - https:\/\/yoast.com\/wordpress\/plugins\/seo\/ -->\n<title>ABSORBEDOR DE ENERG\u00cdA 31-A SIN CONECTORES &ndash; Chemitool<\/title>\n<meta name=\"description\" content=\"SAP: CHS09040100 Absorbedor de Energ\u00eda 31-A sin Conectores CHEMITOOL es un componente indispensable para formar un sistema antica\u00eddas seguro capaz de soportar las situaciones de trabajo m\u00e1s exigentes. Est\u00e1 dise\u00f1ado para conectarse a un arn\u00e9s antica\u00eddas mediante un conector adecuado, sin necesidad de utilizar eslingas.\" \/>\n<meta name=\"robots\" content=\"index, follow, max-snippet:-1, max-image-preview:large, max-video-preview:-1\" \/>\n<link rel=\"canonical\" href=\"https:\/\/chemitool.com\/es\/products\/safety\/fall-protection\/energy-absorber-31-a-without-connectors\/\" \/>\n<meta property=\"og:locale\" content=\"es_ES\" \/>\n<meta property=\"og:type\" content=\"article\" \/>\n<meta property=\"og:title\" content=\"ABSORBEDOR DE ENERG\u00cdA 31-A SIN CONECTORES &ndash; Chemitool\" \/>\n<meta property=\"og:description\" content=\"SAP: CHS09040100 Absorbedor de Energ\u00eda 31-A sin Conectores CHEMITOOL es un componente indispensable para formar un sistema antica\u00eddas seguro capaz de soportar las situaciones de trabajo m\u00e1s exigentes. Est\u00e1 dise\u00f1ado para conectarse a un arn\u00e9s antica\u00eddas mediante un conector adecuado, sin necesidad de utilizar eslingas.\" \/>\n<meta property=\"og:url\" content=\"https:\/\/chemitool.com\/products\/safety\/fall-protection\/energy-absorber-31-a-without-connectors\/\" \/>\n<meta property=\"og:site_name\" content=\"Chemitool\" \/>\n<meta property=\"article:publisher\" content=\"https:\/\/www.facebook.com\/chemitool\" \/>\n<meta property=\"article:modified_time\" content=\"2025-02-05T17:15:37+00:00\" \/>\n<meta property=\"og:image\" content=\"https:\/\/chemitool.com\/wp-content\/uploads\/2025\/02\/chs09040100_absorvedor_energia_31A_0001_WEB.png\" \/>\n\t<meta property=\"og:image:width\" content=\"800\" \/>\n\t<meta property=\"og:image:height\" content=\"800\" \/>\n<meta name=\"twitter:card\" content=\"summary_large_image\" \/>\n<script type=\"application\/ld+json\" class=\"yoast-schema-graph\">{\"@context\":\"https:\/\/schema.org\",\"@graph\":[{\"@type\":\"Organization\",\"@id\":\"https:\/\/chemitool.com\/#organization\",\"name\":\"Chemitool\",\"url\":\"https:\/\/chemitool.com\/\",\"sameAs\":[\"https:\/\/www.facebook.com\/chemitool\",\"https:\/\/www.instagram.com\/chemitool\/\"],\"logo\":{\"@type\":\"ImageObject\",\"@id\":\"https:\/\/chemitool.com\/#logo\",\"inLanguage\":\"es\",\"url\":\"https:\/\/chemitool.com\/wp-content\/uploads\/2020\/10\/logo_chemitool.png\",\"contentUrl\":\"https:\/\/chemitool.com\/wp-content\/uploads\/2020\/10\/logo_chemitool.png\",\"width\":400,\"height\":400,\"caption\":\"Chemitool\"},\"image\":{\"@id\":\"https:\/\/chemitool.com\/#logo\"}},{\"@type\":\"WebSite\",\"@id\":\"https:\/\/chemitool.com\/#website\",\"url\":\"https:\/\/chemitool.com\/\",\"name\":\"Chemitool\",\"description\":\"Chemitool - hardware and tools\",\"publisher\":{\"@id\":\"https:\/\/chemitool.com\/#organization\"},\"potentialAction\":[{\"@type\":\"SearchAction\",\"target\":{\"@type\":\"EntryPoint\",\"urlTemplate\":\"https:\/\/chemitool.com\/?s={search_term_string}\"},\"query-input\":\"required name=search_term_string\"}],\"inLanguage\":\"es\"},{\"@type\":\"ImageObject\",\"@id\":\"https:\/\/chemitool.com\/products\/safety\/fall-protection\/energy-absorber-31-a-without-connectors\/#primaryimage\",\"inLanguage\":\"es\",\"url\":\"https:\/\/chemitool.com\/wp-content\/uploads\/2025\/02\/chs09040100_absorvedor_energia_31A_0001_WEB.png\",\"contentUrl\":\"https:\/\/chemitool.com\/wp-content\/uploads\/2025\/02\/chs09040100_absorvedor_energia_31A_0001_WEB.png\",\"width\":800,\"height\":800},{\"@type\":\"WebPage\",\"@id\":\"https:\/\/chemitool.com\/products\/safety\/fall-protection\/energy-absorber-31-a-without-connectors\/#webpage\",\"url\":\"https:\/\/chemitool.com\/products\/safety\/fall-protection\/energy-absorber-31-a-without-connectors\/\",\"name\":\"ABSORBEDOR DE ENERG\\u00cdA 31-A SIN CONECTORES &ndash; Chemitool\",\"isPartOf\":{\"@id\":\"https:\/\/chemitool.com\/#website\"},\"primaryImageOfPage\":{\"@id\":\"https:\/\/chemitool.com\/products\/safety\/fall-protection\/energy-absorber-31-a-without-connectors\/#primaryimage\"},\"datePublished\":\"2025-02-05T16:06:36+00:00\",\"dateModified\":\"2025-02-05T17:15:37+00:00\",\"description\":\"SAP: CHS09040100 Absorbedor de Energ\\u00eda 31-A sin Conectores CHEMITOOL es un componente indispensable para formar un sistema antica\\u00eddas seguro capaz de soportar las situaciones de trabajo m\\u00e1s exigentes. Est\\u00e1 dise\\u00f1ado para conectarse a un arn\\u00e9s antica\\u00eddas mediante un conector adecuado, sin necesidad de utilizar eslingas.\",\"breadcrumb\":{\"@id\":\"https:\/\/chemitool.com\/products\/safety\/fall-protection\/energy-absorber-31-a-without-connectors\/#breadcrumb\"},\"inLanguage\":\"es\",\"potentialAction\":[{\"@type\":\"ReadAction\",\"target\":[\"https:\/\/chemitool.com\/products\/safety\/fall-protection\/energy-absorber-31-a-without-connectors\/\"]}]},{\"@type\":\"BreadcrumbList\",\"@id\":\"https:\/\/chemitool.com\/products\/safety\/fall-protection\/energy-absorber-31-a-without-connectors\/#breadcrumb\",\"itemListElement\":[{\"@type\":\"ListItem\",\"position\":1,\"name\":\"Home\",\"item\":\"https:\/\/chemitool.com\/es\/\"},{\"@type\":\"ListItem\",\"position\":2,\"name\":\"Productos\",\"item\":\"https:\/\/chemitool.com\/es\/productos\/\"},{\"@type\":\"ListItem\",\"position\":3,\"name\":\"Safety\",\"item\":\"https:\/\/chemitool.com\/product-category\/safety\/\"},{\"@type\":\"ListItem\",\"position\":4,\"name\":\"ABSORBEDOR DE ENERG\\u00cdA 31-A SIN CONECTORES\"}]}]}<\/script>\n<!-- \/ Yoast SEO plugin. -->","yoast_head_json":{"title":"ABSORBEDOR DE ENERG\u00cdA 31-A SIN CONECTORES &ndash; Chemitool","description":"SAP: CHS09040100 Absorbedor de Energ\u00eda 31-A sin Conectores CHEMITOOL es un componente indispensable para formar un sistema antica\u00eddas seguro capaz de soportar las situaciones de trabajo m\u00e1s exigentes. Est\u00e1 dise\u00f1ado para conectarse a un arn\u00e9s antica\u00eddas mediante un conector adecuado, sin necesidad de utilizar eslingas.","robots":{"index":"index","follow":"follow","max-snippet":"max-snippet:-1","max-image-preview":"max-image-preview:large","max-video-preview":"max-video-preview:-1"},"canonical":"https:\/\/chemitool.com\/es\/products\/safety\/fall-protection\/energy-absorber-31-a-without-connectors\/","og_locale":"es_ES","og_type":"article","og_title":"ABSORBEDOR DE ENERG\u00cdA 31-A SIN CONECTORES &ndash; Chemitool","og_description":"SAP: CHS09040100 Absorbedor de Energ\u00eda 31-A sin Conectores CHEMITOOL es un componente indispensable para formar un sistema antica\u00eddas seguro capaz de soportar las situaciones de trabajo m\u00e1s exigentes. Est\u00e1 dise\u00f1ado para conectarse a un arn\u00e9s antica\u00eddas mediante un conector adecuado, sin necesidad de utilizar eslingas.","og_url":"https:\/\/chemitool.com\/products\/safety\/fall-protection\/energy-absorber-31-a-without-connectors\/","og_site_name":"Chemitool","article_publisher":"https:\/\/www.facebook.com\/chemitool","article_modified_time":"2025-02-05T17:15:37+00:00","og_image":[{"width":800,"height":800,"url":"https:\/\/chemitool.com\/wp-content\/uploads\/2025\/02\/chs09040100_absorvedor_energia_31A_0001_WEB.png","type":"image\/png"}],"twitter_card":"summary_large_image","schema":{"@context":"https:\/\/schema.org","@graph":[{"@type":"Organization","@id":"https:\/\/chemitool.com\/#organization","name":"Chemitool","url":"https:\/\/chemitool.com\/","sameAs":["https:\/\/www.facebook.com\/chemitool","https:\/\/www.instagram.com\/chemitool\/"],"logo":{"@type":"ImageObject","@id":"https:\/\/chemitool.com\/#logo","inLanguage":"es","url":"https:\/\/chemitool.com\/wp-content\/uploads\/2020\/10\/logo_chemitool.png","contentUrl":"https:\/\/chemitool.com\/wp-content\/uploads\/2020\/10\/logo_chemitool.png","width":400,"height":400,"caption":"Chemitool"},"image":{"@id":"https:\/\/chemitool.com\/#logo"}},{"@type":"WebSite","@id":"https:\/\/chemitool.com\/#website","url":"https:\/\/chemitool.com\/","name":"Chemitool","description":"Chemitool - hardware and tools","publisher":{"@id":"https:\/\/chemitool.com\/#organization"},"potentialAction":[{"@type":"SearchAction","target":{"@type":"EntryPoint","urlTemplate":"https:\/\/chemitool.com\/?s={search_term_string}"},"query-input":"required name=search_term_string"}],"inLanguage":"es"},{"@type":"ImageObject","@id":"https:\/\/chemitool.com\/products\/safety\/fall-protection\/energy-absorber-31-a-without-connectors\/#primaryimage","inLanguage":"es","url":"https:\/\/chemitool.com\/wp-content\/uploads\/2025\/02\/chs09040100_absorvedor_energia_31A_0001_WEB.png","contentUrl":"https:\/\/chemitool.com\/wp-content\/uploads\/2025\/02\/chs09040100_absorvedor_energia_31A_0001_WEB.png","width":800,"height":800},{"@type":"WebPage","@id":"https:\/\/chemitool.com\/products\/safety\/fall-protection\/energy-absorber-31-a-without-connectors\/#webpage","url":"https:\/\/chemitool.com\/products\/safety\/fall-protection\/energy-absorber-31-a-without-connectors\/","name":"ABSORBEDOR DE ENERG\u00cdA 31-A SIN CONECTORES &ndash; Chemitool","isPartOf":{"@id":"https:\/\/chemitool.com\/#website"},"primaryImageOfPage":{"@id":"https:\/\/chemitool.com\/products\/safety\/fall-protection\/energy-absorber-31-a-without-connectors\/#primaryimage"},"datePublished":"2025-02-05T16:06:36+00:00","dateModified":"2025-02-05T17:15:37+00:00","description":"SAP: CHS09040100 Absorbedor de Energ\u00eda 31-A sin Conectores CHEMITOOL es un componente indispensable para formar un sistema antica\u00eddas seguro capaz de soportar las situaciones de trabajo m\u00e1s exigentes. Est\u00e1 dise\u00f1ado para conectarse a un arn\u00e9s antica\u00eddas mediante un conector adecuado, sin necesidad de utilizar eslingas.","breadcrumb":{"@id":"https:\/\/chemitool.com\/products\/safety\/fall-protection\/energy-absorber-31-a-without-connectors\/#breadcrumb"},"inLanguage":"es","potentialAction":[{"@type":"ReadAction","target":["https:\/\/chemitool.com\/products\/safety\/fall-protection\/energy-absorber-31-a-without-connectors\/"]}]},{"@type":"BreadcrumbList","@id":"https:\/\/chemitool.com\/products\/safety\/fall-protection\/energy-absorber-31-a-without-connectors\/#breadcrumb","itemListElement":[{"@type":"ListItem","position":1,"name":"Home","item":"https:\/\/chemitool.com\/es\/"},{"@type":"ListItem","position":2,"name":"Productos","item":"https:\/\/chemitool.com\/es\/productos\/"},{"@type":"ListItem","position":3,"name":"Safety","item":"https:\/\/chemitool.com\/product-category\/safety\/"},{"@type":"ListItem","position":4,"name":"ABSORBEDOR DE ENERG\u00cdA 31-A SIN CONECTORES"}]}]}},"_links":{"self":[{"href":"https:\/\/chemitool.com\/es\/wp-json\/wp\/v2\/product\/41429"}],"collection":[{"href":"https:\/\/chemitool.com\/es\/wp-json\/wp\/v2\/product"}],"about":[{"href":"https:\/\/chemitool.com\/es\/wp-json\/wp\/v2\/types\/product"}],"wp:featuredmedia":[{"embeddable":true,"href":"https:\/\/chemitool.com\/es\/wp-json\/wp\/v2\/media\/41427"}],"wp:attachment":[{"href":"https:\/\/chemitool.com\/es\/wp-json\/wp\/v2\/media?parent=41429"}],"wp:term":[{"taxonomy":"product_cat","embeddable":true,"href":"https:\/\/chemitool.com\/es\/wp-json\/wp\/v2\/product_cat?post=41429"},{"taxonomy":"product_tag","embeddable":true,"href":"https:\/\/chemitool.com\/es\/wp-json\/wp\/v2\/product_tag?post=41429"}],"curies":[{"name":"wp","href":"https:\/\/api.w.org\/{rel}","templated":true}]}}