{"id":40536,"date":"2024-12-18T17:22:00","date_gmt":"2024-12-18T17:22:02","guid":{"rendered":"https:\/\/chemitool.com\/?post_type=product&#038;p=40536"},"modified":"2025-01-02T10:27:54","modified_gmt":"2025-01-02T10:27:54","slug":"cazadora-fence","status":"publish","type":"product","link":"https:\/\/chemitool.com\/es\/products\/safety\/ropa-tecnica\/soldadura-es-2\/cazadora-fence\/","title":{"rendered":"CAZADORA FENCE"},"content":{"rendered":"<ul>\n<li>Antiest\u00e1tico, anti\u00e1cido e ign\u00edfugo, resistente al arco el\u00e9ctrico<\/li>\n<li>Espalda regulable com Velcro<\/li>\n<li>Costuras dobles y reforzadas en mangas y laterales<\/li>\n<\/ul>\n<p><img class=\"alignnone size-full wp-image-40590\" src=\"https:\/\/chemitool.com\/wp-content\/uploads\/2024\/12\/EN-ISO-11611-A1A2-CLASSE1.png\" alt=\"\" width=\"104\" height=\"119\" \/><img class=\"alignnone size-full wp-image-24537\" src=\"https:\/\/chemitool.com\/wp-content\/uploads\/2022\/07\/EN_ISO_11612_ABCDEF.png\" alt=\"\" width=\"105\" height=\"121\" \/><img class=\"alignnone size-full wp-image-24529\" src=\"https:\/\/chemitool.com\/wp-content\/uploads\/2022\/07\/EN-1149-5.png\" alt=\"\" width=\"104\" height=\"119\" \/><img class=\"alignnone size-full wp-image-40593\" src=\"https:\/\/chemitool.com\/wp-content\/uploads\/2024\/12\/EN-13034-TypePB6.png\" alt=\"\" width=\"104\" height=\"119\" \/><img class=\"alignnone size-full wp-image-40596\" src=\"https:\/\/chemitool.com\/wp-content\/uploads\/2024\/12\/IEC-61482-2.png\" alt=\"\" width=\"104\" height=\"119\" \/><\/p>\n","protected":false},"excerpt":{"rendered":"<p>La <em>Cazadora Fence CHEMITOOL <\/em>es una cazadora antiest\u00e1tica e ign\u00edfuga, ideal para soldadores, con resistencia al arco el\u00e9ctrico y a productos qu\u00edmicos. Cuenta con costuras reforzadas, cierre met\u00e1lico con protecci\u00f3n, bandas reflectantes, bolsillo en el pecho con soporte para credencial y bol\u00edgrafos, bolsillos frontales ocultos y un parche con certificaciones. Dispone de dobladillo y pu\u00f1os ajustables con velcro, garantizando una protecci\u00f3n adicional. Todos los accesorios visibles son resistentes al fuego y no tienen contacto met\u00e1lico directo con la piel.<\/p>\n","protected":false},"featured_media":40658,"template":"","meta":[],"product_cat":[1454,3453,3458,3456],"product_tag":[],"yoast_head":"<!-- This site is optimized with the Yoast SEO plugin v17.4 - https:\/\/yoast.com\/wordpress\/plugins\/seo\/ -->\n<title>CAZADORA FENCE &ndash; Chemitool<\/title>\n<meta name=\"description\" content=\"La Cazadora Fence CHEMITOOL es una cazadora antiest\u00e1tica e ign\u00edfuga, ideal para soldadores, con resistencia al arco el\u00e9ctrico y a productos qu\u00edmicos. Cuenta con costuras reforzadas, cierre met\u00e1lico con protecci\u00f3n, bandas reflectantes, bolsillo en el pecho con soporte para credencial y bol\u00edgrafos, bolsillos frontales ocultos y un parche con certificaciones. Dispone de dobladillo y pu\u00f1os ajustables con velcro, garantizando una protecci\u00f3n adicional. Todos los accesorios visibles son resistentes al fuego y no tienen contacto met\u00e1lico directo con la piel.\" \/>\n<meta name=\"robots\" content=\"index, follow, max-snippet:-1, max-image-preview:large, max-video-preview:-1\" \/>\n<link rel=\"canonical\" href=\"https:\/\/chemitool.com\/es\/products\/safety\/ropa-tecnica\/soldadura-es-2\/cazadora-fence\/\" \/>\n<meta property=\"og:locale\" content=\"es_ES\" \/>\n<meta property=\"og:type\" content=\"article\" \/>\n<meta property=\"og:title\" content=\"CAZADORA FENCE &ndash; Chemitool\" \/>\n<meta property=\"og:description\" content=\"La Cazadora Fence CHEMITOOL es una cazadora antiest\u00e1tica e ign\u00edfuga, ideal para soldadores, con resistencia al arco el\u00e9ctrico y a productos qu\u00edmicos. Cuenta con costuras reforzadas, cierre met\u00e1lico con protecci\u00f3n, bandas reflectantes, bolsillo en el pecho con soporte para credencial y bol\u00edgrafos, bolsillos frontales ocultos y un parche con certificaciones. Dispone de dobladillo y pu\u00f1os ajustables con velcro, garantizando una protecci\u00f3n adicional. Todos los accesorios visibles son resistentes al fuego y no tienen contacto met\u00e1lico directo con la piel.\" \/>\n<meta property=\"og:url\" content=\"https:\/\/chemitool.com\/es\/products\/safety\/ropa-tecnica\/soldadura-es-2\/cazadora-fence\/\" \/>\n<meta property=\"og:site_name\" content=\"Chemitool\" \/>\n<meta property=\"article:publisher\" content=\"https:\/\/www.facebook.com\/chemitool\" \/>\n<meta property=\"article:modified_time\" content=\"2025-01-02T10:27:54+00:00\" \/>\n<meta property=\"og:image\" content=\"https:\/\/chemitool.com\/wp-content\/uploads\/2025\/01\/FENCE-CASACO-MULTINORMA_1.png\" \/>\n\t<meta property=\"og:image:width\" content=\"800\" \/>\n\t<meta property=\"og:image:height\" content=\"800\" \/>\n<meta name=\"twitter:card\" content=\"summary_large_image\" \/>\n<script type=\"application\/ld+json\" class=\"yoast-schema-graph\">{\"@context\":\"https:\/\/schema.org\",\"@graph\":[{\"@type\":\"Organization\",\"@id\":\"https:\/\/chemitool.com\/#organization\",\"name\":\"Chemitool\",\"url\":\"https:\/\/chemitool.com\/\",\"sameAs\":[\"https:\/\/www.facebook.com\/chemitool\",\"https:\/\/www.instagram.com\/chemitool\/\"],\"logo\":{\"@type\":\"ImageObject\",\"@id\":\"https:\/\/chemitool.com\/#logo\",\"inLanguage\":\"es\",\"url\":\"https:\/\/chemitool.com\/wp-content\/uploads\/2020\/10\/logo_chemitool.png\",\"contentUrl\":\"https:\/\/chemitool.com\/wp-content\/uploads\/2020\/10\/logo_chemitool.png\",\"width\":400,\"height\":400,\"caption\":\"Chemitool\"},\"image\":{\"@id\":\"https:\/\/chemitool.com\/#logo\"}},{\"@type\":\"WebSite\",\"@id\":\"https:\/\/chemitool.com\/#website\",\"url\":\"https:\/\/chemitool.com\/\",\"name\":\"Chemitool\",\"description\":\"Chemitool - hardware and tools\",\"publisher\":{\"@id\":\"https:\/\/chemitool.com\/#organization\"},\"potentialAction\":[{\"@type\":\"SearchAction\",\"target\":{\"@type\":\"EntryPoint\",\"urlTemplate\":\"https:\/\/chemitool.com\/?s={search_term_string}\"},\"query-input\":\"required name=search_term_string\"}],\"inLanguage\":\"es\"},{\"@type\":\"ImageObject\",\"@id\":\"https:\/\/chemitool.com\/es\/products\/safety\/ropa-tecnica\/soldadura-es-2\/cazadora-fence\/#primaryimage\",\"inLanguage\":\"es\",\"url\":\"https:\/\/chemitool.com\/wp-content\/uploads\/2025\/01\/FENCE-CASACO-MULTINORMA_1.png\",\"contentUrl\":\"https:\/\/chemitool.com\/wp-content\/uploads\/2025\/01\/FENCE-CASACO-MULTINORMA_1.png\",\"width\":800,\"height\":800},{\"@type\":\"WebPage\",\"@id\":\"https:\/\/chemitool.com\/es\/products\/safety\/ropa-tecnica\/soldadura-es-2\/cazadora-fence\/#webpage\",\"url\":\"https:\/\/chemitool.com\/es\/products\/safety\/ropa-tecnica\/soldadura-es-2\/cazadora-fence\/\",\"name\":\"CAZADORA FENCE &ndash; Chemitool\",\"isPartOf\":{\"@id\":\"https:\/\/chemitool.com\/#website\"},\"primaryImageOfPage\":{\"@id\":\"https:\/\/chemitool.com\/es\/products\/safety\/ropa-tecnica\/soldadura-es-2\/cazadora-fence\/#primaryimage\"},\"datePublished\":\"2024-12-18T17:22:02+00:00\",\"dateModified\":\"2025-01-02T10:27:54+00:00\",\"description\":\"La Cazadora Fence CHEMITOOL es una cazadora antiest\\u00e1tica e ign\\u00edfuga, ideal para soldadores, con resistencia al arco el\\u00e9ctrico y a productos qu\\u00edmicos. Cuenta con costuras reforzadas, cierre met\\u00e1lico con protecci\\u00f3n, bandas reflectantes, bolsillo en el pecho con soporte para credencial y bol\\u00edgrafos, bolsillos frontales ocultos y un parche con certificaciones. Dispone de dobladillo y pu\\u00f1os ajustables con velcro, garantizando una protecci\\u00f3n adicional. Todos los accesorios visibles son resistentes al fuego y no tienen contacto met\\u00e1lico directo con la piel.\",\"breadcrumb\":{\"@id\":\"https:\/\/chemitool.com\/es\/products\/safety\/ropa-tecnica\/soldadura-es-2\/cazadora-fence\/#breadcrumb\"},\"inLanguage\":\"es\",\"potentialAction\":[{\"@type\":\"ReadAction\",\"target\":[\"https:\/\/chemitool.com\/es\/products\/safety\/ropa-tecnica\/soldadura-es-2\/cazadora-fence\/\"]}]},{\"@type\":\"BreadcrumbList\",\"@id\":\"https:\/\/chemitool.com\/es\/products\/safety\/ropa-tecnica\/soldadura-es-2\/cazadora-fence\/#breadcrumb\",\"itemListElement\":[{\"@type\":\"ListItem\",\"position\":1,\"name\":\"Home\",\"item\":\"https:\/\/chemitool.com\/es\/\"},{\"@type\":\"ListItem\",\"position\":2,\"name\":\"Productos\",\"item\":\"https:\/\/chemitool.com\/es\/productos\/\"},{\"@type\":\"ListItem\",\"position\":3,\"name\":\"Safety\",\"item\":\"https:\/\/chemitool.com\/es\/categoria-producto\/safety\/\"},{\"@type\":\"ListItem\",\"position\":4,\"name\":\"Ropa T\\u00e9cnica\",\"item\":\"https:\/\/chemitool.com\/es\/categoria-producto\/safety\/ropa-tecnica\/\"},{\"@type\":\"ListItem\",\"position\":5,\"name\":\"Multi-Norma\",\"item\":\"https:\/\/chemitool.com\/es\/categoria-producto\/safety\/ropa-tecnica\/multi-norma-es\/\"},{\"@type\":\"ListItem\",\"position\":6,\"name\":\"CAZADORA FENCE\"}]}]}<\/script>\n<!-- \/ Yoast SEO plugin. -->","yoast_head_json":{"title":"CAZADORA FENCE &ndash; Chemitool","description":"La Cazadora Fence CHEMITOOL es una cazadora antiest\u00e1tica e ign\u00edfuga, ideal para soldadores, con resistencia al arco el\u00e9ctrico y a productos qu\u00edmicos. Cuenta con costuras reforzadas, cierre met\u00e1lico con protecci\u00f3n, bandas reflectantes, bolsillo en el pecho con soporte para credencial y bol\u00edgrafos, bolsillos frontales ocultos y un parche con certificaciones. Dispone de dobladillo y pu\u00f1os ajustables con velcro, garantizando una protecci\u00f3n adicional. Todos los accesorios visibles son resistentes al fuego y no tienen contacto met\u00e1lico directo con la piel.","robots":{"index":"index","follow":"follow","max-snippet":"max-snippet:-1","max-image-preview":"max-image-preview:large","max-video-preview":"max-video-preview:-1"},"canonical":"https:\/\/chemitool.com\/es\/products\/safety\/ropa-tecnica\/soldadura-es-2\/cazadora-fence\/","og_locale":"es_ES","og_type":"article","og_title":"CAZADORA FENCE &ndash; Chemitool","og_description":"La Cazadora Fence CHEMITOOL es una cazadora antiest\u00e1tica e ign\u00edfuga, ideal para soldadores, con resistencia al arco el\u00e9ctrico y a productos qu\u00edmicos. Cuenta con costuras reforzadas, cierre met\u00e1lico con protecci\u00f3n, bandas reflectantes, bolsillo en el pecho con soporte para credencial y bol\u00edgrafos, bolsillos frontales ocultos y un parche con certificaciones. Dispone de dobladillo y pu\u00f1os ajustables con velcro, garantizando una protecci\u00f3n adicional. Todos los accesorios visibles son resistentes al fuego y no tienen contacto met\u00e1lico directo con la piel.","og_url":"https:\/\/chemitool.com\/es\/products\/safety\/ropa-tecnica\/soldadura-es-2\/cazadora-fence\/","og_site_name":"Chemitool","article_publisher":"https:\/\/www.facebook.com\/chemitool","article_modified_time":"2025-01-02T10:27:54+00:00","og_image":[{"width":800,"height":800,"url":"https:\/\/chemitool.com\/wp-content\/uploads\/2025\/01\/FENCE-CASACO-MULTINORMA_1.png","type":"image\/png"}],"twitter_card":"summary_large_image","schema":{"@context":"https:\/\/schema.org","@graph":[{"@type":"Organization","@id":"https:\/\/chemitool.com\/#organization","name":"Chemitool","url":"https:\/\/chemitool.com\/","sameAs":["https:\/\/www.facebook.com\/chemitool","https:\/\/www.instagram.com\/chemitool\/"],"logo":{"@type":"ImageObject","@id":"https:\/\/chemitool.com\/#logo","inLanguage":"es","url":"https:\/\/chemitool.com\/wp-content\/uploads\/2020\/10\/logo_chemitool.png","contentUrl":"https:\/\/chemitool.com\/wp-content\/uploads\/2020\/10\/logo_chemitool.png","width":400,"height":400,"caption":"Chemitool"},"image":{"@id":"https:\/\/chemitool.com\/#logo"}},{"@type":"WebSite","@id":"https:\/\/chemitool.com\/#website","url":"https:\/\/chemitool.com\/","name":"Chemitool","description":"Chemitool - hardware and tools","publisher":{"@id":"https:\/\/chemitool.com\/#organization"},"potentialAction":[{"@type":"SearchAction","target":{"@type":"EntryPoint","urlTemplate":"https:\/\/chemitool.com\/?s={search_term_string}"},"query-input":"required name=search_term_string"}],"inLanguage":"es"},{"@type":"ImageObject","@id":"https:\/\/chemitool.com\/es\/products\/safety\/ropa-tecnica\/soldadura-es-2\/cazadora-fence\/#primaryimage","inLanguage":"es","url":"https:\/\/chemitool.com\/wp-content\/uploads\/2025\/01\/FENCE-CASACO-MULTINORMA_1.png","contentUrl":"https:\/\/chemitool.com\/wp-content\/uploads\/2025\/01\/FENCE-CASACO-MULTINORMA_1.png","width":800,"height":800},{"@type":"WebPage","@id":"https:\/\/chemitool.com\/es\/products\/safety\/ropa-tecnica\/soldadura-es-2\/cazadora-fence\/#webpage","url":"https:\/\/chemitool.com\/es\/products\/safety\/ropa-tecnica\/soldadura-es-2\/cazadora-fence\/","name":"CAZADORA FENCE &ndash; Chemitool","isPartOf":{"@id":"https:\/\/chemitool.com\/#website"},"primaryImageOfPage":{"@id":"https:\/\/chemitool.com\/es\/products\/safety\/ropa-tecnica\/soldadura-es-2\/cazadora-fence\/#primaryimage"},"datePublished":"2024-12-18T17:22:02+00:00","dateModified":"2025-01-02T10:27:54+00:00","description":"La Cazadora Fence CHEMITOOL es una cazadora antiest\u00e1tica e ign\u00edfuga, ideal para soldadores, con resistencia al arco el\u00e9ctrico y a productos qu\u00edmicos. Cuenta con costuras reforzadas, cierre met\u00e1lico con protecci\u00f3n, bandas reflectantes, bolsillo en el pecho con soporte para credencial y bol\u00edgrafos, bolsillos frontales ocultos y un parche con certificaciones. Dispone de dobladillo y pu\u00f1os ajustables con velcro, garantizando una protecci\u00f3n adicional. Todos los accesorios visibles son resistentes al fuego y no tienen contacto met\u00e1lico directo con la piel.","breadcrumb":{"@id":"https:\/\/chemitool.com\/es\/products\/safety\/ropa-tecnica\/soldadura-es-2\/cazadora-fence\/#breadcrumb"},"inLanguage":"es","potentialAction":[{"@type":"ReadAction","target":["https:\/\/chemitool.com\/es\/products\/safety\/ropa-tecnica\/soldadura-es-2\/cazadora-fence\/"]}]},{"@type":"BreadcrumbList","@id":"https:\/\/chemitool.com\/es\/products\/safety\/ropa-tecnica\/soldadura-es-2\/cazadora-fence\/#breadcrumb","itemListElement":[{"@type":"ListItem","position":1,"name":"Home","item":"https:\/\/chemitool.com\/es\/"},{"@type":"ListItem","position":2,"name":"Productos","item":"https:\/\/chemitool.com\/es\/productos\/"},{"@type":"ListItem","position":3,"name":"Safety","item":"https:\/\/chemitool.com\/es\/categoria-producto\/safety\/"},{"@type":"ListItem","position":4,"name":"Ropa T\u00e9cnica","item":"https:\/\/chemitool.com\/es\/categoria-producto\/safety\/ropa-tecnica\/"},{"@type":"ListItem","position":5,"name":"Multi-Norma","item":"https:\/\/chemitool.com\/es\/categoria-producto\/safety\/ropa-tecnica\/multi-norma-es\/"},{"@type":"ListItem","position":6,"name":"CAZADORA FENCE"}]}]}},"_links":{"self":[{"href":"https:\/\/chemitool.com\/es\/wp-json\/wp\/v2\/product\/40536"}],"collection":[{"href":"https:\/\/chemitool.com\/es\/wp-json\/wp\/v2\/product"}],"about":[{"href":"https:\/\/chemitool.com\/es\/wp-json\/wp\/v2\/types\/product"}],"wp:featuredmedia":[{"embeddable":true,"href":"https:\/\/chemitool.com\/es\/wp-json\/wp\/v2\/media\/40658"}],"wp:attachment":[{"href":"https:\/\/chemitool.com\/es\/wp-json\/wp\/v2\/media?parent=40536"}],"wp:term":[{"taxonomy":"product_cat","embeddable":true,"href":"https:\/\/chemitool.com\/es\/wp-json\/wp\/v2\/product_cat?post=40536"},{"taxonomy":"product_tag","embeddable":true,"href":"https:\/\/chemitool.com\/es\/wp-json\/wp\/v2\/product_tag?post=40536"}],"curies":[{"name":"wp","href":"https:\/\/api.w.org\/{rel}","templated":true}]}}