{"id":4052,"date":"2020-04-21T11:13:49","date_gmt":"2020-04-21T11:13:49","guid":{"rendered":"https:\/\/chemitool.com\/products\/sin%20categor\u00eda\/spray-lubrificante-para-maquinas-chemisol\/"},"modified":"2021-11-03T16:38:32","modified_gmt":"2021-11-03T16:38:32","slug":"aceite-de-lubricacion-para-equipos-chemisol","status":"publish","type":"product","link":"https:\/\/chemitool.com\/es\/products\/chemicals\/sprays-es\/industria-alimentaria\/aceite-de-lubricacion-para-equipos-chemisol\/","title":{"rendered":"ACEITE DE LUBRICACI\u00d3N PARA EQUIPOS CHEMISOL"},"content":{"rendered":"<p><strong>VENTAJAS<\/strong><\/p>\n<ul>\n<li>Producto registrado en la NSF<em>*<\/em><\/li>\n<li>Estabilidad mec\u00e1nica y t\u00e9rmica extraordinaria<\/li>\n<li>Excelentes propiedades penetrantes<\/li>\n<li>Repelente de humedad<\/li>\n<li>Previene la corrosi\u00f3n<\/li>\n<li>Sin solventes<\/li>\n<li>Chorro directo<\/li>\n<\/ul>\n<p><strong>INDICACIONES<\/strong><\/p>\n<p>El spray debe estar a temperatura ambiente. La mejor temperatura de uso es entre 5\u00b0C y 30\u00b0C.<br \/>\nAntes de usar, agitar la lata de spray por 2 minutos y pulverizar una muestra. La distancia de la superficie a tratar debe ser de aproximadamente 25 a 30 cent\u00edmetros.<\/p>\n<p><em>* Registro National Sanitation Foundation NSF-H1, n\u00famero 139848.<\/em><\/p>\n","protected":false},"excerpt":{"rendered":"<p><b class=\"sap-label\">SAP:<\/b> <span class=\"codesap-label\">CHC010104<\/span><\/p>\n<p><em>Aceite de Lubricaci\u00f3n para Equipos CHEMISOL <\/em>es un producto de alta calidad con excelentes propiedades de penetraci\u00f3n, indicado para preservar equipos. Recomendado para utilizaci\u00f3n en la industria alimentaria de acuerdo con el registro H1 en la NSF.<\/p>\n","protected":false},"featured_media":4677,"template":"","meta":[],"product_cat":[1209,1218,1245],"product_tag":[141],"yoast_head":"<!-- This site is optimized with the Yoast SEO plugin v17.4 - https:\/\/yoast.com\/wordpress\/plugins\/seo\/ -->\n<title>ACEITE DE LUBRICACI\u00d3N PARA EQUIPOS CHEMISOL &ndash; Chemitool<\/title>\n<meta name=\"description\" content=\"SAP: CHC010104  Aceite de Lubricaci\u00f3n para Equipos CHEMISOL es un producto de alta calidad con excelentes propiedades de penetraci\u00f3n, indicado para preservar equipos. Recomendado para utilizaci\u00f3n en la industria alimentaria de acuerdo con el registro H1 en la NSF.\" \/>\n<meta name=\"robots\" content=\"index, follow, max-snippet:-1, max-image-preview:large, max-video-preview:-1\" \/>\n<link rel=\"canonical\" href=\"https:\/\/chemitool.com\/es\/products\/chemicals\/sprays-es\/industria-alimentaria\/aceite-de-lubricacion-para-equipos-chemisol\/\" \/>\n<meta property=\"og:locale\" content=\"es_ES\" \/>\n<meta property=\"og:type\" content=\"article\" \/>\n<meta property=\"og:title\" content=\"ACEITE DE LUBRICACI\u00d3N PARA EQUIPOS CHEMISOL &ndash; Chemitool\" \/>\n<meta property=\"og:description\" content=\"SAP: CHC010104  Aceite de Lubricaci\u00f3n para Equipos CHEMISOL es un producto de alta calidad con excelentes propiedades de penetraci\u00f3n, indicado para preservar equipos. Recomendado para utilizaci\u00f3n en la industria alimentaria de acuerdo con el registro H1 en la NSF.\" \/>\n<meta property=\"og:url\" content=\"https:\/\/chemitool.com\/es\/products\/chemicals\/sprays-es\/industria-alimentaria\/aceite-de-lubricacion-para-equipos-chemisol\/\" \/>\n<meta property=\"og:site_name\" content=\"Chemitool\" \/>\n<meta property=\"article:publisher\" content=\"https:\/\/www.facebook.com\/chemitool\" \/>\n<meta property=\"article:modified_time\" content=\"2021-11-03T16:38:32+00:00\" \/>\n<meta property=\"og:image\" content=\"https:\/\/chemitool.com\/wp-content\/uploads\/2020\/04\/MACHINE-OIL.png\" \/>\n\t<meta property=\"og:image:width\" content=\"800\" \/>\n\t<meta property=\"og:image:height\" content=\"800\" \/>\n<meta name=\"twitter:card\" content=\"summary_large_image\" \/>\n<script type=\"application\/ld+json\" class=\"yoast-schema-graph\">{\"@context\":\"https:\/\/schema.org\",\"@graph\":[{\"@type\":\"Organization\",\"@id\":\"https:\/\/chemitool.com\/#organization\",\"name\":\"Chemitool\",\"url\":\"https:\/\/chemitool.com\/\",\"sameAs\":[\"https:\/\/www.facebook.com\/chemitool\",\"https:\/\/www.instagram.com\/chemitool\/\"],\"logo\":{\"@type\":\"ImageObject\",\"@id\":\"https:\/\/chemitool.com\/#logo\",\"inLanguage\":\"es\",\"url\":\"https:\/\/chemitool.com\/wp-content\/uploads\/2020\/10\/logo_chemitool.png\",\"contentUrl\":\"https:\/\/chemitool.com\/wp-content\/uploads\/2020\/10\/logo_chemitool.png\",\"width\":400,\"height\":400,\"caption\":\"Chemitool\"},\"image\":{\"@id\":\"https:\/\/chemitool.com\/#logo\"}},{\"@type\":\"WebSite\",\"@id\":\"https:\/\/chemitool.com\/#website\",\"url\":\"https:\/\/chemitool.com\/\",\"name\":\"Chemitool\",\"description\":\"Chemitool - hardware and tools\",\"publisher\":{\"@id\":\"https:\/\/chemitool.com\/#organization\"},\"potentialAction\":[{\"@type\":\"SearchAction\",\"target\":{\"@type\":\"EntryPoint\",\"urlTemplate\":\"https:\/\/chemitool.com\/?s={search_term_string}\"},\"query-input\":\"required name=search_term_string\"}],\"inLanguage\":\"es\"},{\"@type\":\"ImageObject\",\"@id\":\"https:\/\/chemitool.com\/es\/products\/chemicals\/sprays-es\/industria-alimentaria\/aceite-de-lubricacion-para-equipos-chemisol\/#primaryimage\",\"inLanguage\":\"es\",\"url\":\"https:\/\/chemitool.com\/wp-content\/uploads\/2020\/04\/MACHINE-OIL.png\",\"contentUrl\":\"https:\/\/chemitool.com\/wp-content\/uploads\/2020\/04\/MACHINE-OIL.png\",\"width\":800,\"height\":800},{\"@type\":\"WebPage\",\"@id\":\"https:\/\/chemitool.com\/es\/products\/chemicals\/sprays-es\/industria-alimentaria\/aceite-de-lubricacion-para-equipos-chemisol\/#webpage\",\"url\":\"https:\/\/chemitool.com\/es\/products\/chemicals\/sprays-es\/industria-alimentaria\/aceite-de-lubricacion-para-equipos-chemisol\/\",\"name\":\"ACEITE DE LUBRICACI\\u00d3N PARA EQUIPOS CHEMISOL &ndash; Chemitool\",\"isPartOf\":{\"@id\":\"https:\/\/chemitool.com\/#website\"},\"primaryImageOfPage\":{\"@id\":\"https:\/\/chemitool.com\/es\/products\/chemicals\/sprays-es\/industria-alimentaria\/aceite-de-lubricacion-para-equipos-chemisol\/#primaryimage\"},\"datePublished\":\"2020-04-21T11:13:49+00:00\",\"dateModified\":\"2021-11-03T16:38:32+00:00\",\"description\":\"SAP: CHC010104 Aceite de Lubricaci\\u00f3n para Equipos CHEMISOL es un producto de alta calidad con excelentes propiedades de penetraci\\u00f3n, indicado para preservar equipos. Recomendado para utilizaci\\u00f3n en la industria alimentaria de acuerdo con el registro H1 en la NSF.\",\"breadcrumb\":{\"@id\":\"https:\/\/chemitool.com\/es\/products\/chemicals\/sprays-es\/industria-alimentaria\/aceite-de-lubricacion-para-equipos-chemisol\/#breadcrumb\"},\"inLanguage\":\"es\",\"potentialAction\":[{\"@type\":\"ReadAction\",\"target\":[\"https:\/\/chemitool.com\/es\/products\/chemicals\/sprays-es\/industria-alimentaria\/aceite-de-lubricacion-para-equipos-chemisol\/\"]}]},{\"@type\":\"BreadcrumbList\",\"@id\":\"https:\/\/chemitool.com\/es\/products\/chemicals\/sprays-es\/industria-alimentaria\/aceite-de-lubricacion-para-equipos-chemisol\/#breadcrumb\",\"itemListElement\":[{\"@type\":\"ListItem\",\"position\":1,\"name\":\"Home\",\"item\":\"https:\/\/chemitool.com\/es\/\"},{\"@type\":\"ListItem\",\"position\":2,\"name\":\"Productos\",\"item\":\"https:\/\/chemitool.com\/es\/productos\/\"},{\"@type\":\"ListItem\",\"position\":3,\"name\":\"CHEMICALS\",\"item\":\"https:\/\/chemitool.com\/es\/categoria-producto\/chemicals\/\"},{\"@type\":\"ListItem\",\"position\":4,\"name\":\"ACEITE DE LUBRICACI\\u00d3N PARA EQUIPOS CHEMISOL\"}]}]}<\/script>\n<!-- \/ Yoast SEO plugin. -->","yoast_head_json":{"title":"ACEITE DE LUBRICACI\u00d3N PARA EQUIPOS CHEMISOL &ndash; Chemitool","description":"SAP: CHC010104  Aceite de Lubricaci\u00f3n para Equipos CHEMISOL es un producto de alta calidad con excelentes propiedades de penetraci\u00f3n, indicado para preservar equipos. Recomendado para utilizaci\u00f3n en la industria alimentaria de acuerdo con el registro H1 en la NSF.","robots":{"index":"index","follow":"follow","max-snippet":"max-snippet:-1","max-image-preview":"max-image-preview:large","max-video-preview":"max-video-preview:-1"},"canonical":"https:\/\/chemitool.com\/es\/products\/chemicals\/sprays-es\/industria-alimentaria\/aceite-de-lubricacion-para-equipos-chemisol\/","og_locale":"es_ES","og_type":"article","og_title":"ACEITE DE LUBRICACI\u00d3N PARA EQUIPOS CHEMISOL &ndash; Chemitool","og_description":"SAP: CHC010104  Aceite de Lubricaci\u00f3n para Equipos CHEMISOL es un producto de alta calidad con excelentes propiedades de penetraci\u00f3n, indicado para preservar equipos. Recomendado para utilizaci\u00f3n en la industria alimentaria de acuerdo con el registro H1 en la NSF.","og_url":"https:\/\/chemitool.com\/es\/products\/chemicals\/sprays-es\/industria-alimentaria\/aceite-de-lubricacion-para-equipos-chemisol\/","og_site_name":"Chemitool","article_publisher":"https:\/\/www.facebook.com\/chemitool","article_modified_time":"2021-11-03T16:38:32+00:00","og_image":[{"width":800,"height":800,"url":"https:\/\/chemitool.com\/wp-content\/uploads\/2020\/04\/MACHINE-OIL.png","type":"image\/png"}],"twitter_card":"summary_large_image","schema":{"@context":"https:\/\/schema.org","@graph":[{"@type":"Organization","@id":"https:\/\/chemitool.com\/#organization","name":"Chemitool","url":"https:\/\/chemitool.com\/","sameAs":["https:\/\/www.facebook.com\/chemitool","https:\/\/www.instagram.com\/chemitool\/"],"logo":{"@type":"ImageObject","@id":"https:\/\/chemitool.com\/#logo","inLanguage":"es","url":"https:\/\/chemitool.com\/wp-content\/uploads\/2020\/10\/logo_chemitool.png","contentUrl":"https:\/\/chemitool.com\/wp-content\/uploads\/2020\/10\/logo_chemitool.png","width":400,"height":400,"caption":"Chemitool"},"image":{"@id":"https:\/\/chemitool.com\/#logo"}},{"@type":"WebSite","@id":"https:\/\/chemitool.com\/#website","url":"https:\/\/chemitool.com\/","name":"Chemitool","description":"Chemitool - hardware and tools","publisher":{"@id":"https:\/\/chemitool.com\/#organization"},"potentialAction":[{"@type":"SearchAction","target":{"@type":"EntryPoint","urlTemplate":"https:\/\/chemitool.com\/?s={search_term_string}"},"query-input":"required name=search_term_string"}],"inLanguage":"es"},{"@type":"ImageObject","@id":"https:\/\/chemitool.com\/es\/products\/chemicals\/sprays-es\/industria-alimentaria\/aceite-de-lubricacion-para-equipos-chemisol\/#primaryimage","inLanguage":"es","url":"https:\/\/chemitool.com\/wp-content\/uploads\/2020\/04\/MACHINE-OIL.png","contentUrl":"https:\/\/chemitool.com\/wp-content\/uploads\/2020\/04\/MACHINE-OIL.png","width":800,"height":800},{"@type":"WebPage","@id":"https:\/\/chemitool.com\/es\/products\/chemicals\/sprays-es\/industria-alimentaria\/aceite-de-lubricacion-para-equipos-chemisol\/#webpage","url":"https:\/\/chemitool.com\/es\/products\/chemicals\/sprays-es\/industria-alimentaria\/aceite-de-lubricacion-para-equipos-chemisol\/","name":"ACEITE DE LUBRICACI\u00d3N PARA EQUIPOS CHEMISOL &ndash; Chemitool","isPartOf":{"@id":"https:\/\/chemitool.com\/#website"},"primaryImageOfPage":{"@id":"https:\/\/chemitool.com\/es\/products\/chemicals\/sprays-es\/industria-alimentaria\/aceite-de-lubricacion-para-equipos-chemisol\/#primaryimage"},"datePublished":"2020-04-21T11:13:49+00:00","dateModified":"2021-11-03T16:38:32+00:00","description":"SAP: CHC010104 Aceite de Lubricaci\u00f3n para Equipos CHEMISOL es un producto de alta calidad con excelentes propiedades de penetraci\u00f3n, indicado para preservar equipos. Recomendado para utilizaci\u00f3n en la industria alimentaria de acuerdo con el registro H1 en la NSF.","breadcrumb":{"@id":"https:\/\/chemitool.com\/es\/products\/chemicals\/sprays-es\/industria-alimentaria\/aceite-de-lubricacion-para-equipos-chemisol\/#breadcrumb"},"inLanguage":"es","potentialAction":[{"@type":"ReadAction","target":["https:\/\/chemitool.com\/es\/products\/chemicals\/sprays-es\/industria-alimentaria\/aceite-de-lubricacion-para-equipos-chemisol\/"]}]},{"@type":"BreadcrumbList","@id":"https:\/\/chemitool.com\/es\/products\/chemicals\/sprays-es\/industria-alimentaria\/aceite-de-lubricacion-para-equipos-chemisol\/#breadcrumb","itemListElement":[{"@type":"ListItem","position":1,"name":"Home","item":"https:\/\/chemitool.com\/es\/"},{"@type":"ListItem","position":2,"name":"Productos","item":"https:\/\/chemitool.com\/es\/productos\/"},{"@type":"ListItem","position":3,"name":"CHEMICALS","item":"https:\/\/chemitool.com\/es\/categoria-producto\/chemicals\/"},{"@type":"ListItem","position":4,"name":"ACEITE DE LUBRICACI\u00d3N PARA EQUIPOS CHEMISOL"}]}]}},"_links":{"self":[{"href":"https:\/\/chemitool.com\/es\/wp-json\/wp\/v2\/product\/4052"}],"collection":[{"href":"https:\/\/chemitool.com\/es\/wp-json\/wp\/v2\/product"}],"about":[{"href":"https:\/\/chemitool.com\/es\/wp-json\/wp\/v2\/types\/product"}],"wp:featuredmedia":[{"embeddable":true,"href":"https:\/\/chemitool.com\/es\/wp-json\/wp\/v2\/media\/4677"}],"wp:attachment":[{"href":"https:\/\/chemitool.com\/es\/wp-json\/wp\/v2\/media?parent=4052"}],"wp:term":[{"taxonomy":"product_cat","embeddable":true,"href":"https:\/\/chemitool.com\/es\/wp-json\/wp\/v2\/product_cat?post=4052"},{"taxonomy":"product_tag","embeddable":true,"href":"https:\/\/chemitool.com\/es\/wp-json\/wp\/v2\/product_tag?post=4052"}],"curies":[{"name":"wp","href":"https:\/\/api.w.org\/{rel}","templated":true}]}}