{"id":4014,"date":"2020-04-22T11:57:50","date_gmt":"2020-04-22T11:57:50","guid":{"rendered":"https:\/\/chemitool.com\/products\/sin%20categor\u00eda\/tinta-metalizada-chemisol\/"},"modified":"2020-10-09T11:29:53","modified_gmt":"2020-10-09T11:29:53","slug":"tinta-metalizada-chemisol","status":"publish","type":"product","link":"https:\/\/chemitool.com\/es\/products\/chemicals\/sprays-es\/pinturas\/tinta-metalizada-chemisol\/","title":{"rendered":"PINTURA ACABADO METALIZADO CHEMISOL"},"content":{"rendered":"<p><strong>VENTAJAS<\/strong><\/p>\n<ul>\n<li>Secado r\u00e1pido<\/li>\n<li>Resistente al desgaste<\/li>\n<li>Resistente a influencias clim\u00e1ticas<\/li>\n<li>Excelente cobertura<\/li>\n<\/ul>\n<p><strong>INDICACIONES<\/strong><\/p>\n<p>La superficie debe estar limpia, seca y desengrasada.<br \/>\nDebe remover el barniz viejo y suelto, el \u00f3xido y lijar la superficie.<br \/>\nPara obtener el mejor efecto metalizado, aplicar una capa de imprimaci\u00f3n blanca.<br \/>\nCuando se trata de superficies de pl\u00e1stico, aplicar primero una capa de imprimaci\u00f3n para pl\u00e1stico antes de aplicar la imprimaci\u00f3n blanca. Despu\u00e9s de seco, lijar la capa de base (grano 600).<br \/>\nEl spray debe estar a la temperatura ambiente. La mejor temperatura de uso es entre 15\u00b0C y 25\u00b0C. Antes de usar, agitar la lata de spray por 2 minutos y pulverizar una muestra. La distancia de la superficie a tratar debe ser de aproximadamente 25 a 30 cent\u00edmetros.<\/p>\n","protected":false},"excerpt":{"rendered":"<p><em>Pintura Acabado Metalizado CHEMISOL <\/em>es un spray de pintura de alta calidad y secado r\u00e1pido, con efecto metalizado.<\/p>\n","protected":false},"featured_media":4796,"template":"","meta":[],"product_cat":[1209,4002,1218,1243],"product_tag":[134],"yoast_head":"<!-- This site is optimized with the Yoast SEO plugin v17.4 - https:\/\/yoast.com\/wordpress\/plugins\/seo\/ -->\n<title>PINTURA ACABADO METALIZADO CHEMISOL &ndash; Chemitool<\/title>\n<meta name=\"description\" content=\"Pintura Acabado Metalizado CHEMISOL es un spray de pintura de alta calidad y secado r\u00e1pido, con efecto metalizado.\" \/>\n<meta name=\"robots\" content=\"index, follow, max-snippet:-1, max-image-preview:large, max-video-preview:-1\" \/>\n<link rel=\"canonical\" href=\"https:\/\/chemitool.com\/es\/products\/chemicals\/sprays-es\/pinturas\/tinta-metalizada-chemisol\/\" \/>\n<meta property=\"og:locale\" content=\"es_ES\" \/>\n<meta property=\"og:type\" content=\"article\" \/>\n<meta property=\"og:title\" content=\"PINTURA ACABADO METALIZADO CHEMISOL &ndash; Chemitool\" \/>\n<meta property=\"og:description\" content=\"Pintura Acabado Metalizado CHEMISOL es un spray de pintura de alta calidad y secado r\u00e1pido, con efecto metalizado.\" \/>\n<meta property=\"og:url\" content=\"https:\/\/chemitool.com\/es\/products\/chemicals\/sprays-es\/pinturas\/tinta-metalizada-chemisol\/\" \/>\n<meta property=\"og:site_name\" content=\"Chemitool\" \/>\n<meta property=\"article:publisher\" content=\"https:\/\/www.facebook.com\/chemitool\" \/>\n<meta property=\"article:modified_time\" content=\"2020-10-09T11:29:53+00:00\" \/>\n<meta property=\"og:image\" content=\"https:\/\/chemitool.com\/wp-content\/uploads\/2020\/04\/METALLIC.png\" \/>\n\t<meta property=\"og:image:width\" content=\"800\" \/>\n\t<meta property=\"og:image:height\" content=\"800\" \/>\n<meta name=\"twitter:card\" content=\"summary_large_image\" \/>\n<meta name=\"twitter:label1\" content=\"Tiempo de lectura\" \/>\n\t<meta name=\"twitter:data1\" content=\"1 minuto\" \/>\n<script type=\"application\/ld+json\" class=\"yoast-schema-graph\">{\"@context\":\"https:\/\/schema.org\",\"@graph\":[{\"@type\":\"Organization\",\"@id\":\"https:\/\/chemitool.com\/#organization\",\"name\":\"Chemitool\",\"url\":\"https:\/\/chemitool.com\/\",\"sameAs\":[\"https:\/\/www.facebook.com\/chemitool\",\"https:\/\/www.instagram.com\/chemitool\/\"],\"logo\":{\"@type\":\"ImageObject\",\"@id\":\"https:\/\/chemitool.com\/#logo\",\"inLanguage\":\"es\",\"url\":\"https:\/\/chemitool.com\/wp-content\/uploads\/2020\/10\/logo_chemitool.png\",\"contentUrl\":\"https:\/\/chemitool.com\/wp-content\/uploads\/2020\/10\/logo_chemitool.png\",\"width\":400,\"height\":400,\"caption\":\"Chemitool\"},\"image\":{\"@id\":\"https:\/\/chemitool.com\/#logo\"}},{\"@type\":\"WebSite\",\"@id\":\"https:\/\/chemitool.com\/#website\",\"url\":\"https:\/\/chemitool.com\/\",\"name\":\"Chemitool\",\"description\":\"Chemitool - hardware and tools\",\"publisher\":{\"@id\":\"https:\/\/chemitool.com\/#organization\"},\"potentialAction\":[{\"@type\":\"SearchAction\",\"target\":{\"@type\":\"EntryPoint\",\"urlTemplate\":\"https:\/\/chemitool.com\/?s={search_term_string}\"},\"query-input\":\"required name=search_term_string\"}],\"inLanguage\":\"es\"},{\"@type\":\"ImageObject\",\"@id\":\"https:\/\/chemitool.com\/es\/products\/chemicals\/sprays-es\/pinturas\/tinta-metalizada-chemisol\/#primaryimage\",\"inLanguage\":\"es\",\"url\":\"https:\/\/chemitool.com\/wp-content\/uploads\/2020\/04\/METALLIC.png\",\"contentUrl\":\"https:\/\/chemitool.com\/wp-content\/uploads\/2020\/04\/METALLIC.png\",\"width\":800,\"height\":800},{\"@type\":\"WebPage\",\"@id\":\"https:\/\/chemitool.com\/es\/products\/chemicals\/sprays-es\/pinturas\/tinta-metalizada-chemisol\/#webpage\",\"url\":\"https:\/\/chemitool.com\/es\/products\/chemicals\/sprays-es\/pinturas\/tinta-metalizada-chemisol\/\",\"name\":\"PINTURA ACABADO METALIZADO CHEMISOL &ndash; Chemitool\",\"isPartOf\":{\"@id\":\"https:\/\/chemitool.com\/#website\"},\"primaryImageOfPage\":{\"@id\":\"https:\/\/chemitool.com\/es\/products\/chemicals\/sprays-es\/pinturas\/tinta-metalizada-chemisol\/#primaryimage\"},\"datePublished\":\"2020-04-22T11:57:50+00:00\",\"dateModified\":\"2020-10-09T11:29:53+00:00\",\"description\":\"Pintura Acabado Metalizado CHEMISOL es un spray de pintura de alta calidad y secado r\\u00e1pido, con efecto metalizado.\",\"breadcrumb\":{\"@id\":\"https:\/\/chemitool.com\/es\/products\/chemicals\/sprays-es\/pinturas\/tinta-metalizada-chemisol\/#breadcrumb\"},\"inLanguage\":\"es\",\"potentialAction\":[{\"@type\":\"ReadAction\",\"target\":[\"https:\/\/chemitool.com\/es\/products\/chemicals\/sprays-es\/pinturas\/tinta-metalizada-chemisol\/\"]}]},{\"@type\":\"BreadcrumbList\",\"@id\":\"https:\/\/chemitool.com\/es\/products\/chemicals\/sprays-es\/pinturas\/tinta-metalizada-chemisol\/#breadcrumb\",\"itemListElement\":[{\"@type\":\"ListItem\",\"position\":1,\"name\":\"Home\",\"item\":\"https:\/\/chemitool.com\/es\/\"},{\"@type\":\"ListItem\",\"position\":2,\"name\":\"Productos\",\"item\":\"https:\/\/chemitool.com\/es\/productos\/\"},{\"@type\":\"ListItem\",\"position\":3,\"name\":\"CHEMICALS\",\"item\":\"https:\/\/chemitool.com\/es\/categoria-producto\/chemicals\/\"},{\"@type\":\"ListItem\",\"position\":4,\"name\":\"PINTURA ACABADO METALIZADO CHEMISOL\"}]}]}<\/script>\n<!-- \/ Yoast SEO plugin. -->","yoast_head_json":{"title":"PINTURA ACABADO METALIZADO CHEMISOL &ndash; Chemitool","description":"Pintura Acabado Metalizado CHEMISOL es un spray de pintura de alta calidad y secado r\u00e1pido, con efecto metalizado.","robots":{"index":"index","follow":"follow","max-snippet":"max-snippet:-1","max-image-preview":"max-image-preview:large","max-video-preview":"max-video-preview:-1"},"canonical":"https:\/\/chemitool.com\/es\/products\/chemicals\/sprays-es\/pinturas\/tinta-metalizada-chemisol\/","og_locale":"es_ES","og_type":"article","og_title":"PINTURA ACABADO METALIZADO CHEMISOL &ndash; Chemitool","og_description":"Pintura Acabado Metalizado CHEMISOL es un spray de pintura de alta calidad y secado r\u00e1pido, con efecto metalizado.","og_url":"https:\/\/chemitool.com\/es\/products\/chemicals\/sprays-es\/pinturas\/tinta-metalizada-chemisol\/","og_site_name":"Chemitool","article_publisher":"https:\/\/www.facebook.com\/chemitool","article_modified_time":"2020-10-09T11:29:53+00:00","og_image":[{"width":800,"height":800,"url":"https:\/\/chemitool.com\/wp-content\/uploads\/2020\/04\/METALLIC.png","type":"image\/png"}],"twitter_card":"summary_large_image","twitter_misc":{"Tiempo de lectura":"1 minuto"},"schema":{"@context":"https:\/\/schema.org","@graph":[{"@type":"Organization","@id":"https:\/\/chemitool.com\/#organization","name":"Chemitool","url":"https:\/\/chemitool.com\/","sameAs":["https:\/\/www.facebook.com\/chemitool","https:\/\/www.instagram.com\/chemitool\/"],"logo":{"@type":"ImageObject","@id":"https:\/\/chemitool.com\/#logo","inLanguage":"es","url":"https:\/\/chemitool.com\/wp-content\/uploads\/2020\/10\/logo_chemitool.png","contentUrl":"https:\/\/chemitool.com\/wp-content\/uploads\/2020\/10\/logo_chemitool.png","width":400,"height":400,"caption":"Chemitool"},"image":{"@id":"https:\/\/chemitool.com\/#logo"}},{"@type":"WebSite","@id":"https:\/\/chemitool.com\/#website","url":"https:\/\/chemitool.com\/","name":"Chemitool","description":"Chemitool - hardware and tools","publisher":{"@id":"https:\/\/chemitool.com\/#organization"},"potentialAction":[{"@type":"SearchAction","target":{"@type":"EntryPoint","urlTemplate":"https:\/\/chemitool.com\/?s={search_term_string}"},"query-input":"required name=search_term_string"}],"inLanguage":"es"},{"@type":"ImageObject","@id":"https:\/\/chemitool.com\/es\/products\/chemicals\/sprays-es\/pinturas\/tinta-metalizada-chemisol\/#primaryimage","inLanguage":"es","url":"https:\/\/chemitool.com\/wp-content\/uploads\/2020\/04\/METALLIC.png","contentUrl":"https:\/\/chemitool.com\/wp-content\/uploads\/2020\/04\/METALLIC.png","width":800,"height":800},{"@type":"WebPage","@id":"https:\/\/chemitool.com\/es\/products\/chemicals\/sprays-es\/pinturas\/tinta-metalizada-chemisol\/#webpage","url":"https:\/\/chemitool.com\/es\/products\/chemicals\/sprays-es\/pinturas\/tinta-metalizada-chemisol\/","name":"PINTURA ACABADO METALIZADO CHEMISOL &ndash; Chemitool","isPartOf":{"@id":"https:\/\/chemitool.com\/#website"},"primaryImageOfPage":{"@id":"https:\/\/chemitool.com\/es\/products\/chemicals\/sprays-es\/pinturas\/tinta-metalizada-chemisol\/#primaryimage"},"datePublished":"2020-04-22T11:57:50+00:00","dateModified":"2020-10-09T11:29:53+00:00","description":"Pintura Acabado Metalizado CHEMISOL es un spray de pintura de alta calidad y secado r\u00e1pido, con efecto metalizado.","breadcrumb":{"@id":"https:\/\/chemitool.com\/es\/products\/chemicals\/sprays-es\/pinturas\/tinta-metalizada-chemisol\/#breadcrumb"},"inLanguage":"es","potentialAction":[{"@type":"ReadAction","target":["https:\/\/chemitool.com\/es\/products\/chemicals\/sprays-es\/pinturas\/tinta-metalizada-chemisol\/"]}]},{"@type":"BreadcrumbList","@id":"https:\/\/chemitool.com\/es\/products\/chemicals\/sprays-es\/pinturas\/tinta-metalizada-chemisol\/#breadcrumb","itemListElement":[{"@type":"ListItem","position":1,"name":"Home","item":"https:\/\/chemitool.com\/es\/"},{"@type":"ListItem","position":2,"name":"Productos","item":"https:\/\/chemitool.com\/es\/productos\/"},{"@type":"ListItem","position":3,"name":"CHEMICALS","item":"https:\/\/chemitool.com\/es\/categoria-producto\/chemicals\/"},{"@type":"ListItem","position":4,"name":"PINTURA ACABADO METALIZADO CHEMISOL"}]}]}},"_links":{"self":[{"href":"https:\/\/chemitool.com\/es\/wp-json\/wp\/v2\/product\/4014"}],"collection":[{"href":"https:\/\/chemitool.com\/es\/wp-json\/wp\/v2\/product"}],"about":[{"href":"https:\/\/chemitool.com\/es\/wp-json\/wp\/v2\/types\/product"}],"wp:featuredmedia":[{"embeddable":true,"href":"https:\/\/chemitool.com\/es\/wp-json\/wp\/v2\/media\/4796"}],"wp:attachment":[{"href":"https:\/\/chemitool.com\/es\/wp-json\/wp\/v2\/media?parent=4014"}],"wp:term":[{"taxonomy":"product_cat","embeddable":true,"href":"https:\/\/chemitool.com\/es\/wp-json\/wp\/v2\/product_cat?post=4014"},{"taxonomy":"product_tag","embeddable":true,"href":"https:\/\/chemitool.com\/es\/wp-json\/wp\/v2\/product_tag?post=4014"}],"curies":[{"name":"wp","href":"https:\/\/api.w.org\/{rel}","templated":true}]}}