{"id":4006,"date":"2020-04-21T13:43:33","date_gmt":"2020-04-21T13:43:33","guid":{"rendered":"https:\/\/chemitool.com\/products\/sin%20categor\u00eda\/spray-massa-de-cobre-chemisol\/"},"modified":"2022-07-15T08:22:04","modified_gmt":"2022-07-15T08:22:04","slug":"spray-pasta-de-cobre-chemisol","status":"publish","type":"product","link":"https:\/\/chemitool.com\/es\/products\/chemicals\/lubrificacion\/sprays-de-lubricacion\/spray-pasta-de-cobre-chemisol\/","title":{"rendered":"SPRAY PASTA DE COBRE CHEMISOL"},"content":{"rendered":"<p><strong>VENTAJAS<\/strong><\/p>\n<ul>\n<li>Calidad profesional<\/li>\n<li>Excelente estabilidad mec\u00e1nica y t\u00e9rmica<\/li>\n<li>Excelente adherencia, evita el desgaste y el agarrotamiento<\/li>\n<li>Resistente a la intemperie y evita la corrosi\u00f3n<\/li>\n<li>Simplifica la futura retirada para el mantenimiento<\/li>\n<li>Resistente a los \u00e1cidos d\u00e9biles y b\u00e1sicos<\/li>\n<li>La pel\u00edcula protectora de cobre es conductora y, por tanto, facilita el contacto<br \/>\ncon la grasa<\/li>\n<li>Pulverizaci\u00f3n directa<\/li>\n<\/ul>\n<p><strong>INDICACIONES<\/strong><\/p>\n<p>Antes de utilizarlo, agitar en\u00e9rgicamente la lata, que debe estar a temperatura ambiente. La temperatura \u00f3ptima de trabajo est\u00e1 entre 5\u00b0C y 30\u00b0C.<\/p>\n","protected":false},"excerpt":{"rendered":"<p><b class=\"sap-label\">SAP:<\/b> <span class=\"codesap-label\">CHC080102<\/span><\/p>\n<p><em>Spray Pasta de Cobre CHEMISOL <\/em>de alta calidad, es un producto con una alta concentraci\u00f3n de cobre, dise\u00f1ado para proteger las uniones atornilladas sometidas a temperaturas extremadamente altas (hasta 1100\u00b0C), evitando el desgaste y el agarrotamiento.<\/p>\n","protected":false},"featured_media":25205,"template":"","meta":[],"product_cat":[1209,3985,4309,1218,1247],"product_tag":[138],"yoast_head":"<!-- This site is optimized with the Yoast SEO plugin v17.4 - https:\/\/yoast.com\/wordpress\/plugins\/seo\/ -->\n<title>SPRAY PASTA DE COBRE CHEMISOL &ndash; Chemitool<\/title>\n<meta name=\"description\" content=\"SAP: CHC080102  Spray Pasta de Cobre CHEMISOL de alta calidad, es un producto con una alta concentraci\u00f3n de cobre, dise\u00f1ado para proteger las uniones atornilladas sometidas a temperaturas extremadamente altas (hasta 1100\u00b0C), evitando el desgaste y el agarrotamiento.\" \/>\n<meta name=\"robots\" content=\"index, follow, max-snippet:-1, max-image-preview:large, max-video-preview:-1\" \/>\n<link rel=\"canonical\" href=\"https:\/\/chemitool.com\/es\/products\/chemicals\/lubrificacion\/sprays-de-lubricacion\/spray-pasta-de-cobre-chemisol\/\" \/>\n<meta property=\"og:locale\" content=\"es_ES\" \/>\n<meta property=\"og:type\" content=\"article\" \/>\n<meta property=\"og:title\" content=\"SPRAY PASTA DE COBRE CHEMISOL &ndash; Chemitool\" \/>\n<meta property=\"og:description\" content=\"SAP: CHC080102  Spray Pasta de Cobre CHEMISOL de alta calidad, es un producto con una alta concentraci\u00f3n de cobre, dise\u00f1ado para proteger las uniones atornilladas sometidas a temperaturas extremadamente altas (hasta 1100\u00b0C), evitando el desgaste y el agarrotamiento.\" \/>\n<meta property=\"og:url\" content=\"https:\/\/chemitool.com\/es\/products\/chemicals\/lubrificacion\/sprays-de-lubricacion\/spray-pasta-de-cobre-chemisol\/\" \/>\n<meta property=\"og:site_name\" content=\"Chemitool\" \/>\n<meta property=\"article:publisher\" content=\"https:\/\/www.facebook.com\/chemitool\" \/>\n<meta property=\"article:modified_time\" content=\"2022-07-15T08:22:04+00:00\" \/>\n<meta property=\"og:image\" content=\"https:\/\/chemitool.com\/wp-content\/uploads\/2022\/07\/CHC08010_COPPER_GREASE.png\" \/>\n\t<meta property=\"og:image:width\" content=\"800\" \/>\n\t<meta property=\"og:image:height\" content=\"800\" \/>\n<meta name=\"twitter:card\" content=\"summary_large_image\" \/>\n<script type=\"application\/ld+json\" class=\"yoast-schema-graph\">{\"@context\":\"https:\/\/schema.org\",\"@graph\":[{\"@type\":\"Organization\",\"@id\":\"https:\/\/chemitool.com\/#organization\",\"name\":\"Chemitool\",\"url\":\"https:\/\/chemitool.com\/\",\"sameAs\":[\"https:\/\/www.facebook.com\/chemitool\",\"https:\/\/www.instagram.com\/chemitool\/\"],\"logo\":{\"@type\":\"ImageObject\",\"@id\":\"https:\/\/chemitool.com\/#logo\",\"inLanguage\":\"es\",\"url\":\"https:\/\/chemitool.com\/wp-content\/uploads\/2020\/10\/logo_chemitool.png\",\"contentUrl\":\"https:\/\/chemitool.com\/wp-content\/uploads\/2020\/10\/logo_chemitool.png\",\"width\":400,\"height\":400,\"caption\":\"Chemitool\"},\"image\":{\"@id\":\"https:\/\/chemitool.com\/#logo\"}},{\"@type\":\"WebSite\",\"@id\":\"https:\/\/chemitool.com\/#website\",\"url\":\"https:\/\/chemitool.com\/\",\"name\":\"Chemitool\",\"description\":\"Chemitool - hardware and tools\",\"publisher\":{\"@id\":\"https:\/\/chemitool.com\/#organization\"},\"potentialAction\":[{\"@type\":\"SearchAction\",\"target\":{\"@type\":\"EntryPoint\",\"urlTemplate\":\"https:\/\/chemitool.com\/?s={search_term_string}\"},\"query-input\":\"required name=search_term_string\"}],\"inLanguage\":\"es\"},{\"@type\":\"ImageObject\",\"@id\":\"https:\/\/chemitool.com\/es\/products\/chemicals\/lubrificacion\/sprays-de-lubricacion\/spray-pasta-de-cobre-chemisol\/#primaryimage\",\"inLanguage\":\"es\",\"url\":\"https:\/\/chemitool.com\/wp-content\/uploads\/2022\/07\/CHC08010_COPPER_GREASE.png\",\"contentUrl\":\"https:\/\/chemitool.com\/wp-content\/uploads\/2022\/07\/CHC08010_COPPER_GREASE.png\",\"width\":800,\"height\":800},{\"@type\":\"WebPage\",\"@id\":\"https:\/\/chemitool.com\/es\/products\/chemicals\/lubrificacion\/sprays-de-lubricacion\/spray-pasta-de-cobre-chemisol\/#webpage\",\"url\":\"https:\/\/chemitool.com\/es\/products\/chemicals\/lubrificacion\/sprays-de-lubricacion\/spray-pasta-de-cobre-chemisol\/\",\"name\":\"SPRAY PASTA DE COBRE CHEMISOL &ndash; Chemitool\",\"isPartOf\":{\"@id\":\"https:\/\/chemitool.com\/#website\"},\"primaryImageOfPage\":{\"@id\":\"https:\/\/chemitool.com\/es\/products\/chemicals\/lubrificacion\/sprays-de-lubricacion\/spray-pasta-de-cobre-chemisol\/#primaryimage\"},\"datePublished\":\"2020-04-21T13:43:33+00:00\",\"dateModified\":\"2022-07-15T08:22:04+00:00\",\"description\":\"SAP: CHC080102 Spray Pasta de Cobre CHEMISOL de alta calidad, es un producto con una alta concentraci\\u00f3n de cobre, dise\\u00f1ado para proteger las uniones atornilladas sometidas a temperaturas extremadamente altas (hasta 1100\\u00b0C), evitando el desgaste y el agarrotamiento.\",\"breadcrumb\":{\"@id\":\"https:\/\/chemitool.com\/es\/products\/chemicals\/lubrificacion\/sprays-de-lubricacion\/spray-pasta-de-cobre-chemisol\/#breadcrumb\"},\"inLanguage\":\"es\",\"potentialAction\":[{\"@type\":\"ReadAction\",\"target\":[\"https:\/\/chemitool.com\/es\/products\/chemicals\/lubrificacion\/sprays-de-lubricacion\/spray-pasta-de-cobre-chemisol\/\"]}]},{\"@type\":\"BreadcrumbList\",\"@id\":\"https:\/\/chemitool.com\/es\/products\/chemicals\/lubrificacion\/sprays-de-lubricacion\/spray-pasta-de-cobre-chemisol\/#breadcrumb\",\"itemListElement\":[{\"@type\":\"ListItem\",\"position\":1,\"name\":\"Home\",\"item\":\"https:\/\/chemitool.com\/es\/\"},{\"@type\":\"ListItem\",\"position\":2,\"name\":\"Productos\",\"item\":\"https:\/\/chemitool.com\/es\/productos\/\"},{\"@type\":\"ListItem\",\"position\":3,\"name\":\"CHEMICALS\",\"item\":\"https:\/\/chemitool.com\/es\/categoria-producto\/chemicals\/\"},{\"@type\":\"ListItem\",\"position\":4,\"name\":\"SPRAY PASTA DE COBRE CHEMISOL\"}]}]}<\/script>\n<!-- \/ Yoast SEO plugin. -->","yoast_head_json":{"title":"SPRAY PASTA DE COBRE CHEMISOL &ndash; Chemitool","description":"SAP: CHC080102  Spray Pasta de Cobre CHEMISOL de alta calidad, es un producto con una alta concentraci\u00f3n de cobre, dise\u00f1ado para proteger las uniones atornilladas sometidas a temperaturas extremadamente altas (hasta 1100\u00b0C), evitando el desgaste y el agarrotamiento.","robots":{"index":"index","follow":"follow","max-snippet":"max-snippet:-1","max-image-preview":"max-image-preview:large","max-video-preview":"max-video-preview:-1"},"canonical":"https:\/\/chemitool.com\/es\/products\/chemicals\/lubrificacion\/sprays-de-lubricacion\/spray-pasta-de-cobre-chemisol\/","og_locale":"es_ES","og_type":"article","og_title":"SPRAY PASTA DE COBRE CHEMISOL &ndash; Chemitool","og_description":"SAP: CHC080102  Spray Pasta de Cobre CHEMISOL de alta calidad, es un producto con una alta concentraci\u00f3n de cobre, dise\u00f1ado para proteger las uniones atornilladas sometidas a temperaturas extremadamente altas (hasta 1100\u00b0C), evitando el desgaste y el agarrotamiento.","og_url":"https:\/\/chemitool.com\/es\/products\/chemicals\/lubrificacion\/sprays-de-lubricacion\/spray-pasta-de-cobre-chemisol\/","og_site_name":"Chemitool","article_publisher":"https:\/\/www.facebook.com\/chemitool","article_modified_time":"2022-07-15T08:22:04+00:00","og_image":[{"width":800,"height":800,"url":"https:\/\/chemitool.com\/wp-content\/uploads\/2022\/07\/CHC08010_COPPER_GREASE.png","type":"image\/png"}],"twitter_card":"summary_large_image","schema":{"@context":"https:\/\/schema.org","@graph":[{"@type":"Organization","@id":"https:\/\/chemitool.com\/#organization","name":"Chemitool","url":"https:\/\/chemitool.com\/","sameAs":["https:\/\/www.facebook.com\/chemitool","https:\/\/www.instagram.com\/chemitool\/"],"logo":{"@type":"ImageObject","@id":"https:\/\/chemitool.com\/#logo","inLanguage":"es","url":"https:\/\/chemitool.com\/wp-content\/uploads\/2020\/10\/logo_chemitool.png","contentUrl":"https:\/\/chemitool.com\/wp-content\/uploads\/2020\/10\/logo_chemitool.png","width":400,"height":400,"caption":"Chemitool"},"image":{"@id":"https:\/\/chemitool.com\/#logo"}},{"@type":"WebSite","@id":"https:\/\/chemitool.com\/#website","url":"https:\/\/chemitool.com\/","name":"Chemitool","description":"Chemitool - hardware and tools","publisher":{"@id":"https:\/\/chemitool.com\/#organization"},"potentialAction":[{"@type":"SearchAction","target":{"@type":"EntryPoint","urlTemplate":"https:\/\/chemitool.com\/?s={search_term_string}"},"query-input":"required name=search_term_string"}],"inLanguage":"es"},{"@type":"ImageObject","@id":"https:\/\/chemitool.com\/es\/products\/chemicals\/lubrificacion\/sprays-de-lubricacion\/spray-pasta-de-cobre-chemisol\/#primaryimage","inLanguage":"es","url":"https:\/\/chemitool.com\/wp-content\/uploads\/2022\/07\/CHC08010_COPPER_GREASE.png","contentUrl":"https:\/\/chemitool.com\/wp-content\/uploads\/2022\/07\/CHC08010_COPPER_GREASE.png","width":800,"height":800},{"@type":"WebPage","@id":"https:\/\/chemitool.com\/es\/products\/chemicals\/lubrificacion\/sprays-de-lubricacion\/spray-pasta-de-cobre-chemisol\/#webpage","url":"https:\/\/chemitool.com\/es\/products\/chemicals\/lubrificacion\/sprays-de-lubricacion\/spray-pasta-de-cobre-chemisol\/","name":"SPRAY PASTA DE COBRE CHEMISOL &ndash; Chemitool","isPartOf":{"@id":"https:\/\/chemitool.com\/#website"},"primaryImageOfPage":{"@id":"https:\/\/chemitool.com\/es\/products\/chemicals\/lubrificacion\/sprays-de-lubricacion\/spray-pasta-de-cobre-chemisol\/#primaryimage"},"datePublished":"2020-04-21T13:43:33+00:00","dateModified":"2022-07-15T08:22:04+00:00","description":"SAP: CHC080102 Spray Pasta de Cobre CHEMISOL de alta calidad, es un producto con una alta concentraci\u00f3n de cobre, dise\u00f1ado para proteger las uniones atornilladas sometidas a temperaturas extremadamente altas (hasta 1100\u00b0C), evitando el desgaste y el agarrotamiento.","breadcrumb":{"@id":"https:\/\/chemitool.com\/es\/products\/chemicals\/lubrificacion\/sprays-de-lubricacion\/spray-pasta-de-cobre-chemisol\/#breadcrumb"},"inLanguage":"es","potentialAction":[{"@type":"ReadAction","target":["https:\/\/chemitool.com\/es\/products\/chemicals\/lubrificacion\/sprays-de-lubricacion\/spray-pasta-de-cobre-chemisol\/"]}]},{"@type":"BreadcrumbList","@id":"https:\/\/chemitool.com\/es\/products\/chemicals\/lubrificacion\/sprays-de-lubricacion\/spray-pasta-de-cobre-chemisol\/#breadcrumb","itemListElement":[{"@type":"ListItem","position":1,"name":"Home","item":"https:\/\/chemitool.com\/es\/"},{"@type":"ListItem","position":2,"name":"Productos","item":"https:\/\/chemitool.com\/es\/productos\/"},{"@type":"ListItem","position":3,"name":"CHEMICALS","item":"https:\/\/chemitool.com\/es\/categoria-producto\/chemicals\/"},{"@type":"ListItem","position":4,"name":"SPRAY PASTA DE COBRE CHEMISOL"}]}]}},"_links":{"self":[{"href":"https:\/\/chemitool.com\/es\/wp-json\/wp\/v2\/product\/4006"}],"collection":[{"href":"https:\/\/chemitool.com\/es\/wp-json\/wp\/v2\/product"}],"about":[{"href":"https:\/\/chemitool.com\/es\/wp-json\/wp\/v2\/types\/product"}],"wp:featuredmedia":[{"embeddable":true,"href":"https:\/\/chemitool.com\/es\/wp-json\/wp\/v2\/media\/25205"}],"wp:attachment":[{"href":"https:\/\/chemitool.com\/es\/wp-json\/wp\/v2\/media?parent=4006"}],"wp:term":[{"taxonomy":"product_cat","embeddable":true,"href":"https:\/\/chemitool.com\/es\/wp-json\/wp\/v2\/product_cat?post=4006"},{"taxonomy":"product_tag","embeddable":true,"href":"https:\/\/chemitool.com\/es\/wp-json\/wp\/v2\/product_tag?post=4006"}],"curies":[{"name":"wp","href":"https:\/\/api.w.org\/{rel}","templated":true}]}}